{"id":4510,"date":"2025-10-11T16:42:06","date_gmt":"2025-10-11T14:42:06","guid":{"rendered":"https:\/\/www.kogabau.sk\/klice\/"},"modified":"2025-11-26T09:32:56","modified_gmt":"2025-11-26T08:32:56","slug":"klice","status":"publish","type":"page","link":"https:\/\/www.kogabau.sk\/cs\/klice\/","title":{"rendered":"Kl\u00ed\u010de"},"content":{"rendered":"\t\t<div data-elementor-type=\"wp-page\" data-elementor-id=\"4510\" class=\"elementor elementor-4510 elementor-874\" data-elementor-post-type=\"page\">\n\t\t\t\t\t\t<section class=\"elementor-section elementor-top-section elementor-element elementor-element-28130f5 elementor-section-boxed elementor-section-height-default elementor-section-height-default\" data-id=\"28130f5\" data-element_type=\"section\" data-settings=\"{&quot;background_background&quot;:&quot;classic&quot;}\">\n\t\t\t\t\t\t<div class=\"elementor-container elementor-column-gap-default\">\n\t\t\t\t\t<div class=\"elementor-column elementor-col-100 elementor-top-column elementor-element elementor-element-724cd9d\" data-id=\"724cd9d\" data-element_type=\"column\">\n\t\t\t<div class=\"elementor-widget-wrap elementor-element-populated\">\n\t\t\t\t\t\t<div class=\"elementor-element elementor-element-e809b96 elementor-widget elementor-widget-spacer\" data-id=\"e809b96\" data-element_type=\"widget\" data-widget_type=\"spacer.default\">\n\t\t\t\t<div class=\"elementor-widget-container\">\n\t\t\t\t\t\t\t<div class=\"elementor-spacer\">\n\t\t\t<div class=\"elementor-spacer-inner\"><\/div>\n\t\t<\/div>\n\t\t\t\t\t\t<\/div>\n\t\t\t\t<\/div>\n\t\t\t\t<div class=\"elementor-element elementor-element-fe17acc elementor-widget elementor-widget-heading\" data-id=\"fe17acc\" data-element_type=\"widget\" data-widget_type=\"heading.default\">\n\t\t\t\t<div class=\"elementor-widget-container\">\n\t\t\t\t\t<h1 class=\"elementor-heading-title elementor-size-default\">Kl\u00ed\u010de<\/h1>\t\t\t\t<\/div>\n\t\t\t\t<\/div>\n\t\t\t\t\t<\/div>\n\t\t<\/div>\n\t\t\t\t\t<\/div>\n\t\t<\/section>\n\t\t\t\t<section class=\"elementor-section elementor-top-section elementor-element elementor-element-dc06cf9 elementor-section-boxed elementor-section-height-default elementor-section-height-default\" data-id=\"dc06cf9\" data-element_type=\"section\" data-settings=\"{&quot;background_background&quot;:&quot;classic&quot;}\">\n\t\t\t\t\t\t<div class=\"elementor-container elementor-column-gap-default\">\n\t\t\t\t\t<div class=\"elementor-column elementor-col-50 elementor-top-column elementor-element elementor-element-bf10233\" data-id=\"bf10233\" data-element_type=\"column\">\n\t\t\t<div class=\"elementor-widget-wrap elementor-element-populated\">\n\t\t\t\t\t\t<div class=\"elementor-element elementor-element-c1ac4c0 elementor-widget elementor-widget-heading\" data-id=\"c1ac4c0\" data-element_type=\"widget\" data-widget_type=\"heading.default\">\n\t\t\t\t<div class=\"elementor-widget-container\">\n\t\t\t\t\t<h2 class=\"elementor-heading-title elementor-size-default\">Multifunk\u010dn\u00ed ru\u010dn\u00ed<br> litinov\u00fd kl\u00ed\u010d<\/h2>\t\t\t\t<\/div>\n\t\t\t\t<\/div>\n\t\t\t\t<div class=\"elementor-element elementor-element-339235f elementor-widget elementor-widget-text-editor\" data-id=\"339235f\" data-element_type=\"widget\" data-widget_type=\"text-editor.default\">\n\t\t\t\t<div class=\"elementor-widget-container\">\n\t\t\t\t\t\t\t\t\t<p>Multifunk\u010dn\u00ed ru\u010dn\u00ed litinov\u00fd kl\u00ed\u010d usnad\u0148uj\u00edc\u00ed otev\u00edr\u00e1n\u00ed m\u0159\u00ed\u017e\u00ed a poklop\u016f ve tvaru kladiva. Tento v\u00fdrobek umo\u017e\u0148uje:<\/p><p>a. Od\u0161roubov\u00e1v\u00e1n\u00ed \u010dty\u0159hrann\u00fdch \u0161roub\u016f, d\u00edky zakon\u010den\u00ed rukojeti kl\u00ed\u010de<br \/>b. Od\u0161roubov\u00e1v\u00e1n\u00ed \u0161roub\u016f s vnit\u0159n\u00edm \u010dty\u0159hranem, d\u00edky nezaost\u0159en\u00e9 \u010d\u00e1sti kl\u00ed\u010de<br \/>c. Pou\u017eit\u00ed jako p\u00e1ka pro zved\u00e1n\u00ed m\u0159\u00ed\u017e\u00ed a poklop\u016f, d\u00edky zaost\u0159en\u00e9mu konci<\/p>\t\t\t\t\t\t\t\t<\/div>\n\t\t\t\t<\/div>\n\t\t\t\t\t<\/div>\n\t\t<\/div>\n\t\t\t\t<div class=\"elementor-column elementor-col-50 elementor-top-column elementor-element elementor-element-e34eaab\" data-id=\"e34eaab\" data-element_type=\"column\">\n\t\t\t<div class=\"elementor-widget-wrap elementor-element-populated\">\n\t\t\t\t\t\t<div class=\"elementor-element elementor-element-2036c4c elementor-widget elementor-widget-image\" data-id=\"2036c4c\" data-element_type=\"widget\" data-widget_type=\"image.default\">\n\t\t\t\t<div class=\"elementor-widget-container\">\n\t\t\t\t\t\t\t\t\t\t\t\t\t\t\t<img fetchpriority=\"high\" decoding=\"async\" width=\"477\" height=\"370\" src=\"https:\/\/www.kogabau.sk\/wp-content\/uploads\/2025\/10\/image-65.png\" class=\"attachment-full size-full wp-image-4508\" alt=\"\" srcset=\"https:\/\/www.kogabau.sk\/wp-content\/uploads\/2025\/10\/image-65.png 477w, https:\/\/www.kogabau.sk\/wp-content\/uploads\/2025\/10\/image-65-300x233.png 300w\" sizes=\"(max-width: 477px) 100vw, 477px\" \/>\t\t\t\t\t\t\t\t\t\t\t\t\t\t\t<\/div>\n\t\t\t\t<\/div>\n\t\t\t\t\t<\/div>\n\t\t<\/div>\n\t\t\t\t\t<\/div>\n\t\t<\/section>\n\t\t\t\t<section class=\"elementor-section elementor-top-section elementor-element elementor-element-8d029a9 elementor-section-boxed elementor-section-height-default elementor-section-height-default\" data-id=\"8d029a9\" data-element_type=\"section\" data-settings=\"{&quot;background_background&quot;:&quot;classic&quot;}\">\n\t\t\t\t\t\t<div class=\"elementor-container elementor-column-gap-default\">\n\t\t\t\t\t<div class=\"elementor-column elementor-col-50 elementor-top-column elementor-element elementor-element-9dd7e92\" data-id=\"9dd7e92\" data-element_type=\"column\">\n\t\t\t<div class=\"elementor-widget-wrap elementor-element-populated\">\n\t\t\t\t\t\t<div class=\"elementor-element elementor-element-e7659de elementor-widget elementor-widget-heading\" data-id=\"e7659de\" data-element_type=\"widget\" data-widget_type=\"heading.default\">\n\t\t\t\t<div class=\"elementor-widget-container\">\n\t\t\t\t\t<h2 class=\"elementor-heading-title elementor-size-default\">Multifunk\u010dn\u00ed ru\u010dn\u00ed <br>ocelov\u00fd kl\u00ed\u010d<\/h2>\t\t\t\t<\/div>\n\t\t\t\t<\/div>\n\t\t\t\t<div class=\"elementor-element elementor-element-e576f13 elementor-widget elementor-widget-text-editor\" data-id=\"e576f13\" data-element_type=\"widget\" data-widget_type=\"text-editor.default\">\n\t\t\t\t<div class=\"elementor-widget-container\">\n\t\t\t\t\t\t\t\t\t<p>Multifunk\u010dn\u00ed ru\u010dn\u00ed ocelov\u00fd kl\u00ed\u010d usnad\u0148uj\u00edc\u00ed otev\u00edr\u00e1n\u00ed m\u0159\u00ed\u017e\u00ed a poklop\u016f ve tvaru kladiva. Tento v\u00fdrobek umo\u017e\u0148uje:<br><br>a. Od\u0161roubov\u00e1v\u00e1n\u00ed imbusov\u00fdch \u0161roub\u016f M16 DIN 912 s vnit\u0159n\u00edm \u0161estihranem, d\u00edky nezaost\u0159en\u00e9 \u010d\u00e1sti kl\u00ed\u010de<br>b. Zved\u00e1n\u00ed poklop\u016f a m\u0159\u00ed\u017e\u00ed vybaven\u00fdch l\u016f\u017ekem pro kl\u00ed\u010d, d\u00edky zakon\u010den\u00ed rukojeti kl\u00ed\u010de<br>c. Pou\u017eit\u00ed jako p\u00e1ka pro zved\u00e1n\u00ed m\u0159\u00ed\u017e\u00ed a poklop\u016f, d\u00edky zaost\u0159en\u00e9mu konci<\/p>\t\t\t\t\t\t\t\t<\/div>\n\t\t\t\t<\/div>\n\t\t\t\t\t<\/div>\n\t\t<\/div>\n\t\t\t\t<div class=\"elementor-column elementor-col-50 elementor-top-column elementor-element elementor-element-a113d54\" data-id=\"a113d54\" data-element_type=\"column\">\n\t\t\t<div class=\"elementor-widget-wrap elementor-element-populated\">\n\t\t\t\t\t\t<div class=\"elementor-element elementor-element-54bea42 elementor-widget elementor-widget-image\" data-id=\"54bea42\" data-element_type=\"widget\" data-widget_type=\"image.default\">\n\t\t\t\t<div class=\"elementor-widget-container\">\n\t\t\t\t\t\t\t\t\t\t\t\t\t\t\t<img decoding=\"async\" width=\"480\" height=\"367\" src=\"https:\/\/www.kogabau.sk\/wp-content\/uploads\/2025\/10\/image-66-1.png\" class=\"attachment-full size-full wp-image-4509\" alt=\"\" srcset=\"https:\/\/www.kogabau.sk\/wp-content\/uploads\/2025\/10\/image-66-1.png 480w, https:\/\/www.kogabau.sk\/wp-content\/uploads\/2025\/10\/image-66-1-300x229.png 300w\" sizes=\"(max-width: 480px) 100vw, 480px\" \/>\t\t\t\t\t\t\t\t\t\t\t\t\t\t\t<\/div>\n\t\t\t\t<\/div>\n\t\t\t\t\t<\/div>\n\t\t<\/div>\n\t\t\t\t\t<\/div>\n\t\t<\/section>\n\t\t\t\t<\/div>\n\t\t","protected":false},"excerpt":{"rendered":"<p>Kl\u00ed\u010de Multifunk\u010dn\u00ed ru\u010dn\u00ed litinov\u00fd kl\u00ed\u010d Multifunk\u010dn\u00ed ru\u010dn\u00ed litinov\u00fd kl\u00ed\u010d usnad\u0148uj\u00edc\u00ed otev\u00edr\u00e1n\u00ed m\u0159\u00ed\u017e\u00ed a poklop\u016f ve tvaru kladiva. Tento v\u00fdrobek umo\u017e\u0148uje: a. Od\u0161roubov\u00e1v\u00e1n\u00ed \u010dty\u0159hrann\u00fdch \u0161roub\u016f, d\u00edky zakon\u010den\u00ed rukojeti kl\u00ed\u010deb. Od\u0161roubov\u00e1v\u00e1n\u00ed \u0161roub\u016f s vnit\u0159n\u00edm \u010dty\u0159hranem, d\u00edky nezaost\u0159en\u00e9 \u010d\u00e1sti kl\u00ed\u010dec. Pou\u017eit\u00ed jako p\u00e1ka pro zved\u00e1n\u00ed m\u0159\u00ed\u017e\u00ed a poklop\u016f, d\u00edky zaost\u0159en\u00e9mu konci Multifunk\u010dn\u00ed ru\u010dn\u00ed ocelov\u00fd kl\u00ed\u010d Multifunk\u010dn\u00ed ru\u010dn\u00ed ocelov\u00fd [&hellip;]<\/p>\n","protected":false},"author":15,"featured_media":0,"parent":0,"menu_order":0,"comment_status":"closed","ping_status":"closed","template":"","meta":{"footnotes":""},"class_list":["post-4510","page","type-page","status-publish","hentry"],"yoast_head":"<!-- This site is optimized with the Yoast SEO plugin v26.2 - https:\/\/yoast.com\/wordpress\/plugins\/seo\/ -->\n<title>Multifunk\u010dn\u00ed ru\u010dn\u00ed kl\u00ed\u010de \u2013 litinov\u00e9 a ocelov\u00e9 pro m\u0159\u00ed\u017ee a poklopy | KOGA Bau<\/title>\n<meta name=\"description\" content=\"Multifunk\u010dn\u00ed ru\u010dn\u00ed kl\u00ed\u010de KOGA Bau (litinov\u00e9 a ocelov\u00e9) usnad\u0148uj\u00ed otev\u00edr\u00e1n\u00ed m\u0159\u00ed\u017e\u00ed a poklop\u016f. Od\u0161roubov\u00e1n\u00ed \u0161roub\u016f, zved\u00e1n\u00ed poklop\u016f a pou\u017eit\u00ed jako p\u00e1ka v jednom praktick\u00e9m n\u00e1stroji.\" \/>\n<meta name=\"robots\" content=\"index, follow, max-snippet:-1, max-image-preview:large, max-video-preview:-1\" \/>\n<link rel=\"canonical\" href=\"https:\/\/www.kogabau.sk\/cs\/klice\/\" \/>\n<meta property=\"og:locale\" content=\"cs_CZ\" \/>\n<meta property=\"og:type\" content=\"article\" \/>\n<meta property=\"og:title\" content=\"Multifunk\u010dn\u00ed ru\u010dn\u00ed kl\u00ed\u010de \u2013 litinov\u00e9 a ocelov\u00e9 pro m\u0159\u00ed\u017ee a poklopy | KOGA Bau\" \/>\n<meta property=\"og:description\" content=\"Multifunk\u010dn\u00ed ru\u010dn\u00ed kl\u00ed\u010de KOGA Bau (litinov\u00e9 a ocelov\u00e9) usnad\u0148uj\u00ed otev\u00edr\u00e1n\u00ed m\u0159\u00ed\u017e\u00ed a poklop\u016f. Od\u0161roubov\u00e1n\u00ed \u0161roub\u016f, zved\u00e1n\u00ed poklop\u016f a pou\u017eit\u00ed jako p\u00e1ka v jednom praktick\u00e9m n\u00e1stroji.\" \/>\n<meta property=\"og:url\" content=\"https:\/\/www.kogabau.sk\/cs\/klice\/\" \/>\n<meta property=\"og:site_name\" content=\"KOGABAU\" \/>\n<meta property=\"article:modified_time\" content=\"2025-11-26T08:32:56+00:00\" \/>\n<meta property=\"og:image\" content=\"https:\/\/www.kogabau.sk\/wp-content\/uploads\/2025\/10\/image-65.png\" \/>\n\t<meta property=\"og:image:width\" content=\"477\" \/>\n\t<meta property=\"og:image:height\" content=\"370\" \/>\n\t<meta property=\"og:image:type\" content=\"image\/png\" \/>\n<meta name=\"twitter:card\" content=\"summary_large_image\" \/>\n<meta name=\"twitter:label1\" content=\"Odhadovan\u00e1 doba \u010dten\u00ed\" \/>\n\t<meta name=\"twitter:data1\" content=\"1 minuta\" \/>\n<script type=\"application\/ld+json\" class=\"yoast-schema-graph\">{\"@context\":\"https:\/\/schema.org\",\"@graph\":[{\"@type\":\"WebPage\",\"@id\":\"https:\/\/www.kogabau.sk\/cs\/klice\/\",\"url\":\"https:\/\/www.kogabau.sk\/cs\/klice\/\",\"name\":\"Multifunk\u010dn\u00ed ru\u010dn\u00ed kl\u00ed\u010de \u2013 litinov\u00e9 a ocelov\u00e9 pro m\u0159\u00ed\u017ee a poklopy | KOGA Bau\",\"isPartOf\":{\"@id\":\"https:\/\/www.kogabau.sk\/cs\/#website\"},\"primaryImageOfPage\":{\"@id\":\"https:\/\/www.kogabau.sk\/cs\/klice\/#primaryimage\"},\"image\":{\"@id\":\"https:\/\/www.kogabau.sk\/cs\/klice\/#primaryimage\"},\"thumbnailUrl\":\"https:\/\/www.kogabau.sk\/wp-content\/uploads\/2025\/10\/image-65.png\",\"datePublished\":\"2025-10-11T14:42:06+00:00\",\"dateModified\":\"2025-11-26T08:32:56+00:00\",\"description\":\"Multifunk\u010dn\u00ed ru\u010dn\u00ed kl\u00ed\u010de KOGA Bau (litinov\u00e9 a ocelov\u00e9) usnad\u0148uj\u00ed otev\u00edr\u00e1n\u00ed m\u0159\u00ed\u017e\u00ed a poklop\u016f. Od\u0161roubov\u00e1n\u00ed \u0161roub\u016f, zved\u00e1n\u00ed poklop\u016f a pou\u017eit\u00ed jako p\u00e1ka v jednom praktick\u00e9m n\u00e1stroji.\",\"breadcrumb\":{\"@id\":\"https:\/\/www.kogabau.sk\/cs\/klice\/#breadcrumb\"},\"inLanguage\":\"cs\",\"potentialAction\":[{\"@type\":\"ReadAction\",\"target\":[\"https:\/\/www.kogabau.sk\/cs\/klice\/\"]}]},{\"@type\":\"ImageObject\",\"inLanguage\":\"cs\",\"@id\":\"https:\/\/www.kogabau.sk\/cs\/klice\/#primaryimage\",\"url\":\"https:\/\/www.kogabau.sk\/wp-content\/uploads\/2025\/10\/image-65.png\",\"contentUrl\":\"https:\/\/www.kogabau.sk\/wp-content\/uploads\/2025\/10\/image-65.png\"},{\"@type\":\"BreadcrumbList\",\"@id\":\"https:\/\/www.kogabau.sk\/cs\/klice\/#breadcrumb\",\"itemListElement\":[{\"@type\":\"ListItem\",\"position\":1,\"name\":\"Home\",\"item\":\"https:\/\/www.kogabau.sk\/cs\/\"},{\"@type\":\"ListItem\",\"position\":2,\"name\":\"Kl\u00ed\u010de\"}]},{\"@type\":\"WebSite\",\"@id\":\"https:\/\/www.kogabau.sk\/cs\/#website\",\"url\":\"https:\/\/www.kogabau.sk\/cs\/\",\"name\":\"KOGABAU\",\"description\":\"\",\"publisher\":{\"@id\":\"https:\/\/www.kogabau.sk\/cs\/#organization\"},\"potentialAction\":[{\"@type\":\"SearchAction\",\"target\":{\"@type\":\"EntryPoint\",\"urlTemplate\":\"https:\/\/www.kogabau.sk\/cs\/?s={search_term_string}\"},\"query-input\":{\"@type\":\"PropertyValueSpecification\",\"valueRequired\":true,\"valueName\":\"search_term_string\"}}],\"inLanguage\":\"cs\"},{\"@type\":\"Organization\",\"@id\":\"https:\/\/www.kogabau.sk\/cs\/#organization\",\"name\":\"KOGABAU\",\"url\":\"https:\/\/www.kogabau.sk\/cs\/\",\"logo\":{\"@type\":\"ImageObject\",\"inLanguage\":\"cs\",\"@id\":\"https:\/\/www.kogabau.sk\/cs\/#\/schema\/logo\/image\/\",\"url\":\"https:\/\/www.kogabau.sk\/wp-content\/uploads\/2021\/02\/KOGA-BAU-logo-cierne.png\",\"contentUrl\":\"https:\/\/www.kogabau.sk\/wp-content\/uploads\/2021\/02\/KOGA-BAU-logo-cierne.png\",\"width\":516,\"height\":66,\"caption\":\"KOGABAU\"},\"image\":{\"@id\":\"https:\/\/www.kogabau.sk\/cs\/#\/schema\/logo\/image\/\"}}]}<\/script>\n<!-- \/ Yoast SEO plugin. -->","yoast_head_json":{"title":"Multifunk\u010dn\u00ed ru\u010dn\u00ed kl\u00ed\u010de \u2013 litinov\u00e9 a ocelov\u00e9 pro m\u0159\u00ed\u017ee a poklopy | KOGA Bau","description":"Multifunk\u010dn\u00ed ru\u010dn\u00ed kl\u00ed\u010de KOGA Bau (litinov\u00e9 a ocelov\u00e9) usnad\u0148uj\u00ed otev\u00edr\u00e1n\u00ed m\u0159\u00ed\u017e\u00ed a poklop\u016f. Od\u0161roubov\u00e1n\u00ed \u0161roub\u016f, zved\u00e1n\u00ed poklop\u016f a pou\u017eit\u00ed jako p\u00e1ka v jednom praktick\u00e9m n\u00e1stroji.","robots":{"index":"index","follow":"follow","max-snippet":"max-snippet:-1","max-image-preview":"max-image-preview:large","max-video-preview":"max-video-preview:-1"},"canonical":"https:\/\/www.kogabau.sk\/cs\/klice\/","og_locale":"cs_CZ","og_type":"article","og_title":"Multifunk\u010dn\u00ed ru\u010dn\u00ed kl\u00ed\u010de \u2013 litinov\u00e9 a ocelov\u00e9 pro m\u0159\u00ed\u017ee a poklopy | KOGA Bau","og_description":"Multifunk\u010dn\u00ed ru\u010dn\u00ed kl\u00ed\u010de KOGA Bau (litinov\u00e9 a ocelov\u00e9) usnad\u0148uj\u00ed otev\u00edr\u00e1n\u00ed m\u0159\u00ed\u017e\u00ed a poklop\u016f. Od\u0161roubov\u00e1n\u00ed \u0161roub\u016f, zved\u00e1n\u00ed poklop\u016f a pou\u017eit\u00ed jako p\u00e1ka v jednom praktick\u00e9m n\u00e1stroji.","og_url":"https:\/\/www.kogabau.sk\/cs\/klice\/","og_site_name":"KOGABAU","article_modified_time":"2025-11-26T08:32:56+00:00","og_image":[{"width":477,"height":370,"url":"https:\/\/www.kogabau.sk\/wp-content\/uploads\/2025\/10\/image-65.png","type":"image\/png"}],"twitter_card":"summary_large_image","twitter_misc":{"Odhadovan\u00e1 doba \u010dten\u00ed":"1 minuta"},"schema":{"@context":"https:\/\/schema.org","@graph":[{"@type":"WebPage","@id":"https:\/\/www.kogabau.sk\/cs\/klice\/","url":"https:\/\/www.kogabau.sk\/cs\/klice\/","name":"Multifunk\u010dn\u00ed ru\u010dn\u00ed kl\u00ed\u010de \u2013 litinov\u00e9 a ocelov\u00e9 pro m\u0159\u00ed\u017ee a poklopy | KOGA Bau","isPartOf":{"@id":"https:\/\/www.kogabau.sk\/cs\/#website"},"primaryImageOfPage":{"@id":"https:\/\/www.kogabau.sk\/cs\/klice\/#primaryimage"},"image":{"@id":"https:\/\/www.kogabau.sk\/cs\/klice\/#primaryimage"},"thumbnailUrl":"https:\/\/www.kogabau.sk\/wp-content\/uploads\/2025\/10\/image-65.png","datePublished":"2025-10-11T14:42:06+00:00","dateModified":"2025-11-26T08:32:56+00:00","description":"Multifunk\u010dn\u00ed ru\u010dn\u00ed kl\u00ed\u010de KOGA Bau (litinov\u00e9 a ocelov\u00e9) usnad\u0148uj\u00ed otev\u00edr\u00e1n\u00ed m\u0159\u00ed\u017e\u00ed a poklop\u016f. Od\u0161roubov\u00e1n\u00ed \u0161roub\u016f, zved\u00e1n\u00ed poklop\u016f a pou\u017eit\u00ed jako p\u00e1ka v jednom praktick\u00e9m n\u00e1stroji.","breadcrumb":{"@id":"https:\/\/www.kogabau.sk\/cs\/klice\/#breadcrumb"},"inLanguage":"cs","potentialAction":[{"@type":"ReadAction","target":["https:\/\/www.kogabau.sk\/cs\/klice\/"]}]},{"@type":"ImageObject","inLanguage":"cs","@id":"https:\/\/www.kogabau.sk\/cs\/klice\/#primaryimage","url":"https:\/\/www.kogabau.sk\/wp-content\/uploads\/2025\/10\/image-65.png","contentUrl":"https:\/\/www.kogabau.sk\/wp-content\/uploads\/2025\/10\/image-65.png"},{"@type":"BreadcrumbList","@id":"https:\/\/www.kogabau.sk\/cs\/klice\/#breadcrumb","itemListElement":[{"@type":"ListItem","position":1,"name":"Home","item":"https:\/\/www.kogabau.sk\/cs\/"},{"@type":"ListItem","position":2,"name":"Kl\u00ed\u010de"}]},{"@type":"WebSite","@id":"https:\/\/www.kogabau.sk\/cs\/#website","url":"https:\/\/www.kogabau.sk\/cs\/","name":"KOGABAU","description":"","publisher":{"@id":"https:\/\/www.kogabau.sk\/cs\/#organization"},"potentialAction":[{"@type":"SearchAction","target":{"@type":"EntryPoint","urlTemplate":"https:\/\/www.kogabau.sk\/cs\/?s={search_term_string}"},"query-input":{"@type":"PropertyValueSpecification","valueRequired":true,"valueName":"search_term_string"}}],"inLanguage":"cs"},{"@type":"Organization","@id":"https:\/\/www.kogabau.sk\/cs\/#organization","name":"KOGABAU","url":"https:\/\/www.kogabau.sk\/cs\/","logo":{"@type":"ImageObject","inLanguage":"cs","@id":"https:\/\/www.kogabau.sk\/cs\/#\/schema\/logo\/image\/","url":"https:\/\/www.kogabau.sk\/wp-content\/uploads\/2021\/02\/KOGA-BAU-logo-cierne.png","contentUrl":"https:\/\/www.kogabau.sk\/wp-content\/uploads\/2021\/02\/KOGA-BAU-logo-cierne.png","width":516,"height":66,"caption":"KOGABAU"},"image":{"@id":"https:\/\/www.kogabau.sk\/cs\/#\/schema\/logo\/image\/"}}]}},"_links":{"self":[{"href":"https:\/\/www.kogabau.sk\/cs\/wp-json\/wp\/v2\/pages\/4510","targetHints":{"allow":["GET"]}}],"collection":[{"href":"https:\/\/www.kogabau.sk\/cs\/wp-json\/wp\/v2\/pages"}],"about":[{"href":"https:\/\/www.kogabau.sk\/cs\/wp-json\/wp\/v2\/types\/page"}],"author":[{"embeddable":true,"href":"https:\/\/www.kogabau.sk\/cs\/wp-json\/wp\/v2\/users\/15"}],"replies":[{"embeddable":true,"href":"https:\/\/www.kogabau.sk\/cs\/wp-json\/wp\/v2\/comments?post=4510"}],"version-history":[{"count":4,"href":"https:\/\/www.kogabau.sk\/cs\/wp-json\/wp\/v2\/pages\/4510\/revisions"}],"predecessor-version":[{"id":8249,"href":"https:\/\/www.kogabau.sk\/cs\/wp-json\/wp\/v2\/pages\/4510\/revisions\/8249"}],"wp:attachment":[{"href":"https:\/\/www.kogabau.sk\/cs\/wp-json\/wp\/v2\/media?parent=4510"}],"curies":[{"name":"wp","href":"https:\/\/api.w.org\/{rel}","templated":true}]}}