{"id":4521,"date":"2025-10-12T16:42:25","date_gmt":"2025-10-12T14:42:25","guid":{"rendered":"https:\/\/www.kogabau.sk\/koga-grp-wall\/"},"modified":"2025-11-12T11:58:06","modified_gmt":"2025-11-12T10:58:06","slug":"koga-grp-wall","status":"publish","type":"page","link":"https:\/\/www.kogabau.sk\/cs\/koga-grp-wall\/","title":{"rendered":"KOGA GRP WALL"},"content":{"rendered":"\t\t<div data-elementor-type=\"wp-page\" data-elementor-id=\"4521\" class=\"elementor elementor-4521 elementor-1184\" data-elementor-post-type=\"page\">\n\t\t\t\t\t\t<section class=\"elementor-section elementor-top-section elementor-element elementor-element-1ed1a57 elementor-section-boxed elementor-section-height-default elementor-section-height-default\" data-id=\"1ed1a57\" data-element_type=\"section\" data-settings=\"{&quot;background_background&quot;:&quot;classic&quot;}\">\n\t\t\t\t\t\t<div class=\"elementor-container elementor-column-gap-default\">\n\t\t\t\t\t<div class=\"elementor-column elementor-col-100 elementor-top-column elementor-element elementor-element-e249fcf\" data-id=\"e249fcf\" data-element_type=\"column\">\n\t\t\t<div class=\"elementor-widget-wrap elementor-element-populated\">\n\t\t\t\t\t\t<div class=\"elementor-element elementor-element-1bcb4fc elementor-widget elementor-widget-spacer\" data-id=\"1bcb4fc\" data-element_type=\"widget\" data-widget_type=\"spacer.default\">\n\t\t\t\t<div class=\"elementor-widget-container\">\n\t\t\t\t\t\t\t<div class=\"elementor-spacer\">\n\t\t\t<div class=\"elementor-spacer-inner\"><\/div>\n\t\t<\/div>\n\t\t\t\t\t\t<\/div>\n\t\t\t\t<\/div>\n\t\t\t\t<div class=\"elementor-element elementor-element-8b748ae elementor-widget elementor-widget-heading\" data-id=\"8b748ae\" data-element_type=\"widget\" data-widget_type=\"heading.default\">\n\t\t\t\t<div class=\"elementor-widget-container\">\n\t\t\t\t\t<h1 class=\"elementor-heading-title elementor-size-default\">KOGA HDPE WALL<\/h1>\t\t\t\t<\/div>\n\t\t\t\t<\/div>\n\t\t\t\t\t<\/div>\n\t\t<\/div>\n\t\t\t\t\t<\/div>\n\t\t<\/section>\n\t\t\t\t<section class=\"elementor-section elementor-top-section elementor-element elementor-element-4832341 elementor-section-boxed elementor-section-height-default elementor-section-height-default\" data-id=\"4832341\" data-element_type=\"section\" data-settings=\"{&quot;background_background&quot;:&quot;classic&quot;}\">\n\t\t\t\t\t\t<div class=\"elementor-container elementor-column-gap-default\">\n\t\t\t\t\t<div class=\"elementor-column elementor-col-100 elementor-top-column elementor-element elementor-element-7b7c4bf\" data-id=\"7b7c4bf\" data-element_type=\"column\">\n\t\t\t<div class=\"elementor-widget-wrap elementor-element-populated\">\n\t\t\t\t\t\t<div class=\"elementor-element elementor-element-d25919c elementor-widget elementor-widget-text-editor\" data-id=\"d25919c\" data-element_type=\"widget\" data-widget_type=\"text-editor.default\">\n\t\t\t\t<div class=\"elementor-widget-container\">\n\t\t\t\t\t\t\t\t\t<p>KOGA GRP WALL je obkladov\u00fd syst\u00e9m st\u011bn a ploch, kter\u00fd byl vyvinut tak, aby estetick\u00fdm zp\u016fsobem ukon\u010doval pohledovou \u010d\u00e1st podchod\u016f a tunel\u016f.<\/p>\t\t\t\t\t\t\t\t<\/div>\n\t\t\t\t<\/div>\n\t\t\t\t<div class=\"elementor-element elementor-element-4860e5c elementor-widget elementor-widget-heading\" data-id=\"4860e5c\" data-element_type=\"widget\" data-widget_type=\"heading.default\">\n\t\t\t\t<div class=\"elementor-widget-container\">\n\t\t\t\t\t<h2 class=\"elementor-heading-title elementor-size-default\">Vlastnosti<\/h2>\t\t\t\t<\/div>\n\t\t\t\t<\/div>\n\t\t\t\t<div class=\"elementor-element elementor-element-ed4af2e elementor-widget elementor-widget-text-editor\" data-id=\"ed4af2e\" data-element_type=\"widget\" data-widget_type=\"text-editor.default\">\n\t\t\t\t<div class=\"elementor-widget-container\">\n\t\t\t\t\t\t\t\t\t<p>Sou\u010d\u00e1st\u00ed syst\u00e9mu jsou l\u00edcn\u00ed elementy vyhotoven\u00e9 z GRP (Glass-Reinforced Plastic) navrhovan\u00e9 spolu s podkladovou konstrukc\u00ed vyhotovenou z nerezav\u011bj\u00edc\u00ed oceli. Na jedn\u00e9 fas\u00e1d\u011b je mo\u017en\u00e9 kombinovat tvary a barvy, d\u00edky \u010demu\u017e dok\u00e1\u017eeme z\u00edskat jedine\u010dn\u00fd architektonick\u00fd efekt. Sou\u010d\u00e1st\u00ed na\u0161\u00ed dod\u00e1vky je V\u00fdrobn\u011b-Technick\u00e1 Dokumentace a klade\u010dsk\u00fd pl\u00e1n, vyhotoven\u00fd na z\u00e1klad\u011b zam\u011b\u0159en\u00ed na stavb\u011b. Zast\u0159e\u0161ujeme odborn\u00fd n\u00e1vrh, v\u00fdrobu a realizaci syst\u00e9mu p\u0159\u00edmo na objektu.<\/p><p>GRP m\u00e1 vynikaj\u00edc\u00ed u\u017eitn\u00e9 vlastnosti, a to p\u0159edev\u0161\u00edm nenas\u00e1kavost, mrazuvzdornost, barevnou st\u00e1lost d\u00edky odolnosti v\u016f\u010di UV z\u00e1\u0159en\u00ed, vysokou odolnost v\u016f\u010di nam\u00e1h\u00e1n\u00ed a dynamick\u00e9mu zat\u00ed\u017een\u00ed.<\/p><p>P\u0159\u00edpadn\u00e9 po\u0161kozen\u00ed, vypl\u00fdvaj\u00edc\u00ed z akt\u016f vandalismu (pomalov\u00e1n\u00ed, graffiti), lze snadno odstranit bez po\u0161kozen\u00ed vn\u011bj\u0161\u00edho povrchu. Syst\u00e9m je navr\u017een tak, aby umo\u017e\u0148oval p\u0159\u00edpadnou v\u00fdm\u011bnu v\u00e1\u017en\u011b po\u0161kozen\u00fdch element\u016f, kter\u00e9 lze vym\u011bnit jednotliv\u011b, bez pot\u0159eby demont\u00e1\u017ee v\u011bt\u0161\u00ed plochy, ne\u017e je ta po\u0161kozen\u00e1.<\/p>\t\t\t\t\t\t\t\t<\/div>\n\t\t\t\t<\/div>\n\t\t\t\t<div class=\"elementor-element elementor-element-541c9be elementor-widget elementor-widget-image\" data-id=\"541c9be\" data-element_type=\"widget\" data-widget_type=\"image.default\">\n\t\t\t\t<div class=\"elementor-widget-container\">\n\t\t\t\t\t\t\t\t\t\t\t\t\t\t\t<img fetchpriority=\"high\" decoding=\"async\" width=\"1433\" height=\"478\" src=\"https:\/\/www.kogabau.sk\/wp-content\/uploads\/2025\/10\/kogabau-KOGA-GRP-WALL1.png\" class=\"attachment-full size-full wp-image-4519\" alt=\"\" srcset=\"https:\/\/www.kogabau.sk\/wp-content\/uploads\/2025\/10\/kogabau-KOGA-GRP-WALL1.png 1433w, https:\/\/www.kogabau.sk\/wp-content\/uploads\/2025\/10\/kogabau-KOGA-GRP-WALL1-300x100.png 300w, https:\/\/www.kogabau.sk\/wp-content\/uploads\/2025\/10\/kogabau-KOGA-GRP-WALL1-1024x342.png 1024w, https:\/\/www.kogabau.sk\/wp-content\/uploads\/2025\/10\/kogabau-KOGA-GRP-WALL1-768x256.png 768w\" sizes=\"(max-width: 1433px) 100vw, 1433px\" \/>\t\t\t\t\t\t\t\t\t\t\t\t\t\t\t<\/div>\n\t\t\t\t<\/div>\n\t\t\t\t\t<\/div>\n\t\t<\/div>\n\t\t\t\t\t<\/div>\n\t\t<\/section>\n\t\t\t\t<section class=\"elementor-section elementor-top-section elementor-element elementor-element-f32dd25 elementor-section-boxed elementor-section-height-default elementor-section-height-default\" data-id=\"f32dd25\" data-element_type=\"section\" data-settings=\"{&quot;background_background&quot;:&quot;classic&quot;}\">\n\t\t\t\t\t\t<div class=\"elementor-container elementor-column-gap-default\">\n\t\t\t\t\t<div class=\"elementor-column elementor-col-100 elementor-top-column elementor-element elementor-element-ddc9ec7\" data-id=\"ddc9ec7\" data-element_type=\"column\">\n\t\t\t<div class=\"elementor-widget-wrap elementor-element-populated\">\n\t\t\t\t\t\t<div class=\"elementor-element elementor-element-ba32012 elementor-widget elementor-widget-heading\" data-id=\"ba32012\" data-element_type=\"widget\" data-widget_type=\"heading.default\">\n\t\t\t\t<div class=\"elementor-widget-container\">\n\t\t\t\t\t<h2 class=\"elementor-heading-title elementor-size-default\">Podkladov\u00e1 konstrukce<\/h2>\t\t\t\t<\/div>\n\t\t\t\t<\/div>\n\t\t\t\t<div class=\"elementor-element elementor-element-fe23eb3 elementor-widget elementor-widget-text-editor\" data-id=\"fe23eb3\" data-element_type=\"widget\" data-widget_type=\"text-editor.default\">\n\t\t\t\t<div class=\"elementor-widget-container\">\n\t\t\t\t\t\t\t\t\t<p>Pro mont\u00e1\u017e a instalaci byl vypracov\u00e1n inova\u010dn\u00ed syst\u00e9m podkladov\u00e9 konstrukce, kter\u00fd je vyhotoven z korozivzdorn\u00e9 oceli. Pevnost cel\u00e9ho syst\u00e9mu byla vypo\u010dtena s p\u0159ihl\u00e9dnut\u00edm ke statick\u00fdm a dynamick\u00fdm vlastnostem p\u016fsob\u00edc\u00edm uvnit\u0159 provozovan\u00e9ho tunelu. Podkonstrukce je navr\u017eena tak, aby bylo mo\u017en\u00e9 rektifikov\u00e1n\u00ed uchycen\u00fdch bod\u016f a vyrovn\u00e1n\u00ed plo\u0161n\u00fdch a lok\u00e1ln\u00edch prohlubn\u00ed povrchu pod obkladov\u00fdm syst\u00e9mem. Syst\u00e9m kotven\u00ed je navr\u017een tak, aby mont\u00e1\u017en\u00ed prvky nebyly viditeln\u00e9 na pohledov\u00e9 plo\u0161e l\u00edcn\u00edch prefabrik\u00e1t\u016f, co\u017e v\u00fdrazn\u011b zlep\u0161uje koncov\u00fd estetick\u00fd efekt.<\/p><p>D\u00edky tomuto materi\u00e1lov\u00e9mu proveden\u00ed je mo\u017en\u00e9 pou\u017eit\u00ed syst\u00e9mu KOGA GRP WALL v tunelech a podchodech s pr\u016fsaky sm\u011brem dovnit\u0159 stavby, kter\u00e9 nejsou viditeln\u00e9, a neohro\u017euj\u00ed \u017eivotnost cel\u00e9ho syst\u00e9mu.<\/p>\t\t\t\t\t\t\t\t<\/div>\n\t\t\t\t<\/div>\n\t\t\t\t<div class=\"elementor-element elementor-element-b2dba3e elementor-widget elementor-widget-image\" data-id=\"b2dba3e\" data-element_type=\"widget\" data-widget_type=\"image.default\">\n\t\t\t\t<div class=\"elementor-widget-container\">\n\t\t\t\t\t\t\t\t\t\t\t\t\t\t\t<img decoding=\"async\" width=\"1432\" height=\"495\" src=\"https:\/\/www.kogabau.sk\/wp-content\/uploads\/2025\/10\/kogabau-KOGA-GRP-WALL2.png\" class=\"attachment-full size-full wp-image-4520\" alt=\"\" srcset=\"https:\/\/www.kogabau.sk\/wp-content\/uploads\/2025\/10\/kogabau-KOGA-GRP-WALL2.png 1432w, https:\/\/www.kogabau.sk\/wp-content\/uploads\/2025\/10\/kogabau-KOGA-GRP-WALL2-300x104.png 300w, https:\/\/www.kogabau.sk\/wp-content\/uploads\/2025\/10\/kogabau-KOGA-GRP-WALL2-1024x354.png 1024w, https:\/\/www.kogabau.sk\/wp-content\/uploads\/2025\/10\/kogabau-KOGA-GRP-WALL2-768x265.png 768w\" sizes=\"(max-width: 1432px) 100vw, 1432px\" \/>\t\t\t\t\t\t\t\t\t\t\t\t\t\t\t<\/div>\n\t\t\t\t<\/div>\n\t\t\t\t\t<\/div>\n\t\t<\/div>\n\t\t\t\t\t<\/div>\n\t\t<\/section>\n\t\t\t\t<section class=\"elementor-section elementor-top-section elementor-element elementor-element-566e56a elementor-section-boxed elementor-section-height-default elementor-section-height-default\" data-id=\"566e56a\" data-element_type=\"section\" data-settings=\"{&quot;background_background&quot;:&quot;classic&quot;}\">\n\t\t\t\t\t\t<div class=\"elementor-container elementor-column-gap-default\">\n\t\t\t\t\t<div class=\"elementor-column elementor-col-100 elementor-top-column elementor-element elementor-element-0d65092\" data-id=\"0d65092\" data-element_type=\"column\">\n\t\t\t<div class=\"elementor-widget-wrap elementor-element-populated\">\n\t\t\t\t\t\t<div class=\"elementor-element elementor-element-0c9ad2a elementor-widget elementor-widget-heading\" data-id=\"0c9ad2a\" data-element_type=\"widget\" data-widget_type=\"heading.default\">\n\t\t\t\t<div class=\"elementor-widget-container\">\n\t\t\t\t\t<h2 class=\"elementor-heading-title elementor-size-default\">V\u00fdhody<\/h2>\t\t\t\t<\/div>\n\t\t\t\t<\/div>\n\t\t\t\t<section class=\"elementor-section elementor-inner-section elementor-element elementor-element-41d49e8 elementor-section-boxed elementor-section-height-default elementor-section-height-default\" data-id=\"41d49e8\" data-element_type=\"section\">\n\t\t\t\t\t\t<div class=\"elementor-container elementor-column-gap-default\">\n\t\t\t\t\t<div class=\"elementor-column elementor-col-50 elementor-inner-column elementor-element elementor-element-4221ba1\" data-id=\"4221ba1\" data-element_type=\"column\">\n\t\t\t<div class=\"elementor-widget-wrap elementor-element-populated\">\n\t\t\t\t\t\t<div class=\"elementor-element elementor-element-35cd1a6 elementor-widget elementor-widget-text-editor\" data-id=\"35cd1a6\" data-element_type=\"widget\" data-widget_type=\"text-editor.default\">\n\t\t\t\t<div class=\"elementor-widget-container\">\n\t\t\t\t\t\t\t\t\t<ul><li>vysok\u00e1 estetick\u00e1 hodnota hotov\u00e9ho d\u00edla<\/li><li>neviditeln\u00e9 spoje<\/li><li>bez\u00fadr\u017ebovost syst\u00e9mu<\/li><li>mo\u017enost rektifikace podkonstrukce, kter\u00e1 eliminuje nerovnost p\u0159ekr\u00fdvan\u00e9ho povrchu<\/li><li>mrazuvzdornost d\u00edky nesav\u00e9mu povrchu jednotliv\u00fdch panel\u016f<\/li><li>barevn\u00e1 st\u00e1lost d\u00edky zv\u00fd\u0161en\u00e9 odolnosti v\u016f\u010di UV z\u00e1\u0159en\u00ed<\/li><\/ul>\t\t\t\t\t\t\t\t<\/div>\n\t\t\t\t<\/div>\n\t\t\t\t\t<\/div>\n\t\t<\/div>\n\t\t\t\t<div class=\"elementor-column elementor-col-50 elementor-inner-column elementor-element elementor-element-e8cc753\" data-id=\"e8cc753\" data-element_type=\"column\">\n\t\t\t<div class=\"elementor-widget-wrap elementor-element-populated\">\n\t\t\t\t\t\t<div class=\"elementor-element elementor-element-bd74e4c elementor-widget elementor-widget-text-editor\" data-id=\"bd74e4c\" data-element_type=\"widget\" data-widget_type=\"text-editor.default\">\n\t\t\t\t<div class=\"elementor-widget-container\">\n\t\t\t\t\t\t\t\t\t<ul><li>mo\u017enost kombinov\u00e1n\u00ed barev a tvar\u016f, co\u017e zaru\u010duje jedine\u010dn\u00fd koncov\u00fd efekt<\/li><li>snadn\u00e1 manipulace na stavb\u011b, proto\u017ee jeden panel m\u00e1 hmotnost cca 5kg<\/li><li>rychl\u00e1 mont\u00e1\u017e na stavb\u011b<\/li><li>vysok\u00e1 kapacita dod\u00e1vek<\/li><li>dlouh\u00e1 \u017eivotnost podkonstrukce i p\u0159i lok\u00e1ln\u00edm pros\u00e1k\u00e1v\u00e1n\u00ed podpovrchov\u00e9 vody d\u00edky pou\u017eit\u00ed korozivzdorn\u00e9 oceli t\u0159\u00eddy A2 (DIN1.43) nebo A4 (DIN1.44)<\/li><\/ul>\t\t\t\t\t\t\t\t<\/div>\n\t\t\t\t<\/div>\n\t\t\t\t\t<\/div>\n\t\t<\/div>\n\t\t\t\t\t<\/div>\n\t\t<\/section>\n\t\t\t\t<div class=\"elementor-element elementor-element-e5eaef6 elementor-mobile-align-center elementor-widget elementor-widget-button\" data-id=\"e5eaef6\" data-element_type=\"widget\" data-widget_type=\"button.default\">\n\t\t\t\t<div class=\"elementor-widget-container\">\n\t\t\t\t\t\t\t\t\t<div class=\"elementor-button-wrapper\">\n\t\t\t\t\t<a class=\"elementor-button elementor-button-link elementor-size-sm elementor-animation-grow\" href=\"https:\/\/www.kogabau.sk\/cs\/nase-reference\/\">\n\t\t\t\t\t\t<span class=\"elementor-button-content-wrapper\">\n\t\t\t\t\t\t\t\t\t<span class=\"elementor-button-text\">REFERENCE<\/span>\n\t\t\t\t\t<\/span>\n\t\t\t\t\t<\/a>\n\t\t\t\t<\/div>\n\t\t\t\t\t\t\t\t<\/div>\n\t\t\t\t<\/div>\n\t\t\t\t\t<\/div>\n\t\t<\/div>\n\t\t\t\t\t<\/div>\n\t\t<\/section>\n\t\t\t\t<\/div>\n\t\t","protected":false},"excerpt":{"rendered":"<p>KOGA HDPE WALL KOGA GRP WALL je obkladov\u00fd syst\u00e9m st\u011bn a ploch, kter\u00fd byl vyvinut tak, aby estetick\u00fdm zp\u016fsobem ukon\u010doval pohledovou \u010d\u00e1st podchod\u016f a tunel\u016f. Vlastnosti Sou\u010d\u00e1st\u00ed syst\u00e9mu jsou l\u00edcn\u00ed elementy vyhotoven\u00e9 z GRP (Glass-Reinforced Plastic) navrhovan\u00e9 spolu s podkladovou konstrukc\u00ed vyhotovenou z nerezav\u011bj\u00edc\u00ed oceli. Na jedn\u00e9 fas\u00e1d\u011b je mo\u017en\u00e9 kombinovat tvary a barvy, d\u00edky [&hellip;]<\/p>\n","protected":false},"author":15,"featured_media":0,"parent":0,"menu_order":0,"comment_status":"closed","ping_status":"closed","template":"","meta":{"footnotes":""},"class_list":["post-4521","page","type-page","status-publish","hentry"],"yoast_head":"<!-- This site is optimized with the Yoast SEO plugin v26.2 - https:\/\/yoast.com\/wordpress\/plugins\/seo\/ -->\n<title>KOGA GRP WALL \u2013 estetick\u00fd a odoln\u00fd obkladov\u00fd syst\u00e9m pro tunely a podchody | KOGA Bau<\/title>\n<meta name=\"description\" content=\"KOGA GRP WALL je obkladov\u00fd syst\u00e9m st\u011bn a ploch z GRP s podkonstrukc\u00ed z korozivzdorn\u00e9 oceli. Mrazuvzdorn\u00fd, barevn\u011b st\u00e1l\u00fd, s neviditeln\u00fdmi spoji, snadnou mont\u00e1\u017e\u00ed a mo\u017enost\u00ed rektifikace.\" \/>\n<meta name=\"robots\" content=\"index, follow, max-snippet:-1, max-image-preview:large, max-video-preview:-1\" \/>\n<link rel=\"canonical\" href=\"https:\/\/www.kogabau.sk\/cs\/koga-grp-wall\/\" \/>\n<meta property=\"og:locale\" content=\"cs_CZ\" \/>\n<meta property=\"og:type\" content=\"article\" \/>\n<meta property=\"og:title\" content=\"KOGA GRP WALL \u2013 estetick\u00fd a odoln\u00fd obkladov\u00fd syst\u00e9m pro tunely a podchody | KOGA Bau\" \/>\n<meta property=\"og:description\" content=\"KOGA GRP WALL je obkladov\u00fd syst\u00e9m st\u011bn a ploch z GRP s podkonstrukc\u00ed z korozivzdorn\u00e9 oceli. Mrazuvzdorn\u00fd, barevn\u011b st\u00e1l\u00fd, s neviditeln\u00fdmi spoji, snadnou mont\u00e1\u017e\u00ed a mo\u017enost\u00ed rektifikace.\" \/>\n<meta property=\"og:url\" content=\"https:\/\/www.kogabau.sk\/cs\/koga-grp-wall\/\" \/>\n<meta property=\"og:site_name\" content=\"KOGABAU\" \/>\n<meta property=\"article:modified_time\" content=\"2025-11-12T10:58:06+00:00\" \/>\n<meta property=\"og:image\" content=\"https:\/\/www.kogabau.sk\/wp-content\/uploads\/2025\/10\/kogabau-KOGA-GRP-WALL1.png\" \/>\n\t<meta property=\"og:image:width\" content=\"1433\" \/>\n\t<meta property=\"og:image:height\" content=\"478\" \/>\n\t<meta property=\"og:image:type\" content=\"image\/png\" \/>\n<meta name=\"twitter:card\" content=\"summary_large_image\" \/>\n<meta name=\"twitter:label1\" content=\"Odhadovan\u00e1 doba \u010dten\u00ed\" \/>\n\t<meta name=\"twitter:data1\" content=\"3 minuty\" \/>\n<script type=\"application\/ld+json\" class=\"yoast-schema-graph\">{\"@context\":\"https:\/\/schema.org\",\"@graph\":[{\"@type\":\"WebPage\",\"@id\":\"https:\/\/www.kogabau.sk\/cs\/koga-grp-wall\/\",\"url\":\"https:\/\/www.kogabau.sk\/cs\/koga-grp-wall\/\",\"name\":\"KOGA GRP WALL \u2013 estetick\u00fd a odoln\u00fd obkladov\u00fd syst\u00e9m pro tunely a podchody | KOGA Bau\",\"isPartOf\":{\"@id\":\"https:\/\/www.kogabau.sk\/cs\/#website\"},\"primaryImageOfPage\":{\"@id\":\"https:\/\/www.kogabau.sk\/cs\/koga-grp-wall\/#primaryimage\"},\"image\":{\"@id\":\"https:\/\/www.kogabau.sk\/cs\/koga-grp-wall\/#primaryimage\"},\"thumbnailUrl\":\"https:\/\/www.kogabau.sk\/wp-content\/uploads\/2025\/10\/kogabau-KOGA-GRP-WALL1.png\",\"datePublished\":\"2025-10-12T14:42:25+00:00\",\"dateModified\":\"2025-11-12T10:58:06+00:00\",\"description\":\"KOGA GRP WALL je obkladov\u00fd syst\u00e9m st\u011bn a ploch z GRP s podkonstrukc\u00ed z korozivzdorn\u00e9 oceli. Mrazuvzdorn\u00fd, barevn\u011b st\u00e1l\u00fd, s neviditeln\u00fdmi spoji, snadnou mont\u00e1\u017e\u00ed a mo\u017enost\u00ed rektifikace.\",\"breadcrumb\":{\"@id\":\"https:\/\/www.kogabau.sk\/cs\/koga-grp-wall\/#breadcrumb\"},\"inLanguage\":\"cs\",\"potentialAction\":[{\"@type\":\"ReadAction\",\"target\":[\"https:\/\/www.kogabau.sk\/cs\/koga-grp-wall\/\"]}]},{\"@type\":\"ImageObject\",\"inLanguage\":\"cs\",\"@id\":\"https:\/\/www.kogabau.sk\/cs\/koga-grp-wall\/#primaryimage\",\"url\":\"https:\/\/www.kogabau.sk\/wp-content\/uploads\/2025\/10\/kogabau-KOGA-GRP-WALL1.png\",\"contentUrl\":\"https:\/\/www.kogabau.sk\/wp-content\/uploads\/2025\/10\/kogabau-KOGA-GRP-WALL1.png\"},{\"@type\":\"BreadcrumbList\",\"@id\":\"https:\/\/www.kogabau.sk\/cs\/koga-grp-wall\/#breadcrumb\",\"itemListElement\":[{\"@type\":\"ListItem\",\"position\":1,\"name\":\"Home\",\"item\":\"https:\/\/www.kogabau.sk\/cs\/\"},{\"@type\":\"ListItem\",\"position\":2,\"name\":\"KOGA GRP WALL\"}]},{\"@type\":\"WebSite\",\"@id\":\"https:\/\/www.kogabau.sk\/cs\/#website\",\"url\":\"https:\/\/www.kogabau.sk\/cs\/\",\"name\":\"KOGABAU\",\"description\":\"\",\"publisher\":{\"@id\":\"https:\/\/www.kogabau.sk\/cs\/#organization\"},\"potentialAction\":[{\"@type\":\"SearchAction\",\"target\":{\"@type\":\"EntryPoint\",\"urlTemplate\":\"https:\/\/www.kogabau.sk\/cs\/?s={search_term_string}\"},\"query-input\":{\"@type\":\"PropertyValueSpecification\",\"valueRequired\":true,\"valueName\":\"search_term_string\"}}],\"inLanguage\":\"cs\"},{\"@type\":\"Organization\",\"@id\":\"https:\/\/www.kogabau.sk\/cs\/#organization\",\"name\":\"KOGABAU\",\"url\":\"https:\/\/www.kogabau.sk\/cs\/\",\"logo\":{\"@type\":\"ImageObject\",\"inLanguage\":\"cs\",\"@id\":\"https:\/\/www.kogabau.sk\/cs\/#\/schema\/logo\/image\/\",\"url\":\"https:\/\/www.kogabau.sk\/wp-content\/uploads\/2021\/02\/KOGA-BAU-logo-cierne.png\",\"contentUrl\":\"https:\/\/www.kogabau.sk\/wp-content\/uploads\/2021\/02\/KOGA-BAU-logo-cierne.png\",\"width\":516,\"height\":66,\"caption\":\"KOGABAU\"},\"image\":{\"@id\":\"https:\/\/www.kogabau.sk\/cs\/#\/schema\/logo\/image\/\"}}]}<\/script>\n<!-- \/ Yoast SEO plugin. -->","yoast_head_json":{"title":"KOGA GRP WALL \u2013 estetick\u00fd a odoln\u00fd obkladov\u00fd syst\u00e9m pro tunely a podchody | KOGA Bau","description":"KOGA GRP WALL je obkladov\u00fd syst\u00e9m st\u011bn a ploch z GRP s podkonstrukc\u00ed z korozivzdorn\u00e9 oceli. Mrazuvzdorn\u00fd, barevn\u011b st\u00e1l\u00fd, s neviditeln\u00fdmi spoji, snadnou mont\u00e1\u017e\u00ed a mo\u017enost\u00ed rektifikace.","robots":{"index":"index","follow":"follow","max-snippet":"max-snippet:-1","max-image-preview":"max-image-preview:large","max-video-preview":"max-video-preview:-1"},"canonical":"https:\/\/www.kogabau.sk\/cs\/koga-grp-wall\/","og_locale":"cs_CZ","og_type":"article","og_title":"KOGA GRP WALL \u2013 estetick\u00fd a odoln\u00fd obkladov\u00fd syst\u00e9m pro tunely a podchody | KOGA Bau","og_description":"KOGA GRP WALL je obkladov\u00fd syst\u00e9m st\u011bn a ploch z GRP s podkonstrukc\u00ed z korozivzdorn\u00e9 oceli. Mrazuvzdorn\u00fd, barevn\u011b st\u00e1l\u00fd, s neviditeln\u00fdmi spoji, snadnou mont\u00e1\u017e\u00ed a mo\u017enost\u00ed rektifikace.","og_url":"https:\/\/www.kogabau.sk\/cs\/koga-grp-wall\/","og_site_name":"KOGABAU","article_modified_time":"2025-11-12T10:58:06+00:00","og_image":[{"width":1433,"height":478,"url":"https:\/\/www.kogabau.sk\/wp-content\/uploads\/2025\/10\/kogabau-KOGA-GRP-WALL1.png","type":"image\/png"}],"twitter_card":"summary_large_image","twitter_misc":{"Odhadovan\u00e1 doba \u010dten\u00ed":"3 minuty"},"schema":{"@context":"https:\/\/schema.org","@graph":[{"@type":"WebPage","@id":"https:\/\/www.kogabau.sk\/cs\/koga-grp-wall\/","url":"https:\/\/www.kogabau.sk\/cs\/koga-grp-wall\/","name":"KOGA GRP WALL \u2013 estetick\u00fd a odoln\u00fd obkladov\u00fd syst\u00e9m pro tunely a podchody | KOGA Bau","isPartOf":{"@id":"https:\/\/www.kogabau.sk\/cs\/#website"},"primaryImageOfPage":{"@id":"https:\/\/www.kogabau.sk\/cs\/koga-grp-wall\/#primaryimage"},"image":{"@id":"https:\/\/www.kogabau.sk\/cs\/koga-grp-wall\/#primaryimage"},"thumbnailUrl":"https:\/\/www.kogabau.sk\/wp-content\/uploads\/2025\/10\/kogabau-KOGA-GRP-WALL1.png","datePublished":"2025-10-12T14:42:25+00:00","dateModified":"2025-11-12T10:58:06+00:00","description":"KOGA GRP WALL je obkladov\u00fd syst\u00e9m st\u011bn a ploch z GRP s podkonstrukc\u00ed z korozivzdorn\u00e9 oceli. Mrazuvzdorn\u00fd, barevn\u011b st\u00e1l\u00fd, s neviditeln\u00fdmi spoji, snadnou mont\u00e1\u017e\u00ed a mo\u017enost\u00ed rektifikace.","breadcrumb":{"@id":"https:\/\/www.kogabau.sk\/cs\/koga-grp-wall\/#breadcrumb"},"inLanguage":"cs","potentialAction":[{"@type":"ReadAction","target":["https:\/\/www.kogabau.sk\/cs\/koga-grp-wall\/"]}]},{"@type":"ImageObject","inLanguage":"cs","@id":"https:\/\/www.kogabau.sk\/cs\/koga-grp-wall\/#primaryimage","url":"https:\/\/www.kogabau.sk\/wp-content\/uploads\/2025\/10\/kogabau-KOGA-GRP-WALL1.png","contentUrl":"https:\/\/www.kogabau.sk\/wp-content\/uploads\/2025\/10\/kogabau-KOGA-GRP-WALL1.png"},{"@type":"BreadcrumbList","@id":"https:\/\/www.kogabau.sk\/cs\/koga-grp-wall\/#breadcrumb","itemListElement":[{"@type":"ListItem","position":1,"name":"Home","item":"https:\/\/www.kogabau.sk\/cs\/"},{"@type":"ListItem","position":2,"name":"KOGA GRP WALL"}]},{"@type":"WebSite","@id":"https:\/\/www.kogabau.sk\/cs\/#website","url":"https:\/\/www.kogabau.sk\/cs\/","name":"KOGABAU","description":"","publisher":{"@id":"https:\/\/www.kogabau.sk\/cs\/#organization"},"potentialAction":[{"@type":"SearchAction","target":{"@type":"EntryPoint","urlTemplate":"https:\/\/www.kogabau.sk\/cs\/?s={search_term_string}"},"query-input":{"@type":"PropertyValueSpecification","valueRequired":true,"valueName":"search_term_string"}}],"inLanguage":"cs"},{"@type":"Organization","@id":"https:\/\/www.kogabau.sk\/cs\/#organization","name":"KOGABAU","url":"https:\/\/www.kogabau.sk\/cs\/","logo":{"@type":"ImageObject","inLanguage":"cs","@id":"https:\/\/www.kogabau.sk\/cs\/#\/schema\/logo\/image\/","url":"https:\/\/www.kogabau.sk\/wp-content\/uploads\/2021\/02\/KOGA-BAU-logo-cierne.png","contentUrl":"https:\/\/www.kogabau.sk\/wp-content\/uploads\/2021\/02\/KOGA-BAU-logo-cierne.png","width":516,"height":66,"caption":"KOGABAU"},"image":{"@id":"https:\/\/www.kogabau.sk\/cs\/#\/schema\/logo\/image\/"}}]}},"_links":{"self":[{"href":"https:\/\/www.kogabau.sk\/cs\/wp-json\/wp\/v2\/pages\/4521","targetHints":{"allow":["GET"]}}],"collection":[{"href":"https:\/\/www.kogabau.sk\/cs\/wp-json\/wp\/v2\/pages"}],"about":[{"href":"https:\/\/www.kogabau.sk\/cs\/wp-json\/wp\/v2\/types\/page"}],"author":[{"embeddable":true,"href":"https:\/\/www.kogabau.sk\/cs\/wp-json\/wp\/v2\/users\/15"}],"replies":[{"embeddable":true,"href":"https:\/\/www.kogabau.sk\/cs\/wp-json\/wp\/v2\/comments?post=4521"}],"version-history":[{"count":4,"href":"https:\/\/www.kogabau.sk\/cs\/wp-json\/wp\/v2\/pages\/4521\/revisions"}],"predecessor-version":[{"id":6987,"href":"https:\/\/www.kogabau.sk\/cs\/wp-json\/wp\/v2\/pages\/4521\/revisions\/6987"}],"wp:attachment":[{"href":"https:\/\/www.kogabau.sk\/cs\/wp-json\/wp\/v2\/media?parent=4521"}],"curies":[{"name":"wp","href":"https:\/\/api.w.org\/{rel}","templated":true}]}}