{"id":4531,"date":"2025-10-12T17:28:03","date_gmt":"2025-10-12T15:28:03","guid":{"rendered":"https:\/\/www.kogabau.sk\/koga-isd\/"},"modified":"2025-11-06T22:05:20","modified_gmt":"2025-11-06T21:05:20","slug":"koga-isd","status":"publish","type":"page","link":"https:\/\/www.kogabau.sk\/cs\/koga-isd\/","title":{"rendered":"KOGA ISD"},"content":{"rendered":"\t\t<div data-elementor-type=\"wp-page\" data-elementor-id=\"4531\" class=\"elementor elementor-4531 elementor-1237\" data-elementor-post-type=\"page\">\n\t\t\t\t\t\t<section class=\"elementor-section elementor-top-section elementor-element elementor-element-b40f2e0 elementor-section-boxed elementor-section-height-default elementor-section-height-default\" data-id=\"b40f2e0\" data-element_type=\"section\" data-settings=\"{&quot;background_background&quot;:&quot;classic&quot;}\">\n\t\t\t\t\t\t<div class=\"elementor-container elementor-column-gap-default\">\n\t\t\t\t\t<div class=\"elementor-column elementor-col-100 elementor-top-column elementor-element elementor-element-05d16ed\" data-id=\"05d16ed\" data-element_type=\"column\">\n\t\t\t<div class=\"elementor-widget-wrap elementor-element-populated\">\n\t\t\t\t\t\t<div class=\"elementor-element elementor-element-587a97d elementor-widget elementor-widget-spacer\" data-id=\"587a97d\" data-element_type=\"widget\" data-widget_type=\"spacer.default\">\n\t\t\t\t<div class=\"elementor-widget-container\">\n\t\t\t\t\t\t\t<div class=\"elementor-spacer\">\n\t\t\t<div class=\"elementor-spacer-inner\"><\/div>\n\t\t<\/div>\n\t\t\t\t\t\t<\/div>\n\t\t\t\t<\/div>\n\t\t\t\t<div class=\"elementor-element elementor-element-1084de9 elementor-widget elementor-widget-heading\" data-id=\"1084de9\" data-element_type=\"widget\" data-widget_type=\"heading.default\">\n\t\t\t\t<div class=\"elementor-widget-container\">\n\t\t\t\t\t<h1 class=\"elementor-heading-title elementor-size-default\">KOGA ISD<\/h1>\t\t\t\t<\/div>\n\t\t\t\t<\/div>\n\t\t\t\t<div class=\"elementor-element elementor-element-1bed025 elementor-widget elementor-widget-heading\" data-id=\"1bed025\" data-element_type=\"widget\" data-widget_type=\"heading.default\">\n\t\t\t\t<div class=\"elementor-widget-container\">\n\t\t\t\t\t<h2 class=\"elementor-heading-title elementor-size-default\">syst\u00e9m ur\u010den\u00fd pro veden\u00ed ISD kabel\u016f na mostech<\/h2>\t\t\t\t<\/div>\n\t\t\t\t<\/div>\n\t\t\t\t\t<\/div>\n\t\t<\/div>\n\t\t\t\t\t<\/div>\n\t\t<\/section>\n\t\t\t\t<section class=\"elementor-section elementor-top-section elementor-element elementor-element-2a2e37b elementor-section-boxed elementor-section-height-default elementor-section-height-default\" data-id=\"2a2e37b\" data-element_type=\"section\" data-settings=\"{&quot;background_background&quot;:&quot;classic&quot;}\">\n\t\t\t\t\t\t<div class=\"elementor-container elementor-column-gap-default\">\n\t\t\t\t\t<div class=\"elementor-column elementor-col-50 elementor-top-column elementor-element elementor-element-38f756f\" data-id=\"38f756f\" data-element_type=\"column\">\n\t\t\t<div class=\"elementor-widget-wrap elementor-element-populated\">\n\t\t\t\t\t\t<div class=\"elementor-element elementor-element-c969e7b elementor-widget elementor-widget-text-editor\" data-id=\"c969e7b\" data-element_type=\"widget\" data-widget_type=\"text-editor.default\">\n\t\t\t\t<div class=\"elementor-widget-container\">\n\t\t\t\t\t\t\t\t\t<p>Popis syst\u00e9mu:<br>Chr\u00e1ni\u010dka je tvo\u0159ena polyethylenovou trubkou vysok\u00e9 hustoty (HDPE) ur\u010den\u00e1 k ochran\u011b elektrick\u00fdch, telefonn\u00edch a datov\u00fdch kabel\u016f veden\u00fdch pod mostem. Jedn\u00e1 se o jednovrstv\u00fd modulov\u00fd potrubn\u00ed hrdlov\u00fd syst\u00e9m, kter\u00fd byl vyvinut spolu se sestavou r\u00e1mov\u00e9ho teleskopick\u00e9ho syst\u00e9mu z\u00e1v\u011bs\u016f pouze pro \u00fa\u010dely in\u017een\u00fdrsk\u00fdch objekt\u016f mimo budovy. P\u0159i n\u00e1vrhu byly zohledn\u011bny v\u0161echny faktory a aspekty souvisej\u00edc\u00ed s \u00fa\u010delem pou\u017eit\u00ed tohoto syst\u00e9mu. Syst\u00e9m je navr\u017een tak, aby spl\u0148oval v\u0161echny po\u017eadavky NDS a.s., SSC a Ministerstvo dopravy, v\u00fdstavby a region\u00e1ln\u00edho rozvoje Slovensk\u00e9 republiky, (TP05\/2013). Protikorozn\u00ed ochrana ocelov\u00fdch konstrukc\u00ed most\u016f, TP03\/2014 z\u00e1kladn\u00ed ochrann\u00e1 opat\u0159en\u00ed pro omezen\u00ed vlivu bludn\u00fdch proud\u016f na mostn\u00ed objekty pozemn\u00edch komunikac\u00ed. Potrub\u00ed d\u00edky p\u0159\u00eddavn\u00fdm stabiliz\u00e1tor\u016fm je odoln\u00e9 v\u016f\u010di degradaci zp\u016fsoben\u00e9 UV z\u00e1\u0159en\u00edm a b\u011bhem exploatace charakterizuje se barevnou st\u00e1lost\u00ed. Podle na\u0161ich informac\u00ed, jako jedin\u00fd termoplastick\u00fd syst\u00e9m odvodn\u011bn\u00ed most\u016f byl odzkou\u0161en s pozitivn\u00edm v\u00fdsledkem na stabilitu a st\u00e1rnut\u00ed materi\u00e1lu vlivem UV z\u00e1\u0159en\u00ed podle normy DIN EN \u010cSN ISO 4892, \u010d\u00edm\u017e byla prok\u00e1z\u00e1na \u017eivotnost 30 let. Syst\u00e9m zachov\u00e1v\u00e1 tvar, po\u017eadovanou mechanickou pevnost a odol\u00e1v\u00e1 teplot\u00e1m v rozsahu -40\u00b0C\u00f760\u00b0C. Cel\u00fd syst\u00e9m vykazuje vysokou chemickou odolnost v\u016f\u010di chlorid\u016fm a sulfidem (ropn\u00fdm l\u00e1tk\u00e1m), nerezav\u00ed, je odoln\u00fd v\u016f\u010di elektrochemick\u00e9 korozi. Potrub\u00ed se vyr\u00e1b\u00ed v \u0161ed\u00e9m a \u010dern\u00e9m barevn\u00e9m proveden\u00ed.         <\/p>\t\t\t\t\t\t\t\t<\/div>\n\t\t\t\t<\/div>\n\t\t\t\t\t<\/div>\n\t\t<\/div>\n\t\t\t\t<div class=\"elementor-column elementor-col-50 elementor-top-column elementor-element elementor-element-5a8f416\" data-id=\"5a8f416\" data-element_type=\"column\">\n\t\t\t<div class=\"elementor-widget-wrap elementor-element-populated\">\n\t\t\t\t\t\t<div class=\"elementor-element elementor-element-9d25a9c elementor-widget elementor-widget-image\" data-id=\"9d25a9c\" data-element_type=\"widget\" data-widget_type=\"image.default\">\n\t\t\t\t<div class=\"elementor-widget-container\">\n\t\t\t\t\t\t\t\t\t\t\t\t\t\t\t<img fetchpriority=\"high\" decoding=\"async\" width=\"466\" height=\"806\" src=\"https:\/\/www.kogabau.sk\/wp-content\/uploads\/2025\/10\/kogabau-koga-isd1.png\" class=\"attachment-full size-full wp-image-4527\" alt=\"\" srcset=\"https:\/\/www.kogabau.sk\/wp-content\/uploads\/2025\/10\/kogabau-koga-isd1.png 466w, https:\/\/www.kogabau.sk\/wp-content\/uploads\/2025\/10\/kogabau-koga-isd1-173x300.png 173w\" sizes=\"(max-width: 466px) 100vw, 466px\" \/>\t\t\t\t\t\t\t\t\t\t\t\t\t\t\t<\/div>\n\t\t\t\t<\/div>\n\t\t\t\t\t<\/div>\n\t\t<\/div>\n\t\t\t\t\t<\/div>\n\t\t<\/section>\n\t\t\t\t<section class=\"elementor-section elementor-top-section elementor-element elementor-element-fed5678 elementor-section-boxed elementor-section-height-default elementor-section-height-default\" data-id=\"fed5678\" data-element_type=\"section\" data-settings=\"{&quot;background_background&quot;:&quot;classic&quot;}\">\n\t\t\t\t\t\t<div class=\"elementor-container elementor-column-gap-default\">\n\t\t\t\t\t<div class=\"elementor-column elementor-col-50 elementor-top-column elementor-element elementor-element-9243801\" data-id=\"9243801\" data-element_type=\"column\">\n\t\t\t<div class=\"elementor-widget-wrap elementor-element-populated\">\n\t\t\t\t\t\t<div class=\"elementor-element elementor-element-583d57a elementor-widget elementor-widget-heading\" data-id=\"583d57a\" data-element_type=\"widget\" data-widget_type=\"heading.default\">\n\t\t\t\t<div class=\"elementor-widget-container\">\n\t\t\t\t\t<h3 class=\"elementor-heading-title elementor-size-default\">V\u00fdhody Polyethylenov\u00e9ho syst\u00e9mu chr\u00e1ni\u010dek KOGA ISD:<\/h3>\t\t\t\t<\/div>\n\t\t\t\t<\/div>\n\t\t\t\t<div class=\"elementor-element elementor-element-916f6df elementor-widget elementor-widget-text-editor\" data-id=\"916f6df\" data-element_type=\"widget\" data-widget_type=\"text-editor.default\">\n\t\t\t\t<div class=\"elementor-widget-container\">\n\t\t\t\t\t\t\t\t\t<p>Syst\u00e9m nab\u00edz\u00ed vy\u0161\u0161\u00ed technickou, estetickou \u00farove\u0148 a v\u00fdhodn\u011bj\u0161\u00ed cenu, ne\u017e moment\u00e1ln\u011b pou\u017e\u00edvan\u00e9 syst\u00e9my na Slovensku. Mezi jeho hlavn\u00ed v\u00fdhody pat\u0159\u00ed zejm\u00e9na: <\/p><ul><li>syst\u00e9m je navr\u017een pro mostov\u00e9 objekty, ne jen pro podzemn\u00ed instalaci<\/li><li>syst\u00e9m je navrhov\u00e1n jako kompatibiln\u00ed celek v\u010detn\u011b z\u00e1v\u011bsn\u00e9 techniky<\/li><li>syst\u00e9m m\u00e1 deklarovanou UV stabilitu dle \u010cSN EN 4892, s \u017eivotnost\u00ed 30 let<\/li><li>syst\u00e9m je homogenn\u00ed, tzn. potrub\u00ed i tvarovky jsou ze stejn\u00e9ho materi\u00e1lu<\/li><li>teleskopick\u00e9 r\u00e1mov\u00e9 ocelov\u00e9 z\u00e1v\u011bsy:<\/li><li>odoln\u00e9 vo\u010di kor\u00f3zii pod\u013ea TP05\/2013 a TP11\/2012 (\u017eiarov\u00e9 zinkovanie, pr\u00e1\u0161kov\u00e1 farba), spojovac\u00ed a kotevn\u00fd materi\u00e1l z kor\u00f3zii-vzdornej ocele triede A4,<\/li><li>tov\u00e1rn\u00ed v\u00fdrobek, p\u0159i rektifikaci nedoch\u00e1z\u00ed k \u0159ez\u00e1n\u00ed materi\u00e1lu po\u0161kozen\u00ed povrchov\u00e9 \u00fapravy<\/li><li>kolena a tvarovky nava\u0159en\u00e9 p\u0159\u00edmo ke sb\u011brn\u00e9mu potrub\u00ed t.j. men\u0161\u00ed po\u010det spojek, tvarov\u00e1 variabilita.<\/li><li>chr\u00e1ni\u010dka je plastov\u00e1, t.j. nekoroduje a nen\u00ed zaj\u00edmav\u00e1 pro sb\u011bratele kov\u016f<\/li><li>\u0161ed\u00e1 barva RAL7032 syst\u00e9mu koresponduje s barvou mostov\u00e9 konstrukce,<\/li><li>komplexn\u00ed slu\u017eby \u2013 n\u00e1vrh, v\u00fdroba, dod\u00e1vka, mont\u00e1\u017e \u2013 garance kvality<\/li><\/ul>\t\t\t\t\t\t\t\t<\/div>\n\t\t\t\t<\/div>\n\t\t\t\t\t<\/div>\n\t\t<\/div>\n\t\t\t\t<div class=\"elementor-column elementor-col-50 elementor-top-column elementor-element elementor-element-18045c3\" data-id=\"18045c3\" data-element_type=\"column\">\n\t\t\t<div class=\"elementor-widget-wrap\">\n\t\t\t\t\t\t\t<\/div>\n\t\t<\/div>\n\t\t\t\t\t<\/div>\n\t\t<\/section>\n\t\t\t\t<section class=\"elementor-section elementor-top-section elementor-element elementor-element-be08196 elementor-section-boxed elementor-section-height-default elementor-section-height-default\" data-id=\"be08196\" data-element_type=\"section\" data-settings=\"{&quot;background_background&quot;:&quot;classic&quot;}\">\n\t\t\t\t\t\t<div class=\"elementor-container elementor-column-gap-default\">\n\t\t\t\t\t<div class=\"elementor-column elementor-col-33 elementor-top-column elementor-element elementor-element-794ef08\" data-id=\"794ef08\" data-element_type=\"column\">\n\t\t\t<div class=\"elementor-widget-wrap elementor-element-populated\">\n\t\t\t\t\t\t<div class=\"elementor-element elementor-element-6ca3eb0 elementor-widget elementor-widget-image\" data-id=\"6ca3eb0\" data-element_type=\"widget\" data-widget_type=\"image.default\">\n\t\t\t\t<div class=\"elementor-widget-container\">\n\t\t\t\t\t\t\t\t\t\t\t\t\t\t\t<img decoding=\"async\" width=\"464\" height=\"323\" src=\"https:\/\/www.kogabau.sk\/wp-content\/uploads\/2025\/10\/kogabau-koga-isd2.png\" class=\"attachment-full size-full wp-image-4528\" alt=\"\" srcset=\"https:\/\/www.kogabau.sk\/wp-content\/uploads\/2025\/10\/kogabau-koga-isd2.png 464w, https:\/\/www.kogabau.sk\/wp-content\/uploads\/2025\/10\/kogabau-koga-isd2-300x209.png 300w\" sizes=\"(max-width: 464px) 100vw, 464px\" \/>\t\t\t\t\t\t\t\t\t\t\t\t\t\t\t<\/div>\n\t\t\t\t<\/div>\n\t\t\t\t\t<\/div>\n\t\t<\/div>\n\t\t\t\t<div class=\"elementor-column elementor-col-33 elementor-top-column elementor-element elementor-element-c88a900\" data-id=\"c88a900\" data-element_type=\"column\">\n\t\t\t<div class=\"elementor-widget-wrap elementor-element-populated\">\n\t\t\t\t\t\t<div class=\"elementor-element elementor-element-4197a75 elementor-widget elementor-widget-image\" data-id=\"4197a75\" data-element_type=\"widget\" data-widget_type=\"image.default\">\n\t\t\t\t<div class=\"elementor-widget-container\">\n\t\t\t\t\t\t\t\t\t\t\t\t\t\t\t<img decoding=\"async\" width=\"464\" height=\"323\" src=\"https:\/\/www.kogabau.sk\/wp-content\/uploads\/2025\/10\/kogabau-koga-isd3.png\" class=\"attachment-full size-full wp-image-4529\" alt=\"\" srcset=\"https:\/\/www.kogabau.sk\/wp-content\/uploads\/2025\/10\/kogabau-koga-isd3.png 464w, https:\/\/www.kogabau.sk\/wp-content\/uploads\/2025\/10\/kogabau-koga-isd3-300x209.png 300w\" sizes=\"(max-width: 464px) 100vw, 464px\" \/>\t\t\t\t\t\t\t\t\t\t\t\t\t\t\t<\/div>\n\t\t\t\t<\/div>\n\t\t\t\t\t<\/div>\n\t\t<\/div>\n\t\t\t\t<div class=\"elementor-column elementor-col-33 elementor-top-column elementor-element elementor-element-6e67a4b\" data-id=\"6e67a4b\" data-element_type=\"column\">\n\t\t\t<div class=\"elementor-widget-wrap elementor-element-populated\">\n\t\t\t\t\t\t<div class=\"elementor-element elementor-element-eab0109 elementor-widget elementor-widget-image\" data-id=\"eab0109\" data-element_type=\"widget\" data-widget_type=\"image.default\">\n\t\t\t\t<div class=\"elementor-widget-container\">\n\t\t\t\t\t\t\t\t\t\t\t\t\t\t\t<img loading=\"lazy\" decoding=\"async\" width=\"464\" height=\"323\" src=\"https:\/\/www.kogabau.sk\/wp-content\/uploads\/2025\/10\/kogabau-koga-isd4.png\" class=\"attachment-full size-full wp-image-4530\" alt=\"\" srcset=\"https:\/\/www.kogabau.sk\/wp-content\/uploads\/2025\/10\/kogabau-koga-isd4.png 464w, https:\/\/www.kogabau.sk\/wp-content\/uploads\/2025\/10\/kogabau-koga-isd4-300x209.png 300w\" sizes=\"(max-width: 464px) 100vw, 464px\" \/>\t\t\t\t\t\t\t\t\t\t\t\t\t\t\t<\/div>\n\t\t\t\t<\/div>\n\t\t\t\t\t<\/div>\n\t\t<\/div>\n\t\t\t\t\t<\/div>\n\t\t<\/section>\n\t\t\t\t<\/div>\n\t\t","protected":false},"excerpt":{"rendered":"<p>KOGA ISD syst\u00e9m ur\u010den\u00fd pro veden\u00ed ISD kabel\u016f na mostech Popis syst\u00e9mu:Chr\u00e1ni\u010dka je tvo\u0159ena polyethylenovou trubkou vysok\u00e9 hustoty (HDPE) ur\u010den\u00e1 k ochran\u011b elektrick\u00fdch, telefonn\u00edch a datov\u00fdch kabel\u016f veden\u00fdch pod mostem. Jedn\u00e1 se o jednovrstv\u00fd modulov\u00fd potrubn\u00ed hrdlov\u00fd syst\u00e9m, kter\u00fd byl vyvinut spolu se sestavou r\u00e1mov\u00e9ho teleskopick\u00e9ho syst\u00e9mu z\u00e1v\u011bs\u016f pouze pro \u00fa\u010dely in\u017een\u00fdrsk\u00fdch objekt\u016f mimo budovy. [&hellip;]<\/p>\n","protected":false},"author":15,"featured_media":0,"parent":0,"menu_order":0,"comment_status":"closed","ping_status":"closed","template":"","meta":{"footnotes":""},"class_list":["post-4531","page","type-page","status-publish","hentry"],"yoast_head":"<!-- This site is optimized with the Yoast SEO plugin v26.2 - https:\/\/yoast.com\/wordpress\/plugins\/seo\/ -->\n<title>KOGA ISD \u2013 HDPE chr\u00e1ni\u010dky pro veden\u00ed ISD kabel\u016f na mostech | KOGA Bau<\/title>\n<meta name=\"description\" content=\"KOGA ISD je jednovrstv\u00fd HDPE syst\u00e9m chr\u00e1ni\u010dek pro elektrick\u00e9, telefonn\u00ed a datov\u00e9 kabely na mostech. UV stabiln\u00ed, chemicky odoln\u00fd, s teleskopick\u00fdmi z\u00e1v\u011bsy a \u017eivotnost\u00ed 30 let, v\u010detn\u011b n\u00e1vrhu, v\u00fdroby a mont\u00e1\u017ee.\" \/>\n<meta name=\"robots\" content=\"index, follow, max-snippet:-1, max-image-preview:large, max-video-preview:-1\" \/>\n<link rel=\"canonical\" href=\"https:\/\/www.kogabau.sk\/cs\/koga-isd\/\" \/>\n<meta property=\"og:locale\" content=\"cs_CZ\" \/>\n<meta property=\"og:type\" content=\"article\" \/>\n<meta property=\"og:title\" content=\"KOGA ISD \u2013 HDPE chr\u00e1ni\u010dky pro veden\u00ed ISD kabel\u016f na mostech | KOGA Bau\" \/>\n<meta property=\"og:description\" content=\"KOGA ISD je jednovrstv\u00fd HDPE syst\u00e9m chr\u00e1ni\u010dek pro elektrick\u00e9, telefonn\u00ed a datov\u00e9 kabely na mostech. UV stabiln\u00ed, chemicky odoln\u00fd, s teleskopick\u00fdmi z\u00e1v\u011bsy a \u017eivotnost\u00ed 30 let, v\u010detn\u011b n\u00e1vrhu, v\u00fdroby a mont\u00e1\u017ee.\" \/>\n<meta property=\"og:url\" content=\"https:\/\/www.kogabau.sk\/cs\/koga-isd\/\" \/>\n<meta property=\"og:site_name\" content=\"KOGABAU\" \/>\n<meta property=\"article:modified_time\" content=\"2025-11-06T21:05:20+00:00\" \/>\n<meta property=\"og:image\" content=\"https:\/\/www.kogabau.sk\/wp-content\/uploads\/2025\/10\/kogabau-koga-isd1.png\" \/>\n\t<meta property=\"og:image:width\" content=\"466\" \/>\n\t<meta property=\"og:image:height\" content=\"806\" \/>\n\t<meta property=\"og:image:type\" content=\"image\/png\" \/>\n<meta name=\"twitter:card\" content=\"summary_large_image\" \/>\n<meta name=\"twitter:label1\" content=\"Odhadovan\u00e1 doba \u010dten\u00ed\" \/>\n\t<meta name=\"twitter:data1\" content=\"2 minuty\" \/>\n<script type=\"application\/ld+json\" class=\"yoast-schema-graph\">{\"@context\":\"https:\/\/schema.org\",\"@graph\":[{\"@type\":\"WebPage\",\"@id\":\"https:\/\/www.kogabau.sk\/cs\/koga-isd\/\",\"url\":\"https:\/\/www.kogabau.sk\/cs\/koga-isd\/\",\"name\":\"KOGA ISD \u2013 HDPE chr\u00e1ni\u010dky pro veden\u00ed ISD kabel\u016f na mostech | KOGA Bau\",\"isPartOf\":{\"@id\":\"https:\/\/www.kogabau.sk\/cs\/#website\"},\"primaryImageOfPage\":{\"@id\":\"https:\/\/www.kogabau.sk\/cs\/koga-isd\/#primaryimage\"},\"image\":{\"@id\":\"https:\/\/www.kogabau.sk\/cs\/koga-isd\/#primaryimage\"},\"thumbnailUrl\":\"https:\/\/www.kogabau.sk\/wp-content\/uploads\/2025\/10\/kogabau-koga-isd1.png\",\"datePublished\":\"2025-10-12T15:28:03+00:00\",\"dateModified\":\"2025-11-06T21:05:20+00:00\",\"description\":\"KOGA ISD je jednovrstv\u00fd HDPE syst\u00e9m chr\u00e1ni\u010dek pro elektrick\u00e9, telefonn\u00ed a datov\u00e9 kabely na mostech. UV stabiln\u00ed, chemicky odoln\u00fd, s teleskopick\u00fdmi z\u00e1v\u011bsy a \u017eivotnost\u00ed 30 let, v\u010detn\u011b n\u00e1vrhu, v\u00fdroby a mont\u00e1\u017ee.\",\"breadcrumb\":{\"@id\":\"https:\/\/www.kogabau.sk\/cs\/koga-isd\/#breadcrumb\"},\"inLanguage\":\"cs\",\"potentialAction\":[{\"@type\":\"ReadAction\",\"target\":[\"https:\/\/www.kogabau.sk\/cs\/koga-isd\/\"]}]},{\"@type\":\"ImageObject\",\"inLanguage\":\"cs\",\"@id\":\"https:\/\/www.kogabau.sk\/cs\/koga-isd\/#primaryimage\",\"url\":\"https:\/\/www.kogabau.sk\/wp-content\/uploads\/2025\/10\/kogabau-koga-isd1.png\",\"contentUrl\":\"https:\/\/www.kogabau.sk\/wp-content\/uploads\/2025\/10\/kogabau-koga-isd1.png\"},{\"@type\":\"BreadcrumbList\",\"@id\":\"https:\/\/www.kogabau.sk\/cs\/koga-isd\/#breadcrumb\",\"itemListElement\":[{\"@type\":\"ListItem\",\"position\":1,\"name\":\"Home\",\"item\":\"https:\/\/www.kogabau.sk\/cs\/\"},{\"@type\":\"ListItem\",\"position\":2,\"name\":\"KOGA ISD\"}]},{\"@type\":\"WebSite\",\"@id\":\"https:\/\/www.kogabau.sk\/cs\/#website\",\"url\":\"https:\/\/www.kogabau.sk\/cs\/\",\"name\":\"KOGABAU\",\"description\":\"\",\"publisher\":{\"@id\":\"https:\/\/www.kogabau.sk\/cs\/#organization\"},\"potentialAction\":[{\"@type\":\"SearchAction\",\"target\":{\"@type\":\"EntryPoint\",\"urlTemplate\":\"https:\/\/www.kogabau.sk\/cs\/?s={search_term_string}\"},\"query-input\":{\"@type\":\"PropertyValueSpecification\",\"valueRequired\":true,\"valueName\":\"search_term_string\"}}],\"inLanguage\":\"cs\"},{\"@type\":\"Organization\",\"@id\":\"https:\/\/www.kogabau.sk\/cs\/#organization\",\"name\":\"KOGABAU\",\"url\":\"https:\/\/www.kogabau.sk\/cs\/\",\"logo\":{\"@type\":\"ImageObject\",\"inLanguage\":\"cs\",\"@id\":\"https:\/\/www.kogabau.sk\/cs\/#\/schema\/logo\/image\/\",\"url\":\"https:\/\/www.kogabau.sk\/wp-content\/uploads\/2021\/02\/KOGA-BAU-logo-cierne.png\",\"contentUrl\":\"https:\/\/www.kogabau.sk\/wp-content\/uploads\/2021\/02\/KOGA-BAU-logo-cierne.png\",\"width\":516,\"height\":66,\"caption\":\"KOGABAU\"},\"image\":{\"@id\":\"https:\/\/www.kogabau.sk\/cs\/#\/schema\/logo\/image\/\"}}]}<\/script>\n<!-- \/ Yoast SEO plugin. -->","yoast_head_json":{"title":"KOGA ISD \u2013 HDPE chr\u00e1ni\u010dky pro veden\u00ed ISD kabel\u016f na mostech | KOGA Bau","description":"KOGA ISD je jednovrstv\u00fd HDPE syst\u00e9m chr\u00e1ni\u010dek pro elektrick\u00e9, telefonn\u00ed a datov\u00e9 kabely na mostech. UV stabiln\u00ed, chemicky odoln\u00fd, s teleskopick\u00fdmi z\u00e1v\u011bsy a \u017eivotnost\u00ed 30 let, v\u010detn\u011b n\u00e1vrhu, v\u00fdroby a mont\u00e1\u017ee.","robots":{"index":"index","follow":"follow","max-snippet":"max-snippet:-1","max-image-preview":"max-image-preview:large","max-video-preview":"max-video-preview:-1"},"canonical":"https:\/\/www.kogabau.sk\/cs\/koga-isd\/","og_locale":"cs_CZ","og_type":"article","og_title":"KOGA ISD \u2013 HDPE chr\u00e1ni\u010dky pro veden\u00ed ISD kabel\u016f na mostech | KOGA Bau","og_description":"KOGA ISD je jednovrstv\u00fd HDPE syst\u00e9m chr\u00e1ni\u010dek pro elektrick\u00e9, telefonn\u00ed a datov\u00e9 kabely na mostech. UV stabiln\u00ed, chemicky odoln\u00fd, s teleskopick\u00fdmi z\u00e1v\u011bsy a \u017eivotnost\u00ed 30 let, v\u010detn\u011b n\u00e1vrhu, v\u00fdroby a mont\u00e1\u017ee.","og_url":"https:\/\/www.kogabau.sk\/cs\/koga-isd\/","og_site_name":"KOGABAU","article_modified_time":"2025-11-06T21:05:20+00:00","og_image":[{"width":466,"height":806,"url":"https:\/\/www.kogabau.sk\/wp-content\/uploads\/2025\/10\/kogabau-koga-isd1.png","type":"image\/png"}],"twitter_card":"summary_large_image","twitter_misc":{"Odhadovan\u00e1 doba \u010dten\u00ed":"2 minuty"},"schema":{"@context":"https:\/\/schema.org","@graph":[{"@type":"WebPage","@id":"https:\/\/www.kogabau.sk\/cs\/koga-isd\/","url":"https:\/\/www.kogabau.sk\/cs\/koga-isd\/","name":"KOGA ISD \u2013 HDPE chr\u00e1ni\u010dky pro veden\u00ed ISD kabel\u016f na mostech | KOGA Bau","isPartOf":{"@id":"https:\/\/www.kogabau.sk\/cs\/#website"},"primaryImageOfPage":{"@id":"https:\/\/www.kogabau.sk\/cs\/koga-isd\/#primaryimage"},"image":{"@id":"https:\/\/www.kogabau.sk\/cs\/koga-isd\/#primaryimage"},"thumbnailUrl":"https:\/\/www.kogabau.sk\/wp-content\/uploads\/2025\/10\/kogabau-koga-isd1.png","datePublished":"2025-10-12T15:28:03+00:00","dateModified":"2025-11-06T21:05:20+00:00","description":"KOGA ISD je jednovrstv\u00fd HDPE syst\u00e9m chr\u00e1ni\u010dek pro elektrick\u00e9, telefonn\u00ed a datov\u00e9 kabely na mostech. UV stabiln\u00ed, chemicky odoln\u00fd, s teleskopick\u00fdmi z\u00e1v\u011bsy a \u017eivotnost\u00ed 30 let, v\u010detn\u011b n\u00e1vrhu, v\u00fdroby a mont\u00e1\u017ee.","breadcrumb":{"@id":"https:\/\/www.kogabau.sk\/cs\/koga-isd\/#breadcrumb"},"inLanguage":"cs","potentialAction":[{"@type":"ReadAction","target":["https:\/\/www.kogabau.sk\/cs\/koga-isd\/"]}]},{"@type":"ImageObject","inLanguage":"cs","@id":"https:\/\/www.kogabau.sk\/cs\/koga-isd\/#primaryimage","url":"https:\/\/www.kogabau.sk\/wp-content\/uploads\/2025\/10\/kogabau-koga-isd1.png","contentUrl":"https:\/\/www.kogabau.sk\/wp-content\/uploads\/2025\/10\/kogabau-koga-isd1.png"},{"@type":"BreadcrumbList","@id":"https:\/\/www.kogabau.sk\/cs\/koga-isd\/#breadcrumb","itemListElement":[{"@type":"ListItem","position":1,"name":"Home","item":"https:\/\/www.kogabau.sk\/cs\/"},{"@type":"ListItem","position":2,"name":"KOGA ISD"}]},{"@type":"WebSite","@id":"https:\/\/www.kogabau.sk\/cs\/#website","url":"https:\/\/www.kogabau.sk\/cs\/","name":"KOGABAU","description":"","publisher":{"@id":"https:\/\/www.kogabau.sk\/cs\/#organization"},"potentialAction":[{"@type":"SearchAction","target":{"@type":"EntryPoint","urlTemplate":"https:\/\/www.kogabau.sk\/cs\/?s={search_term_string}"},"query-input":{"@type":"PropertyValueSpecification","valueRequired":true,"valueName":"search_term_string"}}],"inLanguage":"cs"},{"@type":"Organization","@id":"https:\/\/www.kogabau.sk\/cs\/#organization","name":"KOGABAU","url":"https:\/\/www.kogabau.sk\/cs\/","logo":{"@type":"ImageObject","inLanguage":"cs","@id":"https:\/\/www.kogabau.sk\/cs\/#\/schema\/logo\/image\/","url":"https:\/\/www.kogabau.sk\/wp-content\/uploads\/2021\/02\/KOGA-BAU-logo-cierne.png","contentUrl":"https:\/\/www.kogabau.sk\/wp-content\/uploads\/2021\/02\/KOGA-BAU-logo-cierne.png","width":516,"height":66,"caption":"KOGABAU"},"image":{"@id":"https:\/\/www.kogabau.sk\/cs\/#\/schema\/logo\/image\/"}}]}},"_links":{"self":[{"href":"https:\/\/www.kogabau.sk\/cs\/wp-json\/wp\/v2\/pages\/4531","targetHints":{"allow":["GET"]}}],"collection":[{"href":"https:\/\/www.kogabau.sk\/cs\/wp-json\/wp\/v2\/pages"}],"about":[{"href":"https:\/\/www.kogabau.sk\/cs\/wp-json\/wp\/v2\/types\/page"}],"author":[{"embeddable":true,"href":"https:\/\/www.kogabau.sk\/cs\/wp-json\/wp\/v2\/users\/15"}],"replies":[{"embeddable":true,"href":"https:\/\/www.kogabau.sk\/cs\/wp-json\/wp\/v2\/comments?post=4531"}],"version-history":[{"count":1,"href":"https:\/\/www.kogabau.sk\/cs\/wp-json\/wp\/v2\/pages\/4531\/revisions"}],"predecessor-version":[{"id":4532,"href":"https:\/\/www.kogabau.sk\/cs\/wp-json\/wp\/v2\/pages\/4531\/revisions\/4532"}],"wp:attachment":[{"href":"https:\/\/www.kogabau.sk\/cs\/wp-json\/wp\/v2\/media?parent=4531"}],"curies":[{"name":"wp","href":"https:\/\/api.w.org\/{rel}","templated":true}]}}