{"id":4535,"date":"2025-10-12T17:14:53","date_gmt":"2025-10-12T15:14:53","guid":{"rendered":"https:\/\/www.kogabau.sk\/koga-toh\/"},"modified":"2025-11-06T22:06:47","modified_gmt":"2025-11-06T21:06:47","slug":"koga-toh","status":"publish","type":"page","link":"https:\/\/www.kogabau.sk\/cs\/koga-toh\/","title":{"rendered":"KOGA TOH"},"content":{"rendered":"\t\t<div data-elementor-type=\"wp-page\" data-elementor-id=\"4535\" class=\"elementor elementor-4535 elementor-1220\" data-elementor-post-type=\"page\">\n\t\t\t\t\t\t<section class=\"elementor-section elementor-top-section elementor-element elementor-element-9ae7452 elementor-section-boxed elementor-section-height-default elementor-section-height-default\" data-id=\"9ae7452\" data-element_type=\"section\" data-settings=\"{&quot;background_background&quot;:&quot;classic&quot;}\">\n\t\t\t\t\t\t<div class=\"elementor-container elementor-column-gap-default\">\n\t\t\t\t\t<div class=\"elementor-column elementor-col-100 elementor-top-column elementor-element elementor-element-f797e12\" data-id=\"f797e12\" data-element_type=\"column\">\n\t\t\t<div class=\"elementor-widget-wrap elementor-element-populated\">\n\t\t\t\t\t\t<div class=\"elementor-element elementor-element-9a2f37e elementor-widget elementor-widget-spacer\" data-id=\"9a2f37e\" data-element_type=\"widget\" data-widget_type=\"spacer.default\">\n\t\t\t\t<div class=\"elementor-widget-container\">\n\t\t\t\t\t\t\t<div class=\"elementor-spacer\">\n\t\t\t<div class=\"elementor-spacer-inner\"><\/div>\n\t\t<\/div>\n\t\t\t\t\t\t<\/div>\n\t\t\t\t<\/div>\n\t\t\t\t<div class=\"elementor-element elementor-element-004728d elementor-widget elementor-widget-heading\" data-id=\"004728d\" data-element_type=\"widget\" data-widget_type=\"heading.default\">\n\t\t\t\t<div class=\"elementor-widget-container\">\n\t\t\t\t\t<h1 class=\"elementor-heading-title elementor-size-default\">KOGA TOH<\/h1>\t\t\t\t<\/div>\n\t\t\t\t<\/div>\n\t\t\t\t\t<\/div>\n\t\t<\/div>\n\t\t\t\t\t<\/div>\n\t\t<\/section>\n\t\t\t\t<section class=\"elementor-section elementor-top-section elementor-element elementor-element-49ba05b elementor-section-boxed elementor-section-height-default elementor-section-height-default\" data-id=\"49ba05b\" data-element_type=\"section\" data-settings=\"{&quot;background_background&quot;:&quot;classic&quot;}\">\n\t\t\t\t\t\t<div class=\"elementor-container elementor-column-gap-default\">\n\t\t\t\t\t<div class=\"elementor-column elementor-col-100 elementor-top-column elementor-element elementor-element-6fd1e3e\" data-id=\"6fd1e3e\" data-element_type=\"column\">\n\t\t\t<div class=\"elementor-widget-wrap elementor-element-populated\">\n\t\t\t\t\t\t<div class=\"elementor-element elementor-element-ed72659 elementor-widget elementor-widget-text-editor\" data-id=\"ed72659\" data-element_type=\"widget\" data-widget_type=\"text-editor.default\">\n\t\t\t\t<div class=\"elementor-widget-container\">\n\t\t\t\t\t\t\t\t\t<p>Tvarovka odvodn\u011bn\u00ed hydroizolace KOGA TOH je nezbytnou sou\u010d\u00e1st\u00ed odvodn\u011bn\u00ed most\u016f. Jej\u00edm \u00fakolem je odv\u00e1d\u011bn\u00ed vody prosakuj\u00edc\u00ed p\u0159es vozovkov\u00e9 souvrstv\u00ed na \u00farovni hydroizolace.<\/p><p>V\u0161echna proveden\u00ed KOGA TOH spl\u0148uj\u00ed po\u017eadavky p\u0159\u00edslu\u0161n\u00fdch norem a Technick\u00fdch p\u0159edpis\u016f. <br>TOH vyr\u00e1b\u00edme a dod\u00e1v\u00e1me na stavbu i v atypick\u00fdch proveden\u00edch, co se t\u00fd\u010de tvaru a d\u00e9lky odtoku. V na\u0161em portfoliu m\u00e1me TOH vyhotoven\u00e9 z polyamidu vyztu\u017een\u00e9ho sklen\u011bn\u00fdm vl\u00e1knem, kompozit\u016f a nerezov\u00e9 oceli t\u0159\u00eddy A2 a A4. <\/p><p>V\u0161echna n\u00e1mi nab\u00edzen\u00e1 \u0159e\u0161en\u00ed KOGA TOH maj\u00ed samostatn\u00fd v\u00fdrobkov\u00fd certifik\u00e1t, prokazuj\u00edc\u00ed jejich vhodnost pou\u017eit\u00ed na mostn\u00edm objektu. Takov\u00fd p\u0159\u00edstup zaru\u010duje zhotoviteli bezprobl\u00e9movou kolaudaci d\u00edla a investorovi bezprobl\u00e9mov\u00e9 fungov\u00e1n\u00ed tohoto prvku v pr\u016fb\u011bhu pou\u017e\u00edv\u00e1n\u00ed mostn\u00edho objektu. <br>V r\u00e1mci na\u0161eho syst\u00e9mu nab\u00edz\u00edme mo\u017enost napojen\u00ed odtok\u016f KOGA TOH na kolektor pomoc\u00ed tvarovek vyhotoven\u00fdch z flexibiln\u00edch hadic. <\/p><p>V\u00fdhody pou\u017eit\u00ed KOGA TOH:<\/p>\t\t\t\t\t\t\t\t<\/div>\n\t\t\t\t<\/div>\n\t\t\t\t<div class=\"elementor-element elementor-element-af5e893 elementor-widget elementor-widget-text-editor\" data-id=\"af5e893\" data-element_type=\"widget\" data-widget_type=\"text-editor.default\">\n\t\t\t\t<div class=\"elementor-widget-container\">\n\t\t\t\t\t\t\t\t\t<ul><li>dedikovan\u00fd v\u00fdrobek ur\u010den\u00fd k pou\u017eit\u00ed na mostech<\/li><li>kvalita potvrzen\u00e1 certifik\u00e1tem v\u00fdrobku \u2013 bezprobl\u00e9mov\u00e1 kolaudace<\/li><li>odborn\u00e9 poradenstv\u00ed p\u0159i n\u00e1vrhu KOGA TOH<\/li><li>mo\u017enost vyroben\u00ed atypick\u00e9ho kusu podle pot\u0159eby mostn\u00edho objektu<\/li><li>KOGA TOH jako sou\u010d\u00e1st cel\u00e9ho syst\u00e9mu odvodn\u011bn\u00ed \u2013 bezprobl\u00e9mov\u00e9 pou\u017e\u00edv\u00e1n\u00ed<\/li><\/ul>\t\t\t\t\t\t\t\t<\/div>\n\t\t\t\t<\/div>\n\t\t\t\t\t<\/div>\n\t\t<\/div>\n\t\t\t\t\t<\/div>\n\t\t<\/section>\n\t\t\t\t<section class=\"elementor-section elementor-top-section elementor-element elementor-element-44858ea elementor-section-boxed elementor-section-height-default elementor-section-height-default\" data-id=\"44858ea\" data-element_type=\"section\" data-settings=\"{&quot;background_background&quot;:&quot;classic&quot;}\">\n\t\t\t\t\t\t<div class=\"elementor-container elementor-column-gap-default\">\n\t\t\t\t\t<div class=\"elementor-column elementor-col-50 elementor-top-column elementor-element elementor-element-6f2353d\" data-id=\"6f2353d\" data-element_type=\"column\">\n\t\t\t<div class=\"elementor-widget-wrap elementor-element-populated\">\n\t\t\t\t\t\t<div class=\"elementor-element elementor-element-1a85c04 elementor-widget elementor-widget-image\" data-id=\"1a85c04\" data-element_type=\"widget\" data-widget_type=\"image.default\">\n\t\t\t\t<div class=\"elementor-widget-container\">\n\t\t\t\t\t\t\t\t\t\t\t\t\t\t\t<img fetchpriority=\"high\" decoding=\"async\" width=\"665\" height=\"819\" src=\"https:\/\/www.kogabau.sk\/wp-content\/uploads\/2025\/10\/kogabau-koga-toh1.png\" class=\"attachment-full size-full wp-image-4533\" alt=\"\" srcset=\"https:\/\/www.kogabau.sk\/wp-content\/uploads\/2025\/10\/kogabau-koga-toh1.png 665w, https:\/\/www.kogabau.sk\/wp-content\/uploads\/2025\/10\/kogabau-koga-toh1-244x300.png 244w\" sizes=\"(max-width: 665px) 100vw, 665px\" \/>\t\t\t\t\t\t\t\t\t\t\t\t\t\t\t<\/div>\n\t\t\t\t<\/div>\n\t\t\t\t\t<\/div>\n\t\t<\/div>\n\t\t\t\t<div class=\"elementor-column elementor-col-50 elementor-top-column elementor-element elementor-element-3865ee8\" data-id=\"3865ee8\" data-element_type=\"column\">\n\t\t\t<div class=\"elementor-widget-wrap elementor-element-populated\">\n\t\t\t\t\t\t<div class=\"elementor-element elementor-element-c1ca85c elementor-widget elementor-widget-image\" data-id=\"c1ca85c\" data-element_type=\"widget\" data-widget_type=\"image.default\">\n\t\t\t\t<div class=\"elementor-widget-container\">\n\t\t\t\t\t\t\t\t\t\t\t\t\t\t\t<img decoding=\"async\" width=\"557\" height=\"820\" src=\"https:\/\/www.kogabau.sk\/wp-content\/uploads\/2025\/10\/kogabau-koga-toh2.png\" class=\"attachment-full size-full wp-image-4534\" alt=\"\" srcset=\"https:\/\/www.kogabau.sk\/wp-content\/uploads\/2025\/10\/kogabau-koga-toh2.png 557w, https:\/\/www.kogabau.sk\/wp-content\/uploads\/2025\/10\/kogabau-koga-toh2-204x300.png 204w\" sizes=\"(max-width: 557px) 100vw, 557px\" \/>\t\t\t\t\t\t\t\t\t\t\t\t\t\t\t<\/div>\n\t\t\t\t<\/div>\n\t\t\t\t\t<\/div>\n\t\t<\/div>\n\t\t\t\t\t<\/div>\n\t\t<\/section>\n\t\t\t\t<\/div>\n\t\t","protected":false},"excerpt":{"rendered":"<p>KOGA TOH Tvarovka odvodn\u011bn\u00ed hydroizolace KOGA TOH je nezbytnou sou\u010d\u00e1st\u00ed odvodn\u011bn\u00ed most\u016f. Jej\u00edm \u00fakolem je odv\u00e1d\u011bn\u00ed vody prosakuj\u00edc\u00ed p\u0159es vozovkov\u00e9 souvrstv\u00ed na \u00farovni hydroizolace. V\u0161echna proveden\u00ed KOGA TOH spl\u0148uj\u00ed po\u017eadavky p\u0159\u00edslu\u0161n\u00fdch norem a Technick\u00fdch p\u0159edpis\u016f. TOH vyr\u00e1b\u00edme a dod\u00e1v\u00e1me na stavbu i v atypick\u00fdch proveden\u00edch, co se t\u00fd\u010de tvaru a d\u00e9lky odtoku. V na\u0161em portfoliu [&hellip;]<\/p>\n","protected":false},"author":15,"featured_media":0,"parent":0,"menu_order":0,"comment_status":"closed","ping_status":"closed","template":"","meta":{"footnotes":""},"class_list":["post-4535","page","type-page","status-publish","hentry"],"yoast_head":"<!-- This site is optimized with the Yoast SEO plugin v26.2 - https:\/\/yoast.com\/wordpress\/plugins\/seo\/ -->\n<title>KOGA TOH \u2013 tvarovky odvodn\u011bn\u00ed hydroizolace pro mosty | KOGA Bau<\/title>\n<meta name=\"description\" content=\"KOGA TOH jsou certifikovan\u00e9 tvarovky pro odvodn\u011bn\u00ed hydroizolace most\u016f, dostupn\u00e9 v polyamidu, kompozitech a nerezov\u00e9 oceli. Mo\u017enost atypick\u00fdch proveden\u00ed a napojen\u00ed na kolektor zaru\u010duje spolehliv\u00e9 fungov\u00e1n\u00ed syst\u00e9mu.\" \/>\n<meta name=\"robots\" content=\"index, follow, max-snippet:-1, max-image-preview:large, max-video-preview:-1\" \/>\n<link rel=\"canonical\" href=\"https:\/\/www.kogabau.sk\/cs\/koga-toh\/\" \/>\n<meta property=\"og:locale\" content=\"cs_CZ\" \/>\n<meta property=\"og:type\" content=\"article\" \/>\n<meta property=\"og:title\" content=\"KOGA TOH \u2013 tvarovky odvodn\u011bn\u00ed hydroizolace pro mosty | KOGA Bau\" \/>\n<meta property=\"og:description\" content=\"KOGA TOH jsou certifikovan\u00e9 tvarovky pro odvodn\u011bn\u00ed hydroizolace most\u016f, dostupn\u00e9 v polyamidu, kompozitech a nerezov\u00e9 oceli. Mo\u017enost atypick\u00fdch proveden\u00ed a napojen\u00ed na kolektor zaru\u010duje spolehliv\u00e9 fungov\u00e1n\u00ed syst\u00e9mu.\" \/>\n<meta property=\"og:url\" content=\"https:\/\/www.kogabau.sk\/cs\/koga-toh\/\" \/>\n<meta property=\"og:site_name\" content=\"KOGABAU\" \/>\n<meta property=\"article:modified_time\" content=\"2025-11-06T21:06:47+00:00\" \/>\n<meta property=\"og:image\" content=\"https:\/\/www.kogabau.sk\/wp-content\/uploads\/2025\/10\/kogabau-koga-toh1.png\" \/>\n\t<meta property=\"og:image:width\" content=\"665\" \/>\n\t<meta property=\"og:image:height\" content=\"819\" \/>\n\t<meta property=\"og:image:type\" content=\"image\/png\" \/>\n<meta name=\"twitter:card\" content=\"summary_large_image\" \/>\n<meta name=\"twitter:label1\" content=\"Odhadovan\u00e1 doba \u010dten\u00ed\" \/>\n\t<meta name=\"twitter:data1\" content=\"1 minuta\" \/>\n<script type=\"application\/ld+json\" class=\"yoast-schema-graph\">{\"@context\":\"https:\/\/schema.org\",\"@graph\":[{\"@type\":\"WebPage\",\"@id\":\"https:\/\/www.kogabau.sk\/cs\/koga-toh\/\",\"url\":\"https:\/\/www.kogabau.sk\/cs\/koga-toh\/\",\"name\":\"KOGA TOH \u2013 tvarovky odvodn\u011bn\u00ed hydroizolace pro mosty | KOGA Bau\",\"isPartOf\":{\"@id\":\"https:\/\/www.kogabau.sk\/cs\/#website\"},\"primaryImageOfPage\":{\"@id\":\"https:\/\/www.kogabau.sk\/cs\/koga-toh\/#primaryimage\"},\"image\":{\"@id\":\"https:\/\/www.kogabau.sk\/cs\/koga-toh\/#primaryimage\"},\"thumbnailUrl\":\"https:\/\/www.kogabau.sk\/wp-content\/uploads\/2025\/10\/kogabau-koga-toh1.png\",\"datePublished\":\"2025-10-12T15:14:53+00:00\",\"dateModified\":\"2025-11-06T21:06:47+00:00\",\"description\":\"KOGA TOH jsou certifikovan\u00e9 tvarovky pro odvodn\u011bn\u00ed hydroizolace most\u016f, dostupn\u00e9 v polyamidu, kompozitech a nerezov\u00e9 oceli. Mo\u017enost atypick\u00fdch proveden\u00ed a napojen\u00ed na kolektor zaru\u010duje spolehliv\u00e9 fungov\u00e1n\u00ed syst\u00e9mu.\",\"breadcrumb\":{\"@id\":\"https:\/\/www.kogabau.sk\/cs\/koga-toh\/#breadcrumb\"},\"inLanguage\":\"cs\",\"potentialAction\":[{\"@type\":\"ReadAction\",\"target\":[\"https:\/\/www.kogabau.sk\/cs\/koga-toh\/\"]}]},{\"@type\":\"ImageObject\",\"inLanguage\":\"cs\",\"@id\":\"https:\/\/www.kogabau.sk\/cs\/koga-toh\/#primaryimage\",\"url\":\"https:\/\/www.kogabau.sk\/wp-content\/uploads\/2025\/10\/kogabau-koga-toh1.png\",\"contentUrl\":\"https:\/\/www.kogabau.sk\/wp-content\/uploads\/2025\/10\/kogabau-koga-toh1.png\"},{\"@type\":\"BreadcrumbList\",\"@id\":\"https:\/\/www.kogabau.sk\/cs\/koga-toh\/#breadcrumb\",\"itemListElement\":[{\"@type\":\"ListItem\",\"position\":1,\"name\":\"Home\",\"item\":\"https:\/\/www.kogabau.sk\/cs\/\"},{\"@type\":\"ListItem\",\"position\":2,\"name\":\"KOGA TOH\"}]},{\"@type\":\"WebSite\",\"@id\":\"https:\/\/www.kogabau.sk\/cs\/#website\",\"url\":\"https:\/\/www.kogabau.sk\/cs\/\",\"name\":\"KOGABAU\",\"description\":\"\",\"publisher\":{\"@id\":\"https:\/\/www.kogabau.sk\/cs\/#organization\"},\"potentialAction\":[{\"@type\":\"SearchAction\",\"target\":{\"@type\":\"EntryPoint\",\"urlTemplate\":\"https:\/\/www.kogabau.sk\/cs\/?s={search_term_string}\"},\"query-input\":{\"@type\":\"PropertyValueSpecification\",\"valueRequired\":true,\"valueName\":\"search_term_string\"}}],\"inLanguage\":\"cs\"},{\"@type\":\"Organization\",\"@id\":\"https:\/\/www.kogabau.sk\/cs\/#organization\",\"name\":\"KOGABAU\",\"url\":\"https:\/\/www.kogabau.sk\/cs\/\",\"logo\":{\"@type\":\"ImageObject\",\"inLanguage\":\"cs\",\"@id\":\"https:\/\/www.kogabau.sk\/cs\/#\/schema\/logo\/image\/\",\"url\":\"https:\/\/www.kogabau.sk\/wp-content\/uploads\/2021\/02\/KOGA-BAU-logo-cierne.png\",\"contentUrl\":\"https:\/\/www.kogabau.sk\/wp-content\/uploads\/2021\/02\/KOGA-BAU-logo-cierne.png\",\"width\":516,\"height\":66,\"caption\":\"KOGABAU\"},\"image\":{\"@id\":\"https:\/\/www.kogabau.sk\/cs\/#\/schema\/logo\/image\/\"}}]}<\/script>\n<!-- \/ Yoast SEO plugin. -->","yoast_head_json":{"title":"KOGA TOH \u2013 tvarovky odvodn\u011bn\u00ed hydroizolace pro mosty | KOGA Bau","description":"KOGA TOH jsou certifikovan\u00e9 tvarovky pro odvodn\u011bn\u00ed hydroizolace most\u016f, dostupn\u00e9 v polyamidu, kompozitech a nerezov\u00e9 oceli. Mo\u017enost atypick\u00fdch proveden\u00ed a napojen\u00ed na kolektor zaru\u010duje spolehliv\u00e9 fungov\u00e1n\u00ed syst\u00e9mu.","robots":{"index":"index","follow":"follow","max-snippet":"max-snippet:-1","max-image-preview":"max-image-preview:large","max-video-preview":"max-video-preview:-1"},"canonical":"https:\/\/www.kogabau.sk\/cs\/koga-toh\/","og_locale":"cs_CZ","og_type":"article","og_title":"KOGA TOH \u2013 tvarovky odvodn\u011bn\u00ed hydroizolace pro mosty | KOGA Bau","og_description":"KOGA TOH jsou certifikovan\u00e9 tvarovky pro odvodn\u011bn\u00ed hydroizolace most\u016f, dostupn\u00e9 v polyamidu, kompozitech a nerezov\u00e9 oceli. Mo\u017enost atypick\u00fdch proveden\u00ed a napojen\u00ed na kolektor zaru\u010duje spolehliv\u00e9 fungov\u00e1n\u00ed syst\u00e9mu.","og_url":"https:\/\/www.kogabau.sk\/cs\/koga-toh\/","og_site_name":"KOGABAU","article_modified_time":"2025-11-06T21:06:47+00:00","og_image":[{"width":665,"height":819,"url":"https:\/\/www.kogabau.sk\/wp-content\/uploads\/2025\/10\/kogabau-koga-toh1.png","type":"image\/png"}],"twitter_card":"summary_large_image","twitter_misc":{"Odhadovan\u00e1 doba \u010dten\u00ed":"1 minuta"},"schema":{"@context":"https:\/\/schema.org","@graph":[{"@type":"WebPage","@id":"https:\/\/www.kogabau.sk\/cs\/koga-toh\/","url":"https:\/\/www.kogabau.sk\/cs\/koga-toh\/","name":"KOGA TOH \u2013 tvarovky odvodn\u011bn\u00ed hydroizolace pro mosty | KOGA Bau","isPartOf":{"@id":"https:\/\/www.kogabau.sk\/cs\/#website"},"primaryImageOfPage":{"@id":"https:\/\/www.kogabau.sk\/cs\/koga-toh\/#primaryimage"},"image":{"@id":"https:\/\/www.kogabau.sk\/cs\/koga-toh\/#primaryimage"},"thumbnailUrl":"https:\/\/www.kogabau.sk\/wp-content\/uploads\/2025\/10\/kogabau-koga-toh1.png","datePublished":"2025-10-12T15:14:53+00:00","dateModified":"2025-11-06T21:06:47+00:00","description":"KOGA TOH jsou certifikovan\u00e9 tvarovky pro odvodn\u011bn\u00ed hydroizolace most\u016f, dostupn\u00e9 v polyamidu, kompozitech a nerezov\u00e9 oceli. Mo\u017enost atypick\u00fdch proveden\u00ed a napojen\u00ed na kolektor zaru\u010duje spolehliv\u00e9 fungov\u00e1n\u00ed syst\u00e9mu.","breadcrumb":{"@id":"https:\/\/www.kogabau.sk\/cs\/koga-toh\/#breadcrumb"},"inLanguage":"cs","potentialAction":[{"@type":"ReadAction","target":["https:\/\/www.kogabau.sk\/cs\/koga-toh\/"]}]},{"@type":"ImageObject","inLanguage":"cs","@id":"https:\/\/www.kogabau.sk\/cs\/koga-toh\/#primaryimage","url":"https:\/\/www.kogabau.sk\/wp-content\/uploads\/2025\/10\/kogabau-koga-toh1.png","contentUrl":"https:\/\/www.kogabau.sk\/wp-content\/uploads\/2025\/10\/kogabau-koga-toh1.png"},{"@type":"BreadcrumbList","@id":"https:\/\/www.kogabau.sk\/cs\/koga-toh\/#breadcrumb","itemListElement":[{"@type":"ListItem","position":1,"name":"Home","item":"https:\/\/www.kogabau.sk\/cs\/"},{"@type":"ListItem","position":2,"name":"KOGA TOH"}]},{"@type":"WebSite","@id":"https:\/\/www.kogabau.sk\/cs\/#website","url":"https:\/\/www.kogabau.sk\/cs\/","name":"KOGABAU","description":"","publisher":{"@id":"https:\/\/www.kogabau.sk\/cs\/#organization"},"potentialAction":[{"@type":"SearchAction","target":{"@type":"EntryPoint","urlTemplate":"https:\/\/www.kogabau.sk\/cs\/?s={search_term_string}"},"query-input":{"@type":"PropertyValueSpecification","valueRequired":true,"valueName":"search_term_string"}}],"inLanguage":"cs"},{"@type":"Organization","@id":"https:\/\/www.kogabau.sk\/cs\/#organization","name":"KOGABAU","url":"https:\/\/www.kogabau.sk\/cs\/","logo":{"@type":"ImageObject","inLanguage":"cs","@id":"https:\/\/www.kogabau.sk\/cs\/#\/schema\/logo\/image\/","url":"https:\/\/www.kogabau.sk\/wp-content\/uploads\/2021\/02\/KOGA-BAU-logo-cierne.png","contentUrl":"https:\/\/www.kogabau.sk\/wp-content\/uploads\/2021\/02\/KOGA-BAU-logo-cierne.png","width":516,"height":66,"caption":"KOGABAU"},"image":{"@id":"https:\/\/www.kogabau.sk\/cs\/#\/schema\/logo\/image\/"}}]}},"_links":{"self":[{"href":"https:\/\/www.kogabau.sk\/cs\/wp-json\/wp\/v2\/pages\/4535","targetHints":{"allow":["GET"]}}],"collection":[{"href":"https:\/\/www.kogabau.sk\/cs\/wp-json\/wp\/v2\/pages"}],"about":[{"href":"https:\/\/www.kogabau.sk\/cs\/wp-json\/wp\/v2\/types\/page"}],"author":[{"embeddable":true,"href":"https:\/\/www.kogabau.sk\/cs\/wp-json\/wp\/v2\/users\/15"}],"replies":[{"embeddable":true,"href":"https:\/\/www.kogabau.sk\/cs\/wp-json\/wp\/v2\/comments?post=4535"}],"version-history":[{"count":1,"href":"https:\/\/www.kogabau.sk\/cs\/wp-json\/wp\/v2\/pages\/4535\/revisions"}],"predecessor-version":[{"id":4536,"href":"https:\/\/www.kogabau.sk\/cs\/wp-json\/wp\/v2\/pages\/4535\/revisions\/4536"}],"wp:attachment":[{"href":"https:\/\/www.kogabau.sk\/cs\/wp-json\/wp\/v2\/media?parent=4535"}],"curies":[{"name":"wp","href":"https:\/\/api.w.org\/{rel}","templated":true}]}}