{"id":4563,"date":"2025-10-12T16:36:24","date_gmt":"2025-10-12T14:36:24","guid":{"rendered":"https:\/\/www.kogabau.sk\/lubina\/"},"modified":"2025-11-06T22:36:53","modified_gmt":"2025-11-06T21:36:53","slug":"lubina","status":"publish","type":"page","link":"https:\/\/www.kogabau.sk\/cs\/lubina\/","title":{"rendered":"Lubina"},"content":{"rendered":"\t\t<div data-elementor-type=\"wp-page\" data-elementor-id=\"4563\" class=\"elementor elementor-4563 elementor-1171\" data-elementor-post-type=\"page\">\n\t\t\t\t\t\t<section class=\"elementor-section elementor-top-section elementor-element elementor-element-8c5cc58 elementor-section-boxed elementor-section-height-default elementor-section-height-default\" data-id=\"8c5cc58\" data-element_type=\"section\" data-settings=\"{&quot;background_background&quot;:&quot;classic&quot;}\">\n\t\t\t\t\t\t<div class=\"elementor-container elementor-column-gap-default\">\n\t\t\t\t\t<div class=\"elementor-column elementor-col-100 elementor-top-column elementor-element elementor-element-4c061b6\" data-id=\"4c061b6\" data-element_type=\"column\">\n\t\t\t<div class=\"elementor-widget-wrap elementor-element-populated\">\n\t\t\t\t\t\t<div class=\"elementor-element elementor-element-efc54a5 elementor-widget elementor-widget-spacer\" data-id=\"efc54a5\" data-element_type=\"widget\" data-widget_type=\"spacer.default\">\n\t\t\t\t<div class=\"elementor-widget-container\">\n\t\t\t\t\t\t\t<div class=\"elementor-spacer\">\n\t\t\t<div class=\"elementor-spacer-inner\"><\/div>\n\t\t<\/div>\n\t\t\t\t\t\t<\/div>\n\t\t\t\t<\/div>\n\t\t\t\t<div class=\"elementor-element elementor-element-db8ba8f elementor-widget elementor-widget-heading\" data-id=\"db8ba8f\" data-element_type=\"widget\" data-widget_type=\"heading.default\">\n\t\t\t\t<div class=\"elementor-widget-container\">\n\t\t\t\t\t<h1 class=\"elementor-heading-title elementor-size-default\">Lubina\u00ae<\/h1>\t\t\t\t<\/div>\n\t\t\t\t<\/div>\n\t\t\t\t\t<\/div>\n\t\t<\/div>\n\t\t\t\t\t<\/div>\n\t\t<\/section>\n\t\t\t\t<section class=\"elementor-section elementor-top-section elementor-element elementor-element-6606034 elementor-reverse-tablet elementor-reverse-mobile elementor-section-boxed elementor-section-height-default elementor-section-height-default\" data-id=\"6606034\" data-element_type=\"section\" data-settings=\"{&quot;background_background&quot;:&quot;classic&quot;}\">\n\t\t\t\t\t\t<div class=\"elementor-container elementor-column-gap-default\">\n\t\t\t\t\t<div class=\"elementor-column elementor-col-50 elementor-top-column elementor-element elementor-element-ea36663\" data-id=\"ea36663\" data-element_type=\"column\">\n\t\t\t<div class=\"elementor-widget-wrap elementor-element-populated\">\n\t\t\t\t\t\t<div class=\"elementor-element elementor-element-b6169b0 elementor-widget elementor-widget-text-editor\" data-id=\"b6169b0\" data-element_type=\"widget\" data-widget_type=\"text-editor.default\">\n\t\t\t\t<div class=\"elementor-widget-container\">\n\t\t\t\t\t\t\t\t\t<p>Poklop pro PVC \u0161achty se pou\u017e\u00edv\u00e1 k zakryt\u00ed revizn\u00edch \u0161achet, je vyroben z litiny s tlumic\u00ed EPDM vlo\u017ekou (t\u011bsn\u011bn\u00ed) a mo\u017enost\u00ed modifikace st\u0159edov\u00e9ho segmentu (nap\u0159. znak m\u011bsta). Poklop je dimenzov\u00e1n na zat\u00ed\u017een\u00ed 40 tun a je ide\u00e1ln\u00ed pro oblasti s frekventovan\u00fdm provozem, jako jsou m\u011bstsk\u00e9 komunikace nebo pr\u016fmyslov\u00e9 are\u00e1ly. Poklop je opat\u0159en z\u00e1padkami, kter\u00e9 zabra\u0148uj\u00ed ne\u017e\u00e1douc\u00edmu otev\u0159en\u00ed a p\u0159\u00edstupu neopr\u00e1vn\u011bn\u00fdch osob.<\/p><p>V nab\u00eddce m\u00e1me verze DN 250 s hmotnost\u00ed 17kg a DN 315 s hmotnost\u00ed 22kg.<\/p>\t\t\t\t\t\t\t\t<\/div>\n\t\t\t\t<\/div>\n\t\t\t\t\t<\/div>\n\t\t<\/div>\n\t\t\t\t<div class=\"elementor-column elementor-col-50 elementor-top-column elementor-element elementor-element-215eb55\" data-id=\"215eb55\" data-element_type=\"column\" data-settings=\"{&quot;background_background&quot;:&quot;classic&quot;}\">\n\t\t\t<div class=\"elementor-widget-wrap elementor-element-populated\">\n\t\t\t\t\t\t<div class=\"elementor-element elementor-element-4536708 elementor-widget elementor-widget-image\" data-id=\"4536708\" data-element_type=\"widget\" data-widget_type=\"image.default\">\n\t\t\t\t<div class=\"elementor-widget-container\">\n\t\t\t\t\t\t\t\t\t\t\t\t\t\t\t<img fetchpriority=\"high\" decoding=\"async\" width=\"575\" height=\"580\" src=\"https:\/\/www.kogabau.sk\/wp-content\/uploads\/2025\/10\/KoGaBau-Lubina.png\" class=\"attachment-full size-full wp-image-4562\" alt=\"\" srcset=\"https:\/\/www.kogabau.sk\/wp-content\/uploads\/2025\/10\/KoGaBau-Lubina.png 575w, https:\/\/www.kogabau.sk\/wp-content\/uploads\/2025\/10\/KoGaBau-Lubina-297x300.png 297w, https:\/\/www.kogabau.sk\/wp-content\/uploads\/2025\/10\/KoGaBau-Lubina-150x150.png 150w\" sizes=\"(max-width: 575px) 100vw, 575px\" \/>\t\t\t\t\t\t\t\t\t\t\t\t\t\t\t<\/div>\n\t\t\t\t<\/div>\n\t\t\t\t\t<\/div>\n\t\t<\/div>\n\t\t\t\t\t<\/div>\n\t\t<\/section>\n\t\t\t\t<section class=\"elementor-section elementor-top-section elementor-element elementor-element-c5f3237 horizontale elementor-section-boxed elementor-section-height-default elementor-section-height-default\" data-id=\"c5f3237\" data-element_type=\"section\" data-settings=\"{&quot;background_background&quot;:&quot;classic&quot;}\">\n\t\t\t\t\t\t<div class=\"elementor-container elementor-column-gap-default\">\n\t\t\t\t\t<div class=\"elementor-column elementor-col-100 elementor-top-column elementor-element elementor-element-920a675\" data-id=\"920a675\" data-element_type=\"column\">\n\t\t\t<div class=\"elementor-widget-wrap elementor-element-populated\">\n\t\t\t\t\t\t<section class=\"elementor-section elementor-inner-section elementor-element elementor-element-91b321a elementor-section-boxed elementor-section-height-default elementor-section-height-default\" data-id=\"91b321a\" data-element_type=\"section\" data-settings=\"{&quot;background_background&quot;:&quot;classic&quot;}\">\n\t\t\t\t\t\t<div class=\"elementor-container elementor-column-gap-default\">\n\t\t\t\t\t<div class=\"elementor-column elementor-col-33 elementor-inner-column elementor-element elementor-element-0df1889\" data-id=\"0df1889\" data-element_type=\"column\">\n\t\t\t<div class=\"elementor-widget-wrap elementor-element-populated\">\n\t\t\t\t\t\t<div class=\"elementor-element elementor-element-26513f7 elementor-widget elementor-widget-heading\" data-id=\"26513f7\" data-element_type=\"widget\" data-widget_type=\"heading.default\">\n\t\t\t\t<div class=\"elementor-widget-container\">\n\t\t\t\t\t<h2 class=\"elementor-heading-title elementor-size-default\">DN 250<\/h2>\t\t\t\t<\/div>\n\t\t\t\t<\/div>\n\t\t\t\t\t<\/div>\n\t\t<\/div>\n\t\t\t\t<div class=\"elementor-column elementor-col-66 elementor-inner-column elementor-element elementor-element-4e2dd2c\" data-id=\"4e2dd2c\" data-element_type=\"column\">\n\t\t\t<div class=\"elementor-widget-wrap elementor-element-populated\">\n\t\t\t\t\t\t<div class=\"elementor-element elementor-element-98832fe elementor-widget elementor-widget-text-editor\" data-id=\"98832fe\" data-element_type=\"widget\" data-widget_type=\"text-editor.default\">\n\t\t\t\t<div class=\"elementor-widget-container\">\n\t\t\t\t\t\t\t\t\t<p>17kg<\/p>\t\t\t\t\t\t\t\t<\/div>\n\t\t\t\t<\/div>\n\t\t\t\t\t<\/div>\n\t\t<\/div>\n\t\t\t\t\t<\/div>\n\t\t<\/section>\n\t\t\t\t<section class=\"elementor-section elementor-inner-section elementor-element elementor-element-37a8a3c elementor-section-boxed elementor-section-height-default elementor-section-height-default\" data-id=\"37a8a3c\" data-element_type=\"section\" data-settings=\"{&quot;background_background&quot;:&quot;classic&quot;}\">\n\t\t\t\t\t\t<div class=\"elementor-container elementor-column-gap-default\">\n\t\t\t\t\t<div class=\"elementor-column elementor-col-33 elementor-inner-column elementor-element elementor-element-c52ca2d\" data-id=\"c52ca2d\" data-element_type=\"column\">\n\t\t\t<div class=\"elementor-widget-wrap elementor-element-populated\">\n\t\t\t\t\t\t<div class=\"elementor-element elementor-element-38f2399 elementor-widget elementor-widget-heading\" data-id=\"38f2399\" data-element_type=\"widget\" data-widget_type=\"heading.default\">\n\t\t\t\t<div class=\"elementor-widget-container\">\n\t\t\t\t\t<h2 class=\"elementor-heading-title elementor-size-default\">DN 315<\/h2>\t\t\t\t<\/div>\n\t\t\t\t<\/div>\n\t\t\t\t\t<\/div>\n\t\t<\/div>\n\t\t\t\t<div class=\"elementor-column elementor-col-66 elementor-inner-column elementor-element elementor-element-cef2326\" data-id=\"cef2326\" data-element_type=\"column\">\n\t\t\t<div class=\"elementor-widget-wrap elementor-element-populated\">\n\t\t\t\t\t\t<div class=\"elementor-element elementor-element-8df350f elementor-widget elementor-widget-text-editor\" data-id=\"8df350f\" data-element_type=\"widget\" data-widget_type=\"text-editor.default\">\n\t\t\t\t<div class=\"elementor-widget-container\">\n\t\t\t\t\t\t\t\t\t<p>22kg<\/p>\t\t\t\t\t\t\t\t<\/div>\n\t\t\t\t<\/div>\n\t\t\t\t\t<\/div>\n\t\t<\/div>\n\t\t\t\t\t<\/div>\n\t\t<\/section>\n\t\t\t\t\t<\/div>\n\t\t<\/div>\n\t\t\t\t\t<\/div>\n\t\t<\/section>\n\t\t\t\t<\/div>\n\t\t","protected":false},"excerpt":{"rendered":"<p>Lubina\u00ae Poklop pro PVC \u0161achty se pou\u017e\u00edv\u00e1 k zakryt\u00ed revizn\u00edch \u0161achet, je vyroben z litiny s tlumic\u00ed EPDM vlo\u017ekou (t\u011bsn\u011bn\u00ed) a mo\u017enost\u00ed modifikace st\u0159edov\u00e9ho segmentu (nap\u0159. znak m\u011bsta). Poklop je dimenzov\u00e1n na zat\u00ed\u017een\u00ed 40 tun a je ide\u00e1ln\u00ed pro oblasti s frekventovan\u00fdm provozem, jako jsou m\u011bstsk\u00e9 komunikace nebo pr\u016fmyslov\u00e9 are\u00e1ly. Poklop je opat\u0159en z\u00e1padkami, kter\u00e9 [&hellip;]<\/p>\n","protected":false},"author":16,"featured_media":0,"parent":0,"menu_order":0,"comment_status":"closed","ping_status":"closed","template":"","meta":{"footnotes":""},"class_list":["post-4563","page","type-page","status-publish","hentry"],"yoast_head":"<!-- This site is optimized with the Yoast SEO plugin v26.2 - https:\/\/yoast.com\/wordpress\/plugins\/seo\/ -->\n<title>Lubina\u00ae \u2013 litinov\u00fd poklop pro PVC \u0161achty, zat\u00ed\u017een\u00ed 40 t | KOGA Bau<\/title>\n<meta name=\"description\" content=\"Lubina\u00ae je litinov\u00fd poklop s EPDM t\u011bsn\u011bn\u00edm, dimenzovan\u00fd na 40 t, ide\u00e1ln\u00ed pro m\u011bstsk\u00e9 komunikace a pr\u016fmyslov\u00e9 are\u00e1ly, dostupn\u00fd v DN 250 a DN 315.\" \/>\n<meta name=\"robots\" content=\"index, follow, max-snippet:-1, max-image-preview:large, max-video-preview:-1\" \/>\n<link rel=\"canonical\" href=\"https:\/\/www.kogabau.sk\/cs\/lubina\/\" \/>\n<meta property=\"og:locale\" content=\"cs_CZ\" \/>\n<meta property=\"og:type\" content=\"article\" \/>\n<meta property=\"og:title\" content=\"Lubina\u00ae \u2013 litinov\u00fd poklop pro PVC \u0161achty, zat\u00ed\u017een\u00ed 40 t | KOGA Bau\" \/>\n<meta property=\"og:description\" content=\"Lubina\u00ae je litinov\u00fd poklop s EPDM t\u011bsn\u011bn\u00edm, dimenzovan\u00fd na 40 t, ide\u00e1ln\u00ed pro m\u011bstsk\u00e9 komunikace a pr\u016fmyslov\u00e9 are\u00e1ly, dostupn\u00fd v DN 250 a DN 315.\" \/>\n<meta property=\"og:url\" content=\"https:\/\/www.kogabau.sk\/cs\/lubina\/\" \/>\n<meta property=\"og:site_name\" content=\"KOGABAU\" \/>\n<meta property=\"article:modified_time\" content=\"2025-11-06T21:36:53+00:00\" \/>\n<meta property=\"og:image\" content=\"https:\/\/www.kogabau.sk\/wp-content\/uploads\/2025\/10\/KoGaBau-Lubina.png\" \/>\n\t<meta property=\"og:image:width\" content=\"575\" \/>\n\t<meta property=\"og:image:height\" content=\"580\" \/>\n\t<meta property=\"og:image:type\" content=\"image\/png\" \/>\n<meta name=\"twitter:card\" content=\"summary_large_image\" \/>\n<meta name=\"twitter:label1\" content=\"Odhadovan\u00e1 doba \u010dten\u00ed\" \/>\n\t<meta name=\"twitter:data1\" content=\"1 minuta\" \/>\n<script type=\"application\/ld+json\" class=\"yoast-schema-graph\">{\"@context\":\"https:\/\/schema.org\",\"@graph\":[{\"@type\":\"WebPage\",\"@id\":\"https:\/\/www.kogabau.sk\/cs\/lubina\/\",\"url\":\"https:\/\/www.kogabau.sk\/cs\/lubina\/\",\"name\":\"Lubina\u00ae \u2013 litinov\u00fd poklop pro PVC \u0161achty, zat\u00ed\u017een\u00ed 40 t | KOGA Bau\",\"isPartOf\":{\"@id\":\"https:\/\/www.kogabau.sk\/cs\/#website\"},\"primaryImageOfPage\":{\"@id\":\"https:\/\/www.kogabau.sk\/cs\/lubina\/#primaryimage\"},\"image\":{\"@id\":\"https:\/\/www.kogabau.sk\/cs\/lubina\/#primaryimage\"},\"thumbnailUrl\":\"https:\/\/www.kogabau.sk\/wp-content\/uploads\/2025\/10\/KoGaBau-Lubina.png\",\"datePublished\":\"2025-10-12T14:36:24+00:00\",\"dateModified\":\"2025-11-06T21:36:53+00:00\",\"description\":\"Lubina\u00ae je litinov\u00fd poklop s EPDM t\u011bsn\u011bn\u00edm, dimenzovan\u00fd na 40 t, ide\u00e1ln\u00ed pro m\u011bstsk\u00e9 komunikace a pr\u016fmyslov\u00e9 are\u00e1ly, dostupn\u00fd v DN 250 a DN 315.\",\"breadcrumb\":{\"@id\":\"https:\/\/www.kogabau.sk\/cs\/lubina\/#breadcrumb\"},\"inLanguage\":\"cs\",\"potentialAction\":[{\"@type\":\"ReadAction\",\"target\":[\"https:\/\/www.kogabau.sk\/cs\/lubina\/\"]}]},{\"@type\":\"ImageObject\",\"inLanguage\":\"cs\",\"@id\":\"https:\/\/www.kogabau.sk\/cs\/lubina\/#primaryimage\",\"url\":\"https:\/\/www.kogabau.sk\/wp-content\/uploads\/2025\/10\/KoGaBau-Lubina.png\",\"contentUrl\":\"https:\/\/www.kogabau.sk\/wp-content\/uploads\/2025\/10\/KoGaBau-Lubina.png\"},{\"@type\":\"BreadcrumbList\",\"@id\":\"https:\/\/www.kogabau.sk\/cs\/lubina\/#breadcrumb\",\"itemListElement\":[{\"@type\":\"ListItem\",\"position\":1,\"name\":\"Home\",\"item\":\"https:\/\/www.kogabau.sk\/cs\/\"},{\"@type\":\"ListItem\",\"position\":2,\"name\":\"Lubina\"}]},{\"@type\":\"WebSite\",\"@id\":\"https:\/\/www.kogabau.sk\/cs\/#website\",\"url\":\"https:\/\/www.kogabau.sk\/cs\/\",\"name\":\"KOGABAU\",\"description\":\"\",\"publisher\":{\"@id\":\"https:\/\/www.kogabau.sk\/cs\/#organization\"},\"potentialAction\":[{\"@type\":\"SearchAction\",\"target\":{\"@type\":\"EntryPoint\",\"urlTemplate\":\"https:\/\/www.kogabau.sk\/cs\/?s={search_term_string}\"},\"query-input\":{\"@type\":\"PropertyValueSpecification\",\"valueRequired\":true,\"valueName\":\"search_term_string\"}}],\"inLanguage\":\"cs\"},{\"@type\":\"Organization\",\"@id\":\"https:\/\/www.kogabau.sk\/cs\/#organization\",\"name\":\"KOGABAU\",\"url\":\"https:\/\/www.kogabau.sk\/cs\/\",\"logo\":{\"@type\":\"ImageObject\",\"inLanguage\":\"cs\",\"@id\":\"https:\/\/www.kogabau.sk\/cs\/#\/schema\/logo\/image\/\",\"url\":\"https:\/\/www.kogabau.sk\/wp-content\/uploads\/2021\/02\/KOGA-BAU-logo-cierne.png\",\"contentUrl\":\"https:\/\/www.kogabau.sk\/wp-content\/uploads\/2021\/02\/KOGA-BAU-logo-cierne.png\",\"width\":516,\"height\":66,\"caption\":\"KOGABAU\"},\"image\":{\"@id\":\"https:\/\/www.kogabau.sk\/cs\/#\/schema\/logo\/image\/\"}}]}<\/script>\n<!-- \/ Yoast SEO plugin. -->","yoast_head_json":{"title":"Lubina\u00ae \u2013 litinov\u00fd poklop pro PVC \u0161achty, zat\u00ed\u017een\u00ed 40 t | KOGA Bau","description":"Lubina\u00ae je litinov\u00fd poklop s EPDM t\u011bsn\u011bn\u00edm, dimenzovan\u00fd na 40 t, ide\u00e1ln\u00ed pro m\u011bstsk\u00e9 komunikace a pr\u016fmyslov\u00e9 are\u00e1ly, dostupn\u00fd v DN 250 a DN 315.","robots":{"index":"index","follow":"follow","max-snippet":"max-snippet:-1","max-image-preview":"max-image-preview:large","max-video-preview":"max-video-preview:-1"},"canonical":"https:\/\/www.kogabau.sk\/cs\/lubina\/","og_locale":"cs_CZ","og_type":"article","og_title":"Lubina\u00ae \u2013 litinov\u00fd poklop pro PVC \u0161achty, zat\u00ed\u017een\u00ed 40 t | KOGA Bau","og_description":"Lubina\u00ae je litinov\u00fd poklop s EPDM t\u011bsn\u011bn\u00edm, dimenzovan\u00fd na 40 t, ide\u00e1ln\u00ed pro m\u011bstsk\u00e9 komunikace a pr\u016fmyslov\u00e9 are\u00e1ly, dostupn\u00fd v DN 250 a DN 315.","og_url":"https:\/\/www.kogabau.sk\/cs\/lubina\/","og_site_name":"KOGABAU","article_modified_time":"2025-11-06T21:36:53+00:00","og_image":[{"width":575,"height":580,"url":"https:\/\/www.kogabau.sk\/wp-content\/uploads\/2025\/10\/KoGaBau-Lubina.png","type":"image\/png"}],"twitter_card":"summary_large_image","twitter_misc":{"Odhadovan\u00e1 doba \u010dten\u00ed":"1 minuta"},"schema":{"@context":"https:\/\/schema.org","@graph":[{"@type":"WebPage","@id":"https:\/\/www.kogabau.sk\/cs\/lubina\/","url":"https:\/\/www.kogabau.sk\/cs\/lubina\/","name":"Lubina\u00ae \u2013 litinov\u00fd poklop pro PVC \u0161achty, zat\u00ed\u017een\u00ed 40 t | KOGA Bau","isPartOf":{"@id":"https:\/\/www.kogabau.sk\/cs\/#website"},"primaryImageOfPage":{"@id":"https:\/\/www.kogabau.sk\/cs\/lubina\/#primaryimage"},"image":{"@id":"https:\/\/www.kogabau.sk\/cs\/lubina\/#primaryimage"},"thumbnailUrl":"https:\/\/www.kogabau.sk\/wp-content\/uploads\/2025\/10\/KoGaBau-Lubina.png","datePublished":"2025-10-12T14:36:24+00:00","dateModified":"2025-11-06T21:36:53+00:00","description":"Lubina\u00ae je litinov\u00fd poklop s EPDM t\u011bsn\u011bn\u00edm, dimenzovan\u00fd na 40 t, ide\u00e1ln\u00ed pro m\u011bstsk\u00e9 komunikace a pr\u016fmyslov\u00e9 are\u00e1ly, dostupn\u00fd v DN 250 a DN 315.","breadcrumb":{"@id":"https:\/\/www.kogabau.sk\/cs\/lubina\/#breadcrumb"},"inLanguage":"cs","potentialAction":[{"@type":"ReadAction","target":["https:\/\/www.kogabau.sk\/cs\/lubina\/"]}]},{"@type":"ImageObject","inLanguage":"cs","@id":"https:\/\/www.kogabau.sk\/cs\/lubina\/#primaryimage","url":"https:\/\/www.kogabau.sk\/wp-content\/uploads\/2025\/10\/KoGaBau-Lubina.png","contentUrl":"https:\/\/www.kogabau.sk\/wp-content\/uploads\/2025\/10\/KoGaBau-Lubina.png"},{"@type":"BreadcrumbList","@id":"https:\/\/www.kogabau.sk\/cs\/lubina\/#breadcrumb","itemListElement":[{"@type":"ListItem","position":1,"name":"Home","item":"https:\/\/www.kogabau.sk\/cs\/"},{"@type":"ListItem","position":2,"name":"Lubina"}]},{"@type":"WebSite","@id":"https:\/\/www.kogabau.sk\/cs\/#website","url":"https:\/\/www.kogabau.sk\/cs\/","name":"KOGABAU","description":"","publisher":{"@id":"https:\/\/www.kogabau.sk\/cs\/#organization"},"potentialAction":[{"@type":"SearchAction","target":{"@type":"EntryPoint","urlTemplate":"https:\/\/www.kogabau.sk\/cs\/?s={search_term_string}"},"query-input":{"@type":"PropertyValueSpecification","valueRequired":true,"valueName":"search_term_string"}}],"inLanguage":"cs"},{"@type":"Organization","@id":"https:\/\/www.kogabau.sk\/cs\/#organization","name":"KOGABAU","url":"https:\/\/www.kogabau.sk\/cs\/","logo":{"@type":"ImageObject","inLanguage":"cs","@id":"https:\/\/www.kogabau.sk\/cs\/#\/schema\/logo\/image\/","url":"https:\/\/www.kogabau.sk\/wp-content\/uploads\/2021\/02\/KOGA-BAU-logo-cierne.png","contentUrl":"https:\/\/www.kogabau.sk\/wp-content\/uploads\/2021\/02\/KOGA-BAU-logo-cierne.png","width":516,"height":66,"caption":"KOGABAU"},"image":{"@id":"https:\/\/www.kogabau.sk\/cs\/#\/schema\/logo\/image\/"}}]}},"_links":{"self":[{"href":"https:\/\/www.kogabau.sk\/cs\/wp-json\/wp\/v2\/pages\/4563","targetHints":{"allow":["GET"]}}],"collection":[{"href":"https:\/\/www.kogabau.sk\/cs\/wp-json\/wp\/v2\/pages"}],"about":[{"href":"https:\/\/www.kogabau.sk\/cs\/wp-json\/wp\/v2\/types\/page"}],"author":[{"embeddable":true,"href":"https:\/\/www.kogabau.sk\/cs\/wp-json\/wp\/v2\/users\/16"}],"replies":[{"embeddable":true,"href":"https:\/\/www.kogabau.sk\/cs\/wp-json\/wp\/v2\/comments?post=4563"}],"version-history":[{"count":1,"href":"https:\/\/www.kogabau.sk\/cs\/wp-json\/wp\/v2\/pages\/4563\/revisions"}],"predecessor-version":[{"id":4564,"href":"https:\/\/www.kogabau.sk\/cs\/wp-json\/wp\/v2\/pages\/4563\/revisions\/4564"}],"wp:attachment":[{"href":"https:\/\/www.kogabau.sk\/cs\/wp-json\/wp\/v2\/media?parent=4563"}],"curies":[{"name":"wp","href":"https:\/\/api.w.org\/{rel}","templated":true}]}}