{"id":5291,"date":"2025-10-12T17:53:14","date_gmt":"2025-10-12T15:53:14","guid":{"rendered":"https:\/\/www.kogabau.sk\/odvodneni-opernych-zdi\/"},"modified":"2025-11-09T12:01:06","modified_gmt":"2025-11-09T11:01:06","slug":"odvodneni-opernych-zdi","status":"publish","type":"page","link":"https:\/\/www.kogabau.sk\/cs\/odvodneni-opernych-zdi\/","title":{"rendered":"Odvodn\u011bn\u00ed op\u011brn\u00fdch zd\u00ed"},"content":{"rendered":"\t\t<div data-elementor-type=\"wp-page\" data-elementor-id=\"5291\" class=\"elementor elementor-5291 elementor-1288\" data-elementor-post-type=\"page\">\n\t\t\t\t\t\t<section class=\"elementor-section elementor-top-section elementor-element elementor-element-784a618 elementor-section-boxed elementor-section-height-default elementor-section-height-default\" data-id=\"784a618\" data-element_type=\"section\" data-settings=\"{&quot;background_background&quot;:&quot;classic&quot;}\">\n\t\t\t\t\t\t<div class=\"elementor-container elementor-column-gap-default\">\n\t\t\t\t\t<div class=\"elementor-column elementor-col-100 elementor-top-column elementor-element elementor-element-7fc5934\" data-id=\"7fc5934\" data-element_type=\"column\">\n\t\t\t<div class=\"elementor-widget-wrap elementor-element-populated\">\n\t\t\t\t\t\t<div class=\"elementor-element elementor-element-0a962e1 elementor-widget elementor-widget-spacer\" data-id=\"0a962e1\" data-element_type=\"widget\" data-widget_type=\"spacer.default\">\n\t\t\t\t<div class=\"elementor-widget-container\">\n\t\t\t\t\t\t\t<div class=\"elementor-spacer\">\n\t\t\t<div class=\"elementor-spacer-inner\"><\/div>\n\t\t<\/div>\n\t\t\t\t\t\t<\/div>\n\t\t\t\t<\/div>\n\t\t\t\t<div class=\"elementor-element elementor-element-b8fdf79 elementor-widget elementor-widget-heading\" data-id=\"b8fdf79\" data-element_type=\"widget\" data-widget_type=\"heading.default\">\n\t\t\t\t<div class=\"elementor-widget-container\">\n\t\t\t\t\t<h1 class=\"elementor-heading-title elementor-size-default\">Odvodn\u011bn\u00ed op\u011brn\u00fdch zd\u00ed<\/h1>\t\t\t\t<\/div>\n\t\t\t\t<\/div>\n\t\t\t\t\t<\/div>\n\t\t<\/div>\n\t\t\t\t\t<\/div>\n\t\t<\/section>\n\t\t\t\t<section class=\"elementor-section elementor-top-section elementor-element elementor-element-029ccea elementor-section-boxed elementor-section-height-default elementor-section-height-default\" data-id=\"029ccea\" data-element_type=\"section\" data-settings=\"{&quot;background_background&quot;:&quot;classic&quot;}\">\n\t\t\t\t\t\t<div class=\"elementor-container elementor-column-gap-default\">\n\t\t\t\t\t<div class=\"elementor-column elementor-col-50 elementor-top-column elementor-element elementor-element-44082c2\" data-id=\"44082c2\" data-element_type=\"column\">\n\t\t\t<div class=\"elementor-widget-wrap elementor-element-populated\">\n\t\t\t\t\t\t<div class=\"elementor-element elementor-element-da6f880 elementor-widget elementor-widget-heading\" data-id=\"da6f880\" data-element_type=\"widget\" data-widget_type=\"heading.default\">\n\t\t\t\t<div class=\"elementor-widget-container\">\n\t\t\t\t\t<h2 class=\"elementor-heading-title elementor-size-default\">Jizera<\/h2>\t\t\t\t<\/div>\n\t\t\t\t<\/div>\n\t\t\t\t<div class=\"elementor-element elementor-element-6ec7b05 elementor-widget elementor-widget-text-editor\" data-id=\"6ec7b05\" data-element_type=\"widget\" data-widget_type=\"text-editor.default\">\n\t\t\t\t<div class=\"elementor-widget-container\">\n\t\t\t\t\t\t\t\t\t<p>se pou\u017e\u00edv\u00e1 pro odvodn\u011bn\u00ed rubov\u00fdch ploch op\u011br, op\u011brn\u00fdch zd\u00ed, k\u0159\u00eddel, z\u00e1klad\u016f a podobn\u00fdch \u010d\u00e1st\u00ed mostn\u00edch objekt\u016f, kter\u00e9 budou zasyp\u00e1ny zeminou, a kde je nutn\u00e1 ochrana proti zemn\u00ed vlhkosti.<\/p>\t\t\t\t\t\t\t\t<\/div>\n\t\t\t\t<\/div>\n\t\t\t\t\t<\/div>\n\t\t<\/div>\n\t\t\t\t<div class=\"elementor-column elementor-col-50 elementor-top-column elementor-element elementor-element-cc0f3be\" data-id=\"cc0f3be\" data-element_type=\"column\">\n\t\t\t<div class=\"elementor-widget-wrap elementor-element-populated\">\n\t\t\t\t\t\t<div class=\"elementor-element elementor-element-52262fb elementor-widget elementor-widget-image\" data-id=\"52262fb\" data-element_type=\"widget\" data-widget_type=\"image.default\">\n\t\t\t\t<div class=\"elementor-widget-container\">\n\t\t\t\t\t\t\t\t\t\t\t\t\t\t\t<img fetchpriority=\"high\" decoding=\"async\" width=\"705\" height=\"391\" src=\"https:\/\/www.kogabau.sk\/wp-content\/uploads\/2025\/10\/kogabau-odvodnenie-opornych-murov\u200b-jizera.png\" class=\"attachment-full size-full wp-image-5288\" alt=\"\" srcset=\"https:\/\/www.kogabau.sk\/wp-content\/uploads\/2025\/10\/kogabau-odvodnenie-opornych-murov\u200b-jizera.png 705w, https:\/\/www.kogabau.sk\/wp-content\/uploads\/2025\/10\/kogabau-odvodnenie-opornych-murov\u200b-jizera-300x166.png 300w\" sizes=\"(max-width: 705px) 100vw, 705px\" \/>\t\t\t\t\t\t\t\t\t\t\t\t\t\t\t<\/div>\n\t\t\t\t<\/div>\n\t\t\t\t\t<\/div>\n\t\t<\/div>\n\t\t\t\t\t<\/div>\n\t\t<\/section>\n\t\t\t\t<section class=\"elementor-section elementor-top-section elementor-element elementor-element-183e24d elementor-section-boxed elementor-section-height-default elementor-section-height-default\" data-id=\"183e24d\" data-element_type=\"section\" data-settings=\"{&quot;background_background&quot;:&quot;classic&quot;}\">\n\t\t\t\t\t\t<div class=\"elementor-container elementor-column-gap-default\">\n\t\t\t\t\t<div class=\"elementor-column elementor-col-50 elementor-top-column elementor-element elementor-element-8c0c56f\" data-id=\"8c0c56f\" data-element_type=\"column\">\n\t\t\t<div class=\"elementor-widget-wrap elementor-element-populated\">\n\t\t\t\t\t\t<div class=\"elementor-element elementor-element-71b08fc elementor-widget elementor-widget-heading\" data-id=\"71b08fc\" data-element_type=\"widget\" data-widget_type=\"heading.default\">\n\t\t\t\t<div class=\"elementor-widget-container\">\n\t\t\t\t\t<h2 class=\"elementor-heading-title elementor-size-default\">Blatnice II<\/h2>\t\t\t\t<\/div>\n\t\t\t\t<\/div>\n\t\t\t\t<div class=\"elementor-element elementor-element-1c8cd3c elementor-widget elementor-widget-text-editor\" data-id=\"1c8cd3c\" data-element_type=\"widget\" data-widget_type=\"text-editor.default\">\n\t\t\t\t<div class=\"elementor-widget-container\">\n\t\t\t\t\t\t\t\t\t<p>se pou\u017e\u00edv\u00e1 pro odvodn\u011bn\u00ed \u00falo\u017en\u00fdch prah\u016f mostn\u00edch op\u011br. Nahromad\u011bn\u00e1 voda sv\u00fdm hydrostatick\u00fdm tlakem zp\u016fsobuje zv\u011bt\u0161en\u00ed nam\u00e1h\u00e1n\u00ed konstrukc\u00ed a hydroizolac\u00ed, zvl\u00e1\u0161t\u011b t\u011bsn\u011bn\u00ed, m\u016f\u017ee po\u0161kodit konstrukci i hydroizolaci sv\u00fdmi agresivn\u00edmi \u00fa\u010dinky a objemov\u00fdmi zm\u011bnami p\u0159i zmrznut\u00ed a t\u00e1n\u00ed. Nerezov\u00fd \u017el\u00e1bek zaji\u0161\u0165uje ochranu mostn\u00edch konstrukc\u00ed proti zemn\u00ed vlhkosti a st\u00e9kaj\u00edc\u00ed vod\u011b.  <\/p>\t\t\t\t\t\t\t\t<\/div>\n\t\t\t\t<\/div>\n\t\t\t\t\t<\/div>\n\t\t<\/div>\n\t\t\t\t<div class=\"elementor-column elementor-col-50 elementor-top-column elementor-element elementor-element-e66a171\" data-id=\"e66a171\" data-element_type=\"column\">\n\t\t\t<div class=\"elementor-widget-wrap elementor-element-populated\">\n\t\t\t\t\t\t<div class=\"elementor-element elementor-element-1bf05b8 elementor-widget elementor-widget-image\" data-id=\"1bf05b8\" data-element_type=\"widget\" data-widget_type=\"image.default\">\n\t\t\t\t<div class=\"elementor-widget-container\">\n\t\t\t\t\t\t\t\t\t\t\t\t\t\t\t<img decoding=\"async\" width=\"705\" height=\"391\" src=\"https:\/\/www.kogabau.sk\/wp-content\/uploads\/2025\/10\/kogabau-odvodnenie-opornych-murov\u200b-blanica.png\" class=\"attachment-full size-full wp-image-5289\" alt=\"\" srcset=\"https:\/\/www.kogabau.sk\/wp-content\/uploads\/2025\/10\/kogabau-odvodnenie-opornych-murov\u200b-blanica.png 705w, https:\/\/www.kogabau.sk\/wp-content\/uploads\/2025\/10\/kogabau-odvodnenie-opornych-murov\u200b-blanica-300x166.png 300w\" sizes=\"(max-width: 705px) 100vw, 705px\" \/>\t\t\t\t\t\t\t\t\t\t\t\t\t\t\t<\/div>\n\t\t\t\t<\/div>\n\t\t\t\t\t<\/div>\n\t\t<\/div>\n\t\t\t\t\t<\/div>\n\t\t<\/section>\n\t\t\t\t<section class=\"elementor-section elementor-top-section elementor-element elementor-element-ee868c0 elementor-section-boxed elementor-section-height-default elementor-section-height-default\" data-id=\"ee868c0\" data-element_type=\"section\" data-settings=\"{&quot;background_background&quot;:&quot;classic&quot;}\">\n\t\t\t\t\t\t<div class=\"elementor-container elementor-column-gap-default\">\n\t\t\t\t\t<div class=\"elementor-column elementor-col-50 elementor-top-column elementor-element elementor-element-de95fd4\" data-id=\"de95fd4\" data-element_type=\"column\">\n\t\t\t<div class=\"elementor-widget-wrap elementor-element-populated\">\n\t\t\t\t\t\t<div class=\"elementor-element elementor-element-96057b4 elementor-widget elementor-widget-heading\" data-id=\"96057b4\" data-element_type=\"widget\" data-widget_type=\"heading.default\">\n\t\t\t\t<div class=\"elementor-widget-container\">\n\t\t\t\t\t<h2 class=\"elementor-heading-title elementor-size-default\">Tvarovky pro odvodn\u011bn\u00ed op\u011brn\u00fdch zd\u00ed<\/h2>\t\t\t\t<\/div>\n\t\t\t\t<\/div>\n\t\t\t\t<div class=\"elementor-element elementor-element-00dd869 elementor-widget elementor-widget-text-editor\" data-id=\"00dd869\" data-element_type=\"widget\" data-widget_type=\"text-editor.default\">\n\t\t\t\t<div class=\"elementor-widget-container\">\n\t\t\t\t\t\t\t\t\t<p>Nab\u00edz\u00edme atypick\u00e9 tvarovky pro vy\u00fast\u011bn\u00ed dren\u00e1\u017ee mimo konstrukci op\u011brn\u00fdch zd\u00ed. Tvarovky m\u016f\u017eeme dodat rovn\u00e9, zalomen\u00e9, i se zp\u011btnou klapkou. N\u00e1mi dod\u00e1van\u00e9 tvarovky jsou UV odoln\u00e9, co\u017e zaru\u010duje dlouhou \u017eivotnost a estetiku.  <\/p>\t\t\t\t\t\t\t\t<\/div>\n\t\t\t\t<\/div>\n\t\t\t\t\t<\/div>\n\t\t<\/div>\n\t\t\t\t<div class=\"elementor-column elementor-col-50 elementor-top-column elementor-element elementor-element-d8ef5c9\" data-id=\"d8ef5c9\" data-element_type=\"column\">\n\t\t\t<div class=\"elementor-widget-wrap elementor-element-populated\">\n\t\t\t\t\t\t<div class=\"elementor-element elementor-element-5b01d54 elementor-widget elementor-widget-image\" data-id=\"5b01d54\" data-element_type=\"widget\" data-widget_type=\"image.default\">\n\t\t\t\t<div class=\"elementor-widget-container\">\n\t\t\t\t\t\t\t\t\t\t\t\t\t\t\t<img decoding=\"async\" width=\"678\" height=\"522\" src=\"https:\/\/www.kogabau.sk\/wp-content\/uploads\/2025\/10\/KOGA-Bau-Tvarovky-pre-odvodnenie-opornych-murov-1.png\" class=\"attachment-full size-full wp-image-5290\" alt=\"\" srcset=\"https:\/\/www.kogabau.sk\/wp-content\/uploads\/2025\/10\/KOGA-Bau-Tvarovky-pre-odvodnenie-opornych-murov-1.png 678w, https:\/\/www.kogabau.sk\/wp-content\/uploads\/2025\/10\/KOGA-Bau-Tvarovky-pre-odvodnenie-opornych-murov-1-300x231.png 300w\" sizes=\"(max-width: 678px) 100vw, 678px\" \/>\t\t\t\t\t\t\t\t\t\t\t\t\t\t\t<\/div>\n\t\t\t\t<\/div>\n\t\t\t\t\t<\/div>\n\t\t<\/div>\n\t\t\t\t\t<\/div>\n\t\t<\/section>\n\t\t\t\t<\/div>\n\t\t","protected":false},"excerpt":{"rendered":"<p>Odvodn\u011bn\u00ed op\u011brn\u00fdch zd\u00ed Jizera se pou\u017e\u00edv\u00e1 pro odvodn\u011bn\u00ed rubov\u00fdch ploch op\u011br, op\u011brn\u00fdch zd\u00ed, k\u0159\u00eddel, z\u00e1klad\u016f a podobn\u00fdch \u010d\u00e1st\u00ed mostn\u00edch objekt\u016f, kter\u00e9 budou zasyp\u00e1ny zeminou, a kde je nutn\u00e1 ochrana proti zemn\u00ed vlhkosti. Blatnice II se pou\u017e\u00edv\u00e1 pro odvodn\u011bn\u00ed \u00falo\u017en\u00fdch prah\u016f mostn\u00edch op\u011br. Nahromad\u011bn\u00e1 voda sv\u00fdm hydrostatick\u00fdm tlakem zp\u016fsobuje zv\u011bt\u0161en\u00ed nam\u00e1h\u00e1n\u00ed konstrukc\u00ed a hydroizolac\u00ed, zvl\u00e1\u0161t\u011b t\u011bsn\u011bn\u00ed, [&hellip;]<\/p>\n","protected":false},"author":15,"featured_media":0,"parent":0,"menu_order":0,"comment_status":"closed","ping_status":"closed","template":"","meta":{"footnotes":""},"class_list":["post-5291","page","type-page","status-publish","hentry"],"yoast_head":"<!-- This site is optimized with the Yoast SEO plugin v26.2 - https:\/\/yoast.com\/wordpress\/plugins\/seo\/ -->\n<title>Odvodn\u011bn\u00ed op\u011brn\u00fdch zd\u00ed Jizera &amp; Blatnice II | Tvarovky pro dren\u00e1\u017e | KOGA Bau<\/title>\n<meta name=\"description\" content=\"Komplexn\u00ed \u0159e\u0161en\u00ed odvodn\u011bn\u00ed op\u011brn\u00fdch zd\u00ed: litinov\u00e9 prvky Jizera, nerezov\u00fd \u017el\u00e1bek Blatnice II a UV-odoln\u00e9 atypick\u00e9 tvarovky pro dren\u00e1\u017e. Spolehliv\u00e1 ochrana mostn\u00edch konstrukc\u00ed p\u0159ed vlhkost\u00ed a tlakem vody. KOGA Bau \u2013 profesion\u00e1ln\u00ed syst\u00e9my odvodn\u011bn\u00ed.\" \/>\n<meta name=\"robots\" content=\"index, follow, max-snippet:-1, max-image-preview:large, max-video-preview:-1\" \/>\n<link rel=\"canonical\" href=\"https:\/\/www.kogabau.sk\/cs\/odvodneni-opernych-zdi\/\" \/>\n<meta property=\"og:locale\" content=\"cs_CZ\" \/>\n<meta property=\"og:type\" content=\"article\" \/>\n<meta property=\"og:title\" content=\"Odvodn\u011bn\u00ed op\u011brn\u00fdch zd\u00ed Jizera &amp; Blatnice II | Tvarovky pro dren\u00e1\u017e | KOGA Bau\" \/>\n<meta property=\"og:description\" content=\"Komplexn\u00ed \u0159e\u0161en\u00ed odvodn\u011bn\u00ed op\u011brn\u00fdch zd\u00ed: litinov\u00e9 prvky Jizera, nerezov\u00fd \u017el\u00e1bek Blatnice II a UV-odoln\u00e9 atypick\u00e9 tvarovky pro dren\u00e1\u017e. Spolehliv\u00e1 ochrana mostn\u00edch konstrukc\u00ed p\u0159ed vlhkost\u00ed a tlakem vody. KOGA Bau \u2013 profesion\u00e1ln\u00ed syst\u00e9my odvodn\u011bn\u00ed.\" \/>\n<meta property=\"og:url\" content=\"https:\/\/www.kogabau.sk\/cs\/odvodneni-opernych-zdi\/\" \/>\n<meta property=\"og:site_name\" content=\"KOGABAU\" \/>\n<meta property=\"article:modified_time\" content=\"2025-11-09T11:01:06+00:00\" \/>\n<meta property=\"og:image\" content=\"https:\/\/www.kogabau.sk\/wp-content\/uploads\/2025\/10\/KOGA-Bau-Tvarovky-pre-odvodnenie-opornych-murov-1.png\" \/>\n<meta name=\"twitter:card\" content=\"summary_large_image\" \/>\n<meta name=\"twitter:label1\" content=\"Odhadovan\u00e1 doba \u010dten\u00ed\" \/>\n\t<meta name=\"twitter:data1\" content=\"1 minuta\" \/>\n<script type=\"application\/ld+json\" class=\"yoast-schema-graph\">{\"@context\":\"https:\/\/schema.org\",\"@graph\":[{\"@type\":\"WebPage\",\"@id\":\"https:\/\/www.kogabau.sk\/cs\/odvodneni-opernych-zdi\/\",\"url\":\"https:\/\/www.kogabau.sk\/cs\/odvodneni-opernych-zdi\/\",\"name\":\"Odvodn\u011bn\u00ed op\u011brn\u00fdch zd\u00ed Jizera & Blatnice II | Tvarovky pro dren\u00e1\u017e | KOGA Bau\",\"isPartOf\":{\"@id\":\"https:\/\/www.kogabau.sk\/cs\/#website\"},\"primaryImageOfPage\":{\"@id\":\"https:\/\/www.kogabau.sk\/cs\/odvodneni-opernych-zdi\/#primaryimage\"},\"image\":{\"@id\":\"https:\/\/www.kogabau.sk\/cs\/odvodneni-opernych-zdi\/#primaryimage\"},\"thumbnailUrl\":\"https:\/\/www.kogabau.sk\/wp-content\/uploads\/2025\/10\/KOGA-Bau-Tvarovky-pre-odvodnenie-opornych-murov-1.png\",\"datePublished\":\"2025-10-12T15:53:14+00:00\",\"dateModified\":\"2025-11-09T11:01:06+00:00\",\"description\":\"Komplexn\u00ed \u0159e\u0161en\u00ed odvodn\u011bn\u00ed op\u011brn\u00fdch zd\u00ed: litinov\u00e9 prvky Jizera, nerezov\u00fd \u017el\u00e1bek Blatnice II a UV-odoln\u00e9 atypick\u00e9 tvarovky pro dren\u00e1\u017e. Spolehliv\u00e1 ochrana mostn\u00edch konstrukc\u00ed p\u0159ed vlhkost\u00ed a tlakem vody. KOGA Bau \u2013 profesion\u00e1ln\u00ed syst\u00e9my odvodn\u011bn\u00ed.\",\"breadcrumb\":{\"@id\":\"https:\/\/www.kogabau.sk\/cs\/odvodneni-opernych-zdi\/#breadcrumb\"},\"inLanguage\":\"cs\",\"potentialAction\":[{\"@type\":\"ReadAction\",\"target\":[\"https:\/\/www.kogabau.sk\/cs\/odvodneni-opernych-zdi\/\"]}]},{\"@type\":\"ImageObject\",\"inLanguage\":\"cs\",\"@id\":\"https:\/\/www.kogabau.sk\/cs\/odvodneni-opernych-zdi\/#primaryimage\",\"url\":\"https:\/\/www.kogabau.sk\/wp-content\/uploads\/2025\/10\/KOGA-Bau-Tvarovky-pre-odvodnenie-opornych-murov-1.png\",\"contentUrl\":\"https:\/\/www.kogabau.sk\/wp-content\/uploads\/2025\/10\/KOGA-Bau-Tvarovky-pre-odvodnenie-opornych-murov-1.png\"},{\"@type\":\"BreadcrumbList\",\"@id\":\"https:\/\/www.kogabau.sk\/cs\/odvodneni-opernych-zdi\/#breadcrumb\",\"itemListElement\":[{\"@type\":\"ListItem\",\"position\":1,\"name\":\"Home\",\"item\":\"https:\/\/www.kogabau.sk\/cs\/\"},{\"@type\":\"ListItem\",\"position\":2,\"name\":\"Odvodn\u011bn\u00ed op\u011brn\u00fdch zd\u00ed\"}]},{\"@type\":\"WebSite\",\"@id\":\"https:\/\/www.kogabau.sk\/cs\/#website\",\"url\":\"https:\/\/www.kogabau.sk\/cs\/\",\"name\":\"KOGABAU\",\"description\":\"\",\"publisher\":{\"@id\":\"https:\/\/www.kogabau.sk\/cs\/#organization\"},\"potentialAction\":[{\"@type\":\"SearchAction\",\"target\":{\"@type\":\"EntryPoint\",\"urlTemplate\":\"https:\/\/www.kogabau.sk\/cs\/?s={search_term_string}\"},\"query-input\":{\"@type\":\"PropertyValueSpecification\",\"valueRequired\":true,\"valueName\":\"search_term_string\"}}],\"inLanguage\":\"cs\"},{\"@type\":\"Organization\",\"@id\":\"https:\/\/www.kogabau.sk\/cs\/#organization\",\"name\":\"KOGABAU\",\"url\":\"https:\/\/www.kogabau.sk\/cs\/\",\"logo\":{\"@type\":\"ImageObject\",\"inLanguage\":\"cs\",\"@id\":\"https:\/\/www.kogabau.sk\/cs\/#\/schema\/logo\/image\/\",\"url\":\"https:\/\/www.kogabau.sk\/wp-content\/uploads\/2021\/02\/KOGA-BAU-logo-cierne.png\",\"contentUrl\":\"https:\/\/www.kogabau.sk\/wp-content\/uploads\/2021\/02\/KOGA-BAU-logo-cierne.png\",\"width\":516,\"height\":66,\"caption\":\"KOGABAU\"},\"image\":{\"@id\":\"https:\/\/www.kogabau.sk\/cs\/#\/schema\/logo\/image\/\"}}]}<\/script>\n<!-- \/ Yoast SEO plugin. -->","yoast_head_json":{"title":"Odvodn\u011bn\u00ed op\u011brn\u00fdch zd\u00ed Jizera & Blatnice II | Tvarovky pro dren\u00e1\u017e | KOGA Bau","description":"Komplexn\u00ed \u0159e\u0161en\u00ed odvodn\u011bn\u00ed op\u011brn\u00fdch zd\u00ed: litinov\u00e9 prvky Jizera, nerezov\u00fd \u017el\u00e1bek Blatnice II a UV-odoln\u00e9 atypick\u00e9 tvarovky pro dren\u00e1\u017e. Spolehliv\u00e1 ochrana mostn\u00edch konstrukc\u00ed p\u0159ed vlhkost\u00ed a tlakem vody. KOGA Bau \u2013 profesion\u00e1ln\u00ed syst\u00e9my odvodn\u011bn\u00ed.","robots":{"index":"index","follow":"follow","max-snippet":"max-snippet:-1","max-image-preview":"max-image-preview:large","max-video-preview":"max-video-preview:-1"},"canonical":"https:\/\/www.kogabau.sk\/cs\/odvodneni-opernych-zdi\/","og_locale":"cs_CZ","og_type":"article","og_title":"Odvodn\u011bn\u00ed op\u011brn\u00fdch zd\u00ed Jizera & Blatnice II | Tvarovky pro dren\u00e1\u017e | KOGA Bau","og_description":"Komplexn\u00ed \u0159e\u0161en\u00ed odvodn\u011bn\u00ed op\u011brn\u00fdch zd\u00ed: litinov\u00e9 prvky Jizera, nerezov\u00fd \u017el\u00e1bek Blatnice II a UV-odoln\u00e9 atypick\u00e9 tvarovky pro dren\u00e1\u017e. Spolehliv\u00e1 ochrana mostn\u00edch konstrukc\u00ed p\u0159ed vlhkost\u00ed a tlakem vody. KOGA Bau \u2013 profesion\u00e1ln\u00ed syst\u00e9my odvodn\u011bn\u00ed.","og_url":"https:\/\/www.kogabau.sk\/cs\/odvodneni-opernych-zdi\/","og_site_name":"KOGABAU","article_modified_time":"2025-11-09T11:01:06+00:00","og_image":[{"url":"https:\/\/www.kogabau.sk\/wp-content\/uploads\/2025\/10\/KOGA-Bau-Tvarovky-pre-odvodnenie-opornych-murov-1.png","type":"","width":"","height":""}],"twitter_card":"summary_large_image","twitter_misc":{"Odhadovan\u00e1 doba \u010dten\u00ed":"1 minuta"},"schema":{"@context":"https:\/\/schema.org","@graph":[{"@type":"WebPage","@id":"https:\/\/www.kogabau.sk\/cs\/odvodneni-opernych-zdi\/","url":"https:\/\/www.kogabau.sk\/cs\/odvodneni-opernych-zdi\/","name":"Odvodn\u011bn\u00ed op\u011brn\u00fdch zd\u00ed Jizera & Blatnice II | Tvarovky pro dren\u00e1\u017e | KOGA Bau","isPartOf":{"@id":"https:\/\/www.kogabau.sk\/cs\/#website"},"primaryImageOfPage":{"@id":"https:\/\/www.kogabau.sk\/cs\/odvodneni-opernych-zdi\/#primaryimage"},"image":{"@id":"https:\/\/www.kogabau.sk\/cs\/odvodneni-opernych-zdi\/#primaryimage"},"thumbnailUrl":"https:\/\/www.kogabau.sk\/wp-content\/uploads\/2025\/10\/KOGA-Bau-Tvarovky-pre-odvodnenie-opornych-murov-1.png","datePublished":"2025-10-12T15:53:14+00:00","dateModified":"2025-11-09T11:01:06+00:00","description":"Komplexn\u00ed \u0159e\u0161en\u00ed odvodn\u011bn\u00ed op\u011brn\u00fdch zd\u00ed: litinov\u00e9 prvky Jizera, nerezov\u00fd \u017el\u00e1bek Blatnice II a UV-odoln\u00e9 atypick\u00e9 tvarovky pro dren\u00e1\u017e. Spolehliv\u00e1 ochrana mostn\u00edch konstrukc\u00ed p\u0159ed vlhkost\u00ed a tlakem vody. KOGA Bau \u2013 profesion\u00e1ln\u00ed syst\u00e9my odvodn\u011bn\u00ed.","breadcrumb":{"@id":"https:\/\/www.kogabau.sk\/cs\/odvodneni-opernych-zdi\/#breadcrumb"},"inLanguage":"cs","potentialAction":[{"@type":"ReadAction","target":["https:\/\/www.kogabau.sk\/cs\/odvodneni-opernych-zdi\/"]}]},{"@type":"ImageObject","inLanguage":"cs","@id":"https:\/\/www.kogabau.sk\/cs\/odvodneni-opernych-zdi\/#primaryimage","url":"https:\/\/www.kogabau.sk\/wp-content\/uploads\/2025\/10\/KOGA-Bau-Tvarovky-pre-odvodnenie-opornych-murov-1.png","contentUrl":"https:\/\/www.kogabau.sk\/wp-content\/uploads\/2025\/10\/KOGA-Bau-Tvarovky-pre-odvodnenie-opornych-murov-1.png"},{"@type":"BreadcrumbList","@id":"https:\/\/www.kogabau.sk\/cs\/odvodneni-opernych-zdi\/#breadcrumb","itemListElement":[{"@type":"ListItem","position":1,"name":"Home","item":"https:\/\/www.kogabau.sk\/cs\/"},{"@type":"ListItem","position":2,"name":"Odvodn\u011bn\u00ed op\u011brn\u00fdch zd\u00ed"}]},{"@type":"WebSite","@id":"https:\/\/www.kogabau.sk\/cs\/#website","url":"https:\/\/www.kogabau.sk\/cs\/","name":"KOGABAU","description":"","publisher":{"@id":"https:\/\/www.kogabau.sk\/cs\/#organization"},"potentialAction":[{"@type":"SearchAction","target":{"@type":"EntryPoint","urlTemplate":"https:\/\/www.kogabau.sk\/cs\/?s={search_term_string}"},"query-input":{"@type":"PropertyValueSpecification","valueRequired":true,"valueName":"search_term_string"}}],"inLanguage":"cs"},{"@type":"Organization","@id":"https:\/\/www.kogabau.sk\/cs\/#organization","name":"KOGABAU","url":"https:\/\/www.kogabau.sk\/cs\/","logo":{"@type":"ImageObject","inLanguage":"cs","@id":"https:\/\/www.kogabau.sk\/cs\/#\/schema\/logo\/image\/","url":"https:\/\/www.kogabau.sk\/wp-content\/uploads\/2021\/02\/KOGA-BAU-logo-cierne.png","contentUrl":"https:\/\/www.kogabau.sk\/wp-content\/uploads\/2021\/02\/KOGA-BAU-logo-cierne.png","width":516,"height":66,"caption":"KOGABAU"},"image":{"@id":"https:\/\/www.kogabau.sk\/cs\/#\/schema\/logo\/image\/"}}]}},"_links":{"self":[{"href":"https:\/\/www.kogabau.sk\/cs\/wp-json\/wp\/v2\/pages\/5291","targetHints":{"allow":["GET"]}}],"collection":[{"href":"https:\/\/www.kogabau.sk\/cs\/wp-json\/wp\/v2\/pages"}],"about":[{"href":"https:\/\/www.kogabau.sk\/cs\/wp-json\/wp\/v2\/types\/page"}],"author":[{"embeddable":true,"href":"https:\/\/www.kogabau.sk\/cs\/wp-json\/wp\/v2\/users\/15"}],"replies":[{"embeddable":true,"href":"https:\/\/www.kogabau.sk\/cs\/wp-json\/wp\/v2\/comments?post=5291"}],"version-history":[{"count":2,"href":"https:\/\/www.kogabau.sk\/cs\/wp-json\/wp\/v2\/pages\/5291\/revisions"}],"predecessor-version":[{"id":8323,"href":"https:\/\/www.kogabau.sk\/cs\/wp-json\/wp\/v2\/pages\/5291\/revisions\/8323"}],"wp:attachment":[{"href":"https:\/\/www.kogabau.sk\/cs\/wp-json\/wp\/v2\/media?parent=5291"}],"curies":[{"name":"wp","href":"https:\/\/api.w.org\/{rel}","templated":true}]}}