{"id":5295,"date":"2025-10-12T14:28:47","date_gmt":"2025-10-12T12:28:47","guid":{"rendered":"https:\/\/www.kogabau.sk\/olsany\/"},"modified":"2025-11-09T12:01:38","modified_gmt":"2025-11-09T11:01:38","slug":"olsany","status":"publish","type":"page","link":"https:\/\/www.kogabau.sk\/cs\/olsany\/","title":{"rendered":"Ol\u0161any"},"content":{"rendered":"\t\t<div data-elementor-type=\"wp-page\" data-elementor-id=\"5295\" class=\"elementor elementor-5295 elementor-1076\" data-elementor-post-type=\"page\">\n\t\t\t\t\t\t<section class=\"elementor-section elementor-top-section elementor-element elementor-element-8c5cc58 elementor-section-boxed elementor-section-height-default elementor-section-height-default\" data-id=\"8c5cc58\" data-element_type=\"section\" data-settings=\"{&quot;background_background&quot;:&quot;classic&quot;}\">\n\t\t\t\t\t\t<div class=\"elementor-container elementor-column-gap-default\">\n\t\t\t\t\t<div class=\"elementor-column elementor-col-100 elementor-top-column elementor-element elementor-element-4c061b6\" data-id=\"4c061b6\" data-element_type=\"column\">\n\t\t\t<div class=\"elementor-widget-wrap elementor-element-populated\">\n\t\t\t\t\t\t<div class=\"elementor-element elementor-element-efc54a5 elementor-widget elementor-widget-spacer\" data-id=\"efc54a5\" data-element_type=\"widget\" data-widget_type=\"spacer.default\">\n\t\t\t\t<div class=\"elementor-widget-container\">\n\t\t\t\t\t\t\t<div class=\"elementor-spacer\">\n\t\t\t<div class=\"elementor-spacer-inner\"><\/div>\n\t\t<\/div>\n\t\t\t\t\t\t<\/div>\n\t\t\t\t<\/div>\n\t\t\t\t<div class=\"elementor-element elementor-element-db8ba8f elementor-widget elementor-widget-heading\" data-id=\"db8ba8f\" data-element_type=\"widget\" data-widget_type=\"heading.default\">\n\t\t\t\t<div class=\"elementor-widget-container\">\n\t\t\t\t\t<h1 class=\"elementor-heading-title elementor-size-default\">Ol\u0161any\u00ae<\/h1>\t\t\t\t<\/div>\n\t\t\t\t<\/div>\n\t\t\t\t\t<\/div>\n\t\t<\/div>\n\t\t\t\t\t<\/div>\n\t\t<\/section>\n\t\t\t\t<section class=\"elementor-section elementor-top-section elementor-element elementor-element-6606034 elementor-reverse-tablet elementor-reverse-mobile elementor-section-boxed elementor-section-height-default elementor-section-height-default\" data-id=\"6606034\" data-element_type=\"section\" data-settings=\"{&quot;background_background&quot;:&quot;classic&quot;}\">\n\t\t\t\t\t\t<div class=\"elementor-container elementor-column-gap-default\">\n\t\t\t\t\t<div class=\"elementor-column elementor-col-50 elementor-top-column elementor-element elementor-element-ea36663\" data-id=\"ea36663\" data-element_type=\"column\">\n\t\t\t<div class=\"elementor-widget-wrap elementor-element-populated\">\n\t\t\t\t\t\t<div class=\"elementor-element elementor-element-b6169b0 elementor-widget elementor-widget-text-editor\" data-id=\"b6169b0\" data-element_type=\"widget\" data-widget_type=\"text-editor.default\">\n\t\t\t\t<div class=\"elementor-widget-container\">\n\t\t\t\t\t\t\t\t\t<p>Pam\u011btn\u00ed deska slou\u017e\u00ed k d\u016fstojn\u00e9mu ozna\u010den\u00ed historick\u00fdch ud\u00e1lost\u00ed, osobnost\u00ed nebo m\u00edst. Vyr\u00e1b\u00ed se na m\u00edru podle po\u017eadavk\u016f zadavatele \u2013 texty, znaky i reli\u00e9fy. Litinov\u00e9 proveden\u00ed zaru\u010duje dlouhou \u017eivotnost, vysokou estetickou hodnotu a odolnost v\u016f\u010di klimatick\u00fdm vliv\u016fm.  <\/p>\t\t\t\t\t\t\t\t<\/div>\n\t\t\t\t<\/div>\n\t\t\t\t\t<\/div>\n\t\t<\/div>\n\t\t\t\t<div class=\"elementor-column elementor-col-50 elementor-top-column elementor-element elementor-element-215eb55\" data-id=\"215eb55\" data-element_type=\"column\" data-settings=\"{&quot;background_background&quot;:&quot;classic&quot;}\">\n\t\t\t<div class=\"elementor-widget-wrap elementor-element-populated\">\n\t\t\t\t\t\t<div class=\"elementor-element elementor-element-4536708 elementor-widget elementor-widget-image\" data-id=\"4536708\" data-element_type=\"widget\" data-widget_type=\"image.default\">\n\t\t\t\t<div class=\"elementor-widget-container\">\n\t\t\t\t\t\t\t\t\t\t\t\t\t\t\t<img fetchpriority=\"high\" decoding=\"async\" width=\"575\" height=\"580\" src=\"https:\/\/www.kogabau.sk\/wp-content\/uploads\/2025\/10\/KoGaBau-Olsany.png\" class=\"attachment-full size-full wp-image-5294\" alt=\"\" srcset=\"https:\/\/www.kogabau.sk\/wp-content\/uploads\/2025\/10\/KoGaBau-Olsany.png 575w, https:\/\/www.kogabau.sk\/wp-content\/uploads\/2025\/10\/KoGaBau-Olsany-297x300.png 297w, https:\/\/www.kogabau.sk\/wp-content\/uploads\/2025\/10\/KoGaBau-Olsany-150x150.png 150w\" sizes=\"(max-width: 575px) 100vw, 575px\" \/>\t\t\t\t\t\t\t\t\t\t\t\t\t\t\t<\/div>\n\t\t\t\t<\/div>\n\t\t\t\t\t<\/div>\n\t\t<\/div>\n\t\t\t\t\t<\/div>\n\t\t<\/section>\n\t\t\t\t<\/div>\n\t\t","protected":false},"excerpt":{"rendered":"<p>Ol\u0161any\u00ae Pam\u011btn\u00ed deska slou\u017e\u00ed k d\u016fstojn\u00e9mu ozna\u010den\u00ed historick\u00fdch ud\u00e1lost\u00ed, osobnost\u00ed nebo m\u00edst. Vyr\u00e1b\u00ed se na m\u00edru podle po\u017eadavk\u016f zadavatele \u2013 texty, znaky i reli\u00e9fy. Litinov\u00e9 proveden\u00ed zaru\u010duje dlouhou \u017eivotnost, vysokou estetickou hodnotu a odolnost v\u016f\u010di klimatick\u00fdm vliv\u016fm.<\/p>\n","protected":false},"author":16,"featured_media":0,"parent":0,"menu_order":0,"comment_status":"closed","ping_status":"closed","template":"","meta":{"footnotes":""},"class_list":["post-5295","page","type-page","status-publish","hentry"],"yoast_head":"<!-- This site is optimized with the Yoast SEO plugin v26.2 - https:\/\/yoast.com\/wordpress\/plugins\/seo\/ -->\n<title>Ol\u0161any\u00ae \u2013 Litinov\u00e9 pam\u011btn\u00ed desky na m\u00edru | KOGA Bau<\/title>\n<meta name=\"description\" content=\"Litinov\u00e9 pam\u011btn\u00ed desky Ol\u0161any\u00ae vyr\u00e1b\u011bn\u00e9 na m\u00edru podle po\u017eadavk\u016f \u2013 text, znak i reli\u00e9f. Trvanliv\u00e9, estetick\u00e9 a odoln\u00e9 \u0159e\u0161en\u00ed pro ozna\u010den\u00ed historick\u00fdch m\u00edst, ud\u00e1lost\u00ed a osobnost\u00ed. Kvalita a \u0159emesln\u00e9 zpracov\u00e1n\u00ed od KOGA Bau.\" \/>\n<meta name=\"robots\" content=\"index, follow, max-snippet:-1, max-image-preview:large, max-video-preview:-1\" \/>\n<link rel=\"canonical\" href=\"https:\/\/www.kogabau.sk\/cs\/olsany\/\" \/>\n<meta property=\"og:locale\" content=\"cs_CZ\" \/>\n<meta property=\"og:type\" content=\"article\" \/>\n<meta property=\"og:title\" content=\"Ol\u0161any\u00ae \u2013 Litinov\u00e9 pam\u011btn\u00ed desky na m\u00edru | KOGA Bau\" \/>\n<meta property=\"og:description\" content=\"Litinov\u00e9 pam\u011btn\u00ed desky Ol\u0161any\u00ae vyr\u00e1b\u011bn\u00e9 na m\u00edru podle po\u017eadavk\u016f \u2013 text, znak i reli\u00e9f. Trvanliv\u00e9, estetick\u00e9 a odoln\u00e9 \u0159e\u0161en\u00ed pro ozna\u010den\u00ed historick\u00fdch m\u00edst, ud\u00e1lost\u00ed a osobnost\u00ed. Kvalita a \u0159emesln\u00e9 zpracov\u00e1n\u00ed od KOGA Bau.\" \/>\n<meta property=\"og:url\" content=\"https:\/\/www.kogabau.sk\/cs\/olsany\/\" \/>\n<meta property=\"og:site_name\" content=\"KOGABAU\" \/>\n<meta property=\"article:modified_time\" content=\"2025-11-09T11:01:38+00:00\" \/>\n<meta property=\"og:image\" content=\"https:\/\/www.kogabau.sk\/wp-content\/uploads\/2025\/10\/KoGaBau-Olsany.png\" \/>\n\t<meta property=\"og:image:width\" content=\"575\" \/>\n\t<meta property=\"og:image:height\" content=\"580\" \/>\n\t<meta property=\"og:image:type\" content=\"image\/png\" \/>\n<meta name=\"twitter:card\" content=\"summary_large_image\" \/>\n<script type=\"application\/ld+json\" class=\"yoast-schema-graph\">{\"@context\":\"https:\/\/schema.org\",\"@graph\":[{\"@type\":\"WebPage\",\"@id\":\"https:\/\/www.kogabau.sk\/cs\/olsany\/\",\"url\":\"https:\/\/www.kogabau.sk\/cs\/olsany\/\",\"name\":\"Ol\u0161any\u00ae \u2013 Litinov\u00e9 pam\u011btn\u00ed desky na m\u00edru | KOGA Bau\",\"isPartOf\":{\"@id\":\"https:\/\/www.kogabau.sk\/cs\/#website\"},\"primaryImageOfPage\":{\"@id\":\"https:\/\/www.kogabau.sk\/cs\/olsany\/#primaryimage\"},\"image\":{\"@id\":\"https:\/\/www.kogabau.sk\/cs\/olsany\/#primaryimage\"},\"thumbnailUrl\":\"https:\/\/www.kogabau.sk\/wp-content\/uploads\/2025\/10\/KoGaBau-Olsany.png\",\"datePublished\":\"2025-10-12T12:28:47+00:00\",\"dateModified\":\"2025-11-09T11:01:38+00:00\",\"description\":\"Litinov\u00e9 pam\u011btn\u00ed desky Ol\u0161any\u00ae vyr\u00e1b\u011bn\u00e9 na m\u00edru podle po\u017eadavk\u016f \u2013 text, znak i reli\u00e9f. Trvanliv\u00e9, estetick\u00e9 a odoln\u00e9 \u0159e\u0161en\u00ed pro ozna\u010den\u00ed historick\u00fdch m\u00edst, ud\u00e1lost\u00ed a osobnost\u00ed. Kvalita a \u0159emesln\u00e9 zpracov\u00e1n\u00ed od KOGA Bau.\",\"breadcrumb\":{\"@id\":\"https:\/\/www.kogabau.sk\/cs\/olsany\/#breadcrumb\"},\"inLanguage\":\"cs\",\"potentialAction\":[{\"@type\":\"ReadAction\",\"target\":[\"https:\/\/www.kogabau.sk\/cs\/olsany\/\"]}]},{\"@type\":\"ImageObject\",\"inLanguage\":\"cs\",\"@id\":\"https:\/\/www.kogabau.sk\/cs\/olsany\/#primaryimage\",\"url\":\"https:\/\/www.kogabau.sk\/wp-content\/uploads\/2025\/10\/KoGaBau-Olsany.png\",\"contentUrl\":\"https:\/\/www.kogabau.sk\/wp-content\/uploads\/2025\/10\/KoGaBau-Olsany.png\"},{\"@type\":\"BreadcrumbList\",\"@id\":\"https:\/\/www.kogabau.sk\/cs\/olsany\/#breadcrumb\",\"itemListElement\":[{\"@type\":\"ListItem\",\"position\":1,\"name\":\"Home\",\"item\":\"https:\/\/www.kogabau.sk\/cs\/\"},{\"@type\":\"ListItem\",\"position\":2,\"name\":\"Ol\u0161any\"}]},{\"@type\":\"WebSite\",\"@id\":\"https:\/\/www.kogabau.sk\/cs\/#website\",\"url\":\"https:\/\/www.kogabau.sk\/cs\/\",\"name\":\"KOGABAU\",\"description\":\"\",\"publisher\":{\"@id\":\"https:\/\/www.kogabau.sk\/cs\/#organization\"},\"potentialAction\":[{\"@type\":\"SearchAction\",\"target\":{\"@type\":\"EntryPoint\",\"urlTemplate\":\"https:\/\/www.kogabau.sk\/cs\/?s={search_term_string}\"},\"query-input\":{\"@type\":\"PropertyValueSpecification\",\"valueRequired\":true,\"valueName\":\"search_term_string\"}}],\"inLanguage\":\"cs\"},{\"@type\":\"Organization\",\"@id\":\"https:\/\/www.kogabau.sk\/cs\/#organization\",\"name\":\"KOGABAU\",\"url\":\"https:\/\/www.kogabau.sk\/cs\/\",\"logo\":{\"@type\":\"ImageObject\",\"inLanguage\":\"cs\",\"@id\":\"https:\/\/www.kogabau.sk\/cs\/#\/schema\/logo\/image\/\",\"url\":\"https:\/\/www.kogabau.sk\/wp-content\/uploads\/2021\/02\/KOGA-BAU-logo-cierne.png\",\"contentUrl\":\"https:\/\/www.kogabau.sk\/wp-content\/uploads\/2021\/02\/KOGA-BAU-logo-cierne.png\",\"width\":516,\"height\":66,\"caption\":\"KOGABAU\"},\"image\":{\"@id\":\"https:\/\/www.kogabau.sk\/cs\/#\/schema\/logo\/image\/\"}}]}<\/script>\n<!-- \/ Yoast SEO plugin. -->","yoast_head_json":{"title":"Ol\u0161any\u00ae \u2013 Litinov\u00e9 pam\u011btn\u00ed desky na m\u00edru | KOGA Bau","description":"Litinov\u00e9 pam\u011btn\u00ed desky Ol\u0161any\u00ae vyr\u00e1b\u011bn\u00e9 na m\u00edru podle po\u017eadavk\u016f \u2013 text, znak i reli\u00e9f. Trvanliv\u00e9, estetick\u00e9 a odoln\u00e9 \u0159e\u0161en\u00ed pro ozna\u010den\u00ed historick\u00fdch m\u00edst, ud\u00e1lost\u00ed a osobnost\u00ed. Kvalita a \u0159emesln\u00e9 zpracov\u00e1n\u00ed od KOGA Bau.","robots":{"index":"index","follow":"follow","max-snippet":"max-snippet:-1","max-image-preview":"max-image-preview:large","max-video-preview":"max-video-preview:-1"},"canonical":"https:\/\/www.kogabau.sk\/cs\/olsany\/","og_locale":"cs_CZ","og_type":"article","og_title":"Ol\u0161any\u00ae \u2013 Litinov\u00e9 pam\u011btn\u00ed desky na m\u00edru | KOGA Bau","og_description":"Litinov\u00e9 pam\u011btn\u00ed desky Ol\u0161any\u00ae vyr\u00e1b\u011bn\u00e9 na m\u00edru podle po\u017eadavk\u016f \u2013 text, znak i reli\u00e9f. Trvanliv\u00e9, estetick\u00e9 a odoln\u00e9 \u0159e\u0161en\u00ed pro ozna\u010den\u00ed historick\u00fdch m\u00edst, ud\u00e1lost\u00ed a osobnost\u00ed. Kvalita a \u0159emesln\u00e9 zpracov\u00e1n\u00ed od KOGA Bau.","og_url":"https:\/\/www.kogabau.sk\/cs\/olsany\/","og_site_name":"KOGABAU","article_modified_time":"2025-11-09T11:01:38+00:00","og_image":[{"width":575,"height":580,"url":"https:\/\/www.kogabau.sk\/wp-content\/uploads\/2025\/10\/KoGaBau-Olsany.png","type":"image\/png"}],"twitter_card":"summary_large_image","schema":{"@context":"https:\/\/schema.org","@graph":[{"@type":"WebPage","@id":"https:\/\/www.kogabau.sk\/cs\/olsany\/","url":"https:\/\/www.kogabau.sk\/cs\/olsany\/","name":"Ol\u0161any\u00ae \u2013 Litinov\u00e9 pam\u011btn\u00ed desky na m\u00edru | KOGA Bau","isPartOf":{"@id":"https:\/\/www.kogabau.sk\/cs\/#website"},"primaryImageOfPage":{"@id":"https:\/\/www.kogabau.sk\/cs\/olsany\/#primaryimage"},"image":{"@id":"https:\/\/www.kogabau.sk\/cs\/olsany\/#primaryimage"},"thumbnailUrl":"https:\/\/www.kogabau.sk\/wp-content\/uploads\/2025\/10\/KoGaBau-Olsany.png","datePublished":"2025-10-12T12:28:47+00:00","dateModified":"2025-11-09T11:01:38+00:00","description":"Litinov\u00e9 pam\u011btn\u00ed desky Ol\u0161any\u00ae vyr\u00e1b\u011bn\u00e9 na m\u00edru podle po\u017eadavk\u016f \u2013 text, znak i reli\u00e9f. Trvanliv\u00e9, estetick\u00e9 a odoln\u00e9 \u0159e\u0161en\u00ed pro ozna\u010den\u00ed historick\u00fdch m\u00edst, ud\u00e1lost\u00ed a osobnost\u00ed. Kvalita a \u0159emesln\u00e9 zpracov\u00e1n\u00ed od KOGA Bau.","breadcrumb":{"@id":"https:\/\/www.kogabau.sk\/cs\/olsany\/#breadcrumb"},"inLanguage":"cs","potentialAction":[{"@type":"ReadAction","target":["https:\/\/www.kogabau.sk\/cs\/olsany\/"]}]},{"@type":"ImageObject","inLanguage":"cs","@id":"https:\/\/www.kogabau.sk\/cs\/olsany\/#primaryimage","url":"https:\/\/www.kogabau.sk\/wp-content\/uploads\/2025\/10\/KoGaBau-Olsany.png","contentUrl":"https:\/\/www.kogabau.sk\/wp-content\/uploads\/2025\/10\/KoGaBau-Olsany.png"},{"@type":"BreadcrumbList","@id":"https:\/\/www.kogabau.sk\/cs\/olsany\/#breadcrumb","itemListElement":[{"@type":"ListItem","position":1,"name":"Home","item":"https:\/\/www.kogabau.sk\/cs\/"},{"@type":"ListItem","position":2,"name":"Ol\u0161any"}]},{"@type":"WebSite","@id":"https:\/\/www.kogabau.sk\/cs\/#website","url":"https:\/\/www.kogabau.sk\/cs\/","name":"KOGABAU","description":"","publisher":{"@id":"https:\/\/www.kogabau.sk\/cs\/#organization"},"potentialAction":[{"@type":"SearchAction","target":{"@type":"EntryPoint","urlTemplate":"https:\/\/www.kogabau.sk\/cs\/?s={search_term_string}"},"query-input":{"@type":"PropertyValueSpecification","valueRequired":true,"valueName":"search_term_string"}}],"inLanguage":"cs"},{"@type":"Organization","@id":"https:\/\/www.kogabau.sk\/cs\/#organization","name":"KOGABAU","url":"https:\/\/www.kogabau.sk\/cs\/","logo":{"@type":"ImageObject","inLanguage":"cs","@id":"https:\/\/www.kogabau.sk\/cs\/#\/schema\/logo\/image\/","url":"https:\/\/www.kogabau.sk\/wp-content\/uploads\/2021\/02\/KOGA-BAU-logo-cierne.png","contentUrl":"https:\/\/www.kogabau.sk\/wp-content\/uploads\/2021\/02\/KOGA-BAU-logo-cierne.png","width":516,"height":66,"caption":"KOGABAU"},"image":{"@id":"https:\/\/www.kogabau.sk\/cs\/#\/schema\/logo\/image\/"}}]}},"_links":{"self":[{"href":"https:\/\/www.kogabau.sk\/cs\/wp-json\/wp\/v2\/pages\/5295","targetHints":{"allow":["GET"]}}],"collection":[{"href":"https:\/\/www.kogabau.sk\/cs\/wp-json\/wp\/v2\/pages"}],"about":[{"href":"https:\/\/www.kogabau.sk\/cs\/wp-json\/wp\/v2\/types\/page"}],"author":[{"embeddable":true,"href":"https:\/\/www.kogabau.sk\/cs\/wp-json\/wp\/v2\/users\/16"}],"replies":[{"embeddable":true,"href":"https:\/\/www.kogabau.sk\/cs\/wp-json\/wp\/v2\/comments?post=5295"}],"version-history":[{"count":1,"href":"https:\/\/www.kogabau.sk\/cs\/wp-json\/wp\/v2\/pages\/5295\/revisions"}],"predecessor-version":[{"id":5296,"href":"https:\/\/www.kogabau.sk\/cs\/wp-json\/wp\/v2\/pages\/5295\/revisions\/5296"}],"wp:attachment":[{"href":"https:\/\/www.kogabau.sk\/cs\/wp-json\/wp\/v2\/media?parent=5295"}],"curies":[{"name":"wp","href":"https:\/\/api.w.org\/{rel}","templated":true}]}}