{"id":5297,"date":"2025-10-12T20:11:32","date_gmt":"2025-10-12T18:11:32","guid":{"rendered":"https:\/\/www.kogabau.sk\/opava\/"},"modified":"2025-11-14T14:12:11","modified_gmt":"2025-11-14T13:12:11","slug":"opava","status":"publish","type":"page","link":"https:\/\/www.kogabau.sk\/cs\/opava\/","title":{"rendered":"Opava"},"content":{"rendered":"\t\t<div data-elementor-type=\"wp-page\" data-elementor-id=\"5297\" class=\"elementor elementor-5297 elementor-1440\" data-elementor-post-type=\"page\">\n\t\t\t\t\t\t<section class=\"elementor-section elementor-top-section elementor-element elementor-element-8c5cc58 elementor-section-boxed elementor-section-height-default elementor-section-height-default\" data-id=\"8c5cc58\" data-element_type=\"section\" data-settings=\"{&quot;background_background&quot;:&quot;classic&quot;}\">\n\t\t\t\t\t\t<div class=\"elementor-container elementor-column-gap-default\">\n\t\t\t\t\t<div class=\"elementor-column elementor-col-100 elementor-top-column elementor-element elementor-element-4c061b6\" data-id=\"4c061b6\" data-element_type=\"column\">\n\t\t\t<div class=\"elementor-widget-wrap elementor-element-populated\">\n\t\t\t\t\t\t<div class=\"elementor-element elementor-element-efc54a5 elementor-widget elementor-widget-spacer\" data-id=\"efc54a5\" data-element_type=\"widget\" data-widget_type=\"spacer.default\">\n\t\t\t\t<div class=\"elementor-widget-container\">\n\t\t\t\t\t\t\t<div class=\"elementor-spacer\">\n\t\t\t<div class=\"elementor-spacer-inner\"><\/div>\n\t\t<\/div>\n\t\t\t\t\t\t<\/div>\n\t\t\t\t<\/div>\n\t\t\t\t<div class=\"elementor-element elementor-element-db8ba8f elementor-widget elementor-widget-heading\" data-id=\"db8ba8f\" data-element_type=\"widget\" data-widget_type=\"heading.default\">\n\t\t\t\t<div class=\"elementor-widget-container\">\n\t\t\t\t\t<h1 class=\"elementor-heading-title elementor-size-default\">Opava\u00ae<\/h1>\t\t\t\t<\/div>\n\t\t\t\t<\/div>\n\t\t\t\t\t<\/div>\n\t\t<\/div>\n\t\t\t\t\t<\/div>\n\t\t<\/section>\n\t\t\t\t<section class=\"elementor-section elementor-top-section elementor-element elementor-element-6606034 elementor-reverse-tablet elementor-reverse-mobile elementor-section-boxed elementor-section-height-default elementor-section-height-default\" data-id=\"6606034\" data-element_type=\"section\" data-settings=\"{&quot;background_background&quot;:&quot;classic&quot;}\">\n\t\t\t\t\t\t<div class=\"elementor-container elementor-column-gap-default\">\n\t\t\t\t\t<div class=\"elementor-column elementor-col-50 elementor-top-column elementor-element elementor-element-ea36663\" data-id=\"ea36663\" data-element_type=\"column\">\n\t\t\t<div class=\"elementor-widget-wrap elementor-element-populated\">\n\t\t\t\t\t\t<div class=\"elementor-element elementor-element-b6169b0 elementor-widget elementor-widget-text-editor\" data-id=\"b6169b0\" data-element_type=\"widget\" data-widget_type=\"text-editor.default\">\n\t\t\t\t<div class=\"elementor-widget-container\">\n\t\t\t\t\t\t\t\t\t<p>Vpus\u0165 je vyrobena z odoln\u00e9 litiny a spl\u0148uje normu \u010cSN EN 124-2 pro zat\u00ed\u017een\u00ed kategorie B 125, co\u017e jej \u010din\u00ed vhodn\u00fdm pro oblasti se snadn\u011bj\u0161\u00edm dopravn\u00edm provozem, jako jsou chodn\u00edky a parkovi\u0161t\u011b. Vpus\u0165 je vybavena nerezov\u00fdm \u0161roubem M16 DIN912 s vnit\u0159n\u00edm \u0161estihranem, celkov\u00e1 v\u00fd\u0161ka pro rovn\u00fd obrubn\u00edk 150 mm . Osazen\u00ed je mo\u017en\u00e9 na DN 450 a DN 500, s mo\u017enost\u00ed pou\u017eit\u00ed ko\u0161\u016f A4 a B1.   Sou\u010d\u00e1st\u00ed dod\u00e1vky je ocelov\u00fd ro\u0161t, kter\u00fd zaji\u0161\u0165uje \u00fa\u010dinn\u00e9 odvodn\u011bn\u00ed a ochranu p\u0159ed zanesen\u00edm. Vpus\u0165 lze osadit celo-litinov\u00fdm v\u00edkem nebo v\u00edkem pro v\u00fdpl\u0148 (sou\u010d\u00e1st\u00ed dod\u00e1vky je kari s\u00ed\u0165). V obou p\u0159\u00edpadech nab\u00edz\u00edme i mo\u017enost modifikace s vlastn\u00edm motivem, nap\u0159. znak m\u011bsta.  <\/p>\t\t\t\t\t\t\t\t<\/div>\n\t\t\t\t<\/div>\n\t\t\t\t\t<\/div>\n\t\t<\/div>\n\t\t\t\t<div class=\"elementor-column elementor-col-50 elementor-top-column elementor-element elementor-element-215eb55\" data-id=\"215eb55\" data-element_type=\"column\" data-settings=\"{&quot;background_background&quot;:&quot;classic&quot;}\">\n\t\t\t<div class=\"elementor-widget-wrap elementor-element-populated\">\n\t\t\t\t\t\t<div class=\"elementor-element elementor-element-4536708 elementor-widget elementor-widget-image\" data-id=\"4536708\" data-element_type=\"widget\" data-widget_type=\"image.default\">\n\t\t\t\t<div class=\"elementor-widget-container\">\n\t\t\t\t\t\t\t\t\t\t\t\t\t\t\t<img fetchpriority=\"high\" decoding=\"async\" width=\"575\" height=\"580\" src=\"https:\/\/www.kogabau.sk\/wp-content\/uploads\/2025\/10\/KoGaBau-Opava.png\" class=\"attachment-full size-full wp-image-4471\" alt=\"\" srcset=\"https:\/\/www.kogabau.sk\/wp-content\/uploads\/2025\/10\/KoGaBau-Opava.png 575w, https:\/\/www.kogabau.sk\/wp-content\/uploads\/2025\/10\/KoGaBau-Opava-297x300.png 297w, https:\/\/www.kogabau.sk\/wp-content\/uploads\/2025\/10\/KoGaBau-Opava-150x150.png 150w\" sizes=\"(max-width: 575px) 100vw, 575px\" \/>\t\t\t\t\t\t\t\t\t\t\t\t\t\t\t<\/div>\n\t\t\t\t<\/div>\n\t\t\t\t\t<\/div>\n\t\t<\/div>\n\t\t\t\t\t<\/div>\n\t\t<\/section>\n\t\t\t\t<section class=\"elementor-section elementor-top-section elementor-element elementor-element-b2ebb30 horizontale elementor-section-boxed elementor-section-height-default elementor-section-height-default\" data-id=\"b2ebb30\" data-element_type=\"section\" data-settings=\"{&quot;background_background&quot;:&quot;classic&quot;}\">\n\t\t\t\t\t\t<div class=\"elementor-container elementor-column-gap-default\">\n\t\t\t\t\t<div class=\"elementor-column elementor-col-100 elementor-top-column elementor-element elementor-element-399a2b9\" data-id=\"399a2b9\" data-element_type=\"column\">\n\t\t\t<div class=\"elementor-widget-wrap elementor-element-populated\">\n\t\t\t\t\t\t<section class=\"elementor-section elementor-inner-section elementor-element elementor-element-8912142 elementor-section-boxed elementor-section-height-default elementor-section-height-default\" data-id=\"8912142\" data-element_type=\"section\" data-settings=\"{&quot;background_background&quot;:&quot;classic&quot;}\">\n\t\t\t\t\t\t<div class=\"elementor-container elementor-column-gap-default\">\n\t\t\t\t\t<div class=\"elementor-column elementor-col-50 elementor-inner-column elementor-element elementor-element-884ee34\" data-id=\"884ee34\" data-element_type=\"column\">\n\t\t\t<div class=\"elementor-widget-wrap elementor-element-populated\">\n\t\t\t\t\t\t<div class=\"elementor-element elementor-element-753780e elementor-widget elementor-widget-heading\" data-id=\"753780e\" data-element_type=\"widget\" data-widget_type=\"heading.default\">\n\t\t\t\t<div class=\"elementor-widget-container\">\n\t\t\t\t\t<h2 class=\"elementor-heading-title elementor-size-default\">Hmotnost (kg)<\/h2>\t\t\t\t<\/div>\n\t\t\t\t<\/div>\n\t\t\t\t\t<\/div>\n\t\t<\/div>\n\t\t\t\t<div class=\"elementor-column elementor-col-50 elementor-inner-column elementor-element elementor-element-5023eb5\" data-id=\"5023eb5\" data-element_type=\"column\">\n\t\t\t<div class=\"elementor-widget-wrap elementor-element-populated\">\n\t\t\t\t\t\t<div class=\"elementor-element elementor-element-25148e0 elementor-widget elementor-widget-text-editor\" data-id=\"25148e0\" data-element_type=\"widget\" data-widget_type=\"text-editor.default\">\n\t\t\t\t<div class=\"elementor-widget-container\">\n\t\t\t\t\t\t\t\t\t<p>90<\/p>\t\t\t\t\t\t\t\t<\/div>\n\t\t\t\t<\/div>\n\t\t\t\t\t<\/div>\n\t\t<\/div>\n\t\t\t\t\t<\/div>\n\t\t<\/section>\n\t\t\t\t<section class=\"elementor-section elementor-inner-section elementor-element elementor-element-c60dfd6 elementor-section-boxed elementor-section-height-default elementor-section-height-default\" data-id=\"c60dfd6\" data-element_type=\"section\" data-settings=\"{&quot;background_background&quot;:&quot;classic&quot;}\">\n\t\t\t\t\t\t<div class=\"elementor-container elementor-column-gap-default\">\n\t\t\t\t\t<div class=\"elementor-column elementor-col-50 elementor-inner-column elementor-element elementor-element-f72c9e2\" data-id=\"f72c9e2\" data-element_type=\"column\">\n\t\t\t<div class=\"elementor-widget-wrap elementor-element-populated\">\n\t\t\t\t\t\t<div class=\"elementor-element elementor-element-619deea elementor-widget elementor-widget-heading\" data-id=\"619deea\" data-element_type=\"widget\" data-widget_type=\"heading.default\">\n\t\t\t\t<div class=\"elementor-widget-container\">\n\t\t\t\t\t<h2 class=\"elementor-heading-title elementor-size-default\">V\u00fd\u0161ka (mm)<\/h2>\t\t\t\t<\/div>\n\t\t\t\t<\/div>\n\t\t\t\t\t<\/div>\n\t\t<\/div>\n\t\t\t\t<div class=\"elementor-column elementor-col-50 elementor-inner-column elementor-element elementor-element-7dc57dd\" data-id=\"7dc57dd\" data-element_type=\"column\">\n\t\t\t<div class=\"elementor-widget-wrap elementor-element-populated\">\n\t\t\t\t\t\t<div class=\"elementor-element elementor-element-5822b08 elementor-widget elementor-widget-text-editor\" data-id=\"5822b08\" data-element_type=\"widget\" data-widget_type=\"text-editor.default\">\n\t\t\t\t<div class=\"elementor-widget-container\">\n\t\t\t\t\t\t\t\t\t<p>195<\/p>\t\t\t\t\t\t\t\t<\/div>\n\t\t\t\t<\/div>\n\t\t\t\t\t<\/div>\n\t\t<\/div>\n\t\t\t\t\t<\/div>\n\t\t<\/section>\n\t\t\t\t<section class=\"elementor-section elementor-inner-section elementor-element elementor-element-664c8c8 elementor-section-boxed elementor-section-height-default elementor-section-height-default\" data-id=\"664c8c8\" data-element_type=\"section\" data-settings=\"{&quot;background_background&quot;:&quot;classic&quot;}\">\n\t\t\t\t\t\t<div class=\"elementor-container elementor-column-gap-default\">\n\t\t\t\t\t<div class=\"elementor-column elementor-col-50 elementor-inner-column elementor-element elementor-element-3af9040\" data-id=\"3af9040\" data-element_type=\"column\">\n\t\t\t<div class=\"elementor-widget-wrap elementor-element-populated\">\n\t\t\t\t\t\t<div class=\"elementor-element elementor-element-39c484c elementor-widget elementor-widget-heading\" data-id=\"39c484c\" data-element_type=\"widget\" data-widget_type=\"heading.default\">\n\t\t\t\t<div class=\"elementor-widget-container\">\n\t\t\t\t\t<h2 class=\"elementor-heading-title elementor-size-default\">Vtokov\u00fd pr\u016f\u0159ez (m2)<\/h2>\t\t\t\t<\/div>\n\t\t\t\t<\/div>\n\t\t\t\t\t<\/div>\n\t\t<\/div>\n\t\t\t\t<div class=\"elementor-column elementor-col-50 elementor-inner-column elementor-element elementor-element-15e1c02\" data-id=\"15e1c02\" data-element_type=\"column\">\n\t\t\t<div class=\"elementor-widget-wrap elementor-element-populated\">\n\t\t\t\t\t\t<div class=\"elementor-element elementor-element-f0dbb5b elementor-widget elementor-widget-text-editor\" data-id=\"f0dbb5b\" data-element_type=\"widget\" data-widget_type=\"text-editor.default\">\n\t\t\t\t<div class=\"elementor-widget-container\">\n\t\t\t\t\t\t\t\t\t<p>0,056<\/p>\t\t\t\t\t\t\t\t<\/div>\n\t\t\t\t<\/div>\n\t\t\t\t\t<\/div>\n\t\t<\/div>\n\t\t\t\t\t<\/div>\n\t\t<\/section>\n\t\t\t\t<section class=\"elementor-section elementor-inner-section elementor-element elementor-element-91c31ae elementor-section-boxed elementor-section-height-default elementor-section-height-default\" data-id=\"91c31ae\" data-element_type=\"section\" data-settings=\"{&quot;background_background&quot;:&quot;classic&quot;}\">\n\t\t\t\t\t\t<div class=\"elementor-container elementor-column-gap-default\">\n\t\t\t\t\t<div class=\"elementor-column elementor-col-50 elementor-inner-column elementor-element elementor-element-7f7c383\" data-id=\"7f7c383\" data-element_type=\"column\">\n\t\t\t<div class=\"elementor-widget-wrap elementor-element-populated\">\n\t\t\t\t\t\t<div class=\"elementor-element elementor-element-023f4dd elementor-widget elementor-widget-heading\" data-id=\"023f4dd\" data-element_type=\"widget\" data-widget_type=\"heading.default\">\n\t\t\t\t<div class=\"elementor-widget-container\">\n\t\t\t\t\t<h2 class=\"elementor-heading-title elementor-size-default\">Vtokov\u00fd pr\u016f\u0159ez m\u0159\u00ed\u017e (m\u00b2)<\/h2>\t\t\t\t<\/div>\n\t\t\t\t<\/div>\n\t\t\t\t\t<\/div>\n\t\t<\/div>\n\t\t\t\t<div class=\"elementor-column elementor-col-50 elementor-inner-column elementor-element elementor-element-5a988c4\" data-id=\"5a988c4\" data-element_type=\"column\">\n\t\t\t<div class=\"elementor-widget-wrap elementor-element-populated\">\n\t\t\t\t\t\t<div class=\"elementor-element elementor-element-aacc97e elementor-widget elementor-widget-text-editor\" data-id=\"aacc97e\" data-element_type=\"widget\" data-widget_type=\"text-editor.default\">\n\t\t\t\t<div class=\"elementor-widget-container\">\n\t\t\t\t\t\t\t\t\t<p>&#8211;<\/p>\t\t\t\t\t\t\t\t<\/div>\n\t\t\t\t<\/div>\n\t\t\t\t\t<\/div>\n\t\t<\/div>\n\t\t\t\t\t<\/div>\n\t\t<\/section>\n\t\t\t\t<section class=\"elementor-section elementor-inner-section elementor-element elementor-element-b9ab269 elementor-section-boxed elementor-section-height-default elementor-section-height-default\" data-id=\"b9ab269\" data-element_type=\"section\" data-settings=\"{&quot;background_background&quot;:&quot;classic&quot;}\">\n\t\t\t\t\t\t<div class=\"elementor-container elementor-column-gap-default\">\n\t\t\t\t\t<div class=\"elementor-column elementor-col-50 elementor-inner-column elementor-element elementor-element-db59199\" data-id=\"db59199\" data-element_type=\"column\">\n\t\t\t<div class=\"elementor-widget-wrap elementor-element-populated\">\n\t\t\t\t\t\t<div class=\"elementor-element elementor-element-76f6da2 elementor-widget elementor-widget-heading\" data-id=\"76f6da2\" data-element_type=\"widget\" data-widget_type=\"heading.default\">\n\t\t\t\t<div class=\"elementor-widget-container\">\n\t\t\t\t\t<h2 class=\"elementor-heading-title elementor-size-default\">Osazen\u00ed pro ko\u0161<\/h2>\t\t\t\t<\/div>\n\t\t\t\t<\/div>\n\t\t\t\t\t<\/div>\n\t\t<\/div>\n\t\t\t\t<div class=\"elementor-column elementor-col-50 elementor-inner-column elementor-element elementor-element-790e27a\" data-id=\"790e27a\" data-element_type=\"column\">\n\t\t\t<div class=\"elementor-widget-wrap elementor-element-populated\">\n\t\t\t\t\t\t<div class=\"elementor-element elementor-element-75d580f elementor-widget elementor-widget-text-editor\" data-id=\"75d580f\" data-element_type=\"widget\" data-widget_type=\"text-editor.default\">\n\t\t\t\t<div class=\"elementor-widget-container\">\n\t\t\t\t\t\t\t\t\t<p>A4, B1<\/p>\t\t\t\t\t\t\t\t<\/div>\n\t\t\t\t<\/div>\n\t\t\t\t\t<\/div>\n\t\t<\/div>\n\t\t\t\t\t<\/div>\n\t\t<\/section>\n\t\t\t\t\t<\/div>\n\t\t<\/div>\n\t\t\t\t\t<\/div>\n\t\t<\/section>\n\t\t\t\t<\/div>\n\t\t","protected":false},"excerpt":{"rendered":"<p>Opava\u00ae Vpus\u0165 je vyrobena z odoln\u00e9 litiny a spl\u0148uje normu \u010cSN EN 124-2 pro zat\u00ed\u017een\u00ed kategorie B 125, co\u017e jej \u010din\u00ed vhodn\u00fdm pro oblasti se snadn\u011bj\u0161\u00edm dopravn\u00edm provozem, jako jsou chodn\u00edky a parkovi\u0161t\u011b. Vpus\u0165 je vybavena nerezov\u00fdm \u0161roubem M16 DIN912 s vnit\u0159n\u00edm \u0161estihranem, celkov\u00e1 v\u00fd\u0161ka pro rovn\u00fd obrubn\u00edk 150 mm . Osazen\u00ed je mo\u017en\u00e9 na [&hellip;]<\/p>\n","protected":false},"author":16,"featured_media":0,"parent":0,"menu_order":0,"comment_status":"closed","ping_status":"closed","template":"","meta":{"footnotes":""},"class_list":["post-5297","page","type-page","status-publish","hentry"],"yoast_head":"<!-- This site is optimized with the Yoast SEO plugin v26.2 - https:\/\/yoast.com\/wordpress\/plugins\/seo\/ -->\n<title>Opava\u00ae \u2013 Litinov\u00e1 vpus\u0165 B125 pro chodn\u00edky a parkovi\u0161t\u011b | KOGA Bau<\/title>\n<meta name=\"description\" content=\"Opava\u00ae je litinov\u00e1 vpus\u0165 kategorie B125 dle \u010cSN EN 124-2, vhodn\u00e1 pro chodn\u00edky a parkovi\u0161t\u011b. Nab\u00edz\u00ed spolehliv\u00e9 odvodn\u011bn\u00ed, mo\u017enost osazen\u00ed na DN 450\/500, ko\u0161e A4\/B1 a voliteln\u00e1 litinov\u00e1 nebo v\u00fdpl\u0148ov\u00e1 v\u00edka s vlastn\u00edm motivem. Robustn\u00ed \u0159e\u0161en\u00ed od KOGA Bau.\" \/>\n<meta name=\"robots\" content=\"index, follow, max-snippet:-1, max-image-preview:large, max-video-preview:-1\" \/>\n<link rel=\"canonical\" href=\"https:\/\/www.kogabau.sk\/cs\/opava\/\" \/>\n<meta property=\"og:locale\" content=\"cs_CZ\" \/>\n<meta property=\"og:type\" content=\"article\" \/>\n<meta property=\"og:title\" content=\"Opava\u00ae \u2013 Litinov\u00e1 vpus\u0165 B125 pro chodn\u00edky a parkovi\u0161t\u011b | KOGA Bau\" \/>\n<meta property=\"og:description\" content=\"Opava\u00ae je litinov\u00e1 vpus\u0165 kategorie B125 dle \u010cSN EN 124-2, vhodn\u00e1 pro chodn\u00edky a parkovi\u0161t\u011b. Nab\u00edz\u00ed spolehliv\u00e9 odvodn\u011bn\u00ed, mo\u017enost osazen\u00ed na DN 450\/500, ko\u0161e A4\/B1 a voliteln\u00e1 litinov\u00e1 nebo v\u00fdpl\u0148ov\u00e1 v\u00edka s vlastn\u00edm motivem. Robustn\u00ed \u0159e\u0161en\u00ed od KOGA Bau.\" \/>\n<meta property=\"og:url\" content=\"https:\/\/www.kogabau.sk\/cs\/opava\/\" \/>\n<meta property=\"og:site_name\" content=\"KOGABAU\" \/>\n<meta property=\"article:modified_time\" content=\"2025-11-14T13:12:11+00:00\" \/>\n<meta property=\"og:image\" content=\"https:\/\/www.kogabau.sk\/wp-content\/uploads\/2025\/10\/KoGaBau-Opava.png\" \/>\n\t<meta property=\"og:image:width\" content=\"575\" \/>\n\t<meta property=\"og:image:height\" content=\"580\" \/>\n\t<meta property=\"og:image:type\" content=\"image\/png\" \/>\n<meta name=\"twitter:card\" content=\"summary_large_image\" \/>\n<meta name=\"twitter:label1\" content=\"Odhadovan\u00e1 doba \u010dten\u00ed\" \/>\n\t<meta name=\"twitter:data1\" content=\"1 minuta\" \/>\n<script type=\"application\/ld+json\" class=\"yoast-schema-graph\">{\"@context\":\"https:\/\/schema.org\",\"@graph\":[{\"@type\":\"WebPage\",\"@id\":\"https:\/\/www.kogabau.sk\/cs\/opava\/\",\"url\":\"https:\/\/www.kogabau.sk\/cs\/opava\/\",\"name\":\"Opava\u00ae \u2013 Litinov\u00e1 vpus\u0165 B125 pro chodn\u00edky a parkovi\u0161t\u011b | KOGA Bau\",\"isPartOf\":{\"@id\":\"https:\/\/www.kogabau.sk\/cs\/#website\"},\"primaryImageOfPage\":{\"@id\":\"https:\/\/www.kogabau.sk\/cs\/opava\/#primaryimage\"},\"image\":{\"@id\":\"https:\/\/www.kogabau.sk\/cs\/opava\/#primaryimage\"},\"thumbnailUrl\":\"https:\/\/www.kogabau.sk\/wp-content\/uploads\/2025\/10\/KoGaBau-Opava.png\",\"datePublished\":\"2025-10-12T18:11:32+00:00\",\"dateModified\":\"2025-11-14T13:12:11+00:00\",\"description\":\"Opava\u00ae je litinov\u00e1 vpus\u0165 kategorie B125 dle \u010cSN EN 124-2, vhodn\u00e1 pro chodn\u00edky a parkovi\u0161t\u011b. Nab\u00edz\u00ed spolehliv\u00e9 odvodn\u011bn\u00ed, mo\u017enost osazen\u00ed na DN 450\/500, ko\u0161e A4\/B1 a voliteln\u00e1 litinov\u00e1 nebo v\u00fdpl\u0148ov\u00e1 v\u00edka s vlastn\u00edm motivem. Robustn\u00ed \u0159e\u0161en\u00ed od KOGA Bau.\",\"breadcrumb\":{\"@id\":\"https:\/\/www.kogabau.sk\/cs\/opava\/#breadcrumb\"},\"inLanguage\":\"cs\",\"potentialAction\":[{\"@type\":\"ReadAction\",\"target\":[\"https:\/\/www.kogabau.sk\/cs\/opava\/\"]}]},{\"@type\":\"ImageObject\",\"inLanguage\":\"cs\",\"@id\":\"https:\/\/www.kogabau.sk\/cs\/opava\/#primaryimage\",\"url\":\"https:\/\/www.kogabau.sk\/wp-content\/uploads\/2025\/10\/KoGaBau-Opava.png\",\"contentUrl\":\"https:\/\/www.kogabau.sk\/wp-content\/uploads\/2025\/10\/KoGaBau-Opava.png\"},{\"@type\":\"BreadcrumbList\",\"@id\":\"https:\/\/www.kogabau.sk\/cs\/opava\/#breadcrumb\",\"itemListElement\":[{\"@type\":\"ListItem\",\"position\":1,\"name\":\"Home\",\"item\":\"https:\/\/www.kogabau.sk\/cs\/\"},{\"@type\":\"ListItem\",\"position\":2,\"name\":\"Opava\"}]},{\"@type\":\"WebSite\",\"@id\":\"https:\/\/www.kogabau.sk\/cs\/#website\",\"url\":\"https:\/\/www.kogabau.sk\/cs\/\",\"name\":\"KOGABAU\",\"description\":\"\",\"publisher\":{\"@id\":\"https:\/\/www.kogabau.sk\/cs\/#organization\"},\"potentialAction\":[{\"@type\":\"SearchAction\",\"target\":{\"@type\":\"EntryPoint\",\"urlTemplate\":\"https:\/\/www.kogabau.sk\/cs\/?s={search_term_string}\"},\"query-input\":{\"@type\":\"PropertyValueSpecification\",\"valueRequired\":true,\"valueName\":\"search_term_string\"}}],\"inLanguage\":\"cs\"},{\"@type\":\"Organization\",\"@id\":\"https:\/\/www.kogabau.sk\/cs\/#organization\",\"name\":\"KOGABAU\",\"url\":\"https:\/\/www.kogabau.sk\/cs\/\",\"logo\":{\"@type\":\"ImageObject\",\"inLanguage\":\"cs\",\"@id\":\"https:\/\/www.kogabau.sk\/cs\/#\/schema\/logo\/image\/\",\"url\":\"https:\/\/www.kogabau.sk\/wp-content\/uploads\/2021\/02\/KOGA-BAU-logo-cierne.png\",\"contentUrl\":\"https:\/\/www.kogabau.sk\/wp-content\/uploads\/2021\/02\/KOGA-BAU-logo-cierne.png\",\"width\":516,\"height\":66,\"caption\":\"KOGABAU\"},\"image\":{\"@id\":\"https:\/\/www.kogabau.sk\/cs\/#\/schema\/logo\/image\/\"}}]}<\/script>\n<!-- \/ Yoast SEO plugin. -->","yoast_head_json":{"title":"Opava\u00ae \u2013 Litinov\u00e1 vpus\u0165 B125 pro chodn\u00edky a parkovi\u0161t\u011b | KOGA Bau","description":"Opava\u00ae je litinov\u00e1 vpus\u0165 kategorie B125 dle \u010cSN EN 124-2, vhodn\u00e1 pro chodn\u00edky a parkovi\u0161t\u011b. Nab\u00edz\u00ed spolehliv\u00e9 odvodn\u011bn\u00ed, mo\u017enost osazen\u00ed na DN 450\/500, ko\u0161e A4\/B1 a voliteln\u00e1 litinov\u00e1 nebo v\u00fdpl\u0148ov\u00e1 v\u00edka s vlastn\u00edm motivem. Robustn\u00ed \u0159e\u0161en\u00ed od KOGA Bau.","robots":{"index":"index","follow":"follow","max-snippet":"max-snippet:-1","max-image-preview":"max-image-preview:large","max-video-preview":"max-video-preview:-1"},"canonical":"https:\/\/www.kogabau.sk\/cs\/opava\/","og_locale":"cs_CZ","og_type":"article","og_title":"Opava\u00ae \u2013 Litinov\u00e1 vpus\u0165 B125 pro chodn\u00edky a parkovi\u0161t\u011b | KOGA Bau","og_description":"Opava\u00ae je litinov\u00e1 vpus\u0165 kategorie B125 dle \u010cSN EN 124-2, vhodn\u00e1 pro chodn\u00edky a parkovi\u0161t\u011b. Nab\u00edz\u00ed spolehliv\u00e9 odvodn\u011bn\u00ed, mo\u017enost osazen\u00ed na DN 450\/500, ko\u0161e A4\/B1 a voliteln\u00e1 litinov\u00e1 nebo v\u00fdpl\u0148ov\u00e1 v\u00edka s vlastn\u00edm motivem. Robustn\u00ed \u0159e\u0161en\u00ed od KOGA Bau.","og_url":"https:\/\/www.kogabau.sk\/cs\/opava\/","og_site_name":"KOGABAU","article_modified_time":"2025-11-14T13:12:11+00:00","og_image":[{"width":575,"height":580,"url":"https:\/\/www.kogabau.sk\/wp-content\/uploads\/2025\/10\/KoGaBau-Opava.png","type":"image\/png"}],"twitter_card":"summary_large_image","twitter_misc":{"Odhadovan\u00e1 doba \u010dten\u00ed":"1 minuta"},"schema":{"@context":"https:\/\/schema.org","@graph":[{"@type":"WebPage","@id":"https:\/\/www.kogabau.sk\/cs\/opava\/","url":"https:\/\/www.kogabau.sk\/cs\/opava\/","name":"Opava\u00ae \u2013 Litinov\u00e1 vpus\u0165 B125 pro chodn\u00edky a parkovi\u0161t\u011b | KOGA Bau","isPartOf":{"@id":"https:\/\/www.kogabau.sk\/cs\/#website"},"primaryImageOfPage":{"@id":"https:\/\/www.kogabau.sk\/cs\/opava\/#primaryimage"},"image":{"@id":"https:\/\/www.kogabau.sk\/cs\/opava\/#primaryimage"},"thumbnailUrl":"https:\/\/www.kogabau.sk\/wp-content\/uploads\/2025\/10\/KoGaBau-Opava.png","datePublished":"2025-10-12T18:11:32+00:00","dateModified":"2025-11-14T13:12:11+00:00","description":"Opava\u00ae je litinov\u00e1 vpus\u0165 kategorie B125 dle \u010cSN EN 124-2, vhodn\u00e1 pro chodn\u00edky a parkovi\u0161t\u011b. Nab\u00edz\u00ed spolehliv\u00e9 odvodn\u011bn\u00ed, mo\u017enost osazen\u00ed na DN 450\/500, ko\u0161e A4\/B1 a voliteln\u00e1 litinov\u00e1 nebo v\u00fdpl\u0148ov\u00e1 v\u00edka s vlastn\u00edm motivem. Robustn\u00ed \u0159e\u0161en\u00ed od KOGA Bau.","breadcrumb":{"@id":"https:\/\/www.kogabau.sk\/cs\/opava\/#breadcrumb"},"inLanguage":"cs","potentialAction":[{"@type":"ReadAction","target":["https:\/\/www.kogabau.sk\/cs\/opava\/"]}]},{"@type":"ImageObject","inLanguage":"cs","@id":"https:\/\/www.kogabau.sk\/cs\/opava\/#primaryimage","url":"https:\/\/www.kogabau.sk\/wp-content\/uploads\/2025\/10\/KoGaBau-Opava.png","contentUrl":"https:\/\/www.kogabau.sk\/wp-content\/uploads\/2025\/10\/KoGaBau-Opava.png"},{"@type":"BreadcrumbList","@id":"https:\/\/www.kogabau.sk\/cs\/opava\/#breadcrumb","itemListElement":[{"@type":"ListItem","position":1,"name":"Home","item":"https:\/\/www.kogabau.sk\/cs\/"},{"@type":"ListItem","position":2,"name":"Opava"}]},{"@type":"WebSite","@id":"https:\/\/www.kogabau.sk\/cs\/#website","url":"https:\/\/www.kogabau.sk\/cs\/","name":"KOGABAU","description":"","publisher":{"@id":"https:\/\/www.kogabau.sk\/cs\/#organization"},"potentialAction":[{"@type":"SearchAction","target":{"@type":"EntryPoint","urlTemplate":"https:\/\/www.kogabau.sk\/cs\/?s={search_term_string}"},"query-input":{"@type":"PropertyValueSpecification","valueRequired":true,"valueName":"search_term_string"}}],"inLanguage":"cs"},{"@type":"Organization","@id":"https:\/\/www.kogabau.sk\/cs\/#organization","name":"KOGABAU","url":"https:\/\/www.kogabau.sk\/cs\/","logo":{"@type":"ImageObject","inLanguage":"cs","@id":"https:\/\/www.kogabau.sk\/cs\/#\/schema\/logo\/image\/","url":"https:\/\/www.kogabau.sk\/wp-content\/uploads\/2021\/02\/KOGA-BAU-logo-cierne.png","contentUrl":"https:\/\/www.kogabau.sk\/wp-content\/uploads\/2021\/02\/KOGA-BAU-logo-cierne.png","width":516,"height":66,"caption":"KOGABAU"},"image":{"@id":"https:\/\/www.kogabau.sk\/cs\/#\/schema\/logo\/image\/"}}]}},"_links":{"self":[{"href":"https:\/\/www.kogabau.sk\/cs\/wp-json\/wp\/v2\/pages\/5297","targetHints":{"allow":["GET"]}}],"collection":[{"href":"https:\/\/www.kogabau.sk\/cs\/wp-json\/wp\/v2\/pages"}],"about":[{"href":"https:\/\/www.kogabau.sk\/cs\/wp-json\/wp\/v2\/types\/page"}],"author":[{"embeddable":true,"href":"https:\/\/www.kogabau.sk\/cs\/wp-json\/wp\/v2\/users\/16"}],"replies":[{"embeddable":true,"href":"https:\/\/www.kogabau.sk\/cs\/wp-json\/wp\/v2\/comments?post=5297"}],"version-history":[{"count":12,"href":"https:\/\/www.kogabau.sk\/cs\/wp-json\/wp\/v2\/pages\/5297\/revisions"}],"predecessor-version":[{"id":7656,"href":"https:\/\/www.kogabau.sk\/cs\/wp-json\/wp\/v2\/pages\/5297\/revisions\/7656"}],"wp:attachment":[{"href":"https:\/\/www.kogabau.sk\/cs\/wp-json\/wp\/v2\/media?parent=5297"}],"curies":[{"name":"wp","href":"https:\/\/api.w.org\/{rel}","templated":true}]}}