{"id":5358,"date":"2025-10-12T16:06:02","date_gmt":"2025-10-12T14:06:02","guid":{"rendered":"https:\/\/www.kogabau.sk\/poradenstvi\/"},"modified":"2025-11-14T14:55:19","modified_gmt":"2025-11-14T13:55:19","slug":"poradenstvi","status":"publish","type":"page","link":"https:\/\/www.kogabau.sk\/cs\/poradenstvi\/","title":{"rendered":"Poradenstv\u00ed"},"content":{"rendered":"\t\t<div data-elementor-type=\"wp-page\" data-elementor-id=\"5358\" class=\"elementor elementor-5358 elementor-1140\" data-elementor-post-type=\"page\">\n\t\t\t\t\t\t<section class=\"elementor-section elementor-top-section elementor-element elementor-element-4074a75 elementor-section-boxed elementor-section-height-default elementor-section-height-default\" data-id=\"4074a75\" data-element_type=\"section\" data-settings=\"{&quot;background_background&quot;:&quot;classic&quot;}\">\n\t\t\t\t\t\t<div class=\"elementor-container elementor-column-gap-default\">\n\t\t\t\t\t<div class=\"elementor-column elementor-col-100 elementor-top-column elementor-element elementor-element-94e9e1f\" data-id=\"94e9e1f\" data-element_type=\"column\">\n\t\t\t<div class=\"elementor-widget-wrap elementor-element-populated\">\n\t\t\t\t\t\t<div class=\"elementor-element elementor-element-8927d6b elementor-widget elementor-widget-spacer\" data-id=\"8927d6b\" data-element_type=\"widget\" data-widget_type=\"spacer.default\">\n\t\t\t\t<div class=\"elementor-widget-container\">\n\t\t\t\t\t\t\t<div class=\"elementor-spacer\">\n\t\t\t<div class=\"elementor-spacer-inner\"><\/div>\n\t\t<\/div>\n\t\t\t\t\t\t<\/div>\n\t\t\t\t<\/div>\n\t\t\t\t<div class=\"elementor-element elementor-element-a6ab897 elementor-widget elementor-widget-heading\" data-id=\"a6ab897\" data-element_type=\"widget\" data-widget_type=\"heading.default\">\n\t\t\t\t<div class=\"elementor-widget-container\">\n\t\t\t\t\t<h1 class=\"elementor-heading-title elementor-size-default\">Poradenstv\u00ed:<\/h1>\t\t\t\t<\/div>\n\t\t\t\t<\/div>\n\t\t\t\t<div class=\"elementor-element elementor-element-4705da6 elementor-widget elementor-widget-heading\" data-id=\"4705da6\" data-element_type=\"widget\" data-widget_type=\"heading.default\">\n\t\t\t\t<div class=\"elementor-widget-container\">\n\t\t\t\t\t<h2 class=\"elementor-heading-title elementor-size-default\">Hydraulick\u00e9 v\u00fdpo\u010dty, n\u00e1vrh V\u00fdrobn\u011b-Technick\u00e9 Dokumentaci odvodn\u011bn\u00ed, \u0161kolen\u00ed. <\/h2>\t\t\t\t<\/div>\n\t\t\t\t<\/div>\n\t\t\t\t\t<\/div>\n\t\t<\/div>\n\t\t\t\t\t<\/div>\n\t\t<\/section>\n\t\t\t\t<section class=\"elementor-section elementor-top-section elementor-element elementor-element-c1701f4 elementor-section-boxed elementor-section-height-default elementor-section-height-default\" data-id=\"c1701f4\" data-element_type=\"section\" data-settings=\"{&quot;background_background&quot;:&quot;classic&quot;}\">\n\t\t\t\t\t\t<div class=\"elementor-container elementor-column-gap-default\">\n\t\t\t\t\t<div class=\"elementor-column elementor-col-50 elementor-top-column elementor-element elementor-element-4ecf00a\" data-id=\"4ecf00a\" data-element_type=\"column\">\n\t\t\t<div class=\"elementor-widget-wrap elementor-element-populated\">\n\t\t\t\t\t\t<div class=\"elementor-element elementor-element-e43167d elementor-widget elementor-widget-text-editor\" data-id=\"e43167d\" data-element_type=\"widget\" data-widget_type=\"text-editor.default\">\n\t\t\t\t<div class=\"elementor-widget-container\">\n\t\t\t\t\t\t\t\t\t<p>Na\u0161e spole\u010dnost nab\u00edz\u00ed sv\u00fdm obchodn\u00edm partner\u016fm a v\u0161em stran\u00e1m z\u00fa\u010dastn\u011bn\u00fdm v procesu v\u00fdstavby \u0161iroce pojat\u00e9 poradensk\u00e9 slu\u017eby. <\/p><p>N\u00e1mi prov\u00e1d\u011bn\u00e9 poradenstv\u00ed je zam\u011b\u0159eno hlavn\u011b jak pomoci projektant\u016fm v dob\u011b navrhov\u00e1n\u00ed cel\u00e9ho syst\u00e9mu odvodn\u011bn\u00ed. V r\u00e1mci t\u00e9to spolupr\u00e1ce um\u00edme zajistit hydraulicky v\u00fdpo\u010det rozm\u00edst\u011bn\u00ed odvod\u0148ovac\u00ed a potrub\u00ed na mostn\u00edm objektu. N\u00e1sledn\u011b um\u00edme doporu\u010dit vhodn\u011b um\u00edst\u011bn\u00ed t\u011bchto prvk\u016f mostn\u00edho p\u0159\u00edslu\u0161enstv\u00ed tak, aby se p\u0159ede\u0161lo mo\u017en\u00fdm konflikt\u016fm s ostatn\u00edmi za\u0159\u00edzen\u00edmi mostu.   <\/p><p>V pr\u016fb\u011bhu v\u00fdstavby \u00fazce spolupracujeme se zhotovitelem a nab\u00edz\u00edme poradenstv\u00ed p\u0159\u00edmo na stavb\u011b. Poradenstv\u00ed je hlavn\u011b zam\u011b\u0159eno na spr\u00e1vn\u00e9 pou\u017eit\u00ed n\u00e1mi dod\u00e1van\u00fdch v\u00fdrobk\u016f a za\u0159\u00edzen\u00ed.  <\/p><p>Na\u0161e poradensk\u00e1 \u010dinnost je tak\u00e9 zam\u011b\u0159ena na \u0161kolen\u00ed projektant\u016f, dozor\u016f a investor\u016f v oblasti mostn\u00edho odvodn\u011bn\u00ed. Na\u0161e zku\u0161enosti jsou podlo\u017eeny v\u00edce ne\u017e dvacetilet\u00fdmi zku\u0161enostmi na\u0161ich partner\u016f a odborn\u00edk\u016f v oblasti mostn\u00edho odvodn\u011bn\u00ed. <\/p><p>V r\u00e1mci na\u0161eho p\u016fsoben\u00ed poskytujeme \u0161kolen\u00ed pro projektanty, dozory a investory t\u00fdkaj\u00edc\u00ed se nov\u00fdch sm\u011br\u016f materi\u00e1l\u016f a spr\u00e1vn\u00e9ho zp\u016fsobu pro v\u00fdrobu syst\u00e9mu mostn\u00edho odvodn\u011bn\u00ed.<\/p>\t\t\t\t\t\t\t\t<\/div>\n\t\t\t\t<\/div>\n\t\t\t\t\t<\/div>\n\t\t<\/div>\n\t\t\t\t<div class=\"elementor-column elementor-col-50 elementor-top-column elementor-element elementor-element-0bb13b5\" data-id=\"0bb13b5\" data-element_type=\"column\">\n\t\t\t<div class=\"elementor-widget-wrap elementor-element-populated\">\n\t\t\t\t\t\t<div class=\"elementor-element elementor-element-a898308 elementor-widget elementor-widget-image\" data-id=\"a898308\" data-element_type=\"widget\" data-widget_type=\"image.default\">\n\t\t\t\t<div class=\"elementor-widget-container\">\n\t\t\t\t\t\t\t\t\t\t\t\t\t\t\t<img fetchpriority=\"high\" decoding=\"async\" width=\"706\" height=\"469\" src=\"https:\/\/www.kogabau.sk\/wp-content\/uploads\/2025\/10\/kogabau-detail-sluzby-poradenstvo.png\" class=\"attachment-full size-full wp-image-5351\" alt=\"\" srcset=\"https:\/\/www.kogabau.sk\/wp-content\/uploads\/2025\/10\/kogabau-detail-sluzby-poradenstvo.png 706w, https:\/\/www.kogabau.sk\/wp-content\/uploads\/2025\/10\/kogabau-detail-sluzby-poradenstvo-300x199.png 300w\" sizes=\"(max-width: 706px) 100vw, 706px\" \/>\t\t\t\t\t\t\t\t\t\t\t\t\t\t\t<\/div>\n\t\t\t\t<\/div>\n\t\t\t\t\t<\/div>\n\t\t<\/div>\n\t\t\t\t\t<\/div>\n\t\t<\/section>\n\t\t\t\t<section class=\"elementor-section elementor-top-section elementor-element elementor-element-947dcea elementor-hidden-mobile elementor-section-boxed elementor-section-height-default elementor-section-height-default\" data-id=\"947dcea\" data-element_type=\"section\" data-settings=\"{&quot;background_background&quot;:&quot;classic&quot;}\">\n\t\t\t\t\t\t<div class=\"elementor-container elementor-column-gap-default\">\n\t\t\t\t\t<div class=\"make-column-clickable-elementor elementor-column elementor-col-100 elementor-top-column elementor-element elementor-element-de2609d\" style=\"cursor: pointer;\" data-column-clickable=\"https:\/\/www.kogabau.sk\/cs\/kontakty\/\" data-column-clickable-blank=\"_self\" data-id=\"de2609d\" data-element_type=\"column\" data-settings=\"{&quot;background_background&quot;:&quot;classic&quot;}\">\n\t\t\t<div class=\"elementor-widget-wrap elementor-element-populated\">\n\t\t\t\t\t<div class=\"elementor-background-overlay\"><\/div>\n\t\t\t\t\t\t<div class=\"elementor-element elementor-element-babc8fe elementor-widget elementor-widget-heading\" data-id=\"babc8fe\" data-element_type=\"widget\" data-widget_type=\"heading.default\">\n\t\t\t\t<div class=\"elementor-widget-container\">\n\t\t\t\t\t<h2 class=\"elementor-heading-title elementor-size-default\">M\u00e1te z\u00e1jem o pron\u00e1jem?<\/h2>\t\t\t\t<\/div>\n\t\t\t\t<\/div>\n\t\t\t\t<div class=\"elementor-element elementor-element-0cdd8ad elementor-widget elementor-widget-text-editor\" data-id=\"0cdd8ad\" data-element_type=\"widget\" data-widget_type=\"text-editor.default\">\n\t\t\t\t<div class=\"elementor-widget-container\">\n\t\t\t\t\t\t\t\t\t<p>Cena pron\u00e1jmu je v\u017edy stanovena dohodou. V p\u0159\u00edpad\u011b z\u00e1jmu za\u0161lete e-mail s<br>Va\u0161imi po\u017eadavky na <strong>kogabau@kogabau.sk<\/strong>, nebo n\u00e1s kontaktujte pomoc\u00ed <br><strong>kontaktn\u00e9ho formul\u00e1ra<\/strong>. Na\u0161i obchodn\u00ed mana\u017ee\u0159i V\u00e1s budou kontaktovat s c\u00edlem<br>ujedn\u00e1n\u00ed detail\u016f pron\u00e1jmu. <\/p>\t\t\t\t\t\t\t\t<\/div>\n\t\t\t\t<\/div>\n\t\t\t\t<div class=\"elementor-element elementor-element-c7967ce elementor-widget elementor-widget-button\" data-id=\"c7967ce\" data-element_type=\"widget\" data-widget_type=\"button.default\">\n\t\t\t\t<div class=\"elementor-widget-container\">\n\t\t\t\t\t\t\t\t\t<div class=\"elementor-button-wrapper\">\n\t\t\t\t\t<a class=\"elementor-button elementor-button-link elementor-size-sm elementor-animation-grow\" href=\"https:\/\/www.kogabau.sk\/cs\/kontakty\/\">\n\t\t\t\t\t\t<span class=\"elementor-button-content-wrapper\">\n\t\t\t\t\t\t\t\t\t<span class=\"elementor-button-text\">KONTAKTUJTE N\u00c1S<\/span>\n\t\t\t\t\t<\/span>\n\t\t\t\t\t<\/a>\n\t\t\t\t<\/div>\n\t\t\t\t\t\t\t\t<\/div>\n\t\t\t\t<\/div>\n\t\t\t\t\t<\/div>\n\t\t<\/div>\n\t\t\t\t\t<\/div>\n\t\t<\/section>\n\t\t\t\t<\/div>\n\t\t","protected":false},"excerpt":{"rendered":"<p>Poradenstv\u00ed: Hydraulick\u00e9 v\u00fdpo\u010dty, n\u00e1vrh V\u00fdrobn\u011b-Technick\u00e9 Dokumentaci odvodn\u011bn\u00ed, \u0161kolen\u00ed. Na\u0161e spole\u010dnost nab\u00edz\u00ed sv\u00fdm obchodn\u00edm partner\u016fm a v\u0161em stran\u00e1m z\u00fa\u010dastn\u011bn\u00fdm v procesu v\u00fdstavby \u0161iroce pojat\u00e9 poradensk\u00e9 slu\u017eby. N\u00e1mi prov\u00e1d\u011bn\u00e9 poradenstv\u00ed je zam\u011b\u0159eno hlavn\u011b jak pomoci projektant\u016fm v dob\u011b navrhov\u00e1n\u00ed cel\u00e9ho syst\u00e9mu odvodn\u011bn\u00ed. V r\u00e1mci t\u00e9to spolupr\u00e1ce um\u00edme zajistit hydraulicky v\u00fdpo\u010det rozm\u00edst\u011bn\u00ed odvod\u0148ovac\u00ed a potrub\u00ed na mostn\u00edm objektu. [&hellip;]<\/p>\n","protected":false},"author":15,"featured_media":0,"parent":0,"menu_order":0,"comment_status":"closed","ping_status":"closed","template":"","meta":{"footnotes":""},"class_list":["post-5358","page","type-page","status-publish","hentry"],"yoast_head":"<!-- This site is optimized with the Yoast SEO plugin v26.2 - https:\/\/yoast.com\/wordpress\/plugins\/seo\/ -->\n<title>Poradenstv\u00ed - KOGABAU<\/title>\n<meta name=\"robots\" content=\"index, follow, max-snippet:-1, max-image-preview:large, max-video-preview:-1\" \/>\n<link rel=\"canonical\" href=\"https:\/\/www.kogabau.sk\/cs\/poradenstvi\/\" \/>\n<meta property=\"og:locale\" content=\"cs_CZ\" \/>\n<meta property=\"og:type\" content=\"article\" \/>\n<meta property=\"og:title\" content=\"Poradenstv\u00ed - KOGABAU\" \/>\n<meta property=\"og:description\" content=\"Poradenstv\u00ed: Hydraulick\u00e9 v\u00fdpo\u010dty, n\u00e1vrh V\u00fdrobn\u011b-Technick\u00e9 Dokumentaci odvodn\u011bn\u00ed, \u0161kolen\u00ed. Na\u0161e spole\u010dnost nab\u00edz\u00ed sv\u00fdm obchodn\u00edm partner\u016fm a v\u0161em stran\u00e1m z\u00fa\u010dastn\u011bn\u00fdm v procesu v\u00fdstavby \u0161iroce pojat\u00e9 poradensk\u00e9 slu\u017eby. N\u00e1mi prov\u00e1d\u011bn\u00e9 poradenstv\u00ed je zam\u011b\u0159eno hlavn\u011b jak pomoci projektant\u016fm v dob\u011b navrhov\u00e1n\u00ed cel\u00e9ho syst\u00e9mu odvodn\u011bn\u00ed. V r\u00e1mci t\u00e9to spolupr\u00e1ce um\u00edme zajistit hydraulicky v\u00fdpo\u010det rozm\u00edst\u011bn\u00ed odvod\u0148ovac\u00ed a potrub\u00ed na mostn\u00edm objektu. [&hellip;]\" \/>\n<meta property=\"og:url\" content=\"https:\/\/www.kogabau.sk\/cs\/poradenstvi\/\" \/>\n<meta property=\"og:site_name\" content=\"KOGABAU\" \/>\n<meta property=\"article:modified_time\" content=\"2025-11-14T13:55:19+00:00\" \/>\n<meta property=\"og:image\" content=\"https:\/\/www.kogabau.sk\/wp-content\/uploads\/2025\/10\/kogabau-detail-sluzby-poradenstvo.png\" \/>\n\t<meta property=\"og:image:width\" content=\"706\" \/>\n\t<meta property=\"og:image:height\" content=\"469\" \/>\n\t<meta property=\"og:image:type\" content=\"image\/png\" \/>\n<meta name=\"twitter:card\" content=\"summary_large_image\" \/>\n<meta name=\"twitter:label1\" content=\"Odhadovan\u00e1 doba \u010dten\u00ed\" \/>\n\t<meta name=\"twitter:data1\" content=\"2 minuty\" \/>\n<script type=\"application\/ld+json\" class=\"yoast-schema-graph\">{\"@context\":\"https:\/\/schema.org\",\"@graph\":[{\"@type\":\"WebPage\",\"@id\":\"https:\/\/www.kogabau.sk\/cs\/poradenstvi\/\",\"url\":\"https:\/\/www.kogabau.sk\/cs\/poradenstvi\/\",\"name\":\"Poradenstv\u00ed - KOGABAU\",\"isPartOf\":{\"@id\":\"https:\/\/www.kogabau.sk\/cs\/#website\"},\"primaryImageOfPage\":{\"@id\":\"https:\/\/www.kogabau.sk\/cs\/poradenstvi\/#primaryimage\"},\"image\":{\"@id\":\"https:\/\/www.kogabau.sk\/cs\/poradenstvi\/#primaryimage\"},\"thumbnailUrl\":\"https:\/\/www.kogabau.sk\/wp-content\/uploads\/2025\/10\/kogabau-detail-sluzby-poradenstvo.png\",\"datePublished\":\"2025-10-12T14:06:02+00:00\",\"dateModified\":\"2025-11-14T13:55:19+00:00\",\"breadcrumb\":{\"@id\":\"https:\/\/www.kogabau.sk\/cs\/poradenstvi\/#breadcrumb\"},\"inLanguage\":\"cs\",\"potentialAction\":[{\"@type\":\"ReadAction\",\"target\":[\"https:\/\/www.kogabau.sk\/cs\/poradenstvi\/\"]}]},{\"@type\":\"ImageObject\",\"inLanguage\":\"cs\",\"@id\":\"https:\/\/www.kogabau.sk\/cs\/poradenstvi\/#primaryimage\",\"url\":\"https:\/\/www.kogabau.sk\/wp-content\/uploads\/2025\/10\/kogabau-detail-sluzby-poradenstvo.png\",\"contentUrl\":\"https:\/\/www.kogabau.sk\/wp-content\/uploads\/2025\/10\/kogabau-detail-sluzby-poradenstvo.png\"},{\"@type\":\"BreadcrumbList\",\"@id\":\"https:\/\/www.kogabau.sk\/cs\/poradenstvi\/#breadcrumb\",\"itemListElement\":[{\"@type\":\"ListItem\",\"position\":1,\"name\":\"Home\",\"item\":\"https:\/\/www.kogabau.sk\/cs\/\"},{\"@type\":\"ListItem\",\"position\":2,\"name\":\"Poradenstv\u00ed\"}]},{\"@type\":\"WebSite\",\"@id\":\"https:\/\/www.kogabau.sk\/cs\/#website\",\"url\":\"https:\/\/www.kogabau.sk\/cs\/\",\"name\":\"KOGABAU\",\"description\":\"\",\"publisher\":{\"@id\":\"https:\/\/www.kogabau.sk\/cs\/#organization\"},\"potentialAction\":[{\"@type\":\"SearchAction\",\"target\":{\"@type\":\"EntryPoint\",\"urlTemplate\":\"https:\/\/www.kogabau.sk\/cs\/?s={search_term_string}\"},\"query-input\":{\"@type\":\"PropertyValueSpecification\",\"valueRequired\":true,\"valueName\":\"search_term_string\"}}],\"inLanguage\":\"cs\"},{\"@type\":\"Organization\",\"@id\":\"https:\/\/www.kogabau.sk\/cs\/#organization\",\"name\":\"KOGABAU\",\"url\":\"https:\/\/www.kogabau.sk\/cs\/\",\"logo\":{\"@type\":\"ImageObject\",\"inLanguage\":\"cs\",\"@id\":\"https:\/\/www.kogabau.sk\/cs\/#\/schema\/logo\/image\/\",\"url\":\"https:\/\/www.kogabau.sk\/wp-content\/uploads\/2021\/02\/KOGA-BAU-logo-cierne.png\",\"contentUrl\":\"https:\/\/www.kogabau.sk\/wp-content\/uploads\/2021\/02\/KOGA-BAU-logo-cierne.png\",\"width\":516,\"height\":66,\"caption\":\"KOGABAU\"},\"image\":{\"@id\":\"https:\/\/www.kogabau.sk\/cs\/#\/schema\/logo\/image\/\"}}]}<\/script>\n<!-- \/ Yoast SEO plugin. -->","yoast_head_json":{"title":"Poradenstv\u00ed - KOGABAU","robots":{"index":"index","follow":"follow","max-snippet":"max-snippet:-1","max-image-preview":"max-image-preview:large","max-video-preview":"max-video-preview:-1"},"canonical":"https:\/\/www.kogabau.sk\/cs\/poradenstvi\/","og_locale":"cs_CZ","og_type":"article","og_title":"Poradenstv\u00ed - KOGABAU","og_description":"Poradenstv\u00ed: Hydraulick\u00e9 v\u00fdpo\u010dty, n\u00e1vrh V\u00fdrobn\u011b-Technick\u00e9 Dokumentaci odvodn\u011bn\u00ed, \u0161kolen\u00ed. Na\u0161e spole\u010dnost nab\u00edz\u00ed sv\u00fdm obchodn\u00edm partner\u016fm a v\u0161em stran\u00e1m z\u00fa\u010dastn\u011bn\u00fdm v procesu v\u00fdstavby \u0161iroce pojat\u00e9 poradensk\u00e9 slu\u017eby. N\u00e1mi prov\u00e1d\u011bn\u00e9 poradenstv\u00ed je zam\u011b\u0159eno hlavn\u011b jak pomoci projektant\u016fm v dob\u011b navrhov\u00e1n\u00ed cel\u00e9ho syst\u00e9mu odvodn\u011bn\u00ed. V r\u00e1mci t\u00e9to spolupr\u00e1ce um\u00edme zajistit hydraulicky v\u00fdpo\u010det rozm\u00edst\u011bn\u00ed odvod\u0148ovac\u00ed a potrub\u00ed na mostn\u00edm objektu. [&hellip;]","og_url":"https:\/\/www.kogabau.sk\/cs\/poradenstvi\/","og_site_name":"KOGABAU","article_modified_time":"2025-11-14T13:55:19+00:00","og_image":[{"width":706,"height":469,"url":"https:\/\/www.kogabau.sk\/wp-content\/uploads\/2025\/10\/kogabau-detail-sluzby-poradenstvo.png","type":"image\/png"}],"twitter_card":"summary_large_image","twitter_misc":{"Odhadovan\u00e1 doba \u010dten\u00ed":"2 minuty"},"schema":{"@context":"https:\/\/schema.org","@graph":[{"@type":"WebPage","@id":"https:\/\/www.kogabau.sk\/cs\/poradenstvi\/","url":"https:\/\/www.kogabau.sk\/cs\/poradenstvi\/","name":"Poradenstv\u00ed - KOGABAU","isPartOf":{"@id":"https:\/\/www.kogabau.sk\/cs\/#website"},"primaryImageOfPage":{"@id":"https:\/\/www.kogabau.sk\/cs\/poradenstvi\/#primaryimage"},"image":{"@id":"https:\/\/www.kogabau.sk\/cs\/poradenstvi\/#primaryimage"},"thumbnailUrl":"https:\/\/www.kogabau.sk\/wp-content\/uploads\/2025\/10\/kogabau-detail-sluzby-poradenstvo.png","datePublished":"2025-10-12T14:06:02+00:00","dateModified":"2025-11-14T13:55:19+00:00","breadcrumb":{"@id":"https:\/\/www.kogabau.sk\/cs\/poradenstvi\/#breadcrumb"},"inLanguage":"cs","potentialAction":[{"@type":"ReadAction","target":["https:\/\/www.kogabau.sk\/cs\/poradenstvi\/"]}]},{"@type":"ImageObject","inLanguage":"cs","@id":"https:\/\/www.kogabau.sk\/cs\/poradenstvi\/#primaryimage","url":"https:\/\/www.kogabau.sk\/wp-content\/uploads\/2025\/10\/kogabau-detail-sluzby-poradenstvo.png","contentUrl":"https:\/\/www.kogabau.sk\/wp-content\/uploads\/2025\/10\/kogabau-detail-sluzby-poradenstvo.png"},{"@type":"BreadcrumbList","@id":"https:\/\/www.kogabau.sk\/cs\/poradenstvi\/#breadcrumb","itemListElement":[{"@type":"ListItem","position":1,"name":"Home","item":"https:\/\/www.kogabau.sk\/cs\/"},{"@type":"ListItem","position":2,"name":"Poradenstv\u00ed"}]},{"@type":"WebSite","@id":"https:\/\/www.kogabau.sk\/cs\/#website","url":"https:\/\/www.kogabau.sk\/cs\/","name":"KOGABAU","description":"","publisher":{"@id":"https:\/\/www.kogabau.sk\/cs\/#organization"},"potentialAction":[{"@type":"SearchAction","target":{"@type":"EntryPoint","urlTemplate":"https:\/\/www.kogabau.sk\/cs\/?s={search_term_string}"},"query-input":{"@type":"PropertyValueSpecification","valueRequired":true,"valueName":"search_term_string"}}],"inLanguage":"cs"},{"@type":"Organization","@id":"https:\/\/www.kogabau.sk\/cs\/#organization","name":"KOGABAU","url":"https:\/\/www.kogabau.sk\/cs\/","logo":{"@type":"ImageObject","inLanguage":"cs","@id":"https:\/\/www.kogabau.sk\/cs\/#\/schema\/logo\/image\/","url":"https:\/\/www.kogabau.sk\/wp-content\/uploads\/2021\/02\/KOGA-BAU-logo-cierne.png","contentUrl":"https:\/\/www.kogabau.sk\/wp-content\/uploads\/2021\/02\/KOGA-BAU-logo-cierne.png","width":516,"height":66,"caption":"KOGABAU"},"image":{"@id":"https:\/\/www.kogabau.sk\/cs\/#\/schema\/logo\/image\/"}}]}},"_links":{"self":[{"href":"https:\/\/www.kogabau.sk\/cs\/wp-json\/wp\/v2\/pages\/5358","targetHints":{"allow":["GET"]}}],"collection":[{"href":"https:\/\/www.kogabau.sk\/cs\/wp-json\/wp\/v2\/pages"}],"about":[{"href":"https:\/\/www.kogabau.sk\/cs\/wp-json\/wp\/v2\/types\/page"}],"author":[{"embeddable":true,"href":"https:\/\/www.kogabau.sk\/cs\/wp-json\/wp\/v2\/users\/15"}],"replies":[{"embeddable":true,"href":"https:\/\/www.kogabau.sk\/cs\/wp-json\/wp\/v2\/comments?post=5358"}],"version-history":[{"count":4,"href":"https:\/\/www.kogabau.sk\/cs\/wp-json\/wp\/v2\/pages\/5358\/revisions"}],"predecessor-version":[{"id":7730,"href":"https:\/\/www.kogabau.sk\/cs\/wp-json\/wp\/v2\/pages\/5358\/revisions\/7730"}],"wp:attachment":[{"href":"https:\/\/www.kogabau.sk\/cs\/wp-json\/wp\/v2\/media?parent=5358"}],"curies":[{"name":"wp","href":"https:\/\/api.w.org\/{rel}","templated":true}]}}