{"id":5631,"date":"2025-10-11T16:51:28","date_gmt":"2025-10-11T14:51:28","guid":{"rendered":"https:\/\/www.kogabau.sk\/vyroba-atypickych-tvarovek\/"},"modified":"2025-11-14T16:28:28","modified_gmt":"2025-11-14T15:28:28","slug":"vyroba-atypickych-tvarovek","status":"publish","type":"page","link":"https:\/\/www.kogabau.sk\/cs\/vyroba-atypickych-tvarovek\/","title":{"rendered":"V\u00fdroba atypick\u00fdch tvarovek"},"content":{"rendered":"\t\t<div data-elementor-type=\"wp-page\" data-elementor-id=\"5631\" class=\"elementor elementor-5631 elementor-881\" data-elementor-post-type=\"page\">\n\t\t\t\t\t\t<section class=\"elementor-section elementor-top-section elementor-element elementor-element-1e8c51c elementor-section-boxed elementor-section-height-default elementor-section-height-default\" data-id=\"1e8c51c\" data-element_type=\"section\" data-settings=\"{&quot;background_background&quot;:&quot;classic&quot;}\">\n\t\t\t\t\t\t<div class=\"elementor-container elementor-column-gap-default\">\n\t\t\t\t\t<div class=\"elementor-column elementor-col-100 elementor-top-column elementor-element elementor-element-8485e09\" data-id=\"8485e09\" data-element_type=\"column\">\n\t\t\t<div class=\"elementor-widget-wrap elementor-element-populated\">\n\t\t\t\t\t\t<div class=\"elementor-element elementor-element-f5a3ced elementor-widget elementor-widget-spacer\" data-id=\"f5a3ced\" data-element_type=\"widget\" data-widget_type=\"spacer.default\">\n\t\t\t\t<div class=\"elementor-widget-container\">\n\t\t\t\t\t\t\t<div class=\"elementor-spacer\">\n\t\t\t<div class=\"elementor-spacer-inner\"><\/div>\n\t\t<\/div>\n\t\t\t\t\t\t<\/div>\n\t\t\t\t<\/div>\n\t\t\t\t<div class=\"elementor-element elementor-element-010b38e elementor-widget elementor-widget-heading\" data-id=\"010b38e\" data-element_type=\"widget\" data-widget_type=\"heading.default\">\n\t\t\t\t<div class=\"elementor-widget-container\">\n\t\t\t\t\t<h1 class=\"elementor-heading-title elementor-size-default\">V\u00fdroba<br>atypick\u00fdch tvarovek<\/h1>\t\t\t\t<\/div>\n\t\t\t\t<\/div>\n\t\t\t\t\t<\/div>\n\t\t<\/div>\n\t\t\t\t\t<\/div>\n\t\t<\/section>\n\t\t\t\t<section class=\"elementor-section elementor-top-section elementor-element elementor-element-3395629 elementor-section-boxed elementor-section-height-default elementor-section-height-default\" data-id=\"3395629\" data-element_type=\"section\" data-settings=\"{&quot;background_background&quot;:&quot;classic&quot;}\">\n\t\t\t\t\t\t<div class=\"elementor-container elementor-column-gap-default\">\n\t\t\t\t\t<div class=\"elementor-column elementor-col-50 elementor-top-column elementor-element elementor-element-8297679\" data-id=\"8297679\" data-element_type=\"column\">\n\t\t\t<div class=\"elementor-widget-wrap elementor-element-populated\">\n\t\t\t\t\t\t<div class=\"elementor-element elementor-element-da0a5ed elementor-widget elementor-widget-text-editor\" data-id=\"da0a5ed\" data-element_type=\"widget\" data-widget_type=\"text-editor.default\">\n\t\t\t\t<div class=\"elementor-widget-container\">\n\t\t\t\t\t\t\t\t\t<p>Nab\u00edz\u00edme v\u00fdrobu atypick\u00fdch tvarovek dle po\u017eadavk\u016f z\u00e1kazn\u00edka.<br>M\u00e1me vlastn\u00ed technologii pro \u010deln\u00ed sva\u0159ov\u00e1n\u00ed potrub\u00ed v pr\u016fm\u011brech od DN50 do DN630. Krom\u011b toho nab\u00edz\u00edme tak\u00e9 sva\u0159ov\u00e1n\u00ed \u00fahl\u016f. Jako jedna z m\u00e1la firem disponujeme za\u0159\u00edzen\u00edm pro sva\u0159ov\u00e1n\u00ed \u00fahl\u016f v\u011bt\u0161\u00edch ne\u017e 45\u00b0.  <\/p><p>Realizujeme tak\u00e9 sva\u0159ov\u00e1n\u00ed pomoc\u00ed extrud\u00e9ru. Spoje mezi r\u016fzn\u00fdmi druhy materi\u00e1l\u016f um\u00edme realizovat pomoc\u00ed termo smr\u0161titeln\u00fdch tvarovek, kter\u00e9 zaru\u010duj\u00ed nerozeb\u00edrateln\u00fd spoj s vysokou odolnost\u00ed v\u016f\u010di vysunut\u00ed. <\/p><p>Navrhujeme a vyr\u00e1b\u00edme tak\u00e9 p\u0159echodov\u00e9 spojky mezi r\u016fzn\u00fdmi druhy potrubn\u00edch materi\u00e1l\u016f.<\/p><p>Pro cenovou nab\u00eddku nebo technick\u00e9 konzultace n\u00e1s pros\u00edm kontaktujte na technick\u00e9m odd\u011blen\u00ed. R\u00e1di v\u00e1m p\u0159iprav\u00edme \u0159e\u0161en\u00ed na m\u00edru. <\/p>\t\t\t\t\t\t\t\t<\/div>\n\t\t\t\t<\/div>\n\t\t\t\t\t<\/div>\n\t\t<\/div>\n\t\t\t\t<div class=\"elementor-column elementor-col-50 elementor-top-column elementor-element elementor-element-f54d5c0\" data-id=\"f54d5c0\" data-element_type=\"column\">\n\t\t\t<div class=\"elementor-widget-wrap elementor-element-populated\">\n\t\t\t\t\t\t<div class=\"elementor-element elementor-element-ff4e85b elementor-widget elementor-widget-image\" data-id=\"ff4e85b\" data-element_type=\"widget\" data-widget_type=\"image.default\">\n\t\t\t\t<div class=\"elementor-widget-container\">\n\t\t\t\t\t\t\t\t\t\t\t\t\t\t\t<img fetchpriority=\"high\" decoding=\"async\" width=\"585\" height=\"418\" src=\"https:\/\/www.kogabau.sk\/wp-content\/uploads\/2025\/10\/kogabau-vyroba-atypickych-tvarovek.png\" class=\"attachment-full size-full wp-image-5624\" alt=\"\" srcset=\"https:\/\/www.kogabau.sk\/wp-content\/uploads\/2025\/10\/kogabau-vyroba-atypickych-tvarovek.png 585w, https:\/\/www.kogabau.sk\/wp-content\/uploads\/2025\/10\/kogabau-vyroba-atypickych-tvarovek-300x214.png 300w\" sizes=\"(max-width: 585px) 100vw, 585px\" \/>\t\t\t\t\t\t\t\t\t\t\t\t\t\t\t<\/div>\n\t\t\t\t<\/div>\n\t\t\t\t\t<\/div>\n\t\t<\/div>\n\t\t\t\t\t<\/div>\n\t\t<\/section>\n\t\t\t\t<section class=\"elementor-section elementor-top-section elementor-element elementor-element-0d5305a elementor-hidden-mobile elementor-section-boxed elementor-section-height-default elementor-section-height-default\" data-id=\"0d5305a\" data-element_type=\"section\" data-settings=\"{&quot;background_background&quot;:&quot;classic&quot;}\">\n\t\t\t\t\t\t<div class=\"elementor-container elementor-column-gap-default\">\n\t\t\t\t\t<div class=\"make-column-clickable-elementor elementor-column elementor-col-100 elementor-top-column elementor-element elementor-element-06d87aa\" style=\"cursor: pointer;\" data-column-clickable=\"https:\/\/www.kogabau.sk\/cs\/kontakty\/\" data-column-clickable-blank=\"_self\" data-id=\"06d87aa\" data-element_type=\"column\" data-settings=\"{&quot;background_background&quot;:&quot;classic&quot;}\">\n\t\t\t<div class=\"elementor-widget-wrap elementor-element-populated\">\n\t\t\t\t\t<div class=\"elementor-background-overlay\"><\/div>\n\t\t\t\t\t\t<div class=\"elementor-element elementor-element-4812868 elementor-widget elementor-widget-heading\" data-id=\"4812868\" data-element_type=\"widget\" data-widget_type=\"heading.default\">\n\t\t\t\t<div class=\"elementor-widget-container\">\n\t\t\t\t\t<h2 class=\"elementor-heading-title elementor-size-default\">M\u00e1te z\u00e1jem o pron\u00e1jem?<\/h2>\t\t\t\t<\/div>\n\t\t\t\t<\/div>\n\t\t\t\t<div class=\"elementor-element elementor-element-cbec9f0 elementor-widget elementor-widget-text-editor\" data-id=\"cbec9f0\" data-element_type=\"widget\" data-widget_type=\"text-editor.default\">\n\t\t\t\t<div class=\"elementor-widget-container\">\n\t\t\t\t\t\t\t\t\t<p>Cena pron\u00e1jmu je v\u017edy stanovena dohodou. V p\u0159\u00edpad\u011b z\u00e1jmu za\u0161lete e-mail s<br>Va\u0161imi po\u017eadavky na <strong>kogabau@kogabau.sk<\/strong>, nebo n\u00e1s kontaktujte pomoc\u00ed <br><strong>kontaktn\u00e9ho formul\u00e1ra<\/strong>. Na\u0161i obchodn\u00ed mana\u017ee\u0159i V\u00e1s budou kontaktovat s c\u00edlem<br>ujedn\u00e1n\u00ed detail\u016f pron\u00e1jmu. <\/p>\t\t\t\t\t\t\t\t<\/div>\n\t\t\t\t<\/div>\n\t\t\t\t<div class=\"elementor-element elementor-element-4afe639 elementor-widget elementor-widget-button\" data-id=\"4afe639\" data-element_type=\"widget\" data-widget_type=\"button.default\">\n\t\t\t\t<div class=\"elementor-widget-container\">\n\t\t\t\t\t\t\t\t\t<div class=\"elementor-button-wrapper\">\n\t\t\t\t\t<a class=\"elementor-button elementor-button-link elementor-size-sm elementor-animation-grow\" href=\"https:\/\/www.kogabau.sk\/cs\/kontakty\/\">\n\t\t\t\t\t\t<span class=\"elementor-button-content-wrapper\">\n\t\t\t\t\t\t\t\t\t<span class=\"elementor-button-text\">KONTAKTUJTE N\u00c1S<\/span>\n\t\t\t\t\t<\/span>\n\t\t\t\t\t<\/a>\n\t\t\t\t<\/div>\n\t\t\t\t\t\t\t\t<\/div>\n\t\t\t\t<\/div>\n\t\t\t\t\t<\/div>\n\t\t<\/div>\n\t\t\t\t\t<\/div>\n\t\t<\/section>\n\t\t\t\t<\/div>\n\t\t","protected":false},"excerpt":{"rendered":"<p>V\u00fdrobaatypick\u00fdch tvarovek Nab\u00edz\u00edme v\u00fdrobu atypick\u00fdch tvarovek dle po\u017eadavk\u016f z\u00e1kazn\u00edka.M\u00e1me vlastn\u00ed technologii pro \u010deln\u00ed sva\u0159ov\u00e1n\u00ed potrub\u00ed v pr\u016fm\u011brech od DN50 do DN630. Krom\u011b toho nab\u00edz\u00edme tak\u00e9 sva\u0159ov\u00e1n\u00ed \u00fahl\u016f. Jako jedna z m\u00e1la firem disponujeme za\u0159\u00edzen\u00edm pro sva\u0159ov\u00e1n\u00ed \u00fahl\u016f v\u011bt\u0161\u00edch ne\u017e 45\u00b0. Realizujeme tak\u00e9 sva\u0159ov\u00e1n\u00ed pomoc\u00ed extrud\u00e9ru. Spoje mezi r\u016fzn\u00fdmi druhy materi\u00e1l\u016f um\u00edme realizovat pomoc\u00ed termo smr\u0161titeln\u00fdch [&hellip;]<\/p>\n","protected":false},"author":15,"featured_media":0,"parent":0,"menu_order":0,"comment_status":"closed","ping_status":"closed","template":"","meta":{"footnotes":""},"class_list":["post-5631","page","type-page","status-publish","hentry"],"yoast_head":"<!-- This site is optimized with the Yoast SEO plugin v26.2 - https:\/\/yoast.com\/wordpress\/plugins\/seo\/ -->\n<title>V\u00fdroba atypick\u00fdch tvarovek na m\u00edru | Sva\u0159ov\u00e1n\u00ed potrub\u00ed DN50\u2013DN630 | KOGA Bau<\/title>\n<meta name=\"description\" content=\"KOGA Bau nab\u00edz\u00ed profesion\u00e1ln\u00ed v\u00fdrobu atypick\u00fdch tvarovek dle po\u017eadavk\u016f z\u00e1kazn\u00edka. Disponujeme technologi\u00ed pro \u010deln\u00ed sva\u0159ov\u00e1n\u00ed potrub\u00ed DN50\u2013DN630, sva\u0159ov\u00e1n\u00ed \u00fahl\u016f nad 45\u00b0 i extrud\u00e9rem. Vyr\u00e1b\u00edme p\u0159echodov\u00e9 spojky a spoje r\u016fzn\u00fdch materi\u00e1l\u016f s vysokou pevnost\u00ed. Kontaktujte n\u00e1s pro technick\u00e9 \u0159e\u0161en\u00ed na m\u00edru.\" \/>\n<meta name=\"robots\" content=\"index, follow, max-snippet:-1, max-image-preview:large, max-video-preview:-1\" \/>\n<link rel=\"canonical\" href=\"https:\/\/www.kogabau.sk\/cs\/vyroba-atypickych-tvarovek\/\" \/>\n<meta property=\"og:locale\" content=\"cs_CZ\" \/>\n<meta property=\"og:type\" content=\"article\" \/>\n<meta property=\"og:title\" content=\"V\u00fdroba atypick\u00fdch tvarovek na m\u00edru | Sva\u0159ov\u00e1n\u00ed potrub\u00ed DN50\u2013DN630 | KOGA Bau\" \/>\n<meta property=\"og:description\" content=\"KOGA Bau nab\u00edz\u00ed profesion\u00e1ln\u00ed v\u00fdrobu atypick\u00fdch tvarovek dle po\u017eadavk\u016f z\u00e1kazn\u00edka. Disponujeme technologi\u00ed pro \u010deln\u00ed sva\u0159ov\u00e1n\u00ed potrub\u00ed DN50\u2013DN630, sva\u0159ov\u00e1n\u00ed \u00fahl\u016f nad 45\u00b0 i extrud\u00e9rem. Vyr\u00e1b\u00edme p\u0159echodov\u00e9 spojky a spoje r\u016fzn\u00fdch materi\u00e1l\u016f s vysokou pevnost\u00ed. Kontaktujte n\u00e1s pro technick\u00e9 \u0159e\u0161en\u00ed na m\u00edru.\" \/>\n<meta property=\"og:url\" content=\"https:\/\/www.kogabau.sk\/cs\/vyroba-atypickych-tvarovek\/\" \/>\n<meta property=\"og:site_name\" content=\"KOGABAU\" \/>\n<meta property=\"article:modified_time\" content=\"2025-11-14T15:28:28+00:00\" \/>\n<meta property=\"og:image\" content=\"https:\/\/www.kogabau.sk\/wp-content\/uploads\/2025\/10\/kogabau-vyroba-atypickych-tvarovek.png\" \/>\n\t<meta property=\"og:image:width\" content=\"585\" \/>\n\t<meta property=\"og:image:height\" content=\"418\" \/>\n\t<meta property=\"og:image:type\" content=\"image\/png\" \/>\n<meta name=\"twitter:card\" content=\"summary_large_image\" \/>\n<meta name=\"twitter:label1\" content=\"Odhadovan\u00e1 doba \u010dten\u00ed\" \/>\n\t<meta name=\"twitter:data1\" content=\"1 minuta\" \/>\n<script type=\"application\/ld+json\" class=\"yoast-schema-graph\">{\"@context\":\"https:\/\/schema.org\",\"@graph\":[{\"@type\":\"WebPage\",\"@id\":\"https:\/\/www.kogabau.sk\/cs\/vyroba-atypickych-tvarovek\/\",\"url\":\"https:\/\/www.kogabau.sk\/cs\/vyroba-atypickych-tvarovek\/\",\"name\":\"V\u00fdroba atypick\u00fdch tvarovek na m\u00edru | Sva\u0159ov\u00e1n\u00ed potrub\u00ed DN50\u2013DN630 | KOGA Bau\",\"isPartOf\":{\"@id\":\"https:\/\/www.kogabau.sk\/cs\/#website\"},\"primaryImageOfPage\":{\"@id\":\"https:\/\/www.kogabau.sk\/cs\/vyroba-atypickych-tvarovek\/#primaryimage\"},\"image\":{\"@id\":\"https:\/\/www.kogabau.sk\/cs\/vyroba-atypickych-tvarovek\/#primaryimage\"},\"thumbnailUrl\":\"https:\/\/www.kogabau.sk\/wp-content\/uploads\/2025\/10\/kogabau-vyroba-atypickych-tvarovek.png\",\"datePublished\":\"2025-10-11T14:51:28+00:00\",\"dateModified\":\"2025-11-14T15:28:28+00:00\",\"description\":\"KOGA Bau nab\u00edz\u00ed profesion\u00e1ln\u00ed v\u00fdrobu atypick\u00fdch tvarovek dle po\u017eadavk\u016f z\u00e1kazn\u00edka. Disponujeme technologi\u00ed pro \u010deln\u00ed sva\u0159ov\u00e1n\u00ed potrub\u00ed DN50\u2013DN630, sva\u0159ov\u00e1n\u00ed \u00fahl\u016f nad 45\u00b0 i extrud\u00e9rem. Vyr\u00e1b\u00edme p\u0159echodov\u00e9 spojky a spoje r\u016fzn\u00fdch materi\u00e1l\u016f s vysokou pevnost\u00ed. Kontaktujte n\u00e1s pro technick\u00e9 \u0159e\u0161en\u00ed na m\u00edru.\",\"breadcrumb\":{\"@id\":\"https:\/\/www.kogabau.sk\/cs\/vyroba-atypickych-tvarovek\/#breadcrumb\"},\"inLanguage\":\"cs\",\"potentialAction\":[{\"@type\":\"ReadAction\",\"target\":[\"https:\/\/www.kogabau.sk\/cs\/vyroba-atypickych-tvarovek\/\"]}]},{\"@type\":\"ImageObject\",\"inLanguage\":\"cs\",\"@id\":\"https:\/\/www.kogabau.sk\/cs\/vyroba-atypickych-tvarovek\/#primaryimage\",\"url\":\"https:\/\/www.kogabau.sk\/wp-content\/uploads\/2025\/10\/kogabau-vyroba-atypickych-tvarovek.png\",\"contentUrl\":\"https:\/\/www.kogabau.sk\/wp-content\/uploads\/2025\/10\/kogabau-vyroba-atypickych-tvarovek.png\"},{\"@type\":\"BreadcrumbList\",\"@id\":\"https:\/\/www.kogabau.sk\/cs\/vyroba-atypickych-tvarovek\/#breadcrumb\",\"itemListElement\":[{\"@type\":\"ListItem\",\"position\":1,\"name\":\"Home\",\"item\":\"https:\/\/www.kogabau.sk\/cs\/\"},{\"@type\":\"ListItem\",\"position\":2,\"name\":\"V\u00fdroba atypick\u00fdch tvarovek\"}]},{\"@type\":\"WebSite\",\"@id\":\"https:\/\/www.kogabau.sk\/cs\/#website\",\"url\":\"https:\/\/www.kogabau.sk\/cs\/\",\"name\":\"KOGABAU\",\"description\":\"\",\"publisher\":{\"@id\":\"https:\/\/www.kogabau.sk\/cs\/#organization\"},\"potentialAction\":[{\"@type\":\"SearchAction\",\"target\":{\"@type\":\"EntryPoint\",\"urlTemplate\":\"https:\/\/www.kogabau.sk\/cs\/?s={search_term_string}\"},\"query-input\":{\"@type\":\"PropertyValueSpecification\",\"valueRequired\":true,\"valueName\":\"search_term_string\"}}],\"inLanguage\":\"cs\"},{\"@type\":\"Organization\",\"@id\":\"https:\/\/www.kogabau.sk\/cs\/#organization\",\"name\":\"KOGABAU\",\"url\":\"https:\/\/www.kogabau.sk\/cs\/\",\"logo\":{\"@type\":\"ImageObject\",\"inLanguage\":\"cs\",\"@id\":\"https:\/\/www.kogabau.sk\/cs\/#\/schema\/logo\/image\/\",\"url\":\"https:\/\/www.kogabau.sk\/wp-content\/uploads\/2021\/02\/KOGA-BAU-logo-cierne.png\",\"contentUrl\":\"https:\/\/www.kogabau.sk\/wp-content\/uploads\/2021\/02\/KOGA-BAU-logo-cierne.png\",\"width\":516,\"height\":66,\"caption\":\"KOGABAU\"},\"image\":{\"@id\":\"https:\/\/www.kogabau.sk\/cs\/#\/schema\/logo\/image\/\"}}]}<\/script>\n<!-- \/ Yoast SEO plugin. -->","yoast_head_json":{"title":"V\u00fdroba atypick\u00fdch tvarovek na m\u00edru | Sva\u0159ov\u00e1n\u00ed potrub\u00ed DN50\u2013DN630 | KOGA Bau","description":"KOGA Bau nab\u00edz\u00ed profesion\u00e1ln\u00ed v\u00fdrobu atypick\u00fdch tvarovek dle po\u017eadavk\u016f z\u00e1kazn\u00edka. Disponujeme technologi\u00ed pro \u010deln\u00ed sva\u0159ov\u00e1n\u00ed potrub\u00ed DN50\u2013DN630, sva\u0159ov\u00e1n\u00ed \u00fahl\u016f nad 45\u00b0 i extrud\u00e9rem. Vyr\u00e1b\u00edme p\u0159echodov\u00e9 spojky a spoje r\u016fzn\u00fdch materi\u00e1l\u016f s vysokou pevnost\u00ed. Kontaktujte n\u00e1s pro technick\u00e9 \u0159e\u0161en\u00ed na m\u00edru.","robots":{"index":"index","follow":"follow","max-snippet":"max-snippet:-1","max-image-preview":"max-image-preview:large","max-video-preview":"max-video-preview:-1"},"canonical":"https:\/\/www.kogabau.sk\/cs\/vyroba-atypickych-tvarovek\/","og_locale":"cs_CZ","og_type":"article","og_title":"V\u00fdroba atypick\u00fdch tvarovek na m\u00edru | Sva\u0159ov\u00e1n\u00ed potrub\u00ed DN50\u2013DN630 | KOGA Bau","og_description":"KOGA Bau nab\u00edz\u00ed profesion\u00e1ln\u00ed v\u00fdrobu atypick\u00fdch tvarovek dle po\u017eadavk\u016f z\u00e1kazn\u00edka. Disponujeme technologi\u00ed pro \u010deln\u00ed sva\u0159ov\u00e1n\u00ed potrub\u00ed DN50\u2013DN630, sva\u0159ov\u00e1n\u00ed \u00fahl\u016f nad 45\u00b0 i extrud\u00e9rem. Vyr\u00e1b\u00edme p\u0159echodov\u00e9 spojky a spoje r\u016fzn\u00fdch materi\u00e1l\u016f s vysokou pevnost\u00ed. Kontaktujte n\u00e1s pro technick\u00e9 \u0159e\u0161en\u00ed na m\u00edru.","og_url":"https:\/\/www.kogabau.sk\/cs\/vyroba-atypickych-tvarovek\/","og_site_name":"KOGABAU","article_modified_time":"2025-11-14T15:28:28+00:00","og_image":[{"width":585,"height":418,"url":"https:\/\/www.kogabau.sk\/wp-content\/uploads\/2025\/10\/kogabau-vyroba-atypickych-tvarovek.png","type":"image\/png"}],"twitter_card":"summary_large_image","twitter_misc":{"Odhadovan\u00e1 doba \u010dten\u00ed":"1 minuta"},"schema":{"@context":"https:\/\/schema.org","@graph":[{"@type":"WebPage","@id":"https:\/\/www.kogabau.sk\/cs\/vyroba-atypickych-tvarovek\/","url":"https:\/\/www.kogabau.sk\/cs\/vyroba-atypickych-tvarovek\/","name":"V\u00fdroba atypick\u00fdch tvarovek na m\u00edru | Sva\u0159ov\u00e1n\u00ed potrub\u00ed DN50\u2013DN630 | KOGA Bau","isPartOf":{"@id":"https:\/\/www.kogabau.sk\/cs\/#website"},"primaryImageOfPage":{"@id":"https:\/\/www.kogabau.sk\/cs\/vyroba-atypickych-tvarovek\/#primaryimage"},"image":{"@id":"https:\/\/www.kogabau.sk\/cs\/vyroba-atypickych-tvarovek\/#primaryimage"},"thumbnailUrl":"https:\/\/www.kogabau.sk\/wp-content\/uploads\/2025\/10\/kogabau-vyroba-atypickych-tvarovek.png","datePublished":"2025-10-11T14:51:28+00:00","dateModified":"2025-11-14T15:28:28+00:00","description":"KOGA Bau nab\u00edz\u00ed profesion\u00e1ln\u00ed v\u00fdrobu atypick\u00fdch tvarovek dle po\u017eadavk\u016f z\u00e1kazn\u00edka. Disponujeme technologi\u00ed pro \u010deln\u00ed sva\u0159ov\u00e1n\u00ed potrub\u00ed DN50\u2013DN630, sva\u0159ov\u00e1n\u00ed \u00fahl\u016f nad 45\u00b0 i extrud\u00e9rem. Vyr\u00e1b\u00edme p\u0159echodov\u00e9 spojky a spoje r\u016fzn\u00fdch materi\u00e1l\u016f s vysokou pevnost\u00ed. Kontaktujte n\u00e1s pro technick\u00e9 \u0159e\u0161en\u00ed na m\u00edru.","breadcrumb":{"@id":"https:\/\/www.kogabau.sk\/cs\/vyroba-atypickych-tvarovek\/#breadcrumb"},"inLanguage":"cs","potentialAction":[{"@type":"ReadAction","target":["https:\/\/www.kogabau.sk\/cs\/vyroba-atypickych-tvarovek\/"]}]},{"@type":"ImageObject","inLanguage":"cs","@id":"https:\/\/www.kogabau.sk\/cs\/vyroba-atypickych-tvarovek\/#primaryimage","url":"https:\/\/www.kogabau.sk\/wp-content\/uploads\/2025\/10\/kogabau-vyroba-atypickych-tvarovek.png","contentUrl":"https:\/\/www.kogabau.sk\/wp-content\/uploads\/2025\/10\/kogabau-vyroba-atypickych-tvarovek.png"},{"@type":"BreadcrumbList","@id":"https:\/\/www.kogabau.sk\/cs\/vyroba-atypickych-tvarovek\/#breadcrumb","itemListElement":[{"@type":"ListItem","position":1,"name":"Home","item":"https:\/\/www.kogabau.sk\/cs\/"},{"@type":"ListItem","position":2,"name":"V\u00fdroba atypick\u00fdch tvarovek"}]},{"@type":"WebSite","@id":"https:\/\/www.kogabau.sk\/cs\/#website","url":"https:\/\/www.kogabau.sk\/cs\/","name":"KOGABAU","description":"","publisher":{"@id":"https:\/\/www.kogabau.sk\/cs\/#organization"},"potentialAction":[{"@type":"SearchAction","target":{"@type":"EntryPoint","urlTemplate":"https:\/\/www.kogabau.sk\/cs\/?s={search_term_string}"},"query-input":{"@type":"PropertyValueSpecification","valueRequired":true,"valueName":"search_term_string"}}],"inLanguage":"cs"},{"@type":"Organization","@id":"https:\/\/www.kogabau.sk\/cs\/#organization","name":"KOGABAU","url":"https:\/\/www.kogabau.sk\/cs\/","logo":{"@type":"ImageObject","inLanguage":"cs","@id":"https:\/\/www.kogabau.sk\/cs\/#\/schema\/logo\/image\/","url":"https:\/\/www.kogabau.sk\/wp-content\/uploads\/2021\/02\/KOGA-BAU-logo-cierne.png","contentUrl":"https:\/\/www.kogabau.sk\/wp-content\/uploads\/2021\/02\/KOGA-BAU-logo-cierne.png","width":516,"height":66,"caption":"KOGABAU"},"image":{"@id":"https:\/\/www.kogabau.sk\/cs\/#\/schema\/logo\/image\/"}}]}},"_links":{"self":[{"href":"https:\/\/www.kogabau.sk\/cs\/wp-json\/wp\/v2\/pages\/5631","targetHints":{"allow":["GET"]}}],"collection":[{"href":"https:\/\/www.kogabau.sk\/cs\/wp-json\/wp\/v2\/pages"}],"about":[{"href":"https:\/\/www.kogabau.sk\/cs\/wp-json\/wp\/v2\/types\/page"}],"author":[{"embeddable":true,"href":"https:\/\/www.kogabau.sk\/cs\/wp-json\/wp\/v2\/users\/15"}],"replies":[{"embeddable":true,"href":"https:\/\/www.kogabau.sk\/cs\/wp-json\/wp\/v2\/comments?post=5631"}],"version-history":[{"count":4,"href":"https:\/\/www.kogabau.sk\/cs\/wp-json\/wp\/v2\/pages\/5631\/revisions"}],"predecessor-version":[{"id":7976,"href":"https:\/\/www.kogabau.sk\/cs\/wp-json\/wp\/v2\/pages\/5631\/revisions\/7976"}],"wp:attachment":[{"href":"https:\/\/www.kogabau.sk\/cs\/wp-json\/wp\/v2\/media?parent=5631"}],"curies":[{"name":"wp","href":"https:\/\/api.w.org\/{rel}","templated":true}]}}