{"id":5636,"date":"2025-10-13T22:50:55","date_gmt":"2025-10-13T20:50:55","guid":{"rendered":"https:\/\/www.kogabau.sk\/vyrobky-z-litiny\/"},"modified":"2025-11-14T16:33:02","modified_gmt":"2025-11-14T15:33:02","slug":"vyrobky-z-litiny","status":"publish","type":"page","link":"https:\/\/www.kogabau.sk\/cs\/vyrobky-z-litiny\/","title":{"rendered":"V\u00fdrobky z litiny"},"content":{"rendered":"\t\t<div data-elementor-type=\"wp-page\" data-elementor-id=\"5636\" class=\"elementor elementor-5636 elementor-1926\" data-elementor-post-type=\"page\">\n\t\t\t\t\t\t<section class=\"elementor-section elementor-top-section elementor-element elementor-element-7251c5f elementor-section-boxed elementor-section-height-default elementor-section-height-default\" data-id=\"7251c5f\" data-element_type=\"section\" data-settings=\"{&quot;background_background&quot;:&quot;classic&quot;}\">\n\t\t\t\t\t\t<div class=\"elementor-container elementor-column-gap-default\">\n\t\t\t\t\t<div class=\"elementor-column elementor-col-100 elementor-top-column elementor-element elementor-element-edf9ce2\" data-id=\"edf9ce2\" data-element_type=\"column\">\n\t\t\t<div class=\"elementor-widget-wrap elementor-element-populated\">\n\t\t\t\t\t\t<div class=\"elementor-element elementor-element-6e662be elementor-widget elementor-widget-spacer\" data-id=\"6e662be\" data-element_type=\"widget\" data-widget_type=\"spacer.default\">\n\t\t\t\t<div class=\"elementor-widget-container\">\n\t\t\t\t\t\t\t<div class=\"elementor-spacer\">\n\t\t\t<div class=\"elementor-spacer-inner\"><\/div>\n\t\t<\/div>\n\t\t\t\t\t\t<\/div>\n\t\t\t\t<\/div>\n\t\t\t\t<div class=\"elementor-element elementor-element-546423a elementor-widget elementor-widget-heading\" data-id=\"546423a\" data-element_type=\"widget\" data-widget_type=\"heading.default\">\n\t\t\t\t<div class=\"elementor-widget-container\">\n\t\t\t\t\t<h1 class=\"elementor-heading-title elementor-size-default\">V\u00fdrobky z litiny<\/h1>\t\t\t\t<\/div>\n\t\t\t\t<\/div>\n\t\t\t\t\t<\/div>\n\t\t<\/div>\n\t\t\t\t\t<\/div>\n\t\t<\/section>\n\t\t\t\t<section class=\"elementor-section elementor-top-section elementor-element elementor-element-f41d586 elementor-section-boxed elementor-section-height-default elementor-section-height-default\" data-id=\"f41d586\" data-element_type=\"section\" data-settings=\"{&quot;background_background&quot;:&quot;classic&quot;}\">\n\t\t\t\t\t\t<div class=\"elementor-container elementor-column-gap-default\">\n\t\t\t\t\t<div class=\"make-column-clickable-elementor elementor-column elementor-col-33 elementor-top-column elementor-element elementor-element-3b42f6b\" style=\"cursor: pointer;\" data-column-clickable=\"https:\/\/www.kogabau.sk\/cs\/silnicni-odvodnovace\/\" data-column-clickable-blank=\"_self\" data-id=\"3b42f6b\" data-element_type=\"column\" data-settings=\"{&quot;background_background&quot;:&quot;classic&quot;}\">\n\t\t\t<div class=\"elementor-widget-wrap elementor-element-populated\">\n\t\t\t\t\t<div class=\"elementor-background-overlay\"><\/div>\n\t\t\t\t\t\t<div class=\"elementor-element elementor-element-6aebcd4 elementor-widget elementor-widget-spacer\" data-id=\"6aebcd4\" data-element_type=\"widget\" data-widget_type=\"spacer.default\">\n\t\t\t\t<div class=\"elementor-widget-container\">\n\t\t\t\t\t\t\t<div class=\"elementor-spacer\">\n\t\t\t<div class=\"elementor-spacer-inner\"><\/div>\n\t\t<\/div>\n\t\t\t\t\t\t<\/div>\n\t\t\t\t<\/div>\n\t\t\t\t<div class=\"elementor-element elementor-element-a293d3e elementor-widget__width-initial elementor-widget elementor-widget-heading\" data-id=\"a293d3e\" data-element_type=\"widget\" data-widget_type=\"heading.default\">\n\t\t\t\t<div class=\"elementor-widget-container\">\n\t\t\t\t\t<h2 class=\"elementor-heading-title elementor-size-default\">Produkty<br> odvodn\u011bn\u00ed <br>dopravn\u00edch<br> ploch<\/h2>\t\t\t\t<\/div>\n\t\t\t\t<\/div>\n\t\t\t\t<div class=\"elementor-element elementor-element-ea366a4 elementor-widget__width-initial elementor-mobile-align-right elementor-widget-mobile__width-initial elementor-align-right elementor-widget elementor-widget-button\" data-id=\"ea366a4\" data-element_type=\"widget\" data-widget_type=\"button.default\">\n\t\t\t\t<div class=\"elementor-widget-container\">\n\t\t\t\t\t\t\t\t\t<div class=\"elementor-button-wrapper\">\n\t\t\t\t\t<a class=\"elementor-button elementor-button-link elementor-size-sm elementor-animation-grow\" href=\"https:\/\/www.kogabau.sk\/cs\/silnicni-odvodnovace\/\">\n\t\t\t\t\t\t<span class=\"elementor-button-content-wrapper\">\n\t\t\t\t\t\t\t\t\t<span class=\"elementor-button-text\">DETAIL<\/span>\n\t\t\t\t\t<\/span>\n\t\t\t\t\t<\/a>\n\t\t\t\t<\/div>\n\t\t\t\t\t\t\t\t<\/div>\n\t\t\t\t<\/div>\n\t\t\t\t\t<\/div>\n\t\t<\/div>\n\t\t\t\t<div class=\"make-column-clickable-elementor elementor-column elementor-col-33 elementor-top-column elementor-element elementor-element-4809320\" style=\"cursor: pointer;\" data-column-clickable=\"https:\/\/www.kogabau.sk\/cs\/poklopy\/\" data-column-clickable-blank=\"_self\" data-id=\"4809320\" data-element_type=\"column\" data-settings=\"{&quot;background_background&quot;:&quot;classic&quot;}\">\n\t\t\t<div class=\"elementor-widget-wrap elementor-element-populated\">\n\t\t\t\t\t<div class=\"elementor-background-overlay\"><\/div>\n\t\t\t\t\t\t<div class=\"elementor-element elementor-element-b50c422 elementor-widget elementor-widget-spacer\" data-id=\"b50c422\" data-element_type=\"widget\" data-widget_type=\"spacer.default\">\n\t\t\t\t<div class=\"elementor-widget-container\">\n\t\t\t\t\t\t\t<div class=\"elementor-spacer\">\n\t\t\t<div class=\"elementor-spacer-inner\"><\/div>\n\t\t<\/div>\n\t\t\t\t\t\t<\/div>\n\t\t\t\t<\/div>\n\t\t\t\t<div class=\"elementor-element elementor-element-d606c25 elementor-widget__width-initial elementor-widget elementor-widget-heading\" data-id=\"d606c25\" data-element_type=\"widget\" data-widget_type=\"heading.default\">\n\t\t\t\t<div class=\"elementor-widget-container\">\n\t\t\t\t\t<h2 class=\"elementor-heading-title elementor-size-default\">Poklopy<\/h2>\t\t\t\t<\/div>\n\t\t\t\t<\/div>\n\t\t\t\t<div class=\"elementor-element elementor-element-6d511c1 elementor-widget__width-initial elementor-mobile-align-right elementor-widget-mobile__width-initial elementor-align-right elementor-widget elementor-widget-button\" data-id=\"6d511c1\" data-element_type=\"widget\" data-widget_type=\"button.default\">\n\t\t\t\t<div class=\"elementor-widget-container\">\n\t\t\t\t\t\t\t\t\t<div class=\"elementor-button-wrapper\">\n\t\t\t\t\t<a class=\"elementor-button elementor-button-link elementor-size-sm elementor-animation-grow\" href=\"https:\/\/www.kogabau.sk\/cs\/poklopy\/\">\n\t\t\t\t\t\t<span class=\"elementor-button-content-wrapper\">\n\t\t\t\t\t\t\t\t\t<span class=\"elementor-button-text\">DETAIL<\/span>\n\t\t\t\t\t<\/span>\n\t\t\t\t\t<\/a>\n\t\t\t\t<\/div>\n\t\t\t\t\t\t\t\t<\/div>\n\t\t\t\t<\/div>\n\t\t\t\t\t<\/div>\n\t\t<\/div>\n\t\t\t\t<div class=\"make-column-clickable-elementor elementor-column elementor-col-33 elementor-top-column elementor-element elementor-element-4258fff\" style=\"cursor: pointer;\" data-column-clickable=\"https:\/\/www.kogabau.sk\/cs\/mestsky-mobiliar\/\" data-column-clickable-blank=\"_self\" data-id=\"4258fff\" data-element_type=\"column\" data-settings=\"{&quot;background_background&quot;:&quot;classic&quot;}\">\n\t\t\t<div class=\"elementor-widget-wrap elementor-element-populated\">\n\t\t\t\t\t<div class=\"elementor-background-overlay\"><\/div>\n\t\t\t\t\t\t<div class=\"elementor-element elementor-element-5be4a4e elementor-widget elementor-widget-spacer\" data-id=\"5be4a4e\" data-element_type=\"widget\" data-widget_type=\"spacer.default\">\n\t\t\t\t<div class=\"elementor-widget-container\">\n\t\t\t\t\t\t\t<div class=\"elementor-spacer\">\n\t\t\t<div class=\"elementor-spacer-inner\"><\/div>\n\t\t<\/div>\n\t\t\t\t\t\t<\/div>\n\t\t\t\t<\/div>\n\t\t\t\t<div class=\"elementor-element elementor-element-91ebdb1 elementor-widget__width-initial elementor-widget elementor-widget-heading\" data-id=\"91ebdb1\" data-element_type=\"widget\" data-widget_type=\"heading.default\">\n\t\t\t\t<div class=\"elementor-widget-container\">\n\t\t\t\t\t<h2 class=\"elementor-heading-title elementor-size-default\">M\u011bstsk\u00fd<br> mobili\u00e1\u0159<\/h2>\t\t\t\t<\/div>\n\t\t\t\t<\/div>\n\t\t\t\t<div class=\"elementor-element elementor-element-6e53cb4 elementor-mobile-align-right elementor-widget-mobile__width-initial elementor-align-right elementor-widget__width-initial elementor-widget elementor-widget-button\" data-id=\"6e53cb4\" data-element_type=\"widget\" data-widget_type=\"button.default\">\n\t\t\t\t<div class=\"elementor-widget-container\">\n\t\t\t\t\t\t\t\t\t<div class=\"elementor-button-wrapper\">\n\t\t\t\t\t<a class=\"elementor-button elementor-button-link elementor-size-sm elementor-animation-grow\" href=\"https:\/\/www.kogabau.sk\/cs\/mestsky-mobiliar\/\">\n\t\t\t\t\t\t<span class=\"elementor-button-content-wrapper\">\n\t\t\t\t\t\t\t\t\t<span class=\"elementor-button-text\">DETAIL<\/span>\n\t\t\t\t\t<\/span>\n\t\t\t\t\t<\/a>\n\t\t\t\t<\/div>\n\t\t\t\t\t\t\t\t<\/div>\n\t\t\t\t<\/div>\n\t\t\t\t\t<\/div>\n\t\t<\/div>\n\t\t\t\t\t<\/div>\n\t\t<\/section>\n\t\t\t\t<\/div>\n\t\t","protected":false},"excerpt":{"rendered":"<p>V\u00fdrobky z litiny Produkty odvodn\u011bn\u00ed dopravn\u00edch ploch DETAIL Poklopy DETAIL M\u011bstsk\u00fd mobili\u00e1\u0159 DETAIL<\/p>\n","protected":false},"author":15,"featured_media":0,"parent":0,"menu_order":0,"comment_status":"closed","ping_status":"closed","template":"","meta":{"footnotes":""},"class_list":["post-5636","page","type-page","status-publish","hentry"],"yoast_head":"<!-- This site is optimized with the Yoast SEO plugin v26.2 - https:\/\/yoast.com\/wordpress\/plugins\/seo\/ -->\n<title>Litinov\u00e9 v\u00fdrobky pro odvodn\u011bn\u00ed a infrastrukturu | KOGA Bau<\/title>\n<meta name=\"description\" content=\"Objevte nab\u00eddku litinov\u00fdch v\u00fdrobk\u016f KOGA Bau \u2013 odvodn\u011bn\u00ed dopravn\u00edch ploch, poklopy a m\u011bstsk\u00fd mobili\u00e1\u0159. Spolehliv\u00e1 \u0159e\u0161en\u00ed s vysokou odolnost\u00ed a kvalitou pro m\u011bstsk\u00e9 i dopravn\u00ed projekty.\" \/>\n<meta name=\"robots\" content=\"index, follow, max-snippet:-1, max-image-preview:large, max-video-preview:-1\" \/>\n<link rel=\"canonical\" href=\"https:\/\/www.kogabau.sk\/cs\/vyrobky-z-litiny\/\" \/>\n<meta property=\"og:locale\" content=\"cs_CZ\" \/>\n<meta property=\"og:type\" content=\"article\" \/>\n<meta property=\"og:title\" content=\"Litinov\u00e9 v\u00fdrobky pro odvodn\u011bn\u00ed a infrastrukturu | KOGA Bau\" \/>\n<meta property=\"og:description\" content=\"Objevte nab\u00eddku litinov\u00fdch v\u00fdrobk\u016f KOGA Bau \u2013 odvodn\u011bn\u00ed dopravn\u00edch ploch, poklopy a m\u011bstsk\u00fd mobili\u00e1\u0159. Spolehliv\u00e1 \u0159e\u0161en\u00ed s vysokou odolnost\u00ed a kvalitou pro m\u011bstsk\u00e9 i dopravn\u00ed projekty.\" \/>\n<meta property=\"og:url\" content=\"https:\/\/www.kogabau.sk\/cs\/vyrobky-z-litiny\/\" \/>\n<meta property=\"og:site_name\" content=\"KOGABAU\" \/>\n<meta property=\"article:modified_time\" content=\"2025-11-14T15:33:02+00:00\" \/>\n<meta name=\"twitter:card\" content=\"summary_large_image\" \/>\n<meta name=\"twitter:label1\" content=\"Odhadovan\u00e1 doba \u010dten\u00ed\" \/>\n\t<meta name=\"twitter:data1\" content=\"1 minuta\" \/>\n<script type=\"application\/ld+json\" class=\"yoast-schema-graph\">{\"@context\":\"https:\/\/schema.org\",\"@graph\":[{\"@type\":\"WebPage\",\"@id\":\"https:\/\/www.kogabau.sk\/cs\/vyrobky-z-litiny\/\",\"url\":\"https:\/\/www.kogabau.sk\/cs\/vyrobky-z-litiny\/\",\"name\":\"Litinov\u00e9 v\u00fdrobky pro odvodn\u011bn\u00ed a infrastrukturu | KOGA Bau\",\"isPartOf\":{\"@id\":\"https:\/\/www.kogabau.sk\/cs\/#website\"},\"datePublished\":\"2025-10-13T20:50:55+00:00\",\"dateModified\":\"2025-11-14T15:33:02+00:00\",\"description\":\"Objevte nab\u00eddku litinov\u00fdch v\u00fdrobk\u016f KOGA Bau \u2013 odvodn\u011bn\u00ed dopravn\u00edch ploch, poklopy a m\u011bstsk\u00fd mobili\u00e1\u0159. Spolehliv\u00e1 \u0159e\u0161en\u00ed s vysokou odolnost\u00ed a kvalitou pro m\u011bstsk\u00e9 i dopravn\u00ed projekty.\",\"breadcrumb\":{\"@id\":\"https:\/\/www.kogabau.sk\/cs\/vyrobky-z-litiny\/#breadcrumb\"},\"inLanguage\":\"cs\",\"potentialAction\":[{\"@type\":\"ReadAction\",\"target\":[\"https:\/\/www.kogabau.sk\/cs\/vyrobky-z-litiny\/\"]}]},{\"@type\":\"BreadcrumbList\",\"@id\":\"https:\/\/www.kogabau.sk\/cs\/vyrobky-z-litiny\/#breadcrumb\",\"itemListElement\":[{\"@type\":\"ListItem\",\"position\":1,\"name\":\"Home\",\"item\":\"https:\/\/www.kogabau.sk\/cs\/\"},{\"@type\":\"ListItem\",\"position\":2,\"name\":\"V\u00fdrobky z litiny\"}]},{\"@type\":\"WebSite\",\"@id\":\"https:\/\/www.kogabau.sk\/cs\/#website\",\"url\":\"https:\/\/www.kogabau.sk\/cs\/\",\"name\":\"KOGABAU\",\"description\":\"\",\"publisher\":{\"@id\":\"https:\/\/www.kogabau.sk\/cs\/#organization\"},\"potentialAction\":[{\"@type\":\"SearchAction\",\"target\":{\"@type\":\"EntryPoint\",\"urlTemplate\":\"https:\/\/www.kogabau.sk\/cs\/?s={search_term_string}\"},\"query-input\":{\"@type\":\"PropertyValueSpecification\",\"valueRequired\":true,\"valueName\":\"search_term_string\"}}],\"inLanguage\":\"cs\"},{\"@type\":\"Organization\",\"@id\":\"https:\/\/www.kogabau.sk\/cs\/#organization\",\"name\":\"KOGABAU\",\"url\":\"https:\/\/www.kogabau.sk\/cs\/\",\"logo\":{\"@type\":\"ImageObject\",\"inLanguage\":\"cs\",\"@id\":\"https:\/\/www.kogabau.sk\/cs\/#\/schema\/logo\/image\/\",\"url\":\"https:\/\/www.kogabau.sk\/wp-content\/uploads\/2021\/02\/KOGA-BAU-logo-cierne.png\",\"contentUrl\":\"https:\/\/www.kogabau.sk\/wp-content\/uploads\/2021\/02\/KOGA-BAU-logo-cierne.png\",\"width\":516,\"height\":66,\"caption\":\"KOGABAU\"},\"image\":{\"@id\":\"https:\/\/www.kogabau.sk\/cs\/#\/schema\/logo\/image\/\"}}]}<\/script>\n<!-- \/ Yoast SEO plugin. -->","yoast_head_json":{"title":"Litinov\u00e9 v\u00fdrobky pro odvodn\u011bn\u00ed a infrastrukturu | KOGA Bau","description":"Objevte nab\u00eddku litinov\u00fdch v\u00fdrobk\u016f KOGA Bau \u2013 odvodn\u011bn\u00ed dopravn\u00edch ploch, poklopy a m\u011bstsk\u00fd mobili\u00e1\u0159. Spolehliv\u00e1 \u0159e\u0161en\u00ed s vysokou odolnost\u00ed a kvalitou pro m\u011bstsk\u00e9 i dopravn\u00ed projekty.","robots":{"index":"index","follow":"follow","max-snippet":"max-snippet:-1","max-image-preview":"max-image-preview:large","max-video-preview":"max-video-preview:-1"},"canonical":"https:\/\/www.kogabau.sk\/cs\/vyrobky-z-litiny\/","og_locale":"cs_CZ","og_type":"article","og_title":"Litinov\u00e9 v\u00fdrobky pro odvodn\u011bn\u00ed a infrastrukturu | KOGA Bau","og_description":"Objevte nab\u00eddku litinov\u00fdch v\u00fdrobk\u016f KOGA Bau \u2013 odvodn\u011bn\u00ed dopravn\u00edch ploch, poklopy a m\u011bstsk\u00fd mobili\u00e1\u0159. Spolehliv\u00e1 \u0159e\u0161en\u00ed s vysokou odolnost\u00ed a kvalitou pro m\u011bstsk\u00e9 i dopravn\u00ed projekty.","og_url":"https:\/\/www.kogabau.sk\/cs\/vyrobky-z-litiny\/","og_site_name":"KOGABAU","article_modified_time":"2025-11-14T15:33:02+00:00","twitter_card":"summary_large_image","twitter_misc":{"Odhadovan\u00e1 doba \u010dten\u00ed":"1 minuta"},"schema":{"@context":"https:\/\/schema.org","@graph":[{"@type":"WebPage","@id":"https:\/\/www.kogabau.sk\/cs\/vyrobky-z-litiny\/","url":"https:\/\/www.kogabau.sk\/cs\/vyrobky-z-litiny\/","name":"Litinov\u00e9 v\u00fdrobky pro odvodn\u011bn\u00ed a infrastrukturu | KOGA Bau","isPartOf":{"@id":"https:\/\/www.kogabau.sk\/cs\/#website"},"datePublished":"2025-10-13T20:50:55+00:00","dateModified":"2025-11-14T15:33:02+00:00","description":"Objevte nab\u00eddku litinov\u00fdch v\u00fdrobk\u016f KOGA Bau \u2013 odvodn\u011bn\u00ed dopravn\u00edch ploch, poklopy a m\u011bstsk\u00fd mobili\u00e1\u0159. Spolehliv\u00e1 \u0159e\u0161en\u00ed s vysokou odolnost\u00ed a kvalitou pro m\u011bstsk\u00e9 i dopravn\u00ed projekty.","breadcrumb":{"@id":"https:\/\/www.kogabau.sk\/cs\/vyrobky-z-litiny\/#breadcrumb"},"inLanguage":"cs","potentialAction":[{"@type":"ReadAction","target":["https:\/\/www.kogabau.sk\/cs\/vyrobky-z-litiny\/"]}]},{"@type":"BreadcrumbList","@id":"https:\/\/www.kogabau.sk\/cs\/vyrobky-z-litiny\/#breadcrumb","itemListElement":[{"@type":"ListItem","position":1,"name":"Home","item":"https:\/\/www.kogabau.sk\/cs\/"},{"@type":"ListItem","position":2,"name":"V\u00fdrobky z litiny"}]},{"@type":"WebSite","@id":"https:\/\/www.kogabau.sk\/cs\/#website","url":"https:\/\/www.kogabau.sk\/cs\/","name":"KOGABAU","description":"","publisher":{"@id":"https:\/\/www.kogabau.sk\/cs\/#organization"},"potentialAction":[{"@type":"SearchAction","target":{"@type":"EntryPoint","urlTemplate":"https:\/\/www.kogabau.sk\/cs\/?s={search_term_string}"},"query-input":{"@type":"PropertyValueSpecification","valueRequired":true,"valueName":"search_term_string"}}],"inLanguage":"cs"},{"@type":"Organization","@id":"https:\/\/www.kogabau.sk\/cs\/#organization","name":"KOGABAU","url":"https:\/\/www.kogabau.sk\/cs\/","logo":{"@type":"ImageObject","inLanguage":"cs","@id":"https:\/\/www.kogabau.sk\/cs\/#\/schema\/logo\/image\/","url":"https:\/\/www.kogabau.sk\/wp-content\/uploads\/2021\/02\/KOGA-BAU-logo-cierne.png","contentUrl":"https:\/\/www.kogabau.sk\/wp-content\/uploads\/2021\/02\/KOGA-BAU-logo-cierne.png","width":516,"height":66,"caption":"KOGABAU"},"image":{"@id":"https:\/\/www.kogabau.sk\/cs\/#\/schema\/logo\/image\/"}}]}},"_links":{"self":[{"href":"https:\/\/www.kogabau.sk\/cs\/wp-json\/wp\/v2\/pages\/5636","targetHints":{"allow":["GET"]}}],"collection":[{"href":"https:\/\/www.kogabau.sk\/cs\/wp-json\/wp\/v2\/pages"}],"about":[{"href":"https:\/\/www.kogabau.sk\/cs\/wp-json\/wp\/v2\/types\/page"}],"author":[{"embeddable":true,"href":"https:\/\/www.kogabau.sk\/cs\/wp-json\/wp\/v2\/users\/15"}],"replies":[{"embeddable":true,"href":"https:\/\/www.kogabau.sk\/cs\/wp-json\/wp\/v2\/comments?post=5636"}],"version-history":[{"count":4,"href":"https:\/\/www.kogabau.sk\/cs\/wp-json\/wp\/v2\/pages\/5636\/revisions"}],"predecessor-version":[{"id":7991,"href":"https:\/\/www.kogabau.sk\/cs\/wp-json\/wp\/v2\/pages\/5636\/revisions\/7991"}],"wp:attachment":[{"href":"https:\/\/www.kogabau.sk\/cs\/wp-json\/wp\/v2\/media?parent=5636"}],"curies":[{"name":"wp","href":"https:\/\/api.w.org\/{rel}","templated":true}]}}