{"id":6931,"date":"2025-10-12T18:09:18","date_gmt":"2025-10-12T16:09:18","guid":{"rendered":"https:\/\/www.kogabau.sk\/oslava-d400\/"},"modified":"2025-11-12T10:55:47","modified_gmt":"2025-11-12T09:55:47","slug":"oslava-d400","status":"publish","type":"page","link":"https:\/\/www.kogabau.sk\/cs\/oslava-d400\/","title":{"rendered":"Oslava D400"},"content":{"rendered":"\t\t<div data-elementor-type=\"wp-page\" data-elementor-id=\"6931\" class=\"elementor elementor-6931 elementor-1314\" data-elementor-post-type=\"page\">\n\t\t\t\t\t\t<section class=\"elementor-section elementor-top-section elementor-element elementor-element-8c5cc58 elementor-section-boxed elementor-section-height-default elementor-section-height-default\" data-id=\"8c5cc58\" data-element_type=\"section\" data-settings=\"{&quot;background_background&quot;:&quot;classic&quot;}\">\n\t\t\t\t\t\t<div class=\"elementor-container elementor-column-gap-default\">\n\t\t\t\t\t<div class=\"elementor-column elementor-col-100 elementor-top-column elementor-element elementor-element-4c061b6\" data-id=\"4c061b6\" data-element_type=\"column\">\n\t\t\t<div class=\"elementor-widget-wrap elementor-element-populated\">\n\t\t\t\t\t\t<div class=\"elementor-element elementor-element-efc54a5 elementor-widget elementor-widget-spacer\" data-id=\"efc54a5\" data-element_type=\"widget\" data-widget_type=\"spacer.default\">\n\t\t\t\t<div class=\"elementor-widget-container\">\n\t\t\t\t\t\t\t<div class=\"elementor-spacer\">\n\t\t\t<div class=\"elementor-spacer-inner\"><\/div>\n\t\t<\/div>\n\t\t\t\t\t\t<\/div>\n\t\t\t\t<\/div>\n\t\t\t\t<div class=\"elementor-element elementor-element-db8ba8f elementor-widget elementor-widget-heading\" data-id=\"db8ba8f\" data-element_type=\"widget\" data-widget_type=\"heading.default\">\n\t\t\t\t<div class=\"elementor-widget-container\">\n\t\t\t\t\t<h1 class=\"elementor-heading-title elementor-size-default\">Oslava\u00ae D400 <\/h1>\t\t\t\t<\/div>\n\t\t\t\t<\/div>\n\t\t\t\t\t<\/div>\n\t\t<\/div>\n\t\t\t\t\t<\/div>\n\t\t<\/section>\n\t\t\t\t<section class=\"elementor-section elementor-top-section elementor-element elementor-element-6606034 elementor-reverse-tablet elementor-reverse-mobile elementor-section-boxed elementor-section-height-default elementor-section-height-default\" data-id=\"6606034\" data-element_type=\"section\" data-settings=\"{&quot;background_background&quot;:&quot;classic&quot;}\">\n\t\t\t\t\t\t<div class=\"elementor-container elementor-column-gap-default\">\n\t\t\t\t\t<div class=\"elementor-column elementor-col-50 elementor-top-column elementor-element elementor-element-ea36663\" data-id=\"ea36663\" data-element_type=\"column\">\n\t\t\t<div class=\"elementor-widget-wrap elementor-element-populated\">\n\t\t\t\t\t\t<div class=\"elementor-element elementor-element-b6169b0 elementor-widget elementor-widget-text-editor\" data-id=\"b6169b0\" data-element_type=\"widget\" data-widget_type=\"text-editor.default\">\n\t\t\t\t<div class=\"elementor-widget-container\">\n\t\t\t\t\t\t\t\t\t<p>Konstrukce vod\u00e1rensk\u00fdch litinov\u00fdch poklop\u016f vych\u00e1z\u00ed z DIN 4055, DIN 4056, DIN 4057. Je zaji\u0161t\u011bna \u010depem s matic\u00ed (z nerezov\u00e9 oceli), na p\u0159\u00e1n\u00ed z\u00e1kazn\u00edka lze zajistit jin\u00fd ne\u017e bitumenov\u00fd n\u00e1t\u011br (PUR n\u00e1t\u011br).  <br><br>Poklopy jsou certifikov\u00e1ny pro t\u0159\u00eddu zat\u00ed\u017een\u00ed D400. Pou\u017e\u00edv\u00e1 se k zaji\u0161t\u011bn\u00ed p\u0159\u00edstupu k podzemn\u00edmu hydrantu, k uzav\u00edr\u00e1n\u00ed a otev\u00edr\u00e1n\u00ed podzemn\u00edch armatur. <\/p>\t\t\t\t\t\t\t\t<\/div>\n\t\t\t\t<\/div>\n\t\t\t\t\t<\/div>\n\t\t<\/div>\n\t\t\t\t<div class=\"elementor-column elementor-col-50 elementor-top-column elementor-element elementor-element-215eb55\" data-id=\"215eb55\" data-element_type=\"column\" data-settings=\"{&quot;background_background&quot;:&quot;classic&quot;}\">\n\t\t\t<div class=\"elementor-widget-wrap elementor-element-populated\">\n\t\t\t\t\t\t<div class=\"elementor-element elementor-element-4536708 elementor-widget elementor-widget-image\" data-id=\"4536708\" data-element_type=\"widget\" data-widget_type=\"image.default\">\n\t\t\t\t<div class=\"elementor-widget-container\">\n\t\t\t\t\t\t\t\t\t\t\t\t\t\t\t<img fetchpriority=\"high\" decoding=\"async\" width=\"575\" height=\"580\" src=\"https:\/\/www.kogabau.sk\/wp-content\/uploads\/2025\/10\/KoGaBau-Oslava-D400-.png\" class=\"attachment-full size-full wp-image-5312\" alt=\"\" srcset=\"https:\/\/www.kogabau.sk\/wp-content\/uploads\/2025\/10\/KoGaBau-Oslava-D400-.png 575w, https:\/\/www.kogabau.sk\/wp-content\/uploads\/2025\/10\/KoGaBau-Oslava-D400--297x300.png 297w, https:\/\/www.kogabau.sk\/wp-content\/uploads\/2025\/10\/KoGaBau-Oslava-D400--150x150.png 150w\" sizes=\"(max-width: 575px) 100vw, 575px\" \/>\t\t\t\t\t\t\t\t\t\t\t\t\t\t\t<\/div>\n\t\t\t\t<\/div>\n\t\t\t\t\t<\/div>\n\t\t<\/div>\n\t\t\t\t\t<\/div>\n\t\t<\/section>\n\t\t\t\t<section class=\"elementor-section elementor-top-section elementor-element elementor-element-a30986b horizontale elementor-section-boxed elementor-section-height-default elementor-section-height-default\" data-id=\"a30986b\" data-element_type=\"section\" data-settings=\"{&quot;background_background&quot;:&quot;classic&quot;}\">\n\t\t\t\t\t\t<div class=\"elementor-container elementor-column-gap-default\">\n\t\t\t\t\t<div class=\"elementor-column elementor-col-100 elementor-top-column elementor-element elementor-element-b58529f\" data-id=\"b58529f\" data-element_type=\"column\">\n\t\t\t<div class=\"elementor-widget-wrap elementor-element-populated\">\n\t\t\t\t\t\t<section class=\"elementor-section elementor-inner-section elementor-element elementor-element-f52053e elementor-section-boxed elementor-section-height-default elementor-section-height-default\" data-id=\"f52053e\" data-element_type=\"section\" data-settings=\"{&quot;background_background&quot;:&quot;classic&quot;}\">\n\t\t\t\t\t\t<div class=\"elementor-container elementor-column-gap-default\">\n\t\t\t\t\t<div class=\"elementor-column elementor-col-25 elementor-inner-column elementor-element elementor-element-0f166e5\" data-id=\"0f166e5\" data-element_type=\"column\">\n\t\t\t<div class=\"elementor-widget-wrap elementor-element-populated\">\n\t\t\t\t\t\t<div class=\"elementor-element elementor-element-97f1fcd elementor-widget elementor-widget-heading\" data-id=\"97f1fcd\" data-element_type=\"widget\" data-widget_type=\"heading.default\">\n\t\t\t\t<div class=\"elementor-widget-container\">\n\t\t\t\t\t<h2 class=\"elementor-heading-title elementor-size-default\"> Normativn\u00ed rozm\u011br<\/h2>\t\t\t\t<\/div>\n\t\t\t\t<\/div>\n\t\t\t\t\t<\/div>\n\t\t<\/div>\n\t\t\t\t<div class=\"elementor-column elementor-col-25 elementor-inner-column elementor-element elementor-element-ef5a9ee\" data-id=\"ef5a9ee\" data-element_type=\"column\">\n\t\t\t<div class=\"elementor-widget-wrap elementor-element-populated\">\n\t\t\t\t\t\t<div class=\"elementor-element elementor-element-cc40a76 elementor-widget elementor-widget-text-editor\" data-id=\"cc40a76\" data-element_type=\"widget\" data-widget_type=\"text-editor.default\">\n\t\t\t\t<div class=\"elementor-widget-container\">\n\t\t\t\t\t\t\t\t\t<p>Hydrantov\u00fd HYDRANT\/PLYN<\/p>\t\t\t\t\t\t\t\t<\/div>\n\t\t\t\t<\/div>\n\t\t\t\t\t<\/div>\n\t\t<\/div>\n\t\t\t\t<div class=\"elementor-column elementor-col-25 elementor-inner-column elementor-element elementor-element-6b61e77\" data-id=\"6b61e77\" data-element_type=\"column\">\n\t\t\t<div class=\"elementor-widget-wrap elementor-element-populated\">\n\t\t\t\t\t\t<div class=\"elementor-element elementor-element-68a7776 elementor-widget elementor-widget-text-editor\" data-id=\"68a7776\" data-element_type=\"widget\" data-widget_type=\"text-editor.default\">\n\t\t\t\t<div class=\"elementor-widget-container\">\n\t\t\t\t\t\t\t\t\t<p>Posuvn\u00fd VODA\/PLYN<\/p>\t\t\t\t\t\t\t\t<\/div>\n\t\t\t\t<\/div>\n\t\t\t\t\t<\/div>\n\t\t<\/div>\n\t\t\t\t<div class=\"elementor-column elementor-col-25 elementor-inner-column elementor-element elementor-element-1dec896\" data-id=\"1dec896\" data-element_type=\"column\">\n\t\t\t<div class=\"elementor-widget-wrap elementor-element-populated\">\n\t\t\t\t\t\t<div class=\"elementor-element elementor-element-9a9c168 elementor-widget elementor-widget-text-editor\" data-id=\"9a9c168\" data-element_type=\"widget\" data-widget_type=\"text-editor.default\">\n\t\t\t\t<div class=\"elementor-widget-container\">\n\t\t\t\t\t\t\t\t\t<p>Ventilov\u00fd VODA\/PLYN<\/p>\t\t\t\t\t\t\t\t<\/div>\n\t\t\t\t<\/div>\n\t\t\t\t\t<\/div>\n\t\t<\/div>\n\t\t\t\t\t<\/div>\n\t\t<\/section>\n\t\t\t\t<section class=\"elementor-section elementor-inner-section elementor-element elementor-element-126ed56 elementor-section-boxed elementor-section-height-default elementor-section-height-default\" data-id=\"126ed56\" data-element_type=\"section\" data-settings=\"{&quot;background_background&quot;:&quot;classic&quot;}\">\n\t\t\t\t\t\t<div class=\"elementor-container elementor-column-gap-default\">\n\t\t\t\t\t<div class=\"elementor-column elementor-col-25 elementor-inner-column elementor-element elementor-element-bcfe0b2\" data-id=\"bcfe0b2\" data-element_type=\"column\">\n\t\t\t<div class=\"elementor-widget-wrap elementor-element-populated\">\n\t\t\t\t\t\t<div class=\"elementor-element elementor-element-16461b7 elementor-widget elementor-widget-heading\" data-id=\"16461b7\" data-element_type=\"widget\" data-widget_type=\"heading.default\">\n\t\t\t\t<div class=\"elementor-widget-container\">\n\t\t\t\t\t<h2 class=\"elementor-heading-title elementor-size-default\">Hmotnost (kg)<\/h2>\t\t\t\t<\/div>\n\t\t\t\t<\/div>\n\t\t\t\t\t<\/div>\n\t\t<\/div>\n\t\t\t\t<div class=\"elementor-column elementor-col-25 elementor-inner-column elementor-element elementor-element-152d457\" data-id=\"152d457\" data-element_type=\"column\">\n\t\t\t<div class=\"elementor-widget-wrap elementor-element-populated\">\n\t\t\t\t\t\t<div class=\"elementor-element elementor-element-51a48aa elementor-widget elementor-widget-text-editor\" data-id=\"51a48aa\" data-element_type=\"widget\" data-widget_type=\"text-editor.default\">\n\t\t\t\t<div class=\"elementor-widget-container\">\n\t\t\t\t\t\t\t\t\t<p>29,3<\/p>\t\t\t\t\t\t\t\t<\/div>\n\t\t\t\t<\/div>\n\t\t\t\t\t<\/div>\n\t\t<\/div>\n\t\t\t\t<div class=\"elementor-column elementor-col-25 elementor-inner-column elementor-element elementor-element-d8020b3\" data-id=\"d8020b3\" data-element_type=\"column\">\n\t\t\t<div class=\"elementor-widget-wrap elementor-element-populated\">\n\t\t\t\t\t\t<div class=\"elementor-element elementor-element-6fe969c elementor-widget elementor-widget-text-editor\" data-id=\"6fe969c\" data-element_type=\"widget\" data-widget_type=\"text-editor.default\">\n\t\t\t\t<div class=\"elementor-widget-container\">\n\t\t\t\t\t\t\t\t\t<p>12<\/p>\t\t\t\t\t\t\t\t<\/div>\n\t\t\t\t<\/div>\n\t\t\t\t\t<\/div>\n\t\t<\/div>\n\t\t\t\t<div class=\"elementor-column elementor-col-25 elementor-inner-column elementor-element elementor-element-d839d8d\" data-id=\"d839d8d\" data-element_type=\"column\">\n\t\t\t<div class=\"elementor-widget-wrap elementor-element-populated\">\n\t\t\t\t\t\t<div class=\"elementor-element elementor-element-4c246ff elementor-widget elementor-widget-text-editor\" data-id=\"4c246ff\" data-element_type=\"widget\" data-widget_type=\"text-editor.default\">\n\t\t\t\t<div class=\"elementor-widget-container\">\n\t\t\t\t\t\t\t\t\t<p>7<\/p>\t\t\t\t\t\t\t\t<\/div>\n\t\t\t\t<\/div>\n\t\t\t\t\t<\/div>\n\t\t<\/div>\n\t\t\t\t\t<\/div>\n\t\t<\/section>\n\t\t\t\t<section class=\"elementor-section elementor-inner-section elementor-element elementor-element-05c37ee elementor-section-boxed elementor-section-height-default elementor-section-height-default\" data-id=\"05c37ee\" data-element_type=\"section\" data-settings=\"{&quot;background_background&quot;:&quot;classic&quot;}\">\n\t\t\t\t\t\t<div class=\"elementor-container elementor-column-gap-default\">\n\t\t\t\t\t<div class=\"elementor-column elementor-col-25 elementor-inner-column elementor-element elementor-element-6388a2b\" data-id=\"6388a2b\" data-element_type=\"column\">\n\t\t\t<div class=\"elementor-widget-wrap elementor-element-populated\">\n\t\t\t\t\t\t<div class=\"elementor-element elementor-element-6f41ca1 elementor-widget elementor-widget-heading\" data-id=\"6f41ca1\" data-element_type=\"widget\" data-widget_type=\"heading.default\">\n\t\t\t\t<div class=\"elementor-widget-container\">\n\t\t\t\t\t<h2 class=\"elementor-heading-title elementor-size-default\">V\u00fd\u0161ka (mm)<\/h2>\t\t\t\t<\/div>\n\t\t\t\t<\/div>\n\t\t\t\t\t<\/div>\n\t\t<\/div>\n\t\t\t\t<div class=\"elementor-column elementor-col-25 elementor-inner-column elementor-element elementor-element-b27d9d7\" data-id=\"b27d9d7\" data-element_type=\"column\">\n\t\t\t<div class=\"elementor-widget-wrap elementor-element-populated\">\n\t\t\t\t\t\t<div class=\"elementor-element elementor-element-341debd elementor-widget elementor-widget-text-editor\" data-id=\"341debd\" data-element_type=\"widget\" data-widget_type=\"text-editor.default\">\n\t\t\t\t<div class=\"elementor-widget-container\">\n\t\t\t\t\t\t\t\t\t<p>310<\/p>\t\t\t\t\t\t\t\t<\/div>\n\t\t\t\t<\/div>\n\t\t\t\t\t<\/div>\n\t\t<\/div>\n\t\t\t\t<div class=\"elementor-column elementor-col-25 elementor-inner-column elementor-element elementor-element-649fcdc\" data-id=\"649fcdc\" data-element_type=\"column\">\n\t\t\t<div class=\"elementor-widget-wrap elementor-element-populated\">\n\t\t\t\t\t\t<div class=\"elementor-element elementor-element-74b94e4 elementor-widget elementor-widget-text-editor\" data-id=\"74b94e4\" data-element_type=\"widget\" data-widget_type=\"text-editor.default\">\n\t\t\t\t<div class=\"elementor-widget-container\">\n\t\t\t\t\t\t\t\t\t<p>210<\/p>\t\t\t\t\t\t\t\t<\/div>\n\t\t\t\t<\/div>\n\t\t\t\t\t<\/div>\n\t\t<\/div>\n\t\t\t\t<div class=\"elementor-column elementor-col-25 elementor-inner-column elementor-element elementor-element-611dfae\" data-id=\"611dfae\" data-element_type=\"column\">\n\t\t\t<div class=\"elementor-widget-wrap elementor-element-populated\">\n\t\t\t\t\t\t<div class=\"elementor-element elementor-element-3bb5685 elementor-widget elementor-widget-text-editor\" data-id=\"3bb5685\" data-element_type=\"widget\" data-widget_type=\"text-editor.default\">\n\t\t\t\t<div class=\"elementor-widget-container\">\n\t\t\t\t\t\t\t\t\t<p>210<\/p>\t\t\t\t\t\t\t\t<\/div>\n\t\t\t\t<\/div>\n\t\t\t\t\t<\/div>\n\t\t<\/div>\n\t\t\t\t\t<\/div>\n\t\t<\/section>\n\t\t\t\t\t<\/div>\n\t\t<\/div>\n\t\t\t\t\t<\/div>\n\t\t<\/section>\n\t\t\t\t<\/div>\n\t\t","protected":false},"excerpt":{"rendered":"<p>Oslava\u00ae D400 Konstrukce vod\u00e1rensk\u00fdch litinov\u00fdch poklop\u016f vych\u00e1z\u00ed z DIN 4055, DIN 4056, DIN 4057. Je zaji\u0161t\u011bna \u010depem s matic\u00ed (z nerezov\u00e9 oceli), na p\u0159\u00e1n\u00ed z\u00e1kazn\u00edka lze zajistit jin\u00fd ne\u017e bitumenov\u00fd n\u00e1t\u011br (PUR n\u00e1t\u011br). Poklopy jsou certifikov\u00e1ny pro t\u0159\u00eddu zat\u00ed\u017een\u00ed D400. Pou\u017e\u00edv\u00e1 se k zaji\u0161t\u011bn\u00ed p\u0159\u00edstupu k podzemn\u00edmu hydrantu, k uzav\u00edr\u00e1n\u00ed a otev\u00edr\u00e1n\u00ed podzemn\u00edch armatur. Normativn\u00ed [&hellip;]<\/p>\n","protected":false},"author":16,"featured_media":0,"parent":0,"menu_order":0,"comment_status":"closed","ping_status":"closed","template":"","meta":{"footnotes":""},"class_list":["post-6931","page","type-page","status-publish","hentry"],"yoast_head":"<!-- This site is optimized with the Yoast SEO plugin v26.2 - https:\/\/yoast.com\/wordpress\/plugins\/seo\/ -->\n<title>Oslava\u00ae D400 \u2013 Vod\u00e1rensk\u00e9 litinov\u00e9 poklopy pro hydranty a armatury | KOGA Bau<\/title>\n<meta name=\"description\" content=\"Oslava\u00ae D400 jsou certifikov\u00e1ny litinov\u00e9 poklopy dle DIN 4055\u20134057, ur\u010den\u00e9 pro podzemn\u00ed hydranty a armatury. Dostupn\u00e9 v hydrantov\u00e9m, \u0161oup\u00e1tkov\u00e9m a ventilov\u00e9m proveden\u00ed, s mo\u017enost\u00ed \u00fapravy povrchov\u00e9ho n\u00e1t\u011bru. Spolehliv\u00e9 \u0159e\u0161en\u00ed s t\u0159\u00eddou zat\u00ed\u017een\u00ed D400 od KOGA Bau.\" \/>\n<meta name=\"robots\" content=\"index, follow, max-snippet:-1, max-image-preview:large, max-video-preview:-1\" \/>\n<link rel=\"canonical\" href=\"https:\/\/www.kogabau.sk\/cs\/oslava-d400\/\" \/>\n<meta property=\"og:locale\" content=\"cs_CZ\" \/>\n<meta property=\"og:type\" content=\"article\" \/>\n<meta property=\"og:title\" content=\"Oslava\u00ae D400 \u2013 Vod\u00e1rensk\u00e9 litinov\u00e9 poklopy pro hydranty a armatury | KOGA Bau\" \/>\n<meta property=\"og:description\" content=\"Oslava\u00ae D400 jsou certifikov\u00e1ny litinov\u00e9 poklopy dle DIN 4055\u20134057, ur\u010den\u00e9 pro podzemn\u00ed hydranty a armatury. Dostupn\u00e9 v hydrantov\u00e9m, \u0161oup\u00e1tkov\u00e9m a ventilov\u00e9m proveden\u00ed, s mo\u017enost\u00ed \u00fapravy povrchov\u00e9ho n\u00e1t\u011bru. Spolehliv\u00e9 \u0159e\u0161en\u00ed s t\u0159\u00eddou zat\u00ed\u017een\u00ed D400 od KOGA Bau.\" \/>\n<meta property=\"og:url\" content=\"https:\/\/www.kogabau.sk\/cs\/oslava-d400\/\" \/>\n<meta property=\"og:site_name\" content=\"KOGABAU\" \/>\n<meta property=\"article:modified_time\" content=\"2025-11-12T09:55:47+00:00\" \/>\n<meta property=\"og:image\" content=\"https:\/\/www.kogabau.sk\/wp-content\/uploads\/2025\/10\/KoGaBau-Oslava-D400-.png\" \/>\n\t<meta property=\"og:image:width\" content=\"575\" \/>\n\t<meta property=\"og:image:height\" content=\"580\" \/>\n\t<meta property=\"og:image:type\" content=\"image\/png\" \/>\n<meta name=\"twitter:card\" content=\"summary_large_image\" \/>\n<script type=\"application\/ld+json\" class=\"yoast-schema-graph\">{\"@context\":\"https:\/\/schema.org\",\"@graph\":[{\"@type\":\"WebPage\",\"@id\":\"https:\/\/www.kogabau.sk\/cs\/oslava-d400\/\",\"url\":\"https:\/\/www.kogabau.sk\/cs\/oslava-d400\/\",\"name\":\"Oslava\u00ae D400 \u2013 Vod\u00e1rensk\u00e9 litinov\u00e9 poklopy pro hydranty a armatury | KOGA Bau\",\"isPartOf\":{\"@id\":\"https:\/\/www.kogabau.sk\/cs\/#website\"},\"primaryImageOfPage\":{\"@id\":\"https:\/\/www.kogabau.sk\/cs\/oslava-d400\/#primaryimage\"},\"image\":{\"@id\":\"https:\/\/www.kogabau.sk\/cs\/oslava-d400\/#primaryimage\"},\"thumbnailUrl\":\"https:\/\/www.kogabau.sk\/wp-content\/uploads\/2025\/10\/KoGaBau-Oslava-D400-.png\",\"datePublished\":\"2025-10-12T16:09:18+00:00\",\"dateModified\":\"2025-11-12T09:55:47+00:00\",\"description\":\"Oslava\u00ae D400 jsou certifikov\u00e1ny litinov\u00e9 poklopy dle DIN 4055\u20134057, ur\u010den\u00e9 pro podzemn\u00ed hydranty a armatury. Dostupn\u00e9 v hydrantov\u00e9m, \u0161oup\u00e1tkov\u00e9m a ventilov\u00e9m proveden\u00ed, s mo\u017enost\u00ed \u00fapravy povrchov\u00e9ho n\u00e1t\u011bru. Spolehliv\u00e9 \u0159e\u0161en\u00ed s t\u0159\u00eddou zat\u00ed\u017een\u00ed D400 od KOGA Bau.\",\"breadcrumb\":{\"@id\":\"https:\/\/www.kogabau.sk\/cs\/oslava-d400\/#breadcrumb\"},\"inLanguage\":\"cs\",\"potentialAction\":[{\"@type\":\"ReadAction\",\"target\":[\"https:\/\/www.kogabau.sk\/cs\/oslava-d400\/\"]}]},{\"@type\":\"ImageObject\",\"inLanguage\":\"cs\",\"@id\":\"https:\/\/www.kogabau.sk\/cs\/oslava-d400\/#primaryimage\",\"url\":\"https:\/\/www.kogabau.sk\/wp-content\/uploads\/2025\/10\/KoGaBau-Oslava-D400-.png\",\"contentUrl\":\"https:\/\/www.kogabau.sk\/wp-content\/uploads\/2025\/10\/KoGaBau-Oslava-D400-.png\"},{\"@type\":\"BreadcrumbList\",\"@id\":\"https:\/\/www.kogabau.sk\/cs\/oslava-d400\/#breadcrumb\",\"itemListElement\":[{\"@type\":\"ListItem\",\"position\":1,\"name\":\"Home\",\"item\":\"https:\/\/www.kogabau.sk\/cs\/\"},{\"@type\":\"ListItem\",\"position\":2,\"name\":\"Oslava D400\"}]},{\"@type\":\"WebSite\",\"@id\":\"https:\/\/www.kogabau.sk\/cs\/#website\",\"url\":\"https:\/\/www.kogabau.sk\/cs\/\",\"name\":\"KOGABAU\",\"description\":\"\",\"publisher\":{\"@id\":\"https:\/\/www.kogabau.sk\/cs\/#organization\"},\"potentialAction\":[{\"@type\":\"SearchAction\",\"target\":{\"@type\":\"EntryPoint\",\"urlTemplate\":\"https:\/\/www.kogabau.sk\/cs\/?s={search_term_string}\"},\"query-input\":{\"@type\":\"PropertyValueSpecification\",\"valueRequired\":true,\"valueName\":\"search_term_string\"}}],\"inLanguage\":\"cs\"},{\"@type\":\"Organization\",\"@id\":\"https:\/\/www.kogabau.sk\/cs\/#organization\",\"name\":\"KOGABAU\",\"url\":\"https:\/\/www.kogabau.sk\/cs\/\",\"logo\":{\"@type\":\"ImageObject\",\"inLanguage\":\"cs\",\"@id\":\"https:\/\/www.kogabau.sk\/cs\/#\/schema\/logo\/image\/\",\"url\":\"https:\/\/www.kogabau.sk\/wp-content\/uploads\/2021\/02\/KOGA-BAU-logo-cierne.png\",\"contentUrl\":\"https:\/\/www.kogabau.sk\/wp-content\/uploads\/2021\/02\/KOGA-BAU-logo-cierne.png\",\"width\":516,\"height\":66,\"caption\":\"KOGABAU\"},\"image\":{\"@id\":\"https:\/\/www.kogabau.sk\/cs\/#\/schema\/logo\/image\/\"}}]}<\/script>\n<!-- \/ Yoast SEO plugin. -->","yoast_head_json":{"title":"Oslava\u00ae D400 \u2013 Vod\u00e1rensk\u00e9 litinov\u00e9 poklopy pro hydranty a armatury | KOGA Bau","description":"Oslava\u00ae D400 jsou certifikov\u00e1ny litinov\u00e9 poklopy dle DIN 4055\u20134057, ur\u010den\u00e9 pro podzemn\u00ed hydranty a armatury. Dostupn\u00e9 v hydrantov\u00e9m, \u0161oup\u00e1tkov\u00e9m a ventilov\u00e9m proveden\u00ed, s mo\u017enost\u00ed \u00fapravy povrchov\u00e9ho n\u00e1t\u011bru. Spolehliv\u00e9 \u0159e\u0161en\u00ed s t\u0159\u00eddou zat\u00ed\u017een\u00ed D400 od KOGA Bau.","robots":{"index":"index","follow":"follow","max-snippet":"max-snippet:-1","max-image-preview":"max-image-preview:large","max-video-preview":"max-video-preview:-1"},"canonical":"https:\/\/www.kogabau.sk\/cs\/oslava-d400\/","og_locale":"cs_CZ","og_type":"article","og_title":"Oslava\u00ae D400 \u2013 Vod\u00e1rensk\u00e9 litinov\u00e9 poklopy pro hydranty a armatury | KOGA Bau","og_description":"Oslava\u00ae D400 jsou certifikov\u00e1ny litinov\u00e9 poklopy dle DIN 4055\u20134057, ur\u010den\u00e9 pro podzemn\u00ed hydranty a armatury. Dostupn\u00e9 v hydrantov\u00e9m, \u0161oup\u00e1tkov\u00e9m a ventilov\u00e9m proveden\u00ed, s mo\u017enost\u00ed \u00fapravy povrchov\u00e9ho n\u00e1t\u011bru. Spolehliv\u00e9 \u0159e\u0161en\u00ed s t\u0159\u00eddou zat\u00ed\u017een\u00ed D400 od KOGA Bau.","og_url":"https:\/\/www.kogabau.sk\/cs\/oslava-d400\/","og_site_name":"KOGABAU","article_modified_time":"2025-11-12T09:55:47+00:00","og_image":[{"width":575,"height":580,"url":"https:\/\/www.kogabau.sk\/wp-content\/uploads\/2025\/10\/KoGaBau-Oslava-D400-.png","type":"image\/png"}],"twitter_card":"summary_large_image","schema":{"@context":"https:\/\/schema.org","@graph":[{"@type":"WebPage","@id":"https:\/\/www.kogabau.sk\/cs\/oslava-d400\/","url":"https:\/\/www.kogabau.sk\/cs\/oslava-d400\/","name":"Oslava\u00ae D400 \u2013 Vod\u00e1rensk\u00e9 litinov\u00e9 poklopy pro hydranty a armatury | KOGA Bau","isPartOf":{"@id":"https:\/\/www.kogabau.sk\/cs\/#website"},"primaryImageOfPage":{"@id":"https:\/\/www.kogabau.sk\/cs\/oslava-d400\/#primaryimage"},"image":{"@id":"https:\/\/www.kogabau.sk\/cs\/oslava-d400\/#primaryimage"},"thumbnailUrl":"https:\/\/www.kogabau.sk\/wp-content\/uploads\/2025\/10\/KoGaBau-Oslava-D400-.png","datePublished":"2025-10-12T16:09:18+00:00","dateModified":"2025-11-12T09:55:47+00:00","description":"Oslava\u00ae D400 jsou certifikov\u00e1ny litinov\u00e9 poklopy dle DIN 4055\u20134057, ur\u010den\u00e9 pro podzemn\u00ed hydranty a armatury. Dostupn\u00e9 v hydrantov\u00e9m, \u0161oup\u00e1tkov\u00e9m a ventilov\u00e9m proveden\u00ed, s mo\u017enost\u00ed \u00fapravy povrchov\u00e9ho n\u00e1t\u011bru. Spolehliv\u00e9 \u0159e\u0161en\u00ed s t\u0159\u00eddou zat\u00ed\u017een\u00ed D400 od KOGA Bau.","breadcrumb":{"@id":"https:\/\/www.kogabau.sk\/cs\/oslava-d400\/#breadcrumb"},"inLanguage":"cs","potentialAction":[{"@type":"ReadAction","target":["https:\/\/www.kogabau.sk\/cs\/oslava-d400\/"]}]},{"@type":"ImageObject","inLanguage":"cs","@id":"https:\/\/www.kogabau.sk\/cs\/oslava-d400\/#primaryimage","url":"https:\/\/www.kogabau.sk\/wp-content\/uploads\/2025\/10\/KoGaBau-Oslava-D400-.png","contentUrl":"https:\/\/www.kogabau.sk\/wp-content\/uploads\/2025\/10\/KoGaBau-Oslava-D400-.png"},{"@type":"BreadcrumbList","@id":"https:\/\/www.kogabau.sk\/cs\/oslava-d400\/#breadcrumb","itemListElement":[{"@type":"ListItem","position":1,"name":"Home","item":"https:\/\/www.kogabau.sk\/cs\/"},{"@type":"ListItem","position":2,"name":"Oslava D400"}]},{"@type":"WebSite","@id":"https:\/\/www.kogabau.sk\/cs\/#website","url":"https:\/\/www.kogabau.sk\/cs\/","name":"KOGABAU","description":"","publisher":{"@id":"https:\/\/www.kogabau.sk\/cs\/#organization"},"potentialAction":[{"@type":"SearchAction","target":{"@type":"EntryPoint","urlTemplate":"https:\/\/www.kogabau.sk\/cs\/?s={search_term_string}"},"query-input":{"@type":"PropertyValueSpecification","valueRequired":true,"valueName":"search_term_string"}}],"inLanguage":"cs"},{"@type":"Organization","@id":"https:\/\/www.kogabau.sk\/cs\/#organization","name":"KOGABAU","url":"https:\/\/www.kogabau.sk\/cs\/","logo":{"@type":"ImageObject","inLanguage":"cs","@id":"https:\/\/www.kogabau.sk\/cs\/#\/schema\/logo\/image\/","url":"https:\/\/www.kogabau.sk\/wp-content\/uploads\/2021\/02\/KOGA-BAU-logo-cierne.png","contentUrl":"https:\/\/www.kogabau.sk\/wp-content\/uploads\/2021\/02\/KOGA-BAU-logo-cierne.png","width":516,"height":66,"caption":"KOGABAU"},"image":{"@id":"https:\/\/www.kogabau.sk\/cs\/#\/schema\/logo\/image\/"}}]}},"_links":{"self":[{"href":"https:\/\/www.kogabau.sk\/cs\/wp-json\/wp\/v2\/pages\/6931","targetHints":{"allow":["GET"]}}],"collection":[{"href":"https:\/\/www.kogabau.sk\/cs\/wp-json\/wp\/v2\/pages"}],"about":[{"href":"https:\/\/www.kogabau.sk\/cs\/wp-json\/wp\/v2\/types\/page"}],"author":[{"embeddable":true,"href":"https:\/\/www.kogabau.sk\/cs\/wp-json\/wp\/v2\/users\/16"}],"replies":[{"embeddable":true,"href":"https:\/\/www.kogabau.sk\/cs\/wp-json\/wp\/v2\/comments?post=6931"}],"version-history":[{"count":3,"href":"https:\/\/www.kogabau.sk\/cs\/wp-json\/wp\/v2\/pages\/6931\/revisions"}],"predecessor-version":[{"id":6934,"href":"https:\/\/www.kogabau.sk\/cs\/wp-json\/wp\/v2\/pages\/6931\/revisions\/6934"}],"wp:attachment":[{"href":"https:\/\/www.kogabau.sk\/cs\/wp-json\/wp\/v2\/media?parent=6931"}],"curies":[{"name":"wp","href":"https:\/\/api.w.org\/{rel}","templated":true}]}}