{"id":5194,"date":"2025-10-12T16:42:25","date_gmt":"2025-10-12T14:42:25","guid":{"rendered":"https:\/\/www.kogabau.sk\/koga-grp-wall\/"},"modified":"2025-11-10T10:24:10","modified_gmt":"2025-11-10T09:24:10","slug":"koga-grp-wall","status":"publish","type":"page","link":"https:\/\/www.kogabau.sk\/de\/koga-grp-wall\/","title":{"rendered":"KOGA GRP WALL"},"content":{"rendered":"\t\t<div data-elementor-type=\"wp-page\" data-elementor-id=\"5194\" class=\"elementor elementor-5194 elementor-1184\" data-elementor-post-type=\"page\">\n\t\t\t\t\t\t<section class=\"elementor-section elementor-top-section elementor-element elementor-element-1ed1a57 elementor-section-boxed elementor-section-height-default elementor-section-height-default\" data-id=\"1ed1a57\" data-element_type=\"section\" data-settings=\"{&quot;background_background&quot;:&quot;classic&quot;}\">\n\t\t\t\t\t\t<div class=\"elementor-container elementor-column-gap-default\">\n\t\t\t\t\t<div class=\"elementor-column elementor-col-100 elementor-top-column elementor-element elementor-element-e249fcf\" data-id=\"e249fcf\" data-element_type=\"column\">\n\t\t\t<div class=\"elementor-widget-wrap elementor-element-populated\">\n\t\t\t\t\t\t<div class=\"elementor-element elementor-element-1bcb4fc elementor-widget elementor-widget-spacer\" data-id=\"1bcb4fc\" data-element_type=\"widget\" data-widget_type=\"spacer.default\">\n\t\t\t\t<div class=\"elementor-widget-container\">\n\t\t\t\t\t\t\t<div class=\"elementor-spacer\">\n\t\t\t<div class=\"elementor-spacer-inner\"><\/div>\n\t\t<\/div>\n\t\t\t\t\t\t<\/div>\n\t\t\t\t<\/div>\n\t\t\t\t<div class=\"elementor-element elementor-element-8b748ae elementor-widget elementor-widget-heading\" data-id=\"8b748ae\" data-element_type=\"widget\" data-widget_type=\"heading.default\">\n\t\t\t\t<div class=\"elementor-widget-container\">\n\t\t\t\t\t<h1 class=\"elementor-heading-title elementor-size-default\">KOGA HDPE WALL<\/h1>\t\t\t\t<\/div>\n\t\t\t\t<\/div>\n\t\t\t\t\t<\/div>\n\t\t<\/div>\n\t\t\t\t\t<\/div>\n\t\t<\/section>\n\t\t\t\t<section class=\"elementor-section elementor-top-section elementor-element elementor-element-4832341 elementor-section-boxed elementor-section-height-default elementor-section-height-default\" data-id=\"4832341\" data-element_type=\"section\" data-settings=\"{&quot;background_background&quot;:&quot;classic&quot;}\">\n\t\t\t\t\t\t<div class=\"elementor-container elementor-column-gap-default\">\n\t\t\t\t\t<div class=\"elementor-column elementor-col-100 elementor-top-column elementor-element elementor-element-7b7c4bf\" data-id=\"7b7c4bf\" data-element_type=\"column\">\n\t\t\t<div class=\"elementor-widget-wrap elementor-element-populated\">\n\t\t\t\t\t\t<div class=\"elementor-element elementor-element-d25919c elementor-widget elementor-widget-text-editor\" data-id=\"d25919c\" data-element_type=\"widget\" data-widget_type=\"text-editor.default\">\n\t\t\t\t<div class=\"elementor-widget-container\">\n\t\t\t\t\t\t\t\t\t<p>KOGA GRP WALL ist ein Wand- und Oberfl\u00e4chenverkleidungssystem, das entwickelt wurde, um den sichtbaren Teil von U-Bahnen und Tunneln \u00e4sthetisch aufzuwerten.<\/p>\t\t\t\t\t\t\t\t<\/div>\n\t\t\t\t<\/div>\n\t\t\t\t<div class=\"elementor-element elementor-element-4860e5c elementor-widget elementor-widget-heading\" data-id=\"4860e5c\" data-element_type=\"widget\" data-widget_type=\"heading.default\">\n\t\t\t\t<div class=\"elementor-widget-container\">\n\t\t\t\t\t<h2 class=\"elementor-heading-title elementor-size-default\">Merkmale<\/h2>\t\t\t\t<\/div>\n\t\t\t\t<\/div>\n\t\t\t\t<div class=\"elementor-element elementor-element-ed4af2e elementor-widget elementor-widget-text-editor\" data-id=\"ed4af2e\" data-element_type=\"widget\" data-widget_type=\"text-editor.default\">\n\t\t\t\t<div class=\"elementor-widget-container\">\n\t\t\t\t\t\t\t\t\t<p>Das System umfasst Fassadenelemente aus GFK (glasfaserverst\u00e4rktem Kunststoff), die in Kombination mit einer Edelstahl-Grundkonstruktion entwickelt wurden. Durch die M\u00f6glichkeit, Formen und Farben an einer Fassade zu kombinieren, l\u00e4sst sich ein einzigartiger architektonischer Effekt erzielen. Unser Lieferumfang beinhaltet die Produktions- und technische Dokumentation sowie einen Verlegeplan, der speziell auf die Gegebenheiten vor Ort abgestimmt ist. Wir \u00fcbernehmen die professionelle Planung, Produktion und Montage des Systems direkt am Objekt.   <\/p><p>GFK zeichnet sich durch hervorragende Leistungseigenschaften aus, insbesondere durch Nicht-Absorptionsf\u00e4higkeit, Frostbest\u00e4ndigkeit, Farbstabilit\u00e4t aufgrund der Best\u00e4ndigkeit gegen\u00fcber UV-Strahlung und hohe Best\u00e4ndigkeit gegen\u00fcber Spannungen und dynamischen Belastungen.<\/p><p>Besch\u00e4digungen durch Vandalismus (Bemalung, Graffiti) lassen sich problemlos entfernen, ohne die Au\u00dfenfl\u00e4che zu besch\u00e4digen. Das System ist so konzipiert, dass stark besch\u00e4digte Elemente einzeln ausgetauscht werden k\u00f6nnen, ohne dass ein gr\u00f6\u00dferer Bereich als der besch\u00e4digte demontiert werden muss. <\/p>\t\t\t\t\t\t\t\t<\/div>\n\t\t\t\t<\/div>\n\t\t\t\t<div class=\"elementor-element elementor-element-541c9be elementor-widget elementor-widget-image\" data-id=\"541c9be\" data-element_type=\"widget\" data-widget_type=\"image.default\">\n\t\t\t\t<div class=\"elementor-widget-container\">\n\t\t\t\t\t\t\t\t\t\t\t\t\t\t\t<img fetchpriority=\"high\" decoding=\"async\" width=\"1433\" height=\"478\" src=\"https:\/\/www.kogabau.sk\/wp-content\/uploads\/2025\/10\/kogabau-KOGA-GRP-WALL1.png\" class=\"attachment-full size-full wp-image-5192\" alt=\"\" srcset=\"https:\/\/www.kogabau.sk\/wp-content\/uploads\/2025\/10\/kogabau-KOGA-GRP-WALL1.png 1433w, https:\/\/www.kogabau.sk\/wp-content\/uploads\/2025\/10\/kogabau-KOGA-GRP-WALL1-300x100.png 300w, https:\/\/www.kogabau.sk\/wp-content\/uploads\/2025\/10\/kogabau-KOGA-GRP-WALL1-1024x342.png 1024w, https:\/\/www.kogabau.sk\/wp-content\/uploads\/2025\/10\/kogabau-KOGA-GRP-WALL1-768x256.png 768w\" sizes=\"(max-width: 1433px) 100vw, 1433px\" \/>\t\t\t\t\t\t\t\t\t\t\t\t\t\t\t<\/div>\n\t\t\t\t<\/div>\n\t\t\t\t\t<\/div>\n\t\t<\/div>\n\t\t\t\t\t<\/div>\n\t\t<\/section>\n\t\t\t\t<section class=\"elementor-section elementor-top-section elementor-element elementor-element-f32dd25 elementor-section-boxed elementor-section-height-default elementor-section-height-default\" data-id=\"f32dd25\" data-element_type=\"section\" data-settings=\"{&quot;background_background&quot;:&quot;classic&quot;}\">\n\t\t\t\t\t\t<div class=\"elementor-container elementor-column-gap-default\">\n\t\t\t\t\t<div class=\"elementor-column elementor-col-100 elementor-top-column elementor-element elementor-element-ddc9ec7\" data-id=\"ddc9ec7\" data-element_type=\"column\">\n\t\t\t<div class=\"elementor-widget-wrap elementor-element-populated\">\n\t\t\t\t\t\t<div class=\"elementor-element elementor-element-ba32012 elementor-widget elementor-widget-heading\" data-id=\"ba32012\" data-element_type=\"widget\" data-widget_type=\"heading.default\">\n\t\t\t\t<div class=\"elementor-widget-container\">\n\t\t\t\t\t<h2 class=\"elementor-heading-title elementor-size-default\">Teilstruktur<\/h2>\t\t\t\t<\/div>\n\t\t\t\t<\/div>\n\t\t\t\t<div class=\"elementor-element elementor-element-fe23eb3 elementor-widget elementor-widget-text-editor\" data-id=\"fe23eb3\" data-element_type=\"widget\" data-widget_type=\"text-editor.default\">\n\t\t\t\t<div class=\"elementor-widget-container\">\n\t\t\t\t\t\t\t\t\t<p>F\u00fcr die Montage und Installation wurde ein innovatives Unterkonstruktionssystem aus korrosionsbest\u00e4ndigem Stahl entwickelt. Die Festigkeit des Gesamtsystems wurde unter Ber\u00fccksichtigung der statischen und dynamischen Eigenschaften im Inneren des Tunnels berechnet. Die Unterkonstruktion erm\u00f6glicht die Korrektur der Befestigungspunkte sowie den Ausgleich von Oberfl\u00e4chenunebenheiten und lokalen Vertiefungen unter der Verkleidung. Das Verankerungssystem ist so ausgelegt, dass die Montageelemente auf der sichtbaren Oberfl\u00e4che der vorgefertigten Verkleidungselemente nicht erkennbar sind, was die \u00e4sthetische Gesamtwirkung deutlich verbessert.   <\/p><p>Dank dieser Materialkonstruktion kann das KOGA GRP WALL in Tunneln und U-Bahnen eingesetzt werden, bei denen Leckagen in Richtung des Geb\u00e4udeinneren nicht sichtbar sind und die Lebensdauer des gesamten Systems nicht gef\u00e4hrden.<\/p>\t\t\t\t\t\t\t\t<\/div>\n\t\t\t\t<\/div>\n\t\t\t\t<div class=\"elementor-element elementor-element-b2dba3e elementor-widget elementor-widget-image\" data-id=\"b2dba3e\" data-element_type=\"widget\" data-widget_type=\"image.default\">\n\t\t\t\t<div class=\"elementor-widget-container\">\n\t\t\t\t\t\t\t\t\t\t\t\t\t\t\t<img decoding=\"async\" width=\"1432\" height=\"495\" src=\"https:\/\/www.kogabau.sk\/wp-content\/uploads\/2025\/10\/kogabau-KOGA-GRP-WALL2.png\" class=\"attachment-full size-full wp-image-5193\" alt=\"\" srcset=\"https:\/\/www.kogabau.sk\/wp-content\/uploads\/2025\/10\/kogabau-KOGA-GRP-WALL2.png 1432w, https:\/\/www.kogabau.sk\/wp-content\/uploads\/2025\/10\/kogabau-KOGA-GRP-WALL2-300x104.png 300w, https:\/\/www.kogabau.sk\/wp-content\/uploads\/2025\/10\/kogabau-KOGA-GRP-WALL2-1024x354.png 1024w, https:\/\/www.kogabau.sk\/wp-content\/uploads\/2025\/10\/kogabau-KOGA-GRP-WALL2-768x265.png 768w\" sizes=\"(max-width: 1432px) 100vw, 1432px\" \/>\t\t\t\t\t\t\t\t\t\t\t\t\t\t\t<\/div>\n\t\t\t\t<\/div>\n\t\t\t\t\t<\/div>\n\t\t<\/div>\n\t\t\t\t\t<\/div>\n\t\t<\/section>\n\t\t\t\t<section class=\"elementor-section elementor-top-section elementor-element elementor-element-566e56a elementor-section-boxed elementor-section-height-default elementor-section-height-default\" data-id=\"566e56a\" data-element_type=\"section\" data-settings=\"{&quot;background_background&quot;:&quot;classic&quot;}\">\n\t\t\t\t\t\t<div class=\"elementor-container elementor-column-gap-default\">\n\t\t\t\t\t<div class=\"elementor-column elementor-col-100 elementor-top-column elementor-element elementor-element-0d65092\" data-id=\"0d65092\" data-element_type=\"column\">\n\t\t\t<div class=\"elementor-widget-wrap elementor-element-populated\">\n\t\t\t\t\t\t<div class=\"elementor-element elementor-element-0c9ad2a elementor-widget elementor-widget-heading\" data-id=\"0c9ad2a\" data-element_type=\"widget\" data-widget_type=\"heading.default\">\n\t\t\t\t<div class=\"elementor-widget-container\">\n\t\t\t\t\t<h2 class=\"elementor-heading-title elementor-size-default\">Vorteile<\/h2>\t\t\t\t<\/div>\n\t\t\t\t<\/div>\n\t\t\t\t<section class=\"elementor-section elementor-inner-section elementor-element elementor-element-41d49e8 elementor-section-boxed elementor-section-height-default elementor-section-height-default\" data-id=\"41d49e8\" data-element_type=\"section\">\n\t\t\t\t\t\t<div class=\"elementor-container elementor-column-gap-default\">\n\t\t\t\t\t<div class=\"elementor-column elementor-col-50 elementor-inner-column elementor-element elementor-element-4221ba1\" data-id=\"4221ba1\" data-element_type=\"column\">\n\t\t\t<div class=\"elementor-widget-wrap elementor-element-populated\">\n\t\t\t\t\t\t<div class=\"elementor-element elementor-element-35cd1a6 elementor-widget elementor-widget-text-editor\" data-id=\"35cd1a6\" data-element_type=\"widget\" data-widget_type=\"text-editor.default\">\n\t\t\t\t<div class=\"elementor-widget-container\">\n\t\t\t\t\t\t\t\t\t<ul><li>hoher \u00e4sthetischer Wert des fertigen Werkes<\/li><li>unsichtbare Gelenke<\/li><li>wartungsfreies System<\/li><li>M\u00f6glichkeit der Korrektur der Unterstruktur, wodurch die Unebenheit der \u00fcberlappenden Oberfl\u00e4che beseitigt wird.<\/li><li>Frostbest\u00e4ndigkeit dank der nicht absorbierenden Oberfl\u00e4che der einzelnen Paneele<\/li><li>Farbstabilit\u00e4t dank erh\u00f6hter UV-Best\u00e4ndigkeit<\/li><\/ul>\t\t\t\t\t\t\t\t<\/div>\n\t\t\t\t<\/div>\n\t\t\t\t\t<\/div>\n\t\t<\/div>\n\t\t\t\t<div class=\"elementor-column elementor-col-50 elementor-inner-column elementor-element elementor-element-e8cc753\" data-id=\"e8cc753\" data-element_type=\"column\">\n\t\t\t<div class=\"elementor-widget-wrap elementor-element-populated\">\n\t\t\t\t\t\t<div class=\"elementor-element elementor-element-bd74e4c elementor-widget elementor-widget-text-editor\" data-id=\"bd74e4c\" data-element_type=\"widget\" data-widget_type=\"text-editor.default\">\n\t\t\t\t<div class=\"elementor-widget-container\">\n\t\t\t\t\t\t\t\t\t<ul><li>Die M\u00f6glichkeit, Farben und Formen zu kombinieren, garantiert einen einzigartigen Endeffekt.<\/li><li>einfache Handhabung vor Ort, da ein Paneel etwa 5 kg wiegt.<\/li><li>schnelle Montage vor Ort<\/li><li>hohe Lieferkapazit\u00e4t<\/li><li>lange Lebensdauer des Unterbaus auch bei lokalem Eindringen von Grundwasser dank der Verwendung von korrosionsbest\u00e4ndigem Stahl der Klasse A2 (DIN 1.43) oder A4 (DIN 1.44).<\/li><\/ul>\t\t\t\t\t\t\t\t<\/div>\n\t\t\t\t<\/div>\n\t\t\t\t\t<\/div>\n\t\t<\/div>\n\t\t\t\t\t<\/div>\n\t\t<\/section>\n\t\t\t\t<div class=\"elementor-element elementor-element-e5eaef6 elementor-mobile-align-center elementor-widget elementor-widget-button\" data-id=\"e5eaef6\" data-element_type=\"widget\" data-widget_type=\"button.default\">\n\t\t\t\t<div class=\"elementor-widget-container\">\n\t\t\t\t\t\t\t\t\t<div class=\"elementor-button-wrapper\">\n\t\t\t\t\t<a class=\"elementor-button elementor-button-link elementor-size-sm elementor-animation-grow\" href=\"https:\/\/www.kogabau.sk\/de\/unsere-referenzen\/\">\n\t\t\t\t\t\t<span class=\"elementor-button-content-wrapper\">\n\t\t\t\t\t\t\t\t\t<span class=\"elementor-button-text\">LITERATURVERZEICHNIS<\/span>\n\t\t\t\t\t<\/span>\n\t\t\t\t\t<\/a>\n\t\t\t\t<\/div>\n\t\t\t\t\t\t\t\t<\/div>\n\t\t\t\t<\/div>\n\t\t\t\t\t<\/div>\n\t\t<\/div>\n\t\t\t\t\t<\/div>\n\t\t<\/section>\n\t\t\t\t<\/div>\n\t\t","protected":false},"excerpt":{"rendered":"<p>KOGA HDPE WALL KOGA GRP WALL ist ein Wand- und Oberfl\u00e4chenverkleidungssystem, das entwickelt wurde, um den sichtbaren Teil von U-Bahnen und Tunneln \u00e4sthetisch aufzuwerten. Merkmale Das System umfasst Fassadenelemente aus GFK (glasfaserverst\u00e4rktem Kunststoff), die in Kombination mit einer Edelstahl-Grundkonstruktion entwickelt wurden. Durch die M\u00f6glichkeit, Formen und Farben an einer Fassade zu kombinieren, l\u00e4sst sich ein [&hellip;]<\/p>\n","protected":false},"author":15,"featured_media":0,"parent":0,"menu_order":0,"comment_status":"closed","ping_status":"closed","template":"","meta":{"footnotes":""},"class_list":["post-5194","page","type-page","status-publish","hentry"],"yoast_head":"<!-- This site is optimized with the Yoast SEO plugin v26.2 - https:\/\/yoast.com\/wordpress\/plugins\/seo\/ -->\n<title>KOGA GFK-WALL \u2013 \u00e4sthetisches und langlebiges Verkleidungssystem f\u00fcr Tunnel und U-Bahnen | KOGA Bau<\/title>\n<meta name=\"description\" content=\"KOGA GRP WALL ist ein GFK-Wand- und Oberfl\u00e4chenverkleidungssystem mit einer Unterkonstruktion aus Edelstahl. Es ist frostbest\u00e4ndig, farbstabil, mit unsichtbaren Fugen, einfach zu montieren und nachbesserbar.\" \/>\n<meta name=\"robots\" content=\"index, follow, max-snippet:-1, max-image-preview:large, max-video-preview:-1\" \/>\n<link rel=\"canonical\" href=\"https:\/\/www.kogabau.sk\/de\/koga-grp-wall\/\" \/>\n<meta property=\"og:locale\" content=\"de_DE\" \/>\n<meta property=\"og:type\" content=\"article\" \/>\n<meta property=\"og:title\" content=\"KOGA GFK-WALL \u2013 \u00e4sthetisches und langlebiges Verkleidungssystem f\u00fcr Tunnel und U-Bahnen | KOGA Bau\" \/>\n<meta property=\"og:description\" content=\"KOGA GRP WALL ist ein GFK-Wand- und Oberfl\u00e4chenverkleidungssystem mit einer Unterkonstruktion aus Edelstahl. Es ist frostbest\u00e4ndig, farbstabil, mit unsichtbaren Fugen, einfach zu montieren und nachbesserbar.\" \/>\n<meta property=\"og:url\" content=\"https:\/\/www.kogabau.sk\/de\/koga-grp-wall\/\" \/>\n<meta property=\"og:site_name\" content=\"KOGABAU\" \/>\n<meta property=\"article:modified_time\" content=\"2025-11-10T09:24:10+00:00\" \/>\n<meta property=\"og:image\" content=\"https:\/\/www.kogabau.sk\/wp-content\/uploads\/2025\/10\/kogabau-KOGA-GRP-WALL1.png\" \/>\n\t<meta property=\"og:image:width\" content=\"1433\" \/>\n\t<meta property=\"og:image:height\" content=\"478\" \/>\n\t<meta property=\"og:image:type\" content=\"image\/png\" \/>\n<meta name=\"twitter:card\" content=\"summary_large_image\" \/>\n<meta name=\"twitter:label1\" content=\"Gesch\u00e4tzte Lesezeit\" \/>\n\t<meta name=\"twitter:data1\" content=\"3\u00a0Minuten\" \/>\n<script type=\"application\/ld+json\" class=\"yoast-schema-graph\">{\"@context\":\"https:\/\/schema.org\",\"@graph\":[{\"@type\":\"WebPage\",\"@id\":\"https:\/\/www.kogabau.sk\/de\/koga-grp-wall\/\",\"url\":\"https:\/\/www.kogabau.sk\/de\/koga-grp-wall\/\",\"name\":\"KOGA GFK-WALL \u2013 \u00e4sthetisches und langlebiges Verkleidungssystem f\u00fcr Tunnel und U-Bahnen | KOGA Bau\",\"isPartOf\":{\"@id\":\"https:\/\/www.kogabau.sk\/de\/#website\"},\"primaryImageOfPage\":{\"@id\":\"https:\/\/www.kogabau.sk\/de\/koga-grp-wall\/#primaryimage\"},\"image\":{\"@id\":\"https:\/\/www.kogabau.sk\/de\/koga-grp-wall\/#primaryimage\"},\"thumbnailUrl\":\"https:\/\/www.kogabau.sk\/wp-content\/uploads\/2025\/10\/kogabau-KOGA-GRP-WALL1.png\",\"datePublished\":\"2025-10-12T14:42:25+00:00\",\"dateModified\":\"2025-11-10T09:24:10+00:00\",\"description\":\"KOGA GRP WALL ist ein GFK-Wand- und Oberfl\u00e4chenverkleidungssystem mit einer Unterkonstruktion aus Edelstahl. Es ist frostbest\u00e4ndig, farbstabil, mit unsichtbaren Fugen, einfach zu montieren und nachbesserbar.\",\"breadcrumb\":{\"@id\":\"https:\/\/www.kogabau.sk\/de\/koga-grp-wall\/#breadcrumb\"},\"inLanguage\":\"de\",\"potentialAction\":[{\"@type\":\"ReadAction\",\"target\":[\"https:\/\/www.kogabau.sk\/de\/koga-grp-wall\/\"]}]},{\"@type\":\"ImageObject\",\"inLanguage\":\"de\",\"@id\":\"https:\/\/www.kogabau.sk\/de\/koga-grp-wall\/#primaryimage\",\"url\":\"https:\/\/www.kogabau.sk\/wp-content\/uploads\/2025\/10\/kogabau-KOGA-GRP-WALL1.png\",\"contentUrl\":\"https:\/\/www.kogabau.sk\/wp-content\/uploads\/2025\/10\/kogabau-KOGA-GRP-WALL1.png\"},{\"@type\":\"BreadcrumbList\",\"@id\":\"https:\/\/www.kogabau.sk\/de\/koga-grp-wall\/#breadcrumb\",\"itemListElement\":[{\"@type\":\"ListItem\",\"position\":1,\"name\":\"Home\",\"item\":\"https:\/\/www.kogabau.sk\/de\/\"},{\"@type\":\"ListItem\",\"position\":2,\"name\":\"KOGA GRP WALL\"}]},{\"@type\":\"WebSite\",\"@id\":\"https:\/\/www.kogabau.sk\/de\/#website\",\"url\":\"https:\/\/www.kogabau.sk\/de\/\",\"name\":\"KOGABAU\",\"description\":\"\",\"publisher\":{\"@id\":\"https:\/\/www.kogabau.sk\/de\/#organization\"},\"potentialAction\":[{\"@type\":\"SearchAction\",\"target\":{\"@type\":\"EntryPoint\",\"urlTemplate\":\"https:\/\/www.kogabau.sk\/de\/?s={search_term_string}\"},\"query-input\":{\"@type\":\"PropertyValueSpecification\",\"valueRequired\":true,\"valueName\":\"search_term_string\"}}],\"inLanguage\":\"de\"},{\"@type\":\"Organization\",\"@id\":\"https:\/\/www.kogabau.sk\/de\/#organization\",\"name\":\"KOGABAU\",\"url\":\"https:\/\/www.kogabau.sk\/de\/\",\"logo\":{\"@type\":\"ImageObject\",\"inLanguage\":\"de\",\"@id\":\"https:\/\/www.kogabau.sk\/de\/#\/schema\/logo\/image\/\",\"url\":\"https:\/\/www.kogabau.sk\/wp-content\/uploads\/2021\/02\/KOGA-BAU-logo-cierne.png\",\"contentUrl\":\"https:\/\/www.kogabau.sk\/wp-content\/uploads\/2021\/02\/KOGA-BAU-logo-cierne.png\",\"width\":516,\"height\":66,\"caption\":\"KOGABAU\"},\"image\":{\"@id\":\"https:\/\/www.kogabau.sk\/de\/#\/schema\/logo\/image\/\"}}]}<\/script>\n<!-- \/ Yoast SEO plugin. -->","yoast_head_json":{"title":"KOGA GFK-WALL \u2013 \u00e4sthetisches und langlebiges Verkleidungssystem f\u00fcr Tunnel und U-Bahnen | KOGA Bau","description":"KOGA GRP WALL ist ein GFK-Wand- und Oberfl\u00e4chenverkleidungssystem mit einer Unterkonstruktion aus Edelstahl. Es ist frostbest\u00e4ndig, farbstabil, mit unsichtbaren Fugen, einfach zu montieren und nachbesserbar.","robots":{"index":"index","follow":"follow","max-snippet":"max-snippet:-1","max-image-preview":"max-image-preview:large","max-video-preview":"max-video-preview:-1"},"canonical":"https:\/\/www.kogabau.sk\/de\/koga-grp-wall\/","og_locale":"de_DE","og_type":"article","og_title":"KOGA GFK-WALL \u2013 \u00e4sthetisches und langlebiges Verkleidungssystem f\u00fcr Tunnel und U-Bahnen | KOGA Bau","og_description":"KOGA GRP WALL ist ein GFK-Wand- und Oberfl\u00e4chenverkleidungssystem mit einer Unterkonstruktion aus Edelstahl. Es ist frostbest\u00e4ndig, farbstabil, mit unsichtbaren Fugen, einfach zu montieren und nachbesserbar.","og_url":"https:\/\/www.kogabau.sk\/de\/koga-grp-wall\/","og_site_name":"KOGABAU","article_modified_time":"2025-11-10T09:24:10+00:00","og_image":[{"width":1433,"height":478,"url":"https:\/\/www.kogabau.sk\/wp-content\/uploads\/2025\/10\/kogabau-KOGA-GRP-WALL1.png","type":"image\/png"}],"twitter_card":"summary_large_image","twitter_misc":{"Gesch\u00e4tzte Lesezeit":"3\u00a0Minuten"},"schema":{"@context":"https:\/\/schema.org","@graph":[{"@type":"WebPage","@id":"https:\/\/www.kogabau.sk\/de\/koga-grp-wall\/","url":"https:\/\/www.kogabau.sk\/de\/koga-grp-wall\/","name":"KOGA GFK-WALL \u2013 \u00e4sthetisches und langlebiges Verkleidungssystem f\u00fcr Tunnel und U-Bahnen | KOGA Bau","isPartOf":{"@id":"https:\/\/www.kogabau.sk\/de\/#website"},"primaryImageOfPage":{"@id":"https:\/\/www.kogabau.sk\/de\/koga-grp-wall\/#primaryimage"},"image":{"@id":"https:\/\/www.kogabau.sk\/de\/koga-grp-wall\/#primaryimage"},"thumbnailUrl":"https:\/\/www.kogabau.sk\/wp-content\/uploads\/2025\/10\/kogabau-KOGA-GRP-WALL1.png","datePublished":"2025-10-12T14:42:25+00:00","dateModified":"2025-11-10T09:24:10+00:00","description":"KOGA GRP WALL ist ein GFK-Wand- und Oberfl\u00e4chenverkleidungssystem mit einer Unterkonstruktion aus Edelstahl. Es ist frostbest\u00e4ndig, farbstabil, mit unsichtbaren Fugen, einfach zu montieren und nachbesserbar.","breadcrumb":{"@id":"https:\/\/www.kogabau.sk\/de\/koga-grp-wall\/#breadcrumb"},"inLanguage":"de","potentialAction":[{"@type":"ReadAction","target":["https:\/\/www.kogabau.sk\/de\/koga-grp-wall\/"]}]},{"@type":"ImageObject","inLanguage":"de","@id":"https:\/\/www.kogabau.sk\/de\/koga-grp-wall\/#primaryimage","url":"https:\/\/www.kogabau.sk\/wp-content\/uploads\/2025\/10\/kogabau-KOGA-GRP-WALL1.png","contentUrl":"https:\/\/www.kogabau.sk\/wp-content\/uploads\/2025\/10\/kogabau-KOGA-GRP-WALL1.png"},{"@type":"BreadcrumbList","@id":"https:\/\/www.kogabau.sk\/de\/koga-grp-wall\/#breadcrumb","itemListElement":[{"@type":"ListItem","position":1,"name":"Home","item":"https:\/\/www.kogabau.sk\/de\/"},{"@type":"ListItem","position":2,"name":"KOGA GRP WALL"}]},{"@type":"WebSite","@id":"https:\/\/www.kogabau.sk\/de\/#website","url":"https:\/\/www.kogabau.sk\/de\/","name":"KOGABAU","description":"","publisher":{"@id":"https:\/\/www.kogabau.sk\/de\/#organization"},"potentialAction":[{"@type":"SearchAction","target":{"@type":"EntryPoint","urlTemplate":"https:\/\/www.kogabau.sk\/de\/?s={search_term_string}"},"query-input":{"@type":"PropertyValueSpecification","valueRequired":true,"valueName":"search_term_string"}}],"inLanguage":"de"},{"@type":"Organization","@id":"https:\/\/www.kogabau.sk\/de\/#organization","name":"KOGABAU","url":"https:\/\/www.kogabau.sk\/de\/","logo":{"@type":"ImageObject","inLanguage":"de","@id":"https:\/\/www.kogabau.sk\/de\/#\/schema\/logo\/image\/","url":"https:\/\/www.kogabau.sk\/wp-content\/uploads\/2021\/02\/KOGA-BAU-logo-cierne.png","contentUrl":"https:\/\/www.kogabau.sk\/wp-content\/uploads\/2021\/02\/KOGA-BAU-logo-cierne.png","width":516,"height":66,"caption":"KOGABAU"},"image":{"@id":"https:\/\/www.kogabau.sk\/de\/#\/schema\/logo\/image\/"}}]}},"_links":{"self":[{"href":"https:\/\/www.kogabau.sk\/de\/wp-json\/wp\/v2\/pages\/5194","targetHints":{"allow":["GET"]}}],"collection":[{"href":"https:\/\/www.kogabau.sk\/de\/wp-json\/wp\/v2\/pages"}],"about":[{"href":"https:\/\/www.kogabau.sk\/de\/wp-json\/wp\/v2\/types\/page"}],"author":[{"embeddable":true,"href":"https:\/\/www.kogabau.sk\/de\/wp-json\/wp\/v2\/users\/15"}],"replies":[{"embeddable":true,"href":"https:\/\/www.kogabau.sk\/de\/wp-json\/wp\/v2\/comments?post=5194"}],"version-history":[{"count":4,"href":"https:\/\/www.kogabau.sk\/de\/wp-json\/wp\/v2\/pages\/5194\/revisions"}],"predecessor-version":[{"id":6037,"href":"https:\/\/www.kogabau.sk\/de\/wp-json\/wp\/v2\/pages\/5194\/revisions\/6037"}],"wp:attachment":[{"href":"https:\/\/www.kogabau.sk\/de\/wp-json\/wp\/v2\/media?parent=5194"}],"curies":[{"name":"wp","href":"https:\/\/api.w.org\/{rel}","templated":true}]}}