{"id":5208,"date":"2025-10-12T17:14:53","date_gmt":"2025-10-12T15:14:53","guid":{"rendered":"https:\/\/www.kogabau.sk\/koga-toh\/"},"modified":"2025-11-12T10:27:42","modified_gmt":"2025-11-12T09:27:42","slug":"koga-toh","status":"publish","type":"page","link":"https:\/\/www.kogabau.sk\/de\/koga-toh\/","title":{"rendered":"KOGA TOH"},"content":{"rendered":"\t\t<div data-elementor-type=\"wp-page\" data-elementor-id=\"5208\" class=\"elementor elementor-5208 elementor-1220\" data-elementor-post-type=\"page\">\n\t\t\t\t\t\t<section class=\"elementor-section elementor-top-section elementor-element elementor-element-9ae7452 elementor-section-boxed elementor-section-height-default elementor-section-height-default\" data-id=\"9ae7452\" data-element_type=\"section\" data-settings=\"{&quot;background_background&quot;:&quot;classic&quot;}\">\n\t\t\t\t\t\t<div class=\"elementor-container elementor-column-gap-default\">\n\t\t\t\t\t<div class=\"elementor-column elementor-col-100 elementor-top-column elementor-element elementor-element-f797e12\" data-id=\"f797e12\" data-element_type=\"column\">\n\t\t\t<div class=\"elementor-widget-wrap elementor-element-populated\">\n\t\t\t\t\t\t<div class=\"elementor-element elementor-element-9a2f37e elementor-widget elementor-widget-spacer\" data-id=\"9a2f37e\" data-element_type=\"widget\" data-widget_type=\"spacer.default\">\n\t\t\t\t<div class=\"elementor-widget-container\">\n\t\t\t\t\t\t\t<div class=\"elementor-spacer\">\n\t\t\t<div class=\"elementor-spacer-inner\"><\/div>\n\t\t<\/div>\n\t\t\t\t\t\t<\/div>\n\t\t\t\t<\/div>\n\t\t\t\t<div class=\"elementor-element elementor-element-004728d elementor-widget elementor-widget-heading\" data-id=\"004728d\" data-element_type=\"widget\" data-widget_type=\"heading.default\">\n\t\t\t\t<div class=\"elementor-widget-container\">\n\t\t\t\t\t<h1 class=\"elementor-heading-title elementor-size-default\">KOGA TOH<\/h1>\t\t\t\t<\/div>\n\t\t\t\t<\/div>\n\t\t\t\t\t<\/div>\n\t\t<\/div>\n\t\t\t\t\t<\/div>\n\t\t<\/section>\n\t\t\t\t<section class=\"elementor-section elementor-top-section elementor-element elementor-element-49ba05b elementor-section-boxed elementor-section-height-default elementor-section-height-default\" data-id=\"49ba05b\" data-element_type=\"section\" data-settings=\"{&quot;background_background&quot;:&quot;classic&quot;}\">\n\t\t\t\t\t\t<div class=\"elementor-container elementor-column-gap-default\">\n\t\t\t\t\t<div class=\"elementor-column elementor-col-100 elementor-top-column elementor-element elementor-element-6fd1e3e\" data-id=\"6fd1e3e\" data-element_type=\"column\">\n\t\t\t<div class=\"elementor-widget-wrap elementor-element-populated\">\n\t\t\t\t\t\t<div class=\"elementor-element elementor-element-ed72659 elementor-widget elementor-widget-text-editor\" data-id=\"ed72659\" data-element_type=\"widget\" data-widget_type=\"text-editor.default\">\n\t\t\t\t<div class=\"elementor-widget-container\">\n\t\t\t\t\t\t\t\t\t<p>Das KOGA TOH-Drainageformst\u00fcck ist ein wesentlicher Bestandteil der Br\u00fcckenentw\u00e4sserung. Seine Aufgabe ist es, Wasser, das durch die Fahrbahnschicht auf der Abdichtungsebene sickert, abzuleiten. <\/p><p>Alle KOGA TOH-Versionen erf\u00fcllen die Anforderungen der geltenden Normen und technischen Vorschriften. <br>Wir fertigen und liefern TOH-Rohre f\u00fcr Baustellen in Sonderausf\u00fchrungen hinsichtlich Form und L\u00e4nge. Unser Portfolio umfasst TOH-Rohre aus glasfaserverst\u00e4rktem Polyamid, Verbundwerkstoffen und Edelstahl der Klassen A2 und A4.  <\/p><p>Alle von uns angebotenen KOGA TOH-L\u00f6sungen verf\u00fcgen \u00fcber ein separates Produktzertifikat, das ihre Eignung f\u00fcr den Einsatz an Br\u00fcckenkonstruktionen bescheinigt. Dieser Ansatz garantiert dem Auftragnehmer eine problemlose Abnahme der Arbeiten und dem Investor den einwandfreien Betrieb des Bauteils w\u00e4hrend der Nutzung der Br\u00fccke.  <br>Als Teil unseres Systems bieten wir die M\u00f6glichkeit, KOGA TOH-Abl\u00e4ufe mit dem Sammler \u00fcber Verbindungsst\u00fccke aus flexiblen Schl\u00e4uchen zu verbinden. <\/p><p>Vorteile der Verwendung von KOGA TOH:<\/p>\t\t\t\t\t\t\t\t<\/div>\n\t\t\t\t<\/div>\n\t\t\t\t<div class=\"elementor-element elementor-element-af5e893 elementor-widget elementor-widget-text-editor\" data-id=\"af5e893\" data-element_type=\"widget\" data-widget_type=\"text-editor.default\">\n\t\t\t\t<div class=\"elementor-widget-container\">\n\t\t\t\t\t\t\t\t\t<ul><li> Spezielles Produkt zur Verwendung auf Br\u00fccken.<\/li><li>Qualit\u00e4t durch Produktzertifikat best\u00e4tigt \u2013 problemlose Zulassung<\/li><li>professionelle Beratung zum KOGA TOH-Vorschlag<\/li><li>M\u00f6glichkeit der Herstellung eines atypischen St\u00fccks entsprechend den Bed\u00fcrfnissen des Br\u00fcckenobjekts<\/li><li>KOGA TOH als Teil des gesamten Entw\u00e4sserungssystems \u2013 problemlose Nutzung<\/li><\/ul>\t\t\t\t\t\t\t\t<\/div>\n\t\t\t\t<\/div>\n\t\t\t\t\t<\/div>\n\t\t<\/div>\n\t\t\t\t\t<\/div>\n\t\t<\/section>\n\t\t\t\t<section class=\"elementor-section elementor-top-section elementor-element elementor-element-44858ea elementor-section-boxed elementor-section-height-default elementor-section-height-default\" data-id=\"44858ea\" data-element_type=\"section\" data-settings=\"{&quot;background_background&quot;:&quot;classic&quot;}\">\n\t\t\t\t\t\t<div class=\"elementor-container elementor-column-gap-default\">\n\t\t\t\t\t<div class=\"elementor-column elementor-col-50 elementor-top-column elementor-element elementor-element-6f2353d\" data-id=\"6f2353d\" data-element_type=\"column\">\n\t\t\t<div class=\"elementor-widget-wrap elementor-element-populated\">\n\t\t\t\t\t\t<div class=\"elementor-element elementor-element-1a85c04 elementor-widget elementor-widget-image\" data-id=\"1a85c04\" data-element_type=\"widget\" data-widget_type=\"image.default\">\n\t\t\t\t<div class=\"elementor-widget-container\">\n\t\t\t\t\t\t\t\t\t\t\t\t\t\t\t<img fetchpriority=\"high\" decoding=\"async\" width=\"665\" height=\"819\" src=\"https:\/\/www.kogabau.sk\/wp-content\/uploads\/2025\/10\/kogabau-koga-toh1.png\" class=\"attachment-full size-full wp-image-5206\" alt=\"\" srcset=\"https:\/\/www.kogabau.sk\/wp-content\/uploads\/2025\/10\/kogabau-koga-toh1.png 665w, https:\/\/www.kogabau.sk\/wp-content\/uploads\/2025\/10\/kogabau-koga-toh1-244x300.png 244w\" sizes=\"(max-width: 665px) 100vw, 665px\" \/>\t\t\t\t\t\t\t\t\t\t\t\t\t\t\t<\/div>\n\t\t\t\t<\/div>\n\t\t\t\t\t<\/div>\n\t\t<\/div>\n\t\t\t\t<div class=\"elementor-column elementor-col-50 elementor-top-column elementor-element elementor-element-3865ee8\" data-id=\"3865ee8\" data-element_type=\"column\">\n\t\t\t<div class=\"elementor-widget-wrap elementor-element-populated\">\n\t\t\t\t\t\t<div class=\"elementor-element elementor-element-c1ca85c elementor-widget elementor-widget-image\" data-id=\"c1ca85c\" data-element_type=\"widget\" data-widget_type=\"image.default\">\n\t\t\t\t<div class=\"elementor-widget-container\">\n\t\t\t\t\t\t\t\t\t\t\t\t\t\t\t<img decoding=\"async\" width=\"557\" height=\"820\" src=\"https:\/\/www.kogabau.sk\/wp-content\/uploads\/2025\/10\/kogabau-koga-toh2.png\" class=\"attachment-full size-full wp-image-5207\" alt=\"\" srcset=\"https:\/\/www.kogabau.sk\/wp-content\/uploads\/2025\/10\/kogabau-koga-toh2.png 557w, https:\/\/www.kogabau.sk\/wp-content\/uploads\/2025\/10\/kogabau-koga-toh2-204x300.png 204w\" sizes=\"(max-width: 557px) 100vw, 557px\" \/>\t\t\t\t\t\t\t\t\t\t\t\t\t\t\t<\/div>\n\t\t\t\t<\/div>\n\t\t\t\t\t<\/div>\n\t\t<\/div>\n\t\t\t\t\t<\/div>\n\t\t<\/section>\n\t\t\t\t<\/div>\n\t\t","protected":false},"excerpt":{"rendered":"<p>KOGA TOH Das KOGA TOH-Drainageformst\u00fcck ist ein wesentlicher Bestandteil der Br\u00fcckenentw\u00e4sserung. Seine Aufgabe ist es, Wasser, das durch die Fahrbahnschicht auf der Abdichtungsebene sickert, abzuleiten. Alle KOGA TOH-Versionen erf\u00fcllen die Anforderungen der geltenden Normen und technischen Vorschriften. Wir fertigen und liefern TOH-Rohre f\u00fcr Baustellen in Sonderausf\u00fchrungen hinsichtlich Form und L\u00e4nge. Unser Portfolio umfasst TOH-Rohre aus [&hellip;]<\/p>\n","protected":false},"author":15,"featured_media":0,"parent":0,"menu_order":0,"comment_status":"closed","ping_status":"closed","template":"","meta":{"footnotes":""},"class_list":["post-5208","page","type-page","status-publish","hentry"],"yoast_head":"<!-- This site is optimized with the Yoast SEO plugin v26.2 - https:\/\/yoast.com\/wordpress\/plugins\/seo\/ -->\n<title>KOGA TOH \u2013 Entw\u00e4sserungsformst\u00fccke f\u00fcr die Br\u00fcckenabdichtung | KOGA Bau<\/title>\n<meta name=\"description\" content=\"KOGA TOH sind zertifizierte Formst\u00fccke f\u00fcr die Entw\u00e4sserung von Br\u00fcckenabdichtungen und in Polyamid, Verbundwerkstoffen und Edelstahl erh\u00e4ltlich. Die M\u00f6glichkeit von Sonderanfertigungen und der Anschluss an einen Verteiler gew\u00e4hrleisten einen zuverl\u00e4ssigen Betrieb des Systems.\" \/>\n<meta name=\"robots\" content=\"index, follow, max-snippet:-1, max-image-preview:large, max-video-preview:-1\" \/>\n<link rel=\"canonical\" href=\"https:\/\/www.kogabau.sk\/de\/koga-toh\/\" \/>\n<meta property=\"og:locale\" content=\"de_DE\" \/>\n<meta property=\"og:type\" content=\"article\" \/>\n<meta property=\"og:title\" content=\"KOGA TOH \u2013 Entw\u00e4sserungsformst\u00fccke f\u00fcr die Br\u00fcckenabdichtung | KOGA Bau\" \/>\n<meta property=\"og:description\" content=\"KOGA TOH sind zertifizierte Formst\u00fccke f\u00fcr die Entw\u00e4sserung von Br\u00fcckenabdichtungen und in Polyamid, Verbundwerkstoffen und Edelstahl erh\u00e4ltlich. Die M\u00f6glichkeit von Sonderanfertigungen und der Anschluss an einen Verteiler gew\u00e4hrleisten einen zuverl\u00e4ssigen Betrieb des Systems.\" \/>\n<meta property=\"og:url\" content=\"https:\/\/www.kogabau.sk\/de\/koga-toh\/\" \/>\n<meta property=\"og:site_name\" content=\"KOGABAU\" \/>\n<meta property=\"article:modified_time\" content=\"2025-11-12T09:27:42+00:00\" \/>\n<meta property=\"og:image\" content=\"https:\/\/www.kogabau.sk\/wp-content\/uploads\/2025\/10\/kogabau-koga-toh1.png\" \/>\n\t<meta property=\"og:image:width\" content=\"665\" \/>\n\t<meta property=\"og:image:height\" content=\"819\" \/>\n\t<meta property=\"og:image:type\" content=\"image\/png\" \/>\n<meta name=\"twitter:card\" content=\"summary_large_image\" \/>\n<meta name=\"twitter:label1\" content=\"Gesch\u00e4tzte Lesezeit\" \/>\n\t<meta name=\"twitter:data1\" content=\"1\u00a0Minute\" \/>\n<script type=\"application\/ld+json\" class=\"yoast-schema-graph\">{\"@context\":\"https:\/\/schema.org\",\"@graph\":[{\"@type\":\"WebPage\",\"@id\":\"https:\/\/www.kogabau.sk\/de\/koga-toh\/\",\"url\":\"https:\/\/www.kogabau.sk\/de\/koga-toh\/\",\"name\":\"KOGA TOH \u2013 Entw\u00e4sserungsformst\u00fccke f\u00fcr die Br\u00fcckenabdichtung | KOGA Bau\",\"isPartOf\":{\"@id\":\"https:\/\/www.kogabau.sk\/de\/#website\"},\"primaryImageOfPage\":{\"@id\":\"https:\/\/www.kogabau.sk\/de\/koga-toh\/#primaryimage\"},\"image\":{\"@id\":\"https:\/\/www.kogabau.sk\/de\/koga-toh\/#primaryimage\"},\"thumbnailUrl\":\"https:\/\/www.kogabau.sk\/wp-content\/uploads\/2025\/10\/kogabau-koga-toh1.png\",\"datePublished\":\"2025-10-12T15:14:53+00:00\",\"dateModified\":\"2025-11-12T09:27:42+00:00\",\"description\":\"KOGA TOH sind zertifizierte Formst\u00fccke f\u00fcr die Entw\u00e4sserung von Br\u00fcckenabdichtungen und in Polyamid, Verbundwerkstoffen und Edelstahl erh\u00e4ltlich. Die M\u00f6glichkeit von Sonderanfertigungen und der Anschluss an einen Verteiler gew\u00e4hrleisten einen zuverl\u00e4ssigen Betrieb des Systems.\",\"breadcrumb\":{\"@id\":\"https:\/\/www.kogabau.sk\/de\/koga-toh\/#breadcrumb\"},\"inLanguage\":\"de\",\"potentialAction\":[{\"@type\":\"ReadAction\",\"target\":[\"https:\/\/www.kogabau.sk\/de\/koga-toh\/\"]}]},{\"@type\":\"ImageObject\",\"inLanguage\":\"de\",\"@id\":\"https:\/\/www.kogabau.sk\/de\/koga-toh\/#primaryimage\",\"url\":\"https:\/\/www.kogabau.sk\/wp-content\/uploads\/2025\/10\/kogabau-koga-toh1.png\",\"contentUrl\":\"https:\/\/www.kogabau.sk\/wp-content\/uploads\/2025\/10\/kogabau-koga-toh1.png\"},{\"@type\":\"BreadcrumbList\",\"@id\":\"https:\/\/www.kogabau.sk\/de\/koga-toh\/#breadcrumb\",\"itemListElement\":[{\"@type\":\"ListItem\",\"position\":1,\"name\":\"Home\",\"item\":\"https:\/\/www.kogabau.sk\/de\/\"},{\"@type\":\"ListItem\",\"position\":2,\"name\":\"KOGA TOH\"}]},{\"@type\":\"WebSite\",\"@id\":\"https:\/\/www.kogabau.sk\/de\/#website\",\"url\":\"https:\/\/www.kogabau.sk\/de\/\",\"name\":\"KOGABAU\",\"description\":\"\",\"publisher\":{\"@id\":\"https:\/\/www.kogabau.sk\/de\/#organization\"},\"potentialAction\":[{\"@type\":\"SearchAction\",\"target\":{\"@type\":\"EntryPoint\",\"urlTemplate\":\"https:\/\/www.kogabau.sk\/de\/?s={search_term_string}\"},\"query-input\":{\"@type\":\"PropertyValueSpecification\",\"valueRequired\":true,\"valueName\":\"search_term_string\"}}],\"inLanguage\":\"de\"},{\"@type\":\"Organization\",\"@id\":\"https:\/\/www.kogabau.sk\/de\/#organization\",\"name\":\"KOGABAU\",\"url\":\"https:\/\/www.kogabau.sk\/de\/\",\"logo\":{\"@type\":\"ImageObject\",\"inLanguage\":\"de\",\"@id\":\"https:\/\/www.kogabau.sk\/de\/#\/schema\/logo\/image\/\",\"url\":\"https:\/\/www.kogabau.sk\/wp-content\/uploads\/2021\/02\/KOGA-BAU-logo-cierne.png\",\"contentUrl\":\"https:\/\/www.kogabau.sk\/wp-content\/uploads\/2021\/02\/KOGA-BAU-logo-cierne.png\",\"width\":516,\"height\":66,\"caption\":\"KOGABAU\"},\"image\":{\"@id\":\"https:\/\/www.kogabau.sk\/de\/#\/schema\/logo\/image\/\"}}]}<\/script>\n<!-- \/ Yoast SEO plugin. -->","yoast_head_json":{"title":"KOGA TOH \u2013 Entw\u00e4sserungsformst\u00fccke f\u00fcr die Br\u00fcckenabdichtung | KOGA Bau","description":"KOGA TOH sind zertifizierte Formst\u00fccke f\u00fcr die Entw\u00e4sserung von Br\u00fcckenabdichtungen und in Polyamid, Verbundwerkstoffen und Edelstahl erh\u00e4ltlich. Die M\u00f6glichkeit von Sonderanfertigungen und der Anschluss an einen Verteiler gew\u00e4hrleisten einen zuverl\u00e4ssigen Betrieb des Systems.","robots":{"index":"index","follow":"follow","max-snippet":"max-snippet:-1","max-image-preview":"max-image-preview:large","max-video-preview":"max-video-preview:-1"},"canonical":"https:\/\/www.kogabau.sk\/de\/koga-toh\/","og_locale":"de_DE","og_type":"article","og_title":"KOGA TOH \u2013 Entw\u00e4sserungsformst\u00fccke f\u00fcr die Br\u00fcckenabdichtung | KOGA Bau","og_description":"KOGA TOH sind zertifizierte Formst\u00fccke f\u00fcr die Entw\u00e4sserung von Br\u00fcckenabdichtungen und in Polyamid, Verbundwerkstoffen und Edelstahl erh\u00e4ltlich. Die M\u00f6glichkeit von Sonderanfertigungen und der Anschluss an einen Verteiler gew\u00e4hrleisten einen zuverl\u00e4ssigen Betrieb des Systems.","og_url":"https:\/\/www.kogabau.sk\/de\/koga-toh\/","og_site_name":"KOGABAU","article_modified_time":"2025-11-12T09:27:42+00:00","og_image":[{"width":665,"height":819,"url":"https:\/\/www.kogabau.sk\/wp-content\/uploads\/2025\/10\/kogabau-koga-toh1.png","type":"image\/png"}],"twitter_card":"summary_large_image","twitter_misc":{"Gesch\u00e4tzte Lesezeit":"1\u00a0Minute"},"schema":{"@context":"https:\/\/schema.org","@graph":[{"@type":"WebPage","@id":"https:\/\/www.kogabau.sk\/de\/koga-toh\/","url":"https:\/\/www.kogabau.sk\/de\/koga-toh\/","name":"KOGA TOH \u2013 Entw\u00e4sserungsformst\u00fccke f\u00fcr die Br\u00fcckenabdichtung | KOGA Bau","isPartOf":{"@id":"https:\/\/www.kogabau.sk\/de\/#website"},"primaryImageOfPage":{"@id":"https:\/\/www.kogabau.sk\/de\/koga-toh\/#primaryimage"},"image":{"@id":"https:\/\/www.kogabau.sk\/de\/koga-toh\/#primaryimage"},"thumbnailUrl":"https:\/\/www.kogabau.sk\/wp-content\/uploads\/2025\/10\/kogabau-koga-toh1.png","datePublished":"2025-10-12T15:14:53+00:00","dateModified":"2025-11-12T09:27:42+00:00","description":"KOGA TOH sind zertifizierte Formst\u00fccke f\u00fcr die Entw\u00e4sserung von Br\u00fcckenabdichtungen und in Polyamid, Verbundwerkstoffen und Edelstahl erh\u00e4ltlich. Die M\u00f6glichkeit von Sonderanfertigungen und der Anschluss an einen Verteiler gew\u00e4hrleisten einen zuverl\u00e4ssigen Betrieb des Systems.","breadcrumb":{"@id":"https:\/\/www.kogabau.sk\/de\/koga-toh\/#breadcrumb"},"inLanguage":"de","potentialAction":[{"@type":"ReadAction","target":["https:\/\/www.kogabau.sk\/de\/koga-toh\/"]}]},{"@type":"ImageObject","inLanguage":"de","@id":"https:\/\/www.kogabau.sk\/de\/koga-toh\/#primaryimage","url":"https:\/\/www.kogabau.sk\/wp-content\/uploads\/2025\/10\/kogabau-koga-toh1.png","contentUrl":"https:\/\/www.kogabau.sk\/wp-content\/uploads\/2025\/10\/kogabau-koga-toh1.png"},{"@type":"BreadcrumbList","@id":"https:\/\/www.kogabau.sk\/de\/koga-toh\/#breadcrumb","itemListElement":[{"@type":"ListItem","position":1,"name":"Home","item":"https:\/\/www.kogabau.sk\/de\/"},{"@type":"ListItem","position":2,"name":"KOGA TOH"}]},{"@type":"WebSite","@id":"https:\/\/www.kogabau.sk\/de\/#website","url":"https:\/\/www.kogabau.sk\/de\/","name":"KOGABAU","description":"","publisher":{"@id":"https:\/\/www.kogabau.sk\/de\/#organization"},"potentialAction":[{"@type":"SearchAction","target":{"@type":"EntryPoint","urlTemplate":"https:\/\/www.kogabau.sk\/de\/?s={search_term_string}"},"query-input":{"@type":"PropertyValueSpecification","valueRequired":true,"valueName":"search_term_string"}}],"inLanguage":"de"},{"@type":"Organization","@id":"https:\/\/www.kogabau.sk\/de\/#organization","name":"KOGABAU","url":"https:\/\/www.kogabau.sk\/de\/","logo":{"@type":"ImageObject","inLanguage":"de","@id":"https:\/\/www.kogabau.sk\/de\/#\/schema\/logo\/image\/","url":"https:\/\/www.kogabau.sk\/wp-content\/uploads\/2021\/02\/KOGA-BAU-logo-cierne.png","contentUrl":"https:\/\/www.kogabau.sk\/wp-content\/uploads\/2021\/02\/KOGA-BAU-logo-cierne.png","width":516,"height":66,"caption":"KOGABAU"},"image":{"@id":"https:\/\/www.kogabau.sk\/de\/#\/schema\/logo\/image\/"}}]}},"_links":{"self":[{"href":"https:\/\/www.kogabau.sk\/de\/wp-json\/wp\/v2\/pages\/5208","targetHints":{"allow":["GET"]}}],"collection":[{"href":"https:\/\/www.kogabau.sk\/de\/wp-json\/wp\/v2\/pages"}],"about":[{"href":"https:\/\/www.kogabau.sk\/de\/wp-json\/wp\/v2\/types\/page"}],"author":[{"embeddable":true,"href":"https:\/\/www.kogabau.sk\/de\/wp-json\/wp\/v2\/users\/15"}],"replies":[{"embeddable":true,"href":"https:\/\/www.kogabau.sk\/de\/wp-json\/wp\/v2\/comments?post=5208"}],"version-history":[{"count":3,"href":"https:\/\/www.kogabau.sk\/de\/wp-json\/wp\/v2\/pages\/5208\/revisions"}],"predecessor-version":[{"id":6908,"href":"https:\/\/www.kogabau.sk\/de\/wp-json\/wp\/v2\/pages\/5208\/revisions\/6908"}],"wp:attachment":[{"href":"https:\/\/www.kogabau.sk\/de\/wp-json\/wp\/v2\/media?parent=5208"}],"curies":[{"name":"wp","href":"https:\/\/api.w.org\/{rel}","templated":true}]}}