{"id":5221,"date":"2025-10-14T12:58:48","date_gmt":"2025-10-14T10:58:48","guid":{"rendered":"https:\/\/www.kogabau.sk\/kreuzung-prievoz\/"},"modified":"2025-11-13T18:21:42","modified_gmt":"2025-11-13T17:21:42","slug":"kreuzung-prievoz","status":"publish","type":"page","link":"https:\/\/www.kogabau.sk\/de\/kreuzung-prievoz\/","title":{"rendered":"Kreuzung Prievoz"},"content":{"rendered":"\t\t<div data-elementor-type=\"wp-page\" data-elementor-id=\"5221\" class=\"elementor elementor-5221 elementor-2021\" data-elementor-post-type=\"page\">\n\t\t\t\t\t\t<section class=\"elementor-section elementor-top-section elementor-element elementor-element-8148f91 elementor-section-boxed elementor-section-height-default elementor-section-height-default\" data-id=\"8148f91\" data-element_type=\"section\" data-settings=\"{&quot;background_background&quot;:&quot;classic&quot;}\">\n\t\t\t\t\t\t<div class=\"elementor-container elementor-column-gap-default\">\n\t\t\t\t\t<div class=\"elementor-column elementor-col-100 elementor-top-column elementor-element elementor-element-5a3b9b3\" data-id=\"5a3b9b3\" data-element_type=\"column\">\n\t\t\t<div class=\"elementor-widget-wrap elementor-element-populated\">\n\t\t\t\t\t\t<div class=\"elementor-element elementor-element-fd30b84 elementor-widget elementor-widget-spacer\" data-id=\"fd30b84\" data-element_type=\"widget\" data-widget_type=\"spacer.default\">\n\t\t\t\t<div class=\"elementor-widget-container\">\n\t\t\t\t\t\t\t<div class=\"elementor-spacer\">\n\t\t\t<div class=\"elementor-spacer-inner\"><\/div>\n\t\t<\/div>\n\t\t\t\t\t\t<\/div>\n\t\t\t\t<\/div>\n\t\t\t\t<div class=\"elementor-element elementor-element-b019a02 elementor-widget elementor-widget-heading\" data-id=\"b019a02\" data-element_type=\"widget\" data-widget_type=\"heading.default\">\n\t\t\t\t<div class=\"elementor-widget-container\">\n\t\t\t\t\t<h1 class=\"elementor-heading-title elementor-size-default\">Kreuzung Prievoz<\/h1>\t\t\t\t<\/div>\n\t\t\t\t<\/div>\n\t\t\t\t\t<\/div>\n\t\t<\/div>\n\t\t\t\t\t<\/div>\n\t\t<\/section>\n\t\t\t\t<section class=\"elementor-section elementor-top-section elementor-element elementor-element-29395f9 elementor-section-boxed elementor-section-height-default elementor-section-height-default\" data-id=\"29395f9\" data-element_type=\"section\" data-settings=\"{&quot;background_background&quot;:&quot;classic&quot;}\">\n\t\t\t\t\t\t<div class=\"elementor-container elementor-column-gap-default\">\n\t\t\t\t\t<div class=\"elementor-column elementor-col-50 elementor-top-column elementor-element elementor-element-4c29deb\" data-id=\"4c29deb\" data-element_type=\"column\">\n\t\t\t<div class=\"elementor-widget-wrap elementor-element-populated\">\n\t\t\t\t\t\t<div class=\"elementor-element elementor-element-b7dbd86 elementor-widget elementor-widget-heading\" data-id=\"b7dbd86\" data-element_type=\"widget\" data-widget_type=\"heading.default\">\n\t\t\t\t<div class=\"elementor-widget-container\">\n\t\t\t\t\t<h2 class=\"elementor-heading-title elementor-size-default\">Standort:<\/h2>\t\t\t\t<\/div>\n\t\t\t\t<\/div>\n\t\t\t\t<div class=\"elementor-element elementor-element-0626055 elementor-widget elementor-widget-text-editor\" data-id=\"0626055\" data-element_type=\"widget\" data-widget_type=\"text-editor.default\">\n\t\t\t\t<div class=\"elementor-widget-container\">\n\t\t\t\t\t\t\t\t\t<p>Land: Slowakei<\/p><p>Projektname: Planung und Bau der Autobahnabschnitte D4 Jarovce \u2013 Ra\u010da und der Abschnitte R7 Bratislava Prievoz \u2013 Holice<\/p><p>Objekt: Kreuzung Prievoz<\/p><p>GPS-Koordinaten: 48,14189\u00b0 N, 17,15210\u00b0 O<\/p>\t\t\t\t\t\t\t\t<\/div>\n\t\t\t\t<\/div>\n\t\t\t\t<div class=\"elementor-element elementor-element-01b8870 elementor-widget elementor-widget-heading\" data-id=\"01b8870\" data-element_type=\"widget\" data-widget_type=\"heading.default\">\n\t\t\t\t<div class=\"elementor-widget-container\">\n\t\t\t\t\t<h2 class=\"elementor-heading-title elementor-size-default\">Beteiligte Parteien:<\/h2>\t\t\t\t<\/div>\n\t\t\t\t<\/div>\n\t\t\t\t<div class=\"elementor-element elementor-element-711a439 elementor-widget elementor-widget-text-editor\" data-id=\"711a439\" data-element_type=\"widget\" data-widget_type=\"text-editor.default\">\n\t\t\t\t<div class=\"elementor-widget-container\">\n\t\t\t\t\t\t\t\t\t<p>Investor: Ministerium f\u00fcr Verkehr und Bauwesen der SR<\/p><p>Designb\u00fcro: DOPRAVOPROJEKT, a. s. <\/p><p>Auftragnehmer: D4R7 Construction s.r.o.<\/p>\t\t\t\t\t\t\t\t<\/div>\n\t\t\t\t<\/div>\n\t\t\t\t<div class=\"elementor-element elementor-element-8469b97 elementor-widget elementor-widget-heading\" data-id=\"8469b97\" data-element_type=\"widget\" data-widget_type=\"heading.default\">\n\t\t\t\t<div class=\"elementor-widget-container\">\n\t\t\t\t\t<h2 class=\"elementor-heading-title elementor-size-default\">Objektbeschreibung:<\/h2>\t\t\t\t<\/div>\n\t\t\t\t<\/div>\n\t\t\t\t<div class=\"elementor-element elementor-element-a67bc67 elementor-widget elementor-widget-text-editor\" data-id=\"a67bc67\" data-element_type=\"widget\" data-widget_type=\"text-editor.default\">\n\t\t\t\t<div class=\"elementor-widget-container\">\n\t\t\t\t\t\t\t\t\t<p>Bahn\u00fcbergang an der Autobahn D1 mit der Schnellstra\u00dfe R7 im Abschnitt Bratislava und angrenzenden Stra\u00dfen<\/p><p>Anzahl der fertiggestellten Objekte: 8 St\u00fcck.<\/p><p>Br\u00fcckenbau: monolithische und balkenf\u00f6rmige Betonkonstruktionen<\/p>\t\t\t\t\t\t\t\t<\/div>\n\t\t\t\t<\/div>\n\t\t\t\t<div class=\"elementor-element elementor-element-2839a4c elementor-widget elementor-widget-heading\" data-id=\"2839a4c\" data-element_type=\"widget\" data-widget_type=\"heading.default\">\n\t\t\t\t<div class=\"elementor-widget-container\">\n\t\t\t\t\t<h2 class=\"elementor-heading-title elementor-size-default\">Beschreibung der Entw\u00e4sserung:<\/h2>\t\t\t\t<\/div>\n\t\t\t\t<\/div>\n\t\t\t\t<div class=\"elementor-element elementor-element-02cdff5 elementor-widget elementor-widget-text-editor\" data-id=\"02cdff5\" data-element_type=\"widget\" data-widget_type=\"text-editor.default\">\n\t\t\t\t<div class=\"elementor-widget-container\">\n\t\t\t\t\t\t\t\t\t<p>Verwendetes System: KOGA HDPE Grey<\/p><p>Verwenden Sie Premieren: DN50 \u2013 DN250,<\/p><p> Anschluss an Abfl\u00fcsse: 178 St\u00fcck<\/p><p>Anschluss an Armaturen: 203 St\u00fcck<\/p><p>Anschluss an Armaturen: 203 St\u00fcck<\/p><p>Gesamtinstallationsl\u00e4nge: 1.513 m.<\/p>\t\t\t\t\t\t\t\t<\/div>\n\t\t\t\t<\/div>\n\t\t\t\t\t<\/div>\n\t\t<\/div>\n\t\t\t\t<div class=\"elementor-column elementor-col-50 elementor-top-column elementor-element elementor-element-25c50e4\" data-id=\"25c50e4\" data-element_type=\"column\">\n\t\t\t<div class=\"elementor-widget-wrap elementor-element-populated\">\n\t\t\t\t\t\t<div class=\"elementor-element elementor-element-1927bee elementor-widget elementor-widget-google_maps\" data-id=\"1927bee\" data-element_type=\"widget\" data-widget_type=\"google_maps.default\">\n\t\t\t\t<div class=\"elementor-widget-container\">\n\t\t\t\t\t\t\t<div class=\"elementor-custom-embed\">\n\t\t\t<iframe loading=\"lazy\"\n\t\t\t\t\tsrc=\"https:\/\/maps.google.com\/maps?q=48.14189N%2C%2017.15210E&#038;t=m&#038;z=15&#038;output=embed&#038;iwloc=near\"\n\t\t\t\t\ttitle=\"48.14189N, 17.15210E\"\n\t\t\t\t\taria-label=\"48.14189N, 17.15210E\"\n\t\t\t><\/iframe>\n\t\t<\/div>\n\t\t\t\t\t\t<\/div>\n\t\t\t\t<\/div>\n\t\t\t\t<section class=\"elementor-section elementor-inner-section elementor-element elementor-element-2119a62 elementor-section-boxed elementor-section-height-default elementor-section-height-default\" data-id=\"2119a62\" data-element_type=\"section\">\n\t\t\t\t\t\t<div class=\"elementor-container elementor-column-gap-default\">\n\t\t\t\t\t<div class=\"elementor-column elementor-col-33 elementor-inner-column elementor-element elementor-element-761ddbb\" data-id=\"761ddbb\" data-element_type=\"column\" data-settings=\"{&quot;background_background&quot;:&quot;classic&quot;}\">\n\t\t\t<div class=\"elementor-widget-wrap elementor-element-populated\">\n\t\t\t\t\t\t<div class=\"elementor-element elementor-element-db17e67 elementor-widget elementor-widget-video\" data-id=\"db17e67\" data-element_type=\"widget\" data-settings=\"{&quot;video_type&quot;:&quot;hosted&quot;,&quot;controls&quot;:&quot;yes&quot;}\" data-widget_type=\"video.default\">\n\t\t\t\t<div class=\"elementor-widget-container\">\n\t\t\t\t\t\t\t<div class=\"e-hosted-video elementor-wrapper elementor-open-inline\">\n\t\t\t\t\t<video class=\"elementor-video\" src=\"https:\/\/www.kogabau.sk\/wp-content\/uploads\/2025\/10\/KOGA-BAU-Krizovatka-prievoz-dlhsia-verzia-4K.mp4\" controls=\"\" preload=\"metadata\" controlsList=\"nodownload\" poster=\"https:\/\/www.kogabau.sk\/wp-content\/uploads\/2025\/10\/Krizovatka-Prievoz-cover-foto.png\"><\/video>\n\t\t\t\t<\/div>\n\t\t\t\t\t\t<\/div>\n\t\t\t\t<\/div>\n\t\t\t\t\t<\/div>\n\t\t<\/div>\n\t\t\t\t<div class=\"elementor-column elementor-col-33 elementor-inner-column elementor-element elementor-element-c4e37b6\" data-id=\"c4e37b6\" data-element_type=\"column\" data-settings=\"{&quot;background_background&quot;:&quot;classic&quot;}\">\n\t\t\t<div class=\"elementor-widget-wrap elementor-element-populated\">\n\t\t\t\t\t\t<div class=\"elementor-element elementor-element-314f141 elementor-widget elementor-widget-image\" data-id=\"314f141\" data-element_type=\"widget\" data-widget_type=\"image.default\">\n\t\t\t\t<div class=\"elementor-widget-container\">\n\t\t\t\t\t\t\t\t\t\t\t\t\t\t\t<img fetchpriority=\"high\" decoding=\"async\" width=\"269\" height=\"246\" src=\"https:\/\/www.kogabau.sk\/wp-content\/uploads\/2025\/11\/IMG_8627.png\" class=\"attachment-full size-full wp-image-5219\" alt=\"\" \/>\t\t\t\t\t\t\t\t\t\t\t\t\t\t\t<\/div>\n\t\t\t\t<\/div>\n\t\t\t\t\t<\/div>\n\t\t<\/div>\n\t\t\t\t<div class=\"elementor-column elementor-col-33 elementor-inner-column elementor-element elementor-element-cf532d4\" data-id=\"cf532d4\" data-element_type=\"column\" data-settings=\"{&quot;background_background&quot;:&quot;classic&quot;}\">\n\t\t\t<div class=\"elementor-widget-wrap elementor-element-populated\">\n\t\t\t\t\t\t<div class=\"elementor-element elementor-element-3884935 elementor-widget elementor-widget-image\" data-id=\"3884935\" data-element_type=\"widget\" data-widget_type=\"image.default\">\n\t\t\t\t<div class=\"elementor-widget-container\">\n\t\t\t\t\t\t\t\t\t\t\t\t\t\t\t<img decoding=\"async\" width=\"270\" height=\"247\" src=\"https:\/\/www.kogabau.sk\/wp-content\/uploads\/2025\/11\/IMG_8626.png\" class=\"attachment-full size-full wp-image-5220\" alt=\"\" \/>\t\t\t\t\t\t\t\t\t\t\t\t\t\t\t<\/div>\n\t\t\t\t<\/div>\n\t\t\t\t\t<\/div>\n\t\t<\/div>\n\t\t\t\t\t<\/div>\n\t\t<\/section>\n\t\t\t\t\t<\/div>\n\t\t<\/div>\n\t\t\t\t\t<\/div>\n\t\t<\/section>\n\t\t\t\t<\/div>\n\t\t","protected":false},"excerpt":{"rendered":"<p>Kreuzung Prievoz Standort: Land: Slowakei Projektname: Planung und Bau der Autobahnabschnitte D4 Jarovce \u2013 Ra\u010da und der Abschnitte R7 Bratislava Prievoz \u2013 Holice Objekt: Kreuzung Prievoz GPS-Koordinaten: 48,14189\u00b0 N, 17,15210\u00b0 O Beteiligte Parteien: Investor: Ministerium f\u00fcr Verkehr und Bauwesen der SR Designb\u00fcro: DOPRAVOPROJEKT, a. s. Auftragnehmer: D4R7 Construction s.r.o. Objektbeschreibung: Bahn\u00fcbergang an der Autobahn D1 [&hellip;]<\/p>\n","protected":false},"author":15,"featured_media":0,"parent":0,"menu_order":0,"comment_status":"closed","ping_status":"closed","template":"","meta":{"footnotes":""},"class_list":["post-5221","page","type-page","status-publish","hentry"],"yoast_head":"<!-- This site is optimized with the Yoast SEO plugin v26.2 - https:\/\/yoast.com\/wordpress\/plugins\/seo\/ -->\n<title>Kreuzung Prievoz \u2013 Autobahnbr\u00fccke und Entw\u00e4sserung KOGA HDPE | KOGA Bau<\/title>\n<meta name=\"description\" content=\"Kreuzung Prievoz an der D4\/R7 in Bratislava: Realisierung von 8 Br\u00fcckenbauwerken mit KOGA HDPE-Entw\u00e4sserungssystem, DN50\u2013DN250, 178 Entw\u00e4sserungsrinnen, 203 Formst\u00fccke und 1.513 m Installationsmaterial.\" \/>\n<meta name=\"robots\" content=\"index, follow, max-snippet:-1, max-image-preview:large, max-video-preview:-1\" \/>\n<link rel=\"canonical\" href=\"https:\/\/www.kogabau.sk\/de\/kreuzung-prievoz\/\" \/>\n<meta property=\"og:locale\" content=\"de_DE\" \/>\n<meta property=\"og:type\" content=\"article\" \/>\n<meta property=\"og:title\" content=\"Kreuzung Prievoz \u2013 Autobahnbr\u00fccke und Entw\u00e4sserung KOGA HDPE | KOGA Bau\" \/>\n<meta property=\"og:description\" content=\"Kreuzung Prievoz an der D4\/R7 in Bratislava: Realisierung von 8 Br\u00fcckenbauwerken mit KOGA HDPE-Entw\u00e4sserungssystem, DN50\u2013DN250, 178 Entw\u00e4sserungsrinnen, 203 Formst\u00fccke und 1.513 m Installationsmaterial.\" \/>\n<meta property=\"og:url\" content=\"https:\/\/www.kogabau.sk\/de\/kreuzung-prievoz\/\" \/>\n<meta property=\"og:site_name\" content=\"KOGABAU\" \/>\n<meta property=\"article:modified_time\" content=\"2025-11-13T17:21:42+00:00\" \/>\n<meta property=\"og:image\" content=\"https:\/\/www.kogabau.sk\/wp-content\/uploads\/2025\/11\/IMG_8627.png\" \/>\n\t<meta property=\"og:image:width\" content=\"269\" \/>\n\t<meta property=\"og:image:height\" content=\"246\" \/>\n\t<meta property=\"og:image:type\" content=\"image\/png\" \/>\n<meta name=\"twitter:card\" content=\"summary_large_image\" \/>\n<meta name=\"twitter:label1\" content=\"Gesch\u00e4tzte Lesezeit\" \/>\n\t<meta name=\"twitter:data1\" content=\"1\u00a0Minute\" \/>\n<script type=\"application\/ld+json\" class=\"yoast-schema-graph\">{\"@context\":\"https:\/\/schema.org\",\"@graph\":[{\"@type\":\"WebPage\",\"@id\":\"https:\/\/www.kogabau.sk\/de\/kreuzung-prievoz\/\",\"url\":\"https:\/\/www.kogabau.sk\/de\/kreuzung-prievoz\/\",\"name\":\"Kreuzung Prievoz \u2013 Autobahnbr\u00fccke und Entw\u00e4sserung KOGA HDPE | KOGA Bau\",\"isPartOf\":{\"@id\":\"https:\/\/www.kogabau.sk\/de\/#website\"},\"primaryImageOfPage\":{\"@id\":\"https:\/\/www.kogabau.sk\/de\/kreuzung-prievoz\/#primaryimage\"},\"image\":{\"@id\":\"https:\/\/www.kogabau.sk\/de\/kreuzung-prievoz\/#primaryimage\"},\"thumbnailUrl\":\"https:\/\/www.kogabau.sk\/wp-content\/uploads\/2025\/11\/IMG_8627.png\",\"datePublished\":\"2025-10-14T10:58:48+00:00\",\"dateModified\":\"2025-11-13T17:21:42+00:00\",\"description\":\"Kreuzung Prievoz an der D4\/R7 in Bratislava: Realisierung von 8 Br\u00fcckenbauwerken mit KOGA HDPE-Entw\u00e4sserungssystem, DN50\u2013DN250, 178 Entw\u00e4sserungsrinnen, 203 Formst\u00fccke und 1.513 m Installationsmaterial.\",\"breadcrumb\":{\"@id\":\"https:\/\/www.kogabau.sk\/de\/kreuzung-prievoz\/#breadcrumb\"},\"inLanguage\":\"de\",\"potentialAction\":[{\"@type\":\"ReadAction\",\"target\":[\"https:\/\/www.kogabau.sk\/de\/kreuzung-prievoz\/\"]}]},{\"@type\":\"ImageObject\",\"inLanguage\":\"de\",\"@id\":\"https:\/\/www.kogabau.sk\/de\/kreuzung-prievoz\/#primaryimage\",\"url\":\"https:\/\/www.kogabau.sk\/wp-content\/uploads\/2025\/11\/IMG_8627.png\",\"contentUrl\":\"https:\/\/www.kogabau.sk\/wp-content\/uploads\/2025\/11\/IMG_8627.png\"},{\"@type\":\"BreadcrumbList\",\"@id\":\"https:\/\/www.kogabau.sk\/de\/kreuzung-prievoz\/#breadcrumb\",\"itemListElement\":[{\"@type\":\"ListItem\",\"position\":1,\"name\":\"Home\",\"item\":\"https:\/\/www.kogabau.sk\/de\/\"},{\"@type\":\"ListItem\",\"position\":2,\"name\":\"Kreuzung Prievoz\"}]},{\"@type\":\"WebSite\",\"@id\":\"https:\/\/www.kogabau.sk\/de\/#website\",\"url\":\"https:\/\/www.kogabau.sk\/de\/\",\"name\":\"KOGABAU\",\"description\":\"\",\"publisher\":{\"@id\":\"https:\/\/www.kogabau.sk\/de\/#organization\"},\"potentialAction\":[{\"@type\":\"SearchAction\",\"target\":{\"@type\":\"EntryPoint\",\"urlTemplate\":\"https:\/\/www.kogabau.sk\/de\/?s={search_term_string}\"},\"query-input\":{\"@type\":\"PropertyValueSpecification\",\"valueRequired\":true,\"valueName\":\"search_term_string\"}}],\"inLanguage\":\"de\"},{\"@type\":\"Organization\",\"@id\":\"https:\/\/www.kogabau.sk\/de\/#organization\",\"name\":\"KOGABAU\",\"url\":\"https:\/\/www.kogabau.sk\/de\/\",\"logo\":{\"@type\":\"ImageObject\",\"inLanguage\":\"de\",\"@id\":\"https:\/\/www.kogabau.sk\/de\/#\/schema\/logo\/image\/\",\"url\":\"https:\/\/www.kogabau.sk\/wp-content\/uploads\/2021\/02\/KOGA-BAU-logo-cierne.png\",\"contentUrl\":\"https:\/\/www.kogabau.sk\/wp-content\/uploads\/2021\/02\/KOGA-BAU-logo-cierne.png\",\"width\":516,\"height\":66,\"caption\":\"KOGABAU\"},\"image\":{\"@id\":\"https:\/\/www.kogabau.sk\/de\/#\/schema\/logo\/image\/\"}}]}<\/script>\n<!-- \/ Yoast SEO plugin. -->","yoast_head_json":{"title":"Kreuzung Prievoz \u2013 Autobahnbr\u00fccke und Entw\u00e4sserung KOGA HDPE | KOGA Bau","description":"Kreuzung Prievoz an der D4\/R7 in Bratislava: Realisierung von 8 Br\u00fcckenbauwerken mit KOGA HDPE-Entw\u00e4sserungssystem, DN50\u2013DN250, 178 Entw\u00e4sserungsrinnen, 203 Formst\u00fccke und 1.513 m Installationsmaterial.","robots":{"index":"index","follow":"follow","max-snippet":"max-snippet:-1","max-image-preview":"max-image-preview:large","max-video-preview":"max-video-preview:-1"},"canonical":"https:\/\/www.kogabau.sk\/de\/kreuzung-prievoz\/","og_locale":"de_DE","og_type":"article","og_title":"Kreuzung Prievoz \u2013 Autobahnbr\u00fccke und Entw\u00e4sserung KOGA HDPE | KOGA Bau","og_description":"Kreuzung Prievoz an der D4\/R7 in Bratislava: Realisierung von 8 Br\u00fcckenbauwerken mit KOGA HDPE-Entw\u00e4sserungssystem, DN50\u2013DN250, 178 Entw\u00e4sserungsrinnen, 203 Formst\u00fccke und 1.513 m Installationsmaterial.","og_url":"https:\/\/www.kogabau.sk\/de\/kreuzung-prievoz\/","og_site_name":"KOGABAU","article_modified_time":"2025-11-13T17:21:42+00:00","og_image":[{"width":269,"height":246,"url":"https:\/\/www.kogabau.sk\/wp-content\/uploads\/2025\/11\/IMG_8627.png","type":"image\/png"}],"twitter_card":"summary_large_image","twitter_misc":{"Gesch\u00e4tzte Lesezeit":"1\u00a0Minute"},"schema":{"@context":"https:\/\/schema.org","@graph":[{"@type":"WebPage","@id":"https:\/\/www.kogabau.sk\/de\/kreuzung-prievoz\/","url":"https:\/\/www.kogabau.sk\/de\/kreuzung-prievoz\/","name":"Kreuzung Prievoz \u2013 Autobahnbr\u00fccke und Entw\u00e4sserung KOGA HDPE | KOGA Bau","isPartOf":{"@id":"https:\/\/www.kogabau.sk\/de\/#website"},"primaryImageOfPage":{"@id":"https:\/\/www.kogabau.sk\/de\/kreuzung-prievoz\/#primaryimage"},"image":{"@id":"https:\/\/www.kogabau.sk\/de\/kreuzung-prievoz\/#primaryimage"},"thumbnailUrl":"https:\/\/www.kogabau.sk\/wp-content\/uploads\/2025\/11\/IMG_8627.png","datePublished":"2025-10-14T10:58:48+00:00","dateModified":"2025-11-13T17:21:42+00:00","description":"Kreuzung Prievoz an der D4\/R7 in Bratislava: Realisierung von 8 Br\u00fcckenbauwerken mit KOGA HDPE-Entw\u00e4sserungssystem, DN50\u2013DN250, 178 Entw\u00e4sserungsrinnen, 203 Formst\u00fccke und 1.513 m Installationsmaterial.","breadcrumb":{"@id":"https:\/\/www.kogabau.sk\/de\/kreuzung-prievoz\/#breadcrumb"},"inLanguage":"de","potentialAction":[{"@type":"ReadAction","target":["https:\/\/www.kogabau.sk\/de\/kreuzung-prievoz\/"]}]},{"@type":"ImageObject","inLanguage":"de","@id":"https:\/\/www.kogabau.sk\/de\/kreuzung-prievoz\/#primaryimage","url":"https:\/\/www.kogabau.sk\/wp-content\/uploads\/2025\/11\/IMG_8627.png","contentUrl":"https:\/\/www.kogabau.sk\/wp-content\/uploads\/2025\/11\/IMG_8627.png"},{"@type":"BreadcrumbList","@id":"https:\/\/www.kogabau.sk\/de\/kreuzung-prievoz\/#breadcrumb","itemListElement":[{"@type":"ListItem","position":1,"name":"Home","item":"https:\/\/www.kogabau.sk\/de\/"},{"@type":"ListItem","position":2,"name":"Kreuzung Prievoz"}]},{"@type":"WebSite","@id":"https:\/\/www.kogabau.sk\/de\/#website","url":"https:\/\/www.kogabau.sk\/de\/","name":"KOGABAU","description":"","publisher":{"@id":"https:\/\/www.kogabau.sk\/de\/#organization"},"potentialAction":[{"@type":"SearchAction","target":{"@type":"EntryPoint","urlTemplate":"https:\/\/www.kogabau.sk\/de\/?s={search_term_string}"},"query-input":{"@type":"PropertyValueSpecification","valueRequired":true,"valueName":"search_term_string"}}],"inLanguage":"de"},{"@type":"Organization","@id":"https:\/\/www.kogabau.sk\/de\/#organization","name":"KOGABAU","url":"https:\/\/www.kogabau.sk\/de\/","logo":{"@type":"ImageObject","inLanguage":"de","@id":"https:\/\/www.kogabau.sk\/de\/#\/schema\/logo\/image\/","url":"https:\/\/www.kogabau.sk\/wp-content\/uploads\/2021\/02\/KOGA-BAU-logo-cierne.png","contentUrl":"https:\/\/www.kogabau.sk\/wp-content\/uploads\/2021\/02\/KOGA-BAU-logo-cierne.png","width":516,"height":66,"caption":"KOGABAU"},"image":{"@id":"https:\/\/www.kogabau.sk\/de\/#\/schema\/logo\/image\/"}}]}},"_links":{"self":[{"href":"https:\/\/www.kogabau.sk\/de\/wp-json\/wp\/v2\/pages\/5221","targetHints":{"allow":["GET"]}}],"collection":[{"href":"https:\/\/www.kogabau.sk\/de\/wp-json\/wp\/v2\/pages"}],"about":[{"href":"https:\/\/www.kogabau.sk\/de\/wp-json\/wp\/v2\/types\/page"}],"author":[{"embeddable":true,"href":"https:\/\/www.kogabau.sk\/de\/wp-json\/wp\/v2\/users\/15"}],"replies":[{"embeddable":true,"href":"https:\/\/www.kogabau.sk\/de\/wp-json\/wp\/v2\/comments?post=5221"}],"version-history":[{"count":2,"href":"https:\/\/www.kogabau.sk\/de\/wp-json\/wp\/v2\/pages\/5221\/revisions"}],"predecessor-version":[{"id":7180,"href":"https:\/\/www.kogabau.sk\/de\/wp-json\/wp\/v2\/pages\/5221\/revisions\/7180"}],"wp:attachment":[{"href":"https:\/\/www.kogabau.sk\/de\/wp-json\/wp\/v2\/media?parent=5221"}],"curies":[{"name":"wp","href":"https:\/\/api.w.org\/{rel}","templated":true}]}}