{"id":5249,"date":"2025-10-12T16:19:18","date_gmt":"2025-10-12T14:19:18","guid":{"rendered":"https:\/\/www.kogabau.sk\/blau-gruene-infrastruktur\/"},"modified":"2025-11-09T11:49:16","modified_gmt":"2025-11-09T10:49:16","slug":"blau-gruene-infrastruktur","status":"publish","type":"page","link":"https:\/\/www.kogabau.sk\/de\/blau-gruene-infrastruktur\/","title":{"rendered":"Blau-gr\u00fcne Infrastruktur"},"content":{"rendered":"\t\t<div data-elementor-type=\"wp-page\" data-elementor-id=\"5249\" class=\"elementor elementor-5249 elementor-1159\" data-elementor-post-type=\"page\">\n\t\t\t\t\t\t<section class=\"elementor-section elementor-top-section elementor-element elementor-element-bdd03d9 elementor-section-boxed elementor-section-height-default elementor-section-height-default\" data-id=\"bdd03d9\" data-element_type=\"section\" data-settings=\"{&quot;background_background&quot;:&quot;classic&quot;}\">\n\t\t\t\t\t\t<div class=\"elementor-container elementor-column-gap-default\">\n\t\t\t\t\t<div class=\"elementor-column elementor-col-100 elementor-top-column elementor-element elementor-element-68e2ae7\" data-id=\"68e2ae7\" data-element_type=\"column\">\n\t\t\t<div class=\"elementor-widget-wrap elementor-element-populated\">\n\t\t\t\t\t\t<div class=\"elementor-element elementor-element-c55e6a2 elementor-widget elementor-widget-spacer\" data-id=\"c55e6a2\" data-element_type=\"widget\" data-widget_type=\"spacer.default\">\n\t\t\t\t<div class=\"elementor-widget-container\">\n\t\t\t\t\t\t\t<div class=\"elementor-spacer\">\n\t\t\t<div class=\"elementor-spacer-inner\"><\/div>\n\t\t<\/div>\n\t\t\t\t\t\t<\/div>\n\t\t\t\t<\/div>\n\t\t\t\t<div class=\"elementor-element elementor-element-e8058a8 elementor-widget elementor-widget-heading\" data-id=\"e8058a8\" data-element_type=\"widget\" data-widget_type=\"heading.default\">\n\t\t\t\t<div class=\"elementor-widget-container\">\n\t\t\t\t\t<h1 class=\"elementor-heading-title elementor-size-default\">Blau-gr\u00fcne Infrastruktur<\/h1>\t\t\t\t<\/div>\n\t\t\t\t<\/div>\n\t\t\t\t\t<\/div>\n\t\t<\/div>\n\t\t\t\t\t<\/div>\n\t\t<\/section>\n\t\t\t\t<section class=\"elementor-section elementor-top-section elementor-element elementor-element-3ae368f elementor-section-boxed elementor-section-height-default elementor-section-height-default\" data-id=\"3ae368f\" data-element_type=\"section\" data-settings=\"{&quot;background_background&quot;:&quot;classic&quot;}\">\n\t\t\t\t\t\t<div class=\"elementor-container elementor-column-gap-default\">\n\t\t\t\t\t<div class=\"elementor-column elementor-col-100 elementor-top-column elementor-element elementor-element-6ac00df\" data-id=\"6ac00df\" data-element_type=\"column\">\n\t\t\t<div class=\"elementor-widget-wrap elementor-element-populated\">\n\t\t\t\t\t\t<div class=\"elementor-element elementor-element-cb16a13 elementor-widget elementor-widget-text-editor\" data-id=\"cb16a13\" data-element_type=\"widget\" data-widget_type=\"text-editor.default\">\n\t\t\t\t<div class=\"elementor-widget-container\">\n\t\t\t\t\t\t\t\t\t<p>Blau-gr\u00fcne Infrastruktur (BGI) stellt einen grundlegenden Wandel im Umgang mit Regenwasser dar, den wir in den letzten Jahren beobachten konnten. Neue Projekte betrachten Regenwasser nicht mehr als Abfall, der schnellstm\u00f6glich entfernt werden muss, sondern als wertvolle Ressource. Das Wasser soll zur\u00fcckgehalten und zur Pflege st\u00e4dtischer Gr\u00fcnfl\u00e4chen sowie zur Aufrechterhaltung eines angenehmen Klimas f\u00fcr die Bev\u00f6lkerung w\u00e4hrend und nach Regenf\u00e4llen genutzt werden. Wir arbeiten eng mit Planern und Architekten zusammen, um die Nutzung des Regenwassers auf einer bestimmten Fl\u00e4che so effizient wie m\u00f6glich zu gestalten. Unser Portfolio umfasst fertige Produkte f\u00fcr BGI-Projekte, wir entwickeln aber auch neue Elemente speziell f\u00fcr projektbezogene Vorhaben.    <\/p><p><strong>Wir freuen uns, an neuen Projekten mitzuwirken. Bitte kontaktieren Sie unsere Vertriebsabteilung.<\/strong><\/p>\t\t\t\t\t\t\t\t<\/div>\n\t\t\t\t<\/div>\n\t\t\t\t<div class=\"elementor-element elementor-element-05be724 elementor-widget elementor-widget-image\" data-id=\"05be724\" data-element_type=\"widget\" data-widget_type=\"image.default\">\n\t\t\t\t<div class=\"elementor-widget-container\">\n\t\t\t\t\t\t\t\t\t\t\t\t\t\t\t<img fetchpriority=\"high\" decoding=\"async\" width=\"1432\" height=\"700\" src=\"https:\/\/www.kogabau.sk\/wp-content\/uploads\/2025\/10\/kogabau-modro-zelena-infrastruktura.png\" class=\"attachment-full size-full wp-image-5248\" alt=\"\" srcset=\"https:\/\/www.kogabau.sk\/wp-content\/uploads\/2025\/10\/kogabau-modro-zelena-infrastruktura.png 1432w, https:\/\/www.kogabau.sk\/wp-content\/uploads\/2025\/10\/kogabau-modro-zelena-infrastruktura-300x147.png 300w, https:\/\/www.kogabau.sk\/wp-content\/uploads\/2025\/10\/kogabau-modro-zelena-infrastruktura-1024x501.png 1024w, https:\/\/www.kogabau.sk\/wp-content\/uploads\/2025\/10\/kogabau-modro-zelena-infrastruktura-768x375.png 768w\" sizes=\"(max-width: 1432px) 100vw, 1432px\" \/>\t\t\t\t\t\t\t\t\t\t\t\t\t\t\t<\/div>\n\t\t\t\t<\/div>\n\t\t\t\t\t<\/div>\n\t\t<\/div>\n\t\t\t\t\t<\/div>\n\t\t<\/section>\n\t\t\t\t<\/div>\n\t\t","protected":false},"excerpt":{"rendered":"<p>Blau-gr\u00fcne Infrastruktur Blau-gr\u00fcne Infrastruktur (BGI) stellt einen grundlegenden Wandel im Umgang mit Regenwasser dar, den wir in den letzten Jahren beobachten konnten. Neue Projekte betrachten Regenwasser nicht mehr als Abfall, der schnellstm\u00f6glich entfernt werden muss, sondern als wertvolle Ressource. Das Wasser soll zur\u00fcckgehalten und zur Pflege st\u00e4dtischer Gr\u00fcnfl\u00e4chen sowie zur Aufrechterhaltung eines angenehmen Klimas f\u00fcr [&hellip;]<\/p>\n","protected":false},"author":15,"featured_media":0,"parent":0,"menu_order":0,"comment_status":"closed","ping_status":"closed","template":"","meta":{"footnotes":""},"class_list":["post-5249","page","type-page","status-publish","hentry"],"yoast_head":"<!-- This site is optimized with the Yoast SEO plugin v26.2 - https:\/\/yoast.com\/wordpress\/plugins\/seo\/ -->\n<title>Blau-gr\u00fcne Infrastruktur \u2013 Regenwassermanagement | KOGA Bau<\/title>\n<meta name=\"description\" content=\"KOGA Bau unterst\u00fctzt blau-gr\u00fcne Infrastruktur: die effiziente Nutzung von Regenwasser f\u00fcr st\u00e4dtische Begr\u00fcnung und Klimaschutz. Wir arbeiten bei der Projektplanung mit Architekten und Stadtplanern zusammen.\" \/>\n<meta name=\"robots\" content=\"index, follow, max-snippet:-1, max-image-preview:large, max-video-preview:-1\" \/>\n<link rel=\"canonical\" href=\"https:\/\/www.kogabau.sk\/de\/blau-gruene-infrastruktur\/\" \/>\n<meta property=\"og:locale\" content=\"de_DE\" \/>\n<meta property=\"og:type\" content=\"article\" \/>\n<meta property=\"og:title\" content=\"Blau-gr\u00fcne Infrastruktur \u2013 Regenwassermanagement | KOGA Bau\" \/>\n<meta property=\"og:description\" content=\"KOGA Bau unterst\u00fctzt blau-gr\u00fcne Infrastruktur: die effiziente Nutzung von Regenwasser f\u00fcr st\u00e4dtische Begr\u00fcnung und Klimaschutz. Wir arbeiten bei der Projektplanung mit Architekten und Stadtplanern zusammen.\" \/>\n<meta property=\"og:url\" content=\"https:\/\/www.kogabau.sk\/de\/blau-gruene-infrastruktur\/\" \/>\n<meta property=\"og:site_name\" content=\"KOGABAU\" \/>\n<meta property=\"article:modified_time\" content=\"2025-11-09T10:49:16+00:00\" \/>\n<meta property=\"og:image\" content=\"https:\/\/www.kogabau.sk\/wp-content\/uploads\/2025\/10\/kogabau-modro-zelena-infrastruktura.png\" \/>\n\t<meta property=\"og:image:width\" content=\"1432\" \/>\n\t<meta property=\"og:image:height\" content=\"700\" \/>\n\t<meta property=\"og:image:type\" content=\"image\/png\" \/>\n<meta name=\"twitter:card\" content=\"summary_large_image\" \/>\n<meta name=\"twitter:label1\" content=\"Gesch\u00e4tzte Lesezeit\" \/>\n\t<meta name=\"twitter:data1\" content=\"1\u00a0Minute\" \/>\n<script type=\"application\/ld+json\" class=\"yoast-schema-graph\">{\"@context\":\"https:\/\/schema.org\",\"@graph\":[{\"@type\":\"WebPage\",\"@id\":\"https:\/\/www.kogabau.sk\/de\/blau-gruene-infrastruktur\/\",\"url\":\"https:\/\/www.kogabau.sk\/de\/blau-gruene-infrastruktur\/\",\"name\":\"Blau-gr\u00fcne Infrastruktur \u2013 Regenwassermanagement | KOGA Bau\",\"isPartOf\":{\"@id\":\"https:\/\/www.kogabau.sk\/de\/#website\"},\"primaryImageOfPage\":{\"@id\":\"https:\/\/www.kogabau.sk\/de\/blau-gruene-infrastruktur\/#primaryimage\"},\"image\":{\"@id\":\"https:\/\/www.kogabau.sk\/de\/blau-gruene-infrastruktur\/#primaryimage\"},\"thumbnailUrl\":\"https:\/\/www.kogabau.sk\/wp-content\/uploads\/2025\/10\/kogabau-modro-zelena-infrastruktura.png\",\"datePublished\":\"2025-10-12T14:19:18+00:00\",\"dateModified\":\"2025-11-09T10:49:16+00:00\",\"description\":\"KOGA Bau unterst\u00fctzt blau-gr\u00fcne Infrastruktur: die effiziente Nutzung von Regenwasser f\u00fcr st\u00e4dtische Begr\u00fcnung und Klimaschutz. Wir arbeiten bei der Projektplanung mit Architekten und Stadtplanern zusammen.\",\"breadcrumb\":{\"@id\":\"https:\/\/www.kogabau.sk\/de\/blau-gruene-infrastruktur\/#breadcrumb\"},\"inLanguage\":\"de\",\"potentialAction\":[{\"@type\":\"ReadAction\",\"target\":[\"https:\/\/www.kogabau.sk\/de\/blau-gruene-infrastruktur\/\"]}]},{\"@type\":\"ImageObject\",\"inLanguage\":\"de\",\"@id\":\"https:\/\/www.kogabau.sk\/de\/blau-gruene-infrastruktur\/#primaryimage\",\"url\":\"https:\/\/www.kogabau.sk\/wp-content\/uploads\/2025\/10\/kogabau-modro-zelena-infrastruktura.png\",\"contentUrl\":\"https:\/\/www.kogabau.sk\/wp-content\/uploads\/2025\/10\/kogabau-modro-zelena-infrastruktura.png\"},{\"@type\":\"BreadcrumbList\",\"@id\":\"https:\/\/www.kogabau.sk\/de\/blau-gruene-infrastruktur\/#breadcrumb\",\"itemListElement\":[{\"@type\":\"ListItem\",\"position\":1,\"name\":\"Home\",\"item\":\"https:\/\/www.kogabau.sk\/de\/\"},{\"@type\":\"ListItem\",\"position\":2,\"name\":\"Blau-gr\u00fcne Infrastruktur\"}]},{\"@type\":\"WebSite\",\"@id\":\"https:\/\/www.kogabau.sk\/de\/#website\",\"url\":\"https:\/\/www.kogabau.sk\/de\/\",\"name\":\"KOGABAU\",\"description\":\"\",\"publisher\":{\"@id\":\"https:\/\/www.kogabau.sk\/de\/#organization\"},\"potentialAction\":[{\"@type\":\"SearchAction\",\"target\":{\"@type\":\"EntryPoint\",\"urlTemplate\":\"https:\/\/www.kogabau.sk\/de\/?s={search_term_string}\"},\"query-input\":{\"@type\":\"PropertyValueSpecification\",\"valueRequired\":true,\"valueName\":\"search_term_string\"}}],\"inLanguage\":\"de\"},{\"@type\":\"Organization\",\"@id\":\"https:\/\/www.kogabau.sk\/de\/#organization\",\"name\":\"KOGABAU\",\"url\":\"https:\/\/www.kogabau.sk\/de\/\",\"logo\":{\"@type\":\"ImageObject\",\"inLanguage\":\"de\",\"@id\":\"https:\/\/www.kogabau.sk\/de\/#\/schema\/logo\/image\/\",\"url\":\"https:\/\/www.kogabau.sk\/wp-content\/uploads\/2021\/02\/KOGA-BAU-logo-cierne.png\",\"contentUrl\":\"https:\/\/www.kogabau.sk\/wp-content\/uploads\/2021\/02\/KOGA-BAU-logo-cierne.png\",\"width\":516,\"height\":66,\"caption\":\"KOGABAU\"},\"image\":{\"@id\":\"https:\/\/www.kogabau.sk\/de\/#\/schema\/logo\/image\/\"}}]}<\/script>\n<!-- \/ Yoast SEO plugin. -->","yoast_head_json":{"title":"Blau-gr\u00fcne Infrastruktur \u2013 Regenwassermanagement | KOGA Bau","description":"KOGA Bau unterst\u00fctzt blau-gr\u00fcne Infrastruktur: die effiziente Nutzung von Regenwasser f\u00fcr st\u00e4dtische Begr\u00fcnung und Klimaschutz. Wir arbeiten bei der Projektplanung mit Architekten und Stadtplanern zusammen.","robots":{"index":"index","follow":"follow","max-snippet":"max-snippet:-1","max-image-preview":"max-image-preview:large","max-video-preview":"max-video-preview:-1"},"canonical":"https:\/\/www.kogabau.sk\/de\/blau-gruene-infrastruktur\/","og_locale":"de_DE","og_type":"article","og_title":"Blau-gr\u00fcne Infrastruktur \u2013 Regenwassermanagement | KOGA Bau","og_description":"KOGA Bau unterst\u00fctzt blau-gr\u00fcne Infrastruktur: die effiziente Nutzung von Regenwasser f\u00fcr st\u00e4dtische Begr\u00fcnung und Klimaschutz. Wir arbeiten bei der Projektplanung mit Architekten und Stadtplanern zusammen.","og_url":"https:\/\/www.kogabau.sk\/de\/blau-gruene-infrastruktur\/","og_site_name":"KOGABAU","article_modified_time":"2025-11-09T10:49:16+00:00","og_image":[{"width":1432,"height":700,"url":"https:\/\/www.kogabau.sk\/wp-content\/uploads\/2025\/10\/kogabau-modro-zelena-infrastruktura.png","type":"image\/png"}],"twitter_card":"summary_large_image","twitter_misc":{"Gesch\u00e4tzte Lesezeit":"1\u00a0Minute"},"schema":{"@context":"https:\/\/schema.org","@graph":[{"@type":"WebPage","@id":"https:\/\/www.kogabau.sk\/de\/blau-gruene-infrastruktur\/","url":"https:\/\/www.kogabau.sk\/de\/blau-gruene-infrastruktur\/","name":"Blau-gr\u00fcne Infrastruktur \u2013 Regenwassermanagement | KOGA Bau","isPartOf":{"@id":"https:\/\/www.kogabau.sk\/de\/#website"},"primaryImageOfPage":{"@id":"https:\/\/www.kogabau.sk\/de\/blau-gruene-infrastruktur\/#primaryimage"},"image":{"@id":"https:\/\/www.kogabau.sk\/de\/blau-gruene-infrastruktur\/#primaryimage"},"thumbnailUrl":"https:\/\/www.kogabau.sk\/wp-content\/uploads\/2025\/10\/kogabau-modro-zelena-infrastruktura.png","datePublished":"2025-10-12T14:19:18+00:00","dateModified":"2025-11-09T10:49:16+00:00","description":"KOGA Bau unterst\u00fctzt blau-gr\u00fcne Infrastruktur: die effiziente Nutzung von Regenwasser f\u00fcr st\u00e4dtische Begr\u00fcnung und Klimaschutz. Wir arbeiten bei der Projektplanung mit Architekten und Stadtplanern zusammen.","breadcrumb":{"@id":"https:\/\/www.kogabau.sk\/de\/blau-gruene-infrastruktur\/#breadcrumb"},"inLanguage":"de","potentialAction":[{"@type":"ReadAction","target":["https:\/\/www.kogabau.sk\/de\/blau-gruene-infrastruktur\/"]}]},{"@type":"ImageObject","inLanguage":"de","@id":"https:\/\/www.kogabau.sk\/de\/blau-gruene-infrastruktur\/#primaryimage","url":"https:\/\/www.kogabau.sk\/wp-content\/uploads\/2025\/10\/kogabau-modro-zelena-infrastruktura.png","contentUrl":"https:\/\/www.kogabau.sk\/wp-content\/uploads\/2025\/10\/kogabau-modro-zelena-infrastruktura.png"},{"@type":"BreadcrumbList","@id":"https:\/\/www.kogabau.sk\/de\/blau-gruene-infrastruktur\/#breadcrumb","itemListElement":[{"@type":"ListItem","position":1,"name":"Home","item":"https:\/\/www.kogabau.sk\/de\/"},{"@type":"ListItem","position":2,"name":"Blau-gr\u00fcne Infrastruktur"}]},{"@type":"WebSite","@id":"https:\/\/www.kogabau.sk\/de\/#website","url":"https:\/\/www.kogabau.sk\/de\/","name":"KOGABAU","description":"","publisher":{"@id":"https:\/\/www.kogabau.sk\/de\/#organization"},"potentialAction":[{"@type":"SearchAction","target":{"@type":"EntryPoint","urlTemplate":"https:\/\/www.kogabau.sk\/de\/?s={search_term_string}"},"query-input":{"@type":"PropertyValueSpecification","valueRequired":true,"valueName":"search_term_string"}}],"inLanguage":"de"},{"@type":"Organization","@id":"https:\/\/www.kogabau.sk\/de\/#organization","name":"KOGABAU","url":"https:\/\/www.kogabau.sk\/de\/","logo":{"@type":"ImageObject","inLanguage":"de","@id":"https:\/\/www.kogabau.sk\/de\/#\/schema\/logo\/image\/","url":"https:\/\/www.kogabau.sk\/wp-content\/uploads\/2021\/02\/KOGA-BAU-logo-cierne.png","contentUrl":"https:\/\/www.kogabau.sk\/wp-content\/uploads\/2021\/02\/KOGA-BAU-logo-cierne.png","width":516,"height":66,"caption":"KOGABAU"},"image":{"@id":"https:\/\/www.kogabau.sk\/de\/#\/schema\/logo\/image\/"}}]}},"_links":{"self":[{"href":"https:\/\/www.kogabau.sk\/de\/wp-json\/wp\/v2\/pages\/5249","targetHints":{"allow":["GET"]}}],"collection":[{"href":"https:\/\/www.kogabau.sk\/de\/wp-json\/wp\/v2\/pages"}],"about":[{"href":"https:\/\/www.kogabau.sk\/de\/wp-json\/wp\/v2\/types\/page"}],"author":[{"embeddable":true,"href":"https:\/\/www.kogabau.sk\/de\/wp-json\/wp\/v2\/users\/15"}],"replies":[{"embeddable":true,"href":"https:\/\/www.kogabau.sk\/de\/wp-json\/wp\/v2\/comments?post=5249"}],"version-history":[{"count":1,"href":"https:\/\/www.kogabau.sk\/de\/wp-json\/wp\/v2\/pages\/5249\/revisions"}],"predecessor-version":[{"id":5250,"href":"https:\/\/www.kogabau.sk\/de\/wp-json\/wp\/v2\/pages\/5249\/revisions\/5250"}],"wp:attachment":[{"href":"https:\/\/www.kogabau.sk\/de\/wp-json\/wp\/v2\/media?parent=5249"}],"curies":[{"name":"wp","href":"https:\/\/api.w.org\/{rel}","templated":true}]}}