{"id":5394,"date":"2025-10-12T20:11:32","date_gmt":"2025-10-12T18:11:32","guid":{"rendered":"https:\/\/www.kogabau.sk\/opava\/"},"modified":"2025-11-14T14:12:51","modified_gmt":"2025-11-14T13:12:51","slug":"opava","status":"publish","type":"page","link":"https:\/\/www.kogabau.sk\/de\/opava\/","title":{"rendered":"Opava"},"content":{"rendered":"\t\t<div data-elementor-type=\"wp-page\" data-elementor-id=\"5394\" class=\"elementor elementor-5394 elementor-1440\" data-elementor-post-type=\"page\">\n\t\t\t\t\t\t<section class=\"elementor-section elementor-top-section elementor-element elementor-element-8c5cc58 elementor-section-boxed elementor-section-height-default elementor-section-height-default\" data-id=\"8c5cc58\" data-element_type=\"section\" data-settings=\"{&quot;background_background&quot;:&quot;classic&quot;}\">\n\t\t\t\t\t\t<div class=\"elementor-container elementor-column-gap-default\">\n\t\t\t\t\t<div class=\"elementor-column elementor-col-100 elementor-top-column elementor-element elementor-element-4c061b6\" data-id=\"4c061b6\" data-element_type=\"column\">\n\t\t\t<div class=\"elementor-widget-wrap elementor-element-populated\">\n\t\t\t\t\t\t<div class=\"elementor-element elementor-element-efc54a5 elementor-widget elementor-widget-spacer\" data-id=\"efc54a5\" data-element_type=\"widget\" data-widget_type=\"spacer.default\">\n\t\t\t\t<div class=\"elementor-widget-container\">\n\t\t\t\t\t\t\t<div class=\"elementor-spacer\">\n\t\t\t<div class=\"elementor-spacer-inner\"><\/div>\n\t\t<\/div>\n\t\t\t\t\t\t<\/div>\n\t\t\t\t<\/div>\n\t\t\t\t<div class=\"elementor-element elementor-element-db8ba8f elementor-widget elementor-widget-heading\" data-id=\"db8ba8f\" data-element_type=\"widget\" data-widget_type=\"heading.default\">\n\t\t\t\t<div class=\"elementor-widget-container\">\n\t\t\t\t\t<h1 class=\"elementor-heading-title elementor-size-default\">Opava\u00ae<\/h1>\t\t\t\t<\/div>\n\t\t\t\t<\/div>\n\t\t\t\t\t<\/div>\n\t\t<\/div>\n\t\t\t\t\t<\/div>\n\t\t<\/section>\n\t\t\t\t<section class=\"elementor-section elementor-top-section elementor-element elementor-element-6606034 elementor-reverse-tablet elementor-reverse-mobile elementor-section-boxed elementor-section-height-default elementor-section-height-default\" data-id=\"6606034\" data-element_type=\"section\" data-settings=\"{&quot;background_background&quot;:&quot;classic&quot;}\">\n\t\t\t\t\t\t<div class=\"elementor-container elementor-column-gap-default\">\n\t\t\t\t\t<div class=\"elementor-column elementor-col-50 elementor-top-column elementor-element elementor-element-ea36663\" data-id=\"ea36663\" data-element_type=\"column\">\n\t\t\t<div class=\"elementor-widget-wrap elementor-element-populated\">\n\t\t\t\t\t\t<div class=\"elementor-element elementor-element-b6169b0 elementor-widget elementor-widget-text-editor\" data-id=\"b6169b0\" data-element_type=\"widget\" data-widget_type=\"text-editor.default\">\n\t\t\t\t<div class=\"elementor-widget-container\">\n\t\t\t\t\t\t\t\t\t<p>Der Ablauf besteht aus robustem Gusseisen und entspricht der Norm STN EN 124-2 f\u00fcr die Belastungskategorie B 125. Dadurch eignet er sich f\u00fcr Bereiche mit geringem Verkehrsaufkommen wie Gehwege und Parkpl\u00e4tze. Der Ablauf ist mit einer Edelstahlschraube M16 DIN 912 mit Innensechskant ausgestattet. Die Gesamth\u00f6he f\u00fcr eine gerade Bordsteinkante betr\u00e4gt 150 mm. Die Montage ist f\u00fcr DN 450 und DN 500 m\u00f6glich, wobei die K\u00f6rbe A4 und B1 verwendet werden k\u00f6nnen.   Zum Lieferumfang geh\u00f6rt ein Stahlrost, der f\u00fcr effektiven Wasserablauf und Schutz vor Verstopfung sorgt. Der Abfluss kann mit einem gusseisernen Volldeckel oder einem Einf\u00fclldeckel ausgestattet werden (ein Currynetz ist im Lieferumfang enthalten). In beiden F\u00e4llen bieten wir Ihnen die M\u00f6glichkeit, den Abfluss mit Ihrem eigenen Motiv, z. B. dem Stadtwappen, zu versehen.   <\/p>\t\t\t\t\t\t\t\t<\/div>\n\t\t\t\t<\/div>\n\t\t\t\t\t<\/div>\n\t\t<\/div>\n\t\t\t\t<div class=\"elementor-column elementor-col-50 elementor-top-column elementor-element elementor-element-215eb55\" data-id=\"215eb55\" data-element_type=\"column\" data-settings=\"{&quot;background_background&quot;:&quot;classic&quot;}\">\n\t\t\t<div class=\"elementor-widget-wrap elementor-element-populated\">\n\t\t\t\t\t\t<div class=\"elementor-element elementor-element-4536708 elementor-widget elementor-widget-image\" data-id=\"4536708\" data-element_type=\"widget\" data-widget_type=\"image.default\">\n\t\t\t\t<div class=\"elementor-widget-container\">\n\t\t\t\t\t\t\t\t\t\t\t\t\t\t\t<img fetchpriority=\"high\" decoding=\"async\" width=\"575\" height=\"580\" src=\"https:\/\/www.kogabau.sk\/wp-content\/uploads\/2025\/10\/KoGaBau-Opava.png\" class=\"attachment-full size-full wp-image-5146\" alt=\"\" srcset=\"https:\/\/www.kogabau.sk\/wp-content\/uploads\/2025\/10\/KoGaBau-Opava.png 575w, https:\/\/www.kogabau.sk\/wp-content\/uploads\/2025\/10\/KoGaBau-Opava-297x300.png 297w, https:\/\/www.kogabau.sk\/wp-content\/uploads\/2025\/10\/KoGaBau-Opava-150x150.png 150w\" sizes=\"(max-width: 575px) 100vw, 575px\" \/>\t\t\t\t\t\t\t\t\t\t\t\t\t\t\t<\/div>\n\t\t\t\t<\/div>\n\t\t\t\t\t<\/div>\n\t\t<\/div>\n\t\t\t\t\t<\/div>\n\t\t<\/section>\n\t\t\t\t<section class=\"elementor-section elementor-top-section elementor-element elementor-element-b2ebb30 horizontale elementor-section-boxed elementor-section-height-default elementor-section-height-default\" data-id=\"b2ebb30\" data-element_type=\"section\" data-settings=\"{&quot;background_background&quot;:&quot;classic&quot;}\">\n\t\t\t\t\t\t<div class=\"elementor-container elementor-column-gap-default\">\n\t\t\t\t\t<div class=\"elementor-column elementor-col-100 elementor-top-column elementor-element elementor-element-399a2b9\" data-id=\"399a2b9\" data-element_type=\"column\">\n\t\t\t<div class=\"elementor-widget-wrap elementor-element-populated\">\n\t\t\t\t\t\t<section class=\"elementor-section elementor-inner-section elementor-element elementor-element-8912142 elementor-section-boxed elementor-section-height-default elementor-section-height-default\" data-id=\"8912142\" data-element_type=\"section\" data-settings=\"{&quot;background_background&quot;:&quot;classic&quot;}\">\n\t\t\t\t\t\t<div class=\"elementor-container elementor-column-gap-default\">\n\t\t\t\t\t<div class=\"elementor-column elementor-col-50 elementor-inner-column elementor-element elementor-element-884ee34\" data-id=\"884ee34\" data-element_type=\"column\">\n\t\t\t<div class=\"elementor-widget-wrap elementor-element-populated\">\n\t\t\t\t\t\t<div class=\"elementor-element elementor-element-753780e elementor-widget elementor-widget-heading\" data-id=\"753780e\" data-element_type=\"widget\" data-widget_type=\"heading.default\">\n\t\t\t\t<div class=\"elementor-widget-container\">\n\t\t\t\t\t<h2 class=\"elementor-heading-title elementor-size-default\">Gewicht (kg)<\/h2>\t\t\t\t<\/div>\n\t\t\t\t<\/div>\n\t\t\t\t\t<\/div>\n\t\t<\/div>\n\t\t\t\t<div class=\"elementor-column elementor-col-50 elementor-inner-column elementor-element elementor-element-5023eb5\" data-id=\"5023eb5\" data-element_type=\"column\">\n\t\t\t<div class=\"elementor-widget-wrap elementor-element-populated\">\n\t\t\t\t\t\t<div class=\"elementor-element elementor-element-25148e0 elementor-widget elementor-widget-text-editor\" data-id=\"25148e0\" data-element_type=\"widget\" data-widget_type=\"text-editor.default\">\n\t\t\t\t<div class=\"elementor-widget-container\">\n\t\t\t\t\t\t\t\t\t<p>90<\/p>\t\t\t\t\t\t\t\t<\/div>\n\t\t\t\t<\/div>\n\t\t\t\t\t<\/div>\n\t\t<\/div>\n\t\t\t\t\t<\/div>\n\t\t<\/section>\n\t\t\t\t<section class=\"elementor-section elementor-inner-section elementor-element elementor-element-c60dfd6 elementor-section-boxed elementor-section-height-default elementor-section-height-default\" data-id=\"c60dfd6\" data-element_type=\"section\" data-settings=\"{&quot;background_background&quot;:&quot;classic&quot;}\">\n\t\t\t\t\t\t<div class=\"elementor-container elementor-column-gap-default\">\n\t\t\t\t\t<div class=\"elementor-column elementor-col-50 elementor-inner-column elementor-element elementor-element-f72c9e2\" data-id=\"f72c9e2\" data-element_type=\"column\">\n\t\t\t<div class=\"elementor-widget-wrap elementor-element-populated\">\n\t\t\t\t\t\t<div class=\"elementor-element elementor-element-619deea elementor-widget elementor-widget-heading\" data-id=\"619deea\" data-element_type=\"widget\" data-widget_type=\"heading.default\">\n\t\t\t\t<div class=\"elementor-widget-container\">\n\t\t\t\t\t<h2 class=\"elementor-heading-title elementor-size-default\">H\u00f6he (mm)<\/h2>\t\t\t\t<\/div>\n\t\t\t\t<\/div>\n\t\t\t\t\t<\/div>\n\t\t<\/div>\n\t\t\t\t<div class=\"elementor-column elementor-col-50 elementor-inner-column elementor-element elementor-element-7dc57dd\" data-id=\"7dc57dd\" data-element_type=\"column\">\n\t\t\t<div class=\"elementor-widget-wrap elementor-element-populated\">\n\t\t\t\t\t\t<div class=\"elementor-element elementor-element-5822b08 elementor-widget elementor-widget-text-editor\" data-id=\"5822b08\" data-element_type=\"widget\" data-widget_type=\"text-editor.default\">\n\t\t\t\t<div class=\"elementor-widget-container\">\n\t\t\t\t\t\t\t\t\t<p>195<\/p>\t\t\t\t\t\t\t\t<\/div>\n\t\t\t\t<\/div>\n\t\t\t\t\t<\/div>\n\t\t<\/div>\n\t\t\t\t\t<\/div>\n\t\t<\/section>\n\t\t\t\t<section class=\"elementor-section elementor-inner-section elementor-element elementor-element-664c8c8 elementor-section-boxed elementor-section-height-default elementor-section-height-default\" data-id=\"664c8c8\" data-element_type=\"section\" data-settings=\"{&quot;background_background&quot;:&quot;classic&quot;}\">\n\t\t\t\t\t\t<div class=\"elementor-container elementor-column-gap-default\">\n\t\t\t\t\t<div class=\"elementor-column elementor-col-50 elementor-inner-column elementor-element elementor-element-3af9040\" data-id=\"3af9040\" data-element_type=\"column\">\n\t\t\t<div class=\"elementor-widget-wrap elementor-element-populated\">\n\t\t\t\t\t\t<div class=\"elementor-element elementor-element-39c484c elementor-widget elementor-widget-heading\" data-id=\"39c484c\" data-element_type=\"widget\" data-widget_type=\"heading.default\">\n\t\t\t\t<div class=\"elementor-widget-container\">\n\t\t\t\t\t<h2 class=\"elementor-heading-title elementor-size-default\">Einlassquerschnitt (m\u00b2)<\/h2>\t\t\t\t<\/div>\n\t\t\t\t<\/div>\n\t\t\t\t\t<\/div>\n\t\t<\/div>\n\t\t\t\t<div class=\"elementor-column elementor-col-50 elementor-inner-column elementor-element elementor-element-15e1c02\" data-id=\"15e1c02\" data-element_type=\"column\">\n\t\t\t<div class=\"elementor-widget-wrap elementor-element-populated\">\n\t\t\t\t\t\t<div class=\"elementor-element elementor-element-f0dbb5b elementor-widget elementor-widget-text-editor\" data-id=\"f0dbb5b\" data-element_type=\"widget\" data-widget_type=\"text-editor.default\">\n\t\t\t\t<div class=\"elementor-widget-container\">\n\t\t\t\t\t\t\t\t\t<p>0,056<\/p>\t\t\t\t\t\t\t\t<\/div>\n\t\t\t\t<\/div>\n\t\t\t\t\t<\/div>\n\t\t<\/div>\n\t\t\t\t\t<\/div>\n\t\t<\/section>\n\t\t\t\t<section class=\"elementor-section elementor-inner-section elementor-element elementor-element-91c31ae elementor-section-boxed elementor-section-height-default elementor-section-height-default\" data-id=\"91c31ae\" data-element_type=\"section\" data-settings=\"{&quot;background_background&quot;:&quot;classic&quot;}\">\n\t\t\t\t\t\t<div class=\"elementor-container elementor-column-gap-default\">\n\t\t\t\t\t<div class=\"elementor-column elementor-col-50 elementor-inner-column elementor-element elementor-element-7f7c383\" data-id=\"7f7c383\" data-element_type=\"column\">\n\t\t\t<div class=\"elementor-widget-wrap elementor-element-populated\">\n\t\t\t\t\t\t<div class=\"elementor-element elementor-element-023f4dd elementor-widget elementor-widget-heading\" data-id=\"023f4dd\" data-element_type=\"widget\" data-widget_type=\"heading.default\">\n\t\t\t\t<div class=\"elementor-widget-container\">\n\t\t\t\t\t<h2 class=\"elementor-heading-title elementor-size-default\">Einlassquerschnitt des Gitters (m\u00b2)<\/h2>\t\t\t\t<\/div>\n\t\t\t\t<\/div>\n\t\t\t\t\t<\/div>\n\t\t<\/div>\n\t\t\t\t<div class=\"elementor-column elementor-col-50 elementor-inner-column elementor-element elementor-element-5a988c4\" data-id=\"5a988c4\" data-element_type=\"column\">\n\t\t\t<div class=\"elementor-widget-wrap elementor-element-populated\">\n\t\t\t\t\t\t<div class=\"elementor-element elementor-element-aacc97e elementor-widget elementor-widget-text-editor\" data-id=\"aacc97e\" data-element_type=\"widget\" data-widget_type=\"text-editor.default\">\n\t\t\t\t<div class=\"elementor-widget-container\">\n\t\t\t\t\t\t\t\t\t<p>&#8211;<\/p>\t\t\t\t\t\t\t\t<\/div>\n\t\t\t\t<\/div>\n\t\t\t\t\t<\/div>\n\t\t<\/div>\n\t\t\t\t\t<\/div>\n\t\t<\/section>\n\t\t\t\t<section class=\"elementor-section elementor-inner-section elementor-element elementor-element-b9ab269 elementor-section-boxed elementor-section-height-default elementor-section-height-default\" data-id=\"b9ab269\" data-element_type=\"section\" data-settings=\"{&quot;background_background&quot;:&quot;classic&quot;}\">\n\t\t\t\t\t\t<div class=\"elementor-container elementor-column-gap-default\">\n\t\t\t\t\t<div class=\"elementor-column elementor-col-50 elementor-inner-column elementor-element elementor-element-db59199\" data-id=\"db59199\" data-element_type=\"column\">\n\t\t\t<div class=\"elementor-widget-wrap elementor-element-populated\">\n\t\t\t\t\t\t<div class=\"elementor-element elementor-element-76f6da2 elementor-widget elementor-widget-heading\" data-id=\"76f6da2\" data-element_type=\"widget\" data-widget_type=\"heading.default\">\n\t\t\t\t<div class=\"elementor-widget-container\">\n\t\t\t\t\t<h2 class=\"elementor-heading-title elementor-size-default\">Korbmontage<\/h2>\t\t\t\t<\/div>\n\t\t\t\t<\/div>\n\t\t\t\t\t<\/div>\n\t\t<\/div>\n\t\t\t\t<div class=\"elementor-column elementor-col-50 elementor-inner-column elementor-element elementor-element-790e27a\" data-id=\"790e27a\" data-element_type=\"column\">\n\t\t\t<div class=\"elementor-widget-wrap elementor-element-populated\">\n\t\t\t\t\t\t<div class=\"elementor-element elementor-element-75d580f elementor-widget elementor-widget-text-editor\" data-id=\"75d580f\" data-element_type=\"widget\" data-widget_type=\"text-editor.default\">\n\t\t\t\t<div class=\"elementor-widget-container\">\n\t\t\t\t\t\t\t\t\t<p>A4, B1<\/p>\t\t\t\t\t\t\t\t<\/div>\n\t\t\t\t<\/div>\n\t\t\t\t\t<\/div>\n\t\t<\/div>\n\t\t\t\t\t<\/div>\n\t\t<\/section>\n\t\t\t\t\t<\/div>\n\t\t<\/div>\n\t\t\t\t\t<\/div>\n\t\t<\/section>\n\t\t\t\t<\/div>\n\t\t","protected":false},"excerpt":{"rendered":"<p>Opava\u00ae Der Ablauf besteht aus robustem Gusseisen und entspricht der Norm STN EN 124-2 f\u00fcr die Belastungskategorie B 125. Dadurch eignet er sich f\u00fcr Bereiche mit geringem Verkehrsaufkommen wie Gehwege und Parkpl\u00e4tze. Der Ablauf ist mit einer Edelstahlschraube M16 DIN 912 mit Innensechskant ausgestattet. Die Gesamth\u00f6he f\u00fcr eine gerade Bordsteinkante betr\u00e4gt 150 mm. Die Montage [&hellip;]<\/p>\n","protected":false},"author":16,"featured_media":0,"parent":0,"menu_order":0,"comment_status":"closed","ping_status":"closed","template":"","meta":{"footnotes":""},"class_list":["post-5394","page","type-page","status-publish","hentry"],"yoast_head":"<!-- This site is optimized with the Yoast SEO plugin v26.2 - https:\/\/yoast.com\/wordpress\/plugins\/seo\/ -->\n<title>Opava\u00ae \u2013 Gusseisen-Rinnenablauf B125 f\u00fcr Gehwege und Parkpl\u00e4tze | KOGA Bau<\/title>\n<meta name=\"description\" content=\"Opava\u00ae ist eine Gusseisenrinne der Kategorie B125 nach STN EN 124-2, geeignet f\u00fcr Gehwege und Parkpl\u00e4tze. Sie bietet zuverl\u00e4ssige Entw\u00e4sserung, die M\u00f6glichkeit zur Montage auf DN 450\/500- und A4\/B1-Rinnenk\u00f6rben sowie optionale Gusseisen- oder F\u00fclldeckel mit Ihrem individuellen Motiv. Eine robuste L\u00f6sung von KOGA Bau.\" \/>\n<meta name=\"robots\" content=\"index, follow, max-snippet:-1, max-image-preview:large, max-video-preview:-1\" \/>\n<link rel=\"canonical\" href=\"https:\/\/www.kogabau.sk\/de\/opava\/\" \/>\n<meta property=\"og:locale\" content=\"de_DE\" \/>\n<meta property=\"og:type\" content=\"article\" \/>\n<meta property=\"og:title\" content=\"Opava\u00ae \u2013 Gusseisen-Rinnenablauf B125 f\u00fcr Gehwege und Parkpl\u00e4tze | KOGA Bau\" \/>\n<meta property=\"og:description\" content=\"Opava\u00ae ist eine Gusseisenrinne der Kategorie B125 nach STN EN 124-2, geeignet f\u00fcr Gehwege und Parkpl\u00e4tze. Sie bietet zuverl\u00e4ssige Entw\u00e4sserung, die M\u00f6glichkeit zur Montage auf DN 450\/500- und A4\/B1-Rinnenk\u00f6rben sowie optionale Gusseisen- oder F\u00fclldeckel mit Ihrem individuellen Motiv. Eine robuste L\u00f6sung von KOGA Bau.\" \/>\n<meta property=\"og:url\" content=\"https:\/\/www.kogabau.sk\/de\/opava\/\" \/>\n<meta property=\"og:site_name\" content=\"KOGABAU\" \/>\n<meta property=\"article:modified_time\" content=\"2025-11-14T13:12:51+00:00\" \/>\n<meta property=\"og:image\" content=\"https:\/\/www.kogabau.sk\/wp-content\/uploads\/2025\/10\/KoGaBau-Opava.png\" \/>\n\t<meta property=\"og:image:width\" content=\"575\" \/>\n\t<meta property=\"og:image:height\" content=\"580\" \/>\n\t<meta property=\"og:image:type\" content=\"image\/png\" \/>\n<meta name=\"twitter:card\" content=\"summary_large_image\" \/>\n<meta name=\"twitter:label1\" content=\"Gesch\u00e4tzte Lesezeit\" \/>\n\t<meta name=\"twitter:data1\" content=\"1\u00a0Minute\" \/>\n<script type=\"application\/ld+json\" class=\"yoast-schema-graph\">{\"@context\":\"https:\/\/schema.org\",\"@graph\":[{\"@type\":\"WebPage\",\"@id\":\"https:\/\/www.kogabau.sk\/de\/opava\/\",\"url\":\"https:\/\/www.kogabau.sk\/de\/opava\/\",\"name\":\"Opava\u00ae \u2013 Gusseisen-Rinnenablauf B125 f\u00fcr Gehwege und Parkpl\u00e4tze | KOGA Bau\",\"isPartOf\":{\"@id\":\"https:\/\/www.kogabau.sk\/de\/#website\"},\"primaryImageOfPage\":{\"@id\":\"https:\/\/www.kogabau.sk\/de\/opava\/#primaryimage\"},\"image\":{\"@id\":\"https:\/\/www.kogabau.sk\/de\/opava\/#primaryimage\"},\"thumbnailUrl\":\"https:\/\/www.kogabau.sk\/wp-content\/uploads\/2025\/10\/KoGaBau-Opava.png\",\"datePublished\":\"2025-10-12T18:11:32+00:00\",\"dateModified\":\"2025-11-14T13:12:51+00:00\",\"description\":\"Opava\u00ae ist eine Gusseisenrinne der Kategorie B125 nach STN EN 124-2, geeignet f\u00fcr Gehwege und Parkpl\u00e4tze. Sie bietet zuverl\u00e4ssige Entw\u00e4sserung, die M\u00f6glichkeit zur Montage auf DN 450\/500- und A4\/B1-Rinnenk\u00f6rben sowie optionale Gusseisen- oder F\u00fclldeckel mit Ihrem individuellen Motiv. Eine robuste L\u00f6sung von KOGA Bau.\",\"breadcrumb\":{\"@id\":\"https:\/\/www.kogabau.sk\/de\/opava\/#breadcrumb\"},\"inLanguage\":\"de\",\"potentialAction\":[{\"@type\":\"ReadAction\",\"target\":[\"https:\/\/www.kogabau.sk\/de\/opava\/\"]}]},{\"@type\":\"ImageObject\",\"inLanguage\":\"de\",\"@id\":\"https:\/\/www.kogabau.sk\/de\/opava\/#primaryimage\",\"url\":\"https:\/\/www.kogabau.sk\/wp-content\/uploads\/2025\/10\/KoGaBau-Opava.png\",\"contentUrl\":\"https:\/\/www.kogabau.sk\/wp-content\/uploads\/2025\/10\/KoGaBau-Opava.png\"},{\"@type\":\"BreadcrumbList\",\"@id\":\"https:\/\/www.kogabau.sk\/de\/opava\/#breadcrumb\",\"itemListElement\":[{\"@type\":\"ListItem\",\"position\":1,\"name\":\"Home\",\"item\":\"https:\/\/www.kogabau.sk\/de\/\"},{\"@type\":\"ListItem\",\"position\":2,\"name\":\"Opava\"}]},{\"@type\":\"WebSite\",\"@id\":\"https:\/\/www.kogabau.sk\/de\/#website\",\"url\":\"https:\/\/www.kogabau.sk\/de\/\",\"name\":\"KOGABAU\",\"description\":\"\",\"publisher\":{\"@id\":\"https:\/\/www.kogabau.sk\/de\/#organization\"},\"potentialAction\":[{\"@type\":\"SearchAction\",\"target\":{\"@type\":\"EntryPoint\",\"urlTemplate\":\"https:\/\/www.kogabau.sk\/de\/?s={search_term_string}\"},\"query-input\":{\"@type\":\"PropertyValueSpecification\",\"valueRequired\":true,\"valueName\":\"search_term_string\"}}],\"inLanguage\":\"de\"},{\"@type\":\"Organization\",\"@id\":\"https:\/\/www.kogabau.sk\/de\/#organization\",\"name\":\"KOGABAU\",\"url\":\"https:\/\/www.kogabau.sk\/de\/\",\"logo\":{\"@type\":\"ImageObject\",\"inLanguage\":\"de\",\"@id\":\"https:\/\/www.kogabau.sk\/de\/#\/schema\/logo\/image\/\",\"url\":\"https:\/\/www.kogabau.sk\/wp-content\/uploads\/2021\/02\/KOGA-BAU-logo-cierne.png\",\"contentUrl\":\"https:\/\/www.kogabau.sk\/wp-content\/uploads\/2021\/02\/KOGA-BAU-logo-cierne.png\",\"width\":516,\"height\":66,\"caption\":\"KOGABAU\"},\"image\":{\"@id\":\"https:\/\/www.kogabau.sk\/de\/#\/schema\/logo\/image\/\"}}]}<\/script>\n<!-- \/ Yoast SEO plugin. -->","yoast_head_json":{"title":"Opava\u00ae \u2013 Gusseisen-Rinnenablauf B125 f\u00fcr Gehwege und Parkpl\u00e4tze | KOGA Bau","description":"Opava\u00ae ist eine Gusseisenrinne der Kategorie B125 nach STN EN 124-2, geeignet f\u00fcr Gehwege und Parkpl\u00e4tze. Sie bietet zuverl\u00e4ssige Entw\u00e4sserung, die M\u00f6glichkeit zur Montage auf DN 450\/500- und A4\/B1-Rinnenk\u00f6rben sowie optionale Gusseisen- oder F\u00fclldeckel mit Ihrem individuellen Motiv. Eine robuste L\u00f6sung von KOGA Bau.","robots":{"index":"index","follow":"follow","max-snippet":"max-snippet:-1","max-image-preview":"max-image-preview:large","max-video-preview":"max-video-preview:-1"},"canonical":"https:\/\/www.kogabau.sk\/de\/opava\/","og_locale":"de_DE","og_type":"article","og_title":"Opava\u00ae \u2013 Gusseisen-Rinnenablauf B125 f\u00fcr Gehwege und Parkpl\u00e4tze | KOGA Bau","og_description":"Opava\u00ae ist eine Gusseisenrinne der Kategorie B125 nach STN EN 124-2, geeignet f\u00fcr Gehwege und Parkpl\u00e4tze. Sie bietet zuverl\u00e4ssige Entw\u00e4sserung, die M\u00f6glichkeit zur Montage auf DN 450\/500- und A4\/B1-Rinnenk\u00f6rben sowie optionale Gusseisen- oder F\u00fclldeckel mit Ihrem individuellen Motiv. Eine robuste L\u00f6sung von KOGA Bau.","og_url":"https:\/\/www.kogabau.sk\/de\/opava\/","og_site_name":"KOGABAU","article_modified_time":"2025-11-14T13:12:51+00:00","og_image":[{"width":575,"height":580,"url":"https:\/\/www.kogabau.sk\/wp-content\/uploads\/2025\/10\/KoGaBau-Opava.png","type":"image\/png"}],"twitter_card":"summary_large_image","twitter_misc":{"Gesch\u00e4tzte Lesezeit":"1\u00a0Minute"},"schema":{"@context":"https:\/\/schema.org","@graph":[{"@type":"WebPage","@id":"https:\/\/www.kogabau.sk\/de\/opava\/","url":"https:\/\/www.kogabau.sk\/de\/opava\/","name":"Opava\u00ae \u2013 Gusseisen-Rinnenablauf B125 f\u00fcr Gehwege und Parkpl\u00e4tze | KOGA Bau","isPartOf":{"@id":"https:\/\/www.kogabau.sk\/de\/#website"},"primaryImageOfPage":{"@id":"https:\/\/www.kogabau.sk\/de\/opava\/#primaryimage"},"image":{"@id":"https:\/\/www.kogabau.sk\/de\/opava\/#primaryimage"},"thumbnailUrl":"https:\/\/www.kogabau.sk\/wp-content\/uploads\/2025\/10\/KoGaBau-Opava.png","datePublished":"2025-10-12T18:11:32+00:00","dateModified":"2025-11-14T13:12:51+00:00","description":"Opava\u00ae ist eine Gusseisenrinne der Kategorie B125 nach STN EN 124-2, geeignet f\u00fcr Gehwege und Parkpl\u00e4tze. Sie bietet zuverl\u00e4ssige Entw\u00e4sserung, die M\u00f6glichkeit zur Montage auf DN 450\/500- und A4\/B1-Rinnenk\u00f6rben sowie optionale Gusseisen- oder F\u00fclldeckel mit Ihrem individuellen Motiv. Eine robuste L\u00f6sung von KOGA Bau.","breadcrumb":{"@id":"https:\/\/www.kogabau.sk\/de\/opava\/#breadcrumb"},"inLanguage":"de","potentialAction":[{"@type":"ReadAction","target":["https:\/\/www.kogabau.sk\/de\/opava\/"]}]},{"@type":"ImageObject","inLanguage":"de","@id":"https:\/\/www.kogabau.sk\/de\/opava\/#primaryimage","url":"https:\/\/www.kogabau.sk\/wp-content\/uploads\/2025\/10\/KoGaBau-Opava.png","contentUrl":"https:\/\/www.kogabau.sk\/wp-content\/uploads\/2025\/10\/KoGaBau-Opava.png"},{"@type":"BreadcrumbList","@id":"https:\/\/www.kogabau.sk\/de\/opava\/#breadcrumb","itemListElement":[{"@type":"ListItem","position":1,"name":"Home","item":"https:\/\/www.kogabau.sk\/de\/"},{"@type":"ListItem","position":2,"name":"Opava"}]},{"@type":"WebSite","@id":"https:\/\/www.kogabau.sk\/de\/#website","url":"https:\/\/www.kogabau.sk\/de\/","name":"KOGABAU","description":"","publisher":{"@id":"https:\/\/www.kogabau.sk\/de\/#organization"},"potentialAction":[{"@type":"SearchAction","target":{"@type":"EntryPoint","urlTemplate":"https:\/\/www.kogabau.sk\/de\/?s={search_term_string}"},"query-input":{"@type":"PropertyValueSpecification","valueRequired":true,"valueName":"search_term_string"}}],"inLanguage":"de"},{"@type":"Organization","@id":"https:\/\/www.kogabau.sk\/de\/#organization","name":"KOGABAU","url":"https:\/\/www.kogabau.sk\/de\/","logo":{"@type":"ImageObject","inLanguage":"de","@id":"https:\/\/www.kogabau.sk\/de\/#\/schema\/logo\/image\/","url":"https:\/\/www.kogabau.sk\/wp-content\/uploads\/2021\/02\/KOGA-BAU-logo-cierne.png","contentUrl":"https:\/\/www.kogabau.sk\/wp-content\/uploads\/2021\/02\/KOGA-BAU-logo-cierne.png","width":516,"height":66,"caption":"KOGABAU"},"image":{"@id":"https:\/\/www.kogabau.sk\/de\/#\/schema\/logo\/image\/"}}]}},"_links":{"self":[{"href":"https:\/\/www.kogabau.sk\/de\/wp-json\/wp\/v2\/pages\/5394","targetHints":{"allow":["GET"]}}],"collection":[{"href":"https:\/\/www.kogabau.sk\/de\/wp-json\/wp\/v2\/pages"}],"about":[{"href":"https:\/\/www.kogabau.sk\/de\/wp-json\/wp\/v2\/types\/page"}],"author":[{"embeddable":true,"href":"https:\/\/www.kogabau.sk\/de\/wp-json\/wp\/v2\/users\/16"}],"replies":[{"embeddable":true,"href":"https:\/\/www.kogabau.sk\/de\/wp-json\/wp\/v2\/comments?post=5394"}],"version-history":[{"count":10,"href":"https:\/\/www.kogabau.sk\/de\/wp-json\/wp\/v2\/pages\/5394\/revisions"}],"predecessor-version":[{"id":7659,"href":"https:\/\/www.kogabau.sk\/de\/wp-json\/wp\/v2\/pages\/5394\/revisions\/7659"}],"wp:attachment":[{"href":"https:\/\/www.kogabau.sk\/de\/wp-json\/wp\/v2\/media?parent=5394"}],"curies":[{"name":"wp","href":"https:\/\/api.w.org\/{rel}","templated":true}]}}