{"id":5407,"date":"2025-10-12T14:32:00","date_gmt":"2025-10-12T12:32:00","guid":{"rendered":"https:\/\/www.kogabau.sk\/palmovka\/"},"modified":"2025-11-09T12:34:12","modified_gmt":"2025-11-09T11:34:12","slug":"palmovka","status":"publish","type":"page","link":"https:\/\/www.kogabau.sk\/de\/palmovka\/","title":{"rendered":"Palmovka"},"content":{"rendered":"\t\t<div data-elementor-type=\"wp-page\" data-elementor-id=\"5407\" class=\"elementor elementor-5407 elementor-1082\" data-elementor-post-type=\"page\">\n\t\t\t\t\t\t<section class=\"elementor-section elementor-top-section elementor-element elementor-element-8c5cc58 elementor-section-boxed elementor-section-height-default elementor-section-height-default\" data-id=\"8c5cc58\" data-element_type=\"section\" data-settings=\"{&quot;background_background&quot;:&quot;classic&quot;}\">\n\t\t\t\t\t\t<div class=\"elementor-container elementor-column-gap-default\">\n\t\t\t\t\t<div class=\"elementor-column elementor-col-100 elementor-top-column elementor-element elementor-element-4c061b6\" data-id=\"4c061b6\" data-element_type=\"column\">\n\t\t\t<div class=\"elementor-widget-wrap elementor-element-populated\">\n\t\t\t\t\t\t<div class=\"elementor-element elementor-element-efc54a5 elementor-widget elementor-widget-spacer\" data-id=\"efc54a5\" data-element_type=\"widget\" data-widget_type=\"spacer.default\">\n\t\t\t\t<div class=\"elementor-widget-container\">\n\t\t\t\t\t\t\t<div class=\"elementor-spacer\">\n\t\t\t<div class=\"elementor-spacer-inner\"><\/div>\n\t\t<\/div>\n\t\t\t\t\t\t<\/div>\n\t\t\t\t<\/div>\n\t\t\t\t<div class=\"elementor-element elementor-element-db8ba8f elementor-widget elementor-widget-heading\" data-id=\"db8ba8f\" data-element_type=\"widget\" data-widget_type=\"heading.default\">\n\t\t\t\t<div class=\"elementor-widget-container\">\n\t\t\t\t\t<h1 class=\"elementor-heading-title elementor-size-default\">Palmovka\u00ae<\/h1>\t\t\t\t<\/div>\n\t\t\t\t<\/div>\n\t\t\t\t\t<\/div>\n\t\t<\/div>\n\t\t\t\t\t<\/div>\n\t\t<\/section>\n\t\t\t\t<section class=\"elementor-section elementor-top-section elementor-element elementor-element-6606034 elementor-reverse-tablet elementor-reverse-mobile elementor-section-boxed elementor-section-height-default elementor-section-height-default\" data-id=\"6606034\" data-element_type=\"section\" data-settings=\"{&quot;background_background&quot;:&quot;classic&quot;}\">\n\t\t\t\t\t\t<div class=\"elementor-container elementor-column-gap-default\">\n\t\t\t\t\t<div class=\"elementor-column elementor-col-50 elementor-top-column elementor-element elementor-element-ea36663\" data-id=\"ea36663\" data-element_type=\"column\">\n\t\t\t<div class=\"elementor-widget-wrap elementor-element-populated\">\n\t\t\t\t\t\t<div class=\"elementor-element elementor-element-b6169b0 elementor-widget elementor-widget-text-editor\" data-id=\"b6169b0\" data-element_type=\"widget\" data-widget_type=\"text-editor.default\">\n\t\t\t\t<div class=\"elementor-widget-container\">\n\t\t\t\t\t\t\t\t\t<p>Die Stadtbank dient zum Verweilen in Parks, auf Pl\u00e4tzen oder in Fu\u00dfg\u00e4ngerzonen. Sie ist aus robustem Gusseisen und Holz gefertigt, was eine lange Lebensdauer und minimalen Wartungsaufwand gew\u00e4hrleistet. Die Seiten der Bank lassen sich individuell anpassen. Dank ihrer Stabilit\u00e4t und ihres Gewichts ist sie widerstandsf\u00e4hig gegen Vandalismus und Witterungseinfl\u00fcsse.   <\/p>\t\t\t\t\t\t\t\t<\/div>\n\t\t\t\t<\/div>\n\t\t\t\t\t<\/div>\n\t\t<\/div>\n\t\t\t\t<div class=\"elementor-column elementor-col-50 elementor-top-column elementor-element elementor-element-215eb55\" data-id=\"215eb55\" data-element_type=\"column\" data-settings=\"{&quot;background_background&quot;:&quot;classic&quot;}\">\n\t\t\t<div class=\"elementor-widget-wrap elementor-element-populated\">\n\t\t\t\t\t\t<div class=\"elementor-element elementor-element-4536708 elementor-widget elementor-widget-image\" data-id=\"4536708\" data-element_type=\"widget\" data-widget_type=\"image.default\">\n\t\t\t\t<div class=\"elementor-widget-container\">\n\t\t\t\t\t\t\t\t\t\t\t\t\t\t\t<img fetchpriority=\"high\" decoding=\"async\" width=\"575\" height=\"580\" src=\"https:\/\/www.kogabau.sk\/wp-content\/uploads\/2025\/10\/KoGaBau-Palmovka.png\" class=\"attachment-full size-full wp-image-5406\" alt=\"\" srcset=\"https:\/\/www.kogabau.sk\/wp-content\/uploads\/2025\/10\/KoGaBau-Palmovka.png 575w, https:\/\/www.kogabau.sk\/wp-content\/uploads\/2025\/10\/KoGaBau-Palmovka-297x300.png 297w, https:\/\/www.kogabau.sk\/wp-content\/uploads\/2025\/10\/KoGaBau-Palmovka-150x150.png 150w\" sizes=\"(max-width: 575px) 100vw, 575px\" \/>\t\t\t\t\t\t\t\t\t\t\t\t\t\t\t<\/div>\n\t\t\t\t<\/div>\n\t\t\t\t\t<\/div>\n\t\t<\/div>\n\t\t\t\t\t<\/div>\n\t\t<\/section>\n\t\t\t\t<\/div>\n\t\t","protected":false},"excerpt":{"rendered":"<p>Palmovka\u00ae Die Stadtbank dient zum Verweilen in Parks, auf Pl\u00e4tzen oder in Fu\u00dfg\u00e4ngerzonen. Sie ist aus robustem Gusseisen und Holz gefertigt, was eine lange Lebensdauer und minimalen Wartungsaufwand gew\u00e4hrleistet. Die Seiten der Bank lassen sich individuell anpassen. Dank ihrer Stabilit\u00e4t und ihres Gewichts ist sie widerstandsf\u00e4hig gegen Vandalismus und Witterungseinfl\u00fcsse.<\/p>\n","protected":false},"author":16,"featured_media":0,"parent":0,"menu_order":0,"comment_status":"closed","ping_status":"closed","template":"","meta":{"footnotes":""},"class_list":["post-5407","page","type-page","status-publish","hentry"],"yoast_head":"<!-- This site is optimized with the Yoast SEO plugin v26.2 - https:\/\/yoast.com\/wordpress\/plugins\/seo\/ -->\n<title>Palmovka\u00ae \u2013 Langlebige urbane Gusseisenbank | KOGA Bau<\/title>\n<meta name=\"description\" content=\"Palmovka\u00ae ist eine robuste Stadtbank aus Gusseisen und Holz, die speziell f\u00fcr Parks, Pl\u00e4tze und Fu\u00dfg\u00e4ngerzonen entwickelt wurde. Sie ist stabil, vandalensicher und die Seiten lassen sich individuell anpassen. Eine langlebige und \u00e4sthetische L\u00f6sung von KOGA Bau.\" \/>\n<meta name=\"robots\" content=\"index, follow, max-snippet:-1, max-image-preview:large, max-video-preview:-1\" \/>\n<link rel=\"canonical\" href=\"https:\/\/www.kogabau.sk\/de\/palmovka\/\" \/>\n<meta property=\"og:locale\" content=\"de_DE\" \/>\n<meta property=\"og:type\" content=\"article\" \/>\n<meta property=\"og:title\" content=\"Palmovka\u00ae \u2013 Langlebige urbane Gusseisenbank | KOGA Bau\" \/>\n<meta property=\"og:description\" content=\"Palmovka\u00ae ist eine robuste Stadtbank aus Gusseisen und Holz, die speziell f\u00fcr Parks, Pl\u00e4tze und Fu\u00dfg\u00e4ngerzonen entwickelt wurde. Sie ist stabil, vandalensicher und die Seiten lassen sich individuell anpassen. Eine langlebige und \u00e4sthetische L\u00f6sung von KOGA Bau.\" \/>\n<meta property=\"og:url\" content=\"https:\/\/www.kogabau.sk\/de\/palmovka\/\" \/>\n<meta property=\"og:site_name\" content=\"KOGABAU\" \/>\n<meta property=\"article:modified_time\" content=\"2025-11-09T11:34:12+00:00\" \/>\n<meta property=\"og:image\" content=\"https:\/\/www.kogabau.sk\/wp-content\/uploads\/2025\/10\/KoGaBau-Palmovka.png\" \/>\n\t<meta property=\"og:image:width\" content=\"575\" \/>\n\t<meta property=\"og:image:height\" content=\"580\" \/>\n\t<meta property=\"og:image:type\" content=\"image\/png\" \/>\n<meta name=\"twitter:card\" content=\"summary_large_image\" \/>\n<script type=\"application\/ld+json\" class=\"yoast-schema-graph\">{\"@context\":\"https:\/\/schema.org\",\"@graph\":[{\"@type\":\"WebPage\",\"@id\":\"https:\/\/www.kogabau.sk\/de\/palmovka\/\",\"url\":\"https:\/\/www.kogabau.sk\/de\/palmovka\/\",\"name\":\"Palmovka\u00ae \u2013 Langlebige urbane Gusseisenbank | KOGA Bau\",\"isPartOf\":{\"@id\":\"https:\/\/www.kogabau.sk\/de\/#website\"},\"primaryImageOfPage\":{\"@id\":\"https:\/\/www.kogabau.sk\/de\/palmovka\/#primaryimage\"},\"image\":{\"@id\":\"https:\/\/www.kogabau.sk\/de\/palmovka\/#primaryimage\"},\"thumbnailUrl\":\"https:\/\/www.kogabau.sk\/wp-content\/uploads\/2025\/10\/KoGaBau-Palmovka.png\",\"datePublished\":\"2025-10-12T12:32:00+00:00\",\"dateModified\":\"2025-11-09T11:34:12+00:00\",\"description\":\"Palmovka\u00ae ist eine robuste Stadtbank aus Gusseisen und Holz, die speziell f\u00fcr Parks, Pl\u00e4tze und Fu\u00dfg\u00e4ngerzonen entwickelt wurde. Sie ist stabil, vandalensicher und die Seiten lassen sich individuell anpassen. Eine langlebige und \u00e4sthetische L\u00f6sung von KOGA Bau.\",\"breadcrumb\":{\"@id\":\"https:\/\/www.kogabau.sk\/de\/palmovka\/#breadcrumb\"},\"inLanguage\":\"de\",\"potentialAction\":[{\"@type\":\"ReadAction\",\"target\":[\"https:\/\/www.kogabau.sk\/de\/palmovka\/\"]}]},{\"@type\":\"ImageObject\",\"inLanguage\":\"de\",\"@id\":\"https:\/\/www.kogabau.sk\/de\/palmovka\/#primaryimage\",\"url\":\"https:\/\/www.kogabau.sk\/wp-content\/uploads\/2025\/10\/KoGaBau-Palmovka.png\",\"contentUrl\":\"https:\/\/www.kogabau.sk\/wp-content\/uploads\/2025\/10\/KoGaBau-Palmovka.png\"},{\"@type\":\"BreadcrumbList\",\"@id\":\"https:\/\/www.kogabau.sk\/de\/palmovka\/#breadcrumb\",\"itemListElement\":[{\"@type\":\"ListItem\",\"position\":1,\"name\":\"Home\",\"item\":\"https:\/\/www.kogabau.sk\/de\/\"},{\"@type\":\"ListItem\",\"position\":2,\"name\":\"Palmovka\"}]},{\"@type\":\"WebSite\",\"@id\":\"https:\/\/www.kogabau.sk\/de\/#website\",\"url\":\"https:\/\/www.kogabau.sk\/de\/\",\"name\":\"KOGABAU\",\"description\":\"\",\"publisher\":{\"@id\":\"https:\/\/www.kogabau.sk\/de\/#organization\"},\"potentialAction\":[{\"@type\":\"SearchAction\",\"target\":{\"@type\":\"EntryPoint\",\"urlTemplate\":\"https:\/\/www.kogabau.sk\/de\/?s={search_term_string}\"},\"query-input\":{\"@type\":\"PropertyValueSpecification\",\"valueRequired\":true,\"valueName\":\"search_term_string\"}}],\"inLanguage\":\"de\"},{\"@type\":\"Organization\",\"@id\":\"https:\/\/www.kogabau.sk\/de\/#organization\",\"name\":\"KOGABAU\",\"url\":\"https:\/\/www.kogabau.sk\/de\/\",\"logo\":{\"@type\":\"ImageObject\",\"inLanguage\":\"de\",\"@id\":\"https:\/\/www.kogabau.sk\/de\/#\/schema\/logo\/image\/\",\"url\":\"https:\/\/www.kogabau.sk\/wp-content\/uploads\/2021\/02\/KOGA-BAU-logo-cierne.png\",\"contentUrl\":\"https:\/\/www.kogabau.sk\/wp-content\/uploads\/2021\/02\/KOGA-BAU-logo-cierne.png\",\"width\":516,\"height\":66,\"caption\":\"KOGABAU\"},\"image\":{\"@id\":\"https:\/\/www.kogabau.sk\/de\/#\/schema\/logo\/image\/\"}}]}<\/script>\n<!-- \/ Yoast SEO plugin. -->","yoast_head_json":{"title":"Palmovka\u00ae \u2013 Langlebige urbane Gusseisenbank | KOGA Bau","description":"Palmovka\u00ae ist eine robuste Stadtbank aus Gusseisen und Holz, die speziell f\u00fcr Parks, Pl\u00e4tze und Fu\u00dfg\u00e4ngerzonen entwickelt wurde. Sie ist stabil, vandalensicher und die Seiten lassen sich individuell anpassen. Eine langlebige und \u00e4sthetische L\u00f6sung von KOGA Bau.","robots":{"index":"index","follow":"follow","max-snippet":"max-snippet:-1","max-image-preview":"max-image-preview:large","max-video-preview":"max-video-preview:-1"},"canonical":"https:\/\/www.kogabau.sk\/de\/palmovka\/","og_locale":"de_DE","og_type":"article","og_title":"Palmovka\u00ae \u2013 Langlebige urbane Gusseisenbank | KOGA Bau","og_description":"Palmovka\u00ae ist eine robuste Stadtbank aus Gusseisen und Holz, die speziell f\u00fcr Parks, Pl\u00e4tze und Fu\u00dfg\u00e4ngerzonen entwickelt wurde. Sie ist stabil, vandalensicher und die Seiten lassen sich individuell anpassen. Eine langlebige und \u00e4sthetische L\u00f6sung von KOGA Bau.","og_url":"https:\/\/www.kogabau.sk\/de\/palmovka\/","og_site_name":"KOGABAU","article_modified_time":"2025-11-09T11:34:12+00:00","og_image":[{"width":575,"height":580,"url":"https:\/\/www.kogabau.sk\/wp-content\/uploads\/2025\/10\/KoGaBau-Palmovka.png","type":"image\/png"}],"twitter_card":"summary_large_image","schema":{"@context":"https:\/\/schema.org","@graph":[{"@type":"WebPage","@id":"https:\/\/www.kogabau.sk\/de\/palmovka\/","url":"https:\/\/www.kogabau.sk\/de\/palmovka\/","name":"Palmovka\u00ae \u2013 Langlebige urbane Gusseisenbank | KOGA Bau","isPartOf":{"@id":"https:\/\/www.kogabau.sk\/de\/#website"},"primaryImageOfPage":{"@id":"https:\/\/www.kogabau.sk\/de\/palmovka\/#primaryimage"},"image":{"@id":"https:\/\/www.kogabau.sk\/de\/palmovka\/#primaryimage"},"thumbnailUrl":"https:\/\/www.kogabau.sk\/wp-content\/uploads\/2025\/10\/KoGaBau-Palmovka.png","datePublished":"2025-10-12T12:32:00+00:00","dateModified":"2025-11-09T11:34:12+00:00","description":"Palmovka\u00ae ist eine robuste Stadtbank aus Gusseisen und Holz, die speziell f\u00fcr Parks, Pl\u00e4tze und Fu\u00dfg\u00e4ngerzonen entwickelt wurde. Sie ist stabil, vandalensicher und die Seiten lassen sich individuell anpassen. Eine langlebige und \u00e4sthetische L\u00f6sung von KOGA Bau.","breadcrumb":{"@id":"https:\/\/www.kogabau.sk\/de\/palmovka\/#breadcrumb"},"inLanguage":"de","potentialAction":[{"@type":"ReadAction","target":["https:\/\/www.kogabau.sk\/de\/palmovka\/"]}]},{"@type":"ImageObject","inLanguage":"de","@id":"https:\/\/www.kogabau.sk\/de\/palmovka\/#primaryimage","url":"https:\/\/www.kogabau.sk\/wp-content\/uploads\/2025\/10\/KoGaBau-Palmovka.png","contentUrl":"https:\/\/www.kogabau.sk\/wp-content\/uploads\/2025\/10\/KoGaBau-Palmovka.png"},{"@type":"BreadcrumbList","@id":"https:\/\/www.kogabau.sk\/de\/palmovka\/#breadcrumb","itemListElement":[{"@type":"ListItem","position":1,"name":"Home","item":"https:\/\/www.kogabau.sk\/de\/"},{"@type":"ListItem","position":2,"name":"Palmovka"}]},{"@type":"WebSite","@id":"https:\/\/www.kogabau.sk\/de\/#website","url":"https:\/\/www.kogabau.sk\/de\/","name":"KOGABAU","description":"","publisher":{"@id":"https:\/\/www.kogabau.sk\/de\/#organization"},"potentialAction":[{"@type":"SearchAction","target":{"@type":"EntryPoint","urlTemplate":"https:\/\/www.kogabau.sk\/de\/?s={search_term_string}"},"query-input":{"@type":"PropertyValueSpecification","valueRequired":true,"valueName":"search_term_string"}}],"inLanguage":"de"},{"@type":"Organization","@id":"https:\/\/www.kogabau.sk\/de\/#organization","name":"KOGABAU","url":"https:\/\/www.kogabau.sk\/de\/","logo":{"@type":"ImageObject","inLanguage":"de","@id":"https:\/\/www.kogabau.sk\/de\/#\/schema\/logo\/image\/","url":"https:\/\/www.kogabau.sk\/wp-content\/uploads\/2021\/02\/KOGA-BAU-logo-cierne.png","contentUrl":"https:\/\/www.kogabau.sk\/wp-content\/uploads\/2021\/02\/KOGA-BAU-logo-cierne.png","width":516,"height":66,"caption":"KOGABAU"},"image":{"@id":"https:\/\/www.kogabau.sk\/de\/#\/schema\/logo\/image\/"}}]}},"_links":{"self":[{"href":"https:\/\/www.kogabau.sk\/de\/wp-json\/wp\/v2\/pages\/5407","targetHints":{"allow":["GET"]}}],"collection":[{"href":"https:\/\/www.kogabau.sk\/de\/wp-json\/wp\/v2\/pages"}],"about":[{"href":"https:\/\/www.kogabau.sk\/de\/wp-json\/wp\/v2\/types\/page"}],"author":[{"embeddable":true,"href":"https:\/\/www.kogabau.sk\/de\/wp-json\/wp\/v2\/users\/16"}],"replies":[{"embeddable":true,"href":"https:\/\/www.kogabau.sk\/de\/wp-json\/wp\/v2\/comments?post=5407"}],"version-history":[{"count":1,"href":"https:\/\/www.kogabau.sk\/de\/wp-json\/wp\/v2\/pages\/5407\/revisions"}],"predecessor-version":[{"id":5408,"href":"https:\/\/www.kogabau.sk\/de\/wp-json\/wp\/v2\/pages\/5407\/revisions\/5408"}],"wp:attachment":[{"href":"https:\/\/www.kogabau.sk\/de\/wp-json\/wp\/v2\/media?parent=5407"}],"curies":[{"name":"wp","href":"https:\/\/api.w.org\/{rel}","templated":true}]}}