{"id":5454,"date":"2025-10-12T16:06:02","date_gmt":"2025-10-12T14:06:02","guid":{"rendered":"https:\/\/www.kogabau.sk\/beratung\/"},"modified":"2025-11-14T14:54:04","modified_gmt":"2025-11-14T13:54:04","slug":"beratung","status":"publish","type":"page","link":"https:\/\/www.kogabau.sk\/de\/beratung\/","title":{"rendered":"Beratung"},"content":{"rendered":"\t\t<div data-elementor-type=\"wp-page\" data-elementor-id=\"5454\" class=\"elementor elementor-5454 elementor-1140\" data-elementor-post-type=\"page\">\n\t\t\t\t\t\t<section class=\"elementor-section elementor-top-section elementor-element elementor-element-4074a75 elementor-section-boxed elementor-section-height-default elementor-section-height-default\" data-id=\"4074a75\" data-element_type=\"section\" data-settings=\"{&quot;background_background&quot;:&quot;classic&quot;}\">\n\t\t\t\t\t\t<div class=\"elementor-container elementor-column-gap-default\">\n\t\t\t\t\t<div class=\"elementor-column elementor-col-100 elementor-top-column elementor-element elementor-element-94e9e1f\" data-id=\"94e9e1f\" data-element_type=\"column\">\n\t\t\t<div class=\"elementor-widget-wrap elementor-element-populated\">\n\t\t\t\t\t\t<div class=\"elementor-element elementor-element-8927d6b elementor-widget elementor-widget-spacer\" data-id=\"8927d6b\" data-element_type=\"widget\" data-widget_type=\"spacer.default\">\n\t\t\t\t<div class=\"elementor-widget-container\">\n\t\t\t\t\t\t\t<div class=\"elementor-spacer\">\n\t\t\t<div class=\"elementor-spacer-inner\"><\/div>\n\t\t<\/div>\n\t\t\t\t\t\t<\/div>\n\t\t\t\t<\/div>\n\t\t\t\t<div class=\"elementor-element elementor-element-a6ab897 elementor-widget elementor-widget-heading\" data-id=\"a6ab897\" data-element_type=\"widget\" data-widget_type=\"heading.default\">\n\t\t\t\t<div class=\"elementor-widget-container\">\n\t\t\t\t\t<h1 class=\"elementor-heading-title elementor-size-default\">Beratung:<\/h1>\t\t\t\t<\/div>\n\t\t\t\t<\/div>\n\t\t\t\t<div class=\"elementor-element elementor-element-4705da6 elementor-widget elementor-widget-heading\" data-id=\"4705da6\" data-element_type=\"widget\" data-widget_type=\"heading.default\">\n\t\t\t\t<div class=\"elementor-widget-container\">\n\t\t\t\t\t<h2 class=\"elementor-heading-title elementor-size-default\">Hydraulische Berechnungen, Erstellung von Produktions- und technischen Dokumentationen f\u00fcr Entw\u00e4sserungssysteme, Schulungen. <\/h2>\t\t\t\t<\/div>\n\t\t\t\t<\/div>\n\t\t\t\t\t<\/div>\n\t\t<\/div>\n\t\t\t\t\t<\/div>\n\t\t<\/section>\n\t\t\t\t<section class=\"elementor-section elementor-top-section elementor-element elementor-element-c1701f4 elementor-section-boxed elementor-section-height-default elementor-section-height-default\" data-id=\"c1701f4\" data-element_type=\"section\" data-settings=\"{&quot;background_background&quot;:&quot;classic&quot;}\">\n\t\t\t\t\t\t<div class=\"elementor-container elementor-column-gap-default\">\n\t\t\t\t\t<div class=\"elementor-column elementor-col-50 elementor-top-column elementor-element elementor-element-4ecf00a\" data-id=\"4ecf00a\" data-element_type=\"column\">\n\t\t\t<div class=\"elementor-widget-wrap elementor-element-populated\">\n\t\t\t\t\t\t<div class=\"elementor-element elementor-element-e43167d elementor-widget elementor-widget-text-editor\" data-id=\"e43167d\" data-element_type=\"widget\" data-widget_type=\"text-editor.default\">\n\t\t\t\t<div class=\"elementor-widget-container\">\n\t\t\t\t\t\t\t\t\t<p>Unser Unternehmen bietet seinen Gesch\u00e4ftspartnern und allen am Bauprozess Beteiligten ein breites Spektrum an Beratungsleistungen an. <\/p><p>Unsere Beratung konzentriert sich haupts\u00e4chlich auf die Unterst\u00fctzung von Planern bei der Planung des gesamten Entw\u00e4sserungssystems. Im Rahmen dieser Zusammenarbeit erstellen wir hydraulische Berechnungen f\u00fcr die Anordnung von Entw\u00e4sserungsleitungen und Rohrleitungen auf der Br\u00fcckenkonstruktion. Anschlie\u00dfend empfehlen wir die optimale Platzierung dieser Br\u00fcckenelemente, um m\u00f6gliche Konflikte mit anderen Br\u00fcckenkomponenten zu vermeiden.   <\/p><p>W\u00e4hrend der Bauphase arbeiten wir eng mit dem Bauunternehmen zusammen und bieten Beratung vor Ort an. Die Beratung konzentriert sich haupts\u00e4chlich auf die korrekte Verwendung der von uns gelieferten Produkte und Ger\u00e4te.  <\/p><p>Unsere Beratungst\u00e4tigkeit konzentriert sich auch auf die Schulung von Planern, Bauleitern und Investoren im Bereich Br\u00fcckenentw\u00e4sserung. Unsere Erfahrung basiert auf \u00fcber zwanzig Jahren Erfahrung unserer Partner und Experten in diesem Bereich. <\/p><p>Im Rahmen unserer T\u00e4tigkeit bieten wir Schulungen f\u00fcr Planer, Bauleiter und Investoren zu neuen Materialtrends und zur korrekten Herstellung von Br\u00fcckenentw\u00e4sserungssystemen an.<\/p>\t\t\t\t\t\t\t\t<\/div>\n\t\t\t\t<\/div>\n\t\t\t\t\t<\/div>\n\t\t<\/div>\n\t\t\t\t<div class=\"elementor-column elementor-col-50 elementor-top-column elementor-element elementor-element-0bb13b5\" data-id=\"0bb13b5\" data-element_type=\"column\">\n\t\t\t<div class=\"elementor-widget-wrap elementor-element-populated\">\n\t\t\t\t\t\t<div class=\"elementor-element elementor-element-a898308 elementor-widget elementor-widget-image\" data-id=\"a898308\" data-element_type=\"widget\" data-widget_type=\"image.default\">\n\t\t\t\t<div class=\"elementor-widget-container\">\n\t\t\t\t\t\t\t\t\t\t\t\t\t\t\t<img fetchpriority=\"high\" decoding=\"async\" width=\"706\" height=\"469\" src=\"https:\/\/www.kogabau.sk\/wp-content\/uploads\/2025\/10\/kogabau-detail-sluzby-poradenstvo.png\" class=\"attachment-full size-full wp-image-5427\" alt=\"\" srcset=\"https:\/\/www.kogabau.sk\/wp-content\/uploads\/2025\/10\/kogabau-detail-sluzby-poradenstvo.png 706w, https:\/\/www.kogabau.sk\/wp-content\/uploads\/2025\/10\/kogabau-detail-sluzby-poradenstvo-300x199.png 300w\" sizes=\"(max-width: 706px) 100vw, 706px\" \/>\t\t\t\t\t\t\t\t\t\t\t\t\t\t\t<\/div>\n\t\t\t\t<\/div>\n\t\t\t\t\t<\/div>\n\t\t<\/div>\n\t\t\t\t\t<\/div>\n\t\t<\/section>\n\t\t\t\t<section class=\"elementor-section elementor-top-section elementor-element elementor-element-947dcea elementor-hidden-mobile elementor-section-boxed elementor-section-height-default elementor-section-height-default\" data-id=\"947dcea\" data-element_type=\"section\" data-settings=\"{&quot;background_background&quot;:&quot;classic&quot;}\">\n\t\t\t\t\t\t<div class=\"elementor-container elementor-column-gap-default\">\n\t\t\t\t\t<div class=\"make-column-clickable-elementor elementor-column elementor-col-100 elementor-top-column elementor-element elementor-element-de2609d\" style=\"cursor: pointer;\" data-column-clickable=\"https:\/\/www.kogabau.sk\/de\/kontakte\/\" data-column-clickable-blank=\"_self\" data-id=\"de2609d\" data-element_type=\"column\" data-settings=\"{&quot;background_background&quot;:&quot;classic&quot;}\">\n\t\t\t<div class=\"elementor-widget-wrap elementor-element-populated\">\n\t\t\t\t\t<div class=\"elementor-background-overlay\"><\/div>\n\t\t\t\t\t\t<div class=\"elementor-element elementor-element-babc8fe elementor-widget elementor-widget-heading\" data-id=\"babc8fe\" data-element_type=\"widget\" data-widget_type=\"heading.default\">\n\t\t\t\t<div class=\"elementor-widget-container\">\n\t\t\t\t\t<h2 class=\"elementor-heading-title elementor-size-default\">Haben Sie Interesse an einer Anmietung?<\/h2>\t\t\t\t<\/div>\n\t\t\t\t<\/div>\n\t\t\t\t<div class=\"elementor-element elementor-element-0cdd8ad elementor-widget elementor-widget-text-editor\" data-id=\"0cdd8ad\" data-element_type=\"widget\" data-widget_type=\"text-editor.default\">\n\t\t\t\t<div class=\"elementor-widget-container\">\n\t\t\t\t\t\t\t\t\t<p>Der Mietpreis wird stets individuell vereinbart. Bei Interesse senden Sie bitte eine E-Mail mit Ihren Anforderungen an <strong>kogabau@kogabau.sk<\/strong> oder kontaktieren Sie uns \u00fcber [Kontaktinformationen einf\u00fcgen]. <br><strong>Kontaktformular<\/strong>. Unsere Vertriebsmitarbeiter werden sich mit Ihnen in Verbindung setzen, um die Mietdetails zu besprechen. <\/p>\t\t\t\t\t\t\t\t<\/div>\n\t\t\t\t<\/div>\n\t\t\t\t<div class=\"elementor-element elementor-element-c7967ce elementor-widget elementor-widget-button\" data-id=\"c7967ce\" data-element_type=\"widget\" data-widget_type=\"button.default\">\n\t\t\t\t<div class=\"elementor-widget-container\">\n\t\t\t\t\t\t\t\t\t<div class=\"elementor-button-wrapper\">\n\t\t\t\t\t<a class=\"elementor-button elementor-button-link elementor-size-sm elementor-animation-grow\" href=\"https:\/\/www.kogabau.sk\/de\/kontakte\/\">\n\t\t\t\t\t\t<span class=\"elementor-button-content-wrapper\">\n\t\t\t\t\t\t\t\t\t<span class=\"elementor-button-text\">KONTAKT<\/span>\n\t\t\t\t\t<\/span>\n\t\t\t\t\t<\/a>\n\t\t\t\t<\/div>\n\t\t\t\t\t\t\t\t<\/div>\n\t\t\t\t<\/div>\n\t\t\t\t\t<\/div>\n\t\t<\/div>\n\t\t\t\t\t<\/div>\n\t\t<\/section>\n\t\t\t\t<\/div>\n\t\t","protected":false},"excerpt":{"rendered":"<p>Beratung: Hydraulische Berechnungen, Erstellung von Produktions- und technischen Dokumentationen f\u00fcr Entw\u00e4sserungssysteme, Schulungen. Unser Unternehmen bietet seinen Gesch\u00e4ftspartnern und allen am Bauprozess Beteiligten ein breites Spektrum an Beratungsleistungen an. Unsere Beratung konzentriert sich haupts\u00e4chlich auf die Unterst\u00fctzung von Planern bei der Planung des gesamten Entw\u00e4sserungssystems. Im Rahmen dieser Zusammenarbeit erstellen wir hydraulische Berechnungen f\u00fcr die Anordnung [&hellip;]<\/p>\n","protected":false},"author":15,"featured_media":0,"parent":0,"menu_order":0,"comment_status":"closed","ping_status":"closed","template":"","meta":{"footnotes":""},"class_list":["post-5454","page","type-page","status-publish","hentry"],"yoast_head":"<!-- This site is optimized with the Yoast SEO plugin v26.2 - https:\/\/yoast.com\/wordpress\/plugins\/seo\/ -->\n<title>Beratung - KOGABAU<\/title>\n<meta name=\"robots\" content=\"index, follow, max-snippet:-1, max-image-preview:large, max-video-preview:-1\" \/>\n<link rel=\"canonical\" href=\"https:\/\/www.kogabau.sk\/de\/beratung\/\" \/>\n<meta property=\"og:locale\" content=\"de_DE\" \/>\n<meta property=\"og:type\" content=\"article\" \/>\n<meta property=\"og:title\" content=\"Beratung - KOGABAU\" \/>\n<meta property=\"og:description\" content=\"Beratung: Hydraulische Berechnungen, Erstellung von Produktions- und technischen Dokumentationen f\u00fcr Entw\u00e4sserungssysteme, Schulungen. Unser Unternehmen bietet seinen Gesch\u00e4ftspartnern und allen am Bauprozess Beteiligten ein breites Spektrum an Beratungsleistungen an. Unsere Beratung konzentriert sich haupts\u00e4chlich auf die Unterst\u00fctzung von Planern bei der Planung des gesamten Entw\u00e4sserungssystems. Im Rahmen dieser Zusammenarbeit erstellen wir hydraulische Berechnungen f\u00fcr die Anordnung [&hellip;]\" \/>\n<meta property=\"og:url\" content=\"https:\/\/www.kogabau.sk\/de\/beratung\/\" \/>\n<meta property=\"og:site_name\" content=\"KOGABAU\" \/>\n<meta property=\"article:modified_time\" content=\"2025-11-14T13:54:04+00:00\" \/>\n<meta property=\"og:image\" content=\"https:\/\/www.kogabau.sk\/wp-content\/uploads\/2025\/10\/kogabau-detail-sluzby-poradenstvo.png\" \/>\n\t<meta property=\"og:image:width\" content=\"706\" \/>\n\t<meta property=\"og:image:height\" content=\"469\" \/>\n\t<meta property=\"og:image:type\" content=\"image\/png\" \/>\n<meta name=\"twitter:card\" content=\"summary_large_image\" \/>\n<meta name=\"twitter:label1\" content=\"Gesch\u00e4tzte Lesezeit\" \/>\n\t<meta name=\"twitter:data1\" content=\"2\u00a0Minuten\" \/>\n<script type=\"application\/ld+json\" class=\"yoast-schema-graph\">{\"@context\":\"https:\/\/schema.org\",\"@graph\":[{\"@type\":\"WebPage\",\"@id\":\"https:\/\/www.kogabau.sk\/de\/beratung\/\",\"url\":\"https:\/\/www.kogabau.sk\/de\/beratung\/\",\"name\":\"Beratung - KOGABAU\",\"isPartOf\":{\"@id\":\"https:\/\/www.kogabau.sk\/de\/#website\"},\"primaryImageOfPage\":{\"@id\":\"https:\/\/www.kogabau.sk\/de\/beratung\/#primaryimage\"},\"image\":{\"@id\":\"https:\/\/www.kogabau.sk\/de\/beratung\/#primaryimage\"},\"thumbnailUrl\":\"https:\/\/www.kogabau.sk\/wp-content\/uploads\/2025\/10\/kogabau-detail-sluzby-poradenstvo.png\",\"datePublished\":\"2025-10-12T14:06:02+00:00\",\"dateModified\":\"2025-11-14T13:54:04+00:00\",\"breadcrumb\":{\"@id\":\"https:\/\/www.kogabau.sk\/de\/beratung\/#breadcrumb\"},\"inLanguage\":\"de\",\"potentialAction\":[{\"@type\":\"ReadAction\",\"target\":[\"https:\/\/www.kogabau.sk\/de\/beratung\/\"]}]},{\"@type\":\"ImageObject\",\"inLanguage\":\"de\",\"@id\":\"https:\/\/www.kogabau.sk\/de\/beratung\/#primaryimage\",\"url\":\"https:\/\/www.kogabau.sk\/wp-content\/uploads\/2025\/10\/kogabau-detail-sluzby-poradenstvo.png\",\"contentUrl\":\"https:\/\/www.kogabau.sk\/wp-content\/uploads\/2025\/10\/kogabau-detail-sluzby-poradenstvo.png\"},{\"@type\":\"BreadcrumbList\",\"@id\":\"https:\/\/www.kogabau.sk\/de\/beratung\/#breadcrumb\",\"itemListElement\":[{\"@type\":\"ListItem\",\"position\":1,\"name\":\"Home\",\"item\":\"https:\/\/www.kogabau.sk\/de\/\"},{\"@type\":\"ListItem\",\"position\":2,\"name\":\"Beratung\"}]},{\"@type\":\"WebSite\",\"@id\":\"https:\/\/www.kogabau.sk\/de\/#website\",\"url\":\"https:\/\/www.kogabau.sk\/de\/\",\"name\":\"KOGABAU\",\"description\":\"\",\"publisher\":{\"@id\":\"https:\/\/www.kogabau.sk\/de\/#organization\"},\"potentialAction\":[{\"@type\":\"SearchAction\",\"target\":{\"@type\":\"EntryPoint\",\"urlTemplate\":\"https:\/\/www.kogabau.sk\/de\/?s={search_term_string}\"},\"query-input\":{\"@type\":\"PropertyValueSpecification\",\"valueRequired\":true,\"valueName\":\"search_term_string\"}}],\"inLanguage\":\"de\"},{\"@type\":\"Organization\",\"@id\":\"https:\/\/www.kogabau.sk\/de\/#organization\",\"name\":\"KOGABAU\",\"url\":\"https:\/\/www.kogabau.sk\/de\/\",\"logo\":{\"@type\":\"ImageObject\",\"inLanguage\":\"de\",\"@id\":\"https:\/\/www.kogabau.sk\/de\/#\/schema\/logo\/image\/\",\"url\":\"https:\/\/www.kogabau.sk\/wp-content\/uploads\/2021\/02\/KOGA-BAU-logo-cierne.png\",\"contentUrl\":\"https:\/\/www.kogabau.sk\/wp-content\/uploads\/2021\/02\/KOGA-BAU-logo-cierne.png\",\"width\":516,\"height\":66,\"caption\":\"KOGABAU\"},\"image\":{\"@id\":\"https:\/\/www.kogabau.sk\/de\/#\/schema\/logo\/image\/\"}}]}<\/script>\n<!-- \/ Yoast SEO plugin. -->","yoast_head_json":{"title":"Beratung - KOGABAU","robots":{"index":"index","follow":"follow","max-snippet":"max-snippet:-1","max-image-preview":"max-image-preview:large","max-video-preview":"max-video-preview:-1"},"canonical":"https:\/\/www.kogabau.sk\/de\/beratung\/","og_locale":"de_DE","og_type":"article","og_title":"Beratung - KOGABAU","og_description":"Beratung: Hydraulische Berechnungen, Erstellung von Produktions- und technischen Dokumentationen f\u00fcr Entw\u00e4sserungssysteme, Schulungen. Unser Unternehmen bietet seinen Gesch\u00e4ftspartnern und allen am Bauprozess Beteiligten ein breites Spektrum an Beratungsleistungen an. Unsere Beratung konzentriert sich haupts\u00e4chlich auf die Unterst\u00fctzung von Planern bei der Planung des gesamten Entw\u00e4sserungssystems. Im Rahmen dieser Zusammenarbeit erstellen wir hydraulische Berechnungen f\u00fcr die Anordnung [&hellip;]","og_url":"https:\/\/www.kogabau.sk\/de\/beratung\/","og_site_name":"KOGABAU","article_modified_time":"2025-11-14T13:54:04+00:00","og_image":[{"width":706,"height":469,"url":"https:\/\/www.kogabau.sk\/wp-content\/uploads\/2025\/10\/kogabau-detail-sluzby-poradenstvo.png","type":"image\/png"}],"twitter_card":"summary_large_image","twitter_misc":{"Gesch\u00e4tzte Lesezeit":"2\u00a0Minuten"},"schema":{"@context":"https:\/\/schema.org","@graph":[{"@type":"WebPage","@id":"https:\/\/www.kogabau.sk\/de\/beratung\/","url":"https:\/\/www.kogabau.sk\/de\/beratung\/","name":"Beratung - KOGABAU","isPartOf":{"@id":"https:\/\/www.kogabau.sk\/de\/#website"},"primaryImageOfPage":{"@id":"https:\/\/www.kogabau.sk\/de\/beratung\/#primaryimage"},"image":{"@id":"https:\/\/www.kogabau.sk\/de\/beratung\/#primaryimage"},"thumbnailUrl":"https:\/\/www.kogabau.sk\/wp-content\/uploads\/2025\/10\/kogabau-detail-sluzby-poradenstvo.png","datePublished":"2025-10-12T14:06:02+00:00","dateModified":"2025-11-14T13:54:04+00:00","breadcrumb":{"@id":"https:\/\/www.kogabau.sk\/de\/beratung\/#breadcrumb"},"inLanguage":"de","potentialAction":[{"@type":"ReadAction","target":["https:\/\/www.kogabau.sk\/de\/beratung\/"]}]},{"@type":"ImageObject","inLanguage":"de","@id":"https:\/\/www.kogabau.sk\/de\/beratung\/#primaryimage","url":"https:\/\/www.kogabau.sk\/wp-content\/uploads\/2025\/10\/kogabau-detail-sluzby-poradenstvo.png","contentUrl":"https:\/\/www.kogabau.sk\/wp-content\/uploads\/2025\/10\/kogabau-detail-sluzby-poradenstvo.png"},{"@type":"BreadcrumbList","@id":"https:\/\/www.kogabau.sk\/de\/beratung\/#breadcrumb","itemListElement":[{"@type":"ListItem","position":1,"name":"Home","item":"https:\/\/www.kogabau.sk\/de\/"},{"@type":"ListItem","position":2,"name":"Beratung"}]},{"@type":"WebSite","@id":"https:\/\/www.kogabau.sk\/de\/#website","url":"https:\/\/www.kogabau.sk\/de\/","name":"KOGABAU","description":"","publisher":{"@id":"https:\/\/www.kogabau.sk\/de\/#organization"},"potentialAction":[{"@type":"SearchAction","target":{"@type":"EntryPoint","urlTemplate":"https:\/\/www.kogabau.sk\/de\/?s={search_term_string}"},"query-input":{"@type":"PropertyValueSpecification","valueRequired":true,"valueName":"search_term_string"}}],"inLanguage":"de"},{"@type":"Organization","@id":"https:\/\/www.kogabau.sk\/de\/#organization","name":"KOGABAU","url":"https:\/\/www.kogabau.sk\/de\/","logo":{"@type":"ImageObject","inLanguage":"de","@id":"https:\/\/www.kogabau.sk\/de\/#\/schema\/logo\/image\/","url":"https:\/\/www.kogabau.sk\/wp-content\/uploads\/2021\/02\/KOGA-BAU-logo-cierne.png","contentUrl":"https:\/\/www.kogabau.sk\/wp-content\/uploads\/2021\/02\/KOGA-BAU-logo-cierne.png","width":516,"height":66,"caption":"KOGABAU"},"image":{"@id":"https:\/\/www.kogabau.sk\/de\/#\/schema\/logo\/image\/"}}]}},"_links":{"self":[{"href":"https:\/\/www.kogabau.sk\/de\/wp-json\/wp\/v2\/pages\/5454","targetHints":{"allow":["GET"]}}],"collection":[{"href":"https:\/\/www.kogabau.sk\/de\/wp-json\/wp\/v2\/pages"}],"about":[{"href":"https:\/\/www.kogabau.sk\/de\/wp-json\/wp\/v2\/types\/page"}],"author":[{"embeddable":true,"href":"https:\/\/www.kogabau.sk\/de\/wp-json\/wp\/v2\/users\/15"}],"replies":[{"embeddable":true,"href":"https:\/\/www.kogabau.sk\/de\/wp-json\/wp\/v2\/comments?post=5454"}],"version-history":[{"count":6,"href":"https:\/\/www.kogabau.sk\/de\/wp-json\/wp\/v2\/pages\/5454\/revisions"}],"predecessor-version":[{"id":7724,"href":"https:\/\/www.kogabau.sk\/de\/wp-json\/wp\/v2\/pages\/5454\/revisions\/7724"}],"wp:attachment":[{"href":"https:\/\/www.kogabau.sk\/de\/wp-json\/wp\/v2\/media?parent=5454"}],"curies":[{"name":"wp","href":"https:\/\/api.w.org\/{rel}","templated":true}]}}