{"id":5483,"date":"2022-02-14T19:56:10","date_gmt":"2022-02-14T18:56:10","guid":{"rendered":"https:\/\/www.kogabau.sk\/verwendung-von-cookies\/"},"modified":"2025-11-10T12:03:57","modified_gmt":"2025-11-10T11:03:57","slug":"verwendung-von-cookies","status":"publish","type":"page","link":"https:\/\/www.kogabau.sk\/de\/verwendung-von-cookies\/","title":{"rendered":"Verwendung von Cookies"},"content":{"rendered":"\t\t<div data-elementor-type=\"wp-post\" data-elementor-id=\"5483\" class=\"elementor elementor-5483 elementor-54\" data-elementor-post-type=\"page\">\n\t\t\t\t\t\t<section class=\"elementor-section elementor-top-section elementor-element elementor-element-b5cb312 elementor-section-boxed elementor-section-height-default elementor-section-height-default\" data-id=\"b5cb312\" data-element_type=\"section\" data-settings=\"{&quot;background_background&quot;:&quot;classic&quot;}\">\n\t\t\t\t\t\t<div class=\"elementor-container elementor-column-gap-default\">\n\t\t\t\t\t<div class=\"elementor-column elementor-col-100 elementor-top-column elementor-element elementor-element-abf7891\" data-id=\"abf7891\" data-element_type=\"column\">\n\t\t\t<div class=\"elementor-widget-wrap elementor-element-populated\">\n\t\t\t\t\t\t<div class=\"elementor-element elementor-element-1c784e0 elementor-widget elementor-widget-spacer\" data-id=\"1c784e0\" data-element_type=\"widget\" data-widget_type=\"spacer.default\">\n\t\t\t\t<div class=\"elementor-widget-container\">\n\t\t\t\t\t\t\t<div class=\"elementor-spacer\">\n\t\t\t<div class=\"elementor-spacer-inner\"><\/div>\n\t\t<\/div>\n\t\t\t\t\t\t<\/div>\n\t\t\t\t<\/div>\n\t\t\t\t<div class=\"elementor-element elementor-element-3649150 elementor-widget elementor-widget-heading\" data-id=\"3649150\" data-element_type=\"widget\" data-widget_type=\"heading.default\">\n\t\t\t\t<div class=\"elementor-widget-container\">\n\t\t\t\t\t<h1 class=\"elementor-heading-title elementor-size-default\">Verwendung von Cookies<\/h1>\t\t\t\t<\/div>\n\t\t\t\t<\/div>\n\t\t\t\t\t<\/div>\n\t\t<\/div>\n\t\t\t\t\t<\/div>\n\t\t<\/section>\n\t\t\t\t<section class=\"elementor-section elementor-top-section elementor-element elementor-element-7711da09 elementor-section-boxed elementor-section-height-default elementor-section-height-default\" data-id=\"7711da09\" data-element_type=\"section\">\n\t\t\t\t\t\t<div class=\"elementor-container elementor-column-gap-default\">\n\t\t\t\t\t<div class=\"elementor-column elementor-col-100 elementor-top-column elementor-element elementor-element-366fd1e\" data-id=\"366fd1e\" data-element_type=\"column\">\n\t\t\t<div class=\"elementor-widget-wrap elementor-element-populated\">\n\t\t\t\t\t\t<div class=\"elementor-element elementor-element-e96d9be elementor-widget elementor-widget-spacer\" data-id=\"e96d9be\" data-element_type=\"widget\" data-widget_type=\"spacer.default\">\n\t\t\t\t<div class=\"elementor-widget-container\">\n\t\t\t\t\t\t\t<div class=\"elementor-spacer\">\n\t\t\t<div class=\"elementor-spacer-inner\"><\/div>\n\t\t<\/div>\n\t\t\t\t\t\t<\/div>\n\t\t\t\t<\/div>\n\t\t\t\t<div class=\"elementor-element elementor-element-5e903318 elementor-widget elementor-widget-text-editor\" data-id=\"5e903318\" data-element_type=\"widget\" data-widget_type=\"text-editor.default\">\n\t\t\t\t<div class=\"elementor-widget-container\">\n\t\t\t\t\t\t\t\t\tDiese Grunds\u00e4tze enthalten Informationen dar\u00fcber, wie KOGA Bau s.r.o., mit Sitz in Kop\u010dianska 3756\/10, 851 01 Bratislava \u2013 Stadtbezirk Petr\u017ealka, Firmen-ID: 45462283, eingetragen im Handelsregister des Stadtgerichts Bratislava III, Aktenzeichen 118615\/B<br>(nachfolgend \u201eBetreiber\u201c genannt) Cookies und \u00e4hnliche Technologien (nachfolgend \u201eCookies\u201c genannt) verwendet. \t\t\t\t\t\t\t\t<\/div>\n\t\t\t\t<\/div>\n\t\t\t\t<div class=\"elementor-element elementor-element-9fa745d elementor-widget elementor-widget-heading\" data-id=\"9fa745d\" data-element_type=\"widget\" data-widget_type=\"heading.default\">\n\t\t\t\t<div class=\"elementor-widget-container\">\n\t\t\t\t\t<h2 class=\"elementor-heading-title elementor-size-default\">Was sind Cookies?<\/h2>\t\t\t\t<\/div>\n\t\t\t\t<\/div>\n\t\t\t\t<div class=\"elementor-element elementor-element-53b9e417 elementor-widget elementor-widget-text-editor\" data-id=\"53b9e417\" data-element_type=\"widget\" data-widget_type=\"text-editor.default\">\n\t\t\t\t<div class=\"elementor-widget-container\">\n\t\t\t\t\t\t\t\t\t<p>Cookies sind kleine Textdateien, die beim Besuch einer Website an Ihren Browser gesendet und auf Ihrem Ger\u00e4t (Computer oder einem anderen internetf\u00e4higen Ger\u00e4t wie Smartphone oder Tablet) gespeichert werden. Sie befinden sich im Dateiverzeichnis Ihres Browsers und enthalten \u00fcblicherweise den Namen der Website, von der sie stammen, ihre G\u00fcltigkeitsdauer und ihren Wert. Beim n\u00e4chsten Besuch der Website l\u00e4dt der Browser die Cookies neu und sendet diese Informationen an die Website zur\u00fcck, die die Cookies urspr\u00fcnglich erstellt hat. Die von uns verwendeten Cookies schaden Ihrem Computer oder Ger\u00e4t nicht.    <\/p>\t\t\t\t\t\t\t\t<\/div>\n\t\t\t\t<\/div>\n\t\t\t\t<div class=\"elementor-element elementor-element-2b8a5428 elementor-widget elementor-widget-heading\" data-id=\"2b8a5428\" data-element_type=\"widget\" data-widget_type=\"heading.default\">\n\t\t\t\t<div class=\"elementor-widget-container\">\n\t\t\t\t\t<h2 class=\"elementor-heading-title elementor-size-default\">Warum verwenden wir Cookies?<\/h2>\t\t\t\t<\/div>\n\t\t\t\t<\/div>\n\t\t\t\t<div class=\"elementor-element elementor-element-d895c32 elementor-widget elementor-widget-text-editor\" data-id=\"d895c32\" data-element_type=\"widget\" data-widget_type=\"text-editor.default\">\n\t\t\t\t<div class=\"elementor-widget-container\">\n\t\t\t\t\t\t\t\t\t<p>Wir verwenden Cookies, um unsere Dienste optimal zu gestalten und kontinuierlich zu verbessern, sie an Ihre Interessen und Bed\u00fcrfnisse anzupassen sowie ihre Struktur und Inhalte zu optimieren. Auf der Website www.kogabau.sk k\u00f6nnen tempor\u00e4re und permanente Cookies zum Einsatz kommen. Tempor\u00e4re Cookies werden auf Ihrem Ger\u00e4t gespeichert, bis Sie die Website verlassen. Permanente Cookies verbleiben auf Ihrem Ger\u00e4t, bis sie ablaufen oder Sie sie manuell l\u00f6schen. Die Speicherdauer h\u00e4ngt vom jeweiligen Cookie-Typ ab.    <\/p>\t\t\t\t\t\t\t\t<\/div>\n\t\t\t\t<\/div>\n\t\t\t\t<div class=\"elementor-element elementor-element-8fbe329 elementor-widget elementor-widget-heading\" data-id=\"8fbe329\" data-element_type=\"widget\" data-widget_type=\"heading.default\">\n\t\t\t\t<div class=\"elementor-widget-container\">\n\t\t\t\t\t<h2 class=\"elementor-heading-title elementor-size-default\">Wir verwenden auf unserer Website ausschlie\u00dflich notwendige Cookies:<\/h2>\t\t\t\t<\/div>\n\t\t\t\t<\/div>\n\t\t\t\t<div class=\"elementor-element elementor-element-70610cef elementor-widget elementor-widget-text-editor\" data-id=\"70610cef\" data-element_type=\"widget\" data-widget_type=\"text-editor.default\">\n\t\t\t\t<div class=\"elementor-widget-container\">\n\t\t\t\t\t\t\t\t\t<p>Diese Cookies sind die Grundlage f\u00fcr den Betrieb unserer Website und erm\u00f6glichen die Nutzung grundlegender Funktionen. Ohne diese Cookies k\u00f6nnten wir die Dienste, die die Grundlage unserer Website bilden, nicht bereitstellen, da Ihnen einige Funktionen unserer Website nicht korrekt angezeigt w\u00fcrden. <\/p><p> <\/p><p>Gem\u00e4\u00df geltendem Recht ist der Betreiber berechtigt, funktionale Cookies auch ohne Ihre Einwilligung auf Ihrem Ger\u00e4t zu speichern. Sie k\u00f6nnen die Verwendung funktionaler Cookies in Ihren Browsereinstellungen deaktivieren. In diesem Fall werden jedoch einige Funktionen der Website nicht korrekt angezeigt.  <\/p>\t\t\t\t\t\t\t\t<\/div>\n\t\t\t\t<\/div>\n\t\t\t\t<div class=\"elementor-element elementor-element-75279ffb elementor-widget elementor-widget-heading\" data-id=\"75279ffb\" data-element_type=\"widget\" data-widget_type=\"heading.default\">\n\t\t\t\t<div class=\"elementor-widget-container\">\n\t\t\t\t\t<h2 class=\"elementor-heading-title elementor-size-default\">Wie kann ich meine Cookie-Einstellungen \u00e4ndern?<\/h2>\t\t\t\t<\/div>\n\t\t\t\t<\/div>\n\t\t\t\t<div class=\"elementor-element elementor-element-734f6fc0 elementor-widget elementor-widget-text-editor\" data-id=\"734f6fc0\" data-element_type=\"widget\" data-widget_type=\"text-editor.default\">\n\t\t\t\t<div class=\"elementor-widget-container\">\n\t\t\t\t\t\t\t\t\t<p>Sie k\u00f6nnen Ihre Einwilligung zur Speicherung von Cookies auf Ihrem Ger\u00e4t jederzeit in den Cookie-Einstellungen Ihres Webbrowsers widerrufen oder \u00e4ndern.<\/p>\t\t\t\t\t\t\t\t<\/div>\n\t\t\t\t<\/div>\n\t\t\t\t<div class=\"elementor-element elementor-element-4e182f78 elementor-widget elementor-widget-heading\" data-id=\"4e182f78\" data-element_type=\"widget\" data-widget_type=\"heading.default\">\n\t\t\t\t<div class=\"elementor-widget-container\">\n\t\t\t\t\t<h2 class=\"elementor-heading-title elementor-size-default\">G\u00fcltigkeit<\/h2>\t\t\t\t<\/div>\n\t\t\t\t<\/div>\n\t\t\t\t<div class=\"elementor-element elementor-element-3689263a elementor-widget elementor-widget-text-editor\" data-id=\"3689263a\" data-element_type=\"widget\" data-widget_type=\"text-editor.default\">\n\t\t\t\t<div class=\"elementor-widget-container\">\n\t\t\t\t\t\t\t\t\t<p>Diese aktualisierte Cookie-Richtlinie auf unserer Website ist ab dem 1. Februar 2022 g\u00fcltig. Der Betreiber ist berechtigt, diese Cookie-Richtlinie zu aktualisieren und zu \u00e4ndern. <\/p>\t\t\t\t\t\t\t\t<\/div>\n\t\t\t\t<\/div>\n\t\t\t\t<div class=\"elementor-element elementor-element-6a1b2dfd elementor-widget elementor-widget-heading\" data-id=\"6a1b2dfd\" data-element_type=\"widget\" data-widget_type=\"heading.default\">\n\t\t\t\t<div class=\"elementor-widget-container\">\n\t\t\t\t\t<h2 class=\"elementor-heading-title elementor-size-default\">Liste der auf der Website www.kogabau.sk verwendeten Cookies<\/h2>\t\t\t\t<\/div>\n\t\t\t\t<\/div>\n\t\t\t\t<div class=\"elementor-element elementor-element-74355cca elementor-widget elementor-widget-text-editor\" data-id=\"74355cca\" data-element_type=\"widget\" data-widget_type=\"text-editor.default\">\n\t\t\t\t<div class=\"elementor-widget-container\">\n\t\t\t\t\t\t\t\t\t<p>Kategorie: Grundausstattung (1)<\/p>\n<table>\n<tbody>\n<tr>\n<td width=\"143\">\n<p><strong>NAME DES COOKIES<\/strong><\/p>\n<\/td>\n<td width=\"148\">\n<p><strong>ANBIETER<\/strong><\/p>\n<\/td>\n<td width=\"40\">\n<p><strong>TYP<\/strong><\/p>\n<\/td>\n<td width=\"74\">\n<p><strong>L\u00c4UFT AB<\/strong><\/p>\n<\/td>\n<td width=\"66\">\n<p><strong>GESENDET AN<\/strong><\/p>\n<\/td>\n<td width=\"120\">\n<p><strong>BESCHREIBUNG<\/strong><\/p>\n<\/td>\n<\/tr>\n<tr>\n<td width=\"143\">\n<p>elementor<\/p>\n<\/td>\n<td width=\"148\">\n<p>kogabau.sk<\/p>\n<\/td>\n<td width=\"40\">\n<p>HTML<\/p>\n<\/td>\n<td width=\"74\">\n<p>Dauerhaft<\/p>\n<\/td>\n<td width=\"66\">\n<p>Slowakei<\/p>\n<\/td>\n<td width=\"120\">\n<p>Wird im Kontext eines WordPress-Themes einer Website verwendet. Der Cookie erm\u00f6glicht es dem Website-Betreiber, den Inhalt der Website in Echtzeit zu implementieren oder zu \u00e4ndern. <\/p>\n<\/td>\n<\/tr>\n<\/tbody>\n<\/table>\t\t\t\t\t\t\t\t<\/div>\n\t\t\t\t<\/div>\n\t\t\t\t\t<\/div>\n\t\t<\/div>\n\t\t\t\t\t<\/div>\n\t\t<\/section>\n\t\t\t\t<\/div>\n\t\t","protected":false},"excerpt":{"rendered":"<p>Verwendung von Cookies Diese Grunds\u00e4tze enthalten Informationen dar\u00fcber, wie KOGA Bau s.r.o., mit Sitz in Kop\u010dianska 3756\/10, 851 01 Bratislava \u2013 Stadtbezirk Petr\u017ealka, Firmen-ID: 45462283, eingetragen im Handelsregister des Stadtgerichts Bratislava III, Aktenzeichen 118615\/B(nachfolgend \u201eBetreiber\u201c genannt) Cookies und \u00e4hnliche Technologien (nachfolgend \u201eCookies\u201c genannt) verwendet. Was sind Cookies? Cookies sind kleine Textdateien, die beim Besuch einer [&hellip;]<\/p>\n","protected":false},"author":3,"featured_media":0,"parent":0,"menu_order":0,"comment_status":"closed","ping_status":"closed","template":"elementor_header_footer","meta":{"footnotes":""},"class_list":["post-5483","page","type-page","status-publish","hentry"],"yoast_head":"<!-- This site is optimized with the Yoast SEO plugin v26.2 - https:\/\/yoast.com\/wordpress\/plugins\/seo\/ -->\n<title>Verwendung von Cookies<\/title>\n<meta name=\"description\" content=\"Lesen Sie hier, wie wir Cookies verarbeiten.\" \/>\n<meta name=\"robots\" content=\"index, follow, max-snippet:-1, max-image-preview:large, max-video-preview:-1\" \/>\n<link rel=\"canonical\" href=\"https:\/\/www.kogabau.sk\/de\/verwendung-von-cookies\/\" \/>\n<meta property=\"og:locale\" content=\"de_DE\" \/>\n<meta property=\"og:type\" content=\"article\" \/>\n<meta property=\"og:title\" content=\"Verwendung von Cookies\" \/>\n<meta property=\"og:description\" content=\"Lesen Sie hier, wie wir Cookies verarbeiten.\" \/>\n<meta property=\"og:url\" content=\"https:\/\/www.kogabau.sk\/de\/verwendung-von-cookies\/\" \/>\n<meta property=\"og:site_name\" content=\"KOGABAU\" \/>\n<meta property=\"article:modified_time\" content=\"2025-11-10T11:03:57+00:00\" \/>\n<meta name=\"twitter:card\" content=\"summary_large_image\" \/>\n<meta name=\"twitter:label1\" content=\"Gesch\u00e4tzte Lesezeit\" \/>\n\t<meta name=\"twitter:data1\" content=\"2\u00a0Minuten\" \/>\n<script type=\"application\/ld+json\" class=\"yoast-schema-graph\">{\"@context\":\"https:\/\/schema.org\",\"@graph\":[{\"@type\":\"WebPage\",\"@id\":\"https:\/\/www.kogabau.sk\/de\/verwendung-von-cookies\/\",\"url\":\"https:\/\/www.kogabau.sk\/de\/verwendung-von-cookies\/\",\"name\":\"Verwendung von Cookies\",\"isPartOf\":{\"@id\":\"https:\/\/www.kogabau.sk\/de\/#website\"},\"datePublished\":\"2022-02-14T18:56:10+00:00\",\"dateModified\":\"2025-11-10T11:03:57+00:00\",\"description\":\"Lesen Sie hier, wie wir Cookies verarbeiten.\",\"breadcrumb\":{\"@id\":\"https:\/\/www.kogabau.sk\/de\/verwendung-von-cookies\/#breadcrumb\"},\"inLanguage\":\"de\",\"potentialAction\":[{\"@type\":\"ReadAction\",\"target\":[\"https:\/\/www.kogabau.sk\/de\/verwendung-von-cookies\/\"]}]},{\"@type\":\"BreadcrumbList\",\"@id\":\"https:\/\/www.kogabau.sk\/de\/verwendung-von-cookies\/#breadcrumb\",\"itemListElement\":[{\"@type\":\"ListItem\",\"position\":1,\"name\":\"Home\",\"item\":\"https:\/\/www.kogabau.sk\/de\/\"},{\"@type\":\"ListItem\",\"position\":2,\"name\":\"Verwendung von Cookies\"}]},{\"@type\":\"WebSite\",\"@id\":\"https:\/\/www.kogabau.sk\/de\/#website\",\"url\":\"https:\/\/www.kogabau.sk\/de\/\",\"name\":\"KOGABAU\",\"description\":\"\",\"publisher\":{\"@id\":\"https:\/\/www.kogabau.sk\/de\/#organization\"},\"potentialAction\":[{\"@type\":\"SearchAction\",\"target\":{\"@type\":\"EntryPoint\",\"urlTemplate\":\"https:\/\/www.kogabau.sk\/de\/?s={search_term_string}\"},\"query-input\":{\"@type\":\"PropertyValueSpecification\",\"valueRequired\":true,\"valueName\":\"search_term_string\"}}],\"inLanguage\":\"de\"},{\"@type\":\"Organization\",\"@id\":\"https:\/\/www.kogabau.sk\/de\/#organization\",\"name\":\"KOGABAU\",\"url\":\"https:\/\/www.kogabau.sk\/de\/\",\"logo\":{\"@type\":\"ImageObject\",\"inLanguage\":\"de\",\"@id\":\"https:\/\/www.kogabau.sk\/de\/#\/schema\/logo\/image\/\",\"url\":\"https:\/\/www.kogabau.sk\/wp-content\/uploads\/2021\/02\/KOGA-BAU-logo-cierne.png\",\"contentUrl\":\"https:\/\/www.kogabau.sk\/wp-content\/uploads\/2021\/02\/KOGA-BAU-logo-cierne.png\",\"width\":516,\"height\":66,\"caption\":\"KOGABAU\"},\"image\":{\"@id\":\"https:\/\/www.kogabau.sk\/de\/#\/schema\/logo\/image\/\"}}]}<\/script>\n<!-- \/ Yoast SEO plugin. -->","yoast_head_json":{"title":"Verwendung von Cookies","description":"Lesen Sie hier, wie wir Cookies verarbeiten.","robots":{"index":"index","follow":"follow","max-snippet":"max-snippet:-1","max-image-preview":"max-image-preview:large","max-video-preview":"max-video-preview:-1"},"canonical":"https:\/\/www.kogabau.sk\/de\/verwendung-von-cookies\/","og_locale":"de_DE","og_type":"article","og_title":"Verwendung von Cookies","og_description":"Lesen Sie hier, wie wir Cookies verarbeiten.","og_url":"https:\/\/www.kogabau.sk\/de\/verwendung-von-cookies\/","og_site_name":"KOGABAU","article_modified_time":"2025-11-10T11:03:57+00:00","twitter_card":"summary_large_image","twitter_misc":{"Gesch\u00e4tzte Lesezeit":"2\u00a0Minuten"},"schema":{"@context":"https:\/\/schema.org","@graph":[{"@type":"WebPage","@id":"https:\/\/www.kogabau.sk\/de\/verwendung-von-cookies\/","url":"https:\/\/www.kogabau.sk\/de\/verwendung-von-cookies\/","name":"Verwendung von Cookies","isPartOf":{"@id":"https:\/\/www.kogabau.sk\/de\/#website"},"datePublished":"2022-02-14T18:56:10+00:00","dateModified":"2025-11-10T11:03:57+00:00","description":"Lesen Sie hier, wie wir Cookies verarbeiten.","breadcrumb":{"@id":"https:\/\/www.kogabau.sk\/de\/verwendung-von-cookies\/#breadcrumb"},"inLanguage":"de","potentialAction":[{"@type":"ReadAction","target":["https:\/\/www.kogabau.sk\/de\/verwendung-von-cookies\/"]}]},{"@type":"BreadcrumbList","@id":"https:\/\/www.kogabau.sk\/de\/verwendung-von-cookies\/#breadcrumb","itemListElement":[{"@type":"ListItem","position":1,"name":"Home","item":"https:\/\/www.kogabau.sk\/de\/"},{"@type":"ListItem","position":2,"name":"Verwendung von Cookies"}]},{"@type":"WebSite","@id":"https:\/\/www.kogabau.sk\/de\/#website","url":"https:\/\/www.kogabau.sk\/de\/","name":"KOGABAU","description":"","publisher":{"@id":"https:\/\/www.kogabau.sk\/de\/#organization"},"potentialAction":[{"@type":"SearchAction","target":{"@type":"EntryPoint","urlTemplate":"https:\/\/www.kogabau.sk\/de\/?s={search_term_string}"},"query-input":{"@type":"PropertyValueSpecification","valueRequired":true,"valueName":"search_term_string"}}],"inLanguage":"de"},{"@type":"Organization","@id":"https:\/\/www.kogabau.sk\/de\/#organization","name":"KOGABAU","url":"https:\/\/www.kogabau.sk\/de\/","logo":{"@type":"ImageObject","inLanguage":"de","@id":"https:\/\/www.kogabau.sk\/de\/#\/schema\/logo\/image\/","url":"https:\/\/www.kogabau.sk\/wp-content\/uploads\/2021\/02\/KOGA-BAU-logo-cierne.png","contentUrl":"https:\/\/www.kogabau.sk\/wp-content\/uploads\/2021\/02\/KOGA-BAU-logo-cierne.png","width":516,"height":66,"caption":"KOGABAU"},"image":{"@id":"https:\/\/www.kogabau.sk\/de\/#\/schema\/logo\/image\/"}}]}},"_links":{"self":[{"href":"https:\/\/www.kogabau.sk\/de\/wp-json\/wp\/v2\/pages\/5483","targetHints":{"allow":["GET"]}}],"collection":[{"href":"https:\/\/www.kogabau.sk\/de\/wp-json\/wp\/v2\/pages"}],"about":[{"href":"https:\/\/www.kogabau.sk\/de\/wp-json\/wp\/v2\/types\/page"}],"author":[{"embeddable":true,"href":"https:\/\/www.kogabau.sk\/de\/wp-json\/wp\/v2\/users\/3"}],"replies":[{"embeddable":true,"href":"https:\/\/www.kogabau.sk\/de\/wp-json\/wp\/v2\/comments?post=5483"}],"version-history":[{"count":3,"href":"https:\/\/www.kogabau.sk\/de\/wp-json\/wp\/v2\/pages\/5483\/revisions"}],"predecessor-version":[{"id":6118,"href":"https:\/\/www.kogabau.sk\/de\/wp-json\/wp\/v2\/pages\/5483\/revisions\/6118"}],"wp:attachment":[{"href":"https:\/\/www.kogabau.sk\/de\/wp-json\/wp\/v2\/media?parent=5483"}],"curies":[{"name":"wp","href":"https:\/\/api.w.org\/{rel}","templated":true}]}}