{"id":5586,"date":"2025-10-20T15:35:58","date_gmt":"2025-10-20T13:35:58","guid":{"rendered":"https:\/\/www.kogabau.sk\/rumaenien-craiova\/"},"modified":"2025-11-09T13:01:37","modified_gmt":"2025-11-09T12:01:37","slug":"rumaenien-craiova","status":"publish","type":"page","link":"https:\/\/www.kogabau.sk\/de\/rumaenien-craiova\/","title":{"rendered":"Rum\u00e4nien &#8211; Craiova"},"content":{"rendered":"\t\t<div data-elementor-type=\"wp-page\" data-elementor-id=\"5586\" class=\"elementor elementor-5586 elementor-2709\" data-elementor-post-type=\"page\">\n\t\t\t\t\t\t<section class=\"elementor-section elementor-top-section elementor-element elementor-element-8148f91 elementor-section-boxed elementor-section-height-default elementor-section-height-default\" data-id=\"8148f91\" data-element_type=\"section\" data-settings=\"{&quot;background_background&quot;:&quot;classic&quot;}\">\n\t\t\t\t\t\t<div class=\"elementor-container elementor-column-gap-default\">\n\t\t\t\t\t<div class=\"elementor-column elementor-col-100 elementor-top-column elementor-element elementor-element-5a3b9b3\" data-id=\"5a3b9b3\" data-element_type=\"column\">\n\t\t\t<div class=\"elementor-widget-wrap elementor-element-populated\">\n\t\t\t\t\t\t<div class=\"elementor-element elementor-element-fd30b84 elementor-widget elementor-widget-spacer\" data-id=\"fd30b84\" data-element_type=\"widget\" data-widget_type=\"spacer.default\">\n\t\t\t\t<div class=\"elementor-widget-container\">\n\t\t\t\t\t\t\t<div class=\"elementor-spacer\">\n\t\t\t<div class=\"elementor-spacer-inner\"><\/div>\n\t\t<\/div>\n\t\t\t\t\t\t<\/div>\n\t\t\t\t<\/div>\n\t\t\t\t<div class=\"elementor-element elementor-element-b019a02 elementor-widget elementor-widget-heading\" data-id=\"b019a02\" data-element_type=\"widget\" data-widget_type=\"heading.default\">\n\t\t\t\t<div class=\"elementor-widget-container\">\n\t\t\t\t\t<h1 class=\"elementor-heading-title elementor-size-default\">Rum\u00e4nien - Craiova<\/h1>\t\t\t\t<\/div>\n\t\t\t\t<\/div>\n\t\t\t\t<div class=\"elementor-element elementor-element-47983e0 elementor-widget elementor-widget-heading\" data-id=\"47983e0\" data-element_type=\"widget\" data-widget_type=\"heading.default\">\n\t\t\t\t<div class=\"elementor-widget-container\">\n\t\t\t\t\t<h2 class=\"elementor-heading-title elementor-size-default\">Bau einer U-Bahn in der Stadt: <\/h2>\t\t\t\t<\/div>\n\t\t\t\t<\/div>\n\t\t\t\t\t<\/div>\n\t\t<\/div>\n\t\t\t\t\t<\/div>\n\t\t<\/section>\n\t\t\t\t<section class=\"elementor-section elementor-top-section elementor-element elementor-element-29395f9 elementor-section-boxed elementor-section-height-default elementor-section-height-default\" data-id=\"29395f9\" data-element_type=\"section\" data-settings=\"{&quot;background_background&quot;:&quot;classic&quot;}\">\n\t\t\t\t\t\t<div class=\"elementor-container elementor-column-gap-default\">\n\t\t\t\t\t<div class=\"elementor-column elementor-col-50 elementor-top-column elementor-element elementor-element-4c29deb\" data-id=\"4c29deb\" data-element_type=\"column\">\n\t\t\t<div class=\"elementor-widget-wrap elementor-element-populated\">\n\t\t\t\t\t\t<div class=\"elementor-element elementor-element-b7dbd86 elementor-widget elementor-widget-heading\" data-id=\"b7dbd86\" data-element_type=\"widget\" data-widget_type=\"heading.default\">\n\t\t\t\t<div class=\"elementor-widget-container\">\n\t\t\t\t\t<h2 class=\"elementor-heading-title elementor-size-default\">Lokalisierung<\/h2>\t\t\t\t<\/div>\n\t\t\t\t<\/div>\n\t\t\t\t<div class=\"elementor-element elementor-element-0626055 elementor-widget elementor-widget-text-editor\" data-id=\"0626055\" data-element_type=\"widget\" data-widget_type=\"text-editor.default\">\n\t\t\t\t<div class=\"elementor-widget-container\">\n\t\t\t\t\t\t\t\t\t<p>Land: Rum\u00e4nien<\/p><p>Stadt: Craiova<\/p><p>Adresse: Aries Street 9<\/p><p>GPS-Koordinaten: 44.316741N, 23.801528E<\/p>\t\t\t\t\t\t\t\t<\/div>\n\t\t\t\t<\/div>\n\t\t\t\t<div class=\"elementor-element elementor-element-01b8870 elementor-widget elementor-widget-heading\" data-id=\"01b8870\" data-element_type=\"widget\" data-widget_type=\"heading.default\">\n\t\t\t\t<div class=\"elementor-widget-container\">\n\t\t\t\t\t<h2 class=\"elementor-heading-title elementor-size-default\">Beteiligte Parteien:<\/h2>\t\t\t\t<\/div>\n\t\t\t\t<\/div>\n\t\t\t\t<div class=\"elementor-element elementor-element-711a439 elementor-widget elementor-widget-text-editor\" data-id=\"711a439\" data-element_type=\"widget\" data-widget_type=\"text-editor.default\">\n\t\t\t\t<div class=\"elementor-widget-container\">\n\t\t\t\t\t\t\t\t\t<p>Investor: Stadt Craiova<\/p><p>Konstruktionsb\u00fcro: SC<\/p><p>SEARCH CORPORATION SRL<br><br>Auftragnehmer: S.C. MITLIV EXIM S.R.L.<\/p>\t\t\t\t\t\t\t\t<\/div>\n\t\t\t\t<\/div>\n\t\t\t\t<div class=\"elementor-element elementor-element-8469b97 elementor-widget elementor-widget-heading\" data-id=\"8469b97\" data-element_type=\"widget\" data-widget_type=\"heading.default\">\n\t\t\t\t<div class=\"elementor-widget-container\">\n\t\t\t\t\t<h2 class=\"elementor-heading-title elementor-size-default\">Beschreibung der Geb\u00e4udestrukturen:<\/h2>\t\t\t\t<\/div>\n\t\t\t\t<\/div>\n\t\t\t\t<div class=\"elementor-element elementor-element-a67bc67 elementor-widget elementor-widget-text-editor\" data-id=\"a67bc67\" data-element_type=\"widget\" data-widget_type=\"text-editor.default\">\n\t\t\t\t<div class=\"elementor-widget-container\">\n\t\t\t\t\t\t\t\t\t<p>Br\u00fcckenl\u00e4nge: 240 m<\/p><p> Br\u00fcckenh\u00f6he: 4,0 m<\/p><p>Br\u00fcckenbau: Unterf\u00fchrung<\/p>\t\t\t\t\t\t\t\t<\/div>\n\t\t\t\t<\/div>\n\t\t\t\t<div class=\"elementor-element elementor-element-2839a4c elementor-widget elementor-widget-heading\" data-id=\"2839a4c\" data-element_type=\"widget\" data-widget_type=\"heading.default\">\n\t\t\t\t<div class=\"elementor-widget-container\">\n\t\t\t\t\t<h2 class=\"elementor-heading-title elementor-size-default\">Beschreibung der Entw\u00e4sserung:<\/h2>\t\t\t\t<\/div>\n\t\t\t\t<\/div>\n\t\t\t\t<div class=\"elementor-element elementor-element-02cdff5 elementor-widget elementor-widget-text-editor\" data-id=\"02cdff5\" data-element_type=\"widget\" data-widget_type=\"text-editor.default\">\n\t\t\t\t<div class=\"elementor-widget-container\">\n\t\t\t\t\t\t\t\t\t<p>Verwendetes System: KOGA GFK-Wand<\/p><p>Abmessungen: 700 x 1000 mm<\/p><p>Unterkonstruktion: Edelstahl,<\/p><p>Verankerungen verwenden: chemische M10<\/p><p>Gesamtfl\u00e4che: ca. 1700 m2. <\/p>\t\t\t\t\t\t\t\t<\/div>\n\t\t\t\t<\/div>\n\t\t\t\t\t<\/div>\n\t\t<\/div>\n\t\t\t\t<div class=\"elementor-column elementor-col-50 elementor-top-column elementor-element elementor-element-25c50e4\" data-id=\"25c50e4\" data-element_type=\"column\">\n\t\t\t<div class=\"elementor-widget-wrap elementor-element-populated\">\n\t\t\t\t\t\t<div class=\"elementor-element elementor-element-1927bee elementor-widget elementor-widget-google_maps\" data-id=\"1927bee\" data-element_type=\"widget\" data-widget_type=\"google_maps.default\">\n\t\t\t\t<div class=\"elementor-widget-container\">\n\t\t\t\t\t\t\t<div class=\"elementor-custom-embed\">\n\t\t\t<iframe loading=\"lazy\"\n\t\t\t\t\tsrc=\"https:\/\/maps.google.com\/maps?q=%C2%A044.316741N%2C%2023.801528E&#038;t=m&#038;z=17&#038;output=embed&#038;iwloc=near\"\n\t\t\t\t\ttitle=\"\u00a044.316741N, 23.801528E\"\n\t\t\t\t\taria-label=\"\u00a044.316741N, 23.801528E\"\n\t\t\t><\/iframe>\n\t\t<\/div>\n\t\t\t\t\t\t<\/div>\n\t\t\t\t<\/div>\n\t\t\t\t<section class=\"elementor-section elementor-inner-section elementor-element elementor-element-2119a62 elementor-section-boxed elementor-section-height-default elementor-section-height-default\" data-id=\"2119a62\" data-element_type=\"section\">\n\t\t\t\t\t\t<div class=\"elementor-container elementor-column-gap-default\">\n\t\t\t\t\t<div class=\"elementor-column elementor-col-33 elementor-inner-column elementor-element elementor-element-761ddbb\" data-id=\"761ddbb\" data-element_type=\"column\" data-settings=\"{&quot;background_background&quot;:&quot;classic&quot;}\">\n\t\t\t<div class=\"elementor-widget-wrap elementor-element-populated\">\n\t\t\t\t\t\t<div class=\"elementor-element elementor-element-7b20848 elementor-widget elementor-widget-image\" data-id=\"7b20848\" data-element_type=\"widget\" data-widget_type=\"image.default\">\n\t\t\t\t<div class=\"elementor-widget-container\">\n\t\t\t\t\t\t\t\t\t\t\t\t\t\t\t<img fetchpriority=\"high\" decoding=\"async\" width=\"269\" height=\"246\" src=\"https:\/\/www.kogabau.sk\/wp-content\/uploads\/2025\/05\/IMG_8625-1.png\" class=\"attachment-large size-large wp-image-5161\" alt=\"\" \/>\t\t\t\t\t\t\t\t\t\t\t\t\t\t\t<\/div>\n\t\t\t\t<\/div>\n\t\t\t\t\t<\/div>\n\t\t<\/div>\n\t\t\t\t<div class=\"elementor-column elementor-col-33 elementor-inner-column elementor-element elementor-element-c4e37b6\" data-id=\"c4e37b6\" data-element_type=\"column\" data-settings=\"{&quot;background_background&quot;:&quot;classic&quot;}\">\n\t\t\t<div class=\"elementor-widget-wrap elementor-element-populated\">\n\t\t\t\t\t\t<div class=\"elementor-element elementor-element-314f141 elementor-widget elementor-widget-image\" data-id=\"314f141\" data-element_type=\"widget\" data-widget_type=\"image.default\">\n\t\t\t\t<div class=\"elementor-widget-container\">\n\t\t\t\t\t\t\t\t\t\t\t\t\t\t\t<img decoding=\"async\" width=\"270\" height=\"247\" src=\"https:\/\/www.kogabau.sk\/wp-content\/uploads\/2025\/05\/IMG_8626-1.png\" class=\"attachment-large size-large wp-image-5162\" alt=\"\" \/>\t\t\t\t\t\t\t\t\t\t\t\t\t\t\t<\/div>\n\t\t\t\t<\/div>\n\t\t\t\t\t<\/div>\n\t\t<\/div>\n\t\t\t\t<div class=\"elementor-column elementor-col-33 elementor-inner-column elementor-element elementor-element-cf532d4\" data-id=\"cf532d4\" data-element_type=\"column\" data-settings=\"{&quot;background_background&quot;:&quot;classic&quot;}\">\n\t\t\t<div class=\"elementor-widget-wrap elementor-element-populated\">\n\t\t\t\t\t\t<div class=\"elementor-element elementor-element-3884935 elementor-widget elementor-widget-image\" data-id=\"3884935\" data-element_type=\"widget\" data-widget_type=\"image.default\">\n\t\t\t\t<div class=\"elementor-widget-container\">\n\t\t\t\t\t\t\t\t\t\t\t\t\t\t\t<img decoding=\"async\" width=\"269\" height=\"246\" src=\"https:\/\/www.kogabau.sk\/wp-content\/uploads\/2025\/05\/IMG_8627-1.png\" class=\"attachment-large size-large wp-image-5163\" alt=\"\" \/>\t\t\t\t\t\t\t\t\t\t\t\t\t\t\t<\/div>\n\t\t\t\t<\/div>\n\t\t\t\t\t<\/div>\n\t\t<\/div>\n\t\t\t\t\t<\/div>\n\t\t<\/section>\n\t\t\t\t\t<\/div>\n\t\t<\/div>\n\t\t\t\t\t<\/div>\n\t\t<\/section>\n\t\t\t\t<\/div>\n\t\t","protected":false},"excerpt":{"rendered":"<p>Rum\u00e4nien &#8211; Craiova Bau einer U-Bahn in der Stadt: Lokalisierung Land: Rum\u00e4nien Stadt: Craiova Adresse: Aries Street 9 GPS-Koordinaten: 44.316741N, 23.801528E Beteiligte Parteien: Investor: Stadt Craiova Konstruktionsb\u00fcro: SC SEARCH CORPORATION SRL Auftragnehmer: S.C. MITLIV EXIM S.R.L. Beschreibung der Geb\u00e4udestrukturen: Br\u00fcckenl\u00e4nge: 240 m Br\u00fcckenh\u00f6he: 4,0 m Br\u00fcckenbau: Unterf\u00fchrung Beschreibung der Entw\u00e4sserung: Verwendetes System: KOGA GFK-Wand Abmessungen: [&hellip;]<\/p>\n","protected":false},"author":3,"featured_media":0,"parent":0,"menu_order":0,"comment_status":"closed","ping_status":"closed","template":"","meta":{"footnotes":""},"class_list":["post-5586","page","type-page","status-publish","hentry"],"yoast_head":"<!-- This site is optimized with the Yoast SEO plugin v26.2 - https:\/\/yoast.com\/wordpress\/plugins\/seo\/ -->\n<title>Rum\u00e4nien \u2013 Craiova | Bau einer U-Bahn mit KOGA GFK-W\u00e4nden | KOGA Bau<\/title>\n<meta name=\"description\" content=\"Realisierung einer Stadtunterf\u00fchrung in Craiova, Rum\u00e4nien, unter Verwendung des KOGA GFK-Wandsystems. Unterbau aus Edelstahl, chemische Verankerungen M10, Fl\u00e4che: 1.700 m\u00b2. Informationen zu Investor, Planer, Bauunternehmen und technischen Parametern des Projekts.\" \/>\n<meta name=\"robots\" content=\"index, follow, max-snippet:-1, max-image-preview:large, max-video-preview:-1\" \/>\n<link rel=\"canonical\" href=\"https:\/\/www.kogabau.sk\/de\/rumaenien-craiova\/\" \/>\n<meta property=\"og:locale\" content=\"de_DE\" \/>\n<meta property=\"og:type\" content=\"article\" \/>\n<meta property=\"og:title\" content=\"Rum\u00e4nien \u2013 Craiova | Bau einer U-Bahn mit KOGA GFK-W\u00e4nden | KOGA Bau\" \/>\n<meta property=\"og:description\" content=\"Realisierung einer Stadtunterf\u00fchrung in Craiova, Rum\u00e4nien, unter Verwendung des KOGA GFK-Wandsystems. Unterbau aus Edelstahl, chemische Verankerungen M10, Fl\u00e4che: 1.700 m\u00b2. Informationen zu Investor, Planer, Bauunternehmen und technischen Parametern des Projekts.\" \/>\n<meta property=\"og:url\" content=\"https:\/\/www.kogabau.sk\/de\/rumaenien-craiova\/\" \/>\n<meta property=\"og:site_name\" content=\"KOGABAU\" \/>\n<meta property=\"article:modified_time\" content=\"2025-11-09T12:01:37+00:00\" \/>\n<meta property=\"og:image\" content=\"https:\/\/www.kogabau.sk\/wp-content\/uploads\/2025\/05\/IMG_8625-1.png\" \/>\n\t<meta property=\"og:image:width\" content=\"269\" \/>\n\t<meta property=\"og:image:height\" content=\"246\" \/>\n\t<meta property=\"og:image:type\" content=\"image\/png\" \/>\n<meta name=\"twitter:card\" content=\"summary_large_image\" \/>\n<script type=\"application\/ld+json\" class=\"yoast-schema-graph\">{\"@context\":\"https:\/\/schema.org\",\"@graph\":[{\"@type\":\"WebPage\",\"@id\":\"https:\/\/www.kogabau.sk\/de\/rumaenien-craiova\/\",\"url\":\"https:\/\/www.kogabau.sk\/de\/rumaenien-craiova\/\",\"name\":\"Rum\u00e4nien \u2013 Craiova | Bau einer U-Bahn mit KOGA GFK-W\u00e4nden | KOGA Bau\",\"isPartOf\":{\"@id\":\"https:\/\/www.kogabau.sk\/de\/#website\"},\"primaryImageOfPage\":{\"@id\":\"https:\/\/www.kogabau.sk\/de\/rumaenien-craiova\/#primaryimage\"},\"image\":{\"@id\":\"https:\/\/www.kogabau.sk\/de\/rumaenien-craiova\/#primaryimage\"},\"thumbnailUrl\":\"https:\/\/www.kogabau.sk\/wp-content\/uploads\/2025\/05\/IMG_8625-1.png\",\"datePublished\":\"2025-10-20T13:35:58+00:00\",\"dateModified\":\"2025-11-09T12:01:37+00:00\",\"description\":\"Realisierung einer Stadtunterf\u00fchrung in Craiova, Rum\u00e4nien, unter Verwendung des KOGA GFK-Wandsystems. Unterbau aus Edelstahl, chemische Verankerungen M10, Fl\u00e4che: 1.700 m\u00b2. Informationen zu Investor, Planer, Bauunternehmen und technischen Parametern des Projekts.\",\"breadcrumb\":{\"@id\":\"https:\/\/www.kogabau.sk\/de\/rumaenien-craiova\/#breadcrumb\"},\"inLanguage\":\"de\",\"potentialAction\":[{\"@type\":\"ReadAction\",\"target\":[\"https:\/\/www.kogabau.sk\/de\/rumaenien-craiova\/\"]}]},{\"@type\":\"ImageObject\",\"inLanguage\":\"de\",\"@id\":\"https:\/\/www.kogabau.sk\/de\/rumaenien-craiova\/#primaryimage\",\"url\":\"https:\/\/www.kogabau.sk\/wp-content\/uploads\/2025\/05\/IMG_8625-1.png\",\"contentUrl\":\"https:\/\/www.kogabau.sk\/wp-content\/uploads\/2025\/05\/IMG_8625-1.png\"},{\"@type\":\"BreadcrumbList\",\"@id\":\"https:\/\/www.kogabau.sk\/de\/rumaenien-craiova\/#breadcrumb\",\"itemListElement\":[{\"@type\":\"ListItem\",\"position\":1,\"name\":\"Home\",\"item\":\"https:\/\/www.kogabau.sk\/de\/\"},{\"@type\":\"ListItem\",\"position\":2,\"name\":\"Rum\u00e4nien &#8211; Craiova\"}]},{\"@type\":\"WebSite\",\"@id\":\"https:\/\/www.kogabau.sk\/de\/#website\",\"url\":\"https:\/\/www.kogabau.sk\/de\/\",\"name\":\"KOGABAU\",\"description\":\"\",\"publisher\":{\"@id\":\"https:\/\/www.kogabau.sk\/de\/#organization\"},\"potentialAction\":[{\"@type\":\"SearchAction\",\"target\":{\"@type\":\"EntryPoint\",\"urlTemplate\":\"https:\/\/www.kogabau.sk\/de\/?s={search_term_string}\"},\"query-input\":{\"@type\":\"PropertyValueSpecification\",\"valueRequired\":true,\"valueName\":\"search_term_string\"}}],\"inLanguage\":\"de\"},{\"@type\":\"Organization\",\"@id\":\"https:\/\/www.kogabau.sk\/de\/#organization\",\"name\":\"KOGABAU\",\"url\":\"https:\/\/www.kogabau.sk\/de\/\",\"logo\":{\"@type\":\"ImageObject\",\"inLanguage\":\"de\",\"@id\":\"https:\/\/www.kogabau.sk\/de\/#\/schema\/logo\/image\/\",\"url\":\"https:\/\/www.kogabau.sk\/wp-content\/uploads\/2021\/02\/KOGA-BAU-logo-cierne.png\",\"contentUrl\":\"https:\/\/www.kogabau.sk\/wp-content\/uploads\/2021\/02\/KOGA-BAU-logo-cierne.png\",\"width\":516,\"height\":66,\"caption\":\"KOGABAU\"},\"image\":{\"@id\":\"https:\/\/www.kogabau.sk\/de\/#\/schema\/logo\/image\/\"}}]}<\/script>\n<!-- \/ Yoast SEO plugin. -->","yoast_head_json":{"title":"Rum\u00e4nien \u2013 Craiova | Bau einer U-Bahn mit KOGA GFK-W\u00e4nden | KOGA Bau","description":"Realisierung einer Stadtunterf\u00fchrung in Craiova, Rum\u00e4nien, unter Verwendung des KOGA GFK-Wandsystems. Unterbau aus Edelstahl, chemische Verankerungen M10, Fl\u00e4che: 1.700 m\u00b2. Informationen zu Investor, Planer, Bauunternehmen und technischen Parametern des Projekts.","robots":{"index":"index","follow":"follow","max-snippet":"max-snippet:-1","max-image-preview":"max-image-preview:large","max-video-preview":"max-video-preview:-1"},"canonical":"https:\/\/www.kogabau.sk\/de\/rumaenien-craiova\/","og_locale":"de_DE","og_type":"article","og_title":"Rum\u00e4nien \u2013 Craiova | Bau einer U-Bahn mit KOGA GFK-W\u00e4nden | KOGA Bau","og_description":"Realisierung einer Stadtunterf\u00fchrung in Craiova, Rum\u00e4nien, unter Verwendung des KOGA GFK-Wandsystems. Unterbau aus Edelstahl, chemische Verankerungen M10, Fl\u00e4che: 1.700 m\u00b2. Informationen zu Investor, Planer, Bauunternehmen und technischen Parametern des Projekts.","og_url":"https:\/\/www.kogabau.sk\/de\/rumaenien-craiova\/","og_site_name":"KOGABAU","article_modified_time":"2025-11-09T12:01:37+00:00","og_image":[{"width":269,"height":246,"url":"https:\/\/www.kogabau.sk\/wp-content\/uploads\/2025\/05\/IMG_8625-1.png","type":"image\/png"}],"twitter_card":"summary_large_image","schema":{"@context":"https:\/\/schema.org","@graph":[{"@type":"WebPage","@id":"https:\/\/www.kogabau.sk\/de\/rumaenien-craiova\/","url":"https:\/\/www.kogabau.sk\/de\/rumaenien-craiova\/","name":"Rum\u00e4nien \u2013 Craiova | Bau einer U-Bahn mit KOGA GFK-W\u00e4nden | KOGA Bau","isPartOf":{"@id":"https:\/\/www.kogabau.sk\/de\/#website"},"primaryImageOfPage":{"@id":"https:\/\/www.kogabau.sk\/de\/rumaenien-craiova\/#primaryimage"},"image":{"@id":"https:\/\/www.kogabau.sk\/de\/rumaenien-craiova\/#primaryimage"},"thumbnailUrl":"https:\/\/www.kogabau.sk\/wp-content\/uploads\/2025\/05\/IMG_8625-1.png","datePublished":"2025-10-20T13:35:58+00:00","dateModified":"2025-11-09T12:01:37+00:00","description":"Realisierung einer Stadtunterf\u00fchrung in Craiova, Rum\u00e4nien, unter Verwendung des KOGA GFK-Wandsystems. Unterbau aus Edelstahl, chemische Verankerungen M10, Fl\u00e4che: 1.700 m\u00b2. Informationen zu Investor, Planer, Bauunternehmen und technischen Parametern des Projekts.","breadcrumb":{"@id":"https:\/\/www.kogabau.sk\/de\/rumaenien-craiova\/#breadcrumb"},"inLanguage":"de","potentialAction":[{"@type":"ReadAction","target":["https:\/\/www.kogabau.sk\/de\/rumaenien-craiova\/"]}]},{"@type":"ImageObject","inLanguage":"de","@id":"https:\/\/www.kogabau.sk\/de\/rumaenien-craiova\/#primaryimage","url":"https:\/\/www.kogabau.sk\/wp-content\/uploads\/2025\/05\/IMG_8625-1.png","contentUrl":"https:\/\/www.kogabau.sk\/wp-content\/uploads\/2025\/05\/IMG_8625-1.png"},{"@type":"BreadcrumbList","@id":"https:\/\/www.kogabau.sk\/de\/rumaenien-craiova\/#breadcrumb","itemListElement":[{"@type":"ListItem","position":1,"name":"Home","item":"https:\/\/www.kogabau.sk\/de\/"},{"@type":"ListItem","position":2,"name":"Rum\u00e4nien &#8211; Craiova"}]},{"@type":"WebSite","@id":"https:\/\/www.kogabau.sk\/de\/#website","url":"https:\/\/www.kogabau.sk\/de\/","name":"KOGABAU","description":"","publisher":{"@id":"https:\/\/www.kogabau.sk\/de\/#organization"},"potentialAction":[{"@type":"SearchAction","target":{"@type":"EntryPoint","urlTemplate":"https:\/\/www.kogabau.sk\/de\/?s={search_term_string}"},"query-input":{"@type":"PropertyValueSpecification","valueRequired":true,"valueName":"search_term_string"}}],"inLanguage":"de"},{"@type":"Organization","@id":"https:\/\/www.kogabau.sk\/de\/#organization","name":"KOGABAU","url":"https:\/\/www.kogabau.sk\/de\/","logo":{"@type":"ImageObject","inLanguage":"de","@id":"https:\/\/www.kogabau.sk\/de\/#\/schema\/logo\/image\/","url":"https:\/\/www.kogabau.sk\/wp-content\/uploads\/2021\/02\/KOGA-BAU-logo-cierne.png","contentUrl":"https:\/\/www.kogabau.sk\/wp-content\/uploads\/2021\/02\/KOGA-BAU-logo-cierne.png","width":516,"height":66,"caption":"KOGABAU"},"image":{"@id":"https:\/\/www.kogabau.sk\/de\/#\/schema\/logo\/image\/"}}]}},"_links":{"self":[{"href":"https:\/\/www.kogabau.sk\/de\/wp-json\/wp\/v2\/pages\/5586","targetHints":{"allow":["GET"]}}],"collection":[{"href":"https:\/\/www.kogabau.sk\/de\/wp-json\/wp\/v2\/pages"}],"about":[{"href":"https:\/\/www.kogabau.sk\/de\/wp-json\/wp\/v2\/types\/page"}],"author":[{"embeddable":true,"href":"https:\/\/www.kogabau.sk\/de\/wp-json\/wp\/v2\/users\/3"}],"replies":[{"embeddable":true,"href":"https:\/\/www.kogabau.sk\/de\/wp-json\/wp\/v2\/comments?post=5586"}],"version-history":[{"count":1,"href":"https:\/\/www.kogabau.sk\/de\/wp-json\/wp\/v2\/pages\/5586\/revisions"}],"predecessor-version":[{"id":5587,"href":"https:\/\/www.kogabau.sk\/de\/wp-json\/wp\/v2\/pages\/5586\/revisions\/5587"}],"wp:attachment":[{"href":"https:\/\/www.kogabau.sk\/de\/wp-json\/wp\/v2\/media?parent=5586"}],"curies":[{"name":"wp","href":"https:\/\/api.w.org\/{rel}","templated":true}]}}