{"id":5614,"date":"2025-05-06T19:37:29","date_gmt":"2025-05-06T17:37:29","guid":{"rendered":"https:\/\/www.kogabau.sk\/dienstleistungen\/"},"modified":"2025-11-14T15:38:24","modified_gmt":"2025-11-14T14:38:24","slug":"dienstleistungen","status":"publish","type":"page","link":"https:\/\/www.kogabau.sk\/de\/dienstleistungen\/","title":{"rendered":"Dienstleistungen"},"content":{"rendered":"\t\t<div data-elementor-type=\"wp-page\" data-elementor-id=\"5614\" class=\"elementor elementor-5614 elementor-387\" data-elementor-post-type=\"page\">\n\t\t\t\t\t\t<section class=\"elementor-section elementor-top-section elementor-element elementor-element-c99f56a elementor-section-boxed elementor-section-height-default elementor-section-height-default\" data-id=\"c99f56a\" data-element_type=\"section\" data-settings=\"{&quot;background_background&quot;:&quot;classic&quot;}\">\n\t\t\t\t\t\t<div class=\"elementor-container elementor-column-gap-default\">\n\t\t\t\t\t<div class=\"elementor-column elementor-col-100 elementor-top-column elementor-element elementor-element-5d0176e\" data-id=\"5d0176e\" data-element_type=\"column\">\n\t\t\t<div class=\"elementor-widget-wrap elementor-element-populated\">\n\t\t\t\t\t\t<div class=\"elementor-element elementor-element-4d2edc9 elementor-widget elementor-widget-spacer\" data-id=\"4d2edc9\" data-element_type=\"widget\" data-widget_type=\"spacer.default\">\n\t\t\t\t<div class=\"elementor-widget-container\">\n\t\t\t\t\t\t\t<div class=\"elementor-spacer\">\n\t\t\t<div class=\"elementor-spacer-inner\"><\/div>\n\t\t<\/div>\n\t\t\t\t\t\t<\/div>\n\t\t\t\t<\/div>\n\t\t\t\t<div class=\"elementor-element elementor-element-ce3139b elementor-widget elementor-widget-heading\" data-id=\"ce3139b\" data-element_type=\"widget\" data-widget_type=\"heading.default\">\n\t\t\t\t<div class=\"elementor-widget-container\">\n\t\t\t\t\t<h1 class=\"elementor-heading-title elementor-size-default\">Dienstleistungen<\/h1>\t\t\t\t<\/div>\n\t\t\t\t<\/div>\n\t\t\t\t\t<\/div>\n\t\t<\/div>\n\t\t\t\t\t<\/div>\n\t\t<\/section>\n\t\t\t\t<section class=\"elementor-section elementor-top-section elementor-element elementor-element-549b67a elementor-section-boxed elementor-section-height-default elementor-section-height-default\" data-id=\"549b67a\" data-element_type=\"section\" data-settings=\"{&quot;background_background&quot;:&quot;classic&quot;}\">\n\t\t\t\t\t\t<div class=\"elementor-container elementor-column-gap-default\">\n\t\t\t\t\t<div class=\"make-column-clickable-elementor elementor-column elementor-col-50 elementor-top-column elementor-element elementor-element-520ef39\" style=\"cursor: pointer;\" data-column-clickable=\"https:\/\/www.kogabau.sk\/de\/vermietung-der-moog-aussichtsplattform\/\" data-column-clickable-blank=\"_self\" data-id=\"520ef39\" data-element_type=\"column\" data-settings=\"{&quot;background_background&quot;:&quot;classic&quot;}\">\n\t\t\t<div class=\"elementor-widget-wrap elementor-element-populated\">\n\t\t\t\t\t\t<div class=\"elementor-element elementor-element-33b3e0a elementor-widget elementor-widget-spacer\" data-id=\"33b3e0a\" data-element_type=\"widget\" data-widget_type=\"spacer.default\">\n\t\t\t\t<div class=\"elementor-widget-container\">\n\t\t\t\t\t\t\t<div class=\"elementor-spacer\">\n\t\t\t<div class=\"elementor-spacer-inner\"><\/div>\n\t\t<\/div>\n\t\t\t\t\t\t<\/div>\n\t\t\t\t<\/div>\n\t\t\t\t<div class=\"elementor-element elementor-element-1d8487d elementor-widget__width-initial elementor-widget elementor-widget-heading\" data-id=\"1d8487d\" data-element_type=\"widget\" data-widget_type=\"heading.default\">\n\t\t\t\t<div class=\"elementor-widget-container\">\n\t\t\t\t\t<h3 class=\"elementor-heading-title elementor-size-default\">Vermietung von Aussichtsplattformen<\/h3>\t\t\t\t<\/div>\n\t\t\t\t<\/div>\n\t\t\t\t<div class=\"elementor-element elementor-element-ee8e9ba elementor-widget__width-initial elementor-mobile-align-right elementor-widget-mobile__width-initial elementor-align-right elementor-tablet-align-center elementor-widget elementor-widget-button\" data-id=\"ee8e9ba\" data-element_type=\"widget\" data-widget_type=\"button.default\">\n\t\t\t\t<div class=\"elementor-widget-container\">\n\t\t\t\t\t\t\t\t\t<div class=\"elementor-button-wrapper\">\n\t\t\t\t\t<a class=\"elementor-button elementor-button-link elementor-size-sm elementor-animation-grow\" href=\"https:\/\/www.kogabau.sk\/de\/vermietung-der-moog-aussichtsplattform\/\">\n\t\t\t\t\t\t<span class=\"elementor-button-content-wrapper\">\n\t\t\t\t\t\t\t\t\t<span class=\"elementor-button-text\">DETAILS<\/span>\n\t\t\t\t\t<\/span>\n\t\t\t\t\t<\/a>\n\t\t\t\t<\/div>\n\t\t\t\t\t\t\t\t<\/div>\n\t\t\t\t<\/div>\n\t\t\t\t<div class=\"elementor-element elementor-element-0f56bea elementor-widget elementor-widget-spacer\" data-id=\"0f56bea\" data-element_type=\"widget\" data-widget_type=\"spacer.default\">\n\t\t\t\t<div class=\"elementor-widget-container\">\n\t\t\t\t\t\t\t<div class=\"elementor-spacer\">\n\t\t\t<div class=\"elementor-spacer-inner\"><\/div>\n\t\t<\/div>\n\t\t\t\t\t\t<\/div>\n\t\t\t\t<\/div>\n\t\t\t\t\t<\/div>\n\t\t<\/div>\n\t\t\t\t<div class=\"make-column-clickable-elementor elementor-column elementor-col-50 elementor-top-column elementor-element elementor-element-5322134\" style=\"cursor: pointer;\" data-column-clickable=\"https:\/\/www.kogabau.sk\/de\/beratung\/\" data-column-clickable-blank=\"_self\" data-id=\"5322134\" data-element_type=\"column\" data-settings=\"{&quot;background_background&quot;:&quot;classic&quot;}\">\n\t\t\t<div class=\"elementor-widget-wrap elementor-element-populated\">\n\t\t\t\t\t<div class=\"elementor-background-overlay\"><\/div>\n\t\t\t\t\t\t<div class=\"elementor-element elementor-element-343e3e0 elementor-widget elementor-widget-spacer\" data-id=\"343e3e0\" data-element_type=\"widget\" data-widget_type=\"spacer.default\">\n\t\t\t\t<div class=\"elementor-widget-container\">\n\t\t\t\t\t\t\t<div class=\"elementor-spacer\">\n\t\t\t<div class=\"elementor-spacer-inner\"><\/div>\n\t\t<\/div>\n\t\t\t\t\t\t<\/div>\n\t\t\t\t<\/div>\n\t\t\t\t<div class=\"elementor-element elementor-element-0eedf8d elementor-widget__width-initial elementor-widget elementor-widget-heading\" data-id=\"0eedf8d\" data-element_type=\"widget\" data-widget_type=\"heading.default\">\n\t\t\t\t<div class=\"elementor-widget-container\">\n\t\t\t\t\t<h2 class=\"elementor-heading-title elementor-size-default\">Beratung<\/h2>\t\t\t\t<\/div>\n\t\t\t\t<\/div>\n\t\t\t\t<div class=\"elementor-element elementor-element-60e7ee4 elementor-widget__width-initial elementor-mobile-align-right elementor-widget-mobile__width-initial elementor-align-right elementor-tablet-align-center elementor-widget elementor-widget-button\" data-id=\"60e7ee4\" data-element_type=\"widget\" data-widget_type=\"button.default\">\n\t\t\t\t<div class=\"elementor-widget-container\">\n\t\t\t\t\t\t\t\t\t<div class=\"elementor-button-wrapper\">\n\t\t\t\t\t<a class=\"elementor-button elementor-button-link elementor-size-sm elementor-animation-grow\" href=\"https:\/\/www.kogabau.sk\/de\/beratung\/\">\n\t\t\t\t\t\t<span class=\"elementor-button-content-wrapper\">\n\t\t\t\t\t\t\t\t\t<span class=\"elementor-button-text\">DETAILS<\/span>\n\t\t\t\t\t<\/span>\n\t\t\t\t\t<\/a>\n\t\t\t\t<\/div>\n\t\t\t\t\t\t\t\t<\/div>\n\t\t\t\t<\/div>\n\t\t\t\t<div class=\"elementor-element elementor-element-0c84ba6 elementor-widget elementor-widget-spacer\" data-id=\"0c84ba6\" data-element_type=\"widget\" data-widget_type=\"spacer.default\">\n\t\t\t\t<div class=\"elementor-widget-container\">\n\t\t\t\t\t\t\t<div class=\"elementor-spacer\">\n\t\t\t<div class=\"elementor-spacer-inner\"><\/div>\n\t\t<\/div>\n\t\t\t\t\t\t<\/div>\n\t\t\t\t<\/div>\n\t\t\t\t\t<\/div>\n\t\t<\/div>\n\t\t\t\t\t<\/div>\n\t\t<\/section>\n\t\t\t\t<section class=\"elementor-section elementor-top-section elementor-element elementor-element-a0684be elementor-section-boxed elementor-section-height-default elementor-section-height-default\" data-id=\"a0684be\" data-element_type=\"section\" data-settings=\"{&quot;background_background&quot;:&quot;classic&quot;}\">\n\t\t\t\t\t\t<div class=\"elementor-container elementor-column-gap-default\">\n\t\t\t\t\t<div class=\"make-column-clickable-elementor elementor-column elementor-col-50 elementor-top-column elementor-element elementor-element-62f65e9\" style=\"cursor: pointer;\" data-column-clickable=\"https:\/\/www.kogabau.sk\/de\/herstellung-von-sonderarmaturen\/\" data-column-clickable-blank=\"_self\" data-id=\"62f65e9\" data-element_type=\"column\" data-settings=\"{&quot;background_background&quot;:&quot;classic&quot;}\">\n\t\t\t<div class=\"elementor-widget-wrap elementor-element-populated\">\n\t\t\t\t\t\t<div class=\"elementor-element elementor-element-27fce7c elementor-widget elementor-widget-spacer\" data-id=\"27fce7c\" data-element_type=\"widget\" data-widget_type=\"spacer.default\">\n\t\t\t\t<div class=\"elementor-widget-container\">\n\t\t\t\t\t\t\t<div class=\"elementor-spacer\">\n\t\t\t<div class=\"elementor-spacer-inner\"><\/div>\n\t\t<\/div>\n\t\t\t\t\t\t<\/div>\n\t\t\t\t<\/div>\n\t\t\t\t<div class=\"elementor-element elementor-element-c0aaf0d elementor-widget__width-initial elementor-widget elementor-widget-heading\" data-id=\"c0aaf0d\" data-element_type=\"widget\" data-widget_type=\"heading.default\">\n\t\t\t\t<div class=\"elementor-widget-container\">\n\t\t\t\t\t<h3 class=\"elementor-heading-title elementor-size-default\">Herstellung von atypischen, ma\u00dfgefertigten Armaturen<\/h3>\t\t\t\t<\/div>\n\t\t\t\t<\/div>\n\t\t\t\t<div class=\"elementor-element elementor-element-35da2d3 elementor-widget__width-initial elementor-mobile-align-right elementor-widget-mobile__width-initial elementor-align-right elementor-tablet-align-center elementor-widget elementor-widget-button\" data-id=\"35da2d3\" data-element_type=\"widget\" data-widget_type=\"button.default\">\n\t\t\t\t<div class=\"elementor-widget-container\">\n\t\t\t\t\t\t\t\t\t<div class=\"elementor-button-wrapper\">\n\t\t\t\t\t<a class=\"elementor-button elementor-button-link elementor-size-sm elementor-animation-grow\" href=\"https:\/\/www.kogabau.sk\/de\/herstellung-von-sonderarmaturen\/\">\n\t\t\t\t\t\t<span class=\"elementor-button-content-wrapper\">\n\t\t\t\t\t\t\t\t\t<span class=\"elementor-button-text\">DETAILS<\/span>\n\t\t\t\t\t<\/span>\n\t\t\t\t\t<\/a>\n\t\t\t\t<\/div>\n\t\t\t\t\t\t\t\t<\/div>\n\t\t\t\t<\/div>\n\t\t\t\t<div class=\"elementor-element elementor-element-9afa839 elementor-widget elementor-widget-spacer\" data-id=\"9afa839\" data-element_type=\"widget\" data-widget_type=\"spacer.default\">\n\t\t\t\t<div class=\"elementor-widget-container\">\n\t\t\t\t\t\t\t<div class=\"elementor-spacer\">\n\t\t\t<div class=\"elementor-spacer-inner\"><\/div>\n\t\t<\/div>\n\t\t\t\t\t\t<\/div>\n\t\t\t\t<\/div>\n\t\t\t\t\t<\/div>\n\t\t<\/div>\n\t\t\t\t<div class=\"elementor-column elementor-col-50 elementor-top-column elementor-element elementor-element-844855a elementor-hidden-mobile\" data-id=\"844855a\" data-element_type=\"column\">\n\t\t\t<div class=\"elementor-widget-wrap\">\n\t\t\t\t\t\t\t<\/div>\n\t\t<\/div>\n\t\t\t\t\t<\/div>\n\t\t<\/section>\n\t\t\t\t<section class=\"elementor-section elementor-top-section elementor-element elementor-element-68269de elementor-hidden-desktop elementor-hidden-tablet elementor-section-boxed elementor-section-height-default elementor-section-height-default\" data-id=\"68269de\" data-element_type=\"section\" data-settings=\"{&quot;background_background&quot;:&quot;classic&quot;}\">\n\t\t\t\t\t\t<div class=\"elementor-container elementor-column-gap-default\">\n\t\t\t\t\t<div class=\"make-column-clickable-elementor elementor-column elementor-col-100 elementor-top-column elementor-element elementor-element-69b068d\" style=\"cursor: pointer;\" data-column-clickable=\"https:\/\/www.kogabau.sk\/de\/kontakte\/\" data-column-clickable-blank=\"_self\" data-id=\"69b068d\" data-element_type=\"column\" data-settings=\"{&quot;background_background&quot;:&quot;classic&quot;}\">\n\t\t\t<div class=\"elementor-widget-wrap elementor-element-populated\">\n\t\t\t\t\t<div class=\"elementor-background-overlay\"><\/div>\n\t\t\t\t\t\t<div class=\"elementor-element elementor-element-82f2bd5 elementor-widget elementor-widget-heading\" data-id=\"82f2bd5\" data-element_type=\"widget\" data-widget_type=\"heading.default\">\n\t\t\t\t<div class=\"elementor-widget-container\">\n\t\t\t\t\t<h2 class=\"elementor-heading-title elementor-size-default\">Haben Sie Interesse an einer Anmietung?<\/h2>\t\t\t\t<\/div>\n\t\t\t\t<\/div>\n\t\t\t\t<div class=\"elementor-element elementor-element-40b0455 elementor-widget elementor-widget-text-editor\" data-id=\"40b0455\" data-element_type=\"widget\" data-widget_type=\"text-editor.default\">\n\t\t\t\t<div class=\"elementor-widget-container\">\n\t\t\t\t\t\t\t\t\t<p>Der Mietpreis wird stets individuell vereinbart. Bei Interesse senden Sie bitte eine E-Mail mit Ihren Anforderungen an <strong>kogabau@kogabau.sk<\/strong> oder kontaktieren Sie uns \u00fcber [Kontaktinformationen einf\u00fcgen]. <br><strong>Kontaktformular<\/strong>. Unsere Vertriebsmitarbeiter werden sich mit Ihnen in Verbindung setzen, um die Mietdetails zu besprechen. <\/p>\t\t\t\t\t\t\t\t<\/div>\n\t\t\t\t<\/div>\n\t\t\t\t<div class=\"elementor-element elementor-element-cf10ae1 elementor-widget elementor-widget-button\" data-id=\"cf10ae1\" data-element_type=\"widget\" data-widget_type=\"button.default\">\n\t\t\t\t<div class=\"elementor-widget-container\">\n\t\t\t\t\t\t\t\t\t<div class=\"elementor-button-wrapper\">\n\t\t\t\t\t<a class=\"elementor-button elementor-button-link elementor-size-sm elementor-animation-grow\" href=\"https:\/\/www.kogabau.sk\/de\/kontakte\/\">\n\t\t\t\t\t\t<span class=\"elementor-button-content-wrapper\">\n\t\t\t\t\t\t\t\t\t<span class=\"elementor-button-text\">KONTAKT<\/span>\n\t\t\t\t\t<\/span>\n\t\t\t\t\t<\/a>\n\t\t\t\t<\/div>\n\t\t\t\t\t\t\t\t<\/div>\n\t\t\t\t<\/div>\n\t\t\t\t\t<\/div>\n\t\t<\/div>\n\t\t\t\t\t<\/div>\n\t\t<\/section>\n\t\t\t\t<section class=\"elementor-section elementor-top-section elementor-element elementor-element-f1de1d0 elementor-hidden-mobile elementor-section-boxed elementor-section-height-default elementor-section-height-default\" data-id=\"f1de1d0\" data-element_type=\"section\" data-settings=\"{&quot;background_background&quot;:&quot;classic&quot;}\">\n\t\t\t\t\t\t<div class=\"elementor-container elementor-column-gap-default\">\n\t\t\t\t\t<div class=\"make-column-clickable-elementor elementor-column elementor-col-100 elementor-top-column elementor-element elementor-element-8876bec\" style=\"cursor: pointer;\" data-column-clickable=\"https:\/\/www.kogabau.sk\/de\/kontakte\/\" data-column-clickable-blank=\"_self\" data-id=\"8876bec\" data-element_type=\"column\" data-settings=\"{&quot;background_background&quot;:&quot;classic&quot;}\">\n\t\t\t<div class=\"elementor-widget-wrap elementor-element-populated\">\n\t\t\t\t\t<div class=\"elementor-background-overlay\"><\/div>\n\t\t\t\t\t\t<div class=\"elementor-element elementor-element-a94773a elementor-widget elementor-widget-heading\" data-id=\"a94773a\" data-element_type=\"widget\" data-widget_type=\"heading.default\">\n\t\t\t\t<div class=\"elementor-widget-container\">\n\t\t\t\t\t<h2 class=\"elementor-heading-title elementor-size-default\">Haben Sie Interesse an einer Anmietung?<\/h2>\t\t\t\t<\/div>\n\t\t\t\t<\/div>\n\t\t\t\t<div class=\"elementor-element elementor-element-9a5f397 elementor-widget elementor-widget-text-editor\" data-id=\"9a5f397\" data-element_type=\"widget\" data-widget_type=\"text-editor.default\">\n\t\t\t\t<div class=\"elementor-widget-container\">\n\t\t\t\t\t\t\t\t\t<p>Der Mietpreis wird stets individuell vereinbart. Bei Interesse senden Sie bitte eine E-Mail mit Ihren Anforderungen an <strong>kogabau@kogabau.sk<\/strong> oder kontaktieren Sie uns \u00fcber [Kontaktinformationen einf\u00fcgen]. <br><strong>Kontaktformular<\/strong>. Unsere Vertriebsmitarbeiter werden sich mit Ihnen in Verbindung setzen, um die Mietdetails zu besprechen. <\/p>\t\t\t\t\t\t\t\t<\/div>\n\t\t\t\t<\/div>\n\t\t\t\t<div class=\"elementor-element elementor-element-b408e30 elementor-widget elementor-widget-button\" data-id=\"b408e30\" data-element_type=\"widget\" data-widget_type=\"button.default\">\n\t\t\t\t<div class=\"elementor-widget-container\">\n\t\t\t\t\t\t\t\t\t<div class=\"elementor-button-wrapper\">\n\t\t\t\t\t<a class=\"elementor-button elementor-button-link elementor-size-sm elementor-animation-grow\" href=\"https:\/\/www.kogabau.sk\/de\/kontakte\/\">\n\t\t\t\t\t\t<span class=\"elementor-button-content-wrapper\">\n\t\t\t\t\t\t\t\t\t<span class=\"elementor-button-text\">KONTAKT<\/span>\n\t\t\t\t\t<\/span>\n\t\t\t\t\t<\/a>\n\t\t\t\t<\/div>\n\t\t\t\t\t\t\t\t<\/div>\n\t\t\t\t<\/div>\n\t\t\t\t\t<\/div>\n\t\t<\/div>\n\t\t\t\t\t<\/div>\n\t\t<\/section>\n\t\t\t\t<\/div>\n\t\t","protected":false},"excerpt":{"rendered":"<p>Dienstleistungen Vermietung von Aussichtsplattformen DETAILS Beratung DETAILS Herstellung von atypischen, ma\u00dfgefertigten Armaturen DETAILS Haben Sie Interesse an einer Anmietung? Der Mietpreis wird stets individuell vereinbart. Bei Interesse senden Sie bitte eine E-Mail mit Ihren Anforderungen an kogabau@kogabau.sk oder kontaktieren Sie uns \u00fcber [Kontaktinformationen einf\u00fcgen]. Kontaktformular. Unsere Vertriebsmitarbeiter werden sich mit Ihnen in Verbindung setzen, um [&hellip;]<\/p>\n","protected":false},"author":15,"featured_media":0,"parent":0,"menu_order":0,"comment_status":"closed","ping_status":"closed","template":"","meta":{"footnotes":""},"class_list":["post-5614","page","type-page","status-publish","hentry"],"yoast_head":"<!-- This site is optimized with the Yoast SEO plugin v26.2 - https:\/\/yoast.com\/wordpress\/plugins\/seo\/ -->\n<title>KOGA Bau Services \u2013 Plattformvermietung, Beratung und Fertigung von Sonderausstattungen<\/title>\n<meta name=\"description\" content=\"KOGA Bau bietet umfassende Dienstleistungen: Vermietung von Inspektionsplattformen f\u00fcr Br\u00fccken, fachkundige Beratung im Bereich Entw\u00e4sserung und Fertigung von Sonderanfertigungen. Zuverl\u00e4ssige L\u00f6sungen f\u00fcr Planer, Bauunternehmen und Investoren.\" \/>\n<meta name=\"robots\" content=\"index, follow, max-snippet:-1, max-image-preview:large, max-video-preview:-1\" \/>\n<link rel=\"canonical\" href=\"https:\/\/www.kogabau.sk\/de\/dienstleistungen\/\" \/>\n<meta property=\"og:locale\" content=\"de_DE\" \/>\n<meta property=\"og:type\" content=\"article\" \/>\n<meta property=\"og:title\" content=\"KOGA Bau Services \u2013 Plattformvermietung, Beratung und Fertigung von Sonderausstattungen\" \/>\n<meta property=\"og:description\" content=\"KOGA Bau bietet umfassende Dienstleistungen: Vermietung von Inspektionsplattformen f\u00fcr Br\u00fccken, fachkundige Beratung im Bereich Entw\u00e4sserung und Fertigung von Sonderanfertigungen. Zuverl\u00e4ssige L\u00f6sungen f\u00fcr Planer, Bauunternehmen und Investoren.\" \/>\n<meta property=\"og:url\" content=\"https:\/\/www.kogabau.sk\/de\/dienstleistungen\/\" \/>\n<meta property=\"og:site_name\" content=\"KOGABAU\" \/>\n<meta property=\"article:modified_time\" content=\"2025-11-14T14:38:24+00:00\" \/>\n<meta name=\"twitter:card\" content=\"summary_large_image\" \/>\n<meta name=\"twitter:label1\" content=\"Gesch\u00e4tzte Lesezeit\" \/>\n\t<meta name=\"twitter:data1\" content=\"1\u00a0Minute\" \/>\n<script type=\"application\/ld+json\" class=\"yoast-schema-graph\">{\"@context\":\"https:\/\/schema.org\",\"@graph\":[{\"@type\":\"WebPage\",\"@id\":\"https:\/\/www.kogabau.sk\/de\/dienstleistungen\/\",\"url\":\"https:\/\/www.kogabau.sk\/de\/dienstleistungen\/\",\"name\":\"KOGA Bau Services \u2013 Plattformvermietung, Beratung und Fertigung von Sonderausstattungen\",\"isPartOf\":{\"@id\":\"https:\/\/www.kogabau.sk\/de\/#website\"},\"datePublished\":\"2025-05-06T17:37:29+00:00\",\"dateModified\":\"2025-11-14T14:38:24+00:00\",\"description\":\"KOGA Bau bietet umfassende Dienstleistungen: Vermietung von Inspektionsplattformen f\u00fcr Br\u00fccken, fachkundige Beratung im Bereich Entw\u00e4sserung und Fertigung von Sonderanfertigungen. Zuverl\u00e4ssige L\u00f6sungen f\u00fcr Planer, Bauunternehmen und Investoren.\",\"breadcrumb\":{\"@id\":\"https:\/\/www.kogabau.sk\/de\/dienstleistungen\/#breadcrumb\"},\"inLanguage\":\"de\",\"potentialAction\":[{\"@type\":\"ReadAction\",\"target\":[\"https:\/\/www.kogabau.sk\/de\/dienstleistungen\/\"]}]},{\"@type\":\"BreadcrumbList\",\"@id\":\"https:\/\/www.kogabau.sk\/de\/dienstleistungen\/#breadcrumb\",\"itemListElement\":[{\"@type\":\"ListItem\",\"position\":1,\"name\":\"Home\",\"item\":\"https:\/\/www.kogabau.sk\/de\/\"},{\"@type\":\"ListItem\",\"position\":2,\"name\":\"Dienstleistungen\"}]},{\"@type\":\"WebSite\",\"@id\":\"https:\/\/www.kogabau.sk\/de\/#website\",\"url\":\"https:\/\/www.kogabau.sk\/de\/\",\"name\":\"KOGABAU\",\"description\":\"\",\"publisher\":{\"@id\":\"https:\/\/www.kogabau.sk\/de\/#organization\"},\"potentialAction\":[{\"@type\":\"SearchAction\",\"target\":{\"@type\":\"EntryPoint\",\"urlTemplate\":\"https:\/\/www.kogabau.sk\/de\/?s={search_term_string}\"},\"query-input\":{\"@type\":\"PropertyValueSpecification\",\"valueRequired\":true,\"valueName\":\"search_term_string\"}}],\"inLanguage\":\"de\"},{\"@type\":\"Organization\",\"@id\":\"https:\/\/www.kogabau.sk\/de\/#organization\",\"name\":\"KOGABAU\",\"url\":\"https:\/\/www.kogabau.sk\/de\/\",\"logo\":{\"@type\":\"ImageObject\",\"inLanguage\":\"de\",\"@id\":\"https:\/\/www.kogabau.sk\/de\/#\/schema\/logo\/image\/\",\"url\":\"https:\/\/www.kogabau.sk\/wp-content\/uploads\/2021\/02\/KOGA-BAU-logo-cierne.png\",\"contentUrl\":\"https:\/\/www.kogabau.sk\/wp-content\/uploads\/2021\/02\/KOGA-BAU-logo-cierne.png\",\"width\":516,\"height\":66,\"caption\":\"KOGABAU\"},\"image\":{\"@id\":\"https:\/\/www.kogabau.sk\/de\/#\/schema\/logo\/image\/\"}}]}<\/script>\n<!-- \/ Yoast SEO plugin. -->","yoast_head_json":{"title":"KOGA Bau Services \u2013 Plattformvermietung, Beratung und Fertigung von Sonderausstattungen","description":"KOGA Bau bietet umfassende Dienstleistungen: Vermietung von Inspektionsplattformen f\u00fcr Br\u00fccken, fachkundige Beratung im Bereich Entw\u00e4sserung und Fertigung von Sonderanfertigungen. Zuverl\u00e4ssige L\u00f6sungen f\u00fcr Planer, Bauunternehmen und Investoren.","robots":{"index":"index","follow":"follow","max-snippet":"max-snippet:-1","max-image-preview":"max-image-preview:large","max-video-preview":"max-video-preview:-1"},"canonical":"https:\/\/www.kogabau.sk\/de\/dienstleistungen\/","og_locale":"de_DE","og_type":"article","og_title":"KOGA Bau Services \u2013 Plattformvermietung, Beratung und Fertigung von Sonderausstattungen","og_description":"KOGA Bau bietet umfassende Dienstleistungen: Vermietung von Inspektionsplattformen f\u00fcr Br\u00fccken, fachkundige Beratung im Bereich Entw\u00e4sserung und Fertigung von Sonderanfertigungen. Zuverl\u00e4ssige L\u00f6sungen f\u00fcr Planer, Bauunternehmen und Investoren.","og_url":"https:\/\/www.kogabau.sk\/de\/dienstleistungen\/","og_site_name":"KOGABAU","article_modified_time":"2025-11-14T14:38:24+00:00","twitter_card":"summary_large_image","twitter_misc":{"Gesch\u00e4tzte Lesezeit":"1\u00a0Minute"},"schema":{"@context":"https:\/\/schema.org","@graph":[{"@type":"WebPage","@id":"https:\/\/www.kogabau.sk\/de\/dienstleistungen\/","url":"https:\/\/www.kogabau.sk\/de\/dienstleistungen\/","name":"KOGA Bau Services \u2013 Plattformvermietung, Beratung und Fertigung von Sonderausstattungen","isPartOf":{"@id":"https:\/\/www.kogabau.sk\/de\/#website"},"datePublished":"2025-05-06T17:37:29+00:00","dateModified":"2025-11-14T14:38:24+00:00","description":"KOGA Bau bietet umfassende Dienstleistungen: Vermietung von Inspektionsplattformen f\u00fcr Br\u00fccken, fachkundige Beratung im Bereich Entw\u00e4sserung und Fertigung von Sonderanfertigungen. Zuverl\u00e4ssige L\u00f6sungen f\u00fcr Planer, Bauunternehmen und Investoren.","breadcrumb":{"@id":"https:\/\/www.kogabau.sk\/de\/dienstleistungen\/#breadcrumb"},"inLanguage":"de","potentialAction":[{"@type":"ReadAction","target":["https:\/\/www.kogabau.sk\/de\/dienstleistungen\/"]}]},{"@type":"BreadcrumbList","@id":"https:\/\/www.kogabau.sk\/de\/dienstleistungen\/#breadcrumb","itemListElement":[{"@type":"ListItem","position":1,"name":"Home","item":"https:\/\/www.kogabau.sk\/de\/"},{"@type":"ListItem","position":2,"name":"Dienstleistungen"}]},{"@type":"WebSite","@id":"https:\/\/www.kogabau.sk\/de\/#website","url":"https:\/\/www.kogabau.sk\/de\/","name":"KOGABAU","description":"","publisher":{"@id":"https:\/\/www.kogabau.sk\/de\/#organization"},"potentialAction":[{"@type":"SearchAction","target":{"@type":"EntryPoint","urlTemplate":"https:\/\/www.kogabau.sk\/de\/?s={search_term_string}"},"query-input":{"@type":"PropertyValueSpecification","valueRequired":true,"valueName":"search_term_string"}}],"inLanguage":"de"},{"@type":"Organization","@id":"https:\/\/www.kogabau.sk\/de\/#organization","name":"KOGABAU","url":"https:\/\/www.kogabau.sk\/de\/","logo":{"@type":"ImageObject","inLanguage":"de","@id":"https:\/\/www.kogabau.sk\/de\/#\/schema\/logo\/image\/","url":"https:\/\/www.kogabau.sk\/wp-content\/uploads\/2021\/02\/KOGA-BAU-logo-cierne.png","contentUrl":"https:\/\/www.kogabau.sk\/wp-content\/uploads\/2021\/02\/KOGA-BAU-logo-cierne.png","width":516,"height":66,"caption":"KOGABAU"},"image":{"@id":"https:\/\/www.kogabau.sk\/de\/#\/schema\/logo\/image\/"}}]}},"_links":{"self":[{"href":"https:\/\/www.kogabau.sk\/de\/wp-json\/wp\/v2\/pages\/5614","targetHints":{"allow":["GET"]}}],"collection":[{"href":"https:\/\/www.kogabau.sk\/de\/wp-json\/wp\/v2\/pages"}],"about":[{"href":"https:\/\/www.kogabau.sk\/de\/wp-json\/wp\/v2\/types\/page"}],"author":[{"embeddable":true,"href":"https:\/\/www.kogabau.sk\/de\/wp-json\/wp\/v2\/users\/15"}],"replies":[{"embeddable":true,"href":"https:\/\/www.kogabau.sk\/de\/wp-json\/wp\/v2\/comments?post=5614"}],"version-history":[{"count":6,"href":"https:\/\/www.kogabau.sk\/de\/wp-json\/wp\/v2\/pages\/5614\/revisions"}],"predecessor-version":[{"id":7829,"href":"https:\/\/www.kogabau.sk\/de\/wp-json\/wp\/v2\/pages\/5614\/revisions\/7829"}],"wp:attachment":[{"href":"https:\/\/www.kogabau.sk\/de\/wp-json\/wp\/v2\/media?parent=5614"}],"curies":[{"name":"wp","href":"https:\/\/api.w.org\/{rel}","templated":true}]}}