{"id":5625,"date":"2025-10-12T14:40:40","date_gmt":"2025-10-12T12:40:40","guid":{"rendered":"https:\/\/www.kogabau.sk\/sovinec\/"},"modified":"2025-11-09T13:05:57","modified_gmt":"2025-11-09T12:05:57","slug":"sovinec","status":"publish","type":"page","link":"https:\/\/www.kogabau.sk\/de\/sovinec\/","title":{"rendered":"Sovinec"},"content":{"rendered":"\t\t<div data-elementor-type=\"wp-page\" data-elementor-id=\"5625\" class=\"elementor elementor-5625 elementor-1095\" data-elementor-post-type=\"page\">\n\t\t\t\t\t\t<section class=\"elementor-section elementor-top-section elementor-element elementor-element-8c5cc58 elementor-section-boxed elementor-section-height-default elementor-section-height-default\" data-id=\"8c5cc58\" data-element_type=\"section\" data-settings=\"{&quot;background_background&quot;:&quot;classic&quot;}\">\n\t\t\t\t\t\t<div class=\"elementor-container elementor-column-gap-default\">\n\t\t\t\t\t<div class=\"elementor-column elementor-col-100 elementor-top-column elementor-element elementor-element-4c061b6\" data-id=\"4c061b6\" data-element_type=\"column\">\n\t\t\t<div class=\"elementor-widget-wrap elementor-element-populated\">\n\t\t\t\t\t\t<div class=\"elementor-element elementor-element-efc54a5 elementor-widget elementor-widget-spacer\" data-id=\"efc54a5\" data-element_type=\"widget\" data-widget_type=\"spacer.default\">\n\t\t\t\t<div class=\"elementor-widget-container\">\n\t\t\t\t\t\t\t<div class=\"elementor-spacer\">\n\t\t\t<div class=\"elementor-spacer-inner\"><\/div>\n\t\t<\/div>\n\t\t\t\t\t\t<\/div>\n\t\t\t\t<\/div>\n\t\t\t\t<div class=\"elementor-element elementor-element-db8ba8f elementor-widget elementor-widget-heading\" data-id=\"db8ba8f\" data-element_type=\"widget\" data-widget_type=\"heading.default\">\n\t\t\t\t<div class=\"elementor-widget-container\">\n\t\t\t\t\t<h1 class=\"elementor-heading-title elementor-size-default\">Sovinec\u00ae<\/h1>\t\t\t\t<\/div>\n\t\t\t\t<\/div>\n\t\t\t\t\t<\/div>\n\t\t<\/div>\n\t\t\t\t\t<\/div>\n\t\t<\/section>\n\t\t\t\t<section class=\"elementor-section elementor-top-section elementor-element elementor-element-6606034 elementor-reverse-tablet elementor-reverse-mobile elementor-section-boxed elementor-section-height-default elementor-section-height-default\" data-id=\"6606034\" data-element_type=\"section\" data-settings=\"{&quot;background_background&quot;:&quot;classic&quot;}\">\n\t\t\t\t\t\t<div class=\"elementor-container elementor-column-gap-default\">\n\t\t\t\t\t<div class=\"elementor-column elementor-col-50 elementor-top-column elementor-element elementor-element-ea36663\" data-id=\"ea36663\" data-element_type=\"column\">\n\t\t\t<div class=\"elementor-widget-wrap elementor-element-populated\">\n\t\t\t\t\t\t<div class=\"elementor-element elementor-element-b6169b0 elementor-widget elementor-widget-text-editor\" data-id=\"b6169b0\" data-element_type=\"widget\" data-widget_type=\"text-editor.default\">\n\t\t\t\t<div class=\"elementor-widget-container\">\n\t\t\t\t\t\t\t\t\t<p>Das L\u00fcftungsgitter dient zum Abdecken von L\u00fcftungs\u00f6ffnungen in W\u00e4nden. Die Gusseisenkonstruktion gew\u00e4hrleistet hohe Best\u00e4ndigkeit gegen\u00fcber Witterungseinfl\u00fcssen und mechanischer Beanspruchung. Das Gitter kann mit einem Dekor oder einem Stadtwappen verziert werden und eignet sich sowohl f\u00fcr moderne als auch f\u00fcr historische Umgebungen.  <\/p>\t\t\t\t\t\t\t\t<\/div>\n\t\t\t\t<\/div>\n\t\t\t\t\t<\/div>\n\t\t<\/div>\n\t\t\t\t<div class=\"elementor-column elementor-col-50 elementor-top-column elementor-element elementor-element-215eb55\" data-id=\"215eb55\" data-element_type=\"column\" data-settings=\"{&quot;background_background&quot;:&quot;classic&quot;}\">\n\t\t\t<div class=\"elementor-widget-wrap elementor-element-populated\">\n\t\t\t\t\t\t<div class=\"elementor-element elementor-element-4536708 elementor-widget elementor-widget-image\" data-id=\"4536708\" data-element_type=\"widget\" data-widget_type=\"image.default\">\n\t\t\t\t<div class=\"elementor-widget-container\">\n\t\t\t\t\t\t\t\t\t\t\t\t\t\t\t<img fetchpriority=\"high\" decoding=\"async\" width=\"575\" height=\"580\" src=\"https:\/\/www.kogabau.sk\/wp-content\/uploads\/2025\/10\/KoGaBau-Sovinec.png\" class=\"attachment-full size-full wp-image-5621\" alt=\"\" srcset=\"https:\/\/www.kogabau.sk\/wp-content\/uploads\/2025\/10\/KoGaBau-Sovinec.png 575w, https:\/\/www.kogabau.sk\/wp-content\/uploads\/2025\/10\/KoGaBau-Sovinec-297x300.png 297w, https:\/\/www.kogabau.sk\/wp-content\/uploads\/2025\/10\/KoGaBau-Sovinec-150x150.png 150w\" sizes=\"(max-width: 575px) 100vw, 575px\" \/>\t\t\t\t\t\t\t\t\t\t\t\t\t\t\t<\/div>\n\t\t\t\t<\/div>\n\t\t\t\t\t<\/div>\n\t\t<\/div>\n\t\t\t\t\t<\/div>\n\t\t<\/section>\n\t\t\t\t<\/div>\n\t\t","protected":false},"excerpt":{"rendered":"<p>Sovinec\u00ae Das L\u00fcftungsgitter dient zum Abdecken von L\u00fcftungs\u00f6ffnungen in W\u00e4nden. Die Gusseisenkonstruktion gew\u00e4hrleistet hohe Best\u00e4ndigkeit gegen\u00fcber Witterungseinfl\u00fcssen und mechanischer Beanspruchung. Das Gitter kann mit einem Dekor oder einem Stadtwappen verziert werden und eignet sich sowohl f\u00fcr moderne als auch f\u00fcr historische Umgebungen.<\/p>\n","protected":false},"author":16,"featured_media":0,"parent":0,"menu_order":0,"comment_status":"closed","ping_status":"closed","template":"","meta":{"footnotes":""},"class_list":["post-5625","page","type-page","status-publish","hentry"],"yoast_head":"<!-- This site is optimized with the Yoast SEO plugin v26.2 - https:\/\/yoast.com\/wordpress\/plugins\/seo\/ -->\n<title>Sovinec\u00ae \u2013 L\u00fcftungsgitter aus Gusseisen f\u00fcr W\u00e4nde | KOGA Bau<\/title>\n<meta name=\"description\" content=\"Das robuste Gusseisen-L\u00fcftungsgitter Sovinec\u00ae dient zur Abdeckung von Wandl\u00fcftungs\u00f6ffnungen. Es bietet Gestaltungsm\u00f6glichkeiten mit Dekorationselementen oder Stadtwappen und eignet sich f\u00fcr moderne wie historische R\u00e4ume. Eine hochwertige und langlebige L\u00f6sung von KOGA Bau.\" \/>\n<meta name=\"robots\" content=\"index, follow, max-snippet:-1, max-image-preview:large, max-video-preview:-1\" \/>\n<link rel=\"canonical\" href=\"https:\/\/www.kogabau.sk\/de\/sovinec\/\" \/>\n<meta property=\"og:locale\" content=\"de_DE\" \/>\n<meta property=\"og:type\" content=\"article\" \/>\n<meta property=\"og:title\" content=\"Sovinec\u00ae \u2013 L\u00fcftungsgitter aus Gusseisen f\u00fcr W\u00e4nde | KOGA Bau\" \/>\n<meta property=\"og:description\" content=\"Das robuste Gusseisen-L\u00fcftungsgitter Sovinec\u00ae dient zur Abdeckung von Wandl\u00fcftungs\u00f6ffnungen. Es bietet Gestaltungsm\u00f6glichkeiten mit Dekorationselementen oder Stadtwappen und eignet sich f\u00fcr moderne wie historische R\u00e4ume. Eine hochwertige und langlebige L\u00f6sung von KOGA Bau.\" \/>\n<meta property=\"og:url\" content=\"https:\/\/www.kogabau.sk\/de\/sovinec\/\" \/>\n<meta property=\"og:site_name\" content=\"KOGABAU\" \/>\n<meta property=\"article:modified_time\" content=\"2025-11-09T12:05:57+00:00\" \/>\n<meta property=\"og:image\" content=\"https:\/\/www.kogabau.sk\/wp-content\/uploads\/2025\/10\/KoGaBau-Sovinec.png\" \/>\n\t<meta property=\"og:image:width\" content=\"575\" \/>\n\t<meta property=\"og:image:height\" content=\"580\" \/>\n\t<meta property=\"og:image:type\" content=\"image\/png\" \/>\n<meta name=\"twitter:card\" content=\"summary_large_image\" \/>\n<script type=\"application\/ld+json\" class=\"yoast-schema-graph\">{\"@context\":\"https:\/\/schema.org\",\"@graph\":[{\"@type\":\"WebPage\",\"@id\":\"https:\/\/www.kogabau.sk\/de\/sovinec\/\",\"url\":\"https:\/\/www.kogabau.sk\/de\/sovinec\/\",\"name\":\"Sovinec\u00ae \u2013 L\u00fcftungsgitter aus Gusseisen f\u00fcr W\u00e4nde | KOGA Bau\",\"isPartOf\":{\"@id\":\"https:\/\/www.kogabau.sk\/de\/#website\"},\"primaryImageOfPage\":{\"@id\":\"https:\/\/www.kogabau.sk\/de\/sovinec\/#primaryimage\"},\"image\":{\"@id\":\"https:\/\/www.kogabau.sk\/de\/sovinec\/#primaryimage\"},\"thumbnailUrl\":\"https:\/\/www.kogabau.sk\/wp-content\/uploads\/2025\/10\/KoGaBau-Sovinec.png\",\"datePublished\":\"2025-10-12T12:40:40+00:00\",\"dateModified\":\"2025-11-09T12:05:57+00:00\",\"description\":\"Das robuste Gusseisen-L\u00fcftungsgitter Sovinec\u00ae dient zur Abdeckung von Wandl\u00fcftungs\u00f6ffnungen. Es bietet Gestaltungsm\u00f6glichkeiten mit Dekorationselementen oder Stadtwappen und eignet sich f\u00fcr moderne wie historische R\u00e4ume. Eine hochwertige und langlebige L\u00f6sung von KOGA Bau.\",\"breadcrumb\":{\"@id\":\"https:\/\/www.kogabau.sk\/de\/sovinec\/#breadcrumb\"},\"inLanguage\":\"de\",\"potentialAction\":[{\"@type\":\"ReadAction\",\"target\":[\"https:\/\/www.kogabau.sk\/de\/sovinec\/\"]}]},{\"@type\":\"ImageObject\",\"inLanguage\":\"de\",\"@id\":\"https:\/\/www.kogabau.sk\/de\/sovinec\/#primaryimage\",\"url\":\"https:\/\/www.kogabau.sk\/wp-content\/uploads\/2025\/10\/KoGaBau-Sovinec.png\",\"contentUrl\":\"https:\/\/www.kogabau.sk\/wp-content\/uploads\/2025\/10\/KoGaBau-Sovinec.png\"},{\"@type\":\"BreadcrumbList\",\"@id\":\"https:\/\/www.kogabau.sk\/de\/sovinec\/#breadcrumb\",\"itemListElement\":[{\"@type\":\"ListItem\",\"position\":1,\"name\":\"Home\",\"item\":\"https:\/\/www.kogabau.sk\/de\/\"},{\"@type\":\"ListItem\",\"position\":2,\"name\":\"Sovinec\"}]},{\"@type\":\"WebSite\",\"@id\":\"https:\/\/www.kogabau.sk\/de\/#website\",\"url\":\"https:\/\/www.kogabau.sk\/de\/\",\"name\":\"KOGABAU\",\"description\":\"\",\"publisher\":{\"@id\":\"https:\/\/www.kogabau.sk\/de\/#organization\"},\"potentialAction\":[{\"@type\":\"SearchAction\",\"target\":{\"@type\":\"EntryPoint\",\"urlTemplate\":\"https:\/\/www.kogabau.sk\/de\/?s={search_term_string}\"},\"query-input\":{\"@type\":\"PropertyValueSpecification\",\"valueRequired\":true,\"valueName\":\"search_term_string\"}}],\"inLanguage\":\"de\"},{\"@type\":\"Organization\",\"@id\":\"https:\/\/www.kogabau.sk\/de\/#organization\",\"name\":\"KOGABAU\",\"url\":\"https:\/\/www.kogabau.sk\/de\/\",\"logo\":{\"@type\":\"ImageObject\",\"inLanguage\":\"de\",\"@id\":\"https:\/\/www.kogabau.sk\/de\/#\/schema\/logo\/image\/\",\"url\":\"https:\/\/www.kogabau.sk\/wp-content\/uploads\/2021\/02\/KOGA-BAU-logo-cierne.png\",\"contentUrl\":\"https:\/\/www.kogabau.sk\/wp-content\/uploads\/2021\/02\/KOGA-BAU-logo-cierne.png\",\"width\":516,\"height\":66,\"caption\":\"KOGABAU\"},\"image\":{\"@id\":\"https:\/\/www.kogabau.sk\/de\/#\/schema\/logo\/image\/\"}}]}<\/script>\n<!-- \/ Yoast SEO plugin. -->","yoast_head_json":{"title":"Sovinec\u00ae \u2013 L\u00fcftungsgitter aus Gusseisen f\u00fcr W\u00e4nde | KOGA Bau","description":"Das robuste Gusseisen-L\u00fcftungsgitter Sovinec\u00ae dient zur Abdeckung von Wandl\u00fcftungs\u00f6ffnungen. Es bietet Gestaltungsm\u00f6glichkeiten mit Dekorationselementen oder Stadtwappen und eignet sich f\u00fcr moderne wie historische R\u00e4ume. Eine hochwertige und langlebige L\u00f6sung von KOGA Bau.","robots":{"index":"index","follow":"follow","max-snippet":"max-snippet:-1","max-image-preview":"max-image-preview:large","max-video-preview":"max-video-preview:-1"},"canonical":"https:\/\/www.kogabau.sk\/de\/sovinec\/","og_locale":"de_DE","og_type":"article","og_title":"Sovinec\u00ae \u2013 L\u00fcftungsgitter aus Gusseisen f\u00fcr W\u00e4nde | KOGA Bau","og_description":"Das robuste Gusseisen-L\u00fcftungsgitter Sovinec\u00ae dient zur Abdeckung von Wandl\u00fcftungs\u00f6ffnungen. Es bietet Gestaltungsm\u00f6glichkeiten mit Dekorationselementen oder Stadtwappen und eignet sich f\u00fcr moderne wie historische R\u00e4ume. Eine hochwertige und langlebige L\u00f6sung von KOGA Bau.","og_url":"https:\/\/www.kogabau.sk\/de\/sovinec\/","og_site_name":"KOGABAU","article_modified_time":"2025-11-09T12:05:57+00:00","og_image":[{"width":575,"height":580,"url":"https:\/\/www.kogabau.sk\/wp-content\/uploads\/2025\/10\/KoGaBau-Sovinec.png","type":"image\/png"}],"twitter_card":"summary_large_image","schema":{"@context":"https:\/\/schema.org","@graph":[{"@type":"WebPage","@id":"https:\/\/www.kogabau.sk\/de\/sovinec\/","url":"https:\/\/www.kogabau.sk\/de\/sovinec\/","name":"Sovinec\u00ae \u2013 L\u00fcftungsgitter aus Gusseisen f\u00fcr W\u00e4nde | KOGA Bau","isPartOf":{"@id":"https:\/\/www.kogabau.sk\/de\/#website"},"primaryImageOfPage":{"@id":"https:\/\/www.kogabau.sk\/de\/sovinec\/#primaryimage"},"image":{"@id":"https:\/\/www.kogabau.sk\/de\/sovinec\/#primaryimage"},"thumbnailUrl":"https:\/\/www.kogabau.sk\/wp-content\/uploads\/2025\/10\/KoGaBau-Sovinec.png","datePublished":"2025-10-12T12:40:40+00:00","dateModified":"2025-11-09T12:05:57+00:00","description":"Das robuste Gusseisen-L\u00fcftungsgitter Sovinec\u00ae dient zur Abdeckung von Wandl\u00fcftungs\u00f6ffnungen. Es bietet Gestaltungsm\u00f6glichkeiten mit Dekorationselementen oder Stadtwappen und eignet sich f\u00fcr moderne wie historische R\u00e4ume. Eine hochwertige und langlebige L\u00f6sung von KOGA Bau.","breadcrumb":{"@id":"https:\/\/www.kogabau.sk\/de\/sovinec\/#breadcrumb"},"inLanguage":"de","potentialAction":[{"@type":"ReadAction","target":["https:\/\/www.kogabau.sk\/de\/sovinec\/"]}]},{"@type":"ImageObject","inLanguage":"de","@id":"https:\/\/www.kogabau.sk\/de\/sovinec\/#primaryimage","url":"https:\/\/www.kogabau.sk\/wp-content\/uploads\/2025\/10\/KoGaBau-Sovinec.png","contentUrl":"https:\/\/www.kogabau.sk\/wp-content\/uploads\/2025\/10\/KoGaBau-Sovinec.png"},{"@type":"BreadcrumbList","@id":"https:\/\/www.kogabau.sk\/de\/sovinec\/#breadcrumb","itemListElement":[{"@type":"ListItem","position":1,"name":"Home","item":"https:\/\/www.kogabau.sk\/de\/"},{"@type":"ListItem","position":2,"name":"Sovinec"}]},{"@type":"WebSite","@id":"https:\/\/www.kogabau.sk\/de\/#website","url":"https:\/\/www.kogabau.sk\/de\/","name":"KOGABAU","description":"","publisher":{"@id":"https:\/\/www.kogabau.sk\/de\/#organization"},"potentialAction":[{"@type":"SearchAction","target":{"@type":"EntryPoint","urlTemplate":"https:\/\/www.kogabau.sk\/de\/?s={search_term_string}"},"query-input":{"@type":"PropertyValueSpecification","valueRequired":true,"valueName":"search_term_string"}}],"inLanguage":"de"},{"@type":"Organization","@id":"https:\/\/www.kogabau.sk\/de\/#organization","name":"KOGABAU","url":"https:\/\/www.kogabau.sk\/de\/","logo":{"@type":"ImageObject","inLanguage":"de","@id":"https:\/\/www.kogabau.sk\/de\/#\/schema\/logo\/image\/","url":"https:\/\/www.kogabau.sk\/wp-content\/uploads\/2021\/02\/KOGA-BAU-logo-cierne.png","contentUrl":"https:\/\/www.kogabau.sk\/wp-content\/uploads\/2021\/02\/KOGA-BAU-logo-cierne.png","width":516,"height":66,"caption":"KOGABAU"},"image":{"@id":"https:\/\/www.kogabau.sk\/de\/#\/schema\/logo\/image\/"}}]}},"_links":{"self":[{"href":"https:\/\/www.kogabau.sk\/de\/wp-json\/wp\/v2\/pages\/5625","targetHints":{"allow":["GET"]}}],"collection":[{"href":"https:\/\/www.kogabau.sk\/de\/wp-json\/wp\/v2\/pages"}],"about":[{"href":"https:\/\/www.kogabau.sk\/de\/wp-json\/wp\/v2\/types\/page"}],"author":[{"embeddable":true,"href":"https:\/\/www.kogabau.sk\/de\/wp-json\/wp\/v2\/users\/16"}],"replies":[{"embeddable":true,"href":"https:\/\/www.kogabau.sk\/de\/wp-json\/wp\/v2\/comments?post=5625"}],"version-history":[{"count":2,"href":"https:\/\/www.kogabau.sk\/de\/wp-json\/wp\/v2\/pages\/5625\/revisions"}],"predecessor-version":[{"id":8312,"href":"https:\/\/www.kogabau.sk\/de\/wp-json\/wp\/v2\/pages\/5625\/revisions\/8312"}],"wp:attachment":[{"href":"https:\/\/www.kogabau.sk\/de\/wp-json\/wp\/v2\/media?parent=5625"}],"curies":[{"name":"wp","href":"https:\/\/api.w.org\/{rel}","templated":true}]}}