{"id":5791,"date":"2025-10-11T16:51:28","date_gmt":"2025-10-11T14:51:28","guid":{"rendered":"https:\/\/www.kogabau.sk\/herstellung-von-sonderarmaturen\/"},"modified":"2025-11-14T16:29:50","modified_gmt":"2025-11-14T15:29:50","slug":"herstellung-von-sonderarmaturen","status":"publish","type":"page","link":"https:\/\/www.kogabau.sk\/de\/herstellung-von-sonderarmaturen\/","title":{"rendered":"Herstellung von Sonderarmaturen"},"content":{"rendered":"\t\t<div data-elementor-type=\"wp-page\" data-elementor-id=\"5791\" class=\"elementor elementor-5791 elementor-881\" data-elementor-post-type=\"page\">\n\t\t\t\t\t\t<section class=\"elementor-section elementor-top-section elementor-element elementor-element-1e8c51c elementor-section-boxed elementor-section-height-default elementor-section-height-default\" data-id=\"1e8c51c\" data-element_type=\"section\" data-settings=\"{&quot;background_background&quot;:&quot;classic&quot;}\">\n\t\t\t\t\t\t<div class=\"elementor-container elementor-column-gap-default\">\n\t\t\t\t\t<div class=\"elementor-column elementor-col-100 elementor-top-column elementor-element elementor-element-8485e09\" data-id=\"8485e09\" data-element_type=\"column\">\n\t\t\t<div class=\"elementor-widget-wrap elementor-element-populated\">\n\t\t\t\t\t\t<div class=\"elementor-element elementor-element-f5a3ced elementor-widget elementor-widget-spacer\" data-id=\"f5a3ced\" data-element_type=\"widget\" data-widget_type=\"spacer.default\">\n\t\t\t\t<div class=\"elementor-widget-container\">\n\t\t\t\t\t\t\t<div class=\"elementor-spacer\">\n\t\t\t<div class=\"elementor-spacer-inner\"><\/div>\n\t\t<\/div>\n\t\t\t\t\t\t<\/div>\n\t\t\t\t<\/div>\n\t\t\t\t<div class=\"elementor-element elementor-element-010b38e elementor-widget elementor-widget-heading\" data-id=\"010b38e\" data-element_type=\"widget\" data-widget_type=\"heading.default\">\n\t\t\t\t<div class=\"elementor-widget-container\">\n\t\t\t\t\t<h1 class=\"elementor-heading-title elementor-size-default\">Herstellung<br>von Sonderarmaturen<\/h1>\t\t\t\t<\/div>\n\t\t\t\t<\/div>\n\t\t\t\t\t<\/div>\n\t\t<\/div>\n\t\t\t\t\t<\/div>\n\t\t<\/section>\n\t\t\t\t<section class=\"elementor-section elementor-top-section elementor-element elementor-element-3395629 elementor-section-boxed elementor-section-height-default elementor-section-height-default\" data-id=\"3395629\" data-element_type=\"section\" data-settings=\"{&quot;background_background&quot;:&quot;classic&quot;}\">\n\t\t\t\t\t\t<div class=\"elementor-container elementor-column-gap-default\">\n\t\t\t\t\t<div class=\"elementor-column elementor-col-50 elementor-top-column elementor-element elementor-element-8297679\" data-id=\"8297679\" data-element_type=\"column\">\n\t\t\t<div class=\"elementor-widget-wrap elementor-element-populated\">\n\t\t\t\t\t\t<div class=\"elementor-element elementor-element-da0a5ed elementor-widget elementor-widget-text-editor\" data-id=\"da0a5ed\" data-element_type=\"widget\" data-widget_type=\"text-editor.default\">\n\t\t\t\t<div class=\"elementor-widget-container\">\n\t\t\t\t\t\t\t\t\t<p>Wir fertigen Sonderformst\u00fccke nach Kundenwunsch.<br>Wir verf\u00fcgen \u00fcber eigene Technologie zum Stumpfschwei\u00dfen von Rohren mit Durchmessern von DN50 bis DN630. Dar\u00fcber hinaus bieten wir auch das Schwei\u00dfen von Winkeln an. Als eines der wenigen Unternehmen besitzen wir die Ausr\u00fcstung zum Schwei\u00dfen von Winkeln \u00fcber 45\u00b0.  <\/p><p>Wir f\u00fchren auch Schwei\u00dfarbeiten mit einem Extruder durch. Verbindungen zwischen verschiedenen Materialarten k\u00f6nnen wir mit w\u00e4rmeschrumpfenden Fittings herstellen, die eine unl\u00f6sbare Verbindung mit hoher Extrusionsbest\u00e4ndigkeit gew\u00e4hrleisten. <\/p><p>Wir entwickeln und fertigen auch \u00dcbergangsst\u00fccke zwischen verschiedenen Arten von Rohrmaterialien.<\/p><p>F\u00fcr ein Angebot oder eine technische Beratung wenden Sie sich bitte an unsere technische Abteilung. Wir erarbeiten gerne eine ma\u00dfgeschneiderte L\u00f6sung f\u00fcr Sie. <\/p>\t\t\t\t\t\t\t\t<\/div>\n\t\t\t\t<\/div>\n\t\t\t\t\t<\/div>\n\t\t<\/div>\n\t\t\t\t<div class=\"elementor-column elementor-col-50 elementor-top-column elementor-element elementor-element-f54d5c0\" data-id=\"f54d5c0\" data-element_type=\"column\">\n\t\t\t<div class=\"elementor-widget-wrap elementor-element-populated\">\n\t\t\t\t\t\t<div class=\"elementor-element elementor-element-ff4e85b elementor-widget elementor-widget-image\" data-id=\"ff4e85b\" data-element_type=\"widget\" data-widget_type=\"image.default\">\n\t\t\t\t<div class=\"elementor-widget-container\">\n\t\t\t\t\t\t\t\t\t\t\t\t\t\t\t<img fetchpriority=\"high\" decoding=\"async\" width=\"585\" height=\"418\" src=\"https:\/\/www.kogabau.sk\/wp-content\/uploads\/2025\/10\/kogabau-vyroba-atypickych-tvarovek.png\" class=\"attachment-full size-full wp-image-5787\" alt=\"\" srcset=\"https:\/\/www.kogabau.sk\/wp-content\/uploads\/2025\/10\/kogabau-vyroba-atypickych-tvarovek.png 585w, https:\/\/www.kogabau.sk\/wp-content\/uploads\/2025\/10\/kogabau-vyroba-atypickych-tvarovek-300x214.png 300w\" sizes=\"(max-width: 585px) 100vw, 585px\" \/>\t\t\t\t\t\t\t\t\t\t\t\t\t\t\t<\/div>\n\t\t\t\t<\/div>\n\t\t\t\t\t<\/div>\n\t\t<\/div>\n\t\t\t\t\t<\/div>\n\t\t<\/section>\n\t\t\t\t<section class=\"elementor-section elementor-top-section elementor-element elementor-element-0d5305a elementor-hidden-mobile elementor-section-boxed elementor-section-height-default elementor-section-height-default\" data-id=\"0d5305a\" data-element_type=\"section\" data-settings=\"{&quot;background_background&quot;:&quot;classic&quot;}\">\n\t\t\t\t\t\t<div class=\"elementor-container elementor-column-gap-default\">\n\t\t\t\t\t<div class=\"make-column-clickable-elementor elementor-column elementor-col-100 elementor-top-column elementor-element elementor-element-06d87aa\" style=\"cursor: pointer;\" data-column-clickable=\"https:\/\/www.kogabau.sk\/de\/kontakte\/\" data-column-clickable-blank=\"_self\" data-id=\"06d87aa\" data-element_type=\"column\" data-settings=\"{&quot;background_background&quot;:&quot;classic&quot;}\">\n\t\t\t<div class=\"elementor-widget-wrap elementor-element-populated\">\n\t\t\t\t\t<div class=\"elementor-background-overlay\"><\/div>\n\t\t\t\t\t\t<div class=\"elementor-element elementor-element-4812868 elementor-widget elementor-widget-heading\" data-id=\"4812868\" data-element_type=\"widget\" data-widget_type=\"heading.default\">\n\t\t\t\t<div class=\"elementor-widget-container\">\n\t\t\t\t\t<h2 class=\"elementor-heading-title elementor-size-default\">Haben Sie Interesse an einer Anmietung?<\/h2>\t\t\t\t<\/div>\n\t\t\t\t<\/div>\n\t\t\t\t<div class=\"elementor-element elementor-element-cbec9f0 elementor-widget elementor-widget-text-editor\" data-id=\"cbec9f0\" data-element_type=\"widget\" data-widget_type=\"text-editor.default\">\n\t\t\t\t<div class=\"elementor-widget-container\">\n\t\t\t\t\t\t\t\t\t<p>Der Mietpreis wird stets individuell vereinbart. Bei Interesse senden Sie bitte eine E-Mail mit Ihren Anforderungen an <strong>kogabau@kogabau.sk<\/strong> oder kontaktieren Sie uns \u00fcber [Kontaktinformationen einf\u00fcgen]. <br><strong>Kontaktformular<\/strong>. Unsere Vertriebsmitarbeiter werden sich mit Ihnen in Verbindung setzen, um die Mietdetails zu besprechen. <\/p>\t\t\t\t\t\t\t\t<\/div>\n\t\t\t\t<\/div>\n\t\t\t\t<div class=\"elementor-element elementor-element-4afe639 elementor-widget elementor-widget-button\" data-id=\"4afe639\" data-element_type=\"widget\" data-widget_type=\"button.default\">\n\t\t\t\t<div class=\"elementor-widget-container\">\n\t\t\t\t\t\t\t\t\t<div class=\"elementor-button-wrapper\">\n\t\t\t\t\t<a class=\"elementor-button elementor-button-link elementor-size-sm elementor-animation-grow\" href=\"https:\/\/www.kogabau.sk\/de\/kontakte\/\">\n\t\t\t\t\t\t<span class=\"elementor-button-content-wrapper\">\n\t\t\t\t\t\t\t\t\t<span class=\"elementor-button-text\">KONTAKT<\/span>\n\t\t\t\t\t<\/span>\n\t\t\t\t\t<\/a>\n\t\t\t\t<\/div>\n\t\t\t\t\t\t\t\t<\/div>\n\t\t\t\t<\/div>\n\t\t\t\t\t<\/div>\n\t\t<\/div>\n\t\t\t\t\t<\/div>\n\t\t<\/section>\n\t\t\t\t<\/div>\n\t\t","protected":false},"excerpt":{"rendered":"<p>Herstellungvon Sonderarmaturen Wir fertigen Sonderformst\u00fccke nach Kundenwunsch.Wir verf\u00fcgen \u00fcber eigene Technologie zum Stumpfschwei\u00dfen von Rohren mit Durchmessern von DN50 bis DN630. Dar\u00fcber hinaus bieten wir auch das Schwei\u00dfen von Winkeln an. Als eines der wenigen Unternehmen besitzen wir die Ausr\u00fcstung zum Schwei\u00dfen von Winkeln \u00fcber 45\u00b0. Wir f\u00fchren auch Schwei\u00dfarbeiten mit einem Extruder durch. Verbindungen [&hellip;]<\/p>\n","protected":false},"author":15,"featured_media":0,"parent":0,"menu_order":0,"comment_status":"closed","ping_status":"closed","template":"","meta":{"footnotes":""},"class_list":["post-5791","page","type-page","status-publish","hentry"],"yoast_head":"<!-- This site is optimized with the Yoast SEO plugin v26.2 - https:\/\/yoast.com\/wordpress\/plugins\/seo\/ -->\n<title>Fertigung von Sonderformst\u00fccken | Schwei\u00dfen von Rohren DN50\u2013DN630 | KOGA Bau<\/title>\n<meta name=\"description\" content=\"KOGA Bau fertigt professionell Sonderformst\u00fccke nach Kundenwunsch. Wir verf\u00fcgen \u00fcber die Technologie zum Stumpfschwei\u00dfen von Rohren DN50\u2013DN630, zum Schwei\u00dfen von Winkeln \u00fcber 45\u00b0 sowie mit einem Extruder. Wir produzieren \u00dcbergangskupplungen und Verbindungen aus verschiedenen hochfesten Werkstoffen. Kontaktieren Sie uns f\u00fcr eine ma\u00dfgeschneiderte technische L\u00f6sung.\" \/>\n<meta name=\"robots\" content=\"index, follow, max-snippet:-1, max-image-preview:large, max-video-preview:-1\" \/>\n<link rel=\"canonical\" href=\"https:\/\/www.kogabau.sk\/de\/herstellung-von-sonderarmaturen\/\" \/>\n<meta property=\"og:locale\" content=\"de_DE\" \/>\n<meta property=\"og:type\" content=\"article\" \/>\n<meta property=\"og:title\" content=\"Fertigung von Sonderformst\u00fccken | Schwei\u00dfen von Rohren DN50\u2013DN630 | KOGA Bau\" \/>\n<meta property=\"og:description\" content=\"KOGA Bau fertigt professionell Sonderformst\u00fccke nach Kundenwunsch. Wir verf\u00fcgen \u00fcber die Technologie zum Stumpfschwei\u00dfen von Rohren DN50\u2013DN630, zum Schwei\u00dfen von Winkeln \u00fcber 45\u00b0 sowie mit einem Extruder. Wir produzieren \u00dcbergangskupplungen und Verbindungen aus verschiedenen hochfesten Werkstoffen. Kontaktieren Sie uns f\u00fcr eine ma\u00dfgeschneiderte technische L\u00f6sung.\" \/>\n<meta property=\"og:url\" content=\"https:\/\/www.kogabau.sk\/de\/herstellung-von-sonderarmaturen\/\" \/>\n<meta property=\"og:site_name\" content=\"KOGABAU\" \/>\n<meta property=\"article:modified_time\" content=\"2025-11-14T15:29:50+00:00\" \/>\n<meta property=\"og:image\" content=\"https:\/\/www.kogabau.sk\/wp-content\/uploads\/2025\/10\/kogabau-vyroba-atypickych-tvarovek.png\" \/>\n\t<meta property=\"og:image:width\" content=\"585\" \/>\n\t<meta property=\"og:image:height\" content=\"418\" \/>\n\t<meta property=\"og:image:type\" content=\"image\/png\" \/>\n<meta name=\"twitter:card\" content=\"summary_large_image\" \/>\n<meta name=\"twitter:label1\" content=\"Gesch\u00e4tzte Lesezeit\" \/>\n\t<meta name=\"twitter:data1\" content=\"2\u00a0Minuten\" \/>\n<script type=\"application\/ld+json\" class=\"yoast-schema-graph\">{\"@context\":\"https:\/\/schema.org\",\"@graph\":[{\"@type\":\"WebPage\",\"@id\":\"https:\/\/www.kogabau.sk\/de\/herstellung-von-sonderarmaturen\/\",\"url\":\"https:\/\/www.kogabau.sk\/de\/herstellung-von-sonderarmaturen\/\",\"name\":\"Fertigung von Sonderformst\u00fccken | Schwei\u00dfen von Rohren DN50\u2013DN630 | KOGA Bau\",\"isPartOf\":{\"@id\":\"https:\/\/www.kogabau.sk\/de\/#website\"},\"primaryImageOfPage\":{\"@id\":\"https:\/\/www.kogabau.sk\/de\/herstellung-von-sonderarmaturen\/#primaryimage\"},\"image\":{\"@id\":\"https:\/\/www.kogabau.sk\/de\/herstellung-von-sonderarmaturen\/#primaryimage\"},\"thumbnailUrl\":\"https:\/\/www.kogabau.sk\/wp-content\/uploads\/2025\/10\/kogabau-vyroba-atypickych-tvarovek.png\",\"datePublished\":\"2025-10-11T14:51:28+00:00\",\"dateModified\":\"2025-11-14T15:29:50+00:00\",\"description\":\"KOGA Bau fertigt professionell Sonderformst\u00fccke nach Kundenwunsch. Wir verf\u00fcgen \u00fcber die Technologie zum Stumpfschwei\u00dfen von Rohren DN50\u2013DN630, zum Schwei\u00dfen von Winkeln \u00fcber 45\u00b0 sowie mit einem Extruder. Wir produzieren \u00dcbergangskupplungen und Verbindungen aus verschiedenen hochfesten Werkstoffen. Kontaktieren Sie uns f\u00fcr eine ma\u00dfgeschneiderte technische L\u00f6sung.\",\"breadcrumb\":{\"@id\":\"https:\/\/www.kogabau.sk\/de\/herstellung-von-sonderarmaturen\/#breadcrumb\"},\"inLanguage\":\"de\",\"potentialAction\":[{\"@type\":\"ReadAction\",\"target\":[\"https:\/\/www.kogabau.sk\/de\/herstellung-von-sonderarmaturen\/\"]}]},{\"@type\":\"ImageObject\",\"inLanguage\":\"de\",\"@id\":\"https:\/\/www.kogabau.sk\/de\/herstellung-von-sonderarmaturen\/#primaryimage\",\"url\":\"https:\/\/www.kogabau.sk\/wp-content\/uploads\/2025\/10\/kogabau-vyroba-atypickych-tvarovek.png\",\"contentUrl\":\"https:\/\/www.kogabau.sk\/wp-content\/uploads\/2025\/10\/kogabau-vyroba-atypickych-tvarovek.png\"},{\"@type\":\"BreadcrumbList\",\"@id\":\"https:\/\/www.kogabau.sk\/de\/herstellung-von-sonderarmaturen\/#breadcrumb\",\"itemListElement\":[{\"@type\":\"ListItem\",\"position\":1,\"name\":\"Home\",\"item\":\"https:\/\/www.kogabau.sk\/de\/\"},{\"@type\":\"ListItem\",\"position\":2,\"name\":\"Herstellung von Sonderarmaturen\"}]},{\"@type\":\"WebSite\",\"@id\":\"https:\/\/www.kogabau.sk\/de\/#website\",\"url\":\"https:\/\/www.kogabau.sk\/de\/\",\"name\":\"KOGABAU\",\"description\":\"\",\"publisher\":{\"@id\":\"https:\/\/www.kogabau.sk\/de\/#organization\"},\"potentialAction\":[{\"@type\":\"SearchAction\",\"target\":{\"@type\":\"EntryPoint\",\"urlTemplate\":\"https:\/\/www.kogabau.sk\/de\/?s={search_term_string}\"},\"query-input\":{\"@type\":\"PropertyValueSpecification\",\"valueRequired\":true,\"valueName\":\"search_term_string\"}}],\"inLanguage\":\"de\"},{\"@type\":\"Organization\",\"@id\":\"https:\/\/www.kogabau.sk\/de\/#organization\",\"name\":\"KOGABAU\",\"url\":\"https:\/\/www.kogabau.sk\/de\/\",\"logo\":{\"@type\":\"ImageObject\",\"inLanguage\":\"de\",\"@id\":\"https:\/\/www.kogabau.sk\/de\/#\/schema\/logo\/image\/\",\"url\":\"https:\/\/www.kogabau.sk\/wp-content\/uploads\/2021\/02\/KOGA-BAU-logo-cierne.png\",\"contentUrl\":\"https:\/\/www.kogabau.sk\/wp-content\/uploads\/2021\/02\/KOGA-BAU-logo-cierne.png\",\"width\":516,\"height\":66,\"caption\":\"KOGABAU\"},\"image\":{\"@id\":\"https:\/\/www.kogabau.sk\/de\/#\/schema\/logo\/image\/\"}}]}<\/script>\n<!-- \/ Yoast SEO plugin. -->","yoast_head_json":{"title":"Fertigung von Sonderformst\u00fccken | Schwei\u00dfen von Rohren DN50\u2013DN630 | KOGA Bau","description":"KOGA Bau fertigt professionell Sonderformst\u00fccke nach Kundenwunsch. Wir verf\u00fcgen \u00fcber die Technologie zum Stumpfschwei\u00dfen von Rohren DN50\u2013DN630, zum Schwei\u00dfen von Winkeln \u00fcber 45\u00b0 sowie mit einem Extruder. Wir produzieren \u00dcbergangskupplungen und Verbindungen aus verschiedenen hochfesten Werkstoffen. Kontaktieren Sie uns f\u00fcr eine ma\u00dfgeschneiderte technische L\u00f6sung.","robots":{"index":"index","follow":"follow","max-snippet":"max-snippet:-1","max-image-preview":"max-image-preview:large","max-video-preview":"max-video-preview:-1"},"canonical":"https:\/\/www.kogabau.sk\/de\/herstellung-von-sonderarmaturen\/","og_locale":"de_DE","og_type":"article","og_title":"Fertigung von Sonderformst\u00fccken | Schwei\u00dfen von Rohren DN50\u2013DN630 | KOGA Bau","og_description":"KOGA Bau fertigt professionell Sonderformst\u00fccke nach Kundenwunsch. Wir verf\u00fcgen \u00fcber die Technologie zum Stumpfschwei\u00dfen von Rohren DN50\u2013DN630, zum Schwei\u00dfen von Winkeln \u00fcber 45\u00b0 sowie mit einem Extruder. Wir produzieren \u00dcbergangskupplungen und Verbindungen aus verschiedenen hochfesten Werkstoffen. Kontaktieren Sie uns f\u00fcr eine ma\u00dfgeschneiderte technische L\u00f6sung.","og_url":"https:\/\/www.kogabau.sk\/de\/herstellung-von-sonderarmaturen\/","og_site_name":"KOGABAU","article_modified_time":"2025-11-14T15:29:50+00:00","og_image":[{"width":585,"height":418,"url":"https:\/\/www.kogabau.sk\/wp-content\/uploads\/2025\/10\/kogabau-vyroba-atypickych-tvarovek.png","type":"image\/png"}],"twitter_card":"summary_large_image","twitter_misc":{"Gesch\u00e4tzte Lesezeit":"2\u00a0Minuten"},"schema":{"@context":"https:\/\/schema.org","@graph":[{"@type":"WebPage","@id":"https:\/\/www.kogabau.sk\/de\/herstellung-von-sonderarmaturen\/","url":"https:\/\/www.kogabau.sk\/de\/herstellung-von-sonderarmaturen\/","name":"Fertigung von Sonderformst\u00fccken | Schwei\u00dfen von Rohren DN50\u2013DN630 | KOGA Bau","isPartOf":{"@id":"https:\/\/www.kogabau.sk\/de\/#website"},"primaryImageOfPage":{"@id":"https:\/\/www.kogabau.sk\/de\/herstellung-von-sonderarmaturen\/#primaryimage"},"image":{"@id":"https:\/\/www.kogabau.sk\/de\/herstellung-von-sonderarmaturen\/#primaryimage"},"thumbnailUrl":"https:\/\/www.kogabau.sk\/wp-content\/uploads\/2025\/10\/kogabau-vyroba-atypickych-tvarovek.png","datePublished":"2025-10-11T14:51:28+00:00","dateModified":"2025-11-14T15:29:50+00:00","description":"KOGA Bau fertigt professionell Sonderformst\u00fccke nach Kundenwunsch. Wir verf\u00fcgen \u00fcber die Technologie zum Stumpfschwei\u00dfen von Rohren DN50\u2013DN630, zum Schwei\u00dfen von Winkeln \u00fcber 45\u00b0 sowie mit einem Extruder. Wir produzieren \u00dcbergangskupplungen und Verbindungen aus verschiedenen hochfesten Werkstoffen. Kontaktieren Sie uns f\u00fcr eine ma\u00dfgeschneiderte technische L\u00f6sung.","breadcrumb":{"@id":"https:\/\/www.kogabau.sk\/de\/herstellung-von-sonderarmaturen\/#breadcrumb"},"inLanguage":"de","potentialAction":[{"@type":"ReadAction","target":["https:\/\/www.kogabau.sk\/de\/herstellung-von-sonderarmaturen\/"]}]},{"@type":"ImageObject","inLanguage":"de","@id":"https:\/\/www.kogabau.sk\/de\/herstellung-von-sonderarmaturen\/#primaryimage","url":"https:\/\/www.kogabau.sk\/wp-content\/uploads\/2025\/10\/kogabau-vyroba-atypickych-tvarovek.png","contentUrl":"https:\/\/www.kogabau.sk\/wp-content\/uploads\/2025\/10\/kogabau-vyroba-atypickych-tvarovek.png"},{"@type":"BreadcrumbList","@id":"https:\/\/www.kogabau.sk\/de\/herstellung-von-sonderarmaturen\/#breadcrumb","itemListElement":[{"@type":"ListItem","position":1,"name":"Home","item":"https:\/\/www.kogabau.sk\/de\/"},{"@type":"ListItem","position":2,"name":"Herstellung von Sonderarmaturen"}]},{"@type":"WebSite","@id":"https:\/\/www.kogabau.sk\/de\/#website","url":"https:\/\/www.kogabau.sk\/de\/","name":"KOGABAU","description":"","publisher":{"@id":"https:\/\/www.kogabau.sk\/de\/#organization"},"potentialAction":[{"@type":"SearchAction","target":{"@type":"EntryPoint","urlTemplate":"https:\/\/www.kogabau.sk\/de\/?s={search_term_string}"},"query-input":{"@type":"PropertyValueSpecification","valueRequired":true,"valueName":"search_term_string"}}],"inLanguage":"de"},{"@type":"Organization","@id":"https:\/\/www.kogabau.sk\/de\/#organization","name":"KOGABAU","url":"https:\/\/www.kogabau.sk\/de\/","logo":{"@type":"ImageObject","inLanguage":"de","@id":"https:\/\/www.kogabau.sk\/de\/#\/schema\/logo\/image\/","url":"https:\/\/www.kogabau.sk\/wp-content\/uploads\/2021\/02\/KOGA-BAU-logo-cierne.png","contentUrl":"https:\/\/www.kogabau.sk\/wp-content\/uploads\/2021\/02\/KOGA-BAU-logo-cierne.png","width":516,"height":66,"caption":"KOGABAU"},"image":{"@id":"https:\/\/www.kogabau.sk\/de\/#\/schema\/logo\/image\/"}}]}},"_links":{"self":[{"href":"https:\/\/www.kogabau.sk\/de\/wp-json\/wp\/v2\/pages\/5791","targetHints":{"allow":["GET"]}}],"collection":[{"href":"https:\/\/www.kogabau.sk\/de\/wp-json\/wp\/v2\/pages"}],"about":[{"href":"https:\/\/www.kogabau.sk\/de\/wp-json\/wp\/v2\/types\/page"}],"author":[{"embeddable":true,"href":"https:\/\/www.kogabau.sk\/de\/wp-json\/wp\/v2\/users\/15"}],"replies":[{"embeddable":true,"href":"https:\/\/www.kogabau.sk\/de\/wp-json\/wp\/v2\/comments?post=5791"}],"version-history":[{"count":4,"href":"https:\/\/www.kogabau.sk\/de\/wp-json\/wp\/v2\/pages\/5791\/revisions"}],"predecessor-version":[{"id":7982,"href":"https:\/\/www.kogabau.sk\/de\/wp-json\/wp\/v2\/pages\/5791\/revisions\/7982"}],"wp:attachment":[{"href":"https:\/\/www.kogabau.sk\/de\/wp-json\/wp\/v2\/media?parent=5791"}],"curies":[{"name":"wp","href":"https:\/\/api.w.org\/{rel}","templated":true}]}}