{"id":5799,"date":"2025-10-13T22:50:55","date_gmt":"2025-10-13T20:50:55","guid":{"rendered":"https:\/\/www.kogabau.sk\/gusseisenprodukte\/"},"modified":"2025-11-14T16:33:51","modified_gmt":"2025-11-14T15:33:51","slug":"gusseisenprodukte","status":"publish","type":"page","link":"https:\/\/www.kogabau.sk\/de\/gusseisenprodukte\/","title":{"rendered":"Gusseisenprodukte"},"content":{"rendered":"\t\t<div data-elementor-type=\"wp-page\" data-elementor-id=\"5799\" class=\"elementor elementor-5799 elementor-1926\" data-elementor-post-type=\"page\">\n\t\t\t\t\t\t<section class=\"elementor-section elementor-top-section elementor-element elementor-element-7251c5f elementor-section-boxed elementor-section-height-default elementor-section-height-default\" data-id=\"7251c5f\" data-element_type=\"section\" data-settings=\"{&quot;background_background&quot;:&quot;classic&quot;}\">\n\t\t\t\t\t\t<div class=\"elementor-container elementor-column-gap-default\">\n\t\t\t\t\t<div class=\"elementor-column elementor-col-100 elementor-top-column elementor-element elementor-element-edf9ce2\" data-id=\"edf9ce2\" data-element_type=\"column\">\n\t\t\t<div class=\"elementor-widget-wrap elementor-element-populated\">\n\t\t\t\t\t\t<div class=\"elementor-element elementor-element-6e662be elementor-widget elementor-widget-spacer\" data-id=\"6e662be\" data-element_type=\"widget\" data-widget_type=\"spacer.default\">\n\t\t\t\t<div class=\"elementor-widget-container\">\n\t\t\t\t\t\t\t<div class=\"elementor-spacer\">\n\t\t\t<div class=\"elementor-spacer-inner\"><\/div>\n\t\t<\/div>\n\t\t\t\t\t\t<\/div>\n\t\t\t\t<\/div>\n\t\t\t\t<div class=\"elementor-element elementor-element-546423a elementor-widget elementor-widget-heading\" data-id=\"546423a\" data-element_type=\"widget\" data-widget_type=\"heading.default\">\n\t\t\t\t<div class=\"elementor-widget-container\">\n\t\t\t\t\t<h1 class=\"elementor-heading-title elementor-size-default\">Gusseisenprodukte<\/h1>\t\t\t\t<\/div>\n\t\t\t\t<\/div>\n\t\t\t\t\t<\/div>\n\t\t<\/div>\n\t\t\t\t\t<\/div>\n\t\t<\/section>\n\t\t\t\t<section class=\"elementor-section elementor-top-section elementor-element elementor-element-f41d586 elementor-section-boxed elementor-section-height-default elementor-section-height-default\" data-id=\"f41d586\" data-element_type=\"section\" data-settings=\"{&quot;background_background&quot;:&quot;classic&quot;}\">\n\t\t\t\t\t\t<div class=\"elementor-container elementor-column-gap-default\">\n\t\t\t\t\t<div class=\"make-column-clickable-elementor elementor-column elementor-col-33 elementor-top-column elementor-element elementor-element-3b42f6b\" style=\"cursor: pointer;\" data-column-clickable=\"https:\/\/www.kogabau.sk\/de\/strassenablaeufe\/\" data-column-clickable-blank=\"_self\" data-id=\"3b42f6b\" data-element_type=\"column\" data-settings=\"{&quot;background_background&quot;:&quot;classic&quot;}\">\n\t\t\t<div class=\"elementor-widget-wrap elementor-element-populated\">\n\t\t\t\t\t<div class=\"elementor-background-overlay\"><\/div>\n\t\t\t\t\t\t<div class=\"elementor-element elementor-element-6aebcd4 elementor-widget elementor-widget-spacer\" data-id=\"6aebcd4\" data-element_type=\"widget\" data-widget_type=\"spacer.default\">\n\t\t\t\t<div class=\"elementor-widget-container\">\n\t\t\t\t\t\t\t<div class=\"elementor-spacer\">\n\t\t\t<div class=\"elementor-spacer-inner\"><\/div>\n\t\t<\/div>\n\t\t\t\t\t\t<\/div>\n\t\t\t\t<\/div>\n\t\t\t\t<div class=\"elementor-element elementor-element-a293d3e elementor-widget__width-initial elementor-widget elementor-widget-heading\" data-id=\"a293d3e\" data-element_type=\"widget\" data-widget_type=\"heading.default\">\n\t\t\t\t<div class=\"elementor-widget-container\">\n\t\t\t\t\t<h2 class=\"elementor-heading-title elementor-size-default\">Produkte <br>zur <br>Verkehrsfl\u00e4chenentw\u00e4sserung<\/h2>\t\t\t\t<\/div>\n\t\t\t\t<\/div>\n\t\t\t\t<div class=\"elementor-element elementor-element-ea366a4 elementor-widget__width-initial elementor-mobile-align-right elementor-widget-mobile__width-initial elementor-align-right elementor-widget elementor-widget-button\" data-id=\"ea366a4\" data-element_type=\"widget\" data-widget_type=\"button.default\">\n\t\t\t\t<div class=\"elementor-widget-container\">\n\t\t\t\t\t\t\t\t\t<div class=\"elementor-button-wrapper\">\n\t\t\t\t\t<a class=\"elementor-button elementor-button-link elementor-size-sm elementor-animation-grow\" href=\"https:\/\/www.kogabau.sk\/de\/strassenablaeufe\/\">\n\t\t\t\t\t\t<span class=\"elementor-button-content-wrapper\">\n\t\t\t\t\t\t\t\t\t<span class=\"elementor-button-text\">DETAILS<\/span>\n\t\t\t\t\t<\/span>\n\t\t\t\t\t<\/a>\n\t\t\t\t<\/div>\n\t\t\t\t\t\t\t\t<\/div>\n\t\t\t\t<\/div>\n\t\t\t\t\t<\/div>\n\t\t<\/div>\n\t\t\t\t<div class=\"make-column-clickable-elementor elementor-column elementor-col-33 elementor-top-column elementor-element elementor-element-4809320\" style=\"cursor: pointer;\" data-column-clickable=\"https:\/\/www.kogabau.sk\/de\/schluepfe\/\" data-column-clickable-blank=\"_self\" data-id=\"4809320\" data-element_type=\"column\" data-settings=\"{&quot;background_background&quot;:&quot;classic&quot;}\">\n\t\t\t<div class=\"elementor-widget-wrap elementor-element-populated\">\n\t\t\t\t\t<div class=\"elementor-background-overlay\"><\/div>\n\t\t\t\t\t\t<div class=\"elementor-element elementor-element-b50c422 elementor-widget elementor-widget-spacer\" data-id=\"b50c422\" data-element_type=\"widget\" data-widget_type=\"spacer.default\">\n\t\t\t\t<div class=\"elementor-widget-container\">\n\t\t\t\t\t\t\t<div class=\"elementor-spacer\">\n\t\t\t<div class=\"elementor-spacer-inner\"><\/div>\n\t\t<\/div>\n\t\t\t\t\t\t<\/div>\n\t\t\t\t<\/div>\n\t\t\t\t<div class=\"elementor-element elementor-element-d606c25 elementor-widget__width-initial elementor-widget elementor-widget-heading\" data-id=\"d606c25\" data-element_type=\"widget\" data-widget_type=\"heading.default\">\n\t\t\t\t<div class=\"elementor-widget-container\">\n\t\t\t\t\t<h2 class=\"elementor-heading-title elementor-size-default\">Schl\u00fcpfe<\/h2>\t\t\t\t<\/div>\n\t\t\t\t<\/div>\n\t\t\t\t<div class=\"elementor-element elementor-element-6d511c1 elementor-widget__width-initial elementor-mobile-align-right elementor-widget-mobile__width-initial elementor-align-right elementor-widget elementor-widget-button\" data-id=\"6d511c1\" data-element_type=\"widget\" data-widget_type=\"button.default\">\n\t\t\t\t<div class=\"elementor-widget-container\">\n\t\t\t\t\t\t\t\t\t<div class=\"elementor-button-wrapper\">\n\t\t\t\t\t<a class=\"elementor-button elementor-button-link elementor-size-sm elementor-animation-grow\" href=\"https:\/\/www.kogabau.sk\/de\/schluepfe\/\">\n\t\t\t\t\t\t<span class=\"elementor-button-content-wrapper\">\n\t\t\t\t\t\t\t\t\t<span class=\"elementor-button-text\">DETAILS<\/span>\n\t\t\t\t\t<\/span>\n\t\t\t\t\t<\/a>\n\t\t\t\t<\/div>\n\t\t\t\t\t\t\t\t<\/div>\n\t\t\t\t<\/div>\n\t\t\t\t\t<\/div>\n\t\t<\/div>\n\t\t\t\t<div class=\"make-column-clickable-elementor elementor-column elementor-col-33 elementor-top-column elementor-element elementor-element-4258fff\" style=\"cursor: pointer;\" data-column-clickable=\"https:\/\/www.kogabau.sk\/de\/stadtmoebel\/\" data-column-clickable-blank=\"_self\" data-id=\"4258fff\" data-element_type=\"column\" data-settings=\"{&quot;background_background&quot;:&quot;classic&quot;}\">\n\t\t\t<div class=\"elementor-widget-wrap elementor-element-populated\">\n\t\t\t\t\t<div class=\"elementor-background-overlay\"><\/div>\n\t\t\t\t\t\t<div class=\"elementor-element elementor-element-5be4a4e elementor-widget elementor-widget-spacer\" data-id=\"5be4a4e\" data-element_type=\"widget\" data-widget_type=\"spacer.default\">\n\t\t\t\t<div class=\"elementor-widget-container\">\n\t\t\t\t\t\t\t<div class=\"elementor-spacer\">\n\t\t\t<div class=\"elementor-spacer-inner\"><\/div>\n\t\t<\/div>\n\t\t\t\t\t\t<\/div>\n\t\t\t\t<\/div>\n\t\t\t\t<div class=\"elementor-element elementor-element-91ebdb1 elementor-widget__width-initial elementor-widget elementor-widget-heading\" data-id=\"91ebdb1\" data-element_type=\"widget\" data-widget_type=\"heading.default\">\n\t\t\t\t<div class=\"elementor-widget-container\">\n\t\t\t\t\t<h2 class=\"elementor-heading-title elementor-size-default\">Stadtm\u00f6bel<\/h2>\t\t\t\t<\/div>\n\t\t\t\t<\/div>\n\t\t\t\t<div class=\"elementor-element elementor-element-6e53cb4 elementor-mobile-align-right elementor-widget-mobile__width-initial elementor-align-right elementor-widget__width-initial elementor-widget elementor-widget-button\" data-id=\"6e53cb4\" data-element_type=\"widget\" data-widget_type=\"button.default\">\n\t\t\t\t<div class=\"elementor-widget-container\">\n\t\t\t\t\t\t\t\t\t<div class=\"elementor-button-wrapper\">\n\t\t\t\t\t<a class=\"elementor-button elementor-button-link elementor-size-sm elementor-animation-grow\" href=\"https:\/\/www.kogabau.sk\/de\/stadtmoebel\/\">\n\t\t\t\t\t\t<span class=\"elementor-button-content-wrapper\">\n\t\t\t\t\t\t\t\t\t<span class=\"elementor-button-text\">DETAILS<\/span>\n\t\t\t\t\t<\/span>\n\t\t\t\t\t<\/a>\n\t\t\t\t<\/div>\n\t\t\t\t\t\t\t\t<\/div>\n\t\t\t\t<\/div>\n\t\t\t\t\t<\/div>\n\t\t<\/div>\n\t\t\t\t\t<\/div>\n\t\t<\/section>\n\t\t\t\t<\/div>\n\t\t","protected":false},"excerpt":{"rendered":"<p>Gusseisenprodukte Produkte zur Verkehrsfl\u00e4chenentw\u00e4sserung DETAILS Schl\u00fcpfe DETAILS Stadtm\u00f6bel DETAILS<\/p>\n","protected":false},"author":15,"featured_media":0,"parent":0,"menu_order":0,"comment_status":"closed","ping_status":"closed","template":"","meta":{"footnotes":""},"class_list":["post-5799","page","type-page","status-publish","hentry"],"yoast_head":"<!-- This site is optimized with the Yoast SEO plugin v26.2 - https:\/\/yoast.com\/wordpress\/plugins\/seo\/ -->\n<title>Gusseisenprodukte f\u00fcr Entw\u00e4sserung und Infrastruktur | KOGA Bau<\/title>\n<meta name=\"description\" content=\"Entdecken Sie die Produktpalette aus Gusseisen von KOGA Bau \u2013 von der Entw\u00e4sserung von Verkehrsfl\u00e4chen \u00fcber Sch\u00e4chte bis hin zu Stadtmobiliar. Zuverl\u00e4ssige L\u00f6sungen mit hoher Langlebigkeit und Qualit\u00e4t f\u00fcr Stadt- und Verkehrsprojekte.\" \/>\n<meta name=\"robots\" content=\"index, follow, max-snippet:-1, max-image-preview:large, max-video-preview:-1\" \/>\n<link rel=\"canonical\" href=\"https:\/\/www.kogabau.sk\/de\/gusseisenprodukte\/\" \/>\n<meta property=\"og:locale\" content=\"de_DE\" \/>\n<meta property=\"og:type\" content=\"article\" \/>\n<meta property=\"og:title\" content=\"Gusseisenprodukte f\u00fcr Entw\u00e4sserung und Infrastruktur | KOGA Bau\" \/>\n<meta property=\"og:description\" content=\"Entdecken Sie die Produktpalette aus Gusseisen von KOGA Bau \u2013 von der Entw\u00e4sserung von Verkehrsfl\u00e4chen \u00fcber Sch\u00e4chte bis hin zu Stadtmobiliar. Zuverl\u00e4ssige L\u00f6sungen mit hoher Langlebigkeit und Qualit\u00e4t f\u00fcr Stadt- und Verkehrsprojekte.\" \/>\n<meta property=\"og:url\" content=\"https:\/\/www.kogabau.sk\/de\/gusseisenprodukte\/\" \/>\n<meta property=\"og:site_name\" content=\"KOGABAU\" \/>\n<meta property=\"article:modified_time\" content=\"2025-11-14T15:33:51+00:00\" \/>\n<meta name=\"twitter:card\" content=\"summary_large_image\" \/>\n<meta name=\"twitter:label1\" content=\"Gesch\u00e4tzte Lesezeit\" \/>\n\t<meta name=\"twitter:data1\" content=\"1\u00a0Minute\" \/>\n<script type=\"application\/ld+json\" class=\"yoast-schema-graph\">{\"@context\":\"https:\/\/schema.org\",\"@graph\":[{\"@type\":\"WebPage\",\"@id\":\"https:\/\/www.kogabau.sk\/de\/gusseisenprodukte\/\",\"url\":\"https:\/\/www.kogabau.sk\/de\/gusseisenprodukte\/\",\"name\":\"Gusseisenprodukte f\u00fcr Entw\u00e4sserung und Infrastruktur | KOGA Bau\",\"isPartOf\":{\"@id\":\"https:\/\/www.kogabau.sk\/de\/#website\"},\"datePublished\":\"2025-10-13T20:50:55+00:00\",\"dateModified\":\"2025-11-14T15:33:51+00:00\",\"description\":\"Entdecken Sie die Produktpalette aus Gusseisen von KOGA Bau \u2013 von der Entw\u00e4sserung von Verkehrsfl\u00e4chen \u00fcber Sch\u00e4chte bis hin zu Stadtmobiliar. Zuverl\u00e4ssige L\u00f6sungen mit hoher Langlebigkeit und Qualit\u00e4t f\u00fcr Stadt- und Verkehrsprojekte.\",\"breadcrumb\":{\"@id\":\"https:\/\/www.kogabau.sk\/de\/gusseisenprodukte\/#breadcrumb\"},\"inLanguage\":\"de\",\"potentialAction\":[{\"@type\":\"ReadAction\",\"target\":[\"https:\/\/www.kogabau.sk\/de\/gusseisenprodukte\/\"]}]},{\"@type\":\"BreadcrumbList\",\"@id\":\"https:\/\/www.kogabau.sk\/de\/gusseisenprodukte\/#breadcrumb\",\"itemListElement\":[{\"@type\":\"ListItem\",\"position\":1,\"name\":\"Home\",\"item\":\"https:\/\/www.kogabau.sk\/de\/\"},{\"@type\":\"ListItem\",\"position\":2,\"name\":\"Gusseisenprodukte\"}]},{\"@type\":\"WebSite\",\"@id\":\"https:\/\/www.kogabau.sk\/de\/#website\",\"url\":\"https:\/\/www.kogabau.sk\/de\/\",\"name\":\"KOGABAU\",\"description\":\"\",\"publisher\":{\"@id\":\"https:\/\/www.kogabau.sk\/de\/#organization\"},\"potentialAction\":[{\"@type\":\"SearchAction\",\"target\":{\"@type\":\"EntryPoint\",\"urlTemplate\":\"https:\/\/www.kogabau.sk\/de\/?s={search_term_string}\"},\"query-input\":{\"@type\":\"PropertyValueSpecification\",\"valueRequired\":true,\"valueName\":\"search_term_string\"}}],\"inLanguage\":\"de\"},{\"@type\":\"Organization\",\"@id\":\"https:\/\/www.kogabau.sk\/de\/#organization\",\"name\":\"KOGABAU\",\"url\":\"https:\/\/www.kogabau.sk\/de\/\",\"logo\":{\"@type\":\"ImageObject\",\"inLanguage\":\"de\",\"@id\":\"https:\/\/www.kogabau.sk\/de\/#\/schema\/logo\/image\/\",\"url\":\"https:\/\/www.kogabau.sk\/wp-content\/uploads\/2021\/02\/KOGA-BAU-logo-cierne.png\",\"contentUrl\":\"https:\/\/www.kogabau.sk\/wp-content\/uploads\/2021\/02\/KOGA-BAU-logo-cierne.png\",\"width\":516,\"height\":66,\"caption\":\"KOGABAU\"},\"image\":{\"@id\":\"https:\/\/www.kogabau.sk\/de\/#\/schema\/logo\/image\/\"}}]}<\/script>\n<!-- \/ Yoast SEO plugin. -->","yoast_head_json":{"title":"Gusseisenprodukte f\u00fcr Entw\u00e4sserung und Infrastruktur | KOGA Bau","description":"Entdecken Sie die Produktpalette aus Gusseisen von KOGA Bau \u2013 von der Entw\u00e4sserung von Verkehrsfl\u00e4chen \u00fcber Sch\u00e4chte bis hin zu Stadtmobiliar. Zuverl\u00e4ssige L\u00f6sungen mit hoher Langlebigkeit und Qualit\u00e4t f\u00fcr Stadt- und Verkehrsprojekte.","robots":{"index":"index","follow":"follow","max-snippet":"max-snippet:-1","max-image-preview":"max-image-preview:large","max-video-preview":"max-video-preview:-1"},"canonical":"https:\/\/www.kogabau.sk\/de\/gusseisenprodukte\/","og_locale":"de_DE","og_type":"article","og_title":"Gusseisenprodukte f\u00fcr Entw\u00e4sserung und Infrastruktur | KOGA Bau","og_description":"Entdecken Sie die Produktpalette aus Gusseisen von KOGA Bau \u2013 von der Entw\u00e4sserung von Verkehrsfl\u00e4chen \u00fcber Sch\u00e4chte bis hin zu Stadtmobiliar. Zuverl\u00e4ssige L\u00f6sungen mit hoher Langlebigkeit und Qualit\u00e4t f\u00fcr Stadt- und Verkehrsprojekte.","og_url":"https:\/\/www.kogabau.sk\/de\/gusseisenprodukte\/","og_site_name":"KOGABAU","article_modified_time":"2025-11-14T15:33:51+00:00","twitter_card":"summary_large_image","twitter_misc":{"Gesch\u00e4tzte Lesezeit":"1\u00a0Minute"},"schema":{"@context":"https:\/\/schema.org","@graph":[{"@type":"WebPage","@id":"https:\/\/www.kogabau.sk\/de\/gusseisenprodukte\/","url":"https:\/\/www.kogabau.sk\/de\/gusseisenprodukte\/","name":"Gusseisenprodukte f\u00fcr Entw\u00e4sserung und Infrastruktur | KOGA Bau","isPartOf":{"@id":"https:\/\/www.kogabau.sk\/de\/#website"},"datePublished":"2025-10-13T20:50:55+00:00","dateModified":"2025-11-14T15:33:51+00:00","description":"Entdecken Sie die Produktpalette aus Gusseisen von KOGA Bau \u2013 von der Entw\u00e4sserung von Verkehrsfl\u00e4chen \u00fcber Sch\u00e4chte bis hin zu Stadtmobiliar. Zuverl\u00e4ssige L\u00f6sungen mit hoher Langlebigkeit und Qualit\u00e4t f\u00fcr Stadt- und Verkehrsprojekte.","breadcrumb":{"@id":"https:\/\/www.kogabau.sk\/de\/gusseisenprodukte\/#breadcrumb"},"inLanguage":"de","potentialAction":[{"@type":"ReadAction","target":["https:\/\/www.kogabau.sk\/de\/gusseisenprodukte\/"]}]},{"@type":"BreadcrumbList","@id":"https:\/\/www.kogabau.sk\/de\/gusseisenprodukte\/#breadcrumb","itemListElement":[{"@type":"ListItem","position":1,"name":"Home","item":"https:\/\/www.kogabau.sk\/de\/"},{"@type":"ListItem","position":2,"name":"Gusseisenprodukte"}]},{"@type":"WebSite","@id":"https:\/\/www.kogabau.sk\/de\/#website","url":"https:\/\/www.kogabau.sk\/de\/","name":"KOGABAU","description":"","publisher":{"@id":"https:\/\/www.kogabau.sk\/de\/#organization"},"potentialAction":[{"@type":"SearchAction","target":{"@type":"EntryPoint","urlTemplate":"https:\/\/www.kogabau.sk\/de\/?s={search_term_string}"},"query-input":{"@type":"PropertyValueSpecification","valueRequired":true,"valueName":"search_term_string"}}],"inLanguage":"de"},{"@type":"Organization","@id":"https:\/\/www.kogabau.sk\/de\/#organization","name":"KOGABAU","url":"https:\/\/www.kogabau.sk\/de\/","logo":{"@type":"ImageObject","inLanguage":"de","@id":"https:\/\/www.kogabau.sk\/de\/#\/schema\/logo\/image\/","url":"https:\/\/www.kogabau.sk\/wp-content\/uploads\/2021\/02\/KOGA-BAU-logo-cierne.png","contentUrl":"https:\/\/www.kogabau.sk\/wp-content\/uploads\/2021\/02\/KOGA-BAU-logo-cierne.png","width":516,"height":66,"caption":"KOGABAU"},"image":{"@id":"https:\/\/www.kogabau.sk\/de\/#\/schema\/logo\/image\/"}}]}},"_links":{"self":[{"href":"https:\/\/www.kogabau.sk\/de\/wp-json\/wp\/v2\/pages\/5799","targetHints":{"allow":["GET"]}}],"collection":[{"href":"https:\/\/www.kogabau.sk\/de\/wp-json\/wp\/v2\/pages"}],"about":[{"href":"https:\/\/www.kogabau.sk\/de\/wp-json\/wp\/v2\/types\/page"}],"author":[{"embeddable":true,"href":"https:\/\/www.kogabau.sk\/de\/wp-json\/wp\/v2\/users\/15"}],"replies":[{"embeddable":true,"href":"https:\/\/www.kogabau.sk\/de\/wp-json\/wp\/v2\/comments?post=5799"}],"version-history":[{"count":4,"href":"https:\/\/www.kogabau.sk\/de\/wp-json\/wp\/v2\/pages\/5799\/revisions"}],"predecessor-version":[{"id":7994,"href":"https:\/\/www.kogabau.sk\/de\/wp-json\/wp\/v2\/pages\/5799\/revisions\/7994"}],"wp:attachment":[{"href":"https:\/\/www.kogabau.sk\/de\/wp-json\/wp\/v2\/media?parent=5799"}],"curies":[{"name":"wp","href":"https:\/\/api.w.org\/{rel}","templated":true}]}}