{"id":5922,"date":"2025-10-12T14:22:02","date_gmt":"2025-10-12T12:22:02","guid":{"rendered":"https:\/\/www.kogabau.sk\/buben\/"},"modified":"2025-11-09T22:49:45","modified_gmt":"2025-11-09T21:49:45","slug":"buben","status":"publish","type":"page","link":"https:\/\/www.kogabau.sk\/pl\/buben\/","title":{"rendered":"Buben"},"content":{"rendered":"\t\t<div data-elementor-type=\"wp-page\" data-elementor-id=\"5922\" class=\"elementor elementor-5922 elementor-1060\" data-elementor-post-type=\"page\">\n\t\t\t\t\t\t<section class=\"elementor-section elementor-top-section elementor-element elementor-element-8c5cc58 elementor-section-boxed elementor-section-height-default elementor-section-height-default\" data-id=\"8c5cc58\" data-element_type=\"section\" data-settings=\"{&quot;background_background&quot;:&quot;classic&quot;}\">\n\t\t\t\t\t\t<div class=\"elementor-container elementor-column-gap-default\">\n\t\t\t\t\t<div class=\"elementor-column elementor-col-100 elementor-top-column elementor-element elementor-element-4c061b6\" data-id=\"4c061b6\" data-element_type=\"column\">\n\t\t\t<div class=\"elementor-widget-wrap elementor-element-populated\">\n\t\t\t\t\t\t<div class=\"elementor-element elementor-element-efc54a5 elementor-widget elementor-widget-spacer\" data-id=\"efc54a5\" data-element_type=\"widget\" data-widget_type=\"spacer.default\">\n\t\t\t\t<div class=\"elementor-widget-container\">\n\t\t\t\t\t\t\t<div class=\"elementor-spacer\">\n\t\t\t<div class=\"elementor-spacer-inner\"><\/div>\n\t\t<\/div>\n\t\t\t\t\t\t<\/div>\n\t\t\t\t<\/div>\n\t\t\t\t<div class=\"elementor-element elementor-element-db8ba8f elementor-widget elementor-widget-heading\" data-id=\"db8ba8f\" data-element_type=\"widget\" data-widget_type=\"heading.default\">\n\t\t\t\t<div class=\"elementor-widget-container\">\n\t\t\t\t\t<h1 class=\"elementor-heading-title elementor-size-default\">Buben\u00ae<\/h1>\t\t\t\t<\/div>\n\t\t\t\t<\/div>\n\t\t\t\t\t<\/div>\n\t\t<\/div>\n\t\t\t\t\t<\/div>\n\t\t<\/section>\n\t\t\t\t<section class=\"elementor-section elementor-top-section elementor-element elementor-element-6606034 elementor-reverse-tablet elementor-reverse-mobile elementor-section-boxed elementor-section-height-default elementor-section-height-default\" data-id=\"6606034\" data-element_type=\"section\" data-settings=\"{&quot;background_background&quot;:&quot;classic&quot;}\">\n\t\t\t\t\t\t<div class=\"elementor-container elementor-column-gap-default\">\n\t\t\t\t\t<div class=\"elementor-column elementor-col-50 elementor-top-column elementor-element elementor-element-ea36663\" data-id=\"ea36663\" data-element_type=\"column\">\n\t\t\t<div class=\"elementor-widget-wrap elementor-element-populated\">\n\t\t\t\t\t\t<div class=\"elementor-element elementor-element-b6169b0 elementor-widget elementor-widget-text-editor\" data-id=\"b6169b0\" data-element_type=\"widget\" data-widget_type=\"text-editor.default\">\n\t\t\t\t<div class=\"elementor-widget-container\">\n\t\t\t\t\t\t\t\t\t<p>Samopodlewaj\u0105ca \u017celiwna donica o wymiarach 646 x 846 mm, wysoko\u015bci 600 mm i wadze 141 kg, u\u017cywana do sadzenia ozdobnych kwiat\u00f3w, krzew\u00f3w i mniejszych drzew w dzielnicach miejskich, parkach lub do oddzielania na przyk\u0142ad miejsc parkingowych.<\/p><p>Dzi\u0119ki samopodlewaj\u0105cym wylotom jest odpowiednim rozwi\u0105zaniem dla miejsc o niskich wymaganiach konserwacyjnych. Donica zawiera wymienny segment, kt\u00f3ry mo\u017cna wykorzysta\u0107 do prezentacji (np. herbu miasta). Zalet\u0105 \u017celiwa jest brak absorpcji wody w przeciwie\u0144stwie do wariant\u00f3w betonowych.  <\/p>\t\t\t\t\t\t\t\t<\/div>\n\t\t\t\t<\/div>\n\t\t\t\t\t<\/div>\n\t\t<\/div>\n\t\t\t\t<div class=\"elementor-column elementor-col-50 elementor-top-column elementor-element elementor-element-215eb55\" data-id=\"215eb55\" data-element_type=\"column\" data-settings=\"{&quot;background_background&quot;:&quot;classic&quot;}\">\n\t\t\t<div class=\"elementor-widget-wrap elementor-element-populated\">\n\t\t\t\t\t\t<div class=\"elementor-element elementor-element-4536708 elementor-widget elementor-widget-image\" data-id=\"4536708\" data-element_type=\"widget\" data-widget_type=\"image.default\">\n\t\t\t\t<div class=\"elementor-widget-container\">\n\t\t\t\t\t\t\t\t\t\t\t\t\t\t\t<img fetchpriority=\"high\" decoding=\"async\" width=\"575\" height=\"580\" src=\"https:\/\/www.kogabau.sk\/wp-content\/uploads\/2025\/10\/KoGaBau-Buben.png\" class=\"attachment-full size-full wp-image-5921\" alt=\"\" srcset=\"https:\/\/www.kogabau.sk\/wp-content\/uploads\/2025\/10\/KoGaBau-Buben.png 575w, https:\/\/www.kogabau.sk\/wp-content\/uploads\/2025\/10\/KoGaBau-Buben-297x300.png 297w, https:\/\/www.kogabau.sk\/wp-content\/uploads\/2025\/10\/KoGaBau-Buben-150x150.png 150w\" sizes=\"(max-width: 575px) 100vw, 575px\" \/>\t\t\t\t\t\t\t\t\t\t\t\t\t\t\t<\/div>\n\t\t\t\t<\/div>\n\t\t\t\t\t<\/div>\n\t\t<\/div>\n\t\t\t\t\t<\/div>\n\t\t<\/section>\n\t\t\t\t<\/div>\n\t\t","protected":false},"excerpt":{"rendered":"<p>Buben\u00ae Samopodlewaj\u0105ca \u017celiwna donica o wymiarach 646 x 846 mm, wysoko\u015bci 600 mm i wadze 141 kg, u\u017cywana do sadzenia ozdobnych kwiat\u00f3w, krzew\u00f3w i mniejszych drzew w dzielnicach miejskich, parkach lub do oddzielania na przyk\u0142ad miejsc parkingowych. Dzi\u0119ki samopodlewaj\u0105cym wylotom jest odpowiednim rozwi\u0105zaniem dla miejsc o niskich wymaganiach konserwacyjnych. Donica zawiera wymienny segment, kt\u00f3ry mo\u017cna [&hellip;]<\/p>\n","protected":false},"author":16,"featured_media":0,"parent":0,"menu_order":0,"comment_status":"closed","ping_status":"closed","template":"","meta":{"footnotes":""},"class_list":["post-5922","page","type-page","status-publish","hentry"],"yoast_head":"<!-- This site is optimized with the Yoast SEO plugin v26.2 - https:\/\/yoast.com\/wordpress\/plugins\/seo\/ -->\n<title>Buben\u00ae \u2013 samopodlewaj\u0105ca \u017celiwna donica do \u015brodowiska miejskiego | KOGA Bau<\/title>\n<meta name=\"description\" content=\"Samopodlewaj\u0105ca \u017celiwna donica Buben\u00ae (646\u00d7846\u00d7600 mm, 141 kg) odpowiednia dla kwiat\u00f3w, krzew\u00f3w i mniejszych drzew w parkach i dzielnicach miejskich. Niskokonserwacyjna, z wymiennym segmentem do prezentacji herbu miasta.\" \/>\n<meta name=\"robots\" content=\"index, follow, max-snippet:-1, max-image-preview:large, max-video-preview:-1\" \/>\n<link rel=\"canonical\" href=\"https:\/\/www.kogabau.sk\/pl\/buben\/\" \/>\n<meta property=\"og:locale\" content=\"pl_PL\" \/>\n<meta property=\"og:type\" content=\"article\" \/>\n<meta property=\"og:title\" content=\"Buben\u00ae \u2013 samopodlewaj\u0105ca \u017celiwna donica do \u015brodowiska miejskiego | KOGA Bau\" \/>\n<meta property=\"og:description\" content=\"Samopodlewaj\u0105ca \u017celiwna donica Buben\u00ae (646\u00d7846\u00d7600 mm, 141 kg) odpowiednia dla kwiat\u00f3w, krzew\u00f3w i mniejszych drzew w parkach i dzielnicach miejskich. Niskokonserwacyjna, z wymiennym segmentem do prezentacji herbu miasta.\" \/>\n<meta property=\"og:url\" content=\"https:\/\/www.kogabau.sk\/pl\/buben\/\" \/>\n<meta property=\"og:site_name\" content=\"KOGABAU\" \/>\n<meta property=\"article:modified_time\" content=\"2025-11-09T21:49:45+00:00\" \/>\n<meta property=\"og:image\" content=\"https:\/\/www.kogabau.sk\/wp-content\/uploads\/2025\/10\/KoGaBau-Buben.png\" \/>\n\t<meta property=\"og:image:width\" content=\"575\" \/>\n\t<meta property=\"og:image:height\" content=\"580\" \/>\n\t<meta property=\"og:image:type\" content=\"image\/png\" \/>\n<meta name=\"twitter:card\" content=\"summary_large_image\" \/>\n<script type=\"application\/ld+json\" class=\"yoast-schema-graph\">{\"@context\":\"https:\/\/schema.org\",\"@graph\":[{\"@type\":\"WebPage\",\"@id\":\"https:\/\/www.kogabau.sk\/pl\/buben\/\",\"url\":\"https:\/\/www.kogabau.sk\/pl\/buben\/\",\"name\":\"Buben\u00ae \u2013 samopodlewaj\u0105ca \u017celiwna donica do \u015brodowiska miejskiego | KOGA Bau\",\"isPartOf\":{\"@id\":\"https:\/\/www.kogabau.sk\/pl\/#website\"},\"primaryImageOfPage\":{\"@id\":\"https:\/\/www.kogabau.sk\/pl\/buben\/#primaryimage\"},\"image\":{\"@id\":\"https:\/\/www.kogabau.sk\/pl\/buben\/#primaryimage\"},\"thumbnailUrl\":\"https:\/\/www.kogabau.sk\/wp-content\/uploads\/2025\/10\/KoGaBau-Buben.png\",\"datePublished\":\"2025-10-12T12:22:02+00:00\",\"dateModified\":\"2025-11-09T21:49:45+00:00\",\"description\":\"Samopodlewaj\u0105ca \u017celiwna donica Buben\u00ae (646\u00d7846\u00d7600 mm, 141 kg) odpowiednia dla kwiat\u00f3w, krzew\u00f3w i mniejszych drzew w parkach i dzielnicach miejskich. Niskokonserwacyjna, z wymiennym segmentem do prezentacji herbu miasta.\",\"breadcrumb\":{\"@id\":\"https:\/\/www.kogabau.sk\/pl\/buben\/#breadcrumb\"},\"inLanguage\":\"pl-PL\",\"potentialAction\":[{\"@type\":\"ReadAction\",\"target\":[\"https:\/\/www.kogabau.sk\/pl\/buben\/\"]}]},{\"@type\":\"ImageObject\",\"inLanguage\":\"pl-PL\",\"@id\":\"https:\/\/www.kogabau.sk\/pl\/buben\/#primaryimage\",\"url\":\"https:\/\/www.kogabau.sk\/wp-content\/uploads\/2025\/10\/KoGaBau-Buben.png\",\"contentUrl\":\"https:\/\/www.kogabau.sk\/wp-content\/uploads\/2025\/10\/KoGaBau-Buben.png\"},{\"@type\":\"BreadcrumbList\",\"@id\":\"https:\/\/www.kogabau.sk\/pl\/buben\/#breadcrumb\",\"itemListElement\":[{\"@type\":\"ListItem\",\"position\":1,\"name\":\"Home\",\"item\":\"https:\/\/www.kogabau.sk\/pl\/\"},{\"@type\":\"ListItem\",\"position\":2,\"name\":\"Buben\"}]},{\"@type\":\"WebSite\",\"@id\":\"https:\/\/www.kogabau.sk\/pl\/#website\",\"url\":\"https:\/\/www.kogabau.sk\/pl\/\",\"name\":\"KOGABAU\",\"description\":\"\",\"publisher\":{\"@id\":\"https:\/\/www.kogabau.sk\/pl\/#organization\"},\"potentialAction\":[{\"@type\":\"SearchAction\",\"target\":{\"@type\":\"EntryPoint\",\"urlTemplate\":\"https:\/\/www.kogabau.sk\/pl\/?s={search_term_string}\"},\"query-input\":{\"@type\":\"PropertyValueSpecification\",\"valueRequired\":true,\"valueName\":\"search_term_string\"}}],\"inLanguage\":\"pl-PL\"},{\"@type\":\"Organization\",\"@id\":\"https:\/\/www.kogabau.sk\/pl\/#organization\",\"name\":\"KOGABAU\",\"url\":\"https:\/\/www.kogabau.sk\/pl\/\",\"logo\":{\"@type\":\"ImageObject\",\"inLanguage\":\"pl-PL\",\"@id\":\"https:\/\/www.kogabau.sk\/pl\/#\/schema\/logo\/image\/\",\"url\":\"https:\/\/www.kogabau.sk\/wp-content\/uploads\/2021\/02\/KOGA-BAU-logo-cierne.png\",\"contentUrl\":\"https:\/\/www.kogabau.sk\/wp-content\/uploads\/2021\/02\/KOGA-BAU-logo-cierne.png\",\"width\":516,\"height\":66,\"caption\":\"KOGABAU\"},\"image\":{\"@id\":\"https:\/\/www.kogabau.sk\/pl\/#\/schema\/logo\/image\/\"}}]}<\/script>\n<!-- \/ Yoast SEO plugin. -->","yoast_head_json":{"title":"Buben\u00ae \u2013 samopodlewaj\u0105ca \u017celiwna donica do \u015brodowiska miejskiego | KOGA Bau","description":"Samopodlewaj\u0105ca \u017celiwna donica Buben\u00ae (646\u00d7846\u00d7600 mm, 141 kg) odpowiednia dla kwiat\u00f3w, krzew\u00f3w i mniejszych drzew w parkach i dzielnicach miejskich. Niskokonserwacyjna, z wymiennym segmentem do prezentacji herbu miasta.","robots":{"index":"index","follow":"follow","max-snippet":"max-snippet:-1","max-image-preview":"max-image-preview:large","max-video-preview":"max-video-preview:-1"},"canonical":"https:\/\/www.kogabau.sk\/pl\/buben\/","og_locale":"pl_PL","og_type":"article","og_title":"Buben\u00ae \u2013 samopodlewaj\u0105ca \u017celiwna donica do \u015brodowiska miejskiego | KOGA Bau","og_description":"Samopodlewaj\u0105ca \u017celiwna donica Buben\u00ae (646\u00d7846\u00d7600 mm, 141 kg) odpowiednia dla kwiat\u00f3w, krzew\u00f3w i mniejszych drzew w parkach i dzielnicach miejskich. Niskokonserwacyjna, z wymiennym segmentem do prezentacji herbu miasta.","og_url":"https:\/\/www.kogabau.sk\/pl\/buben\/","og_site_name":"KOGABAU","article_modified_time":"2025-11-09T21:49:45+00:00","og_image":[{"width":575,"height":580,"url":"https:\/\/www.kogabau.sk\/wp-content\/uploads\/2025\/10\/KoGaBau-Buben.png","type":"image\/png"}],"twitter_card":"summary_large_image","schema":{"@context":"https:\/\/schema.org","@graph":[{"@type":"WebPage","@id":"https:\/\/www.kogabau.sk\/pl\/buben\/","url":"https:\/\/www.kogabau.sk\/pl\/buben\/","name":"Buben\u00ae \u2013 samopodlewaj\u0105ca \u017celiwna donica do \u015brodowiska miejskiego | KOGA Bau","isPartOf":{"@id":"https:\/\/www.kogabau.sk\/pl\/#website"},"primaryImageOfPage":{"@id":"https:\/\/www.kogabau.sk\/pl\/buben\/#primaryimage"},"image":{"@id":"https:\/\/www.kogabau.sk\/pl\/buben\/#primaryimage"},"thumbnailUrl":"https:\/\/www.kogabau.sk\/wp-content\/uploads\/2025\/10\/KoGaBau-Buben.png","datePublished":"2025-10-12T12:22:02+00:00","dateModified":"2025-11-09T21:49:45+00:00","description":"Samopodlewaj\u0105ca \u017celiwna donica Buben\u00ae (646\u00d7846\u00d7600 mm, 141 kg) odpowiednia dla kwiat\u00f3w, krzew\u00f3w i mniejszych drzew w parkach i dzielnicach miejskich. Niskokonserwacyjna, z wymiennym segmentem do prezentacji herbu miasta.","breadcrumb":{"@id":"https:\/\/www.kogabau.sk\/pl\/buben\/#breadcrumb"},"inLanguage":"pl-PL","potentialAction":[{"@type":"ReadAction","target":["https:\/\/www.kogabau.sk\/pl\/buben\/"]}]},{"@type":"ImageObject","inLanguage":"pl-PL","@id":"https:\/\/www.kogabau.sk\/pl\/buben\/#primaryimage","url":"https:\/\/www.kogabau.sk\/wp-content\/uploads\/2025\/10\/KoGaBau-Buben.png","contentUrl":"https:\/\/www.kogabau.sk\/wp-content\/uploads\/2025\/10\/KoGaBau-Buben.png"},{"@type":"BreadcrumbList","@id":"https:\/\/www.kogabau.sk\/pl\/buben\/#breadcrumb","itemListElement":[{"@type":"ListItem","position":1,"name":"Home","item":"https:\/\/www.kogabau.sk\/pl\/"},{"@type":"ListItem","position":2,"name":"Buben"}]},{"@type":"WebSite","@id":"https:\/\/www.kogabau.sk\/pl\/#website","url":"https:\/\/www.kogabau.sk\/pl\/","name":"KOGABAU","description":"","publisher":{"@id":"https:\/\/www.kogabau.sk\/pl\/#organization"},"potentialAction":[{"@type":"SearchAction","target":{"@type":"EntryPoint","urlTemplate":"https:\/\/www.kogabau.sk\/pl\/?s={search_term_string}"},"query-input":{"@type":"PropertyValueSpecification","valueRequired":true,"valueName":"search_term_string"}}],"inLanguage":"pl-PL"},{"@type":"Organization","@id":"https:\/\/www.kogabau.sk\/pl\/#organization","name":"KOGABAU","url":"https:\/\/www.kogabau.sk\/pl\/","logo":{"@type":"ImageObject","inLanguage":"pl-PL","@id":"https:\/\/www.kogabau.sk\/pl\/#\/schema\/logo\/image\/","url":"https:\/\/www.kogabau.sk\/wp-content\/uploads\/2021\/02\/KOGA-BAU-logo-cierne.png","contentUrl":"https:\/\/www.kogabau.sk\/wp-content\/uploads\/2021\/02\/KOGA-BAU-logo-cierne.png","width":516,"height":66,"caption":"KOGABAU"},"image":{"@id":"https:\/\/www.kogabau.sk\/pl\/#\/schema\/logo\/image\/"}}]}},"_links":{"self":[{"href":"https:\/\/www.kogabau.sk\/pl\/wp-json\/wp\/v2\/pages\/5922","targetHints":{"allow":["GET"]}}],"collection":[{"href":"https:\/\/www.kogabau.sk\/pl\/wp-json\/wp\/v2\/pages"}],"about":[{"href":"https:\/\/www.kogabau.sk\/pl\/wp-json\/wp\/v2\/types\/page"}],"author":[{"embeddable":true,"href":"https:\/\/www.kogabau.sk\/pl\/wp-json\/wp\/v2\/users\/16"}],"replies":[{"embeddable":true,"href":"https:\/\/www.kogabau.sk\/pl\/wp-json\/wp\/v2\/comments?post=5922"}],"version-history":[{"count":1,"href":"https:\/\/www.kogabau.sk\/pl\/wp-json\/wp\/v2\/pages\/5922\/revisions"}],"predecessor-version":[{"id":5923,"href":"https:\/\/www.kogabau.sk\/pl\/wp-json\/wp\/v2\/pages\/5922\/revisions\/5923"}],"wp:attachment":[{"href":"https:\/\/www.kogabau.sk\/pl\/wp-json\/wp\/v2\/media?parent=5922"}],"curies":[{"name":"wp","href":"https:\/\/api.w.org\/{rel}","templated":true}]}}