{"id":6212,"date":"2025-10-12T16:36:24","date_gmt":"2025-10-12T14:36:24","guid":{"rendered":"https:\/\/www.kogabau.sk\/lubina\/"},"modified":"2025-11-10T20:19:32","modified_gmt":"2025-11-10T19:19:32","slug":"lubina","status":"publish","type":"page","link":"https:\/\/www.kogabau.sk\/pl\/lubina\/","title":{"rendered":"Lubina"},"content":{"rendered":"\t\t<div data-elementor-type=\"wp-page\" data-elementor-id=\"6212\" class=\"elementor elementor-6212 elementor-1171\" data-elementor-post-type=\"page\">\n\t\t\t\t\t\t<section class=\"elementor-section elementor-top-section elementor-element elementor-element-8c5cc58 elementor-section-boxed elementor-section-height-default elementor-section-height-default\" data-id=\"8c5cc58\" data-element_type=\"section\" data-settings=\"{&quot;background_background&quot;:&quot;classic&quot;}\">\n\t\t\t\t\t\t<div class=\"elementor-container elementor-column-gap-default\">\n\t\t\t\t\t<div class=\"elementor-column elementor-col-100 elementor-top-column elementor-element elementor-element-4c061b6\" data-id=\"4c061b6\" data-element_type=\"column\">\n\t\t\t<div class=\"elementor-widget-wrap elementor-element-populated\">\n\t\t\t\t\t\t<div class=\"elementor-element elementor-element-efc54a5 elementor-widget elementor-widget-spacer\" data-id=\"efc54a5\" data-element_type=\"widget\" data-widget_type=\"spacer.default\">\n\t\t\t\t<div class=\"elementor-widget-container\">\n\t\t\t\t\t\t\t<div class=\"elementor-spacer\">\n\t\t\t<div class=\"elementor-spacer-inner\"><\/div>\n\t\t<\/div>\n\t\t\t\t\t\t<\/div>\n\t\t\t\t<\/div>\n\t\t\t\t<div class=\"elementor-element elementor-element-db8ba8f elementor-widget elementor-widget-heading\" data-id=\"db8ba8f\" data-element_type=\"widget\" data-widget_type=\"heading.default\">\n\t\t\t\t<div class=\"elementor-widget-container\">\n\t\t\t\t\t<h1 class=\"elementor-heading-title elementor-size-default\">Lubina\u00ae<\/h1>\t\t\t\t<\/div>\n\t\t\t\t<\/div>\n\t\t\t\t\t<\/div>\n\t\t<\/div>\n\t\t\t\t\t<\/div>\n\t\t<\/section>\n\t\t\t\t<section class=\"elementor-section elementor-top-section elementor-element elementor-element-6606034 elementor-reverse-tablet elementor-reverse-mobile elementor-section-boxed elementor-section-height-default elementor-section-height-default\" data-id=\"6606034\" data-element_type=\"section\" data-settings=\"{&quot;background_background&quot;:&quot;classic&quot;}\">\n\t\t\t\t\t\t<div class=\"elementor-container elementor-column-gap-default\">\n\t\t\t\t\t<div class=\"elementor-column elementor-col-50 elementor-top-column elementor-element elementor-element-ea36663\" data-id=\"ea36663\" data-element_type=\"column\">\n\t\t\t<div class=\"elementor-widget-wrap elementor-element-populated\">\n\t\t\t\t\t\t<div class=\"elementor-element elementor-element-b6169b0 elementor-widget elementor-widget-text-editor\" data-id=\"b6169b0\" data-element_type=\"widget\" data-widget_type=\"text-editor.default\">\n\t\t\t\t<div class=\"elementor-widget-container\">\n\t\t\t\t\t\t\t\t\t<p>Pokrywa do studzienek PVC jest u\u017cywana do zakrywania studzienek rewizyjnych, wykonana z \u017celiwa z t\u0142umi\u0105c\u0105 wk\u0142adk\u0105 EPDM (uszczelk\u0105) i mo\u017cliwo\u015bci\u0105 modyfikacji segmentu \u015brodkowego (np. herb miasta). Pokrywa jest zaprojektowana na obci\u0105\u017cenie 40 ton i jest idealna dla obszar\u00f3w o du\u017cym nat\u0119\u017ceniu ruchu, takich jak drogi miejskie lub tereny przemys\u0142owe. Pokrywa jest wyposa\u017cona w zatrzaski, kt\u00f3re zapobiegaj\u0105 przypadkowemu otwarciu i dost\u0119powi os\u00f3b nieupowa\u017cnionych.  <\/p><p>W ofercie mamy wersje DN 250 o wadze 17 kg i DN 315 o wadze 22 kg.<\/p>\t\t\t\t\t\t\t\t<\/div>\n\t\t\t\t<\/div>\n\t\t\t\t\t<\/div>\n\t\t<\/div>\n\t\t\t\t<div class=\"elementor-column elementor-col-50 elementor-top-column elementor-element elementor-element-215eb55\" data-id=\"215eb55\" data-element_type=\"column\" data-settings=\"{&quot;background_background&quot;:&quot;classic&quot;}\">\n\t\t\t<div class=\"elementor-widget-wrap elementor-element-populated\">\n\t\t\t\t\t\t<div class=\"elementor-element elementor-element-4536708 elementor-widget elementor-widget-image\" data-id=\"4536708\" data-element_type=\"widget\" data-widget_type=\"image.default\">\n\t\t\t\t<div class=\"elementor-widget-container\">\n\t\t\t\t\t\t\t\t\t\t\t\t\t\t\t<img fetchpriority=\"high\" decoding=\"async\" width=\"575\" height=\"580\" src=\"https:\/\/www.kogabau.sk\/wp-content\/uploads\/2025\/10\/KoGaBau-Lubina.png\" class=\"attachment-full size-full wp-image-6211\" alt=\"\" srcset=\"https:\/\/www.kogabau.sk\/wp-content\/uploads\/2025\/10\/KoGaBau-Lubina.png 575w, https:\/\/www.kogabau.sk\/wp-content\/uploads\/2025\/10\/KoGaBau-Lubina-297x300.png 297w, https:\/\/www.kogabau.sk\/wp-content\/uploads\/2025\/10\/KoGaBau-Lubina-150x150.png 150w\" sizes=\"(max-width: 575px) 100vw, 575px\" \/>\t\t\t\t\t\t\t\t\t\t\t\t\t\t\t<\/div>\n\t\t\t\t<\/div>\n\t\t\t\t\t<\/div>\n\t\t<\/div>\n\t\t\t\t\t<\/div>\n\t\t<\/section>\n\t\t\t\t<section class=\"elementor-section elementor-top-section elementor-element elementor-element-c5f3237 horizontale elementor-section-boxed elementor-section-height-default elementor-section-height-default\" data-id=\"c5f3237\" data-element_type=\"section\" data-settings=\"{&quot;background_background&quot;:&quot;classic&quot;}\">\n\t\t\t\t\t\t<div class=\"elementor-container elementor-column-gap-default\">\n\t\t\t\t\t<div class=\"elementor-column elementor-col-100 elementor-top-column elementor-element elementor-element-920a675\" data-id=\"920a675\" data-element_type=\"column\">\n\t\t\t<div class=\"elementor-widget-wrap elementor-element-populated\">\n\t\t\t\t\t\t<section class=\"elementor-section elementor-inner-section elementor-element elementor-element-91b321a elementor-section-boxed elementor-section-height-default elementor-section-height-default\" data-id=\"91b321a\" data-element_type=\"section\" data-settings=\"{&quot;background_background&quot;:&quot;classic&quot;}\">\n\t\t\t\t\t\t<div class=\"elementor-container elementor-column-gap-default\">\n\t\t\t\t\t<div class=\"elementor-column elementor-col-33 elementor-inner-column elementor-element elementor-element-0df1889\" data-id=\"0df1889\" data-element_type=\"column\">\n\t\t\t<div class=\"elementor-widget-wrap elementor-element-populated\">\n\t\t\t\t\t\t<div class=\"elementor-element elementor-element-26513f7 elementor-widget elementor-widget-heading\" data-id=\"26513f7\" data-element_type=\"widget\" data-widget_type=\"heading.default\">\n\t\t\t\t<div class=\"elementor-widget-container\">\n\t\t\t\t\t<h2 class=\"elementor-heading-title elementor-size-default\">DN 250<\/h2>\t\t\t\t<\/div>\n\t\t\t\t<\/div>\n\t\t\t\t\t<\/div>\n\t\t<\/div>\n\t\t\t\t<div class=\"elementor-column elementor-col-66 elementor-inner-column elementor-element elementor-element-4e2dd2c\" data-id=\"4e2dd2c\" data-element_type=\"column\">\n\t\t\t<div class=\"elementor-widget-wrap elementor-element-populated\">\n\t\t\t\t\t\t<div class=\"elementor-element elementor-element-98832fe elementor-widget elementor-widget-text-editor\" data-id=\"98832fe\" data-element_type=\"widget\" data-widget_type=\"text-editor.default\">\n\t\t\t\t<div class=\"elementor-widget-container\">\n\t\t\t\t\t\t\t\t\t<p>17 kg<\/p>\t\t\t\t\t\t\t\t<\/div>\n\t\t\t\t<\/div>\n\t\t\t\t\t<\/div>\n\t\t<\/div>\n\t\t\t\t\t<\/div>\n\t\t<\/section>\n\t\t\t\t<section class=\"elementor-section elementor-inner-section elementor-element elementor-element-37a8a3c elementor-section-boxed elementor-section-height-default elementor-section-height-default\" data-id=\"37a8a3c\" data-element_type=\"section\" data-settings=\"{&quot;background_background&quot;:&quot;classic&quot;}\">\n\t\t\t\t\t\t<div class=\"elementor-container elementor-column-gap-default\">\n\t\t\t\t\t<div class=\"elementor-column elementor-col-33 elementor-inner-column elementor-element elementor-element-c52ca2d\" data-id=\"c52ca2d\" data-element_type=\"column\">\n\t\t\t<div class=\"elementor-widget-wrap elementor-element-populated\">\n\t\t\t\t\t\t<div class=\"elementor-element elementor-element-38f2399 elementor-widget elementor-widget-heading\" data-id=\"38f2399\" data-element_type=\"widget\" data-widget_type=\"heading.default\">\n\t\t\t\t<div class=\"elementor-widget-container\">\n\t\t\t\t\t<h2 class=\"elementor-heading-title elementor-size-default\">DN 315<\/h2>\t\t\t\t<\/div>\n\t\t\t\t<\/div>\n\t\t\t\t\t<\/div>\n\t\t<\/div>\n\t\t\t\t<div class=\"elementor-column elementor-col-66 elementor-inner-column elementor-element elementor-element-cef2326\" data-id=\"cef2326\" data-element_type=\"column\">\n\t\t\t<div class=\"elementor-widget-wrap elementor-element-populated\">\n\t\t\t\t\t\t<div class=\"elementor-element elementor-element-8df350f elementor-widget elementor-widget-text-editor\" data-id=\"8df350f\" data-element_type=\"widget\" data-widget_type=\"text-editor.default\">\n\t\t\t\t<div class=\"elementor-widget-container\">\n\t\t\t\t\t\t\t\t\t<p>22 kg<\/p>\t\t\t\t\t\t\t\t<\/div>\n\t\t\t\t<\/div>\n\t\t\t\t\t<\/div>\n\t\t<\/div>\n\t\t\t\t\t<\/div>\n\t\t<\/section>\n\t\t\t\t\t<\/div>\n\t\t<\/div>\n\t\t\t\t\t<\/div>\n\t\t<\/section>\n\t\t\t\t<\/div>\n\t\t","protected":false},"excerpt":{"rendered":"<p>Lubina\u00ae Pokrywa do studzienek PVC jest u\u017cywana do zakrywania studzienek rewizyjnych, wykonana z \u017celiwa z t\u0142umi\u0105c\u0105 wk\u0142adk\u0105 EPDM (uszczelk\u0105) i mo\u017cliwo\u015bci\u0105 modyfikacji segmentu \u015brodkowego (np. herb miasta). Pokrywa jest zaprojektowana na obci\u0105\u017cenie 40 ton i jest idealna dla obszar\u00f3w o du\u017cym nat\u0119\u017ceniu ruchu, takich jak drogi miejskie lub tereny przemys\u0142owe. Pokrywa jest wyposa\u017cona w zatrzaski, [&hellip;]<\/p>\n","protected":false},"author":16,"featured_media":0,"parent":0,"menu_order":0,"comment_status":"closed","ping_status":"closed","template":"","meta":{"footnotes":""},"class_list":["post-6212","page","type-page","status-publish","hentry"],"yoast_head":"<!-- This site is optimized with the Yoast SEO plugin v26.2 - https:\/\/yoast.com\/wordpress\/plugins\/seo\/ -->\n<title>Lubina\u00ae \u2013 \u017celiwna pokrywa do studzienek PVC, obci\u0105\u017cenie 40 t | KOGA Bau<\/title>\n<meta name=\"description\" content=\"Lubina\u00ae to \u017celiwna pokrywa z uszczelk\u0105 EPDM, zaprojektowana na obci\u0105\u017cenie 40 t, idealna dla dr\u00f3g miejskich i teren\u00f3w przemys\u0142owych, dost\u0119pna w DN 250 i DN 315.\" \/>\n<meta name=\"robots\" content=\"index, follow, max-snippet:-1, max-image-preview:large, max-video-preview:-1\" \/>\n<link rel=\"canonical\" href=\"https:\/\/www.kogabau.sk\/pl\/lubina\/\" \/>\n<meta property=\"og:locale\" content=\"pl_PL\" \/>\n<meta property=\"og:type\" content=\"article\" \/>\n<meta property=\"og:title\" content=\"Lubina\u00ae \u2013 \u017celiwna pokrywa do studzienek PVC, obci\u0105\u017cenie 40 t | KOGA Bau\" \/>\n<meta property=\"og:description\" content=\"Lubina\u00ae to \u017celiwna pokrywa z uszczelk\u0105 EPDM, zaprojektowana na obci\u0105\u017cenie 40 t, idealna dla dr\u00f3g miejskich i teren\u00f3w przemys\u0142owych, dost\u0119pna w DN 250 i DN 315.\" \/>\n<meta property=\"og:url\" content=\"https:\/\/www.kogabau.sk\/pl\/lubina\/\" \/>\n<meta property=\"og:site_name\" content=\"KOGABAU\" \/>\n<meta property=\"article:modified_time\" content=\"2025-11-10T19:19:32+00:00\" \/>\n<meta property=\"og:image\" content=\"https:\/\/www.kogabau.sk\/wp-content\/uploads\/2025\/10\/KoGaBau-Lubina.png\" \/>\n\t<meta property=\"og:image:width\" content=\"575\" \/>\n\t<meta property=\"og:image:height\" content=\"580\" \/>\n\t<meta property=\"og:image:type\" content=\"image\/png\" \/>\n<meta name=\"twitter:card\" content=\"summary_large_image\" \/>\n<script type=\"application\/ld+json\" class=\"yoast-schema-graph\">{\"@context\":\"https:\/\/schema.org\",\"@graph\":[{\"@type\":\"WebPage\",\"@id\":\"https:\/\/www.kogabau.sk\/pl\/lubina\/\",\"url\":\"https:\/\/www.kogabau.sk\/pl\/lubina\/\",\"name\":\"Lubina\u00ae \u2013 \u017celiwna pokrywa do studzienek PVC, obci\u0105\u017cenie 40 t | KOGA Bau\",\"isPartOf\":{\"@id\":\"https:\/\/www.kogabau.sk\/pl\/#website\"},\"primaryImageOfPage\":{\"@id\":\"https:\/\/www.kogabau.sk\/pl\/lubina\/#primaryimage\"},\"image\":{\"@id\":\"https:\/\/www.kogabau.sk\/pl\/lubina\/#primaryimage\"},\"thumbnailUrl\":\"https:\/\/www.kogabau.sk\/wp-content\/uploads\/2025\/10\/KoGaBau-Lubina.png\",\"datePublished\":\"2025-10-12T14:36:24+00:00\",\"dateModified\":\"2025-11-10T19:19:32+00:00\",\"description\":\"Lubina\u00ae to \u017celiwna pokrywa z uszczelk\u0105 EPDM, zaprojektowana na obci\u0105\u017cenie 40 t, idealna dla dr\u00f3g miejskich i teren\u00f3w przemys\u0142owych, dost\u0119pna w DN 250 i DN 315.\",\"breadcrumb\":{\"@id\":\"https:\/\/www.kogabau.sk\/pl\/lubina\/#breadcrumb\"},\"inLanguage\":\"pl-PL\",\"potentialAction\":[{\"@type\":\"ReadAction\",\"target\":[\"https:\/\/www.kogabau.sk\/pl\/lubina\/\"]}]},{\"@type\":\"ImageObject\",\"inLanguage\":\"pl-PL\",\"@id\":\"https:\/\/www.kogabau.sk\/pl\/lubina\/#primaryimage\",\"url\":\"https:\/\/www.kogabau.sk\/wp-content\/uploads\/2025\/10\/KoGaBau-Lubina.png\",\"contentUrl\":\"https:\/\/www.kogabau.sk\/wp-content\/uploads\/2025\/10\/KoGaBau-Lubina.png\"},{\"@type\":\"BreadcrumbList\",\"@id\":\"https:\/\/www.kogabau.sk\/pl\/lubina\/#breadcrumb\",\"itemListElement\":[{\"@type\":\"ListItem\",\"position\":1,\"name\":\"Home\",\"item\":\"https:\/\/www.kogabau.sk\/pl\/\"},{\"@type\":\"ListItem\",\"position\":2,\"name\":\"Lubina\"}]},{\"@type\":\"WebSite\",\"@id\":\"https:\/\/www.kogabau.sk\/pl\/#website\",\"url\":\"https:\/\/www.kogabau.sk\/pl\/\",\"name\":\"KOGABAU\",\"description\":\"\",\"publisher\":{\"@id\":\"https:\/\/www.kogabau.sk\/pl\/#organization\"},\"potentialAction\":[{\"@type\":\"SearchAction\",\"target\":{\"@type\":\"EntryPoint\",\"urlTemplate\":\"https:\/\/www.kogabau.sk\/pl\/?s={search_term_string}\"},\"query-input\":{\"@type\":\"PropertyValueSpecification\",\"valueRequired\":true,\"valueName\":\"search_term_string\"}}],\"inLanguage\":\"pl-PL\"},{\"@type\":\"Organization\",\"@id\":\"https:\/\/www.kogabau.sk\/pl\/#organization\",\"name\":\"KOGABAU\",\"url\":\"https:\/\/www.kogabau.sk\/pl\/\",\"logo\":{\"@type\":\"ImageObject\",\"inLanguage\":\"pl-PL\",\"@id\":\"https:\/\/www.kogabau.sk\/pl\/#\/schema\/logo\/image\/\",\"url\":\"https:\/\/www.kogabau.sk\/wp-content\/uploads\/2021\/02\/KOGA-BAU-logo-cierne.png\",\"contentUrl\":\"https:\/\/www.kogabau.sk\/wp-content\/uploads\/2021\/02\/KOGA-BAU-logo-cierne.png\",\"width\":516,\"height\":66,\"caption\":\"KOGABAU\"},\"image\":{\"@id\":\"https:\/\/www.kogabau.sk\/pl\/#\/schema\/logo\/image\/\"}}]}<\/script>\n<!-- \/ Yoast SEO plugin. -->","yoast_head_json":{"title":"Lubina\u00ae \u2013 \u017celiwna pokrywa do studzienek PVC, obci\u0105\u017cenie 40 t | KOGA Bau","description":"Lubina\u00ae to \u017celiwna pokrywa z uszczelk\u0105 EPDM, zaprojektowana na obci\u0105\u017cenie 40 t, idealna dla dr\u00f3g miejskich i teren\u00f3w przemys\u0142owych, dost\u0119pna w DN 250 i DN 315.","robots":{"index":"index","follow":"follow","max-snippet":"max-snippet:-1","max-image-preview":"max-image-preview:large","max-video-preview":"max-video-preview:-1"},"canonical":"https:\/\/www.kogabau.sk\/pl\/lubina\/","og_locale":"pl_PL","og_type":"article","og_title":"Lubina\u00ae \u2013 \u017celiwna pokrywa do studzienek PVC, obci\u0105\u017cenie 40 t | KOGA Bau","og_description":"Lubina\u00ae to \u017celiwna pokrywa z uszczelk\u0105 EPDM, zaprojektowana na obci\u0105\u017cenie 40 t, idealna dla dr\u00f3g miejskich i teren\u00f3w przemys\u0142owych, dost\u0119pna w DN 250 i DN 315.","og_url":"https:\/\/www.kogabau.sk\/pl\/lubina\/","og_site_name":"KOGABAU","article_modified_time":"2025-11-10T19:19:32+00:00","og_image":[{"width":575,"height":580,"url":"https:\/\/www.kogabau.sk\/wp-content\/uploads\/2025\/10\/KoGaBau-Lubina.png","type":"image\/png"}],"twitter_card":"summary_large_image","schema":{"@context":"https:\/\/schema.org","@graph":[{"@type":"WebPage","@id":"https:\/\/www.kogabau.sk\/pl\/lubina\/","url":"https:\/\/www.kogabau.sk\/pl\/lubina\/","name":"Lubina\u00ae \u2013 \u017celiwna pokrywa do studzienek PVC, obci\u0105\u017cenie 40 t | KOGA Bau","isPartOf":{"@id":"https:\/\/www.kogabau.sk\/pl\/#website"},"primaryImageOfPage":{"@id":"https:\/\/www.kogabau.sk\/pl\/lubina\/#primaryimage"},"image":{"@id":"https:\/\/www.kogabau.sk\/pl\/lubina\/#primaryimage"},"thumbnailUrl":"https:\/\/www.kogabau.sk\/wp-content\/uploads\/2025\/10\/KoGaBau-Lubina.png","datePublished":"2025-10-12T14:36:24+00:00","dateModified":"2025-11-10T19:19:32+00:00","description":"Lubina\u00ae to \u017celiwna pokrywa z uszczelk\u0105 EPDM, zaprojektowana na obci\u0105\u017cenie 40 t, idealna dla dr\u00f3g miejskich i teren\u00f3w przemys\u0142owych, dost\u0119pna w DN 250 i DN 315.","breadcrumb":{"@id":"https:\/\/www.kogabau.sk\/pl\/lubina\/#breadcrumb"},"inLanguage":"pl-PL","potentialAction":[{"@type":"ReadAction","target":["https:\/\/www.kogabau.sk\/pl\/lubina\/"]}]},{"@type":"ImageObject","inLanguage":"pl-PL","@id":"https:\/\/www.kogabau.sk\/pl\/lubina\/#primaryimage","url":"https:\/\/www.kogabau.sk\/wp-content\/uploads\/2025\/10\/KoGaBau-Lubina.png","contentUrl":"https:\/\/www.kogabau.sk\/wp-content\/uploads\/2025\/10\/KoGaBau-Lubina.png"},{"@type":"BreadcrumbList","@id":"https:\/\/www.kogabau.sk\/pl\/lubina\/#breadcrumb","itemListElement":[{"@type":"ListItem","position":1,"name":"Home","item":"https:\/\/www.kogabau.sk\/pl\/"},{"@type":"ListItem","position":2,"name":"Lubina"}]},{"@type":"WebSite","@id":"https:\/\/www.kogabau.sk\/pl\/#website","url":"https:\/\/www.kogabau.sk\/pl\/","name":"KOGABAU","description":"","publisher":{"@id":"https:\/\/www.kogabau.sk\/pl\/#organization"},"potentialAction":[{"@type":"SearchAction","target":{"@type":"EntryPoint","urlTemplate":"https:\/\/www.kogabau.sk\/pl\/?s={search_term_string}"},"query-input":{"@type":"PropertyValueSpecification","valueRequired":true,"valueName":"search_term_string"}}],"inLanguage":"pl-PL"},{"@type":"Organization","@id":"https:\/\/www.kogabau.sk\/pl\/#organization","name":"KOGABAU","url":"https:\/\/www.kogabau.sk\/pl\/","logo":{"@type":"ImageObject","inLanguage":"pl-PL","@id":"https:\/\/www.kogabau.sk\/pl\/#\/schema\/logo\/image\/","url":"https:\/\/www.kogabau.sk\/wp-content\/uploads\/2021\/02\/KOGA-BAU-logo-cierne.png","contentUrl":"https:\/\/www.kogabau.sk\/wp-content\/uploads\/2021\/02\/KOGA-BAU-logo-cierne.png","width":516,"height":66,"caption":"KOGABAU"},"image":{"@id":"https:\/\/www.kogabau.sk\/pl\/#\/schema\/logo\/image\/"}}]}},"_links":{"self":[{"href":"https:\/\/www.kogabau.sk\/pl\/wp-json\/wp\/v2\/pages\/6212","targetHints":{"allow":["GET"]}}],"collection":[{"href":"https:\/\/www.kogabau.sk\/pl\/wp-json\/wp\/v2\/pages"}],"about":[{"href":"https:\/\/www.kogabau.sk\/pl\/wp-json\/wp\/v2\/types\/page"}],"author":[{"embeddable":true,"href":"https:\/\/www.kogabau.sk\/pl\/wp-json\/wp\/v2\/users\/16"}],"replies":[{"embeddable":true,"href":"https:\/\/www.kogabau.sk\/pl\/wp-json\/wp\/v2\/comments?post=6212"}],"version-history":[{"count":1,"href":"https:\/\/www.kogabau.sk\/pl\/wp-json\/wp\/v2\/pages\/6212\/revisions"}],"predecessor-version":[{"id":6213,"href":"https:\/\/www.kogabau.sk\/pl\/wp-json\/wp\/v2\/pages\/6212\/revisions\/6213"}],"wp:attachment":[{"href":"https:\/\/www.kogabau.sk\/pl\/wp-json\/wp\/v2\/media?parent=6212"}],"curies":[{"name":"wp","href":"https:\/\/api.w.org\/{rel}","templated":true}]}}