{"id":6270,"date":"2025-10-27T22:37:26","date_gmt":"2025-10-27T21:37:26","guid":{"rendered":"https:\/\/www.kogabau.sk\/pobierac\/"},"modified":"2025-11-24T10:07:00","modified_gmt":"2025-11-24T09:07:00","slug":"pobierac","status":"publish","type":"page","link":"https:\/\/www.kogabau.sk\/pl\/pobierac\/","title":{"rendered":"Pobiera\u0107"},"content":{"rendered":"\t\t<div data-elementor-type=\"wp-post\" data-elementor-id=\"6270\" class=\"elementor elementor-6270 elementor-4260\" data-elementor-post-type=\"page\">\n\t\t\t\t\t\t<section class=\"elementor-section elementor-top-section elementor-element elementor-element-5b73caa elementor-section-boxed elementor-section-height-default elementor-section-height-default\" data-id=\"5b73caa\" data-element_type=\"section\" data-settings=\"{&quot;background_background&quot;:&quot;classic&quot;}\">\n\t\t\t\t\t\t<div class=\"elementor-container elementor-column-gap-default\">\n\t\t\t\t\t<div class=\"elementor-column elementor-col-100 elementor-top-column elementor-element elementor-element-3784823\" data-id=\"3784823\" data-element_type=\"column\">\n\t\t\t<div class=\"elementor-widget-wrap elementor-element-populated\">\n\t\t\t\t\t\t<div class=\"elementor-element elementor-element-bd4df3a elementor-widget elementor-widget-spacer\" data-id=\"bd4df3a\" data-element_type=\"widget\" data-widget_type=\"spacer.default\">\n\t\t\t\t<div class=\"elementor-widget-container\">\n\t\t\t\t\t\t\t<div class=\"elementor-spacer\">\n\t\t\t<div class=\"elementor-spacer-inner\"><\/div>\n\t\t<\/div>\n\t\t\t\t\t\t<\/div>\n\t\t\t\t<\/div>\n\t\t\t\t<div class=\"elementor-element elementor-element-60f39fd elementor-widget elementor-widget-heading\" data-id=\"60f39fd\" data-element_type=\"widget\" data-widget_type=\"heading.default\">\n\t\t\t\t<div class=\"elementor-widget-container\">\n\t\t\t\t\t<h1 class=\"elementor-heading-title elementor-size-default\">Pobiera\u0107<\/h1>\t\t\t\t<\/div>\n\t\t\t\t<\/div>\n\t\t\t\t\t<\/div>\n\t\t<\/div>\n\t\t\t\t\t<\/div>\n\t\t<\/section>\n\t\t\t\t<section class=\"elementor-section elementor-top-section elementor-element elementor-element-d1314f5 elementor-section-boxed elementor-section-height-default elementor-section-height-default\" data-id=\"d1314f5\" data-element_type=\"section\" data-settings=\"{&quot;background_background&quot;:&quot;classic&quot;}\">\n\t\t\t\t\t\t<div class=\"elementor-container elementor-column-gap-default\">\n\t\t\t\t\t<div class=\"elementor-column elementor-col-100 elementor-top-column elementor-element elementor-element-ccba35b\" data-id=\"ccba35b\" data-element_type=\"column\">\n\t\t\t<div class=\"elementor-widget-wrap elementor-element-populated\">\n\t\t\t\t\t\t<div class=\"elementor-element elementor-element-216458c elementor-widget elementor-widget-heading\" data-id=\"216458c\" data-element_type=\"widget\" data-widget_type=\"heading.default\">\n\t\t\t\t<div class=\"elementor-widget-container\">\n\t\t\t\t\t<h2 class=\"elementor-heading-title elementor-size-default\"><a href=\"https:\/\/www.kogabau.sk\/wp-content\/uploads\/2025\/10\/KOGABau_KL_plosiny.pdf\">Wynajem most\u00f3w i platform widokowych<\/a><\/h2>\t\t\t\t<\/div>\n\t\t\t\t<\/div>\n\t\t\t\t<div class=\"elementor-element elementor-element-03ae883 elementor-widget elementor-widget-heading\" data-id=\"03ae883\" data-element_type=\"widget\" data-widget_type=\"heading.default\">\n\t\t\t\t<div class=\"elementor-widget-container\">\n\t\t\t\t\t<h2 class=\"elementor-heading-title elementor-size-default\"><a href=\"https:\/\/www.kogabau.sk\/wp-content\/uploads\/2025\/10\/KL_KOGA-PUZZLE.pdf\">KOGA\nPUZZLE\nKatalog<br>techniczno-handlowy<\/a><\/h2>\t\t\t\t<\/div>\n\t\t\t\t<\/div>\n\t\t\t\t<div class=\"elementor-element elementor-element-1de6cd9 elementor-widget elementor-widget-heading\" data-id=\"1de6cd9\" data-element_type=\"widget\" data-widget_type=\"heading.default\">\n\t\t\t\t<div class=\"elementor-widget-container\">\n\t\t\t\t\t<h2 class=\"elementor-heading-title elementor-size-default\"><a href=\"https:\/\/www.kogabau.sk\/wp-content\/uploads\/2025\/10\/KOGA-SK.pdf\">KOGA BAU - VL\u010cEK SOLUTION<\/a><\/h2>\t\t\t\t<\/div>\n\t\t\t\t<\/div>\n\t\t\t\t\t<\/div>\n\t\t<\/div>\n\t\t\t\t\t<\/div>\n\t\t<\/section>\n\t\t\t\t<\/div>\n\t\t","protected":false},"excerpt":{"rendered":"<p>Pobiera\u0107 Wynajem most\u00f3w i platform widokowych KOGA PUZZLE Katalogtechniczno-handlowy KOGA BAU &#8211; VL\u010cEK SOLUTION<\/p>\n","protected":false},"author":3,"featured_media":0,"parent":0,"menu_order":0,"comment_status":"closed","ping_status":"closed","template":"elementor_header_footer","meta":{"footnotes":""},"class_list":["post-6270","page","type-page","status-publish","hentry"],"yoast_head":"<!-- This site is optimized with the Yoast SEO plugin v26.2 - https:\/\/yoast.com\/wordpress\/plugins\/seo\/ -->\n<title>Do pobrania \u2013 katalogi, wynajem platformy widokowej na mo\u015bcie | KOGA Bau<\/title>\n<meta name=\"description\" content=\"Pobierz katalogi techniczne i handlowe KOGA PUZZLE i KOGA Bau \u2013 Vl\u010dek Solution lub uzyskaj informacje na temat wynajmu platform widokowych na mostach.\" \/>\n<meta name=\"robots\" content=\"index, follow, max-snippet:-1, max-image-preview:large, max-video-preview:-1\" \/>\n<link rel=\"canonical\" href=\"https:\/\/www.kogabau.sk\/pl\/pobierac\/\" \/>\n<meta property=\"og:locale\" content=\"pl_PL\" \/>\n<meta property=\"og:type\" content=\"article\" \/>\n<meta property=\"og:title\" content=\"Do pobrania \u2013 katalogi, wynajem platformy widokowej na mo\u015bcie | KOGA Bau\" \/>\n<meta property=\"og:description\" content=\"Pobierz katalogi techniczne i handlowe KOGA PUZZLE i KOGA Bau \u2013 Vl\u010dek Solution lub uzyskaj informacje na temat wynajmu platform widokowych na mostach.\" \/>\n<meta property=\"og:url\" content=\"https:\/\/www.kogabau.sk\/pl\/pobierac\/\" \/>\n<meta property=\"og:site_name\" content=\"KOGABAU\" \/>\n<meta property=\"article:modified_time\" content=\"2025-11-24T09:07:00+00:00\" \/>\n<meta name=\"twitter:card\" content=\"summary_large_image\" \/>\n<meta name=\"twitter:label1\" content=\"Szacowany czas czytania\" \/>\n\t<meta name=\"twitter:data1\" content=\"1 minuta\" \/>\n<script type=\"application\/ld+json\" class=\"yoast-schema-graph\">{\"@context\":\"https:\/\/schema.org\",\"@graph\":[{\"@type\":\"WebPage\",\"@id\":\"https:\/\/www.kogabau.sk\/pl\/pobierac\/\",\"url\":\"https:\/\/www.kogabau.sk\/pl\/pobierac\/\",\"name\":\"Do pobrania \u2013 katalogi, wynajem platformy widokowej na mo\u015bcie | KOGA Bau\",\"isPartOf\":{\"@id\":\"https:\/\/www.kogabau.sk\/pl\/#website\"},\"datePublished\":\"2025-10-27T21:37:26+00:00\",\"dateModified\":\"2025-11-24T09:07:00+00:00\",\"description\":\"Pobierz katalogi techniczne i handlowe KOGA PUZZLE i KOGA Bau \u2013 Vl\u010dek Solution lub uzyskaj informacje na temat wynajmu platform widokowych na mostach.\",\"breadcrumb\":{\"@id\":\"https:\/\/www.kogabau.sk\/pl\/pobierac\/#breadcrumb\"},\"inLanguage\":\"pl-PL\",\"potentialAction\":[{\"@type\":\"ReadAction\",\"target\":[\"https:\/\/www.kogabau.sk\/pl\/pobierac\/\"]}]},{\"@type\":\"BreadcrumbList\",\"@id\":\"https:\/\/www.kogabau.sk\/pl\/pobierac\/#breadcrumb\",\"itemListElement\":[{\"@type\":\"ListItem\",\"position\":1,\"name\":\"Home\",\"item\":\"https:\/\/www.kogabau.sk\/pl\/\"},{\"@type\":\"ListItem\",\"position\":2,\"name\":\"Pobiera\u0107\"}]},{\"@type\":\"WebSite\",\"@id\":\"https:\/\/www.kogabau.sk\/pl\/#website\",\"url\":\"https:\/\/www.kogabau.sk\/pl\/\",\"name\":\"KOGABAU\",\"description\":\"\",\"publisher\":{\"@id\":\"https:\/\/www.kogabau.sk\/pl\/#organization\"},\"potentialAction\":[{\"@type\":\"SearchAction\",\"target\":{\"@type\":\"EntryPoint\",\"urlTemplate\":\"https:\/\/www.kogabau.sk\/pl\/?s={search_term_string}\"},\"query-input\":{\"@type\":\"PropertyValueSpecification\",\"valueRequired\":true,\"valueName\":\"search_term_string\"}}],\"inLanguage\":\"pl-PL\"},{\"@type\":\"Organization\",\"@id\":\"https:\/\/www.kogabau.sk\/pl\/#organization\",\"name\":\"KOGABAU\",\"url\":\"https:\/\/www.kogabau.sk\/pl\/\",\"logo\":{\"@type\":\"ImageObject\",\"inLanguage\":\"pl-PL\",\"@id\":\"https:\/\/www.kogabau.sk\/pl\/#\/schema\/logo\/image\/\",\"url\":\"https:\/\/www.kogabau.sk\/wp-content\/uploads\/2021\/02\/KOGA-BAU-logo-cierne.png\",\"contentUrl\":\"https:\/\/www.kogabau.sk\/wp-content\/uploads\/2021\/02\/KOGA-BAU-logo-cierne.png\",\"width\":516,\"height\":66,\"caption\":\"KOGABAU\"},\"image\":{\"@id\":\"https:\/\/www.kogabau.sk\/pl\/#\/schema\/logo\/image\/\"}}]}<\/script>\n<!-- \/ Yoast SEO plugin. -->","yoast_head_json":{"title":"Do pobrania \u2013 katalogi, wynajem platformy widokowej na mo\u015bcie | KOGA Bau","description":"Pobierz katalogi techniczne i handlowe KOGA PUZZLE i KOGA Bau \u2013 Vl\u010dek Solution lub uzyskaj informacje na temat wynajmu platform widokowych na mostach.","robots":{"index":"index","follow":"follow","max-snippet":"max-snippet:-1","max-image-preview":"max-image-preview:large","max-video-preview":"max-video-preview:-1"},"canonical":"https:\/\/www.kogabau.sk\/pl\/pobierac\/","og_locale":"pl_PL","og_type":"article","og_title":"Do pobrania \u2013 katalogi, wynajem platformy widokowej na mo\u015bcie | KOGA Bau","og_description":"Pobierz katalogi techniczne i handlowe KOGA PUZZLE i KOGA Bau \u2013 Vl\u010dek Solution lub uzyskaj informacje na temat wynajmu platform widokowych na mostach.","og_url":"https:\/\/www.kogabau.sk\/pl\/pobierac\/","og_site_name":"KOGABAU","article_modified_time":"2025-11-24T09:07:00+00:00","twitter_card":"summary_large_image","twitter_misc":{"Szacowany czas czytania":"1 minuta"},"schema":{"@context":"https:\/\/schema.org","@graph":[{"@type":"WebPage","@id":"https:\/\/www.kogabau.sk\/pl\/pobierac\/","url":"https:\/\/www.kogabau.sk\/pl\/pobierac\/","name":"Do pobrania \u2013 katalogi, wynajem platformy widokowej na mo\u015bcie | KOGA Bau","isPartOf":{"@id":"https:\/\/www.kogabau.sk\/pl\/#website"},"datePublished":"2025-10-27T21:37:26+00:00","dateModified":"2025-11-24T09:07:00+00:00","description":"Pobierz katalogi techniczne i handlowe KOGA PUZZLE i KOGA Bau \u2013 Vl\u010dek Solution lub uzyskaj informacje na temat wynajmu platform widokowych na mostach.","breadcrumb":{"@id":"https:\/\/www.kogabau.sk\/pl\/pobierac\/#breadcrumb"},"inLanguage":"pl-PL","potentialAction":[{"@type":"ReadAction","target":["https:\/\/www.kogabau.sk\/pl\/pobierac\/"]}]},{"@type":"BreadcrumbList","@id":"https:\/\/www.kogabau.sk\/pl\/pobierac\/#breadcrumb","itemListElement":[{"@type":"ListItem","position":1,"name":"Home","item":"https:\/\/www.kogabau.sk\/pl\/"},{"@type":"ListItem","position":2,"name":"Pobiera\u0107"}]},{"@type":"WebSite","@id":"https:\/\/www.kogabau.sk\/pl\/#website","url":"https:\/\/www.kogabau.sk\/pl\/","name":"KOGABAU","description":"","publisher":{"@id":"https:\/\/www.kogabau.sk\/pl\/#organization"},"potentialAction":[{"@type":"SearchAction","target":{"@type":"EntryPoint","urlTemplate":"https:\/\/www.kogabau.sk\/pl\/?s={search_term_string}"},"query-input":{"@type":"PropertyValueSpecification","valueRequired":true,"valueName":"search_term_string"}}],"inLanguage":"pl-PL"},{"@type":"Organization","@id":"https:\/\/www.kogabau.sk\/pl\/#organization","name":"KOGABAU","url":"https:\/\/www.kogabau.sk\/pl\/","logo":{"@type":"ImageObject","inLanguage":"pl-PL","@id":"https:\/\/www.kogabau.sk\/pl\/#\/schema\/logo\/image\/","url":"https:\/\/www.kogabau.sk\/wp-content\/uploads\/2021\/02\/KOGA-BAU-logo-cierne.png","contentUrl":"https:\/\/www.kogabau.sk\/wp-content\/uploads\/2021\/02\/KOGA-BAU-logo-cierne.png","width":516,"height":66,"caption":"KOGABAU"},"image":{"@id":"https:\/\/www.kogabau.sk\/pl\/#\/schema\/logo\/image\/"}}]}},"_links":{"self":[{"href":"https:\/\/www.kogabau.sk\/pl\/wp-json\/wp\/v2\/pages\/6270","targetHints":{"allow":["GET"]}}],"collection":[{"href":"https:\/\/www.kogabau.sk\/pl\/wp-json\/wp\/v2\/pages"}],"about":[{"href":"https:\/\/www.kogabau.sk\/pl\/wp-json\/wp\/v2\/types\/page"}],"author":[{"embeddable":true,"href":"https:\/\/www.kogabau.sk\/pl\/wp-json\/wp\/v2\/users\/3"}],"replies":[{"embeddable":true,"href":"https:\/\/www.kogabau.sk\/pl\/wp-json\/wp\/v2\/comments?post=6270"}],"version-history":[{"count":4,"href":"https:\/\/www.kogabau.sk\/pl\/wp-json\/wp\/v2\/pages\/6270\/revisions"}],"predecessor-version":[{"id":8163,"href":"https:\/\/www.kogabau.sk\/pl\/wp-json\/wp\/v2\/pages\/6270\/revisions\/8163"}],"wp:attachment":[{"href":"https:\/\/www.kogabau.sk\/pl\/wp-json\/wp\/v2\/media?parent=6270"}],"curies":[{"name":"wp","href":"https:\/\/api.w.org\/{rel}","templated":true}]}}