{"id":6280,"date":"2025-10-12T20:06:58","date_gmt":"2025-10-12T18:06:58","guid":{"rendered":"https:\/\/www.kogabau.sk\/nisa\/"},"modified":"2025-11-14T14:00:07","modified_gmt":"2025-11-14T13:00:07","slug":"nisa","status":"publish","type":"page","link":"https:\/\/www.kogabau.sk\/pl\/nisa\/","title":{"rendered":"Nisa"},"content":{"rendered":"\t\t<div data-elementor-type=\"wp-page\" data-elementor-id=\"6280\" class=\"elementor elementor-6280 elementor-1434\" data-elementor-post-type=\"page\">\n\t\t\t\t\t\t<section class=\"elementor-section elementor-top-section elementor-element elementor-element-8c5cc58 elementor-section-boxed elementor-section-height-default elementor-section-height-default\" data-id=\"8c5cc58\" data-element_type=\"section\" data-settings=\"{&quot;background_background&quot;:&quot;classic&quot;}\">\n\t\t\t\t\t\t<div class=\"elementor-container elementor-column-gap-default\">\n\t\t\t\t\t<div class=\"elementor-column elementor-col-100 elementor-top-column elementor-element elementor-element-4c061b6\" data-id=\"4c061b6\" data-element_type=\"column\">\n\t\t\t<div class=\"elementor-widget-wrap elementor-element-populated\">\n\t\t\t\t\t\t<div class=\"elementor-element elementor-element-efc54a5 elementor-widget elementor-widget-spacer\" data-id=\"efc54a5\" data-element_type=\"widget\" data-widget_type=\"spacer.default\">\n\t\t\t\t<div class=\"elementor-widget-container\">\n\t\t\t\t\t\t\t<div class=\"elementor-spacer\">\n\t\t\t<div class=\"elementor-spacer-inner\"><\/div>\n\t\t<\/div>\n\t\t\t\t\t\t<\/div>\n\t\t\t\t<\/div>\n\t\t\t\t<div class=\"elementor-element elementor-element-db8ba8f elementor-widget elementor-widget-heading\" data-id=\"db8ba8f\" data-element_type=\"widget\" data-widget_type=\"heading.default\">\n\t\t\t\t<div class=\"elementor-widget-container\">\n\t\t\t\t\t<h1 class=\"elementor-heading-title elementor-size-default\">Nisa\u00ae<\/h1>\t\t\t\t<\/div>\n\t\t\t\t<\/div>\n\t\t\t\t\t<\/div>\n\t\t<\/div>\n\t\t\t\t\t<\/div>\n\t\t<\/section>\n\t\t\t\t<section class=\"elementor-section elementor-top-section elementor-element elementor-element-6606034 elementor-reverse-tablet elementor-reverse-mobile elementor-section-boxed elementor-section-height-default elementor-section-height-default\" data-id=\"6606034\" data-element_type=\"section\" data-settings=\"{&quot;background_background&quot;:&quot;classic&quot;}\">\n\t\t\t\t\t\t<div class=\"elementor-container elementor-column-gap-default\">\n\t\t\t\t\t<div class=\"elementor-column elementor-col-50 elementor-top-column elementor-element elementor-element-ea36663\" data-id=\"ea36663\" data-element_type=\"column\">\n\t\t\t<div class=\"elementor-widget-wrap elementor-element-populated\">\n\t\t\t\t\t\t<div class=\"elementor-element elementor-element-b6169b0 elementor-widget elementor-widget-text-editor\" data-id=\"b6169b0\" data-element_type=\"widget\" data-widget_type=\"text-editor.default\">\n\t\t\t\t<div class=\"elementor-widget-container\">\n\t\t\t\t\t\t\t\t\t<p>Odp\u0142yw wykonany jest z wytrzyma\u0142ego \u017celiwa i spe\u0142nia norm\u0119 \u010cSN EN 124-2. Korpus odp\u0142ywu jest przeznaczony do obci\u0105\u017cenia B 125, a ruszt \u017celiwny do obci\u0105\u017cenia C 250. Wyposa\u017cony jest w \u015brub\u0119 ze stali nierdzewnej M16 DIN912 z gniazdem sze\u015bciok\u0105tnym, a jego ca\u0142kowita wysoko\u015b\u0107 dla kraw\u0119\u017cnika prostego wynosi 120 mm. Mo\u017cna go montowa\u0107 na DN 450 i DN 500, z mo\u017cliwo\u015bci\u0105 zastosowania koszy A4 i B1.    W zestawie znajduje si\u0119 stalowy ruszt, kt\u00f3ry gwarantuje efektywny drena\u017c i zapobiega zatykaniu. Wpust mo\u017cna wyposa\u017cy\u0107 w pe\u0142n\u0105 \u017celiwn\u0105 pokryw\u0119 lub pokryw\u0119 do wype\u0142nienia (w zestawie siatka zbrojeniowa). W obu przypadkach oferujemy r\u00f3wnie\u017c mo\u017cliwo\u015b\u0107 modyfikacji z w\u0142asnym motywem, np. herbem miasta.  <\/p><p>S\u0142u\u017cy do odwodnienia ulic i innych powierzchni utwardzonych. W po\u0142\u0105czeniu z \u017celiwnym rusztem zapewnia niezawodne odwodnienie w trudniejszych warunkach, takich jak parkingi i drogi lokalne oraz inne obszary o \u015brednim nat\u0119\u017ceniu ruchu. <\/p>\t\t\t\t\t\t\t\t<\/div>\n\t\t\t\t<\/div>\n\t\t\t\t\t<\/div>\n\t\t<\/div>\n\t\t\t\t<div class=\"elementor-column elementor-col-50 elementor-top-column elementor-element elementor-element-215eb55\" data-id=\"215eb55\" data-element_type=\"column\" data-settings=\"{&quot;background_background&quot;:&quot;classic&quot;}\">\n\t\t\t<div class=\"elementor-widget-wrap elementor-element-populated\">\n\t\t\t\t\t\t<div class=\"elementor-element elementor-element-4536708 elementor-widget elementor-widget-image\" data-id=\"4536708\" data-element_type=\"widget\" data-widget_type=\"image.default\">\n\t\t\t\t<div class=\"elementor-widget-container\">\n\t\t\t\t\t\t\t\t\t\t\t\t\t\t\t<img fetchpriority=\"high\" decoding=\"async\" width=\"575\" height=\"580\" src=\"https:\/\/www.kogabau.sk\/wp-content\/uploads\/2025\/10\/KoGaBau-Nisa.png\" class=\"attachment-full size-full wp-image-5925\" alt=\"\" srcset=\"https:\/\/www.kogabau.sk\/wp-content\/uploads\/2025\/10\/KoGaBau-Nisa.png 575w, https:\/\/www.kogabau.sk\/wp-content\/uploads\/2025\/10\/KoGaBau-Nisa-297x300.png 297w, https:\/\/www.kogabau.sk\/wp-content\/uploads\/2025\/10\/KoGaBau-Nisa-150x150.png 150w\" sizes=\"(max-width: 575px) 100vw, 575px\" \/>\t\t\t\t\t\t\t\t\t\t\t\t\t\t\t<\/div>\n\t\t\t\t<\/div>\n\t\t\t\t\t<\/div>\n\t\t<\/div>\n\t\t\t\t\t<\/div>\n\t\t<\/section>\n\t\t\t\t<section class=\"elementor-section elementor-top-section elementor-element elementor-element-d3d800a horizontale elementor-section-boxed elementor-section-height-default elementor-section-height-default\" data-id=\"d3d800a\" data-element_type=\"section\" data-settings=\"{&quot;background_background&quot;:&quot;classic&quot;}\">\n\t\t\t\t\t\t<div class=\"elementor-container elementor-column-gap-default\">\n\t\t\t\t\t<div class=\"elementor-column elementor-col-100 elementor-top-column elementor-element elementor-element-29fb755\" data-id=\"29fb755\" data-element_type=\"column\">\n\t\t\t<div class=\"elementor-widget-wrap elementor-element-populated\">\n\t\t\t\t\t\t<section class=\"elementor-section elementor-inner-section elementor-element elementor-element-25b75c8 elementor-section-boxed elementor-section-height-default elementor-section-height-default\" data-id=\"25b75c8\" data-element_type=\"section\" data-settings=\"{&quot;background_background&quot;:&quot;classic&quot;}\">\n\t\t\t\t\t\t<div class=\"elementor-container elementor-column-gap-default\">\n\t\t\t\t\t<div class=\"elementor-column elementor-col-50 elementor-inner-column elementor-element elementor-element-83dba1d\" data-id=\"83dba1d\" data-element_type=\"column\">\n\t\t\t<div class=\"elementor-widget-wrap elementor-element-populated\">\n\t\t\t\t\t\t<div class=\"elementor-element elementor-element-9f12187 elementor-widget elementor-widget-heading\" data-id=\"9f12187\" data-element_type=\"widget\" data-widget_type=\"heading.default\">\n\t\t\t\t<div class=\"elementor-widget-container\">\n\t\t\t\t\t<h2 class=\"elementor-heading-title elementor-size-default\">Waga (kg)<\/h2>\t\t\t\t<\/div>\n\t\t\t\t<\/div>\n\t\t\t\t\t<\/div>\n\t\t<\/div>\n\t\t\t\t<div class=\"elementor-column elementor-col-50 elementor-inner-column elementor-element elementor-element-7f5812c\" data-id=\"7f5812c\" data-element_type=\"column\">\n\t\t\t<div class=\"elementor-widget-wrap elementor-element-populated\">\n\t\t\t\t\t\t<div class=\"elementor-element elementor-element-e7c6480 elementor-widget elementor-widget-text-editor\" data-id=\"e7c6480\" data-element_type=\"widget\" data-widget_type=\"text-editor.default\">\n\t\t\t\t<div class=\"elementor-widget-container\">\n\t\t\t\t\t\t\t\t\t<p>157<\/p>\t\t\t\t\t\t\t\t<\/div>\n\t\t\t\t<\/div>\n\t\t\t\t\t<\/div>\n\t\t<\/div>\n\t\t\t\t\t<\/div>\n\t\t<\/section>\n\t\t\t\t<section class=\"elementor-section elementor-inner-section elementor-element elementor-element-4de327a elementor-section-boxed elementor-section-height-default elementor-section-height-default\" data-id=\"4de327a\" data-element_type=\"section\" data-settings=\"{&quot;background_background&quot;:&quot;classic&quot;}\">\n\t\t\t\t\t\t<div class=\"elementor-container elementor-column-gap-default\">\n\t\t\t\t\t<div class=\"elementor-column elementor-col-50 elementor-inner-column elementor-element elementor-element-c871b4c\" data-id=\"c871b4c\" data-element_type=\"column\">\n\t\t\t<div class=\"elementor-widget-wrap elementor-element-populated\">\n\t\t\t\t\t\t<div class=\"elementor-element elementor-element-1dfa3d3 elementor-widget elementor-widget-heading\" data-id=\"1dfa3d3\" data-element_type=\"widget\" data-widget_type=\"heading.default\">\n\t\t\t\t<div class=\"elementor-widget-container\">\n\t\t\t\t\t<h2 class=\"elementor-heading-title elementor-size-default\">Wysoko\u015b\u0107 (mm)<\/h2>\t\t\t\t<\/div>\n\t\t\t\t<\/div>\n\t\t\t\t\t<\/div>\n\t\t<\/div>\n\t\t\t\t<div class=\"elementor-column elementor-col-50 elementor-inner-column elementor-element elementor-element-21ab4be\" data-id=\"21ab4be\" data-element_type=\"column\">\n\t\t\t<div class=\"elementor-widget-wrap elementor-element-populated\">\n\t\t\t\t\t\t<div class=\"elementor-element elementor-element-ca96fbe elementor-widget elementor-widget-text-editor\" data-id=\"ca96fbe\" data-element_type=\"widget\" data-widget_type=\"text-editor.default\">\n\t\t\t\t<div class=\"elementor-widget-container\">\n\t\t\t\t\t\t\t\t\t<p>265<\/p>\t\t\t\t\t\t\t\t<\/div>\n\t\t\t\t<\/div>\n\t\t\t\t\t<\/div>\n\t\t<\/div>\n\t\t\t\t\t<\/div>\n\t\t<\/section>\n\t\t\t\t<section class=\"elementor-section elementor-inner-section elementor-element elementor-element-55b9cb7 elementor-section-boxed elementor-section-height-default elementor-section-height-default\" data-id=\"55b9cb7\" data-element_type=\"section\" data-settings=\"{&quot;background_background&quot;:&quot;classic&quot;}\">\n\t\t\t\t\t\t<div class=\"elementor-container elementor-column-gap-default\">\n\t\t\t\t\t<div class=\"elementor-column elementor-col-50 elementor-inner-column elementor-element elementor-element-0bac9f2\" data-id=\"0bac9f2\" data-element_type=\"column\">\n\t\t\t<div class=\"elementor-widget-wrap elementor-element-populated\">\n\t\t\t\t\t\t<div class=\"elementor-element elementor-element-fe6b114 elementor-widget elementor-widget-heading\" data-id=\"fe6b114\" data-element_type=\"widget\" data-widget_type=\"heading.default\">\n\t\t\t\t<div class=\"elementor-widget-container\">\n\t\t\t\t\t<h2 class=\"elementor-heading-title elementor-size-default\">Przekr\u00f3j poprzeczny wlotu (m2)<\/h2>\t\t\t\t<\/div>\n\t\t\t\t<\/div>\n\t\t\t\t\t<\/div>\n\t\t<\/div>\n\t\t\t\t<div class=\"elementor-column elementor-col-50 elementor-inner-column elementor-element elementor-element-1b8ef1d\" data-id=\"1b8ef1d\" data-element_type=\"column\">\n\t\t\t<div class=\"elementor-widget-wrap elementor-element-populated\">\n\t\t\t\t\t\t<div class=\"elementor-element elementor-element-7e52793 elementor-widget elementor-widget-text-editor\" data-id=\"7e52793\" data-element_type=\"widget\" data-widget_type=\"text-editor.default\">\n\t\t\t\t<div class=\"elementor-widget-container\">\n\t\t\t\t\t\t\t\t\t<p>0,043<\/p>\t\t\t\t\t\t\t\t<\/div>\n\t\t\t\t<\/div>\n\t\t\t\t\t<\/div>\n\t\t<\/div>\n\t\t\t\t\t<\/div>\n\t\t<\/section>\n\t\t\t\t<section class=\"elementor-section elementor-inner-section elementor-element elementor-element-a6289d8 elementor-section-boxed elementor-section-height-default elementor-section-height-default\" data-id=\"a6289d8\" data-element_type=\"section\" data-settings=\"{&quot;background_background&quot;:&quot;classic&quot;}\">\n\t\t\t\t\t\t<div class=\"elementor-container elementor-column-gap-default\">\n\t\t\t\t\t<div class=\"elementor-column elementor-col-50 elementor-inner-column elementor-element elementor-element-ba66bec\" data-id=\"ba66bec\" data-element_type=\"column\">\n\t\t\t<div class=\"elementor-widget-wrap elementor-element-populated\">\n\t\t\t\t\t\t<div class=\"elementor-element elementor-element-e011f9f elementor-widget elementor-widget-heading\" data-id=\"e011f9f\" data-element_type=\"widget\" data-widget_type=\"heading.default\">\n\t\t\t\t<div class=\"elementor-widget-container\">\n\t\t\t\t\t<h2 class=\"elementor-heading-title elementor-size-default\">Przekr\u00f3j wlotowy siatki (m2)<\/h2>\t\t\t\t<\/div>\n\t\t\t\t<\/div>\n\t\t\t\t\t<\/div>\n\t\t<\/div>\n\t\t\t\t<div class=\"elementor-column elementor-col-50 elementor-inner-column elementor-element elementor-element-55fbf81\" data-id=\"55fbf81\" data-element_type=\"column\">\n\t\t\t<div class=\"elementor-widget-wrap elementor-element-populated\">\n\t\t\t\t\t\t<div class=\"elementor-element elementor-element-0038a36 elementor-widget elementor-widget-text-editor\" data-id=\"0038a36\" data-element_type=\"widget\" data-widget_type=\"text-editor.default\">\n\t\t\t\t<div class=\"elementor-widget-container\">\n\t\t\t\t\t\t\t\t\t<p>0,054<\/p>\t\t\t\t\t\t\t\t<\/div>\n\t\t\t\t<\/div>\n\t\t\t\t\t<\/div>\n\t\t<\/div>\n\t\t\t\t\t<\/div>\n\t\t<\/section>\n\t\t\t\t\t<\/div>\n\t\t<\/div>\n\t\t\t\t\t<\/div>\n\t\t<\/section>\n\t\t\t\t<\/div>\n\t\t","protected":false},"excerpt":{"rendered":"<p>Nisa\u00ae Odp\u0142yw wykonany jest z wytrzyma\u0142ego \u017celiwa i spe\u0142nia norm\u0119 \u010cSN EN 124-2. Korpus odp\u0142ywu jest przeznaczony do obci\u0105\u017cenia B 125, a ruszt \u017celiwny do obci\u0105\u017cenia C 250. Wyposa\u017cony jest w \u015brub\u0119 ze stali nierdzewnej M16 DIN912 z gniazdem sze\u015bciok\u0105tnym, a jego ca\u0142kowita wysoko\u015b\u0107 dla kraw\u0119\u017cnika prostego wynosi 120 mm. Mo\u017cna go montowa\u0107 na DN [&hellip;]<\/p>\n","protected":false},"author":16,"featured_media":0,"parent":0,"menu_order":0,"comment_status":"closed","ping_status":"closed","template":"","meta":{"footnotes":""},"class_list":["post-6280","page","type-page","status-publish","hentry"],"yoast_head":"<!-- This site is optimized with the Yoast SEO plugin v26.2 - https:\/\/yoast.com\/wordpress\/plugins\/seo\/ -->\n<title>Nisa\u00ae \u2013 odp\u0142yw \u017celiwny do B125\/C250 z rusztem stalowym | KOGA Bau<\/title>\n<meta name=\"description\" content=\"Nisa\u00ae to \u017celiwny wpust przeznaczony do odwodnienia ulic, parking\u00f3w i powierzchni utwardzonych o klasie czysto\u015bci B125\/C250, wyposa\u017cony w ruszt stalowy, z mo\u017cliwo\u015bci\u0105 zam\u00f3wienia indywidualnego wzoru i monta\u017cem DN450\u2013DN500.\" \/>\n<meta name=\"robots\" content=\"index, follow, max-snippet:-1, max-image-preview:large, max-video-preview:-1\" \/>\n<link rel=\"canonical\" href=\"https:\/\/www.kogabau.sk\/pl\/nisa\/\" \/>\n<meta property=\"og:locale\" content=\"pl_PL\" \/>\n<meta property=\"og:type\" content=\"article\" \/>\n<meta property=\"og:title\" content=\"Nisa\u00ae \u2013 odp\u0142yw \u017celiwny do B125\/C250 z rusztem stalowym | KOGA Bau\" \/>\n<meta property=\"og:description\" content=\"Nisa\u00ae to \u017celiwny wpust przeznaczony do odwodnienia ulic, parking\u00f3w i powierzchni utwardzonych o klasie czysto\u015bci B125\/C250, wyposa\u017cony w ruszt stalowy, z mo\u017cliwo\u015bci\u0105 zam\u00f3wienia indywidualnego wzoru i monta\u017cem DN450\u2013DN500.\" \/>\n<meta property=\"og:url\" content=\"https:\/\/www.kogabau.sk\/pl\/nisa\/\" \/>\n<meta property=\"og:site_name\" content=\"KOGABAU\" \/>\n<meta property=\"article:modified_time\" content=\"2025-11-14T13:00:07+00:00\" \/>\n<meta property=\"og:image\" content=\"https:\/\/www.kogabau.sk\/wp-content\/uploads\/2025\/10\/KoGaBau-Nisa.png\" \/>\n\t<meta property=\"og:image:width\" content=\"575\" \/>\n\t<meta property=\"og:image:height\" content=\"580\" \/>\n\t<meta property=\"og:image:type\" content=\"image\/png\" \/>\n<meta name=\"twitter:card\" content=\"summary_large_image\" \/>\n<meta name=\"twitter:label1\" content=\"Szacowany czas czytania\" \/>\n\t<meta name=\"twitter:data1\" content=\"1 minuta\" \/>\n<script type=\"application\/ld+json\" class=\"yoast-schema-graph\">{\"@context\":\"https:\/\/schema.org\",\"@graph\":[{\"@type\":\"WebPage\",\"@id\":\"https:\/\/www.kogabau.sk\/pl\/nisa\/\",\"url\":\"https:\/\/www.kogabau.sk\/pl\/nisa\/\",\"name\":\"Nisa\u00ae \u2013 odp\u0142yw \u017celiwny do B125\/C250 z rusztem stalowym | KOGA Bau\",\"isPartOf\":{\"@id\":\"https:\/\/www.kogabau.sk\/pl\/#website\"},\"primaryImageOfPage\":{\"@id\":\"https:\/\/www.kogabau.sk\/pl\/nisa\/#primaryimage\"},\"image\":{\"@id\":\"https:\/\/www.kogabau.sk\/pl\/nisa\/#primaryimage\"},\"thumbnailUrl\":\"https:\/\/www.kogabau.sk\/wp-content\/uploads\/2025\/10\/KoGaBau-Nisa.png\",\"datePublished\":\"2025-10-12T18:06:58+00:00\",\"dateModified\":\"2025-11-14T13:00:07+00:00\",\"description\":\"Nisa\u00ae to \u017celiwny wpust przeznaczony do odwodnienia ulic, parking\u00f3w i powierzchni utwardzonych o klasie czysto\u015bci B125\/C250, wyposa\u017cony w ruszt stalowy, z mo\u017cliwo\u015bci\u0105 zam\u00f3wienia indywidualnego wzoru i monta\u017cem DN450\u2013DN500.\",\"breadcrumb\":{\"@id\":\"https:\/\/www.kogabau.sk\/pl\/nisa\/#breadcrumb\"},\"inLanguage\":\"pl-PL\",\"potentialAction\":[{\"@type\":\"ReadAction\",\"target\":[\"https:\/\/www.kogabau.sk\/pl\/nisa\/\"]}]},{\"@type\":\"ImageObject\",\"inLanguage\":\"pl-PL\",\"@id\":\"https:\/\/www.kogabau.sk\/pl\/nisa\/#primaryimage\",\"url\":\"https:\/\/www.kogabau.sk\/wp-content\/uploads\/2025\/10\/KoGaBau-Nisa.png\",\"contentUrl\":\"https:\/\/www.kogabau.sk\/wp-content\/uploads\/2025\/10\/KoGaBau-Nisa.png\"},{\"@type\":\"BreadcrumbList\",\"@id\":\"https:\/\/www.kogabau.sk\/pl\/nisa\/#breadcrumb\",\"itemListElement\":[{\"@type\":\"ListItem\",\"position\":1,\"name\":\"Home\",\"item\":\"https:\/\/www.kogabau.sk\/pl\/\"},{\"@type\":\"ListItem\",\"position\":2,\"name\":\"Nisa\"}]},{\"@type\":\"WebSite\",\"@id\":\"https:\/\/www.kogabau.sk\/pl\/#website\",\"url\":\"https:\/\/www.kogabau.sk\/pl\/\",\"name\":\"KOGABAU\",\"description\":\"\",\"publisher\":{\"@id\":\"https:\/\/www.kogabau.sk\/pl\/#organization\"},\"potentialAction\":[{\"@type\":\"SearchAction\",\"target\":{\"@type\":\"EntryPoint\",\"urlTemplate\":\"https:\/\/www.kogabau.sk\/pl\/?s={search_term_string}\"},\"query-input\":{\"@type\":\"PropertyValueSpecification\",\"valueRequired\":true,\"valueName\":\"search_term_string\"}}],\"inLanguage\":\"pl-PL\"},{\"@type\":\"Organization\",\"@id\":\"https:\/\/www.kogabau.sk\/pl\/#organization\",\"name\":\"KOGABAU\",\"url\":\"https:\/\/www.kogabau.sk\/pl\/\",\"logo\":{\"@type\":\"ImageObject\",\"inLanguage\":\"pl-PL\",\"@id\":\"https:\/\/www.kogabau.sk\/pl\/#\/schema\/logo\/image\/\",\"url\":\"https:\/\/www.kogabau.sk\/wp-content\/uploads\/2021\/02\/KOGA-BAU-logo-cierne.png\",\"contentUrl\":\"https:\/\/www.kogabau.sk\/wp-content\/uploads\/2021\/02\/KOGA-BAU-logo-cierne.png\",\"width\":516,\"height\":66,\"caption\":\"KOGABAU\"},\"image\":{\"@id\":\"https:\/\/www.kogabau.sk\/pl\/#\/schema\/logo\/image\/\"}}]}<\/script>\n<!-- \/ Yoast SEO plugin. -->","yoast_head_json":{"title":"Nisa\u00ae \u2013 odp\u0142yw \u017celiwny do B125\/C250 z rusztem stalowym | KOGA Bau","description":"Nisa\u00ae to \u017celiwny wpust przeznaczony do odwodnienia ulic, parking\u00f3w i powierzchni utwardzonych o klasie czysto\u015bci B125\/C250, wyposa\u017cony w ruszt stalowy, z mo\u017cliwo\u015bci\u0105 zam\u00f3wienia indywidualnego wzoru i monta\u017cem DN450\u2013DN500.","robots":{"index":"index","follow":"follow","max-snippet":"max-snippet:-1","max-image-preview":"max-image-preview:large","max-video-preview":"max-video-preview:-1"},"canonical":"https:\/\/www.kogabau.sk\/pl\/nisa\/","og_locale":"pl_PL","og_type":"article","og_title":"Nisa\u00ae \u2013 odp\u0142yw \u017celiwny do B125\/C250 z rusztem stalowym | KOGA Bau","og_description":"Nisa\u00ae to \u017celiwny wpust przeznaczony do odwodnienia ulic, parking\u00f3w i powierzchni utwardzonych o klasie czysto\u015bci B125\/C250, wyposa\u017cony w ruszt stalowy, z mo\u017cliwo\u015bci\u0105 zam\u00f3wienia indywidualnego wzoru i monta\u017cem DN450\u2013DN500.","og_url":"https:\/\/www.kogabau.sk\/pl\/nisa\/","og_site_name":"KOGABAU","article_modified_time":"2025-11-14T13:00:07+00:00","og_image":[{"width":575,"height":580,"url":"https:\/\/www.kogabau.sk\/wp-content\/uploads\/2025\/10\/KoGaBau-Nisa.png","type":"image\/png"}],"twitter_card":"summary_large_image","twitter_misc":{"Szacowany czas czytania":"1 minuta"},"schema":{"@context":"https:\/\/schema.org","@graph":[{"@type":"WebPage","@id":"https:\/\/www.kogabau.sk\/pl\/nisa\/","url":"https:\/\/www.kogabau.sk\/pl\/nisa\/","name":"Nisa\u00ae \u2013 odp\u0142yw \u017celiwny do B125\/C250 z rusztem stalowym | KOGA Bau","isPartOf":{"@id":"https:\/\/www.kogabau.sk\/pl\/#website"},"primaryImageOfPage":{"@id":"https:\/\/www.kogabau.sk\/pl\/nisa\/#primaryimage"},"image":{"@id":"https:\/\/www.kogabau.sk\/pl\/nisa\/#primaryimage"},"thumbnailUrl":"https:\/\/www.kogabau.sk\/wp-content\/uploads\/2025\/10\/KoGaBau-Nisa.png","datePublished":"2025-10-12T18:06:58+00:00","dateModified":"2025-11-14T13:00:07+00:00","description":"Nisa\u00ae to \u017celiwny wpust przeznaczony do odwodnienia ulic, parking\u00f3w i powierzchni utwardzonych o klasie czysto\u015bci B125\/C250, wyposa\u017cony w ruszt stalowy, z mo\u017cliwo\u015bci\u0105 zam\u00f3wienia indywidualnego wzoru i monta\u017cem DN450\u2013DN500.","breadcrumb":{"@id":"https:\/\/www.kogabau.sk\/pl\/nisa\/#breadcrumb"},"inLanguage":"pl-PL","potentialAction":[{"@type":"ReadAction","target":["https:\/\/www.kogabau.sk\/pl\/nisa\/"]}]},{"@type":"ImageObject","inLanguage":"pl-PL","@id":"https:\/\/www.kogabau.sk\/pl\/nisa\/#primaryimage","url":"https:\/\/www.kogabau.sk\/wp-content\/uploads\/2025\/10\/KoGaBau-Nisa.png","contentUrl":"https:\/\/www.kogabau.sk\/wp-content\/uploads\/2025\/10\/KoGaBau-Nisa.png"},{"@type":"BreadcrumbList","@id":"https:\/\/www.kogabau.sk\/pl\/nisa\/#breadcrumb","itemListElement":[{"@type":"ListItem","position":1,"name":"Home","item":"https:\/\/www.kogabau.sk\/pl\/"},{"@type":"ListItem","position":2,"name":"Nisa"}]},{"@type":"WebSite","@id":"https:\/\/www.kogabau.sk\/pl\/#website","url":"https:\/\/www.kogabau.sk\/pl\/","name":"KOGABAU","description":"","publisher":{"@id":"https:\/\/www.kogabau.sk\/pl\/#organization"},"potentialAction":[{"@type":"SearchAction","target":{"@type":"EntryPoint","urlTemplate":"https:\/\/www.kogabau.sk\/pl\/?s={search_term_string}"},"query-input":{"@type":"PropertyValueSpecification","valueRequired":true,"valueName":"search_term_string"}}],"inLanguage":"pl-PL"},{"@type":"Organization","@id":"https:\/\/www.kogabau.sk\/pl\/#organization","name":"KOGABAU","url":"https:\/\/www.kogabau.sk\/pl\/","logo":{"@type":"ImageObject","inLanguage":"pl-PL","@id":"https:\/\/www.kogabau.sk\/pl\/#\/schema\/logo\/image\/","url":"https:\/\/www.kogabau.sk\/wp-content\/uploads\/2021\/02\/KOGA-BAU-logo-cierne.png","contentUrl":"https:\/\/www.kogabau.sk\/wp-content\/uploads\/2021\/02\/KOGA-BAU-logo-cierne.png","width":516,"height":66,"caption":"KOGABAU"},"image":{"@id":"https:\/\/www.kogabau.sk\/pl\/#\/schema\/logo\/image\/"}}]}},"_links":{"self":[{"href":"https:\/\/www.kogabau.sk\/pl\/wp-json\/wp\/v2\/pages\/6280","targetHints":{"allow":["GET"]}}],"collection":[{"href":"https:\/\/www.kogabau.sk\/pl\/wp-json\/wp\/v2\/pages"}],"about":[{"href":"https:\/\/www.kogabau.sk\/pl\/wp-json\/wp\/v2\/types\/page"}],"author":[{"embeddable":true,"href":"https:\/\/www.kogabau.sk\/pl\/wp-json\/wp\/v2\/users\/16"}],"replies":[{"embeddable":true,"href":"https:\/\/www.kogabau.sk\/pl\/wp-json\/wp\/v2\/comments?post=6280"}],"version-history":[{"count":4,"href":"https:\/\/www.kogabau.sk\/pl\/wp-json\/wp\/v2\/pages\/6280\/revisions"}],"predecessor-version":[{"id":7638,"href":"https:\/\/www.kogabau.sk\/pl\/wp-json\/wp\/v2\/pages\/6280\/revisions\/7638"}],"wp:attachment":[{"href":"https:\/\/www.kogabau.sk\/pl\/wp-json\/wp\/v2\/media?parent=6280"}],"curies":[{"name":"wp","href":"https:\/\/api.w.org\/{rel}","templated":true}]}}