{"id":6282,"date":"2025-05-06T18:54:51","date_gmt":"2025-05-06T16:54:51","guid":{"rendered":"https:\/\/www.kogabau.sk\/o-nas\/"},"modified":"2025-12-12T13:06:24","modified_gmt":"2025-12-12T12:06:24","slug":"o-nas","status":"publish","type":"page","link":"https:\/\/www.kogabau.sk\/pl\/o-nas\/","title":{"rendered":"O nas"},"content":{"rendered":"\t\t<div data-elementor-type=\"wp-page\" data-elementor-id=\"6282\" class=\"elementor elementor-6282 elementor-363\" data-elementor-post-type=\"page\">\n\t\t\t\t\t\t<section class=\"elementor-section elementor-top-section elementor-element elementor-element-65de7eb elementor-section-boxed elementor-section-height-default elementor-section-height-default\" data-id=\"65de7eb\" data-element_type=\"section\" data-settings=\"{&quot;background_background&quot;:&quot;classic&quot;}\">\n\t\t\t\t\t\t<div class=\"elementor-container elementor-column-gap-default\">\n\t\t\t\t\t<div class=\"elementor-column elementor-col-100 elementor-top-column elementor-element elementor-element-f2cccb7\" data-id=\"f2cccb7\" data-element_type=\"column\">\n\t\t\t<div class=\"elementor-widget-wrap elementor-element-populated\">\n\t\t\t\t\t\t<div class=\"elementor-element elementor-element-c6696aa elementor-widget elementor-widget-spacer\" data-id=\"c6696aa\" data-element_type=\"widget\" data-widget_type=\"spacer.default\">\n\t\t\t\t<div class=\"elementor-widget-container\">\n\t\t\t\t\t\t\t<div class=\"elementor-spacer\">\n\t\t\t<div class=\"elementor-spacer-inner\"><\/div>\n\t\t<\/div>\n\t\t\t\t\t\t<\/div>\n\t\t\t\t<\/div>\n\t\t\t\t<div class=\"elementor-element elementor-element-f83ecd9 elementor-widget elementor-widget-heading\" data-id=\"f83ecd9\" data-element_type=\"widget\" data-widget_type=\"heading.default\">\n\t\t\t\t<div class=\"elementor-widget-container\">\n\t\t\t\t\t<h1 class=\"elementor-heading-title elementor-size-default\">O nas<\/h1>\t\t\t\t<\/div>\n\t\t\t\t<\/div>\n\t\t\t\t\t<\/div>\n\t\t<\/div>\n\t\t\t\t\t<\/div>\n\t\t<\/section>\n\t\t\t\t<section class=\"elementor-section elementor-top-section elementor-element elementor-element-48dcae8 elementor-section-boxed elementor-section-height-default elementor-section-height-default\" data-id=\"48dcae8\" data-element_type=\"section\" data-settings=\"{&quot;background_background&quot;:&quot;classic&quot;}\">\n\t\t\t\t\t\t<div class=\"elementor-container elementor-column-gap-default\">\n\t\t\t\t\t<div class=\"elementor-column elementor-col-100 elementor-top-column elementor-element elementor-element-3718dcf\" data-id=\"3718dcf\" data-element_type=\"column\">\n\t\t\t<div class=\"elementor-widget-wrap elementor-element-populated\">\n\t\t\t\t\t\t<div class=\"elementor-element elementor-element-13933d6 elementor-widget elementor-widget-text-editor\" data-id=\"13933d6\" data-element_type=\"widget\" data-widget_type=\"text-editor.default\">\n\t\t\t\t<div class=\"elementor-widget-container\">\n\t\t\t\t\t\t\t\t\t<p>Firma KOGA Bau s.r.o. powsta\u0142a z my\u015bl\u0105 o oferowaniu kompleksowych rozwi\u0105za\u0144 technicznych firmom z bran\u017cy budowlanej. Chcemy \u015bci\u015ble wsp\u00f3\u0142pracowa\u0107 z projektantem przy projektowaniu rozwi\u0105zania technicznego, a nast\u0119pnie wspiera\u0107 wykonawc\u0119 rob\u00f3t budowlanych od etapu wyboru rozwi\u0105zania technicznego, a\u017c po odbi\u00f3r gotowego obiektu. Jeste\u015bmy aktywni na S\u0142owacji, w Czechach, Bu\u0142garii, Polsce i na Ukrainie. Nasze projekty realizowane s\u0105 w Danii, Serbii, na \u0141otwie i w innych krajach UE.<\/p><p>Nasz\u0105 firm\u0119 tworzy grupa m\u0142odych i dynamicznych ludzi, kt\u00f3rzy z entuzjazmem podchodz\u0105 do swojej pracy.<br \/>Jednym z naszych g\u0142\u00f3wnych obszar\u00f3w dzia\u0142alno\u015bci jest w\u0105ska specjalizacja w odwodnieniach obiekt\u00f3w mostowych i wiadukt\u00f3w, gdzie oferujemy kompleksow\u0105 gam\u0119 produkt\u00f3w. Kompleksowo\u015b\u0107 naszych us\u0142ug wynika z profesjonalnego projektowania, produkcji, dostawy i monta\u017cu odwodnie\u0144 mostowych. Zawsze jednak jest to kompleksowe rozwi\u0105zanie systemowe, z precyzyjnie dopracowanymi szczeg\u00f3\u0142ami. Kierujemy si\u0119 mottem \u201eLicz\u0105 si\u0119 szczeg\u00f3\u0142y\u2026\u201d.<\/p><p>Zajmujemy si\u0119 r\u00f3wnie\u017c produkcj\u0105 akcesori\u00f3w mostowych i tunelowych, g\u0142\u00f3wnie p\u00f3\u0142ek mostowych z polimerobetonu lub w\u0142\u00f3kna szklanego oraz drena\u017cy tunelowych z polimerobetonu. Oferujemy r\u00f3wnie\u017c produkty nietypowe z w\u0142\u00f3kna szklanego, polimerobetonu i \u017celiwa.<br \/>Naszym celem jest systematyczna wsp\u00f3\u0142praca z firmami budowlanymi przy ich projektach. Warunkiem koniecznym takiej wsp\u00f3\u0142pracy jest zadowolenie klienta z naszych us\u0142ug w rozs\u0105dnej cenie. Wielokrotne przesy\u0142anie zapytania ofertowego od firmy, kt\u00f3ra wsp\u00f3\u0142pracowa\u0142a z nami przy poprzednich realizacjach, jest dla nas dowodem na sens naszych wysi\u0142k\u00f3w i motywacj\u0105 do ci\u0105g\u0142ego doskonalenia.<\/p>\t\t\t\t\t\t\t\t<\/div>\n\t\t\t\t<\/div>\n\t\t\t\t\t<\/div>\n\t\t<\/div>\n\t\t\t\t\t<\/div>\n\t\t<\/section>\n\t\t\t\t<section class=\"elementor-section elementor-top-section elementor-element elementor-element-c219992 elementor-section-boxed elementor-section-height-default elementor-section-height-default\" data-id=\"c219992\" data-element_type=\"section\" data-settings=\"{&quot;background_background&quot;:&quot;classic&quot;}\">\n\t\t\t\t\t\t<div class=\"elementor-container elementor-column-gap-default\">\n\t\t\t\t\t<div class=\"elementor-column elementor-col-33 elementor-top-column elementor-element elementor-element-67a325b\" data-id=\"67a325b\" data-element_type=\"column\">\n\t\t\t<div class=\"elementor-widget-wrap elementor-element-populated\">\n\t\t\t\t\t\t<div class=\"elementor-element elementor-element-9a8c1e0 elementor-widget elementor-widget-image\" data-id=\"9a8c1e0\" data-element_type=\"widget\" data-widget_type=\"image.default\">\n\t\t\t\t<div class=\"elementor-widget-container\">\n\t\t\t\t\t\t\t\t\t\t\t\t\t\t\t<img fetchpriority=\"high\" decoding=\"async\" width=\"464\" height=\"464\" src=\"https:\/\/www.kogabau.sk\/wp-content\/uploads\/2025\/10\/kogabau-onas-1.png\" class=\"attachment-full size-full wp-image-5990\" alt=\"\" srcset=\"https:\/\/www.kogabau.sk\/wp-content\/uploads\/2025\/10\/kogabau-onas-1.png 464w, https:\/\/www.kogabau.sk\/wp-content\/uploads\/2025\/10\/kogabau-onas-1-300x300.png 300w, https:\/\/www.kogabau.sk\/wp-content\/uploads\/2025\/10\/kogabau-onas-1-150x150.png 150w\" sizes=\"(max-width: 464px) 100vw, 464px\" \/>\t\t\t\t\t\t\t\t\t\t\t\t\t\t\t<\/div>\n\t\t\t\t<\/div>\n\t\t\t\t\t<\/div>\n\t\t<\/div>\n\t\t\t\t<div class=\"elementor-column elementor-col-33 elementor-top-column elementor-element elementor-element-49347b1\" data-id=\"49347b1\" data-element_type=\"column\">\n\t\t\t<div class=\"elementor-widget-wrap elementor-element-populated\">\n\t\t\t\t\t\t<div class=\"elementor-element elementor-element-2fb2a14 elementor-widget elementor-widget-image\" data-id=\"2fb2a14\" data-element_type=\"widget\" data-widget_type=\"image.default\">\n\t\t\t\t<div class=\"elementor-widget-container\">\n\t\t\t\t\t\t\t\t\t\t\t\t\t\t\t<img decoding=\"async\" width=\"464\" height=\"464\" src=\"https:\/\/www.kogabau.sk\/wp-content\/uploads\/2025\/10\/kogabau-onas-2.png\" class=\"attachment-full size-full wp-image-5991\" alt=\"\" srcset=\"https:\/\/www.kogabau.sk\/wp-content\/uploads\/2025\/10\/kogabau-onas-2.png 464w, https:\/\/www.kogabau.sk\/wp-content\/uploads\/2025\/10\/kogabau-onas-2-300x300.png 300w, https:\/\/www.kogabau.sk\/wp-content\/uploads\/2025\/10\/kogabau-onas-2-150x150.png 150w\" sizes=\"(max-width: 464px) 100vw, 464px\" \/>\t\t\t\t\t\t\t\t\t\t\t\t\t\t\t<\/div>\n\t\t\t\t<\/div>\n\t\t\t\t\t<\/div>\n\t\t<\/div>\n\t\t\t\t<div class=\"elementor-column elementor-col-33 elementor-top-column elementor-element elementor-element-e8661af\" data-id=\"e8661af\" data-element_type=\"column\">\n\t\t\t<div class=\"elementor-widget-wrap elementor-element-populated\">\n\t\t\t\t\t\t<div class=\"elementor-element elementor-element-e0ac896 elementor-widget elementor-widget-image\" data-id=\"e0ac896\" data-element_type=\"widget\" data-widget_type=\"image.default\">\n\t\t\t\t<div class=\"elementor-widget-container\">\n\t\t\t\t\t\t\t\t\t\t\t\t\t\t\t<img decoding=\"async\" width=\"464\" height=\"464\" src=\"https:\/\/www.kogabau.sk\/wp-content\/uploads\/2025\/10\/kogabau-onas-3.png\" class=\"attachment-full size-full wp-image-5992\" alt=\"\" srcset=\"https:\/\/www.kogabau.sk\/wp-content\/uploads\/2025\/10\/kogabau-onas-3.png 464w, https:\/\/www.kogabau.sk\/wp-content\/uploads\/2025\/10\/kogabau-onas-3-300x300.png 300w, https:\/\/www.kogabau.sk\/wp-content\/uploads\/2025\/10\/kogabau-onas-3-150x150.png 150w\" sizes=\"(max-width: 464px) 100vw, 464px\" \/>\t\t\t\t\t\t\t\t\t\t\t\t\t\t\t<\/div>\n\t\t\t\t<\/div>\n\t\t\t\t\t<\/div>\n\t\t<\/div>\n\t\t\t\t\t<\/div>\n\t\t<\/section>\n\t\t\t\t<section class=\"elementor-section elementor-top-section elementor-element elementor-element-8691f60 elementor-section-boxed elementor-section-height-default elementor-section-height-default\" data-id=\"8691f60\" data-element_type=\"section\" data-settings=\"{&quot;background_background&quot;:&quot;classic&quot;}\">\n\t\t\t\t\t\t<div class=\"elementor-container elementor-column-gap-default\">\n\t\t\t\t\t<div class=\"elementor-column elementor-col-100 elementor-top-column elementor-element elementor-element-9f10fcd\" data-id=\"9f10fcd\" data-element_type=\"column\">\n\t\t\t<div class=\"elementor-widget-wrap elementor-element-populated\">\n\t\t\t\t\t\t<div class=\"elementor-element elementor-element-9d20d49 elementor-widget elementor-widget-heading\" data-id=\"9d20d49\" data-element_type=\"widget\" data-widget_type=\"heading.default\">\n\t\t\t\t<div class=\"elementor-widget-container\">\n\t\t\t\t\t<h2 class=\"elementor-heading-title elementor-size-default\">Powstanie stowarzyszenia<\/h2>\t\t\t\t<\/div>\n\t\t\t\t<\/div>\n\t\t\t\t<div class=\"elementor-element elementor-element-3317c09 elementor-widget elementor-widget-text-editor\" data-id=\"3317c09\" data-element_type=\"widget\" data-widget_type=\"text-editor.default\">\n\t\t\t\t<div class=\"elementor-widget-container\">\n\t\t\t\t\t\t\t\t\t<p>Zesp\u00f3\u0142 firmy KOGA Bau s. r. o. od wielu lat zajmuje si\u0119 problematyk\u0105 odwodnie\u0144 mostowych. Znamy zalety i wady poszczeg\u00f3lnych materia\u0142\u00f3w rurowych, sposoby ich wykorzystania w poszczeg\u00f3lnych konstrukcjach, w interakcji z podwieszonym wyposa\u017ceniem i innymi elementami konstrukcji.<br \/>Jak powszechnie wiadomo w bran\u017cy, firma Vl\u010dek Solution s.r.o. jest jedynym i prawdziwym nast\u0119pc\u0105 firmy Vl\u010dek group s.r.o. Jej \u017celiwne produkty, g\u0142\u00f3wnie odwodnienia mostowe, s\u0105 znane i stosowane w budownictwie mostowym nie tylko w Czechach i na S\u0142owacji, ale tak\u017ce w Europie i na \u015bwiecie.<\/p><p>Prawdziwa komplementarno\u015b\u0107 naszej oferty oraz \u015bcis\u0142a wsp\u00f3\u0142praca mi\u0119dzy KOGA Bau s.r.o. a Vl\u010dek Solution s.r.o. zaowocowa\u0142y podpisaniem umowy o utworzeniu stowarzyszenia \u201eVLCEK-KOGA\u201d. Moment ten by\u0142 naturaln\u0105 i logiczn\u0105 konsekwencj\u0105 powy\u017cszych fakt\u00f3w. Osob\u0105, kt\u00f3ra sta\u0142a u podstaw i jest gwarantem profesjonalizmu naszego stowarzyszenia, jest powszechnie szanowany i znany in\u017c. Petr Vl\u010dek.<\/p><p>Stowarzyszenie \u201eVLCEK-KOGA\u201d to r\u00f3wnie\u017c odpowied\u017a na \u201eekspertyz\u0119\u201d firm zagranicznych, kt\u00f3re nie znaj\u0105c wymaga\u0144 lokalnych firm, promuj\u0105 si\u0119 jedynie na rynku czeskim i s\u0142owackim niskimi cenami i materia\u0142ami, kt\u00f3re ewidentnie nie spe\u0142niaj\u0105 nie tylko wymog\u00f3w \u017cywotno\u015bci obiektu, ale tak\u017ce standardowego okresu gwarancji. Nasze stowarzyszenie produkuje lini\u0119 nowych odwodnie\u0144 mostowych pod w\u0142asn\u0105 mark\u0105 \u201eVLCEK-KOGA\u201d.<\/p><p>W ramach tego zrzeszenia firm realizujemy indywidualne zam\u00f3wienia w Czechach, na S\u0142owacji, a tak\u017ce w innych krajach naszej dzia\u0142alno\u015bci. W ramach wsp\u00f3\u0142pracy na rynkach lokalnych, uzgodnili\u015bmy wy\u0142\u0105czn\u0105 reprezentacj\u0119 firmy KOGA Bau s.r.o. w zakresie ca\u0142ego asortymentu odwodnie\u0144 mostowych firmy Vl\u010dek Solution s.r.o. na terenie Republiki S\u0142owackiej.<br \/>Celem naszego stowarzyszenia jest niezawodne i szybkie zaspokajanie potrzeb klient\u00f3w, dzi\u0119ki wieloletniemu do\u015bwiadczeniu i praktyce w dziedzinie odwodnie\u0144 mostowych. Stowarzyszenie \u201eVLCEK-KOGA\u201d, dzi\u0119ki stosowaniu najwy\u017cszej klasy materia\u0142\u00f3w, dobieranych przede wszystkim pod k\u0105tem jako\u015bci, a nie tylko najni\u017cszej ceny, gwarantuje satysfakcj\u0119 z naszych us\u0142ug przez ca\u0142y okres realizacji, a tak\u017ce okres gwarancji i \u017cywotno\u015b\u0107 konstrukcji mostowej, co jest potwierdzone w praktyce.<\/p>\t\t\t\t\t\t\t\t<\/div>\n\t\t\t\t<\/div>\n\t\t\t\t\t<\/div>\n\t\t<\/div>\n\t\t\t\t\t<\/div>\n\t\t<\/section>\n\t\t\t\t<\/div>\n\t\t","protected":false},"excerpt":{"rendered":"<p>O nas Firma KOGA Bau s.r.o. powsta\u0142a z my\u015bl\u0105 o oferowaniu kompleksowych rozwi\u0105za\u0144 technicznych firmom z bran\u017cy budowlanej. Chcemy \u015bci\u015ble wsp\u00f3\u0142pracowa\u0107 z projektantem przy projektowaniu rozwi\u0105zania technicznego, a nast\u0119pnie wspiera\u0107 wykonawc\u0119 rob\u00f3t budowlanych od etapu wyboru rozwi\u0105zania technicznego, a\u017c po odbi\u00f3r gotowego obiektu. Jeste\u015bmy aktywni na S\u0142owacji, w Czechach, Bu\u0142garii, Polsce i na Ukrainie. Nasze [&hellip;]<\/p>\n","protected":false},"author":15,"featured_media":0,"parent":0,"menu_order":0,"comment_status":"closed","ping_status":"closed","template":"","meta":{"footnotes":""},"class_list":["post-6282","page","type-page","status-publish","hentry"],"yoast_head":"<!-- This site is optimized with the Yoast SEO plugin v26.2 - https:\/\/yoast.com\/wordpress\/plugins\/seo\/ -->\n<title>O nas | KOGA Bau \u2013 specjali\u015bci w odwodnieniach mostowych i budownictwie l\u0105dowym<\/title>\n<meta name=\"description\" content=\"Firma KOGA Bau s.r.o. oferuje kompleksowe rozwi\u0105zania w zakresie odwodnie\u0144 most\u00f3w i wiadukt\u00f3w, obejmuj\u0105ce projektowanie, produkcj\u0119, dostaw\u0119 i monta\u017c. Wsp\u00f3\u0142pracujemy z projektantami i wykonawcami na S\u0142owacji, w Czechach i innych krajach UE, gwarantuj\u0105c jako\u015b\u0107 i d\u0142ugotrwa\u0142\u0105 trwa\u0142o\u015b\u0107 konstrukcji.\" \/>\n<meta name=\"robots\" content=\"index, follow, max-snippet:-1, max-image-preview:large, max-video-preview:-1\" \/>\n<link rel=\"canonical\" href=\"https:\/\/www.kogabau.sk\/pl\/o-nas\/\" \/>\n<meta property=\"og:locale\" content=\"pl_PL\" \/>\n<meta property=\"og:type\" content=\"article\" \/>\n<meta property=\"og:title\" content=\"O nas | KOGA Bau \u2013 specjali\u015bci w odwodnieniach mostowych i budownictwie l\u0105dowym\" \/>\n<meta property=\"og:description\" content=\"Firma KOGA Bau s.r.o. oferuje kompleksowe rozwi\u0105zania w zakresie odwodnie\u0144 most\u00f3w i wiadukt\u00f3w, obejmuj\u0105ce projektowanie, produkcj\u0119, dostaw\u0119 i monta\u017c. Wsp\u00f3\u0142pracujemy z projektantami i wykonawcami na S\u0142owacji, w Czechach i innych krajach UE, gwarantuj\u0105c jako\u015b\u0107 i d\u0142ugotrwa\u0142\u0105 trwa\u0142o\u015b\u0107 konstrukcji.\" \/>\n<meta property=\"og:url\" content=\"https:\/\/www.kogabau.sk\/pl\/o-nas\/\" \/>\n<meta property=\"og:site_name\" content=\"KOGABAU\" \/>\n<meta property=\"article:modified_time\" content=\"2025-12-12T12:06:24+00:00\" \/>\n<meta property=\"og:image\" content=\"https:\/\/www.kogabau.sk\/wp-content\/uploads\/2025\/10\/kogabau-onas-1.png\" \/>\n\t<meta property=\"og:image:width\" content=\"464\" \/>\n\t<meta property=\"og:image:height\" content=\"464\" \/>\n\t<meta property=\"og:image:type\" content=\"image\/png\" \/>\n<meta name=\"twitter:card\" content=\"summary_large_image\" \/>\n<meta name=\"twitter:label1\" content=\"Szacowany czas czytania\" \/>\n\t<meta name=\"twitter:data1\" content=\"4 minuty\" \/>\n<script type=\"application\/ld+json\" class=\"yoast-schema-graph\">{\"@context\":\"https:\/\/schema.org\",\"@graph\":[{\"@type\":\"WebPage\",\"@id\":\"https:\/\/www.kogabau.sk\/pl\/o-nas\/\",\"url\":\"https:\/\/www.kogabau.sk\/pl\/o-nas\/\",\"name\":\"O nas | KOGA Bau \u2013 specjali\u015bci w odwodnieniach mostowych i budownictwie l\u0105dowym\",\"isPartOf\":{\"@id\":\"https:\/\/www.kogabau.sk\/pl\/#website\"},\"primaryImageOfPage\":{\"@id\":\"https:\/\/www.kogabau.sk\/pl\/o-nas\/#primaryimage\"},\"image\":{\"@id\":\"https:\/\/www.kogabau.sk\/pl\/o-nas\/#primaryimage\"},\"thumbnailUrl\":\"https:\/\/www.kogabau.sk\/wp-content\/uploads\/2025\/10\/kogabau-onas-1.png\",\"datePublished\":\"2025-05-06T16:54:51+00:00\",\"dateModified\":\"2025-12-12T12:06:24+00:00\",\"description\":\"Firma KOGA Bau s.r.o. oferuje kompleksowe rozwi\u0105zania w zakresie odwodnie\u0144 most\u00f3w i wiadukt\u00f3w, obejmuj\u0105ce projektowanie, produkcj\u0119, dostaw\u0119 i monta\u017c. Wsp\u00f3\u0142pracujemy z projektantami i wykonawcami na S\u0142owacji, w Czechach i innych krajach UE, gwarantuj\u0105c jako\u015b\u0107 i d\u0142ugotrwa\u0142\u0105 trwa\u0142o\u015b\u0107 konstrukcji.\",\"breadcrumb\":{\"@id\":\"https:\/\/www.kogabau.sk\/pl\/o-nas\/#breadcrumb\"},\"inLanguage\":\"pl-PL\",\"potentialAction\":[{\"@type\":\"ReadAction\",\"target\":[\"https:\/\/www.kogabau.sk\/pl\/o-nas\/\"]}]},{\"@type\":\"ImageObject\",\"inLanguage\":\"pl-PL\",\"@id\":\"https:\/\/www.kogabau.sk\/pl\/o-nas\/#primaryimage\",\"url\":\"https:\/\/www.kogabau.sk\/wp-content\/uploads\/2025\/10\/kogabau-onas-1.png\",\"contentUrl\":\"https:\/\/www.kogabau.sk\/wp-content\/uploads\/2025\/10\/kogabau-onas-1.png\"},{\"@type\":\"BreadcrumbList\",\"@id\":\"https:\/\/www.kogabau.sk\/pl\/o-nas\/#breadcrumb\",\"itemListElement\":[{\"@type\":\"ListItem\",\"position\":1,\"name\":\"Home\",\"item\":\"https:\/\/www.kogabau.sk\/pl\/\"},{\"@type\":\"ListItem\",\"position\":2,\"name\":\"O nas\"}]},{\"@type\":\"WebSite\",\"@id\":\"https:\/\/www.kogabau.sk\/pl\/#website\",\"url\":\"https:\/\/www.kogabau.sk\/pl\/\",\"name\":\"KOGABAU\",\"description\":\"\",\"publisher\":{\"@id\":\"https:\/\/www.kogabau.sk\/pl\/#organization\"},\"potentialAction\":[{\"@type\":\"SearchAction\",\"target\":{\"@type\":\"EntryPoint\",\"urlTemplate\":\"https:\/\/www.kogabau.sk\/pl\/?s={search_term_string}\"},\"query-input\":{\"@type\":\"PropertyValueSpecification\",\"valueRequired\":true,\"valueName\":\"search_term_string\"}}],\"inLanguage\":\"pl-PL\"},{\"@type\":\"Organization\",\"@id\":\"https:\/\/www.kogabau.sk\/pl\/#organization\",\"name\":\"KOGABAU\",\"url\":\"https:\/\/www.kogabau.sk\/pl\/\",\"logo\":{\"@type\":\"ImageObject\",\"inLanguage\":\"pl-PL\",\"@id\":\"https:\/\/www.kogabau.sk\/pl\/#\/schema\/logo\/image\/\",\"url\":\"https:\/\/www.kogabau.sk\/wp-content\/uploads\/2021\/02\/KOGA-BAU-logo-cierne.png\",\"contentUrl\":\"https:\/\/www.kogabau.sk\/wp-content\/uploads\/2021\/02\/KOGA-BAU-logo-cierne.png\",\"width\":516,\"height\":66,\"caption\":\"KOGABAU\"},\"image\":{\"@id\":\"https:\/\/www.kogabau.sk\/pl\/#\/schema\/logo\/image\/\"}}]}<\/script>\n<!-- \/ Yoast SEO plugin. -->","yoast_head_json":{"title":"O nas | KOGA Bau \u2013 specjali\u015bci w odwodnieniach mostowych i budownictwie l\u0105dowym","description":"Firma KOGA Bau s.r.o. oferuje kompleksowe rozwi\u0105zania w zakresie odwodnie\u0144 most\u00f3w i wiadukt\u00f3w, obejmuj\u0105ce projektowanie, produkcj\u0119, dostaw\u0119 i monta\u017c. Wsp\u00f3\u0142pracujemy z projektantami i wykonawcami na S\u0142owacji, w Czechach i innych krajach UE, gwarantuj\u0105c jako\u015b\u0107 i d\u0142ugotrwa\u0142\u0105 trwa\u0142o\u015b\u0107 konstrukcji.","robots":{"index":"index","follow":"follow","max-snippet":"max-snippet:-1","max-image-preview":"max-image-preview:large","max-video-preview":"max-video-preview:-1"},"canonical":"https:\/\/www.kogabau.sk\/pl\/o-nas\/","og_locale":"pl_PL","og_type":"article","og_title":"O nas | KOGA Bau \u2013 specjali\u015bci w odwodnieniach mostowych i budownictwie l\u0105dowym","og_description":"Firma KOGA Bau s.r.o. oferuje kompleksowe rozwi\u0105zania w zakresie odwodnie\u0144 most\u00f3w i wiadukt\u00f3w, obejmuj\u0105ce projektowanie, produkcj\u0119, dostaw\u0119 i monta\u017c. Wsp\u00f3\u0142pracujemy z projektantami i wykonawcami na S\u0142owacji, w Czechach i innych krajach UE, gwarantuj\u0105c jako\u015b\u0107 i d\u0142ugotrwa\u0142\u0105 trwa\u0142o\u015b\u0107 konstrukcji.","og_url":"https:\/\/www.kogabau.sk\/pl\/o-nas\/","og_site_name":"KOGABAU","article_modified_time":"2025-12-12T12:06:24+00:00","og_image":[{"width":464,"height":464,"url":"https:\/\/www.kogabau.sk\/wp-content\/uploads\/2025\/10\/kogabau-onas-1.png","type":"image\/png"}],"twitter_card":"summary_large_image","twitter_misc":{"Szacowany czas czytania":"4 minuty"},"schema":{"@context":"https:\/\/schema.org","@graph":[{"@type":"WebPage","@id":"https:\/\/www.kogabau.sk\/pl\/o-nas\/","url":"https:\/\/www.kogabau.sk\/pl\/o-nas\/","name":"O nas | KOGA Bau \u2013 specjali\u015bci w odwodnieniach mostowych i budownictwie l\u0105dowym","isPartOf":{"@id":"https:\/\/www.kogabau.sk\/pl\/#website"},"primaryImageOfPage":{"@id":"https:\/\/www.kogabau.sk\/pl\/o-nas\/#primaryimage"},"image":{"@id":"https:\/\/www.kogabau.sk\/pl\/o-nas\/#primaryimage"},"thumbnailUrl":"https:\/\/www.kogabau.sk\/wp-content\/uploads\/2025\/10\/kogabau-onas-1.png","datePublished":"2025-05-06T16:54:51+00:00","dateModified":"2025-12-12T12:06:24+00:00","description":"Firma KOGA Bau s.r.o. oferuje kompleksowe rozwi\u0105zania w zakresie odwodnie\u0144 most\u00f3w i wiadukt\u00f3w, obejmuj\u0105ce projektowanie, produkcj\u0119, dostaw\u0119 i monta\u017c. Wsp\u00f3\u0142pracujemy z projektantami i wykonawcami na S\u0142owacji, w Czechach i innych krajach UE, gwarantuj\u0105c jako\u015b\u0107 i d\u0142ugotrwa\u0142\u0105 trwa\u0142o\u015b\u0107 konstrukcji.","breadcrumb":{"@id":"https:\/\/www.kogabau.sk\/pl\/o-nas\/#breadcrumb"},"inLanguage":"pl-PL","potentialAction":[{"@type":"ReadAction","target":["https:\/\/www.kogabau.sk\/pl\/o-nas\/"]}]},{"@type":"ImageObject","inLanguage":"pl-PL","@id":"https:\/\/www.kogabau.sk\/pl\/o-nas\/#primaryimage","url":"https:\/\/www.kogabau.sk\/wp-content\/uploads\/2025\/10\/kogabau-onas-1.png","contentUrl":"https:\/\/www.kogabau.sk\/wp-content\/uploads\/2025\/10\/kogabau-onas-1.png"},{"@type":"BreadcrumbList","@id":"https:\/\/www.kogabau.sk\/pl\/o-nas\/#breadcrumb","itemListElement":[{"@type":"ListItem","position":1,"name":"Home","item":"https:\/\/www.kogabau.sk\/pl\/"},{"@type":"ListItem","position":2,"name":"O nas"}]},{"@type":"WebSite","@id":"https:\/\/www.kogabau.sk\/pl\/#website","url":"https:\/\/www.kogabau.sk\/pl\/","name":"KOGABAU","description":"","publisher":{"@id":"https:\/\/www.kogabau.sk\/pl\/#organization"},"potentialAction":[{"@type":"SearchAction","target":{"@type":"EntryPoint","urlTemplate":"https:\/\/www.kogabau.sk\/pl\/?s={search_term_string}"},"query-input":{"@type":"PropertyValueSpecification","valueRequired":true,"valueName":"search_term_string"}}],"inLanguage":"pl-PL"},{"@type":"Organization","@id":"https:\/\/www.kogabau.sk\/pl\/#organization","name":"KOGABAU","url":"https:\/\/www.kogabau.sk\/pl\/","logo":{"@type":"ImageObject","inLanguage":"pl-PL","@id":"https:\/\/www.kogabau.sk\/pl\/#\/schema\/logo\/image\/","url":"https:\/\/www.kogabau.sk\/wp-content\/uploads\/2021\/02\/KOGA-BAU-logo-cierne.png","contentUrl":"https:\/\/www.kogabau.sk\/wp-content\/uploads\/2021\/02\/KOGA-BAU-logo-cierne.png","width":516,"height":66,"caption":"KOGABAU"},"image":{"@id":"https:\/\/www.kogabau.sk\/pl\/#\/schema\/logo\/image\/"}}]}},"_links":{"self":[{"href":"https:\/\/www.kogabau.sk\/pl\/wp-json\/wp\/v2\/pages\/6282","targetHints":{"allow":["GET"]}}],"collection":[{"href":"https:\/\/www.kogabau.sk\/pl\/wp-json\/wp\/v2\/pages"}],"about":[{"href":"https:\/\/www.kogabau.sk\/pl\/wp-json\/wp\/v2\/types\/page"}],"author":[{"embeddable":true,"href":"https:\/\/www.kogabau.sk\/pl\/wp-json\/wp\/v2\/users\/15"}],"replies":[{"embeddable":true,"href":"https:\/\/www.kogabau.sk\/pl\/wp-json\/wp\/v2\/comments?post=6282"}],"version-history":[{"count":4,"href":"https:\/\/www.kogabau.sk\/pl\/wp-json\/wp\/v2\/pages\/6282\/revisions"}],"predecessor-version":[{"id":8787,"href":"https:\/\/www.kogabau.sk\/pl\/wp-json\/wp\/v2\/pages\/6282\/revisions\/8787"}],"wp:attachment":[{"href":"https:\/\/www.kogabau.sk\/pl\/wp-json\/wp\/v2\/media?parent=6282"}],"curies":[{"name":"wp","href":"https:\/\/api.w.org\/{rel}","templated":true}]}}