{"id":6304,"date":"2025-10-12T20:43:24","date_gmt":"2025-10-12T18:43:24","guid":{"rendered":"https:\/\/www.kogabau.sk\/otava\/"},"modified":"2025-11-14T14:34:11","modified_gmt":"2025-11-14T13:34:11","slug":"otava","status":"publish","type":"page","link":"https:\/\/www.kogabau.sk\/pl\/otava\/","title":{"rendered":"Otava"},"content":{"rendered":"\t\t<div data-elementor-type=\"wp-page\" data-elementor-id=\"6304\" class=\"elementor elementor-6304 elementor-1482\" data-elementor-post-type=\"page\">\n\t\t\t\t\t\t<section class=\"elementor-section elementor-top-section elementor-element elementor-element-8c5cc58 elementor-section-boxed elementor-section-height-default elementor-section-height-default\" data-id=\"8c5cc58\" data-element_type=\"section\" data-settings=\"{&quot;background_background&quot;:&quot;classic&quot;}\">\n\t\t\t\t\t\t<div class=\"elementor-container elementor-column-gap-default\">\n\t\t\t\t\t<div class=\"elementor-column elementor-col-100 elementor-top-column elementor-element elementor-element-4c061b6\" data-id=\"4c061b6\" data-element_type=\"column\">\n\t\t\t<div class=\"elementor-widget-wrap elementor-element-populated\">\n\t\t\t\t\t\t<div class=\"elementor-element elementor-element-efc54a5 elementor-widget elementor-widget-spacer\" data-id=\"efc54a5\" data-element_type=\"widget\" data-widget_type=\"spacer.default\">\n\t\t\t\t<div class=\"elementor-widget-container\">\n\t\t\t\t\t\t\t<div class=\"elementor-spacer\">\n\t\t\t<div class=\"elementor-spacer-inner\"><\/div>\n\t\t<\/div>\n\t\t\t\t\t\t<\/div>\n\t\t\t\t<\/div>\n\t\t\t\t<div class=\"elementor-element elementor-element-db8ba8f elementor-widget elementor-widget-heading\" data-id=\"db8ba8f\" data-element_type=\"widget\" data-widget_type=\"heading.default\">\n\t\t\t\t<div class=\"elementor-widget-container\">\n\t\t\t\t\t<h1 class=\"elementor-heading-title elementor-size-default\">Otava\u00ae<\/h1>\t\t\t\t<\/div>\n\t\t\t\t<\/div>\n\t\t\t\t\t<\/div>\n\t\t<\/div>\n\t\t\t\t\t<\/div>\n\t\t<\/section>\n\t\t\t\t<section class=\"elementor-section elementor-top-section elementor-element elementor-element-6606034 elementor-reverse-tablet elementor-reverse-mobile elementor-section-boxed elementor-section-height-default elementor-section-height-default\" data-id=\"6606034\" data-element_type=\"section\" data-settings=\"{&quot;background_background&quot;:&quot;classic&quot;}\">\n\t\t\t\t\t\t<div class=\"elementor-container elementor-column-gap-default\">\n\t\t\t\t\t<div class=\"elementor-column elementor-col-50 elementor-top-column elementor-element elementor-element-ea36663\" data-id=\"ea36663\" data-element_type=\"column\">\n\t\t\t<div class=\"elementor-widget-wrap elementor-element-populated\">\n\t\t\t\t\t\t<div class=\"elementor-element elementor-element-b6169b0 elementor-widget elementor-widget-text-editor\" data-id=\"b6169b0\" data-element_type=\"widget\" data-widget_type=\"text-editor.default\">\n\t\t\t\t<div class=\"elementor-widget-container\">\n\t\t\t\t\t\t\t\t\t<p>Do przykrycia wlotu w\u0105wozu g\u00f3rskiego stosuje si\u0119 \u017celiwn\u0105 krat\u0119 wlotow\u0105 rynny g\u00f3rskiej o obci\u0105\u017ceniu C250 do 25 ton ze \u015brub\u0105 nierdzewn\u0105 M16 DIN 912 z gniazdem sze\u015bciok\u0105tnym.<\/p>\t\t\t\t\t\t\t\t<\/div>\n\t\t\t\t<\/div>\n\t\t\t\t\t<\/div>\n\t\t<\/div>\n\t\t\t\t<div class=\"elementor-column elementor-col-50 elementor-top-column elementor-element elementor-element-215eb55\" data-id=\"215eb55\" data-element_type=\"column\" data-settings=\"{&quot;background_background&quot;:&quot;classic&quot;}\">\n\t\t\t<div class=\"elementor-widget-wrap elementor-element-populated\">\n\t\t\t\t\t\t<div class=\"elementor-element elementor-element-4536708 elementor-widget elementor-widget-image\" data-id=\"4536708\" data-element_type=\"widget\" data-widget_type=\"image.default\">\n\t\t\t\t<div class=\"elementor-widget-container\">\n\t\t\t\t\t\t\t\t\t\t\t\t\t\t\t<img fetchpriority=\"high\" decoding=\"async\" width=\"575\" height=\"580\" src=\"https:\/\/www.kogabau.sk\/wp-content\/uploads\/2025\/10\/KoGaBau-Otava.png\" class=\"attachment-full size-full wp-image-5931\" alt=\"\" srcset=\"https:\/\/www.kogabau.sk\/wp-content\/uploads\/2025\/10\/KoGaBau-Otava.png 575w, https:\/\/www.kogabau.sk\/wp-content\/uploads\/2025\/10\/KoGaBau-Otava-297x300.png 297w, https:\/\/www.kogabau.sk\/wp-content\/uploads\/2025\/10\/KoGaBau-Otava-150x150.png 150w\" sizes=\"(max-width: 575px) 100vw, 575px\" \/>\t\t\t\t\t\t\t\t\t\t\t\t\t\t\t<\/div>\n\t\t\t\t<\/div>\n\t\t\t\t\t<\/div>\n\t\t<\/div>\n\t\t\t\t\t<\/div>\n\t\t<\/section>\n\t\t\t\t<section class=\"elementor-section elementor-top-section elementor-element elementor-element-4b223ff horizontale elementor-section-boxed elementor-section-height-default elementor-section-height-default\" data-id=\"4b223ff\" data-element_type=\"section\" data-settings=\"{&quot;background_background&quot;:&quot;classic&quot;}\">\n\t\t\t\t\t\t<div class=\"elementor-container elementor-column-gap-default\">\n\t\t\t\t\t<div class=\"elementor-column elementor-col-100 elementor-top-column elementor-element elementor-element-416554e\" data-id=\"416554e\" data-element_type=\"column\">\n\t\t\t<div class=\"elementor-widget-wrap elementor-element-populated\">\n\t\t\t\t\t\t<section class=\"elementor-section elementor-inner-section elementor-element elementor-element-5739ba3 elementor-section-boxed elementor-section-height-default elementor-section-height-default\" data-id=\"5739ba3\" data-element_type=\"section\" data-settings=\"{&quot;background_background&quot;:&quot;classic&quot;}\">\n\t\t\t\t\t\t<div class=\"elementor-container elementor-column-gap-default\">\n\t\t\t\t\t<div class=\"elementor-column elementor-col-50 elementor-inner-column elementor-element elementor-element-0c6eeca\" data-id=\"0c6eeca\" data-element_type=\"column\">\n\t\t\t<div class=\"elementor-widget-wrap elementor-element-populated\">\n\t\t\t\t\t\t<div class=\"elementor-element elementor-element-e4aa197 elementor-widget elementor-widget-heading\" data-id=\"e4aa197\" data-element_type=\"widget\" data-widget_type=\"heading.default\">\n\t\t\t\t<div class=\"elementor-widget-container\">\n\t\t\t\t\t<h2 class=\"elementor-heading-title elementor-size-default\">Waga (kg)<\/h2>\t\t\t\t<\/div>\n\t\t\t\t<\/div>\n\t\t\t\t\t<\/div>\n\t\t<\/div>\n\t\t\t\t<div class=\"elementor-column elementor-col-50 elementor-inner-column elementor-element elementor-element-d6daf47\" data-id=\"d6daf47\" data-element_type=\"column\">\n\t\t\t<div class=\"elementor-widget-wrap elementor-element-populated\">\n\t\t\t\t\t\t<div class=\"elementor-element elementor-element-6c61beb elementor-widget elementor-widget-text-editor\" data-id=\"6c61beb\" data-element_type=\"widget\" data-widget_type=\"text-editor.default\">\n\t\t\t\t<div class=\"elementor-widget-container\">\n\t\t\t\t\t\t\t\t\t<p>290<\/p>\t\t\t\t\t\t\t\t<\/div>\n\t\t\t\t<\/div>\n\t\t\t\t\t<\/div>\n\t\t<\/div>\n\t\t\t\t\t<\/div>\n\t\t<\/section>\n\t\t\t\t<section class=\"elementor-section elementor-inner-section elementor-element elementor-element-e3b13eb elementor-section-boxed elementor-section-height-default elementor-section-height-default\" data-id=\"e3b13eb\" data-element_type=\"section\" data-settings=\"{&quot;background_background&quot;:&quot;classic&quot;}\">\n\t\t\t\t\t\t<div class=\"elementor-container elementor-column-gap-default\">\n\t\t\t\t\t<div class=\"elementor-column elementor-col-50 elementor-inner-column elementor-element elementor-element-9fd9342\" data-id=\"9fd9342\" data-element_type=\"column\">\n\t\t\t<div class=\"elementor-widget-wrap elementor-element-populated\">\n\t\t\t\t\t\t<div class=\"elementor-element elementor-element-26f268b elementor-widget elementor-widget-heading\" data-id=\"26f268b\" data-element_type=\"widget\" data-widget_type=\"heading.default\">\n\t\t\t\t<div class=\"elementor-widget-container\">\n\t\t\t\t\t<h2 class=\"elementor-heading-title elementor-size-default\">Wysoko\u015b\u0107 (mm)<\/h2>\t\t\t\t<\/div>\n\t\t\t\t<\/div>\n\t\t\t\t\t<\/div>\n\t\t<\/div>\n\t\t\t\t<div class=\"elementor-column elementor-col-50 elementor-inner-column elementor-element elementor-element-f0b7609\" data-id=\"f0b7609\" data-element_type=\"column\">\n\t\t\t<div class=\"elementor-widget-wrap elementor-element-populated\">\n\t\t\t\t\t\t<div class=\"elementor-element elementor-element-06477da elementor-widget elementor-widget-text-editor\" data-id=\"06477da\" data-element_type=\"widget\" data-widget_type=\"text-editor.default\">\n\t\t\t\t<div class=\"elementor-widget-container\">\n\t\t\t\t\t\t\t\t\t<p>130<\/p>\t\t\t\t\t\t\t\t<\/div>\n\t\t\t\t<\/div>\n\t\t\t\t\t<\/div>\n\t\t<\/div>\n\t\t\t\t\t<\/div>\n\t\t<\/section>\n\t\t\t\t<section class=\"elementor-section elementor-inner-section elementor-element elementor-element-5b24655 elementor-section-boxed elementor-section-height-default elementor-section-height-default\" data-id=\"5b24655\" data-element_type=\"section\" data-settings=\"{&quot;background_background&quot;:&quot;classic&quot;}\">\n\t\t\t\t\t\t<div class=\"elementor-container elementor-column-gap-default\">\n\t\t\t\t\t<div class=\"elementor-column elementor-col-50 elementor-inner-column elementor-element elementor-element-7db6304\" data-id=\"7db6304\" data-element_type=\"column\">\n\t\t\t<div class=\"elementor-widget-wrap elementor-element-populated\">\n\t\t\t\t\t\t<div class=\"elementor-element elementor-element-0b0b965 elementor-widget elementor-widget-heading\" data-id=\"0b0b965\" data-element_type=\"widget\" data-widget_type=\"heading.default\">\n\t\t\t\t<div class=\"elementor-widget-container\">\n\t\t\t\t\t<h2 class=\"elementor-heading-title elementor-size-default\">Wymiar zewn\u0119trzny (mm x mm)<\/h2>\t\t\t\t<\/div>\n\t\t\t\t<\/div>\n\t\t\t\t\t<\/div>\n\t\t<\/div>\n\t\t\t\t<div class=\"elementor-column elementor-col-50 elementor-inner-column elementor-element elementor-element-67eca82\" data-id=\"67eca82\" data-element_type=\"column\">\n\t\t\t<div class=\"elementor-widget-wrap elementor-element-populated\">\n\t\t\t\t\t\t<div class=\"elementor-element elementor-element-23433c9 elementor-widget elementor-widget-text-editor\" data-id=\"23433c9\" data-element_type=\"widget\" data-widget_type=\"text-editor.default\">\n\t\t\t\t<div class=\"elementor-widget-container\">\n\t\t\t\t\t\t\t\t\t<p>815 x 1 415<\/p>\t\t\t\t\t\t\t\t<\/div>\n\t\t\t\t<\/div>\n\t\t\t\t\t<\/div>\n\t\t<\/div>\n\t\t\t\t\t<\/div>\n\t\t<\/section>\n\t\t\t\t<section class=\"elementor-section elementor-inner-section elementor-element elementor-element-5454e82 elementor-section-boxed elementor-section-height-default elementor-section-height-default\" data-id=\"5454e82\" data-element_type=\"section\" data-settings=\"{&quot;background_background&quot;:&quot;classic&quot;}\">\n\t\t\t\t\t\t<div class=\"elementor-container elementor-column-gap-default\">\n\t\t\t\t\t<div class=\"elementor-column elementor-col-50 elementor-inner-column elementor-element elementor-element-4971907\" data-id=\"4971907\" data-element_type=\"column\">\n\t\t\t<div class=\"elementor-widget-wrap elementor-element-populated\">\n\t\t\t\t\t\t<div class=\"elementor-element elementor-element-006dd23 elementor-widget elementor-widget-heading\" data-id=\"006dd23\" data-element_type=\"widget\" data-widget_type=\"heading.default\">\n\t\t\t\t<div class=\"elementor-widget-container\">\n\t\t\t\t\t<h2 class=\"elementor-heading-title elementor-size-default\">Wymiary \u015bwiat\u0142a (mm x mm)<\/h2>\t\t\t\t<\/div>\n\t\t\t\t<\/div>\n\t\t\t\t\t<\/div>\n\t\t<\/div>\n\t\t\t\t<div class=\"elementor-column elementor-col-50 elementor-inner-column elementor-element elementor-element-ddd5352\" data-id=\"ddd5352\" data-element_type=\"column\">\n\t\t\t<div class=\"elementor-widget-wrap elementor-element-populated\">\n\t\t\t\t\t\t<div class=\"elementor-element elementor-element-f626e65 elementor-widget elementor-widget-text-editor\" data-id=\"f626e65\" data-element_type=\"widget\" data-widget_type=\"text-editor.default\">\n\t\t\t\t<div class=\"elementor-widget-container\">\n\t\t\t\t\t\t\t\t\t<p>600 x 1 200<\/p>\t\t\t\t\t\t\t\t<\/div>\n\t\t\t\t<\/div>\n\t\t\t\t\t<\/div>\n\t\t<\/div>\n\t\t\t\t\t<\/div>\n\t\t<\/section>\n\t\t\t\t\t<\/div>\n\t\t<\/div>\n\t\t\t\t\t<\/div>\n\t\t<\/section>\n\t\t\t\t<\/div>\n\t\t","protected":false},"excerpt":{"rendered":"<p>Otava\u00ae Do przykrycia wlotu w\u0105wozu g\u00f3rskiego stosuje si\u0119 \u017celiwn\u0105 krat\u0119 wlotow\u0105 rynny g\u00f3rskiej o obci\u0105\u017ceniu C250 do 25 ton ze \u015brub\u0105 nierdzewn\u0105 M16 DIN 912 z gniazdem sze\u015bciok\u0105tnym. Waga (kg) 290 Wysoko\u015b\u0107 (mm) 130 Wymiar zewn\u0119trzny (mm x mm) 815 x 1 415 Wymiary \u015bwiat\u0142a (mm x mm) 600 x 1 200<\/p>\n","protected":false},"author":16,"featured_media":0,"parent":0,"menu_order":0,"comment_status":"closed","ping_status":"closed","template":"","meta":{"footnotes":""},"class_list":["post-6304","page","type-page","status-publish","hentry"],"yoast_head":"<!-- This site is optimized with the Yoast SEO plugin v26.2 - https:\/\/yoast.com\/wordpress\/plugins\/seo\/ -->\n<title>Otava\u00ae \u2013 \u017beliwna kratka wlotowa do odwodnie\u0144 g\u00f3rskich C250 | KOGA Bau<\/title>\n<meta name=\"description\" content=\"Otava\u00ae to solidna \u017celiwna kratka wlotowa do \u017cleb\u00f3w g\u00f3rskich o no\u015bno\u015bci C250 (do 25 ton). Wyposa\u017cona w \u015brub\u0119 M16 ze stali nierdzewnej, odpowiednia do bezpiecznego przykrycia \u017cleb\u00f3w g\u00f3rskich. Wymiary 815\u00d71415 mm, otw\u00f3r w \u015bwietle 600\u00d71200 mm. Niezawodne rozwi\u0105zanie firmy KOGA Bau.\" \/>\n<meta name=\"robots\" content=\"index, follow, max-snippet:-1, max-image-preview:large, max-video-preview:-1\" \/>\n<link rel=\"canonical\" href=\"https:\/\/www.kogabau.sk\/pl\/otava\/\" \/>\n<meta property=\"og:locale\" content=\"pl_PL\" \/>\n<meta property=\"og:type\" content=\"article\" \/>\n<meta property=\"og:title\" content=\"Otava\u00ae \u2013 \u017beliwna kratka wlotowa do odwodnie\u0144 g\u00f3rskich C250 | KOGA Bau\" \/>\n<meta property=\"og:description\" content=\"Otava\u00ae to solidna \u017celiwna kratka wlotowa do \u017cleb\u00f3w g\u00f3rskich o no\u015bno\u015bci C250 (do 25 ton). Wyposa\u017cona w \u015brub\u0119 M16 ze stali nierdzewnej, odpowiednia do bezpiecznego przykrycia \u017cleb\u00f3w g\u00f3rskich. Wymiary 815\u00d71415 mm, otw\u00f3r w \u015bwietle 600\u00d71200 mm. Niezawodne rozwi\u0105zanie firmy KOGA Bau.\" \/>\n<meta property=\"og:url\" content=\"https:\/\/www.kogabau.sk\/pl\/otava\/\" \/>\n<meta property=\"og:site_name\" content=\"KOGABAU\" \/>\n<meta property=\"article:modified_time\" content=\"2025-11-14T13:34:11+00:00\" \/>\n<meta property=\"og:image\" content=\"https:\/\/www.kogabau.sk\/wp-content\/uploads\/2025\/10\/KoGaBau-Otava.png\" \/>\n\t<meta property=\"og:image:width\" content=\"575\" \/>\n\t<meta property=\"og:image:height\" content=\"580\" \/>\n\t<meta property=\"og:image:type\" content=\"image\/png\" \/>\n<meta name=\"twitter:card\" content=\"summary_large_image\" \/>\n<script type=\"application\/ld+json\" class=\"yoast-schema-graph\">{\"@context\":\"https:\/\/schema.org\",\"@graph\":[{\"@type\":\"WebPage\",\"@id\":\"https:\/\/www.kogabau.sk\/pl\/otava\/\",\"url\":\"https:\/\/www.kogabau.sk\/pl\/otava\/\",\"name\":\"Otava\u00ae \u2013 \u017beliwna kratka wlotowa do odwodnie\u0144 g\u00f3rskich C250 | KOGA Bau\",\"isPartOf\":{\"@id\":\"https:\/\/www.kogabau.sk\/pl\/#website\"},\"primaryImageOfPage\":{\"@id\":\"https:\/\/www.kogabau.sk\/pl\/otava\/#primaryimage\"},\"image\":{\"@id\":\"https:\/\/www.kogabau.sk\/pl\/otava\/#primaryimage\"},\"thumbnailUrl\":\"https:\/\/www.kogabau.sk\/wp-content\/uploads\/2025\/10\/KoGaBau-Otava.png\",\"datePublished\":\"2025-10-12T18:43:24+00:00\",\"dateModified\":\"2025-11-14T13:34:11+00:00\",\"description\":\"Otava\u00ae to solidna \u017celiwna kratka wlotowa do \u017cleb\u00f3w g\u00f3rskich o no\u015bno\u015bci C250 (do 25 ton). Wyposa\u017cona w \u015brub\u0119 M16 ze stali nierdzewnej, odpowiednia do bezpiecznego przykrycia \u017cleb\u00f3w g\u00f3rskich. Wymiary 815\u00d71415 mm, otw\u00f3r w \u015bwietle 600\u00d71200 mm. Niezawodne rozwi\u0105zanie firmy KOGA Bau.\",\"breadcrumb\":{\"@id\":\"https:\/\/www.kogabau.sk\/pl\/otava\/#breadcrumb\"},\"inLanguage\":\"pl-PL\",\"potentialAction\":[{\"@type\":\"ReadAction\",\"target\":[\"https:\/\/www.kogabau.sk\/pl\/otava\/\"]}]},{\"@type\":\"ImageObject\",\"inLanguage\":\"pl-PL\",\"@id\":\"https:\/\/www.kogabau.sk\/pl\/otava\/#primaryimage\",\"url\":\"https:\/\/www.kogabau.sk\/wp-content\/uploads\/2025\/10\/KoGaBau-Otava.png\",\"contentUrl\":\"https:\/\/www.kogabau.sk\/wp-content\/uploads\/2025\/10\/KoGaBau-Otava.png\"},{\"@type\":\"BreadcrumbList\",\"@id\":\"https:\/\/www.kogabau.sk\/pl\/otava\/#breadcrumb\",\"itemListElement\":[{\"@type\":\"ListItem\",\"position\":1,\"name\":\"Home\",\"item\":\"https:\/\/www.kogabau.sk\/pl\/\"},{\"@type\":\"ListItem\",\"position\":2,\"name\":\"Otava\"}]},{\"@type\":\"WebSite\",\"@id\":\"https:\/\/www.kogabau.sk\/pl\/#website\",\"url\":\"https:\/\/www.kogabau.sk\/pl\/\",\"name\":\"KOGABAU\",\"description\":\"\",\"publisher\":{\"@id\":\"https:\/\/www.kogabau.sk\/pl\/#organization\"},\"potentialAction\":[{\"@type\":\"SearchAction\",\"target\":{\"@type\":\"EntryPoint\",\"urlTemplate\":\"https:\/\/www.kogabau.sk\/pl\/?s={search_term_string}\"},\"query-input\":{\"@type\":\"PropertyValueSpecification\",\"valueRequired\":true,\"valueName\":\"search_term_string\"}}],\"inLanguage\":\"pl-PL\"},{\"@type\":\"Organization\",\"@id\":\"https:\/\/www.kogabau.sk\/pl\/#organization\",\"name\":\"KOGABAU\",\"url\":\"https:\/\/www.kogabau.sk\/pl\/\",\"logo\":{\"@type\":\"ImageObject\",\"inLanguage\":\"pl-PL\",\"@id\":\"https:\/\/www.kogabau.sk\/pl\/#\/schema\/logo\/image\/\",\"url\":\"https:\/\/www.kogabau.sk\/wp-content\/uploads\/2021\/02\/KOGA-BAU-logo-cierne.png\",\"contentUrl\":\"https:\/\/www.kogabau.sk\/wp-content\/uploads\/2021\/02\/KOGA-BAU-logo-cierne.png\",\"width\":516,\"height\":66,\"caption\":\"KOGABAU\"},\"image\":{\"@id\":\"https:\/\/www.kogabau.sk\/pl\/#\/schema\/logo\/image\/\"}}]}<\/script>\n<!-- \/ Yoast SEO plugin. -->","yoast_head_json":{"title":"Otava\u00ae \u2013 \u017beliwna kratka wlotowa do odwodnie\u0144 g\u00f3rskich C250 | KOGA Bau","description":"Otava\u00ae to solidna \u017celiwna kratka wlotowa do \u017cleb\u00f3w g\u00f3rskich o no\u015bno\u015bci C250 (do 25 ton). Wyposa\u017cona w \u015brub\u0119 M16 ze stali nierdzewnej, odpowiednia do bezpiecznego przykrycia \u017cleb\u00f3w g\u00f3rskich. Wymiary 815\u00d71415 mm, otw\u00f3r w \u015bwietle 600\u00d71200 mm. Niezawodne rozwi\u0105zanie firmy KOGA Bau.","robots":{"index":"index","follow":"follow","max-snippet":"max-snippet:-1","max-image-preview":"max-image-preview:large","max-video-preview":"max-video-preview:-1"},"canonical":"https:\/\/www.kogabau.sk\/pl\/otava\/","og_locale":"pl_PL","og_type":"article","og_title":"Otava\u00ae \u2013 \u017beliwna kratka wlotowa do odwodnie\u0144 g\u00f3rskich C250 | KOGA Bau","og_description":"Otava\u00ae to solidna \u017celiwna kratka wlotowa do \u017cleb\u00f3w g\u00f3rskich o no\u015bno\u015bci C250 (do 25 ton). Wyposa\u017cona w \u015brub\u0119 M16 ze stali nierdzewnej, odpowiednia do bezpiecznego przykrycia \u017cleb\u00f3w g\u00f3rskich. Wymiary 815\u00d71415 mm, otw\u00f3r w \u015bwietle 600\u00d71200 mm. Niezawodne rozwi\u0105zanie firmy KOGA Bau.","og_url":"https:\/\/www.kogabau.sk\/pl\/otava\/","og_site_name":"KOGABAU","article_modified_time":"2025-11-14T13:34:11+00:00","og_image":[{"width":575,"height":580,"url":"https:\/\/www.kogabau.sk\/wp-content\/uploads\/2025\/10\/KoGaBau-Otava.png","type":"image\/png"}],"twitter_card":"summary_large_image","schema":{"@context":"https:\/\/schema.org","@graph":[{"@type":"WebPage","@id":"https:\/\/www.kogabau.sk\/pl\/otava\/","url":"https:\/\/www.kogabau.sk\/pl\/otava\/","name":"Otava\u00ae \u2013 \u017beliwna kratka wlotowa do odwodnie\u0144 g\u00f3rskich C250 | KOGA Bau","isPartOf":{"@id":"https:\/\/www.kogabau.sk\/pl\/#website"},"primaryImageOfPage":{"@id":"https:\/\/www.kogabau.sk\/pl\/otava\/#primaryimage"},"image":{"@id":"https:\/\/www.kogabau.sk\/pl\/otava\/#primaryimage"},"thumbnailUrl":"https:\/\/www.kogabau.sk\/wp-content\/uploads\/2025\/10\/KoGaBau-Otava.png","datePublished":"2025-10-12T18:43:24+00:00","dateModified":"2025-11-14T13:34:11+00:00","description":"Otava\u00ae to solidna \u017celiwna kratka wlotowa do \u017cleb\u00f3w g\u00f3rskich o no\u015bno\u015bci C250 (do 25 ton). Wyposa\u017cona w \u015brub\u0119 M16 ze stali nierdzewnej, odpowiednia do bezpiecznego przykrycia \u017cleb\u00f3w g\u00f3rskich. Wymiary 815\u00d71415 mm, otw\u00f3r w \u015bwietle 600\u00d71200 mm. Niezawodne rozwi\u0105zanie firmy KOGA Bau.","breadcrumb":{"@id":"https:\/\/www.kogabau.sk\/pl\/otava\/#breadcrumb"},"inLanguage":"pl-PL","potentialAction":[{"@type":"ReadAction","target":["https:\/\/www.kogabau.sk\/pl\/otava\/"]}]},{"@type":"ImageObject","inLanguage":"pl-PL","@id":"https:\/\/www.kogabau.sk\/pl\/otava\/#primaryimage","url":"https:\/\/www.kogabau.sk\/wp-content\/uploads\/2025\/10\/KoGaBau-Otava.png","contentUrl":"https:\/\/www.kogabau.sk\/wp-content\/uploads\/2025\/10\/KoGaBau-Otava.png"},{"@type":"BreadcrumbList","@id":"https:\/\/www.kogabau.sk\/pl\/otava\/#breadcrumb","itemListElement":[{"@type":"ListItem","position":1,"name":"Home","item":"https:\/\/www.kogabau.sk\/pl\/"},{"@type":"ListItem","position":2,"name":"Otava"}]},{"@type":"WebSite","@id":"https:\/\/www.kogabau.sk\/pl\/#website","url":"https:\/\/www.kogabau.sk\/pl\/","name":"KOGABAU","description":"","publisher":{"@id":"https:\/\/www.kogabau.sk\/pl\/#organization"},"potentialAction":[{"@type":"SearchAction","target":{"@type":"EntryPoint","urlTemplate":"https:\/\/www.kogabau.sk\/pl\/?s={search_term_string}"},"query-input":{"@type":"PropertyValueSpecification","valueRequired":true,"valueName":"search_term_string"}}],"inLanguage":"pl-PL"},{"@type":"Organization","@id":"https:\/\/www.kogabau.sk\/pl\/#organization","name":"KOGABAU","url":"https:\/\/www.kogabau.sk\/pl\/","logo":{"@type":"ImageObject","inLanguage":"pl-PL","@id":"https:\/\/www.kogabau.sk\/pl\/#\/schema\/logo\/image\/","url":"https:\/\/www.kogabau.sk\/wp-content\/uploads\/2021\/02\/KOGA-BAU-logo-cierne.png","contentUrl":"https:\/\/www.kogabau.sk\/wp-content\/uploads\/2021\/02\/KOGA-BAU-logo-cierne.png","width":516,"height":66,"caption":"KOGABAU"},"image":{"@id":"https:\/\/www.kogabau.sk\/pl\/#\/schema\/logo\/image\/"}}]}},"_links":{"self":[{"href":"https:\/\/www.kogabau.sk\/pl\/wp-json\/wp\/v2\/pages\/6304","targetHints":{"allow":["GET"]}}],"collection":[{"href":"https:\/\/www.kogabau.sk\/pl\/wp-json\/wp\/v2\/pages"}],"about":[{"href":"https:\/\/www.kogabau.sk\/pl\/wp-json\/wp\/v2\/types\/page"}],"author":[{"embeddable":true,"href":"https:\/\/www.kogabau.sk\/pl\/wp-json\/wp\/v2\/users\/16"}],"replies":[{"embeddable":true,"href":"https:\/\/www.kogabau.sk\/pl\/wp-json\/wp\/v2\/comments?post=6304"}],"version-history":[{"count":4,"href":"https:\/\/www.kogabau.sk\/pl\/wp-json\/wp\/v2\/pages\/6304\/revisions"}],"predecessor-version":[{"id":7703,"href":"https:\/\/www.kogabau.sk\/pl\/wp-json\/wp\/v2\/pages\/6304\/revisions\/7703"}],"wp:attachment":[{"href":"https:\/\/www.kogabau.sk\/pl\/wp-json\/wp\/v2\/media?parent=6304"}],"curies":[{"name":"wp","href":"https:\/\/api.w.org\/{rel}","templated":true}]}}